{"id":1008,"date":"2024-02-19T17:16:58","date_gmt":"2024-02-19T17:16:58","guid":{"rendered":"https:\/\/usa-b2.com\/?page_id=1008"},"modified":"2025-02-06T10:06:37","modified_gmt":"2025-02-06T10:06:37","slug":"politique-de-confidentialite","status":"publish","type":"page","link":"https:\/\/usa-b2.com\/fr\/politique-de-confidentialite\/","title":{"rendered":"Politique de confidentialit\u00e9"},"content":{"rendered":"\n<h1 class=\"wp-block-heading\">Notre politique en mati\u00e8re de confidentialit\u00e9<\/h1>\n\n\n\n<p>usa-b2.com est un site d\u2019information sur les road-trip possibles aux Etats Unis. Le site ne propose aucun service en ligne. Le seul formulaire du site est son <a href=\"https:\/\/usa-b2.com\/fr\/contact\/\">formulaire de contact<\/a>.<\/p>\n\n\n\n<h2 class=\"wp-block-heading\">La collecte d\u2019informations sur le site<\/h2>\n\n\n\n<p>Voici la liste des informations personnelles qui peuvent \u00eatre collect\u00e9s sur notre site :<\/p>\n\n\n\n<ul class=\"wp-block-list\">\n<li>Les informations de votre ordinateur, et donc votre adresse IP, votre localisation, votre navigateur, votre syst\u00e8me d\u2019exploitation ;<\/li>\n\n\n\n<li>Des informations de contact lorsque vous adressez un email \u00e0 notre \u00e9quipe support comme votre nom, pr\u00e9nom, email. Les informations contenues dans les e-mails que vous nous adressez.<\/li>\n<\/ul>\n\n\n\n<h2 class=\"wp-block-heading\">Utilisation des donn\u00e9es collect\u00e9es<\/h2>\n\n\n\n<p>Nous ne fournissons en aucun cas vos informations personnelles \u00e0 des tierces parties. Nous n\u2019avons aucun usage de marketing direct ou commercial avec les donn\u00e9es collect\u00e9es.<\/p>\n\n\n\n<h2 class=\"wp-block-heading\">Dur\u00e9e de conservation des donn\u00e9es<\/h2>\n\n\n\n<p>Les donn\u00e9es collect\u00e9es sont r\u00e9guli\u00e8rement effac\u00e9es, cela signifie que nous ne conservons aucun contenu d\u2019e-mail qui nous a \u00e9t\u00e9 transmis au del\u00e0 d\u2019une dur\u00e9e d\u2019un mois. Nous n\u2019avons aucun usage marketing des donn\u00e9es de navigation.<\/p>\n\n\n\n<h2 class=\"wp-block-heading\">Vos droits en mati\u00e8re de donn\u00e9es personnelles<\/h2>\n\n\n\n<p>Vous avez le droit de nous r\u00e9clamer de vous transmettre toute information personnelle que nous avons sur vous ; Cette transmission pourra se faire sur pr\u00e9sentation d\u2019un preuve de votre identit\u00e9 (photocopie de passeport certifi\u00e9e + facture indiquant votre adresse personnelle).<\/p>\n\n\n\n<h2 class=\"wp-block-heading\">Mise \u00e0 jour de cette politique de confidentialit\u00e9<\/h2>\n\n\n\n<p>R\u00e9guli\u00e8rement nous mettons \u00e0 jour cette politique. Il est n\u00e9cessaire de v\u00e9rifier cette page lors de l\u2019utilisation du site pour conna\u00eetre les changements en mati\u00e8re de confidentialit\u00e9 des donn\u00e9es personnelles.<\/p>\n\n\n\n<h2 class=\"wp-block-heading\">Liens contextuels vers des sites web tiers<\/h2>\n\n\n\n<p>Notre site Internet contient des liens hypertextes menant vers des sites web tiers. Nous n\u2019avons aucun contr\u00f4le sur ces sites, et ne sommes pas responsables de leurs politiques de confidentialit\u00e9 ni de leurs pratiques commerciales ou marketing.<\/p>\n\n\n\n<p><\/p>\n","protected":false},"excerpt":{"rendered":"<p>Notre politique en mati\u00e8re de confidentialit\u00e9 usa-b2.com est un site d\u2019information sur les road-trip possibles aux Etats Unis. Le site ne propose aucun service en ligne. Le seul formulaire du site est son formulaire de contact. La collecte d\u2019informations sur le site Voici la liste des informations personnelles qui peuvent \u00eatre collect\u00e9s sur notre site [&hellip;]<\/p>\n","protected":false},"author":1,"featured_media":0,"parent":0,"menu_order":0,"comment_status":"closed","ping_status":"closed","template":"","meta":{"footnotes":""},"class_list":["post-1008","page","type-page","status-publish","hentry"],"yoast_head":"<!-- This site is optimized with the Yoast SEO plugin v27.0 - https:\/\/yoast.com\/product\/yoast-seo-wordpress\/ -->\n<title>Politique de confidentialit\u00e9 - USA B2<\/title>\n<meta name=\"description\" content=\"Politique de confidentialit\u00e9 du site usa-b2.com\" \/>\n<meta name=\"robots\" content=\"noindex, nofollow\" \/>\n<meta property=\"og:locale\" content=\"fr_FR\" \/>\n<meta property=\"og:type\" content=\"article\" \/>\n<meta property=\"og:title\" content=\"Politique de confidentialit\u00e9 - USA B2\" \/>\n<meta property=\"og:description\" content=\"Politique de confidentialit\u00e9 du site usa-b2.com\" \/>\n<meta property=\"og:url\" content=\"https:\/\/usa-b2.com\/fr\/politique-de-confidentialite\/\" \/>\n<meta property=\"og:site_name\" content=\"USA B2\" \/>\n<meta property=\"article:modified_time\" content=\"2025-02-06T10:06:37+00:00\" \/>\n<meta name=\"twitter:card\" content=\"summary_large_image\" \/>\n<meta name=\"twitter:label1\" content=\"Dur\u00e9e de lecture estim\u00e9e\" \/>\n\t<meta name=\"twitter:data1\" content=\"2 minutes\" \/>\n<script type=\"application\/ld+json\" class=\"yoast-schema-graph\">{\"@context\":\"https:\/\/schema.org\",\"@graph\":[{\"@type\":\"WebPage\",\"@id\":\"https:\/\/usa-b2.com\/fr\/politique-de-confidentialite\/\",\"url\":\"https:\/\/usa-b2.com\/fr\/politique-de-confidentialite\/\",\"name\":\"Politique de confidentialit\u00e9 - USA B2\",\"isPartOf\":{\"@id\":\"https:\/\/usa-b2.com\/fr\/#website\"},\"datePublished\":\"2024-02-19T17:16:58+00:00\",\"dateModified\":\"2025-02-06T10:06:37+00:00\",\"description\":\"Politique de confidentialit\u00e9 du site usa-b2.com\",\"breadcrumb\":{\"@id\":\"https:\/\/usa-b2.com\/fr\/politique-de-confidentialite\/#breadcrumb\"},\"inLanguage\":\"fr-FR\",\"potentialAction\":[{\"@type\":\"ReadAction\",\"target\":[\"https:\/\/usa-b2.com\/fr\/politique-de-confidentialite\/\"]}]},{\"@type\":\"BreadcrumbList\",\"@id\":\"https:\/\/usa-b2.com\/fr\/politique-de-confidentialite\/#breadcrumb\",\"itemListElement\":[{\"@type\":\"ListItem\",\"position\":1,\"name\":\"Accueil\",\"item\":\"https:\/\/usa-b2.com\/fr\/\"},{\"@type\":\"ListItem\",\"position\":2,\"name\":\"Politique de confidentialit\u00e9\"}]},{\"@type\":\"WebSite\",\"@id\":\"https:\/\/usa-b2.com\/fr\/#website\",\"url\":\"https:\/\/usa-b2.com\/fr\/\",\"name\":\"USA B2 VISA\",\"description\":\"\",\"potentialAction\":[{\"@type\":\"SearchAction\",\"target\":{\"@type\":\"EntryPoint\",\"urlTemplate\":\"https:\/\/usa-b2.com\/fr\/?s={search_term_string}\"},\"query-input\":{\"@type\":\"PropertyValueSpecification\",\"valueRequired\":true,\"valueName\":\"search_term_string\"}}],\"inLanguage\":\"fr-FR\"}]}<\/script>\n<!-- \/ Yoast SEO plugin. -->","yoast_head_json":{"title":"Politique de confidentialit\u00e9 - USA B2","description":"Politique de confidentialit\u00e9 du site usa-b2.com","robots":{"index":"noindex","follow":"nofollow"},"og_locale":"fr_FR","og_type":"article","og_title":"Politique de confidentialit\u00e9 - USA B2","og_description":"Politique de confidentialit\u00e9 du site usa-b2.com","og_url":"https:\/\/usa-b2.com\/fr\/politique-de-confidentialite\/","og_site_name":"USA B2","article_modified_time":"2025-02-06T10:06:37+00:00","twitter_card":"summary_large_image","twitter_misc":{"Dur\u00e9e de lecture estim\u00e9e":"2 minutes"},"schema":{"@context":"https:\/\/schema.org","@graph":[{"@type":"WebPage","@id":"https:\/\/usa-b2.com\/fr\/politique-de-confidentialite\/","url":"https:\/\/usa-b2.com\/fr\/politique-de-confidentialite\/","name":"Politique de confidentialit\u00e9 - USA B2","isPartOf":{"@id":"https:\/\/usa-b2.com\/fr\/#website"},"datePublished":"2024-02-19T17:16:58+00:00","dateModified":"2025-02-06T10:06:37+00:00","description":"Politique de confidentialit\u00e9 du site usa-b2.com","breadcrumb":{"@id":"https:\/\/usa-b2.com\/fr\/politique-de-confidentialite\/#breadcrumb"},"inLanguage":"fr-FR","potentialAction":[{"@type":"ReadAction","target":["https:\/\/usa-b2.com\/fr\/politique-de-confidentialite\/"]}]},{"@type":"BreadcrumbList","@id":"https:\/\/usa-b2.com\/fr\/politique-de-confidentialite\/#breadcrumb","itemListElement":[{"@type":"ListItem","position":1,"name":"Accueil","item":"https:\/\/usa-b2.com\/fr\/"},{"@type":"ListItem","position":2,"name":"Politique de confidentialit\u00e9"}]},{"@type":"WebSite","@id":"https:\/\/usa-b2.com\/fr\/#website","url":"https:\/\/usa-b2.com\/fr\/","name":"USA B2 VISA","description":"","potentialAction":[{"@type":"SearchAction","target":{"@type":"EntryPoint","urlTemplate":"https:\/\/usa-b2.com\/fr\/?s={search_term_string}"},"query-input":{"@type":"PropertyValueSpecification","valueRequired":true,"valueName":"search_term_string"}}],"inLanguage":"fr-FR"}]}},"_links":{"self":[{"href":"https:\/\/usa-b2.com\/fr\/wp-json\/wp\/v2\/pages\/1008","targetHints":{"allow":["GET"]}}],"collection":[{"href":"https:\/\/usa-b2.com\/fr\/wp-json\/wp\/v2\/pages"}],"about":[{"href":"https:\/\/usa-b2.com\/fr\/wp-json\/wp\/v2\/types\/page"}],"author":[{"embeddable":true,"href":"https:\/\/usa-b2.com\/fr\/wp-json\/wp\/v2\/users\/1"}],"replies":[{"embeddable":true,"href":"https:\/\/usa-b2.com\/fr\/wp-json\/wp\/v2\/comments?post=1008"}],"version-history":[{"count":0,"href":"https:\/\/usa-b2.com\/fr\/wp-json\/wp\/v2\/pages\/1008\/revisions"}],"wp:attachment":[{"href":"https:\/\/usa-b2.com\/fr\/wp-json\/wp\/v2\/media?parent=1008"}],"curies":[{"name":"wp","href":"https:\/\/api.w.org\/{rel}","templated":true}]}}