{"id":9706,"date":"2025-08-28T16:20:16","date_gmt":"2025-08-28T16:20:16","guid":{"rendered":"https:\/\/usa-b2.com\/viisumi-b1-b2-brasilialaisille\/"},"modified":"2025-09-13T07:31:08","modified_gmt":"2025-09-13T07:31:08","slug":"viisumi-b1-b2-brasilialaisille","status":"publish","type":"page","link":"https:\/\/usa-b2.com\/fi\/viisumi-b1-b2-brasilialaisille\/","title":{"rendered":"B1\/B2-viisumi brasilialaisille matkustajille"},"content":{"rendered":"\n<h1 class=\"wp-block-heading\">B1\/B2-viisumi Yhdysvaltoihin matkustaville brasilialaisille<\/h1>\n\n<p>B1\/B2-viisumi brasilialaisille on yksi suosituimmista viisumeista Yhdysvaltoihin matkailua, liike- tai perhevierailuja varten. Toisin kuin <a href=\"https:\/\/usa-b2.com\/fi\/viisumivapausohjelma\/\">tiettyjen maiden kansalaiset , jotka on vapautettu viisumipakosta<\/a> ESTA-ohjelman ansiosta, Brasilian kansalaisten on k\u00e4yt\u00e4v\u00e4 l\u00e4pi t\u00e4m\u00e4 menettely. <\/p>\n\n<h2 class=\"wp-block-heading\">Mik\u00e4 on B1\/B2-viisumi?<\/h2>\n\n<p><a href=\"https:\/\/usa-b2.com\/fi\/yhdysvaltain-b1-b2-viisumi\/\">B1\/B2-viisumi<\/a> on yleisimmin my\u00f6nnetty asiakirja Brasilian kansalaisille, jotka haluavat matkustaa Yhdysvaltoihin. Siin\u00e4 yhdistyv\u00e4t kaksi erillist\u00e4 k\u00e4ytt\u00f6tarkoitusta yhteen lupaan:   <\/p>\n\n<ul class=\"wp-block-list\">\n<li><a href=\"https:\/\/usa-b2.com\/fi\/b1-viisumi\/\">B1-viisumi<\/a> on tarkoitettu liikematkustamiseen. Sen avulla voit osallistua konferenssiin, tavata kumppaneita tai neuvotella sopimuksesta. <\/li>\n\n\n\n<li><a href=\"https:\/\/usa-b2.com\/fi\/b2-viisumi\/\">B2-viisumi<\/a> on tarkoitettu matkailuun, lomailuun tai perhevierailuihin. Monille brasilialaisille t\u00e4m\u00e4 viisumi on portti Yhdysvaltoihin, olipa kyse sitten maahan tutustumisesta, ammatillisen hankkeen kehitt\u00e4misest\u00e4 tai vain sukulaisten vierailusta. <\/li>\n<\/ul>\n\n<div style=\"height:10px\" aria-hidden=\"true\" class=\"wp-block-spacer\"><\/div>\n\n<h2 class=\"wp-block-heading\">B1\/B2-viisumin hakemiseen Brasiliassa liittyv\u00e4t vaiheet<\/h2>\n\n<p>Seuraavassa on lueteltu B1\/B2-viisumin hakemiseen Brasiliassa liittyv\u00e4t t\u00e4rkeimm\u00e4t vaiheet:<\/p>\n\n<ol class=\"wp-block-list\">\n<li>T\u00e4yt\u00e4 <a href=\"https:\/\/usa-b2.com\/fi\/ds-160\/\">lomake DS-160<\/a> verkossa.<\/li>\n\n\n\n<li>Maksa <a href=\"https:\/\/usa-b2.com\/fi\/b2-usa-viisumimaksut\/\">viisumimaksu<\/a> (noin 185 Yhdysvaltain dollaria vuonna 2025).<\/li>\n\n\n\n<li>Luo profiili <a href=\"https:\/\/www.state.gov\/\">Yhdysvaltain ulkoministeri\u00f6n viralliselle verkkosivustolle<\/a>.<\/li>\n\n\n\n<li>Varaa aika <a href=\"https:\/\/ais.usvisa-info.com\/pt-br\/niv\/information\/asc\">CASV:<\/a> st\u00e4 (Centro de Atendimento ao Solicitante de Visto).<\/li>\n\n\n\n<li>Osallistu <a href=\"https:\/\/usa-b2.com\/fi\/usa-suurlahetyston-viisumivaraus\/\">haastatteluun Yhdysvaltain suurl\u00e4hetyst\u00f6ss\u00e4<\/a> (S\u00e3o Paulo, Rio de Janeiro, Bras\u00edlia, Recife). T\u00e4ss\u00e4 haastattelussa konsulivirkailija arvioi, onko hakijalla takeita Brasiliaan palaamisesta, kuten vakituinen ty\u00f6paikka, vankat perhesiteet tai todisteet taloudellisesta maksukyvyst\u00e4. <\/li>\n\n\n\n<li>Ota viisumi vastaan ja liit\u00e4 se <a href=\"https:\/\/usa-b2.com\/fi\/passi-yhdysvaltoihin-matkustamista-varten\/\">passiisi, jotta voit matkustaa Yhdysvaltoihin<\/a>.<\/li>\n<\/ol>\n\n<div style=\"height:10px\" aria-hidden=\"true\" class=\"wp-block-spacer\"><\/div>\n\n<h2 class=\"wp-block-heading\">B1\/B2-viisumin hakemiseen tarvittavat asiakirjat<\/h2>\n\n<ul class=\"wp-block-list\">\n<li>Voimassa oleva Brasilian passi.<\/li>\n\n\n\n<li>DS-160 vahvistussivu.<\/li>\n\n\n\n<li>Nimityksen vahvistus.<\/li>\n\n\n\n<li>Kuva on Yhdysvaltain vaatimusten mukainen.<\/li>\n\n\n\n<li>Taloudelliset asiakirjat (tiliotteet, palkkatodistukset).<\/li>\n\n\n\n<li>Todisteet vahvoista siteist\u00e4 Brasiliaan (ty\u00f6sopimus, omaisuus, perhe).<\/li>\n<\/ul>\n\n<div style=\"height:10px\" aria-hidden=\"true\" class=\"wp-block-spacer\"><\/div>\n\n<h2 class=\"wp-block-heading\">B1\/B2-viisumin voimassaoloaika ja kesto brasilialaisia varten<\/h2>\n\n<p>Kun <a href=\"https:\/\/usa-b2.com\/fi\/yhdysvaltain-b1-b2-viisumi\/\">B1\/B2-viisumi<\/a> on saatu, se on yleens\u00e4 voimassa kymmenen vuotta, joten se on eritt\u00e4in k\u00e4yt\u00e4nn\u00f6llinen asiakirja usein matkustaville. Kunkin Yhdysvaltoihin saapumisen yhteydess\u00e4 voi oleskella siell\u00e4 enint\u00e4\u00e4n kuusi kuukautta, mutta tarkan keston p\u00e4\u00e4tt\u00e4\u00e4 maahanmuuttovirkailija saapumisen yhteydess\u00e4. Siksi on t\u00e4rke\u00e4\u00e4 valmistautua matkaan ja pysty\u00e4 selitt\u00e4m\u00e4\u00e4n selke\u00e4sti oleskelusi syy ja se, kuinka kauan aiot viipy\u00e4.  <\/p>\n\n<h2 class=\"wp-block-heading\">FAQ &#8211; B1\/B2-viisumi brasilialaisille<\/h2>\n\n<div class=\"schema-faq wp-block-yoast-faq-block\"><div class=\"schema-faq-section\" id=\"faq-question-1757684919058\"><strong class=\"schema-faq-question\">Voinko ty\u00f6skennell\u00e4 B1\/B2-viisumilla?<\/strong> <p class=\"schema-faq-answer\">Ei, t\u00e4m\u00e4 viisumi on voimassa vain matkailuun ja maksuttomaan liiketoimintaan.<\/p> <\/div> <div class=\"schema-faq-section\" id=\"faq-question-1757684934633\"><strong class=\"schema-faq-question\">Onko minun puhuttava englantia haastattelussa?<\/strong> <p class=\"schema-faq-answer\">Ei, haastattelut tehd\u00e4\u00e4n portugaliksi.<\/p> <\/div> <div class=\"schema-faq-section\" id=\"faq-question-1757684946100\"><strong class=\"schema-faq-question\">Kuinka kauan viisumin saaminen kest\u00e4\u00e4?<\/strong> <p class=\"schema-faq-answer\">Keskim\u00e4\u00e4r\u00e4inen l\u00e4pimenoaika vaihtelee 2-6 viikon v\u00e4lill\u00e4 riippuen tapaamisten saatavuudesta.<\/p> <\/div> <\/div>\n","protected":false},"excerpt":{"rendered":"<p>B1\/B2-viisumi Yhdysvaltoihin matkustaville brasilialaisille B1\/B2-viisumi brasilialaisille on yksi suosituimmista viisumeista Yhdysvaltoihin matkailua, liike- tai perhevierailuja varten. Toisin kuin tiettyjen maiden kansalaiset , jotka on vapautettu viisumipakosta ESTA-ohjelman ansiosta, Brasilian kansalaisten on k\u00e4yt\u00e4v\u00e4 l\u00e4pi t\u00e4m\u00e4 menettely. Mik\u00e4 on B1\/B2-viisumi? B1\/B2-viisumi on yleisimmin my\u00f6nnetty asiakirja Brasilian kansalaisille, jotka haluavat matkustaa Yhdysvaltoihin. Siin\u00e4 yhdistyv\u00e4t kaksi erillist\u00e4 k\u00e4ytt\u00f6tarkoitusta yhteen [&hellip;]<\/p>\n","protected":false},"author":1,"featured_media":0,"parent":0,"menu_order":0,"comment_status":"closed","ping_status":"closed","template":"","meta":{"footnotes":""},"class_list":["post-9706","page","type-page","status-publish","hentry"],"yoast_head":"<!-- This site is optimized with the Yoast SEO plugin v27.4 - https:\/\/yoast.com\/product\/yoast-seo-wordpress\/ -->\n<title>B1\/B2-viisumi brasilialaisille matkustajille - USA B2<\/title>\n<meta name=\"description\" content=\"Kaikki mit\u00e4 sinun tarvitsee tiet\u00e4\u00e4 B1\/B2-viisumista Brasilian matkustajille: menettelyt, haastattelu, asiakirjat ja k\u00e4yt\u00e4nn\u00f6n neuvoja.\" \/>\n<meta name=\"robots\" content=\"index, follow, max-snippet:-1, max-image-preview:large, max-video-preview:-1\" \/>\n<link rel=\"canonical\" href=\"https:\/\/usa-b2.com\/fi\/viisumi-b1-b2-brasilialaisille\/\" \/>\n<meta property=\"og:locale\" content=\"fi_FI\" \/>\n<meta property=\"og:type\" content=\"article\" \/>\n<meta property=\"og:title\" content=\"B1\/B2-viisumi brasilialaisille matkustajille - USA B2\" \/>\n<meta property=\"og:description\" content=\"Kaikki mit\u00e4 sinun tarvitsee tiet\u00e4\u00e4 B1\/B2-viisumista Brasilian matkustajille: menettelyt, haastattelu, asiakirjat ja k\u00e4yt\u00e4nn\u00f6n neuvoja.\" \/>\n<meta property=\"og:url\" content=\"https:\/\/usa-b2.com\/fi\/viisumi-b1-b2-brasilialaisille\/\" \/>\n<meta property=\"og:site_name\" content=\"USA B2\" \/>\n<meta property=\"article:modified_time\" content=\"2025-09-13T07:31:08+00:00\" \/>\n<meta name=\"twitter:card\" content=\"summary_large_image\" \/>\n<meta name=\"twitter:label1\" content=\"Arvioitu lukuaika\" \/>\n\t<meta name=\"twitter:data1\" content=\"2 minuuttia\" \/>\n<script type=\"application\/ld+json\" class=\"yoast-schema-graph\">{\"@context\":\"https:\\\/\\\/schema.org\",\"@graph\":[{\"@type\":[\"WebPage\",\"FAQPage\"],\"@id\":\"https:\\\/\\\/usa-b2.com\\\/fi\\\/viisumi-b1-b2-brasilialaisille\\\/\",\"url\":\"https:\\\/\\\/usa-b2.com\\\/fi\\\/viisumi-b1-b2-brasilialaisille\\\/\",\"name\":\"B1\\\/B2-viisumi brasilialaisille matkustajille - USA B2\",\"isPartOf\":{\"@id\":\"https:\\\/\\\/usa-b2.com\\\/fi\\\/#website\"},\"datePublished\":\"2025-08-28T16:20:16+00:00\",\"dateModified\":\"2025-09-13T07:31:08+00:00\",\"description\":\"Kaikki mit\u00e4 sinun tarvitsee tiet\u00e4\u00e4 B1\\\/B2-viisumista Brasilian matkustajille: menettelyt, haastattelu, asiakirjat ja k\u00e4yt\u00e4nn\u00f6n neuvoja.\",\"breadcrumb\":{\"@id\":\"https:\\\/\\\/usa-b2.com\\\/fi\\\/viisumi-b1-b2-brasilialaisille\\\/#breadcrumb\"},\"mainEntity\":[{\"@id\":\"https:\\\/\\\/usa-b2.com\\\/fi\\\/viisumi-b1-b2-brasilialaisille\\\/#faq-question-1757684919058\"},{\"@id\":\"https:\\\/\\\/usa-b2.com\\\/fi\\\/viisumi-b1-b2-brasilialaisille\\\/#faq-question-1757684934633\"},{\"@id\":\"https:\\\/\\\/usa-b2.com\\\/fi\\\/viisumi-b1-b2-brasilialaisille\\\/#faq-question-1757684946100\"}],\"inLanguage\":\"fi\",\"potentialAction\":[{\"@type\":\"ReadAction\",\"target\":[\"https:\\\/\\\/usa-b2.com\\\/fi\\\/viisumi-b1-b2-brasilialaisille\\\/\"]}]},{\"@type\":\"BreadcrumbList\",\"@id\":\"https:\\\/\\\/usa-b2.com\\\/fi\\\/viisumi-b1-b2-brasilialaisille\\\/#breadcrumb\",\"itemListElement\":[{\"@type\":\"ListItem\",\"position\":1,\"name\":\"Accueil\",\"item\":\"https:\\\/\\\/usa-b2.com\\\/fi\\\/usa\\\/\"},{\"@type\":\"ListItem\",\"position\":2,\"name\":\"B1\\\/B2-viisumi brasilialaisille matkustajille\"}]},{\"@type\":\"WebSite\",\"@id\":\"https:\\\/\\\/usa-b2.com\\\/fi\\\/#website\",\"url\":\"https:\\\/\\\/usa-b2.com\\\/fi\\\/\",\"name\":\"USA B2 VISA\",\"description\":\"\",\"potentialAction\":[{\"@type\":\"SearchAction\",\"target\":{\"@type\":\"EntryPoint\",\"urlTemplate\":\"https:\\\/\\\/usa-b2.com\\\/fi\\\/?s={search_term_string}\"},\"query-input\":{\"@type\":\"PropertyValueSpecification\",\"valueRequired\":true,\"valueName\":\"search_term_string\"}}],\"inLanguage\":\"fi\"},{\"@type\":\"Question\",\"@id\":\"https:\\\/\\\/usa-b2.com\\\/fi\\\/viisumi-b1-b2-brasilialaisille\\\/#faq-question-1757684919058\",\"position\":1,\"url\":\"https:\\\/\\\/usa-b2.com\\\/fi\\\/viisumi-b1-b2-brasilialaisille\\\/#faq-question-1757684919058\",\"name\":\"Voinko ty\u00f6skennell\u00e4 B1\\\/B2-viisumilla?\",\"answerCount\":1,\"acceptedAnswer\":{\"@type\":\"Answer\",\"text\":\"Ei, t\u00e4m\u00e4 viisumi on voimassa vain matkailuun ja maksuttomaan liiketoimintaan.\",\"inLanguage\":\"fi\"},\"inLanguage\":\"fi\"},{\"@type\":\"Question\",\"@id\":\"https:\\\/\\\/usa-b2.com\\\/fi\\\/viisumi-b1-b2-brasilialaisille\\\/#faq-question-1757684934633\",\"position\":2,\"url\":\"https:\\\/\\\/usa-b2.com\\\/fi\\\/viisumi-b1-b2-brasilialaisille\\\/#faq-question-1757684934633\",\"name\":\"Onko minun puhuttava englantia haastattelussa?\",\"answerCount\":1,\"acceptedAnswer\":{\"@type\":\"Answer\",\"text\":\"Ei, haastattelut tehd\u00e4\u00e4n portugaliksi.\",\"inLanguage\":\"fi\"},\"inLanguage\":\"fi\"},{\"@type\":\"Question\",\"@id\":\"https:\\\/\\\/usa-b2.com\\\/fi\\\/viisumi-b1-b2-brasilialaisille\\\/#faq-question-1757684946100\",\"position\":3,\"url\":\"https:\\\/\\\/usa-b2.com\\\/fi\\\/viisumi-b1-b2-brasilialaisille\\\/#faq-question-1757684946100\",\"name\":\"Kuinka kauan viisumin saaminen kest\u00e4\u00e4?\",\"answerCount\":1,\"acceptedAnswer\":{\"@type\":\"Answer\",\"text\":\"Keskim\u00e4\u00e4r\u00e4inen l\u00e4pimenoaika vaihtelee 2-6 viikon v\u00e4lill\u00e4 riippuen tapaamisten saatavuudesta.\",\"inLanguage\":\"fi\"},\"inLanguage\":\"fi\"}]}<\/script>\n<!-- \/ Yoast SEO plugin. -->","yoast_head_json":{"title":"B1\/B2-viisumi brasilialaisille matkustajille - USA B2","description":"Kaikki mit\u00e4 sinun tarvitsee tiet\u00e4\u00e4 B1\/B2-viisumista Brasilian matkustajille: menettelyt, haastattelu, asiakirjat ja k\u00e4yt\u00e4nn\u00f6n neuvoja.","robots":{"index":"index","follow":"follow","max-snippet":"max-snippet:-1","max-image-preview":"max-image-preview:large","max-video-preview":"max-video-preview:-1"},"canonical":"https:\/\/usa-b2.com\/fi\/viisumi-b1-b2-brasilialaisille\/","og_locale":"fi_FI","og_type":"article","og_title":"B1\/B2-viisumi brasilialaisille matkustajille - USA B2","og_description":"Kaikki mit\u00e4 sinun tarvitsee tiet\u00e4\u00e4 B1\/B2-viisumista Brasilian matkustajille: menettelyt, haastattelu, asiakirjat ja k\u00e4yt\u00e4nn\u00f6n neuvoja.","og_url":"https:\/\/usa-b2.com\/fi\/viisumi-b1-b2-brasilialaisille\/","og_site_name":"USA B2","article_modified_time":"2025-09-13T07:31:08+00:00","twitter_card":"summary_large_image","twitter_misc":{"Arvioitu lukuaika":"2 minuuttia"},"schema":{"@context":"https:\/\/schema.org","@graph":[{"@type":["WebPage","FAQPage"],"@id":"https:\/\/usa-b2.com\/fi\/viisumi-b1-b2-brasilialaisille\/","url":"https:\/\/usa-b2.com\/fi\/viisumi-b1-b2-brasilialaisille\/","name":"B1\/B2-viisumi brasilialaisille matkustajille - USA B2","isPartOf":{"@id":"https:\/\/usa-b2.com\/fi\/#website"},"datePublished":"2025-08-28T16:20:16+00:00","dateModified":"2025-09-13T07:31:08+00:00","description":"Kaikki mit\u00e4 sinun tarvitsee tiet\u00e4\u00e4 B1\/B2-viisumista Brasilian matkustajille: menettelyt, haastattelu, asiakirjat ja k\u00e4yt\u00e4nn\u00f6n neuvoja.","breadcrumb":{"@id":"https:\/\/usa-b2.com\/fi\/viisumi-b1-b2-brasilialaisille\/#breadcrumb"},"mainEntity":[{"@id":"https:\/\/usa-b2.com\/fi\/viisumi-b1-b2-brasilialaisille\/#faq-question-1757684919058"},{"@id":"https:\/\/usa-b2.com\/fi\/viisumi-b1-b2-brasilialaisille\/#faq-question-1757684934633"},{"@id":"https:\/\/usa-b2.com\/fi\/viisumi-b1-b2-brasilialaisille\/#faq-question-1757684946100"}],"inLanguage":"fi","potentialAction":[{"@type":"ReadAction","target":["https:\/\/usa-b2.com\/fi\/viisumi-b1-b2-brasilialaisille\/"]}]},{"@type":"BreadcrumbList","@id":"https:\/\/usa-b2.com\/fi\/viisumi-b1-b2-brasilialaisille\/#breadcrumb","itemListElement":[{"@type":"ListItem","position":1,"name":"Accueil","item":"https:\/\/usa-b2.com\/fi\/usa\/"},{"@type":"ListItem","position":2,"name":"B1\/B2-viisumi brasilialaisille matkustajille"}]},{"@type":"WebSite","@id":"https:\/\/usa-b2.com\/fi\/#website","url":"https:\/\/usa-b2.com\/fi\/","name":"USA B2 VISA","description":"","potentialAction":[{"@type":"SearchAction","target":{"@type":"EntryPoint","urlTemplate":"https:\/\/usa-b2.com\/fi\/?s={search_term_string}"},"query-input":{"@type":"PropertyValueSpecification","valueRequired":true,"valueName":"search_term_string"}}],"inLanguage":"fi"},{"@type":"Question","@id":"https:\/\/usa-b2.com\/fi\/viisumi-b1-b2-brasilialaisille\/#faq-question-1757684919058","position":1,"url":"https:\/\/usa-b2.com\/fi\/viisumi-b1-b2-brasilialaisille\/#faq-question-1757684919058","name":"Voinko ty\u00f6skennell\u00e4 B1\/B2-viisumilla?","answerCount":1,"acceptedAnswer":{"@type":"Answer","text":"Ei, t\u00e4m\u00e4 viisumi on voimassa vain matkailuun ja maksuttomaan liiketoimintaan.","inLanguage":"fi"},"inLanguage":"fi"},{"@type":"Question","@id":"https:\/\/usa-b2.com\/fi\/viisumi-b1-b2-brasilialaisille\/#faq-question-1757684934633","position":2,"url":"https:\/\/usa-b2.com\/fi\/viisumi-b1-b2-brasilialaisille\/#faq-question-1757684934633","name":"Onko minun puhuttava englantia haastattelussa?","answerCount":1,"acceptedAnswer":{"@type":"Answer","text":"Ei, haastattelut tehd\u00e4\u00e4n portugaliksi.","inLanguage":"fi"},"inLanguage":"fi"},{"@type":"Question","@id":"https:\/\/usa-b2.com\/fi\/viisumi-b1-b2-brasilialaisille\/#faq-question-1757684946100","position":3,"url":"https:\/\/usa-b2.com\/fi\/viisumi-b1-b2-brasilialaisille\/#faq-question-1757684946100","name":"Kuinka kauan viisumin saaminen kest\u00e4\u00e4?","answerCount":1,"acceptedAnswer":{"@type":"Answer","text":"Keskim\u00e4\u00e4r\u00e4inen l\u00e4pimenoaika vaihtelee 2-6 viikon v\u00e4lill\u00e4 riippuen tapaamisten saatavuudesta.","inLanguage":"fi"},"inLanguage":"fi"}]}},"_links":{"self":[{"href":"https:\/\/usa-b2.com\/fi\/wp-json\/wp\/v2\/pages\/9706","targetHints":{"allow":["GET"]}}],"collection":[{"href":"https:\/\/usa-b2.com\/fi\/wp-json\/wp\/v2\/pages"}],"about":[{"href":"https:\/\/usa-b2.com\/fi\/wp-json\/wp\/v2\/types\/page"}],"author":[{"embeddable":true,"href":"https:\/\/usa-b2.com\/fi\/wp-json\/wp\/v2\/users\/1"}],"replies":[{"embeddable":true,"href":"https:\/\/usa-b2.com\/fi\/wp-json\/wp\/v2\/comments?post=9706"}],"version-history":[{"count":1,"href":"https:\/\/usa-b2.com\/fi\/wp-json\/wp\/v2\/pages\/9706\/revisions"}],"predecessor-version":[{"id":9707,"href":"https:\/\/usa-b2.com\/fi\/wp-json\/wp\/v2\/pages\/9706\/revisions\/9707"}],"wp:attachment":[{"href":"https:\/\/usa-b2.com\/fi\/wp-json\/wp\/v2\/media?parent=9706"}],"curies":[{"name":"wp","href":"https:\/\/api.w.org\/{rel}","templated":true}]}}