{"id":9652,"date":"2025-08-16T10:09:01","date_gmt":"2025-08-16T10:09:01","guid":{"rendered":"https:\/\/usa-b2.com\/b2-viisumin-meksikolaiselle\/"},"modified":"2025-10-28T20:36:13","modified_gmt":"2025-10-28T20:36:13","slug":"b2-viisumin-meksikolaiselle","status":"publish","type":"page","link":"https:\/\/usa-b2.com\/fi\/b2-viisumin-meksikolaiselle\/","title":{"rendered":"B2-viisumin saaminen meksikolaiselle"},"content":{"rendered":"\n<h1 class=\"wp-block-heading\">B2-viisumin hankkiminen Meksikosta<\/h1>\n\n<h2 class=\"wp-block-heading\">Mik\u00e4 on amerikkalainen B2-viisumi?<\/h2>\n\n<p><strong>B2-viisumi<\/strong> on <a href=\"https:\/\/usa-b2.com\/fi\/yhdysvallat-vierailijaviisumi\/\">vierailuviisumi<\/a> henkil\u00f6ille, jotka haluavat tulla Yhdysvaltoihin :<\/p>\n\n<ul class=\"wp-block-list\">\n<li>Matkailu (lomat, amerikkalaisiin kaupunkeihin ja kansallispuistoihin tutustuminen jne.).<\/li>\n\n\n\n<li>Vierailu perheen tai yst\u00e4vien luona<\/li>\n\n\n\n<li>L\u00e4\u00e4ketieteellisen hoidon saaminen<\/li>\n\n\n\n<li>Osallistuminen sosiaalisiin tai kulttuuritapahtumiin (konsertit, konferenssit, h\u00e4\u00e4t jne.).<\/li>\n<\/ul>\n\n<p>\u26a0\ufe0f Huomaa: B2-viisumi <strong>ei oikeuta ty\u00f6skentelem\u00e4\u00e4n tai opiskelemaan<\/strong> Yhdysvalloissa.<\/p>\n\n<h2 class=\"wp-block-heading\">Meksikon kansalaisia koskevat tukikelpoisuusvaatimukset<\/h2>\n\n<p>Saadakseen B2-viisumin meksikolaisen hakijan on osoitettava :<\/p>\n\n<ol class=\"wp-block-list\">\n<li>Aikomus palata Meksikoon matkan p\u00e4\u00e4tteeksi.<\/li>\n\n\n\n<li>Voimassa oleva Meksikon passi, joka on voimassa v\u00e4hint\u00e4\u00e4n kuusi kuukautta suunnitellun l\u00e4ht\u00f6p\u00e4iv\u00e4n j\u00e4lkeen Yhdysvalloista.<\/li>\n\n\n\n<li>Tilap\u00e4inen oleskelu, jonka perusteena on matkasuunnitelma, kutsu tai varaus.<\/li>\n\n\n\n<li>Vahvat siteet Meksikossa, kuten ty\u00f6paikka, yritys, omaisuus tai perhesiteet.<\/li>\n\n\n\n<li>riitt\u00e4v\u00e4t taloudelliset resurssit oleskelusta aiheutuvien kustannusten kattamiseen.<\/li>\n<\/ol>\n\n<div style=\"height:10px\" aria-hidden=\"true\" class=\"wp-block-spacer\"><\/div>\n\n<h2 class=\"wp-block-heading\">Vaiheittainen hakumenettely<\/h2>\n\n<ol class=\"wp-block-list\">\n<li>T\u00e4yt\u00e4 <a href=\"https:\/\/usa-b2.com\/fi\/ds-160\/\">lomake DS-160<\/a> Yhdysvaltain ulkoministeri\u00f6n virallisella verkkosivustolla. Lomake t\u00e4ytet\u00e4\u00e4n verkossa, ja sinun on ladattava tuore valokuva vaaditussa muodossa. <\/li>\n\n\n\n<li>Maksa <a href=\"https:\/\/usa-b2.com\/fr\/frais-visa-b2-usa\/\">viisumimaksu<\/a>. B2-viisumimaksu on <strong>185 Yhdysvaltain dollaria<\/strong>, eik\u00e4 sit\u00e4 palauteta. Maksu suoritetaan verkossa tai valtuutetussa keskuksessa.  <\/li>\n\n\n\n<li>Varaa <a href=\"https:\/\/usa-b2.com\/fi\/usa-suurlahetyston-viisumivaraus\/\">aika Yhdysvaltain Meksikon suurl\u00e4hetyst\u00f6n verkkosivuilta<\/a>. Sinun on ment\u00e4v\u00e4 <strong>CAS:iin (Centro de Atenci\u00f3n a Solicitantes<\/strong> ) ottamaan sormenj\u00e4ljet ja valokuvat. Sen j\u00e4lkeen voit varata ajan suurl\u00e4hetyst\u00f6st\u00e4 tai konsulaatista (Mexico City, Monterrey, Guadalajara, Tijuana jne.).  <\/li>\n\n\n\n<li>L\u00e4p\u00e4ise konsulihaastattelu. Sinun on otettava mukaasi <strong>passi<\/strong>, <strong>DS-160-vahvistus<\/strong>, <strong>maksukuitti<\/strong> ja kaikki asiakirjat, jotka todistavat yhteytesi Meksikoon. Konsulivirkailija kysyy kysymyksi\u00e4 tuloista, ty\u00f6st\u00e4, perheest\u00e4 ja matkasuunnitelmista.  <\/li>\n\n\n\n<li>Noutakaa viisuminne. Jos <strong>B2-viisumi<\/strong> hyv\u00e4ksyt\u00e4\u00e4n, se kiinnitet\u00e4\u00e4n passiisi. <\/li>\n<\/ol>\n\n<div style=\"height:10px\" aria-hidden=\"true\" class=\"wp-block-spacer\"><\/div>\n\n<h2 class=\"wp-block-heading\">Vinkkej\u00e4, joilla maksimoit mahdollisuutesi saada<\/h2>\n\n<ul class=\"wp-block-list\">\n<li><strong>Ole rehellinen ja selke\u00e4<\/strong> haastattelun aikana.<\/li>\n\n\n\n<li>Valmistele <strong>todisteet paluustasi Meksikoon<\/strong> (ty\u00f6sopimus, kouluun ilmoittautuminen, kiinteist\u00f6asiakirjat).<\/li>\n\n\n\n<li>V\u00e4lt\u00e4 antamasta vaikutelmaa, ett\u00e4 haluat oleskella Yhdysvalloissa laittomasti.<\/li>\n\n\n\n<li>Esit\u00e4 <strong>realistinen matkasuunnitelma<\/strong> (liput, varaukset, mahdollinen perhekutsu).<\/li>\n<\/ul>\n\n<p><\/p>\n","protected":false},"excerpt":{"rendered":"<p>B2-viisumin hankkiminen Meksikosta Mik\u00e4 on amerikkalainen B2-viisumi? B2-viisumi on vierailuviisumi henkil\u00f6ille, jotka haluavat tulla Yhdysvaltoihin : \u26a0\ufe0f Huomaa: B2-viisumi ei oikeuta ty\u00f6skentelem\u00e4\u00e4n tai opiskelemaan Yhdysvalloissa. Meksikon kansalaisia koskevat tukikelpoisuusvaatimukset Saadakseen B2-viisumin meksikolaisen hakijan on osoitettava : Vaiheittainen hakumenettely Vinkkej\u00e4, joilla maksimoit mahdollisuutesi saada<\/p>\n","protected":false},"author":1,"featured_media":0,"parent":0,"menu_order":0,"comment_status":"closed","ping_status":"closed","template":"","meta":{"footnotes":""},"class_list":["post-9652","page","type-page","status-publish","hentry"],"yoast_head":"<!-- This site is optimized with the Yoast SEO plugin v27.0 - https:\/\/yoast.com\/product\/yoast-seo-wordpress\/ -->\n<title>B2-viisumin saaminen meksikolaiselle - USA B2<\/title>\n<meta name=\"description\" content=\"Oikeudellinen menettely ja edellytykset Yhdysvaltain B2-viisumin saamiseksi Meksikon kansalaisena: kelpoisuus, menettelyt, kustannukset ja m\u00e4\u00e4r\u00e4ajat.\" \/>\n<meta name=\"robots\" content=\"index, follow, max-snippet:-1, max-image-preview:large, max-video-preview:-1\" \/>\n<link rel=\"canonical\" href=\"https:\/\/usa-b2.com\/fi\/b2-viisumin-meksikolaiselle\/\" \/>\n<meta property=\"og:locale\" content=\"fi_FI\" \/>\n<meta property=\"og:type\" content=\"article\" \/>\n<meta property=\"og:title\" content=\"B2-viisumin saaminen meksikolaiselle - USA B2\" \/>\n<meta property=\"og:description\" content=\"Oikeudellinen menettely ja edellytykset Yhdysvaltain B2-viisumin saamiseksi Meksikon kansalaisena: kelpoisuus, menettelyt, kustannukset ja m\u00e4\u00e4r\u00e4ajat.\" \/>\n<meta property=\"og:url\" content=\"https:\/\/usa-b2.com\/fi\/b2-viisumin-meksikolaiselle\/\" \/>\n<meta property=\"og:site_name\" content=\"USA B2\" \/>\n<meta property=\"article:modified_time\" content=\"2025-10-28T20:36:13+00:00\" \/>\n<meta name=\"twitter:card\" content=\"summary_large_image\" \/>\n<meta name=\"twitter:label1\" content=\"Arvioitu lukuaika\" \/>\n\t<meta name=\"twitter:data1\" content=\"1 minuutti\" \/>\n<script type=\"application\/ld+json\" class=\"yoast-schema-graph\">{\"@context\":\"https:\/\/schema.org\",\"@graph\":[{\"@type\":\"WebPage\",\"@id\":\"https:\/\/usa-b2.com\/fi\/b2-viisumin-meksikolaiselle\/\",\"url\":\"https:\/\/usa-b2.com\/fi\/b2-viisumin-meksikolaiselle\/\",\"name\":\"B2-viisumin saaminen meksikolaiselle - USA B2\",\"isPartOf\":{\"@id\":\"https:\/\/usa-b2.com\/fi\/#website\"},\"datePublished\":\"2025-08-16T10:09:01+00:00\",\"dateModified\":\"2025-10-28T20:36:13+00:00\",\"description\":\"Oikeudellinen menettely ja edellytykset Yhdysvaltain B2-viisumin saamiseksi Meksikon kansalaisena: kelpoisuus, menettelyt, kustannukset ja m\u00e4\u00e4r\u00e4ajat.\",\"breadcrumb\":{\"@id\":\"https:\/\/usa-b2.com\/fi\/b2-viisumin-meksikolaiselle\/#breadcrumb\"},\"inLanguage\":\"fi\",\"potentialAction\":[{\"@type\":\"ReadAction\",\"target\":[\"https:\/\/usa-b2.com\/fi\/b2-viisumin-meksikolaiselle\/\"]}]},{\"@type\":\"BreadcrumbList\",\"@id\":\"https:\/\/usa-b2.com\/fi\/b2-viisumin-meksikolaiselle\/#breadcrumb\",\"itemListElement\":[{\"@type\":\"ListItem\",\"position\":1,\"name\":\"Accueil\",\"item\":\"https:\/\/usa-b2.com\/fi\/roadtrips-usa\/\"},{\"@type\":\"ListItem\",\"position\":2,\"name\":\"B2-viisumin saaminen meksikolaiselle\"}]},{\"@type\":\"WebSite\",\"@id\":\"https:\/\/usa-b2.com\/fi\/#website\",\"url\":\"https:\/\/usa-b2.com\/fi\/\",\"name\":\"USA B2 VISA\",\"description\":\"\",\"potentialAction\":[{\"@type\":\"SearchAction\",\"target\":{\"@type\":\"EntryPoint\",\"urlTemplate\":\"https:\/\/usa-b2.com\/fi\/?s={search_term_string}\"},\"query-input\":{\"@type\":\"PropertyValueSpecification\",\"valueRequired\":true,\"valueName\":\"search_term_string\"}}],\"inLanguage\":\"fi\"}]}<\/script>\n<!-- \/ Yoast SEO plugin. -->","yoast_head_json":{"title":"B2-viisumin saaminen meksikolaiselle - USA B2","description":"Oikeudellinen menettely ja edellytykset Yhdysvaltain B2-viisumin saamiseksi Meksikon kansalaisena: kelpoisuus, menettelyt, kustannukset ja m\u00e4\u00e4r\u00e4ajat.","robots":{"index":"index","follow":"follow","max-snippet":"max-snippet:-1","max-image-preview":"max-image-preview:large","max-video-preview":"max-video-preview:-1"},"canonical":"https:\/\/usa-b2.com\/fi\/b2-viisumin-meksikolaiselle\/","og_locale":"fi_FI","og_type":"article","og_title":"B2-viisumin saaminen meksikolaiselle - USA B2","og_description":"Oikeudellinen menettely ja edellytykset Yhdysvaltain B2-viisumin saamiseksi Meksikon kansalaisena: kelpoisuus, menettelyt, kustannukset ja m\u00e4\u00e4r\u00e4ajat.","og_url":"https:\/\/usa-b2.com\/fi\/b2-viisumin-meksikolaiselle\/","og_site_name":"USA B2","article_modified_time":"2025-10-28T20:36:13+00:00","twitter_card":"summary_large_image","twitter_misc":{"Arvioitu lukuaika":"1 minuutti"},"schema":{"@context":"https:\/\/schema.org","@graph":[{"@type":"WebPage","@id":"https:\/\/usa-b2.com\/fi\/b2-viisumin-meksikolaiselle\/","url":"https:\/\/usa-b2.com\/fi\/b2-viisumin-meksikolaiselle\/","name":"B2-viisumin saaminen meksikolaiselle - USA B2","isPartOf":{"@id":"https:\/\/usa-b2.com\/fi\/#website"},"datePublished":"2025-08-16T10:09:01+00:00","dateModified":"2025-10-28T20:36:13+00:00","description":"Oikeudellinen menettely ja edellytykset Yhdysvaltain B2-viisumin saamiseksi Meksikon kansalaisena: kelpoisuus, menettelyt, kustannukset ja m\u00e4\u00e4r\u00e4ajat.","breadcrumb":{"@id":"https:\/\/usa-b2.com\/fi\/b2-viisumin-meksikolaiselle\/#breadcrumb"},"inLanguage":"fi","potentialAction":[{"@type":"ReadAction","target":["https:\/\/usa-b2.com\/fi\/b2-viisumin-meksikolaiselle\/"]}]},{"@type":"BreadcrumbList","@id":"https:\/\/usa-b2.com\/fi\/b2-viisumin-meksikolaiselle\/#breadcrumb","itemListElement":[{"@type":"ListItem","position":1,"name":"Accueil","item":"https:\/\/usa-b2.com\/fi\/roadtrips-usa\/"},{"@type":"ListItem","position":2,"name":"B2-viisumin saaminen meksikolaiselle"}]},{"@type":"WebSite","@id":"https:\/\/usa-b2.com\/fi\/#website","url":"https:\/\/usa-b2.com\/fi\/","name":"USA B2 VISA","description":"","potentialAction":[{"@type":"SearchAction","target":{"@type":"EntryPoint","urlTemplate":"https:\/\/usa-b2.com\/fi\/?s={search_term_string}"},"query-input":{"@type":"PropertyValueSpecification","valueRequired":true,"valueName":"search_term_string"}}],"inLanguage":"fi"}]}},"_links":{"self":[{"href":"https:\/\/usa-b2.com\/fi\/wp-json\/wp\/v2\/pages\/9652","targetHints":{"allow":["GET"]}}],"collection":[{"href":"https:\/\/usa-b2.com\/fi\/wp-json\/wp\/v2\/pages"}],"about":[{"href":"https:\/\/usa-b2.com\/fi\/wp-json\/wp\/v2\/types\/page"}],"author":[{"embeddable":true,"href":"https:\/\/usa-b2.com\/fi\/wp-json\/wp\/v2\/users\/1"}],"replies":[{"embeddable":true,"href":"https:\/\/usa-b2.com\/fi\/wp-json\/wp\/v2\/comments?post=9652"}],"version-history":[{"count":3,"href":"https:\/\/usa-b2.com\/fi\/wp-json\/wp\/v2\/pages\/9652\/revisions"}],"predecessor-version":[{"id":10733,"href":"https:\/\/usa-b2.com\/fi\/wp-json\/wp\/v2\/pages\/9652\/revisions\/10733"}],"wp:attachment":[{"href":"https:\/\/usa-b2.com\/fi\/wp-json\/wp\/v2\/media?parent=9652"}],"curies":[{"name":"wp","href":"https:\/\/api.w.org\/{rel}","templated":true}]}}