{"id":9335,"date":"2025-06-06T07:37:34","date_gmt":"2025-06-06T07:37:34","guid":{"rendered":"https:\/\/usa-b2.com\/b2-viisumi-saksalaisille\/"},"modified":"2025-10-28T20:34:29","modified_gmt":"2025-10-28T20:34:29","slug":"b2-viisumi-saksalaisille","status":"publish","type":"page","link":"https:\/\/usa-b2.com\/fi\/b2-viisumi-saksalaisille\/","title":{"rendered":"B2-viisumin saaminen saksalaiselle"},"content":{"rendered":"\n<h1 class=\"wp-block-heading\">Yhdysvaltojen B2-viisumin hakeminen Saksasta<\/h1>\n\n<p>Oletko <strong>Saksan kansalainen<\/strong> ja suunnittelet lomaa Yhdysvaltoihin? Jos aiot matkustaa yli 90 p\u00e4iv\u00e4ksi tai jos et voi k\u00e4ytt\u00e4\u00e4 ESTA-j\u00e4rjestelm\u00e4\u00e4, <strong>B2-viisumi Yhdysvalloille saksalaisille<\/strong> on ihanteellinen ratkaisu. <\/p>\n\n<h3 class=\"wp-block-heading\">Mik\u00e4 on B2-viisumi?<\/h3>\n\n<p><strong>B2-viisumi<\/strong> on Yhdysvaltoihin my\u00f6nnett\u00e4v\u00e4 <a href=\"https:\/\/usa-b2.com\/fi\/yhdysvallat-vierailijaviisumi\/\">viisumi<\/a>, joka on tarkoitettu tilap\u00e4iseen oleskeluun :<\/p>\n\n<ul class=\"wp-block-list\">\n<li><strong>Matkailu<\/strong> tai loma<\/li>\n\n\n\n<li><strong>Perhe- tai yst\u00e4v\u00e4vierailu<\/strong><\/li>\n\n\n\n<li><strong>L\u00e4\u00e4ketieteellinen hoito Yhdysvalloissa<\/strong><\/li>\n<\/ul>\n\n<div style=\"height:10px\" aria-hidden=\"true\" class=\"wp-block-spacer\"><\/div>\n\n<h3 class=\"wp-block-heading\">Tarvitsevatko Saksan kansalaiset B2-viisumin?<\/h3>\n\n<p>Ei <strong>v\u00e4ltt\u00e4m\u00e4tt\u00e4<\/strong>.<br\/>Saksalaiset voivat t\u00e4ytt\u00e4\u00e4 <a href=\"https:\/\/usa-b2.com\/fi\/esta-lomake-verkossa\/\">ESTA-lomakkeen verkossa<\/a> <strong>alle 90 p\u00e4iv\u00e4n<\/strong> oleskelua varten. Saksa kuuluu <a href=\"https:\/\/usa-b2.com\/fi\/viisumivapausohjelma\/\">viisumivapausohjelmaan<\/a>. <\/p>\n\n<p>Seuraavissa tapauksissa <strong>amerikkalainen B2-viisumi<\/strong> on kuitenkin suositeltava tai jopa pakollinen saksalaiselle:<\/p>\n\n<ul class=\"wp-block-list\">\n<li>Olet <strong>ylitt\u00e4nyt sallitun oleskelun<\/strong> keston aiemmin.<\/li>\n\n\n\n<li>Sinulta on <strong>ev\u00e4tty ESTA-lupa<\/strong><\/li>\n\n\n\n<li>Haluat <strong>viipy\u00e4 yli 90 p\u00e4iv\u00e4\u00e4<\/strong><\/li>\n\n\n\n<li>Sinulla on rikosrekisteri tai erityisolosuhteita<\/li>\n<\/ul>\n\n<div style=\"height:10px\" aria-hidden=\"true\" class=\"wp-block-spacer\"><\/div>\n\n<h3 class=\"wp-block-heading\">B2-viisumin hakeminen Saksasta: vaiheet<\/h3>\n\n<ol class=\"wp-block-list\">\n<li><a href=\"https:\/\/usa-b2.com\/fi\/ds-160\/\">DS-160-lomakkeen<\/a> t\u00e4ytt\u00e4minen<\/li>\n\n\n\n<li>Maksa <a href=\"https:\/\/usa-b2.com\/fr\/frais-visa-b2-usa\/\">B2-viisumimaksu<\/a><\/li>\n\n\n\n<li>Varaa <a href=\"https:\/\/usa-b2.com\/fi\/usa-suurlahetyston-viisumivaraus\/\">aika Saksan suurl\u00e4hetyst\u00f6st\u00e4<\/a> <\/li>\n\n\n\n<li>Esit\u00e4 asiakirjasi (passi, tositteet, todistus paluusta).<\/li>\n\n\n\n<li>Konsulihaastattelun l\u00e4p\u00e4iseminen<\/li>\n<\/ol>\n\n<div style=\"height:10px\" aria-hidden=\"true\" class=\"wp-block-spacer\"><\/div>\n\n<h3 class=\"wp-block-heading\">Minne voin menn\u00e4 haastatteluun Saksassa?<\/h3>\n\n<ul class=\"wp-block-list\">\n<li><a href=\"https:\/\/usa-b2.com\/fi\/yhdysvaltain-suurlahetysto\/\">Yhdysvaltain suurl\u00e4hetyst\u00f6<\/a> Berliiniss\u00e4<\/li>\n\n\n\n<li>Frankfurtin tai M\u00fcnchenin konsulaatti<\/li>\n<\/ul>\n\n<h3 class=\"wp-block-heading\">Kesto ja voimassaolo<\/h3>\n\n<ul class=\"wp-block-list\">\n<li>B2-viisumi voi <strong>olla voimassa enint\u00e4\u00e4n 10 vuotta.<\/strong><\/li>\n\n\n\n<li>Kukin maahantulo oikeuttaa <strong>enint\u00e4\u00e4n 6 kuukauden<\/strong> oleskeluun <strong>.<\/strong><\/li>\n<\/ul>\n\n<h2 class=\"wp-block-heading\">FAQ<\/h2>\n\n<div class=\"schema-faq wp-block-yoast-faq-block\"><div class=\"schema-faq-section\" id=\"faq-question-1749195650019\"><strong class=\"schema-faq-question\"><strong>Korvaako B2-viisumi ESTA-viisumin?<\/strong><\/strong> <p class=\"schema-faq-answer\">Ei. T\u00e4m\u00e4 on kattavampi vaihtoehto, joka on hy\u00f6dyllinen <strong>kielt\u00e4ytymistapauksissa tai pitkiss\u00e4 oleskeluissa<\/strong>. <\/p> <\/div> <div class=\"schema-faq-section\" id=\"faq-question-1749195662823\"><strong class=\"schema-faq-question\"><strong>Voinko matkustaa perheeni kanssa?<\/strong><\/strong> <p class=\"schema-faq-answer\">Kyll\u00e4, jokaisen j\u00e4senen on teht\u00e4v\u00e4 oma hakemuksensa.<\/p> <\/div> <\/div>\n","protected":false},"excerpt":{"rendered":"<p>Yhdysvaltojen B2-viisumin hakeminen Saksasta Oletko Saksan kansalainen ja suunnittelet lomaa Yhdysvaltoihin? Jos aiot matkustaa yli 90 p\u00e4iv\u00e4ksi tai jos et voi k\u00e4ytt\u00e4\u00e4 ESTA-j\u00e4rjestelm\u00e4\u00e4, B2-viisumi Yhdysvalloille saksalaisille on ihanteellinen ratkaisu. Mik\u00e4 on B2-viisumi? B2-viisumi on Yhdysvaltoihin my\u00f6nnett\u00e4v\u00e4 viisumi, joka on tarkoitettu tilap\u00e4iseen oleskeluun : Tarvitsevatko Saksan kansalaiset B2-viisumin? Ei v\u00e4ltt\u00e4m\u00e4tt\u00e4.Saksalaiset voivat t\u00e4ytt\u00e4\u00e4 ESTA-lomakkeen verkossa alle 90 [&hellip;]<\/p>\n","protected":false},"author":1,"featured_media":0,"parent":0,"menu_order":0,"comment_status":"closed","ping_status":"closed","template":"","meta":{"footnotes":""},"class_list":["post-9335","page","type-page","status-publish","hentry"],"yoast_head":"<!-- This site is optimized with the Yoast SEO plugin v27.4 - https:\/\/yoast.com\/product\/yoast-seo-wordpress\/ -->\n<title>B2-viisumin saaminen saksalaiselle - USA B2<\/title>\n<meta name=\"description\" content=\"Saksan kansalaiset voivat hakea B2-viisumia Yhdysvaltoihin yli 90 p\u00e4iv\u00e4n oleskelua varten.\" \/>\n<meta name=\"robots\" content=\"index, follow, max-snippet:-1, max-image-preview:large, max-video-preview:-1\" \/>\n<link rel=\"canonical\" href=\"https:\/\/usa-b2.com\/fi\/b2-viisumi-saksalaisille\/\" \/>\n<meta property=\"og:locale\" content=\"fi_FI\" \/>\n<meta property=\"og:type\" content=\"article\" \/>\n<meta property=\"og:title\" content=\"B2-viisumin saaminen saksalaiselle - USA B2\" \/>\n<meta property=\"og:description\" content=\"Saksan kansalaiset voivat hakea B2-viisumia Yhdysvaltoihin yli 90 p\u00e4iv\u00e4n oleskelua varten.\" \/>\n<meta property=\"og:url\" content=\"https:\/\/usa-b2.com\/fi\/b2-viisumi-saksalaisille\/\" \/>\n<meta property=\"og:site_name\" content=\"USA B2\" \/>\n<meta property=\"article:modified_time\" content=\"2025-10-28T20:34:29+00:00\" \/>\n<meta name=\"twitter:card\" content=\"summary_large_image\" \/>\n<meta name=\"twitter:label1\" content=\"Arvioitu lukuaika\" \/>\n\t<meta name=\"twitter:data1\" content=\"1 minuutti\" \/>\n<script type=\"application\/ld+json\" class=\"yoast-schema-graph\">{\"@context\":\"https:\\\/\\\/schema.org\",\"@graph\":[{\"@type\":[\"WebPage\",\"FAQPage\"],\"@id\":\"https:\\\/\\\/usa-b2.com\\\/fi\\\/b2-viisumi-saksalaisille\\\/\",\"url\":\"https:\\\/\\\/usa-b2.com\\\/fi\\\/b2-viisumi-saksalaisille\\\/\",\"name\":\"B2-viisumin saaminen saksalaiselle - USA B2\",\"isPartOf\":{\"@id\":\"https:\\\/\\\/usa-b2.com\\\/fi\\\/#website\"},\"datePublished\":\"2025-06-06T07:37:34+00:00\",\"dateModified\":\"2025-10-28T20:34:29+00:00\",\"description\":\"Saksan kansalaiset voivat hakea B2-viisumia Yhdysvaltoihin yli 90 p\u00e4iv\u00e4n oleskelua varten.\",\"breadcrumb\":{\"@id\":\"https:\\\/\\\/usa-b2.com\\\/fi\\\/b2-viisumi-saksalaisille\\\/#breadcrumb\"},\"mainEntity\":[{\"@id\":\"https:\\\/\\\/usa-b2.com\\\/fi\\\/b2-viisumi-saksalaisille\\\/#faq-question-1749195650019\"},{\"@id\":\"https:\\\/\\\/usa-b2.com\\\/fi\\\/b2-viisumi-saksalaisille\\\/#faq-question-1749195662823\"}],\"inLanguage\":\"fi\",\"potentialAction\":[{\"@type\":\"ReadAction\",\"target\":[\"https:\\\/\\\/usa-b2.com\\\/fi\\\/b2-viisumi-saksalaisille\\\/\"]}]},{\"@type\":\"BreadcrumbList\",\"@id\":\"https:\\\/\\\/usa-b2.com\\\/fi\\\/b2-viisumi-saksalaisille\\\/#breadcrumb\",\"itemListElement\":[{\"@type\":\"ListItem\",\"position\":1,\"name\":\"Accueil\",\"item\":\"https:\\\/\\\/usa-b2.com\\\/fi\\\/usa\\\/\"},{\"@type\":\"ListItem\",\"position\":2,\"name\":\"B2-viisumin saaminen saksalaiselle\"}]},{\"@type\":\"WebSite\",\"@id\":\"https:\\\/\\\/usa-b2.com\\\/fi\\\/#website\",\"url\":\"https:\\\/\\\/usa-b2.com\\\/fi\\\/\",\"name\":\"USA B2 VISA\",\"description\":\"\",\"potentialAction\":[{\"@type\":\"SearchAction\",\"target\":{\"@type\":\"EntryPoint\",\"urlTemplate\":\"https:\\\/\\\/usa-b2.com\\\/fi\\\/?s={search_term_string}\"},\"query-input\":{\"@type\":\"PropertyValueSpecification\",\"valueRequired\":true,\"valueName\":\"search_term_string\"}}],\"inLanguage\":\"fi\"},{\"@type\":\"Question\",\"@id\":\"https:\\\/\\\/usa-b2.com\\\/fi\\\/b2-viisumi-saksalaisille\\\/#faq-question-1749195650019\",\"position\":1,\"url\":\"https:\\\/\\\/usa-b2.com\\\/fi\\\/b2-viisumi-saksalaisille\\\/#faq-question-1749195650019\",\"name\":\"Korvaako B2-viisumi ESTA-viisumin?\",\"answerCount\":1,\"acceptedAnswer\":{\"@type\":\"Answer\",\"text\":\"Ei. T\u00e4m\u00e4 on kattavampi vaihtoehto, joka on hy\u00f6dyllinen <strong>kielt\u00e4ytymistapauksissa tai pitkiss\u00e4 oleskeluissa<\\\/strong>. \",\"inLanguage\":\"fi\"},\"inLanguage\":\"fi\"},{\"@type\":\"Question\",\"@id\":\"https:\\\/\\\/usa-b2.com\\\/fi\\\/b2-viisumi-saksalaisille\\\/#faq-question-1749195662823\",\"position\":2,\"url\":\"https:\\\/\\\/usa-b2.com\\\/fi\\\/b2-viisumi-saksalaisille\\\/#faq-question-1749195662823\",\"name\":\"Voinko matkustaa perheeni kanssa?\",\"answerCount\":1,\"acceptedAnswer\":{\"@type\":\"Answer\",\"text\":\"Kyll\u00e4, jokaisen j\u00e4senen on teht\u00e4v\u00e4 oma hakemuksensa.\",\"inLanguage\":\"fi\"},\"inLanguage\":\"fi\"}]}<\/script>\n<!-- \/ Yoast SEO plugin. -->","yoast_head_json":{"title":"B2-viisumin saaminen saksalaiselle - USA B2","description":"Saksan kansalaiset voivat hakea B2-viisumia Yhdysvaltoihin yli 90 p\u00e4iv\u00e4n oleskelua varten.","robots":{"index":"index","follow":"follow","max-snippet":"max-snippet:-1","max-image-preview":"max-image-preview:large","max-video-preview":"max-video-preview:-1"},"canonical":"https:\/\/usa-b2.com\/fi\/b2-viisumi-saksalaisille\/","og_locale":"fi_FI","og_type":"article","og_title":"B2-viisumin saaminen saksalaiselle - USA B2","og_description":"Saksan kansalaiset voivat hakea B2-viisumia Yhdysvaltoihin yli 90 p\u00e4iv\u00e4n oleskelua varten.","og_url":"https:\/\/usa-b2.com\/fi\/b2-viisumi-saksalaisille\/","og_site_name":"USA B2","article_modified_time":"2025-10-28T20:34:29+00:00","twitter_card":"summary_large_image","twitter_misc":{"Arvioitu lukuaika":"1 minuutti"},"schema":{"@context":"https:\/\/schema.org","@graph":[{"@type":["WebPage","FAQPage"],"@id":"https:\/\/usa-b2.com\/fi\/b2-viisumi-saksalaisille\/","url":"https:\/\/usa-b2.com\/fi\/b2-viisumi-saksalaisille\/","name":"B2-viisumin saaminen saksalaiselle - USA B2","isPartOf":{"@id":"https:\/\/usa-b2.com\/fi\/#website"},"datePublished":"2025-06-06T07:37:34+00:00","dateModified":"2025-10-28T20:34:29+00:00","description":"Saksan kansalaiset voivat hakea B2-viisumia Yhdysvaltoihin yli 90 p\u00e4iv\u00e4n oleskelua varten.","breadcrumb":{"@id":"https:\/\/usa-b2.com\/fi\/b2-viisumi-saksalaisille\/#breadcrumb"},"mainEntity":[{"@id":"https:\/\/usa-b2.com\/fi\/b2-viisumi-saksalaisille\/#faq-question-1749195650019"},{"@id":"https:\/\/usa-b2.com\/fi\/b2-viisumi-saksalaisille\/#faq-question-1749195662823"}],"inLanguage":"fi","potentialAction":[{"@type":"ReadAction","target":["https:\/\/usa-b2.com\/fi\/b2-viisumi-saksalaisille\/"]}]},{"@type":"BreadcrumbList","@id":"https:\/\/usa-b2.com\/fi\/b2-viisumi-saksalaisille\/#breadcrumb","itemListElement":[{"@type":"ListItem","position":1,"name":"Accueil","item":"https:\/\/usa-b2.com\/fi\/usa\/"},{"@type":"ListItem","position":2,"name":"B2-viisumin saaminen saksalaiselle"}]},{"@type":"WebSite","@id":"https:\/\/usa-b2.com\/fi\/#website","url":"https:\/\/usa-b2.com\/fi\/","name":"USA B2 VISA","description":"","potentialAction":[{"@type":"SearchAction","target":{"@type":"EntryPoint","urlTemplate":"https:\/\/usa-b2.com\/fi\/?s={search_term_string}"},"query-input":{"@type":"PropertyValueSpecification","valueRequired":true,"valueName":"search_term_string"}}],"inLanguage":"fi"},{"@type":"Question","@id":"https:\/\/usa-b2.com\/fi\/b2-viisumi-saksalaisille\/#faq-question-1749195650019","position":1,"url":"https:\/\/usa-b2.com\/fi\/b2-viisumi-saksalaisille\/#faq-question-1749195650019","name":"Korvaako B2-viisumi ESTA-viisumin?","answerCount":1,"acceptedAnswer":{"@type":"Answer","text":"Ei. T\u00e4m\u00e4 on kattavampi vaihtoehto, joka on hy\u00f6dyllinen <strong>kielt\u00e4ytymistapauksissa tai pitkiss\u00e4 oleskeluissa<\/strong>. ","inLanguage":"fi"},"inLanguage":"fi"},{"@type":"Question","@id":"https:\/\/usa-b2.com\/fi\/b2-viisumi-saksalaisille\/#faq-question-1749195662823","position":2,"url":"https:\/\/usa-b2.com\/fi\/b2-viisumi-saksalaisille\/#faq-question-1749195662823","name":"Voinko matkustaa perheeni kanssa?","answerCount":1,"acceptedAnswer":{"@type":"Answer","text":"Kyll\u00e4, jokaisen j\u00e4senen on teht\u00e4v\u00e4 oma hakemuksensa.","inLanguage":"fi"},"inLanguage":"fi"}]}},"_links":{"self":[{"href":"https:\/\/usa-b2.com\/fi\/wp-json\/wp\/v2\/pages\/9335","targetHints":{"allow":["GET"]}}],"collection":[{"href":"https:\/\/usa-b2.com\/fi\/wp-json\/wp\/v2\/pages"}],"about":[{"href":"https:\/\/usa-b2.com\/fi\/wp-json\/wp\/v2\/types\/page"}],"author":[{"embeddable":true,"href":"https:\/\/usa-b2.com\/fi\/wp-json\/wp\/v2\/users\/1"}],"replies":[{"embeddable":true,"href":"https:\/\/usa-b2.com\/fi\/wp-json\/wp\/v2\/comments?post=9335"}],"version-history":[{"count":3,"href":"https:\/\/usa-b2.com\/fi\/wp-json\/wp\/v2\/pages\/9335\/revisions"}],"predecessor-version":[{"id":10731,"href":"https:\/\/usa-b2.com\/fi\/wp-json\/wp\/v2\/pages\/9335\/revisions\/10731"}],"wp:attachment":[{"href":"https:\/\/usa-b2.com\/fi\/wp-json\/wp\/v2\/media?parent=9335"}],"curies":[{"name":"wp","href":"https:\/\/api.w.org\/{rel}","templated":true}]}}