{"id":9126,"date":"2025-05-23T09:31:31","date_gmt":"2025-05-23T09:31:31","guid":{"rendered":"https:\/\/usa-b2.com\/b2-viisumi-italialaisille\/"},"modified":"2025-10-13T14:07:44","modified_gmt":"2025-10-13T14:07:44","slug":"b2-viisumi-italialaisille","status":"publish","type":"page","link":"https:\/\/usa-b2.com\/fi\/b2-viisumi-italialaisille\/","title":{"rendered":"B2-viisumin hankkiminen Yhdysvaltoihin matkustavalle italialaiselle henkil\u00f6lle"},"content":{"rendered":"\n<h1 class=\"wp-block-heading\">B2-viisumi Yhdysvaltoihin matkustaville italialaisille<\/h1>\n\n<p>Jos olet Italian kansalainen ja haluat matkustaa Yhdysvaltoihin matkailun, sukulaisvierailun tai l\u00e4\u00e4k\u00e4rik\u00e4ynnin vuoksi, tarvitset <a href=\"https:\/\/usa-b2.com\/fr\/visa-visiteur-usa\/\">B2-viisumin<\/a>. T\u00e4ss\u00e4 kattavassa oppaassa kerromme, miten saat <strong>B2-viisumin Yhdysvaltoihin italialaisille<\/strong>, mitk\u00e4 ovat viisumin ehdot, m\u00e4\u00e4r\u00e4ajat ja tarvittavat asiakirjat. <\/p>\n\n<h2 class=\"wp-block-heading\">Mik\u00e4 on B2-viisumi?<\/h2>\n\n<p><a href=\"https:\/\/usa-b2.com\/fi\/b2-viisumi\/\">Amerikkalainen B2-viisumi<\/a> on ei-maahanmuuttajien viisumi, joka on tarkoitettu henkil\u00f6ille, jotka haluavat oleskella Yhdysvalloissa tilap\u00e4isesti : Matkailu, loma, sairaanhoito tai sukulaisten luona vierailu.<\/p>\n\n<h2 class=\"wp-block-heading\">Tarvitsevatko italialaiset B2-viisumin?<\/h2>\n\n<p>Jos olet <strong>Italian kansalainen<\/strong> ja matkustat Yhdysvaltoihin alle 90 p\u00e4iv\u00e4ksi, voit periaatteessa k\u00e4ytt\u00e4\u00e4 <a href=\"https:\/\/usa-b2.com\/fr\/c-est-quoi-une-esta\/\">s\u00e4hk\u00f6ist\u00e4 ESTA-matkustuslupaa<\/a>.<\/p>\n\n<p>Jos sinulta on kuitenkin jo ev\u00e4tty ESTA-viisumi, jos matkustat pidemm\u00e4ksi aikaa tai jos sinulla on korkea riskiprofiili, on parempi <a href=\"https:\/\/usa-b2.com\/fr\/procedure-demande-visa-b2\/\">hakea B2-viisumia Yhdysvaltoihin<\/a>.<\/p>\n\n<h2 class=\"wp-block-heading\">Miten haen B2-viisumia Italiasta?<\/h2>\n\n<h3 class=\"wp-block-heading\">1. T\u00e4yt\u00e4 lomake DS-160 verkossa<\/h3>\n\n<p><a href=\"https:\/\/usa-b2.com\/fr\/ds-160\/\">Lomake DS-160<\/a> on pakollinen kaikissa turistiviisumihakemuksissa.<\/p>\n\n<h3 class=\"wp-block-heading\">2. Maksa hakemusmaksu<\/h3>\n\n<p><a href=\"https:\/\/usa-b2.com\/fr\/frais-visa-b2-usa\/\">B2-viisumin hinta<\/a> on <strong>185 Yhdysvaltain dollaria<\/strong>, ja se maksetaan verkossa.<\/p>\n\n<h3 class=\"wp-block-heading\">3. Varaa tapaaminen Yhdysvaltain Italian suurl\u00e4hetyst\u00f6st\u00e4.<\/h3>\n\n<p>Kaikkien hakijoiden on k\u00e4yt\u00e4v\u00e4 <a href=\"https:\/\/usa-b2.com\/fr\/rendez-vous-visa-ambassade-usa\/\">haastattelussa Yhdysvaltain suurl\u00e4hetyst\u00f6ss\u00e4<\/a>.<\/p>\n\n<h3 class=\"wp-block-heading\">4. Valmistele tarvittavat asiakirjat<\/h3>\n\n<ul class=\"wp-block-list\">\n<li><a href=\"https:\/\/usa-b2.com\/fr\/passeport-pour-voyager-aux-usa\/\">voimassa oleva passi Yhdysvaltoihin matkustamista varten<\/a><\/li>\n\n\n\n<li>Passikuva<\/li>\n\n\n\n<li>Tilinp\u00e4\u00e4t\u00f6s<\/li>\n\n\n\n<li>Todisteet kiinnittymisest\u00e4 Italiaan (ty\u00f6paikka, perhe, asunto jne.).<\/li>\n<\/ul>\n\n<h3 class=\"wp-block-heading\">5. Mene haastatteluun ja odota p\u00e4\u00e4t\u00f6st\u00e4<\/h3>\n\n<p>Haastattelun j\u00e4lkeen viisumi my\u00f6nnet\u00e4\u00e4n yleens\u00e4 <strong>7-15 ty\u00f6p\u00e4iv\u00e4n<\/strong> kuluessa.<\/p>\n\n<h2 class=\"wp-block-heading\">Minne voin menn\u00e4 haastatteluun Italiassa?<\/h2>\n\n<p><strong>Yhdysvaltojen Rooman suurl\u00e4hetyst\u00f6<\/strong><br\/>Via Vittorio Veneto, 121, 00187 Roma.<br\/>Virallinen verkkosivusto: <a href=\"https:\/\/it.usembassy.gov\/\">it.usembassy.gov<\/a>.<\/p>\n\n<h2 class=\"wp-block-heading\">Usein kysytyt kysymykset italialaisten B2-viisumista<\/h2>\n\n<div class=\"schema-faq wp-block-yoast-faq-block\"><div class=\"schema-faq-section\" id=\"faq-question-1747998967682\"><strong class=\"schema-faq-question\"><strong>Kuinka kauan B2-viisumi on voimassa?<\/strong><\/strong> <p class=\"schema-faq-answer\">Viisumi on voimassa <strong>enint\u00e4\u00e4n 10 vuotta<\/strong>, mutta kukin oleskelu <strong>on rajoitettu enint\u00e4\u00e4n 6 kuukauteen<\/strong>.<\/p> <\/div> <div class=\"schema-faq-section\" id=\"faq-question-1747998984062\"><strong class=\"schema-faq-question\"><strong>Voinko jatkaa B2-viisumiani Yhdysvalloissa?<\/strong><\/strong> <p class=\"schema-faq-answer\">Kyll\u00e4, Yhdysvalloista voi <strong>pyyt\u00e4\u00e4 jatkoaikaa<\/strong>, mutta se on perusteltava.<\/p> <\/div> <div class=\"schema-faq-section\" id=\"faq-question-1747998994557\"><strong class=\"schema-faq-question\"><strong>Onko turvallisempaa hakea B2-viisumia kuin ESTA-viisumia?<\/strong><\/strong> <p class=\"schema-faq-answer\">Kyll\u00e4, varsinkin jos sinulta on ev\u00e4tty lupa tai jos haluat <strong>v\u00e4ltt\u00e4\u00e4 ep\u00e4\u00e4misen riskin<\/strong>.<\/p> <\/div> <\/div>\n","protected":false},"excerpt":{"rendered":"<p>B2-viisumi Yhdysvaltoihin matkustaville italialaisille Jos olet Italian kansalainen ja haluat matkustaa Yhdysvaltoihin matkailun, sukulaisvierailun tai l\u00e4\u00e4k\u00e4rik\u00e4ynnin vuoksi, tarvitset B2-viisumin. T\u00e4ss\u00e4 kattavassa oppaassa kerromme, miten saat B2-viisumin Yhdysvaltoihin italialaisille, mitk\u00e4 ovat viisumin ehdot, m\u00e4\u00e4r\u00e4ajat ja tarvittavat asiakirjat. Mik\u00e4 on B2-viisumi? Amerikkalainen B2-viisumi on ei-maahanmuuttajien viisumi, joka on tarkoitettu henkil\u00f6ille, jotka haluavat oleskella Yhdysvalloissa tilap\u00e4isesti : Matkailu, [&hellip;]<\/p>\n","protected":false},"author":1,"featured_media":0,"parent":0,"menu_order":0,"comment_status":"closed","ping_status":"closed","template":"","meta":{"footnotes":""},"class_list":["post-9126","page","type-page","status-publish","hentry"],"yoast_head":"<!-- This site is optimized with the Yoast SEO plugin v27.4 - https:\/\/yoast.com\/product\/yoast-seo-wordpress\/ -->\n<title>B2-viisumin hankkiminen Yhdysvaltoihin matkustavalle italialaiselle henkil\u00f6lle - USA B2<\/title>\n<meta name=\"description\" content=\"Jos olet italialainen ja haluat matkustaa Yhdysvaltoihin, voit saada B2-viisumin turisti- tai liikematkoja varten.\" \/>\n<meta name=\"robots\" content=\"index, follow, max-snippet:-1, max-image-preview:large, max-video-preview:-1\" \/>\n<link rel=\"canonical\" href=\"https:\/\/usa-b2.com\/fi\/b2-viisumi-italialaisille\/\" \/>\n<meta property=\"og:locale\" content=\"fi_FI\" \/>\n<meta property=\"og:type\" content=\"article\" \/>\n<meta property=\"og:title\" content=\"B2-viisumin hankkiminen Yhdysvaltoihin matkustavalle italialaiselle henkil\u00f6lle - USA B2\" \/>\n<meta property=\"og:description\" content=\"Jos olet italialainen ja haluat matkustaa Yhdysvaltoihin, voit saada B2-viisumin turisti- tai liikematkoja varten.\" \/>\n<meta property=\"og:url\" content=\"https:\/\/usa-b2.com\/fi\/b2-viisumi-italialaisille\/\" \/>\n<meta property=\"og:site_name\" content=\"USA B2\" \/>\n<meta property=\"article:modified_time\" content=\"2025-10-13T14:07:44+00:00\" \/>\n<meta name=\"twitter:card\" content=\"summary_large_image\" \/>\n<meta name=\"twitter:label1\" content=\"Arvioitu lukuaika\" \/>\n\t<meta name=\"twitter:data1\" content=\"1 minuutti\" \/>\n<script type=\"application\/ld+json\" class=\"yoast-schema-graph\">{\"@context\":\"https:\\\/\\\/schema.org\",\"@graph\":[{\"@type\":[\"WebPage\",\"FAQPage\"],\"@id\":\"https:\\\/\\\/usa-b2.com\\\/fi\\\/b2-viisumi-italialaisille\\\/\",\"url\":\"https:\\\/\\\/usa-b2.com\\\/fi\\\/b2-viisumi-italialaisille\\\/\",\"name\":\"B2-viisumin hankkiminen Yhdysvaltoihin matkustavalle italialaiselle henkil\u00f6lle - USA B2\",\"isPartOf\":{\"@id\":\"https:\\\/\\\/usa-b2.com\\\/fi\\\/#website\"},\"datePublished\":\"2025-05-23T09:31:31+00:00\",\"dateModified\":\"2025-10-13T14:07:44+00:00\",\"description\":\"Jos olet italialainen ja haluat matkustaa Yhdysvaltoihin, voit saada B2-viisumin turisti- tai liikematkoja varten.\",\"breadcrumb\":{\"@id\":\"https:\\\/\\\/usa-b2.com\\\/fi\\\/b2-viisumi-italialaisille\\\/#breadcrumb\"},\"mainEntity\":[{\"@id\":\"https:\\\/\\\/usa-b2.com\\\/fi\\\/b2-viisumi-italialaisille\\\/#faq-question-1747998967682\"},{\"@id\":\"https:\\\/\\\/usa-b2.com\\\/fi\\\/b2-viisumi-italialaisille\\\/#faq-question-1747998984062\"},{\"@id\":\"https:\\\/\\\/usa-b2.com\\\/fi\\\/b2-viisumi-italialaisille\\\/#faq-question-1747998994557\"}],\"inLanguage\":\"fi\",\"potentialAction\":[{\"@type\":\"ReadAction\",\"target\":[\"https:\\\/\\\/usa-b2.com\\\/fi\\\/b2-viisumi-italialaisille\\\/\"]}]},{\"@type\":\"BreadcrumbList\",\"@id\":\"https:\\\/\\\/usa-b2.com\\\/fi\\\/b2-viisumi-italialaisille\\\/#breadcrumb\",\"itemListElement\":[{\"@type\":\"ListItem\",\"position\":1,\"name\":\"Accueil\",\"item\":\"https:\\\/\\\/usa-b2.com\\\/fi\\\/usa\\\/\"},{\"@type\":\"ListItem\",\"position\":2,\"name\":\"B2-viisumin hankkiminen Yhdysvaltoihin matkustavalle italialaiselle henkil\u00f6lle\"}]},{\"@type\":\"WebSite\",\"@id\":\"https:\\\/\\\/usa-b2.com\\\/fi\\\/#website\",\"url\":\"https:\\\/\\\/usa-b2.com\\\/fi\\\/\",\"name\":\"USA B2 VISA\",\"description\":\"\",\"potentialAction\":[{\"@type\":\"SearchAction\",\"target\":{\"@type\":\"EntryPoint\",\"urlTemplate\":\"https:\\\/\\\/usa-b2.com\\\/fi\\\/?s={search_term_string}\"},\"query-input\":{\"@type\":\"PropertyValueSpecification\",\"valueRequired\":true,\"valueName\":\"search_term_string\"}}],\"inLanguage\":\"fi\"},{\"@type\":\"Question\",\"@id\":\"https:\\\/\\\/usa-b2.com\\\/fi\\\/b2-viisumi-italialaisille\\\/#faq-question-1747998967682\",\"position\":1,\"url\":\"https:\\\/\\\/usa-b2.com\\\/fi\\\/b2-viisumi-italialaisille\\\/#faq-question-1747998967682\",\"name\":\"Kuinka kauan B2-viisumi on voimassa?\",\"answerCount\":1,\"acceptedAnswer\":{\"@type\":\"Answer\",\"text\":\"Viisumi on voimassa <strong>enint\u00e4\u00e4n 10 vuotta<\\\/strong>, mutta kukin oleskelu <strong>on rajoitettu enint\u00e4\u00e4n 6 kuukauteen<\\\/strong>.\",\"inLanguage\":\"fi\"},\"inLanguage\":\"fi\"},{\"@type\":\"Question\",\"@id\":\"https:\\\/\\\/usa-b2.com\\\/fi\\\/b2-viisumi-italialaisille\\\/#faq-question-1747998984062\",\"position\":2,\"url\":\"https:\\\/\\\/usa-b2.com\\\/fi\\\/b2-viisumi-italialaisille\\\/#faq-question-1747998984062\",\"name\":\"Voinko jatkaa B2-viisumiani Yhdysvalloissa?\",\"answerCount\":1,\"acceptedAnswer\":{\"@type\":\"Answer\",\"text\":\"Kyll\u00e4, Yhdysvalloista voi <strong>pyyt\u00e4\u00e4 jatkoaikaa<\\\/strong>, mutta se on perusteltava.\",\"inLanguage\":\"fi\"},\"inLanguage\":\"fi\"},{\"@type\":\"Question\",\"@id\":\"https:\\\/\\\/usa-b2.com\\\/fi\\\/b2-viisumi-italialaisille\\\/#faq-question-1747998994557\",\"position\":3,\"url\":\"https:\\\/\\\/usa-b2.com\\\/fi\\\/b2-viisumi-italialaisille\\\/#faq-question-1747998994557\",\"name\":\"Onko turvallisempaa hakea B2-viisumia kuin ESTA-viisumia?\",\"answerCount\":1,\"acceptedAnswer\":{\"@type\":\"Answer\",\"text\":\"Kyll\u00e4, varsinkin jos sinulta on ev\u00e4tty lupa tai jos haluat <strong>v\u00e4ltt\u00e4\u00e4 ep\u00e4\u00e4misen riskin<\\\/strong>.\",\"inLanguage\":\"fi\"},\"inLanguage\":\"fi\"}]}<\/script>\n<!-- \/ Yoast SEO plugin. -->","yoast_head_json":{"title":"B2-viisumin hankkiminen Yhdysvaltoihin matkustavalle italialaiselle henkil\u00f6lle - USA B2","description":"Jos olet italialainen ja haluat matkustaa Yhdysvaltoihin, voit saada B2-viisumin turisti- tai liikematkoja varten.","robots":{"index":"index","follow":"follow","max-snippet":"max-snippet:-1","max-image-preview":"max-image-preview:large","max-video-preview":"max-video-preview:-1"},"canonical":"https:\/\/usa-b2.com\/fi\/b2-viisumi-italialaisille\/","og_locale":"fi_FI","og_type":"article","og_title":"B2-viisumin hankkiminen Yhdysvaltoihin matkustavalle italialaiselle henkil\u00f6lle - USA B2","og_description":"Jos olet italialainen ja haluat matkustaa Yhdysvaltoihin, voit saada B2-viisumin turisti- tai liikematkoja varten.","og_url":"https:\/\/usa-b2.com\/fi\/b2-viisumi-italialaisille\/","og_site_name":"USA B2","article_modified_time":"2025-10-13T14:07:44+00:00","twitter_card":"summary_large_image","twitter_misc":{"Arvioitu lukuaika":"1 minuutti"},"schema":{"@context":"https:\/\/schema.org","@graph":[{"@type":["WebPage","FAQPage"],"@id":"https:\/\/usa-b2.com\/fi\/b2-viisumi-italialaisille\/","url":"https:\/\/usa-b2.com\/fi\/b2-viisumi-italialaisille\/","name":"B2-viisumin hankkiminen Yhdysvaltoihin matkustavalle italialaiselle henkil\u00f6lle - USA B2","isPartOf":{"@id":"https:\/\/usa-b2.com\/fi\/#website"},"datePublished":"2025-05-23T09:31:31+00:00","dateModified":"2025-10-13T14:07:44+00:00","description":"Jos olet italialainen ja haluat matkustaa Yhdysvaltoihin, voit saada B2-viisumin turisti- tai liikematkoja varten.","breadcrumb":{"@id":"https:\/\/usa-b2.com\/fi\/b2-viisumi-italialaisille\/#breadcrumb"},"mainEntity":[{"@id":"https:\/\/usa-b2.com\/fi\/b2-viisumi-italialaisille\/#faq-question-1747998967682"},{"@id":"https:\/\/usa-b2.com\/fi\/b2-viisumi-italialaisille\/#faq-question-1747998984062"},{"@id":"https:\/\/usa-b2.com\/fi\/b2-viisumi-italialaisille\/#faq-question-1747998994557"}],"inLanguage":"fi","potentialAction":[{"@type":"ReadAction","target":["https:\/\/usa-b2.com\/fi\/b2-viisumi-italialaisille\/"]}]},{"@type":"BreadcrumbList","@id":"https:\/\/usa-b2.com\/fi\/b2-viisumi-italialaisille\/#breadcrumb","itemListElement":[{"@type":"ListItem","position":1,"name":"Accueil","item":"https:\/\/usa-b2.com\/fi\/usa\/"},{"@type":"ListItem","position":2,"name":"B2-viisumin hankkiminen Yhdysvaltoihin matkustavalle italialaiselle henkil\u00f6lle"}]},{"@type":"WebSite","@id":"https:\/\/usa-b2.com\/fi\/#website","url":"https:\/\/usa-b2.com\/fi\/","name":"USA B2 VISA","description":"","potentialAction":[{"@type":"SearchAction","target":{"@type":"EntryPoint","urlTemplate":"https:\/\/usa-b2.com\/fi\/?s={search_term_string}"},"query-input":{"@type":"PropertyValueSpecification","valueRequired":true,"valueName":"search_term_string"}}],"inLanguage":"fi"},{"@type":"Question","@id":"https:\/\/usa-b2.com\/fi\/b2-viisumi-italialaisille\/#faq-question-1747998967682","position":1,"url":"https:\/\/usa-b2.com\/fi\/b2-viisumi-italialaisille\/#faq-question-1747998967682","name":"Kuinka kauan B2-viisumi on voimassa?","answerCount":1,"acceptedAnswer":{"@type":"Answer","text":"Viisumi on voimassa <strong>enint\u00e4\u00e4n 10 vuotta<\/strong>, mutta kukin oleskelu <strong>on rajoitettu enint\u00e4\u00e4n 6 kuukauteen<\/strong>.","inLanguage":"fi"},"inLanguage":"fi"},{"@type":"Question","@id":"https:\/\/usa-b2.com\/fi\/b2-viisumi-italialaisille\/#faq-question-1747998984062","position":2,"url":"https:\/\/usa-b2.com\/fi\/b2-viisumi-italialaisille\/#faq-question-1747998984062","name":"Voinko jatkaa B2-viisumiani Yhdysvalloissa?","answerCount":1,"acceptedAnswer":{"@type":"Answer","text":"Kyll\u00e4, Yhdysvalloista voi <strong>pyyt\u00e4\u00e4 jatkoaikaa<\/strong>, mutta se on perusteltava.","inLanguage":"fi"},"inLanguage":"fi"},{"@type":"Question","@id":"https:\/\/usa-b2.com\/fi\/b2-viisumi-italialaisille\/#faq-question-1747998994557","position":3,"url":"https:\/\/usa-b2.com\/fi\/b2-viisumi-italialaisille\/#faq-question-1747998994557","name":"Onko turvallisempaa hakea B2-viisumia kuin ESTA-viisumia?","answerCount":1,"acceptedAnswer":{"@type":"Answer","text":"Kyll\u00e4, varsinkin jos sinulta on ev\u00e4tty lupa tai jos haluat <strong>v\u00e4ltt\u00e4\u00e4 ep\u00e4\u00e4misen riskin<\/strong>.","inLanguage":"fi"},"inLanguage":"fi"}]}},"_links":{"self":[{"href":"https:\/\/usa-b2.com\/fi\/wp-json\/wp\/v2\/pages\/9126","targetHints":{"allow":["GET"]}}],"collection":[{"href":"https:\/\/usa-b2.com\/fi\/wp-json\/wp\/v2\/pages"}],"about":[{"href":"https:\/\/usa-b2.com\/fi\/wp-json\/wp\/v2\/types\/page"}],"author":[{"embeddable":true,"href":"https:\/\/usa-b2.com\/fi\/wp-json\/wp\/v2\/users\/1"}],"replies":[{"embeddable":true,"href":"https:\/\/usa-b2.com\/fi\/wp-json\/wp\/v2\/comments?post=9126"}],"version-history":[{"count":3,"href":"https:\/\/usa-b2.com\/fi\/wp-json\/wp\/v2\/pages\/9126\/revisions"}],"predecessor-version":[{"id":10171,"href":"https:\/\/usa-b2.com\/fi\/wp-json\/wp\/v2\/pages\/9126\/revisions\/10171"}],"wp:attachment":[{"href":"https:\/\/usa-b2.com\/fi\/wp-json\/wp\/v2\/media?parent=9126"}],"curies":[{"name":"wp","href":"https:\/\/api.w.org\/{rel}","templated":true}]}}