{"id":9031,"date":"2025-05-14T12:29:33","date_gmt":"2025-05-14T12:29:33","guid":{"rendered":"https:\/\/usa-b2.com\/viisumi-b2-ranskan\/"},"modified":"2025-10-28T20:42:52","modified_gmt":"2025-10-28T20:42:52","slug":"viisumi-b2-ranskan","status":"publish","type":"page","link":"https:\/\/usa-b2.com\/fi\/viisumi-b2-ranskan\/","title":{"rendered":"B2-viisumi Yhdysvaltoihin matkustaville Ranskan kansalaisille"},"content":{"rendered":"\n<h1 class=\"wp-block-heading\">B2-viisumi Ranskan kansalaisille, jotka haluavat matkustaa Yhdysvaltoihin.<\/h1>\n\n<p>Jos olet Ranskan kansalainen ja haluat matkustaa Yhdysvaltoihin matkailun, sukulaisvierailun tai l\u00e4\u00e4k\u00e4rik\u00e4ynnin vuoksi, tarvitset <a href=\"https:\/\/usa-b2.com\/fi\/yhdysvallat-vierailijaviisumi\/\">B2-viisumin<\/a>. T\u00e4ss\u00e4 kattavassa oppaassa kerrotaan, miten <strong>Ranskan kansalaisille<\/strong> my\u00f6nnet\u00e4\u00e4n <strong>B2-viisumi Yhdysvaltoihin<\/strong>, mitk\u00e4 ovat viisumin saamisen edellytykset, m\u00e4\u00e4r\u00e4ajat ja vaadittavat asiakirjat.<\/p>\n\n<h2 class=\"wp-block-heading\">Mik\u00e4 on B2-viisumi?<\/h2>\n\n<p><strong>Amerikkalainen B2-viisumi<\/strong> on ei-maahanmuuttajien viisumi, joka on tarkoitettu henkil\u00f6ille, jotka haluavat oleskella Yhdysvalloissa tilap\u00e4isesti : Matkailu, loma, sairaanhoito tai sukulaisten luona vierailu.<\/p>\n\n<h2 class=\"wp-block-heading\">Tarvitsevatko Ranskan kansalaiset B2-viisumin?<\/h2>\n\n<p>Jos olet <strong>Ranskan kansalainen<\/strong> ja matkustat Yhdysvaltoihin alle 90 p\u00e4iv\u00e4ksi, voit periaatteessa k\u00e4ytt\u00e4\u00e4 <a href=\"https:\/\/usa-b2.com\/fi\/mika-on-esta\/\">s\u00e4hk\u00f6ist\u00e4 ESTA-matkustuslupaa<\/a>.<\/p>\n\n<p>Jos sinulta on kuitenkin jo ev\u00e4tty ESTA-viisumi, jos matkustat pidemm\u00e4ksi aikaa tai jos sinulla on korkea riskiprofiili, on parempi <a href=\"https:\/\/usa-b2.com\/fi\/hakumenettely-b2-viisumin\/\">hakea B2-viisumia Yhdysvaltoihin<\/a>.<\/p>\n\n<h2 class=\"wp-block-heading\">Miten haen B2-viisumia Ranskasta?<\/h2>\n\n<h3 class=\"wp-block-heading\">1. T\u00e4yt\u00e4 lomake DS-160 verkossa<\/h3>\n\n<p><a href=\"https:\/\/usa-b2.com\/fi\/ds-160\/\">Lomake DS-160<\/a> on pakollinen kaikissa turistiviisumihakemuksissa.<\/p>\n\n<h3 class=\"wp-block-heading\">2. Maksa hakemusmaksu<\/h3>\n\n<p><a href=\"https:\/\/usa-b2.com\/fr\/frais-visa-b2-usa\/\">B2-viisumin hinta<\/a> on <strong>185 Yhdysvaltain dollaria<\/strong>, ja se maksetaan verkossa.<\/p>\n\n<h3 class=\"wp-block-heading\">3. Varaa tapaaminen Yhdysvaltain Pariisin suurl\u00e4hetyst\u00f6st\u00e4.<\/h3>\n\n<p>Kaikkien hakijoiden on k\u00e4yt\u00e4v\u00e4 <a href=\"https:\/\/usa-b2.com\/fi\/usa-suurlahetyston-viisumivaraus\/\">haastattelussa Yhdysvaltain suurl\u00e4hetyst\u00f6ss\u00e4<\/a>.<\/p>\n\n<h3 class=\"wp-block-heading\">4. Valmistele tarvittavat asiakirjat<\/h3>\n\n<ul class=\"wp-block-list\">\n<li><a href=\"https:\/\/usa-b2.com\/fi\/passi-yhdysvaltoihin-matkustamista-varten\/\">voimassa oleva passi Yhdysvaltoihin matkustamista varten<\/a><\/li>\n\n\n\n<li>Passikuva<\/li>\n\n\n\n<li>Tilinp\u00e4\u00e4t\u00f6s<\/li>\n\n\n\n<li>Todisteet kiinnittymisest\u00e4 Ranskaan (ty\u00f6paikka, perhe, asunto jne.).<\/li>\n<\/ul>\n\n<h3 class=\"wp-block-heading\">5. Mene haastatteluun ja odota p\u00e4\u00e4t\u00f6st\u00e4<\/h3>\n\n<p>Haastattelun j\u00e4lkeen viisumi my\u00f6nnet\u00e4\u00e4n yleens\u00e4 <strong>7-15 ty\u00f6p\u00e4iv\u00e4n<\/strong> kuluessa.<\/p>\n\n<h2 class=\"wp-block-heading\">Miss\u00e4 voin tehd\u00e4 haastattelun Ranskassa?<\/h2>\n\n<p><strong>Yhdysvaltain suurl\u00e4hetyst\u00f6 Pariisissa<\/strong><br\/>2, avenue Gabriel, 75008 Paris<br\/>Virallinen verkkosivusto: <a>fr.usembassy.gov<\/a>.<\/p>\n\n<h2 class=\"wp-block-heading\">FAQ &#8211; B2-viisumi Ranskan kansalaisille<\/h2>\n\n<div class=\"schema-faq wp-block-yoast-faq-block\"><div class=\"schema-faq-section\" id=\"faq-question-1747226397065\"><strong class=\"schema-faq-question\">Kuinka kauan B2-viisumi on voimassa?<\/strong> <p class=\"schema-faq-answer\">Viisumi on voimassa <strong>enint\u00e4\u00e4n 10 vuotta<\/strong>, mutta kukin oleskelu <strong>on rajoitettu enint\u00e4\u00e4n 6 kuukauteen<\/strong>.<\/p> <\/div> <div class=\"schema-faq-section\" id=\"faq-question-1747226417090\"><strong class=\"schema-faq-question\">Voinko jatkaa B2-viisumiani Yhdysvalloissa?<\/strong> <p class=\"schema-faq-answer\">Kyll\u00e4, Yhdysvalloista voi <strong>pyyt\u00e4\u00e4 jatkoaikaa<\/strong>, mutta se on perusteltava.<\/p> <\/div> <div class=\"schema-faq-section\" id=\"faq-question-1747226429344\"><strong class=\"schema-faq-question\">Onko turvallisempaa hakea B2-viisumia kuin ESTA-viisumia?<\/strong> <p class=\"schema-faq-answer\">Kyll\u00e4, varsinkin jos sinulta on ev\u00e4tty lupa tai jos haluat <strong>v\u00e4ltt\u00e4\u00e4 ep\u00e4\u00e4misen riskin<\/strong>.<\/p> <\/div> <\/div>\n\n<p><\/p>\n","protected":false},"excerpt":{"rendered":"<p>B2-viisumi Ranskan kansalaisille, jotka haluavat matkustaa Yhdysvaltoihin. Jos olet Ranskan kansalainen ja haluat matkustaa Yhdysvaltoihin matkailun, sukulaisvierailun tai l\u00e4\u00e4k\u00e4rik\u00e4ynnin vuoksi, tarvitset B2-viisumin. T\u00e4ss\u00e4 kattavassa oppaassa kerrotaan, miten Ranskan kansalaisille my\u00f6nnet\u00e4\u00e4n B2-viisumi Yhdysvaltoihin, mitk\u00e4 ovat viisumin saamisen edellytykset, m\u00e4\u00e4r\u00e4ajat ja vaadittavat asiakirjat. Mik\u00e4 on B2-viisumi? Amerikkalainen B2-viisumi on ei-maahanmuuttajien viisumi, joka on tarkoitettu henkil\u00f6ille, jotka haluavat [&hellip;]<\/p>\n","protected":false},"author":1,"featured_media":0,"parent":0,"menu_order":0,"comment_status":"closed","ping_status":"closed","template":"","meta":{"footnotes":""},"class_list":["post-9031","page","type-page","status-publish","hentry"],"yoast_head":"<!-- This site is optimized with the Yoast SEO plugin v27.0 - https:\/\/yoast.com\/product\/yoast-seo-wordpress\/ -->\n<title>B2-viisumi Yhdysvaltoihin matkustaville Ranskan kansalaisille - USA B2<\/title>\n<meta name=\"description\" content=\"Jos olet Ranskan kansalainen, voit saada B2-viisumin suunniteltua oleskelua varten Yhdysvalloissa.\" \/>\n<meta name=\"robots\" content=\"index, follow, max-snippet:-1, max-image-preview:large, max-video-preview:-1\" \/>\n<link rel=\"canonical\" href=\"https:\/\/usa-b2.com\/fi\/viisumi-b2-ranskan\/\" \/>\n<meta property=\"og:locale\" content=\"fi_FI\" \/>\n<meta property=\"og:type\" content=\"article\" \/>\n<meta property=\"og:title\" content=\"B2-viisumi Yhdysvaltoihin matkustaville Ranskan kansalaisille - USA B2\" \/>\n<meta property=\"og:description\" content=\"Jos olet Ranskan kansalainen, voit saada B2-viisumin suunniteltua oleskelua varten Yhdysvalloissa.\" \/>\n<meta property=\"og:url\" content=\"https:\/\/usa-b2.com\/fi\/viisumi-b2-ranskan\/\" \/>\n<meta property=\"og:site_name\" content=\"USA B2\" \/>\n<meta property=\"article:modified_time\" content=\"2025-10-28T20:42:52+00:00\" \/>\n<meta name=\"twitter:card\" content=\"summary_large_image\" \/>\n<meta name=\"twitter:label1\" content=\"Arvioitu lukuaika\" \/>\n\t<meta name=\"twitter:data1\" content=\"1 minuutti\" \/>\n<script type=\"application\/ld+json\" class=\"yoast-schema-graph\">{\"@context\":\"https:\/\/schema.org\",\"@graph\":[{\"@type\":[\"WebPage\",\"FAQPage\"],\"@id\":\"https:\/\/usa-b2.com\/fi\/viisumi-b2-ranskan\/\",\"url\":\"https:\/\/usa-b2.com\/fi\/viisumi-b2-ranskan\/\",\"name\":\"B2-viisumi Yhdysvaltoihin matkustaville Ranskan kansalaisille - USA B2\",\"isPartOf\":{\"@id\":\"https:\/\/usa-b2.com\/fi\/#website\"},\"datePublished\":\"2025-05-14T12:29:33+00:00\",\"dateModified\":\"2025-10-28T20:42:52+00:00\",\"description\":\"Jos olet Ranskan kansalainen, voit saada B2-viisumin suunniteltua oleskelua varten Yhdysvalloissa.\",\"breadcrumb\":{\"@id\":\"https:\/\/usa-b2.com\/fi\/viisumi-b2-ranskan\/#breadcrumb\"},\"mainEntity\":[{\"@id\":\"https:\/\/usa-b2.com\/fi\/viisumi-b2-ranskan\/#faq-question-1747226397065\"},{\"@id\":\"https:\/\/usa-b2.com\/fi\/viisumi-b2-ranskan\/#faq-question-1747226417090\"},{\"@id\":\"https:\/\/usa-b2.com\/fi\/viisumi-b2-ranskan\/#faq-question-1747226429344\"}],\"inLanguage\":\"fi\",\"potentialAction\":[{\"@type\":\"ReadAction\",\"target\":[\"https:\/\/usa-b2.com\/fi\/viisumi-b2-ranskan\/\"]}]},{\"@type\":\"BreadcrumbList\",\"@id\":\"https:\/\/usa-b2.com\/fi\/viisumi-b2-ranskan\/#breadcrumb\",\"itemListElement\":[{\"@type\":\"ListItem\",\"position\":1,\"name\":\"Accueil\",\"item\":\"https:\/\/usa-b2.com\/fi\/roadtrips-usa\/\"},{\"@type\":\"ListItem\",\"position\":2,\"name\":\"B2-viisumi Yhdysvaltoihin matkustaville Ranskan kansalaisille\"}]},{\"@type\":\"WebSite\",\"@id\":\"https:\/\/usa-b2.com\/fi\/#website\",\"url\":\"https:\/\/usa-b2.com\/fi\/\",\"name\":\"USA B2 VISA\",\"description\":\"\",\"potentialAction\":[{\"@type\":\"SearchAction\",\"target\":{\"@type\":\"EntryPoint\",\"urlTemplate\":\"https:\/\/usa-b2.com\/fi\/?s={search_term_string}\"},\"query-input\":{\"@type\":\"PropertyValueSpecification\",\"valueRequired\":true,\"valueName\":\"search_term_string\"}}],\"inLanguage\":\"fi\"},{\"@type\":\"Question\",\"@id\":\"https:\/\/usa-b2.com\/fi\/viisumi-b2-ranskan\/#faq-question-1747226397065\",\"position\":1,\"url\":\"https:\/\/usa-b2.com\/fi\/viisumi-b2-ranskan\/#faq-question-1747226397065\",\"name\":\"Kuinka kauan B2-viisumi on voimassa?\",\"answerCount\":1,\"acceptedAnswer\":{\"@type\":\"Answer\",\"text\":\"Viisumi on voimassa <strong>enint\u00e4\u00e4n 10 vuotta<\/strong>, mutta kukin oleskelu <strong>on rajoitettu enint\u00e4\u00e4n 6 kuukauteen<\/strong>.\",\"inLanguage\":\"fi\"},\"inLanguage\":\"fi\"},{\"@type\":\"Question\",\"@id\":\"https:\/\/usa-b2.com\/fi\/viisumi-b2-ranskan\/#faq-question-1747226417090\",\"position\":2,\"url\":\"https:\/\/usa-b2.com\/fi\/viisumi-b2-ranskan\/#faq-question-1747226417090\",\"name\":\"Voinko jatkaa B2-viisumiani Yhdysvalloissa?\",\"answerCount\":1,\"acceptedAnswer\":{\"@type\":\"Answer\",\"text\":\"Kyll\u00e4, Yhdysvalloista voi <strong>pyyt\u00e4\u00e4 jatkoaikaa<\/strong>, mutta se on perusteltava.\",\"inLanguage\":\"fi\"},\"inLanguage\":\"fi\"},{\"@type\":\"Question\",\"@id\":\"https:\/\/usa-b2.com\/fi\/viisumi-b2-ranskan\/#faq-question-1747226429344\",\"position\":3,\"url\":\"https:\/\/usa-b2.com\/fi\/viisumi-b2-ranskan\/#faq-question-1747226429344\",\"name\":\"Onko turvallisempaa hakea B2-viisumia kuin ESTA-viisumia?\",\"answerCount\":1,\"acceptedAnswer\":{\"@type\":\"Answer\",\"text\":\"Kyll\u00e4, varsinkin jos sinulta on ev\u00e4tty lupa tai jos haluat <strong>v\u00e4ltt\u00e4\u00e4 ep\u00e4\u00e4misen riskin<\/strong>.\",\"inLanguage\":\"fi\"},\"inLanguage\":\"fi\"}]}<\/script>\n<!-- \/ Yoast SEO plugin. -->","yoast_head_json":{"title":"B2-viisumi Yhdysvaltoihin matkustaville Ranskan kansalaisille - USA B2","description":"Jos olet Ranskan kansalainen, voit saada B2-viisumin suunniteltua oleskelua varten Yhdysvalloissa.","robots":{"index":"index","follow":"follow","max-snippet":"max-snippet:-1","max-image-preview":"max-image-preview:large","max-video-preview":"max-video-preview:-1"},"canonical":"https:\/\/usa-b2.com\/fi\/viisumi-b2-ranskan\/","og_locale":"fi_FI","og_type":"article","og_title":"B2-viisumi Yhdysvaltoihin matkustaville Ranskan kansalaisille - USA B2","og_description":"Jos olet Ranskan kansalainen, voit saada B2-viisumin suunniteltua oleskelua varten Yhdysvalloissa.","og_url":"https:\/\/usa-b2.com\/fi\/viisumi-b2-ranskan\/","og_site_name":"USA B2","article_modified_time":"2025-10-28T20:42:52+00:00","twitter_card":"summary_large_image","twitter_misc":{"Arvioitu lukuaika":"1 minuutti"},"schema":{"@context":"https:\/\/schema.org","@graph":[{"@type":["WebPage","FAQPage"],"@id":"https:\/\/usa-b2.com\/fi\/viisumi-b2-ranskan\/","url":"https:\/\/usa-b2.com\/fi\/viisumi-b2-ranskan\/","name":"B2-viisumi Yhdysvaltoihin matkustaville Ranskan kansalaisille - USA B2","isPartOf":{"@id":"https:\/\/usa-b2.com\/fi\/#website"},"datePublished":"2025-05-14T12:29:33+00:00","dateModified":"2025-10-28T20:42:52+00:00","description":"Jos olet Ranskan kansalainen, voit saada B2-viisumin suunniteltua oleskelua varten Yhdysvalloissa.","breadcrumb":{"@id":"https:\/\/usa-b2.com\/fi\/viisumi-b2-ranskan\/#breadcrumb"},"mainEntity":[{"@id":"https:\/\/usa-b2.com\/fi\/viisumi-b2-ranskan\/#faq-question-1747226397065"},{"@id":"https:\/\/usa-b2.com\/fi\/viisumi-b2-ranskan\/#faq-question-1747226417090"},{"@id":"https:\/\/usa-b2.com\/fi\/viisumi-b2-ranskan\/#faq-question-1747226429344"}],"inLanguage":"fi","potentialAction":[{"@type":"ReadAction","target":["https:\/\/usa-b2.com\/fi\/viisumi-b2-ranskan\/"]}]},{"@type":"BreadcrumbList","@id":"https:\/\/usa-b2.com\/fi\/viisumi-b2-ranskan\/#breadcrumb","itemListElement":[{"@type":"ListItem","position":1,"name":"Accueil","item":"https:\/\/usa-b2.com\/fi\/roadtrips-usa\/"},{"@type":"ListItem","position":2,"name":"B2-viisumi Yhdysvaltoihin matkustaville Ranskan kansalaisille"}]},{"@type":"WebSite","@id":"https:\/\/usa-b2.com\/fi\/#website","url":"https:\/\/usa-b2.com\/fi\/","name":"USA B2 VISA","description":"","potentialAction":[{"@type":"SearchAction","target":{"@type":"EntryPoint","urlTemplate":"https:\/\/usa-b2.com\/fi\/?s={search_term_string}"},"query-input":{"@type":"PropertyValueSpecification","valueRequired":true,"valueName":"search_term_string"}}],"inLanguage":"fi"},{"@type":"Question","@id":"https:\/\/usa-b2.com\/fi\/viisumi-b2-ranskan\/#faq-question-1747226397065","position":1,"url":"https:\/\/usa-b2.com\/fi\/viisumi-b2-ranskan\/#faq-question-1747226397065","name":"Kuinka kauan B2-viisumi on voimassa?","answerCount":1,"acceptedAnswer":{"@type":"Answer","text":"Viisumi on voimassa <strong>enint\u00e4\u00e4n 10 vuotta<\/strong>, mutta kukin oleskelu <strong>on rajoitettu enint\u00e4\u00e4n 6 kuukauteen<\/strong>.","inLanguage":"fi"},"inLanguage":"fi"},{"@type":"Question","@id":"https:\/\/usa-b2.com\/fi\/viisumi-b2-ranskan\/#faq-question-1747226417090","position":2,"url":"https:\/\/usa-b2.com\/fi\/viisumi-b2-ranskan\/#faq-question-1747226417090","name":"Voinko jatkaa B2-viisumiani Yhdysvalloissa?","answerCount":1,"acceptedAnswer":{"@type":"Answer","text":"Kyll\u00e4, Yhdysvalloista voi <strong>pyyt\u00e4\u00e4 jatkoaikaa<\/strong>, mutta se on perusteltava.","inLanguage":"fi"},"inLanguage":"fi"},{"@type":"Question","@id":"https:\/\/usa-b2.com\/fi\/viisumi-b2-ranskan\/#faq-question-1747226429344","position":3,"url":"https:\/\/usa-b2.com\/fi\/viisumi-b2-ranskan\/#faq-question-1747226429344","name":"Onko turvallisempaa hakea B2-viisumia kuin ESTA-viisumia?","answerCount":1,"acceptedAnswer":{"@type":"Answer","text":"Kyll\u00e4, varsinkin jos sinulta on ev\u00e4tty lupa tai jos haluat <strong>v\u00e4ltt\u00e4\u00e4 ep\u00e4\u00e4misen riskin<\/strong>.","inLanguage":"fi"},"inLanguage":"fi"}]}},"_links":{"self":[{"href":"https:\/\/usa-b2.com\/fi\/wp-json\/wp\/v2\/pages\/9031","targetHints":{"allow":["GET"]}}],"collection":[{"href":"https:\/\/usa-b2.com\/fi\/wp-json\/wp\/v2\/pages"}],"about":[{"href":"https:\/\/usa-b2.com\/fi\/wp-json\/wp\/v2\/types\/page"}],"author":[{"embeddable":true,"href":"https:\/\/usa-b2.com\/fi\/wp-json\/wp\/v2\/users\/1"}],"replies":[{"embeddable":true,"href":"https:\/\/usa-b2.com\/fi\/wp-json\/wp\/v2\/comments?post=9031"}],"version-history":[{"count":2,"href":"https:\/\/usa-b2.com\/fi\/wp-json\/wp\/v2\/pages\/9031\/revisions"}],"predecessor-version":[{"id":10752,"href":"https:\/\/usa-b2.com\/fi\/wp-json\/wp\/v2\/pages\/9031\/revisions\/10752"}],"wp:attachment":[{"href":"https:\/\/usa-b2.com\/fi\/wp-json\/wp\/v2\/media?parent=9031"}],"curies":[{"name":"wp","href":"https:\/\/api.w.org\/{rel}","templated":true}]}}