{"id":8640,"date":"2025-03-18T12:32:41","date_gmt":"2025-03-18T12:32:41","guid":{"rendered":"https:\/\/usa-b2.com\/great-lakes-circle-tour\/"},"modified":"2025-04-10T18:33:42","modified_gmt":"2025-04-10T18:33:42","slug":"great-lakes-circle-tour","status":"publish","type":"page","link":"https:\/\/usa-b2.com\/fi\/great-lakes-circle-tour\/","title":{"rendered":"Great Lakes Circle Tour : Perimm\u00e4inen matka Suurten j\u00e4rvien ymp\u00e4ri"},"content":{"rendered":"\n<h1 class=\"wp-block-heading\">Great Lakes Circle Tour road trip: vaiheet, hotellit ja kuvauspaikat<\/h1>\n\n<p><a href=\"http:\/\/www.greatlakescircletour.org\/\">Great Lakes Circle Tour<\/a> on legendaarinen matkareitti, jonka avulla voit tutustua <a href=\"https:\/\/www.usa.gov\/\">Yhdysvaltojen<\/a> ja <a href=\"https:\/\/www.canada.ca\/en.html\">Kanadan<\/a> Suuriin j\u00e4rviin autolla. T\u00e4m\u00e4 upea road trip vie sinut mahtavien maisemien, vaikuttavien kansallispuistojen, eloisien kaupunkien ja unohtumattomien valokuvapaikkojen keskelle. Olitpa sitten romanttista pakomatkaa etsiv\u00e4 pariskunta tai mukaansatempaavaa seikkailua kaipaava perhe, t\u00e4m\u00e4 Pohjois-Amerikan viiden suurimman j\u00e4rven ymp\u00e4ri kiert\u00e4v\u00e4 kierros lupaa ainutlaatuisen kokemuksen.  <\/p>\n\n<figure class=\"wp-block-image size-large\"><img fetchpriority=\"high\" decoding=\"async\" width=\"1024\" height=\"576\" src=\"https:\/\/usa-b2.com\/wp-content\/uploads\/2025\/03\/Great-Lakes-Circle-Tour-USA-1-1024x576.jpg\" alt=\"\" class=\"wp-image-8374\" srcset=\"https:\/\/usa-b2.com\/wp-content\/uploads\/2025\/03\/Great-Lakes-Circle-Tour-USA-1-1024x576.jpg 1024w, https:\/\/usa-b2.com\/wp-content\/uploads\/2025\/03\/Great-Lakes-Circle-Tour-USA-1-300x169.jpg 300w, https:\/\/usa-b2.com\/wp-content\/uploads\/2025\/03\/Great-Lakes-Circle-Tour-USA-1-768x432.jpg 768w, https:\/\/usa-b2.com\/wp-content\/uploads\/2025\/03\/Great-Lakes-Circle-Tour-USA-1-1536x864.jpg 1536w, https:\/\/usa-b2.com\/wp-content\/uploads\/2025\/03\/Great-Lakes-Circle-Tour-USA-1-2048x1152.jpg 2048w\" sizes=\"(max-width: 1024px) 100vw, 1024px\" \/><\/figure>\n\n<h2 class=\"wp-block-heading\">Great Lakes Circle Tourin yksityiskohtainen matkasuunnitelma<\/h2>\n\n<p>Great Lakes Circle Tourin seuraaminen vaatii huolellista suunnittelua. T\u00e4ss\u00e4 on ehdotus matkasuunnitelmaksi, joka on optimoitu niin, ett\u00e4 voit tutustua pakollisiin n\u00e4ht\u00e4vyyksiin. <\/p>\n\n<h3 class=\"wp-block-heading\">L\u00e4ht\u00f6 Chicagosta (Michigan-j\u00e4rvi)<\/h3>\n\n<p>Aloita matkasi <a href=\"https:\/\/www.chicago.gov\/city\/en.html\">Chicagosta<\/a>, ikonisesta kaupungista, jossa on vaikuttavia pilvenpiirt\u00e4ji\u00e4. Nauti <a href=\"https:\/\/www.chicago.gov\/city\/en\/depts\/dca\/supp_info\/millennium_park.html\">Millennium Parkista<\/a>, <a href=\"https:\/\/navypier.org\/\">Navy Pierist\u00e4<\/a> ja risteilyst\u00e4 Chicagojoella. T\u00e4m\u00e4 el\u00e4v\u00e4inen kaupunki tarjoaa t\u00e4ydellisen johdannon automatkallesi ainutlaatuisella modernin arkkitehtuurin ja rauhallisen j\u00e4rvenrantamaiseman yhdistelm\u00e4ll\u00e4\u00e4n.  <\/p>\n\n<h3 class=\"wp-block-heading\">Michiganin ja Ontarion (Huron- ja Erie-j\u00e4rvi) ylitt\u00e4minen.<\/h3>\n\n<p>Jatka matkaasi <a href=\"https:\/\/detroitmi.gov\/\">Detroitiin<\/a>, joka on uudistumassa ja jossa teollisuushistoria kohtaa kulttuurin. Ylit\u00e4 Kanadan raja <a href=\"https:\/\/www.toronto.ca\/\">Torontoon<\/a>,<a href=\"https:\/\/www.ontario.ca\/page\/government-ontario\">Ontarion<\/a> dynaamiseen p\u00e4\u00e4kaupunkiin. \u00c4l\u00e4 j\u00e4t\u00e4 v\u00e4liin <a href=\"https:\/\/www.cntower.ca\/\">CN-tornia<\/a>, josta avautuu henke\u00e4salpaava n\u00e4kym\u00e4 kaupunkiin ja j\u00e4rvelle. Pys\u00e4hdy sitten <a href=\"https:\/\/niagarafalls.ca\/\">Niagaran<\/a> putouksilla, luonnonihmeell\u00e4, joka ei lakkaa h\u00e4mm\u00e4stytt\u00e4m\u00e4st\u00e4 k\u00e4vij\u00f6it\u00e4.   <\/p>\n\n<h3 class=\"wp-block-heading\">Suuntaa kohti Wisconsinia ja Minnesotaa (Lake Superior).<\/h3>\n\n<p>Takaisin Yhdysvalloissa voit tutustua <a href=\"https:\/\/duluthmn.gov\/\">Duluthiin<\/a>, Superior-j\u00e4rven rannikkokaupunkiin, jossa on henke\u00e4salpaavat maisemat. Suuntaa <a href=\"https:\/\/www.nps.gov\/piro\/index.htm\">Pictured Rocks National Lakeshore -j\u00e4rvialueelle<\/a>, joka tunnetaan v\u00e4rikk\u00e4ist\u00e4 kallioista ja eroosion muovaamista kalliomuodostelmista. P\u00e4\u00e4t\u00e4 t\u00e4m\u00e4 matkan osa k\u00e4ym\u00e4ll\u00e4 <a href=\"https:\/\/www.mackinacisland.org\/\">Mackinac-saarella<\/a>, jossa autot eiv\u00e4t ole sallittuja, joten se on t\u00e4ydellinen paikka py\u00f6r\u00e4retkelle tai hevosk\u00e4rryille.  <\/p>\n\n<h2 class=\"wp-block-heading\">Kauneimmat maisemat ja kansallispuistot<\/h2>\n\n<p>Great Lakes Circle Tour on t\u00e4ynn\u00e4 upeita n\u00e4k\u00f6aloja ja koskemattomia luonnonsuojelualueita, jotka ovat vierailun arvoisia.<\/p>\n\n<h3 class=\"wp-block-heading\">Pakolliset kansallispuistot<\/h3>\n\n<p>Luonnonyst\u00e4v\u00e4t eiv\u00e4t halua j\u00e4tt\u00e4\u00e4 v\u00e4liin <a href=\"http:\/\/www.isleroyale.info\/\">Isle Royalen kansallispuistoa<\/a>, joka on syrj\u00e4inen helmi, jonne p\u00e4\u00e4see vain veneell\u00e4 tai vesilentokoneella ja joka sopii erinomaisesti patikointiin ja villiel\u00e4inten tarkkailuun. Toinen ehdoton vierailukohde on <a href=\"https:\/\/www.sleepingbeardunes.com\/\">Sleeping Bear Dunes National Lakeshore<\/a>, jossa valtavat hiekkadyynit tarjoavat henke\u00e4salpaavat n\u00e4kym\u00e4t Michigan-j\u00e4rvelle. <\/p>\n\n<h3 class=\"wp-block-heading\">Henke\u00e4salpaavat maisemat<\/h3>\n\n<p>Suurten j\u00e4rvien kiertomatkat paljastavat monenlaisia maisemia laajoista rannoista tiheisiin metsiin ja vaikuttaviin kalliomuodostelmiin. <a href=\"https:\/\/wisconsindot.gov\/Pages\/online-srvcs\/external\/dmv.aspx\">Wisconsinissa<\/a> sijaitsevilla <a href=\"https:\/\/www.apostleisland.com\/\">Apostle-saarilla<\/a> on talvella upeita j\u00e4\u00e4luoloja ja kes\u00e4ll\u00e4 unohtumattomia melontaretki\u00e4. <a href=\"https:\/\/www.michigan.gov\/som\">Michiganissa<\/a> sijaitsevan <a href=\"https:\/\/picturedrocks.com\/fares-schedule\/\">Pictured Rocksin<\/a> kalliot puolestaan paljastavat upeita s\u00e4vyj\u00e4 vuodenaikojen vaihtuessa. <\/p>\n\n<h3 class=\"wp-block-heading\">Suositellut pys\u00e4hdyspaikat<\/h3>\n\n<p>Jos haluat ottaa matkasta kaiken irti, pys\u00e4hdy <a href=\"https:\/\/www.holland.org\/holland-state-park\/\">Holland State Parkissa<\/a>, joka on ihanteellinen paikka ihailla auringonlaskua ikonisen<a href=\"https:\/\/bigredlighthouse.com\/\">&#8221;Big Red&#8221;<\/a>-majakan yll\u00e4. Toinen pakollinen pys\u00e4hdyspaikka on tietenkin <a href=\"https:\/\/www.niagarafallsusa.com\/\">Niagaran putoukset<\/a>, jotka tarjoavat henke\u00e4salpaavia n\u00e4kymi\u00e4 ja aktiviteetteja, kuten risteily\u00e4 putousten alla tai veden takana olevien tunnelien tutkimista. <\/p>\n\n<h2 class=\"wp-block-heading\">Miss\u00e4 y\u00f6py\u00e4: suositellut kaupungit ja majoituspaikat<\/h2>\n\n<p>Suunnittele pys\u00e4hdykset niin, ett\u00e4 voit lev\u00e4t\u00e4 hyvin ja nauttia matkan jokaisesta vaiheesta.<\/p>\n\n<h3 class=\"wp-block-heading\">Suositeltavat kaupungit<\/h3>\n\n<p>Joillakin pys\u00e4hdyspaikoilla voit y\u00f6py\u00e4 ja tutustua ymp\u00e4r\u00f6iv\u00e4\u00e4n alueeseen. Chicago on ihanteellinen paikka aloittaa tai lopettaa matkasi, sill\u00e4 siell\u00e4 on monenlaisia hotelleja. Toronto on ehdoton valinta, jos haluat yhdist\u00e4\u00e4 kaupunkimukavuuden ja luonnonihmeiden l\u00e4heisyyden. Pohjoisempana sijaitseva Duluth on miellytt\u00e4v\u00e4 kohde, jossa voit viett\u00e4\u00e4 rentouttavan tauon ennen Superior-j\u00e4rven tutkimista.   <\/p>\n\n<h3 class=\"wp-block-heading\">Suositellut hotellit ja majatalot<\/h3>\n\n<figure class=\"wp-block-table\"><table class=\"has-fixed-layout\"><tbody><tr><td><strong>Kaupunki<\/strong><\/td><td><strong>Suositeltu hotelli<\/strong><\/td><td><strong>Majoitustyyppi<\/strong><\/td><\/tr><tr><td>Chicago<\/td><td><a href=\"https:\/\/www.langhamhospitalitygroup.com\/en\/\">Langham<\/a><\/td><td>Ylellinen<\/td><\/tr><tr><td>Toronto<\/td><td><a href=\"https:\/\/www.fairmont.com\/royal-york-toronto\/?goto=fiche_hotel&amp;code_hotel=A551&amp;merchantid=seo-maps-CA-A551&amp;sourceid=aw-cen&amp;utm_medium=seo%20maps&amp;utm_source=google%20Maps&amp;utm_campaign=seo%20maps\">Fairmont Royal York<\/a><\/td><td>Historia<\/td><\/tr><tr><td>Duluth<\/td><td><a href=\"https:\/\/inn.fitgers.com\/\">Fitger&#8217;s Inn<\/a><\/td><td>Rantaviiva<\/td><\/tr><\/tbody><\/table><\/figure>\n\n<h2 class=\"wp-block-heading\">Instagrammattavat valokuvapaikat<\/h2>\n\n<p>Ikuista matkasi upeilla otoksilla.<\/p>\n\n<h3 class=\"wp-block-heading\">Panoraaman\u00e4kym\u00e4t<\/h3>\n\n<p>Unohtumattoman valokuvan voit ottaa <a href=\"https:\/\/theskydeck.com\/\">Skydeck Chicagossa<\/a>, jossa<a href=\"https:\/\/www.willistower.com\/\"> Willis<\/a> Tower tarjoaa n\u00e4kym\u00e4n kaupunkiin lintuperspektiivist\u00e4. Niagaran putoukset on toinen ikoninen paikka, joka sopii t\u00e4ydellisesti luonnon voiman vangitsemiseen. <\/p>\n\n<h3 class=\"wp-block-heading\">Ep\u00e4tyypilliset paikat ainutlaatuisia valokuvia varten<\/h3>\n\n<p>Joissakin paikoissa on ainutlaatuinen tunnelma ja ymp\u00e4rist\u00f6, kuten Mackinac Island hevosvaunuineen ja vieh\u00e4tt\u00e4vine arkkitehtuurineen. Toinen vaihtoehto on <a href=\"https:\/\/duneclimbinn.com\/\">Dune Climb<\/a>, Sleeping Bear Dunes, jossa voit vangita poikkeuksellisen panoraaman Michigan-j\u00e4rvelle. <\/p>\n\n<h2 class=\"wp-block-heading\">Aktiviteetteja pariskunnille<\/h2>\n\n<p>Suurten j\u00e4rvien kiertomatka on ihanteellinen pakomatka seikkailua ja romantiikkaa etsiville pariskunnille.<\/p>\n\n<h3 class=\"wp-block-heading\">Romanttiset kokemukset<\/h3>\n\n<p>Koe ainutlaatuinen hetki illallisristeilyll\u00e4 Michigan-j\u00e4rvell\u00e4, josta avautuu henke\u00e4salpaava n\u00e4kym\u00e4 Chicagon valoihin. Valitse hyvinvointi- ja hyvinvointilomalle Toronton l\u00e4mp\u00f6kylpyl\u00e4, jossa rentoutuminen on taattu henke\u00e4salpaavalla j\u00e4rvin\u00e4kym\u00e4ll\u00e4. <\/p>\n\n<h3 class=\"wp-block-heading\">Toimintaa kahdelle luonnossa<\/h3>\n\n<p>Luonnossa viihtyv\u00e4t pariskunnat rakastavat vaellusta Isle Royalella, joka on villi ja koskematon paikka. Toinen unohtumaton vaihtoehto on auringonlasku Holland State Parkissa, joka on idyllinen paikka romanttiselle lomalle. <\/p>\n\n<h2 class=\"wp-block-heading\">Perhetoiminta<\/h2>\n\n<p>Lasten kanssa Great Lakes Circle Tour -matkasta voi tulla ikimuistoinen kokemus, jos valitset oikeat aktiviteetit.<\/p>\n\n<h3 class=\"wp-block-heading\">Puistot ja n\u00e4ht\u00e4vyydet lapsille<\/h3>\n\n<p>Perheet rakastavat vierailua Chicagossa sijaitsevassa <a href=\"https:\/\/www.sheddaquarium.org\/\">Shedd Aquariumissa<\/a>, joka tarjoaa kiehtovan uppoutumisen merelliseen maailmaan. J\u00e4nnityst\u00e4 kaipaaville erinomainen vaihtoehto on Torontossa sijaitseva <a href=\"https:\/\/www.canadaswonderland.com\/\">Canada&#8217;s Wonderland<\/a>, jonka monet n\u00e4ht\u00e4vyydet sopivat nuoremmille k\u00e4vij\u00f6ille. <\/p>\n\n<h3 class=\"wp-block-heading\">Hauskoja ja vuorovaikutteisia kokemuksia<\/h3>\n\n<p>Autoista innostuneet lapset rakastavat Detroitissa sijaitsevaa Ford-museota, jossa autojen historia her\u00e4\u00e4 eloon. Jos kaipaat luonnonl\u00e4heisemp\u00e4\u00e4 seikkailua, l\u00e4hde risteilylle <a href=\"https:\/\/www.leeds1000islands.ca\/en\/Index.aspx\">Ontariossa sijaitseville Thousand Islands &#8211;<\/a> saarille ja tutustu ainutlaatuiseen maisemaan, jossa yhdistyv\u00e4t historia ja luonto. <\/p>\n\n<p>Great Lakes Circle Tour on ainutlaatuinen <a href=\"https:\/\/usa-b2.com\/fi\/\">amerikkalainen roadtrip<\/a>, jossa yhdistyv\u00e4t mahtava luonto, kaupunkil\u00f6yd\u00f6t ja unohtumattomat kokemukset. Olitpa sitten romantiikkaa etsiv\u00e4 pariskunta tai hauskanpitoa etsiv\u00e4 perhe, t\u00e4ll\u00e4 matkalla on jokaiselle jotakin. Pakkaa road trip, nappaa kamera mukaan ja l\u00e4hde valloittamaan Suurten j\u00e4rvien ihmeit\u00e4!  <\/p>\n\n<p><\/p>\n","protected":false},"excerpt":{"rendered":"<p>Great Lakes Circle Tour road trip: vaiheet, hotellit ja kuvauspaikat Great Lakes Circle Tour on legendaarinen matkareitti, jonka avulla voit tutustua Yhdysvaltojen ja Kanadan Suuriin j\u00e4rviin autolla. T\u00e4m\u00e4 upea road trip vie sinut mahtavien maisemien, vaikuttavien kansallispuistojen, eloisien kaupunkien ja unohtumattomien valokuvapaikkojen keskelle. Olitpa sitten romanttista pakomatkaa etsiv\u00e4 pariskunta tai mukaansatempaavaa seikkailua kaipaava perhe, t\u00e4m\u00e4 [&hellip;]<\/p>\n","protected":false},"author":1,"featured_media":0,"parent":0,"menu_order":0,"comment_status":"closed","ping_status":"closed","template":"","meta":{"footnotes":""},"class_list":["post-8640","page","type-page","status-publish","hentry"],"yoast_head":"<!-- This site is optimized with the Yoast SEO plugin v27.4 - https:\/\/yoast.com\/product\/yoast-seo-wordpress\/ -->\n<title>Great Lakes Circle Tour : Perimm\u00e4inen matka Suurten j\u00e4rvien ymp\u00e4ri - USA B2<\/title>\n<meta name=\"description\" content=\"Tutustu Great Lakes Circle Touriin, eeppiseen Suurten j\u00e4rvien kiertomatkaan, jossa on matkareitti, maisemat, majoitus ja aktiviteetit.\" \/>\n<meta name=\"robots\" content=\"index, follow, max-snippet:-1, max-image-preview:large, max-video-preview:-1\" \/>\n<link rel=\"canonical\" href=\"https:\/\/usa-b2.com\/fi\/great-lakes-circle-tour\/\" \/>\n<meta property=\"og:locale\" content=\"fi_FI\" \/>\n<meta property=\"og:type\" content=\"article\" \/>\n<meta property=\"og:title\" content=\"Great Lakes Circle Tour : Perimm\u00e4inen matka Suurten j\u00e4rvien ymp\u00e4ri - USA B2\" \/>\n<meta property=\"og:description\" content=\"Tutustu Great Lakes Circle Touriin, eeppiseen Suurten j\u00e4rvien kiertomatkaan, jossa on matkareitti, maisemat, majoitus ja aktiviteetit.\" \/>\n<meta property=\"og:url\" content=\"https:\/\/usa-b2.com\/fi\/great-lakes-circle-tour\/\" \/>\n<meta property=\"og:site_name\" content=\"USA B2\" \/>\n<meta property=\"article:modified_time\" content=\"2025-04-10T18:33:42+00:00\" \/>\n<meta property=\"og:image\" content=\"https:\/\/usa-b2.com\/wp-content\/uploads\/2025\/03\/Great-Lakes-Circle-Tour-USA-1-scaled.jpg\" \/>\n\t<meta property=\"og:image:width\" content=\"2560\" \/>\n\t<meta property=\"og:image:height\" content=\"1440\" \/>\n\t<meta property=\"og:image:type\" content=\"image\/jpeg\" \/>\n<meta name=\"twitter:card\" content=\"summary_large_image\" \/>\n<meta name=\"twitter:label1\" content=\"Arvioitu lukuaika\" \/>\n\t<meta name=\"twitter:data1\" content=\"4 minuuttia\" \/>\n<script type=\"application\/ld+json\" class=\"yoast-schema-graph\">{\"@context\":\"https:\\\/\\\/schema.org\",\"@graph\":[{\"@type\":\"WebPage\",\"@id\":\"https:\\\/\\\/usa-b2.com\\\/fi\\\/great-lakes-circle-tour\\\/\",\"url\":\"https:\\\/\\\/usa-b2.com\\\/fi\\\/great-lakes-circle-tour\\\/\",\"name\":\"Great Lakes Circle Tour : Perimm\u00e4inen matka Suurten j\u00e4rvien ymp\u00e4ri - USA B2\",\"isPartOf\":{\"@id\":\"https:\\\/\\\/usa-b2.com\\\/fi\\\/#website\"},\"primaryImageOfPage\":{\"@id\":\"https:\\\/\\\/usa-b2.com\\\/fi\\\/great-lakes-circle-tour\\\/#primaryimage\"},\"image\":{\"@id\":\"https:\\\/\\\/usa-b2.com\\\/fi\\\/great-lakes-circle-tour\\\/#primaryimage\"},\"thumbnailUrl\":\"https:\\\/\\\/usa-b2.com\\\/wp-content\\\/uploads\\\/2025\\\/03\\\/Great-Lakes-Circle-Tour-USA-1-1024x576.jpg\",\"datePublished\":\"2025-03-18T12:32:41+00:00\",\"dateModified\":\"2025-04-10T18:33:42+00:00\",\"description\":\"Tutustu Great Lakes Circle Touriin, eeppiseen Suurten j\u00e4rvien kiertomatkaan, jossa on matkareitti, maisemat, majoitus ja aktiviteetit.\",\"breadcrumb\":{\"@id\":\"https:\\\/\\\/usa-b2.com\\\/fi\\\/great-lakes-circle-tour\\\/#breadcrumb\"},\"inLanguage\":\"fi\",\"potentialAction\":[{\"@type\":\"ReadAction\",\"target\":[\"https:\\\/\\\/usa-b2.com\\\/fi\\\/great-lakes-circle-tour\\\/\"]}]},{\"@type\":\"ImageObject\",\"inLanguage\":\"fi\",\"@id\":\"https:\\\/\\\/usa-b2.com\\\/fi\\\/great-lakes-circle-tour\\\/#primaryimage\",\"url\":\"https:\\\/\\\/usa-b2.com\\\/wp-content\\\/uploads\\\/2025\\\/03\\\/Great-Lakes-Circle-Tour-USA-1-1024x576.jpg\",\"contentUrl\":\"https:\\\/\\\/usa-b2.com\\\/wp-content\\\/uploads\\\/2025\\\/03\\\/Great-Lakes-Circle-Tour-USA-1-1024x576.jpg\"},{\"@type\":\"BreadcrumbList\",\"@id\":\"https:\\\/\\\/usa-b2.com\\\/fi\\\/great-lakes-circle-tour\\\/#breadcrumb\",\"itemListElement\":[{\"@type\":\"ListItem\",\"position\":1,\"name\":\"Accueil\",\"item\":\"https:\\\/\\\/usa-b2.com\\\/fi\\\/usa\\\/\"},{\"@type\":\"ListItem\",\"position\":2,\"name\":\"Great Lakes Circle Tour : Perimm\u00e4inen matka Suurten j\u00e4rvien ymp\u00e4ri\"}]},{\"@type\":\"WebSite\",\"@id\":\"https:\\\/\\\/usa-b2.com\\\/fi\\\/#website\",\"url\":\"https:\\\/\\\/usa-b2.com\\\/fi\\\/\",\"name\":\"USA B2 VISA\",\"description\":\"\",\"potentialAction\":[{\"@type\":\"SearchAction\",\"target\":{\"@type\":\"EntryPoint\",\"urlTemplate\":\"https:\\\/\\\/usa-b2.com\\\/fi\\\/?s={search_term_string}\"},\"query-input\":{\"@type\":\"PropertyValueSpecification\",\"valueRequired\":true,\"valueName\":\"search_term_string\"}}],\"inLanguage\":\"fi\"}]}<\/script>\n<!-- \/ Yoast SEO plugin. -->","yoast_head_json":{"title":"Great Lakes Circle Tour : Perimm\u00e4inen matka Suurten j\u00e4rvien ymp\u00e4ri - USA B2","description":"Tutustu Great Lakes Circle Touriin, eeppiseen Suurten j\u00e4rvien kiertomatkaan, jossa on matkareitti, maisemat, majoitus ja aktiviteetit.","robots":{"index":"index","follow":"follow","max-snippet":"max-snippet:-1","max-image-preview":"max-image-preview:large","max-video-preview":"max-video-preview:-1"},"canonical":"https:\/\/usa-b2.com\/fi\/great-lakes-circle-tour\/","og_locale":"fi_FI","og_type":"article","og_title":"Great Lakes Circle Tour : Perimm\u00e4inen matka Suurten j\u00e4rvien ymp\u00e4ri - USA B2","og_description":"Tutustu Great Lakes Circle Touriin, eeppiseen Suurten j\u00e4rvien kiertomatkaan, jossa on matkareitti, maisemat, majoitus ja aktiviteetit.","og_url":"https:\/\/usa-b2.com\/fi\/great-lakes-circle-tour\/","og_site_name":"USA B2","article_modified_time":"2025-04-10T18:33:42+00:00","og_image":[{"width":2560,"height":1440,"url":"https:\/\/usa-b2.com\/wp-content\/uploads\/2025\/03\/Great-Lakes-Circle-Tour-USA-1-scaled.jpg","type":"image\/jpeg"}],"twitter_card":"summary_large_image","twitter_misc":{"Arvioitu lukuaika":"4 minuuttia"},"schema":{"@context":"https:\/\/schema.org","@graph":[{"@type":"WebPage","@id":"https:\/\/usa-b2.com\/fi\/great-lakes-circle-tour\/","url":"https:\/\/usa-b2.com\/fi\/great-lakes-circle-tour\/","name":"Great Lakes Circle Tour : Perimm\u00e4inen matka Suurten j\u00e4rvien ymp\u00e4ri - USA B2","isPartOf":{"@id":"https:\/\/usa-b2.com\/fi\/#website"},"primaryImageOfPage":{"@id":"https:\/\/usa-b2.com\/fi\/great-lakes-circle-tour\/#primaryimage"},"image":{"@id":"https:\/\/usa-b2.com\/fi\/great-lakes-circle-tour\/#primaryimage"},"thumbnailUrl":"https:\/\/usa-b2.com\/wp-content\/uploads\/2025\/03\/Great-Lakes-Circle-Tour-USA-1-1024x576.jpg","datePublished":"2025-03-18T12:32:41+00:00","dateModified":"2025-04-10T18:33:42+00:00","description":"Tutustu Great Lakes Circle Touriin, eeppiseen Suurten j\u00e4rvien kiertomatkaan, jossa on matkareitti, maisemat, majoitus ja aktiviteetit.","breadcrumb":{"@id":"https:\/\/usa-b2.com\/fi\/great-lakes-circle-tour\/#breadcrumb"},"inLanguage":"fi","potentialAction":[{"@type":"ReadAction","target":["https:\/\/usa-b2.com\/fi\/great-lakes-circle-tour\/"]}]},{"@type":"ImageObject","inLanguage":"fi","@id":"https:\/\/usa-b2.com\/fi\/great-lakes-circle-tour\/#primaryimage","url":"https:\/\/usa-b2.com\/wp-content\/uploads\/2025\/03\/Great-Lakes-Circle-Tour-USA-1-1024x576.jpg","contentUrl":"https:\/\/usa-b2.com\/wp-content\/uploads\/2025\/03\/Great-Lakes-Circle-Tour-USA-1-1024x576.jpg"},{"@type":"BreadcrumbList","@id":"https:\/\/usa-b2.com\/fi\/great-lakes-circle-tour\/#breadcrumb","itemListElement":[{"@type":"ListItem","position":1,"name":"Accueil","item":"https:\/\/usa-b2.com\/fi\/usa\/"},{"@type":"ListItem","position":2,"name":"Great Lakes Circle Tour : Perimm\u00e4inen matka Suurten j\u00e4rvien ymp\u00e4ri"}]},{"@type":"WebSite","@id":"https:\/\/usa-b2.com\/fi\/#website","url":"https:\/\/usa-b2.com\/fi\/","name":"USA B2 VISA","description":"","potentialAction":[{"@type":"SearchAction","target":{"@type":"EntryPoint","urlTemplate":"https:\/\/usa-b2.com\/fi\/?s={search_term_string}"},"query-input":{"@type":"PropertyValueSpecification","valueRequired":true,"valueName":"search_term_string"}}],"inLanguage":"fi"}]}},"_links":{"self":[{"href":"https:\/\/usa-b2.com\/fi\/wp-json\/wp\/v2\/pages\/8640","targetHints":{"allow":["GET"]}}],"collection":[{"href":"https:\/\/usa-b2.com\/fi\/wp-json\/wp\/v2\/pages"}],"about":[{"href":"https:\/\/usa-b2.com\/fi\/wp-json\/wp\/v2\/types\/page"}],"author":[{"embeddable":true,"href":"https:\/\/usa-b2.com\/fi\/wp-json\/wp\/v2\/users\/1"}],"replies":[{"embeddable":true,"href":"https:\/\/usa-b2.com\/fi\/wp-json\/wp\/v2\/comments?post=8640"}],"version-history":[{"count":0,"href":"https:\/\/usa-b2.com\/fi\/wp-json\/wp\/v2\/pages\/8640\/revisions"}],"wp:attachment":[{"href":"https:\/\/usa-b2.com\/fi\/wp-json\/wp\/v2\/media?parent=8640"}],"curies":[{"name":"wp","href":"https:\/\/api.w.org\/{rel}","templated":true}]}}