{"id":8548,"date":"2025-04-10T16:14:56","date_gmt":"2025-04-10T16:14:56","guid":{"rendered":"https:\/\/usa-b2.com\/yhdysvaltain-b1-b2-viisumi\/"},"modified":"2025-10-28T20:43:45","modified_gmt":"2025-10-28T20:43:45","slug":"yhdysvaltain-b1-b2-viisumi","status":"publish","type":"page","link":"https:\/\/usa-b2.com\/fi\/yhdysvaltain-b1-b2-viisumi\/","title":{"rendered":"B1\/B2-viisumi Yhdysvaltoihin"},"content":{"rendered":"\n<h1 class=\"wp-block-heading\">b1b2-viisumi Yhdysvaltoihin matkustettaessa<\/h1>\n\n<p><strong>B1\/B2-viisumi<\/strong> on yleisin <a href=\"https:\/\/usa-b2.com\/fi\/yhdysvallat-vierailijaviisumi\/\">Yhdysvaltain vierailijaviisumi<\/a>. T\u00e4m\u00e4 viisumi on ihanteellinen ratkaisu <strong>tilap\u00e4iseen oleskeluun<\/strong> Yhdysvaltojen maaper\u00e4ll\u00e4 riippumatta siit\u00e4, oletko liikematkalla vai huvimatkalla. T\u00e4ss\u00e4 oppaassa kerrotaan kaikki, mit\u00e4 sinun tarvitsee tiet\u00e4\u00e4 <strong>B1\/B2-viisumista<\/strong>, sen ehdoista, hy\u00f6dyllisyydest\u00e4 ja hakemisesta.  <\/p>\n\n<h2 class=\"wp-block-heading\">Mik\u00e4 on B1\/B2-viisumi?<\/h2>\n\n<p><strong>B1\/B2-viisumi<\/strong> on Yhdysvaltain viranomaisten my\u00f6nt\u00e4m\u00e4 <strong>viisumi, joka ei ole maahanmuuttajaviisumi<\/strong>, ja se on tarkoitettu henkil\u00f6ille, jotka haluavat saapua Yhdysvaltoihin tilap\u00e4isesti.<\/p>\n\n<ul class=\"wp-block-list\">\n<li><a href=\"https:\/\/usa-b2.com\/fi\/b1-viisumi\/\">B1-viisumi<\/a> on tarkoitettu <strong>liikematkoihin<\/strong> (kokoukset, konferenssit, sopimukset jne.).<\/li>\n\n\n\n<li><a href=\"https:\/\/usa-b2.com\/fi\/b2-viisumi\/\">B2-viisumi<\/a> on tarkoitettu <strong>matkailuun, perhevierailuihin tai sairaanhoitoon<\/strong>.<\/li>\n\n\n\n<li>Ne yhdistet\u00e4\u00e4n usein <strong>B1\/B2-viisumiin<\/strong>, mik\u00e4 tarkoittaa, ett\u00e4 voit matkustaa molempiin tarkoituksiin samalla asiakirjalla.<\/li>\n<\/ul>\n\n<div style=\"height:20px\" aria-hidden=\"true\" class=\"wp-block-spacer\"><\/div>\n\n<h2 class=\"wp-block-heading\">Kuka voi hakea B1\/B2-viisumia Yhdysvaltoihin?<\/h2>\n\n<p>Kaikki, jotka eiv\u00e4t ole oikeutettuja <a href=\"https:\/\/usa-b2.com\/fi\/mika-on-esta\/\">ESTA-ohjelmaan<\/a> tai jotka haluavat oleskella Yhdysvalloissa <strong>yli 90 p\u00e4iv\u00e4\u00e4<\/strong>, voivat hakea <strong>Yhdysvaltojen B1 B2-viisumia<\/strong>. Se on erityisen hy\u00f6dyllinen : <\/p>\n\n<ul class=\"wp-block-list\">\n<li>sellaisten maiden kansalaiset, jotka eiv\u00e4t ole <a href=\"https:\/\/usa-b2.com\/fi\/viisumivapausohjelma\/\">viisumivapausohjelman<\/a> j\u00e4seni\u00e4.<\/li>\n\n\n\n<li>Henkil\u00f6t, jotka tarvitsevat enemm\u00e4n joustavuutta oleskelunsa keston tai tarkoituksen suhteen.<\/li>\n\n\n\n<li>Matkustajat, joilta on jo ev\u00e4tty ESTA-lupa<\/li>\n<\/ul>\n\n<div style=\"height:20px\" aria-hidden=\"true\" class=\"wp-block-spacer\"><\/div>\n\n<h2 class=\"wp-block-heading\">B1 B2-viisumin voimassaoloaika ja ehdot<\/h2>\n\n<p><strong>Yhdysvaltain B1\/B2-viisumi<\/strong> voi olla voimassa <strong>1-10<\/strong> vuotta asuinmaastasi ja Yhdysvaltain konsulaatin p\u00e4\u00e4t\u00f6ksist\u00e4 riippuen. Se oikeuttaa : <\/p>\n\n<ul class=\"wp-block-list\">\n<li>Enint\u00e4\u00e4n 6 kuukauden <strong>tilap\u00e4inen oleskelu<\/strong> maahantuloa kohti.<\/li>\n\n\n\n<li><strong>Useita maahantuloja<\/strong> Yhdysvaltoihin voimassaoloaikana.<\/li>\n\n\n\n<li>Ei lupaa palkkaty\u00f6h\u00f6n tai opiskeluun<\/li>\n<\/ul>\n\n<p>\ud83d\udd17 Katso my\u00f6s: <a href=\"https:\/\/usa-b2.com\/fi\/ero-viisumin-ja-esta-n-valilla\/\">ESTA:n ja viisumin ero<\/a><br\/>\ud83d\udd17 Katso my\u00f6s: <a href=\"https:\/\/usa-b2.com\/fi\/passi-yhdysvaltoihin-matkustamista-varten\/\">Voimassa oleva passi Yhdysvaltoihin matkustamista varten<\/a>.<\/p>\n\n<h2 class=\"wp-block-heading\">Miten saan B1 B2-viisumin Yhdysvaltoihin?<\/h2>\n\n<h3 class=\"wp-block-heading\">1. T\u00e4yt\u00e4 lomake DS-160<\/h3>\n\n<p><a href=\"https:\/\/usa-b2.com\/fi\/ds-160\/\">Virallinen DS-160-lomake<\/a> kaikkia <strong>Yhdysvaltojen muita kuin maahanmuuttajia<\/strong> koskevia <strong>viisumihakemuksia<\/strong> varten.<\/p>\n\n<h3 class=\"wp-block-heading\">2. Maksa hakemusmaksu<\/h3>\n\n<p><a href=\"https:\/\/usa-b2.com\/fr\/frais-visa-b2-usa\/\">Viisumin hinta<\/a> vaihtelee valitun Yhdysvaltain viisumityypin mukaan. Yleens\u00e4 <strong>B1\/B2-viisumi<\/strong> maksaa noin <strong>185 Yhdysvaltain dollaria<\/strong> hallinnollisia maksuja, jotka on maksettava <a href=\"https:\/\/usa-b2.com\/fi\/hakumenettely-b2-viisumin\/\">viisumia ha<\/a>ettaessa. <\/p>\n\n<h3 class=\"wp-block-heading\">3. Varaa aika Yhdysvaltain suurl\u00e4hetyst\u00f6st\u00e4<\/h3>\n\n<p>Haastattelu on <strong>pakollinen<\/strong> useimmille hakijoille. Sinun on selitett\u00e4v\u00e4 matkasi syyt. Katso artikkeli <a href=\"https:\/\/usa-b2.com\/fi\/usa-suurlahetyston-viisumivaraus\/\">Yhdysvaltain suurl\u00e4hetyst\u00f6n tapaamisesta<\/a> valmistautuaksesi t\u00e4h\u00e4n t\u00e4rke\u00e4\u00e4n vaiheeseen.  <\/p>\n\n<h3 class=\"wp-block-heading\">4. Valmistele tarvittavat asiakirjat<\/h3>\n\n<ul class=\"wp-block-list\">\n<li><a href=\"https:\/\/usa-b2.com\/fi\/passi-yhdysvaltoihin-matkustamista-varten\/\">Voimassa oleva passi Yhdysvaltoihin<\/a><\/li>\n\n\n\n<li>Passikuva<\/li>\n\n\n\n<li>Todisteet varoista, matkasuunnitelma, kutsukirjeet (tarvittaessa).<\/li>\n<\/ul>\n\n<h3 class=\"wp-block-heading\">5. Odota p\u00e4\u00e4t\u00f6st\u00e4<\/h3>\n\n<p><strong>Ajokortin saaminen kest\u00e4\u00e4<\/strong> vaihtelevasti. Keskim\u00e4\u00e4rin <strong>1-4 viikkoa<\/strong>. <br\/><\/p>\n\n<h2 class=\"wp-block-heading\">Kuva b1\/b2-viisumin hakuprosessista<\/h2>\n\n<figure class=\"wp-block-image size-large\"><img fetchpriority=\"high\" decoding=\"async\" width=\"683\" height=\"1024\" src=\"https:\/\/usa-b2.com\/wp-content\/uploads\/2025\/04\/us-visa-b1b2-683x1024.png\" alt=\"Miten saada B1 B2-viisumi\" class=\"wp-image-8440\" srcset=\"https:\/\/usa-b2.com\/wp-content\/uploads\/2025\/04\/us-visa-b1b2-683x1024.png 683w, https:\/\/usa-b2.com\/wp-content\/uploads\/2025\/04\/us-visa-b1b2-200x300.png 200w, https:\/\/usa-b2.com\/wp-content\/uploads\/2025\/04\/us-visa-b1b2-768x1152.png 768w, https:\/\/usa-b2.com\/wp-content\/uploads\/2025\/04\/us-visa-b1b2.png 1024w\" sizes=\"(max-width: 683px) 100vw, 683px\" \/><figcaption class=\"wp-element-caption\">B1\/B2-viisumin hankkiminen<\/figcaption><\/figure>\n\n<h2 class=\"wp-block-heading\">Usein kysytyt kysymykset B1\/B2-viisumista Yhdysvalloissa<\/h2>\n\n<h3 class=\"wp-block-heading\">Voinko ty\u00f6skennell\u00e4 B1\/B2-viisumilla?<\/h3>\n\n<p>Ei. <strong>B1 B2-USA-viisumi<\/strong> on tarkoitettu ainoastaan <strong>tilap\u00e4isiin vierailuihin<\/strong> ilman palkattua ty\u00f6t\u00e4 tai opiskelua. <\/p>\n\n<h3 class=\"wp-block-heading\">Voiko Yhdysvaltojen B1- ja B2-viisumia jatkaa?<\/h3>\n\n<p>Kyll\u00e4, mutta se on <strong>monimutkaista<\/strong>. Pidennyst\u00e4 on pyydett\u00e4v\u00e4 <strong>v\u00e4hint\u00e4\u00e4n 45 p\u00e4iv\u00e4\u00e4 ennen voimassaolon p\u00e4\u00e4ttymist\u00e4<\/strong>. <\/p>\n\n<h3 class=\"wp-block-heading\">Onko se sama kuin ESTA?<\/h3>\n\n<p>Ei.<strong>ESTA-lupa<\/strong> on varattu tietyille maille ja <strong>enint\u00e4\u00e4n 90 p\u00e4iv\u00e4ksi<\/strong>. <strong>B1\/B2-viisumi Yhdysvaltoihin<\/strong> on joustavampi, mutta vaatii enemm\u00e4n muodollisuuksia.  <\/p>\n\n<h2 class=\"wp-block-heading\">Miksi valita B1 B2-viisumi Yhdysvaltoihin?<\/h2>\n\n<p><strong>B1\/B2-viisumi Yhdysvaltoihin<\/strong> on ihanteellinen, jos haluat :<\/p>\n\n<ul class=\"wp-block-list\">\n<li><strong>Sukulaisten luona vierailu, n\u00e4ht\u00e4vyyksien katselu, l\u00e4\u00e4k\u00e4riss\u00e4 k\u00e4ynti<\/strong><\/li>\n\n\n\n<li><strong>Osallistu ammatillisiin konferensseihin ja kokouksiin<\/strong><\/li>\n\n\n\n<li><strong>S\u00e4\u00e4nn\u00f6llinen<\/strong> matkustaminen <strong>Yhdysvaltoihin<\/strong> useita vuosia voimassa olevalla viisumilla.<\/li>\n\n\n\n<li><strong>Vaihtoehto ESTA:lle<\/strong><\/li>\n<\/ul>\n\n<h2 class=\"wp-block-heading\">P\u00e4hkin\u00e4nkuoressa<\/h2>\n\n<figure class=\"wp-block-table\"><table class=\"has-fixed-layout\"><thead><tr><th>Elementti<\/th><th>Yksityiskohta<\/th><\/tr><\/thead><tbody><tr><td>Viisumin tyyppi<\/td><td><strong>B1\/B2-viisumit<\/strong> (liike-el\u00e4m\u00e4 ja matkailu)<\/td><\/tr><tr><td>Oleskelun kesto<\/td><td>Enint\u00e4\u00e4n 6 kuukautta per merkint\u00e4<\/td><\/tr><tr><td>Voimassaoloaika<\/td><td>Enint\u00e4\u00e4n 10 vuotta<\/td><\/tr><tr><td>Merkint\u00f6jen m\u00e4\u00e4r\u00e4<\/td><td>Useita<\/td><\/tr><tr><td>Voimmeko ty\u00f6skennell\u00e4?<\/td><td>\u274c Ei<\/td><\/tr><tr><td>Voimmeko opiskella?<\/td><td>\u274c Ei (paitsi erityistapauksissa)<\/td><\/tr><\/tbody><\/table><\/figure>\n","protected":false},"excerpt":{"rendered":"<p>b1b2-viisumi Yhdysvaltoihin matkustettaessa B1\/B2-viisumi on yleisin Yhdysvaltain vierailijaviisumi. T\u00e4m\u00e4 viisumi on ihanteellinen ratkaisu tilap\u00e4iseen oleskeluun Yhdysvaltojen maaper\u00e4ll\u00e4 riippumatta siit\u00e4, oletko liikematkalla vai huvimatkalla. T\u00e4ss\u00e4 oppaassa kerrotaan kaikki, mit\u00e4 sinun tarvitsee tiet\u00e4\u00e4 B1\/B2-viisumista, sen ehdoista, hy\u00f6dyllisyydest\u00e4 ja hakemisesta. Mik\u00e4 on B1\/B2-viisumi? B1\/B2-viisumi on Yhdysvaltain viranomaisten my\u00f6nt\u00e4m\u00e4 viisumi, joka ei ole maahanmuuttajaviisumi, ja se on tarkoitettu henkil\u00f6ille, [&hellip;]<\/p>\n","protected":false},"author":1,"featured_media":0,"parent":0,"menu_order":0,"comment_status":"closed","ping_status":"closed","template":"","meta":{"footnotes":""},"class_list":["post-8548","page","type-page","status-publish","hentry"],"yoast_head":"<!-- This site is optimized with the Yoast SEO plugin v27.4 - https:\/\/yoast.com\/product\/yoast-seo-wordpress\/ -->\n<title>B1\/B2-viisumi Yhdysvaltoihin - USA B2<\/title>\n<meta name=\"description\" content=\"Yhdysvaltoihin my\u00f6nnett\u00e4v\u00e4 b1\/B2-viisumi mahdollistaa yli 90 p\u00e4iv\u00e4n oleskelun matkailu- tai liikematkailutarkoituksessa.\" \/>\n<meta name=\"robots\" content=\"index, follow, max-snippet:-1, max-image-preview:large, max-video-preview:-1\" \/>\n<link rel=\"canonical\" href=\"https:\/\/usa-b2.com\/fi\/yhdysvaltain-b1-b2-viisumi\/\" \/>\n<meta property=\"og:locale\" content=\"fi_FI\" \/>\n<meta property=\"og:type\" content=\"article\" \/>\n<meta property=\"og:title\" content=\"B1\/B2-viisumi Yhdysvaltoihin - USA B2\" \/>\n<meta property=\"og:description\" content=\"Yhdysvaltoihin my\u00f6nnett\u00e4v\u00e4 b1\/B2-viisumi mahdollistaa yli 90 p\u00e4iv\u00e4n oleskelun matkailu- tai liikematkailutarkoituksessa.\" \/>\n<meta property=\"og:url\" content=\"https:\/\/usa-b2.com\/fi\/yhdysvaltain-b1-b2-viisumi\/\" \/>\n<meta property=\"og:site_name\" content=\"USA B2\" \/>\n<meta property=\"article:modified_time\" content=\"2025-10-28T20:43:45+00:00\" \/>\n<meta property=\"og:image\" content=\"https:\/\/usa-b2.com\/wp-content\/uploads\/2025\/04\/us-visa-b1b2.png\" \/>\n\t<meta property=\"og:image:width\" content=\"1024\" \/>\n\t<meta property=\"og:image:height\" content=\"1536\" \/>\n\t<meta property=\"og:image:type\" content=\"image\/png\" \/>\n<meta name=\"twitter:card\" content=\"summary_large_image\" \/>\n<meta name=\"twitter:label1\" content=\"Arvioitu lukuaika\" \/>\n\t<meta name=\"twitter:data1\" content=\"3 minuuttia\" \/>\n<script type=\"application\/ld+json\" class=\"yoast-schema-graph\">{\"@context\":\"https:\\\/\\\/schema.org\",\"@graph\":[{\"@type\":\"WebPage\",\"@id\":\"https:\\\/\\\/usa-b2.com\\\/fi\\\/yhdysvaltain-b1-b2-viisumi\\\/\",\"url\":\"https:\\\/\\\/usa-b2.com\\\/fi\\\/yhdysvaltain-b1-b2-viisumi\\\/\",\"name\":\"B1\\\/B2-viisumi Yhdysvaltoihin - USA B2\",\"isPartOf\":{\"@id\":\"https:\\\/\\\/usa-b2.com\\\/fi\\\/#website\"},\"primaryImageOfPage\":{\"@id\":\"https:\\\/\\\/usa-b2.com\\\/fi\\\/yhdysvaltain-b1-b2-viisumi\\\/#primaryimage\"},\"image\":{\"@id\":\"https:\\\/\\\/usa-b2.com\\\/fi\\\/yhdysvaltain-b1-b2-viisumi\\\/#primaryimage\"},\"thumbnailUrl\":\"https:\\\/\\\/usa-b2.com\\\/wp-content\\\/uploads\\\/2025\\\/04\\\/us-visa-b1b2-683x1024.png\",\"datePublished\":\"2025-04-10T16:14:56+00:00\",\"dateModified\":\"2025-10-28T20:43:45+00:00\",\"description\":\"Yhdysvaltoihin my\u00f6nnett\u00e4v\u00e4 b1\\\/B2-viisumi mahdollistaa yli 90 p\u00e4iv\u00e4n oleskelun matkailu- tai liikematkailutarkoituksessa.\",\"breadcrumb\":{\"@id\":\"https:\\\/\\\/usa-b2.com\\\/fi\\\/yhdysvaltain-b1-b2-viisumi\\\/#breadcrumb\"},\"inLanguage\":\"fi\",\"potentialAction\":[{\"@type\":\"ReadAction\",\"target\":[\"https:\\\/\\\/usa-b2.com\\\/fi\\\/yhdysvaltain-b1-b2-viisumi\\\/\"]}]},{\"@type\":\"ImageObject\",\"inLanguage\":\"fi\",\"@id\":\"https:\\\/\\\/usa-b2.com\\\/fi\\\/yhdysvaltain-b1-b2-viisumi\\\/#primaryimage\",\"url\":\"https:\\\/\\\/usa-b2.com\\\/wp-content\\\/uploads\\\/2025\\\/04\\\/us-visa-b1b2-683x1024.png\",\"contentUrl\":\"https:\\\/\\\/usa-b2.com\\\/wp-content\\\/uploads\\\/2025\\\/04\\\/us-visa-b1b2-683x1024.png\"},{\"@type\":\"BreadcrumbList\",\"@id\":\"https:\\\/\\\/usa-b2.com\\\/fi\\\/yhdysvaltain-b1-b2-viisumi\\\/#breadcrumb\",\"itemListElement\":[{\"@type\":\"ListItem\",\"position\":1,\"name\":\"Accueil\",\"item\":\"https:\\\/\\\/usa-b2.com\\\/fi\\\/usa\\\/\"},{\"@type\":\"ListItem\",\"position\":2,\"name\":\"B1\\\/B2-viisumi Yhdysvaltoihin\"}]},{\"@type\":\"WebSite\",\"@id\":\"https:\\\/\\\/usa-b2.com\\\/fi\\\/#website\",\"url\":\"https:\\\/\\\/usa-b2.com\\\/fi\\\/\",\"name\":\"USA B2 VISA\",\"description\":\"\",\"potentialAction\":[{\"@type\":\"SearchAction\",\"target\":{\"@type\":\"EntryPoint\",\"urlTemplate\":\"https:\\\/\\\/usa-b2.com\\\/fi\\\/?s={search_term_string}\"},\"query-input\":{\"@type\":\"PropertyValueSpecification\",\"valueRequired\":true,\"valueName\":\"search_term_string\"}}],\"inLanguage\":\"fi\"}]}<\/script>\n<!-- \/ Yoast SEO plugin. -->","yoast_head_json":{"title":"B1\/B2-viisumi Yhdysvaltoihin - USA B2","description":"Yhdysvaltoihin my\u00f6nnett\u00e4v\u00e4 b1\/B2-viisumi mahdollistaa yli 90 p\u00e4iv\u00e4n oleskelun matkailu- tai liikematkailutarkoituksessa.","robots":{"index":"index","follow":"follow","max-snippet":"max-snippet:-1","max-image-preview":"max-image-preview:large","max-video-preview":"max-video-preview:-1"},"canonical":"https:\/\/usa-b2.com\/fi\/yhdysvaltain-b1-b2-viisumi\/","og_locale":"fi_FI","og_type":"article","og_title":"B1\/B2-viisumi Yhdysvaltoihin - USA B2","og_description":"Yhdysvaltoihin my\u00f6nnett\u00e4v\u00e4 b1\/B2-viisumi mahdollistaa yli 90 p\u00e4iv\u00e4n oleskelun matkailu- tai liikematkailutarkoituksessa.","og_url":"https:\/\/usa-b2.com\/fi\/yhdysvaltain-b1-b2-viisumi\/","og_site_name":"USA B2","article_modified_time":"2025-10-28T20:43:45+00:00","og_image":[{"width":1024,"height":1536,"url":"https:\/\/usa-b2.com\/wp-content\/uploads\/2025\/04\/us-visa-b1b2.png","type":"image\/png"}],"twitter_card":"summary_large_image","twitter_misc":{"Arvioitu lukuaika":"3 minuuttia"},"schema":{"@context":"https:\/\/schema.org","@graph":[{"@type":"WebPage","@id":"https:\/\/usa-b2.com\/fi\/yhdysvaltain-b1-b2-viisumi\/","url":"https:\/\/usa-b2.com\/fi\/yhdysvaltain-b1-b2-viisumi\/","name":"B1\/B2-viisumi Yhdysvaltoihin - USA B2","isPartOf":{"@id":"https:\/\/usa-b2.com\/fi\/#website"},"primaryImageOfPage":{"@id":"https:\/\/usa-b2.com\/fi\/yhdysvaltain-b1-b2-viisumi\/#primaryimage"},"image":{"@id":"https:\/\/usa-b2.com\/fi\/yhdysvaltain-b1-b2-viisumi\/#primaryimage"},"thumbnailUrl":"https:\/\/usa-b2.com\/wp-content\/uploads\/2025\/04\/us-visa-b1b2-683x1024.png","datePublished":"2025-04-10T16:14:56+00:00","dateModified":"2025-10-28T20:43:45+00:00","description":"Yhdysvaltoihin my\u00f6nnett\u00e4v\u00e4 b1\/B2-viisumi mahdollistaa yli 90 p\u00e4iv\u00e4n oleskelun matkailu- tai liikematkailutarkoituksessa.","breadcrumb":{"@id":"https:\/\/usa-b2.com\/fi\/yhdysvaltain-b1-b2-viisumi\/#breadcrumb"},"inLanguage":"fi","potentialAction":[{"@type":"ReadAction","target":["https:\/\/usa-b2.com\/fi\/yhdysvaltain-b1-b2-viisumi\/"]}]},{"@type":"ImageObject","inLanguage":"fi","@id":"https:\/\/usa-b2.com\/fi\/yhdysvaltain-b1-b2-viisumi\/#primaryimage","url":"https:\/\/usa-b2.com\/wp-content\/uploads\/2025\/04\/us-visa-b1b2-683x1024.png","contentUrl":"https:\/\/usa-b2.com\/wp-content\/uploads\/2025\/04\/us-visa-b1b2-683x1024.png"},{"@type":"BreadcrumbList","@id":"https:\/\/usa-b2.com\/fi\/yhdysvaltain-b1-b2-viisumi\/#breadcrumb","itemListElement":[{"@type":"ListItem","position":1,"name":"Accueil","item":"https:\/\/usa-b2.com\/fi\/usa\/"},{"@type":"ListItem","position":2,"name":"B1\/B2-viisumi Yhdysvaltoihin"}]},{"@type":"WebSite","@id":"https:\/\/usa-b2.com\/fi\/#website","url":"https:\/\/usa-b2.com\/fi\/","name":"USA B2 VISA","description":"","potentialAction":[{"@type":"SearchAction","target":{"@type":"EntryPoint","urlTemplate":"https:\/\/usa-b2.com\/fi\/?s={search_term_string}"},"query-input":{"@type":"PropertyValueSpecification","valueRequired":true,"valueName":"search_term_string"}}],"inLanguage":"fi"}]}},"_links":{"self":[{"href":"https:\/\/usa-b2.com\/fi\/wp-json\/wp\/v2\/pages\/8548","targetHints":{"allow":["GET"]}}],"collection":[{"href":"https:\/\/usa-b2.com\/fi\/wp-json\/wp\/v2\/pages"}],"about":[{"href":"https:\/\/usa-b2.com\/fi\/wp-json\/wp\/v2\/types\/page"}],"author":[{"embeddable":true,"href":"https:\/\/usa-b2.com\/fi\/wp-json\/wp\/v2\/users\/1"}],"replies":[{"embeddable":true,"href":"https:\/\/usa-b2.com\/fi\/wp-json\/wp\/v2\/comments?post=8548"}],"version-history":[{"count":3,"href":"https:\/\/usa-b2.com\/fi\/wp-json\/wp\/v2\/pages\/8548\/revisions"}],"predecessor-version":[{"id":10754,"href":"https:\/\/usa-b2.com\/fi\/wp-json\/wp\/v2\/pages\/8548\/revisions\/10754"}],"wp:attachment":[{"href":"https:\/\/usa-b2.com\/fi\/wp-json\/wp\/v2\/media?parent=8548"}],"curies":[{"name":"wp","href":"https:\/\/api.w.org\/{rel}","templated":true}]}}