{"id":8490,"date":"2025-03-18T12:31:27","date_gmt":"2025-03-18T12:31:27","guid":{"rendered":"https:\/\/usa-b2.com\/route-66-the-mother-road\/"},"modified":"2025-10-16T08:52:52","modified_gmt":"2025-10-16T08:52:52","slug":"route-66-the-mother-road","status":"publish","type":"page","link":"https:\/\/usa-b2.com\/fi\/route-66-the-mother-road\/","title":{"rendered":"Route 66 (The Mother Road): Route 66: Myyttinen tiematka Yhdysvalloissa"},"content":{"rendered":"\n<h1 class=\"wp-block-heading\">Road trip Route 66: mit\u00e4 n\u00e4hd\u00e4 ja miss\u00e4 pys\u00e4hty\u00e4?<\/h1>\n\n<p><a href=\"https:\/\/www.theroute-66.com\/\">Route 66<\/a>, lempinimelt\u00e4\u00e4n &#8221;The Mother Road&#8221;, on yksi Yhdysvaltojen tunnetuimmista teist\u00e4. Kahdeksan osavaltiota <a href=\"https:\/\/www.chicago.gov\/city\/en.html\">Chicagosta<\/a> <a href=\"https:\/\/lacity.gov\/\">Los Angeles<\/a>iin l\u00e4p\u00e4isev\u00e4 tie edustaa \u00e4\u00e4rimm\u00e4ist\u00e4 matkaa l\u00e4pi syvimm\u00e4n Amerikan. Se houkuttelee vuosittain tuhansia seikkailunhaluisia matkailijoita vaihtelevine maisemineen, vanhoine motelleineen ja historiallisine kohteineen. T\u00e4ss\u00e4 on yksityiskohtainen opas t\u00e4m\u00e4n legendaarisen reitin kiertomatkan j\u00e4rjest\u00e4miseen.   <\/p>\n\n<figure class=\"wp-block-image size-large\"><img fetchpriority=\"high\" decoding=\"async\" width=\"1024\" height=\"576\" src=\"https:\/\/usa-b2.com\/wp-content\/uploads\/2025\/03\/Roadtrip-Route-66-1024x576.jpg\" alt=\"\" class=\"wp-image-8354\" srcset=\"https:\/\/usa-b2.com\/wp-content\/uploads\/2025\/03\/Roadtrip-Route-66-1024x576.jpg 1024w, https:\/\/usa-b2.com\/wp-content\/uploads\/2025\/03\/Roadtrip-Route-66-300x169.jpg 300w, https:\/\/usa-b2.com\/wp-content\/uploads\/2025\/03\/Roadtrip-Route-66-768x432.jpg 768w, https:\/\/usa-b2.com\/wp-content\/uploads\/2025\/03\/Roadtrip-Route-66-1536x864.jpg 1536w, https:\/\/usa-b2.com\/wp-content\/uploads\/2025\/03\/Roadtrip-Route-66-2048x1152.jpg 2048w\" sizes=\"(max-width: 1024px) 100vw, 1024px\" \/><\/figure>\n\n<h2 class=\"wp-block-heading\">Ohittamattomat maisemat ja luontokohteet<\/h2>\n\n<h3 class=\"wp-block-heading\">Kansallispuistot ja luontokohteet<\/h3>\n\n<p>Route 66 kulkee useiden kansallispuistojen ja upeiden maisemien halki, jotka ovat kiertomatkan arvoisia. Niist\u00e4 <a href=\"https:\/\/www.grandcanyon.org\/experience-grand-canyon\">Grand Canyonin kansallispuisto<\/a> <a href=\"https:\/\/az.gov\/\">Arizonassa<\/a> on ehdoton vierailukohde. Sinne p\u00e4\u00e4see Williamsista, ja se tarjoaa henke\u00e4salpaavia panoraamoja ja lukuisia vaelluksia, jotka sopivat kaikentasoisille. Toinen merkitt\u00e4v\u00e4 kohde on <g id=\"gid_2\">Petrified Forestin kansallispuisto<\/g>, jossa voit ihailla miljoonia vuosia vanhoja fossiilisia puunrunkoja. <a href=\"https:\/\/www.ca.gov\/\">Kaliforniassa<\/a> sijaitseva <a href=\"https:\/\/www.mojavepreserve.org\/\">Mojaven kansallispuisto (Mojave National Preserve<\/a> ) vie sinut aavikon avaruuteen dyynien ja Joshua-puiden metsien keskelle.    <\/p>\n\n<h3 class=\"wp-block-heading\">Lev\u00e4hdysalueet ja tunnusomaiset kohteet<\/h3>\n\n<p>Route 66:n varrella sijaitsevat ikoniset pys\u00e4hdyspaikat ovat t\u00e4ydellisi\u00e4, kun haluat saada tuntumaa tien vintage-tunnelmaan. <a href=\"https:\/\/www.visitamarillo.com\/listing\/cadillac-ranch\/625\/\">Cadillac Ranch<\/a> <a href=\"https:\/\/www.texas.gov\/\">Texasissa<\/a> on ainutlaatuinen taideinstallaatio, jossa autot on istutettu maahan ja peitetty graffiteilla. <g id=\"gid_2\">Oklahomassa<\/g> <g id=\"gid_3\">Catoosan sininen valas<\/g> on ep\u00e4tavallinen ja v\u00e4rik\u00e4s paikka. Los Angelesissa <a href=\"https:\/\/www.santamonicapier.org\/\">Santa Monican laituri<\/a> merkitsee tien loppua myyttisell\u00e4 &#8221;End of the Trail&#8221; -kyltill\u00e4\u00e4n.  <\/p>\n\n<h2 class=\"wp-block-heading\">Yksityiskohtainen Route 66 -reittireitti<\/h2>\n\n<h3 class=\"wp-block-heading\">Chicagosta Oklahoma Cityyn<\/h3>\n\n<p>Matka alkaa <a href=\"https:\/\/www.chicago.gov\/city\/en.html\">Chicagosta<\/a>, jossa &#8221;Begin Route 66&#8221; -kyltti merkitsee alkua. Matkalla lounaaseen pys\u00e4hdyt\u00e4\u00e4n <a href=\"https:\/\/explorestlouis.com\/\">Saint-Louis&#8217;<\/a> ssa, jossa voi ihailla kaupungin symbolia<a href=\"https:\/\/www.gatewayarch.com\/\">Gateway Archia<\/a>. <a href=\"https:\/\/www.springfieldmo.gov\/\">Springfieldiss\u00e4<\/a> Illinoisissa voit tutustua<a href=\"https:\/\/www.abrahamlincoln.org\/index.html\">Abraham Lincolnin<\/a> el\u00e4m\u00e4\u00e4n. Kauempana sijaitsevat <a href=\"https:\/\/www.cityoftulsa.org\/\">Tulsa<\/a> ja <a href=\"https:\/\/www.okc.gov\/\">Oklahoma City<\/a> ovat ohittamattomia pys\u00e4hdyspaikkoja, joilla on runsaasti historiaa ja kulttuuria.  <\/p>\n\n<h3 class=\"wp-block-heading\">Oklahoma Cityst\u00e4 Los Angelesiin<\/h3>\n\n<p>Oklahoma Cityn j\u00e4lkeen matka jatkuu Amarilloon, Texasiin, joka on kuuluisa Cadillac Ranchista. <a href=\"https:\/\/www.nm.gov\/\">Uusi Meksiko<\/a> on t\u00e4ynn\u00e4 yll\u00e4tyksi\u00e4, kuten <a href=\"https:\/\/www.cabq.gov\/\">Albuquerque<\/a>, joka on espanjalaisen vieh\u00e4tyksen kaupunki. Arizonassa <a href=\"https:\/\/www.flagstaff.az.gov\/\">Flagstaff<\/a> on hyv\u00e4 tukikohta Grand Canyonin tutkimiseen. Matka p\u00e4\u00e4ttyy Los Angelesiin, jossa Santa Monican laituri merkitsee Route 66:n loppua.   <\/p>\n\n<h2 class=\"wp-block-heading\">Miss\u00e4 nukkua Route 66:n varrella?<\/h2>\n\n<h3 class=\"wp-block-heading\">Historialliset hotellit<\/h3>\n\n<p>Route 66 on t\u00e4ynn\u00e4 legendaarisia majoituspaikkoja. Arizonassa sijaitsevassa <a href=\"https:\/\/sleepinawigwam.com\/\">Wigwam-motellissa<\/a> voit nukkua perinteisiss\u00e4 tiipiiss\u00e4. New Mexicossa sijaitseva <g id=\"gid_1\">Blue Swallow Motel<\/g> on instituutio, jossa on retrohenkiset neonvalot ja vintage-tunnelma. Elokuvan kultakaudelle p\u00e4\u00e4set <a href=\"https:\/\/elranchohotelgallup.com\/\">El Rancho -hotellissa<\/a>, joka sijaitsee niin ik\u00e4\u00e4n New Mexicossa ja jossa on vieraillut monia Hollywood-t\u00e4hti\u00e4.   <\/p>\n\n<h3 class=\"wp-block-heading\">Parhaat kaupungit y\u00f6ksi<\/h3>\n\n<p>Jotkin kaupungit ovat ihanteellisia tauon pit\u00e4miseen. Flagstaff Arizonassa on loistava paikka vierailla Grand Canyonilla ja nauttia vuoristotunnelmasta. <a href=\"https:\/\/santafenm.gov\/\">Santa Fess\u00e4<\/a>, New Mexicossa, on runsaasti taidegallerioita ja adobe-arkkitehtuuria. Kalifornian <a href=\"https:\/\/www.barstowca.org\/\">Barstow<\/a> on hyv\u00e4 pys\u00e4hdyspaikka ennen Los Angelesiin saapumista.  <\/p>\n\n<h2 class=\"wp-block-heading\">Instagrammattavat valokuvakohteet<\/h2>\n\n<figure class=\"wp-block-table\"><table class=\"has-fixed-layout\"><tbody><tr><td><strong>Photo Spot<\/strong><\/td><td><strong>Sijainti<\/strong><\/td><td><strong>Korko<\/strong><\/td><\/tr><tr><td>Route 66 -kyltti<\/td><td>Chicago, IL<\/td><td>Ikoninen l\u00e4ht\u00f6merkki<\/td><\/tr><tr><td>Cadillac Ranch<\/td><td>Amarillo, TX<\/td><td>Yksi kaikkien aikojen kuvatuimmista taideinstallaatioista<\/td><\/tr><tr><td><a href=\"https:\/\/standinonthecorner.org\/\">Standin&#8217; on the Corner<\/a><\/td><td>Winslow, AZ<\/td><td>Eaglesin kappaleesta tunnetuksi tullut<\/td><\/tr><tr><td><a href=\"https:\/\/thebottletreeranch.com\/\">Elmer&#8217;s Bottle Tree Ranch<\/a><\/td><td>Oro Grande, CA<\/td><td>Surrealistinen ja ainutlaatuinen paikka<\/td><\/tr><tr><td>Santa Monican laituri<\/td><td>Los Angeles, CA<\/td><td>Matkan loppu<\/td><\/tr><\/tbody><\/table><\/figure>\n\n<h2 class=\"wp-block-heading\">Hallinnolliset muodollisuudet<\/h2>\n\n<p>Ennen kuin l\u00e4hdet legendaariselle Route 66:lle, varmista, ett\u00e4 hoidat kaikki matkamuodollisuudet:<\/p>\n\n<ul class=\"wp-block-list\">\n<li>Varmista, ett\u00e4 <a href=\"https:\/\/usa-b2.com\/fi\/passi-yhdysvaltoihin-matkustamista-varten\/\">passisi on voimassa Yhdysvaltoihin matkustamista varten<\/a>.<\/li>\n\n\n\n<li>Tarkista, ett\u00e4 olet oikeutettu <a href=\"https:\/\/usa-b2.com\/fi\/mika-on-esta\/\">ESTA-matkustuslupaan<\/a> <a href=\"https:\/\/usa-b2.com\/fi\/viisumivapausohjelma\/\">viisumivapausohjelman<\/a> puitteissa. Jos n\u00e4in ei ole, sinun on haettava <a href=\"https:\/\/usa-b2.com\/fi\/b2-viisumi\/\">B2-turistiviisumia<\/a>, mik\u00e4 voi kest\u00e4\u00e4 useita viikkoja. <\/li>\n<\/ul>\n\n<p>On siis eritt\u00e4in suositeltavaa suunnitella hyviss\u00e4 ajoin etuk\u00e4teen, jotta v\u00e4ltyt\u00e4\u00e4n takaiskuilta. Tiukka valmistautuminen varmistaa, ett\u00e4 aloitus sujuu stressitt\u00f6m\u00e4sti ja ett\u00e4 voit nauttia t\u00e4ysill\u00e4 t\u00e4st\u00e4 legendaarisesta Mother Road -seikkailusta ikonisine kaupunkeineen, vintage-motelleineen ja henke\u00e4salpaavine maisemineen.   <\/p>\n\n<h2 class=\"wp-block-heading\">Toimintaa pariskunnille tai perheille<\/h2>\n\n<h3 class=\"wp-block-heading\">Pariskunta<\/h3>\n\n<p>Romanttinen matka Route 66:n varrella tarjoaa ainutlaatuisia kokemuksia. Santa Fess\u00e4 meksikolaisia ja espanjalaisia vaikutteita sis\u00e4lt\u00e4v\u00e4t ravintolat sopivat erinomaisesti romanttiseen illalliseen. Grand Canyon henke\u00e4salpaavine auringonlaskuineen on hetki, jonka voi jakaa kahdestaan. Lopuksi y\u00f6 t\u00e4htien alla Mojaven autiomaassa tarjoaa taianomaisen ja intiimin tunnelman.   <\/p>\n\n<h3 class=\"wp-block-heading\">Perhe<\/h3>\n\n<p>Matkustaminen Route 66:n varrella lasten kanssa voi olla yht\u00e4 ikimuistoista. Oklahoma Cityss\u00e4 Route 66 -museo tarjoaa interaktiivisia n\u00e4yttelyit\u00e4 reitin historiasta. Catoosassa sijaitseva Blue Whale leikkirakennuksineen on ihanteellinen pys\u00e4hdyspaikka hauskanpitoon. Monet luonnonpuistot tekev\u00e4t retkeilyst\u00e4 kaikkien ulottuvilla olevaa, mutta ei suinkaan v\u00e4h\u00e4isint\u00e4.   <\/p>\n\n<p>Route 66 on <a href=\"https:\/\/usa-b2.com\/fi\/\">Yhdysvaltojen suosituin maantiematka<\/a>. Se on unohtumaton seikkailu, jossa yhdistyv\u00e4t upeat maisemat, historialliset kohteet ja retrotunnelma. Matkustitpa sitten pariskuntana, perheen tai yst\u00e4vien kanssa, t\u00e4m\u00e4 legendaarinen road trip sukeltaa sinut amerikkalaisen unelman ytimeen. Suunnittele matkasuunnitelma, varaa majoitus ja l\u00e4hde tutustumaan The Mother Roadiin!   <\/p>\n","protected":false},"excerpt":{"rendered":"<p>Road trip Route 66: mit\u00e4 n\u00e4hd\u00e4 ja miss\u00e4 pys\u00e4hty\u00e4? Route 66, lempinimelt\u00e4\u00e4n &#8221;The Mother Road&#8221;, on yksi Yhdysvaltojen tunnetuimmista teist\u00e4. Kahdeksan osavaltiota Chicagosta Los Angelesiin l\u00e4p\u00e4isev\u00e4 tie edustaa \u00e4\u00e4rimm\u00e4ist\u00e4 matkaa l\u00e4pi syvimm\u00e4n Amerikan. Se houkuttelee vuosittain tuhansia seikkailunhaluisia matkailijoita vaihtelevine maisemineen, vanhoine motelleineen ja historiallisine kohteineen. T\u00e4ss\u00e4 on yksityiskohtainen opas t\u00e4m\u00e4n legendaarisen reitin kiertomatkan j\u00e4rjest\u00e4miseen. [&hellip;]<\/p>\n","protected":false},"author":1,"featured_media":0,"parent":0,"menu_order":0,"comment_status":"closed","ping_status":"closed","template":"","meta":{"footnotes":""},"class_list":["post-8490","page","type-page","status-publish","hentry"],"yoast_head":"<!-- This site is optimized with the Yoast SEO plugin v27.4 - https:\/\/yoast.com\/product\/yoast-seo-wordpress\/ -->\n<title>Route 66 (The Mother Road): Route 66: Myyttinen tiematka Yhdysvalloissa - USA B2<\/title>\n<meta name=\"description\" content=\"Matkusta legendaarisella Route 66:lla: matkareitti, maisemat, hotellit, valokuvauskohteet ja pakolliset aktiviteetit unohtumatonta road tripi\u00e4 varten!\" \/>\n<meta name=\"robots\" content=\"index, follow, max-snippet:-1, max-image-preview:large, max-video-preview:-1\" \/>\n<link rel=\"canonical\" href=\"https:\/\/usa-b2.com\/fi\/route-66-the-mother-road\/\" \/>\n<meta property=\"og:locale\" content=\"fi_FI\" \/>\n<meta property=\"og:type\" content=\"article\" \/>\n<meta property=\"og:title\" content=\"Route 66 (The Mother Road): Route 66: Myyttinen tiematka Yhdysvalloissa - USA B2\" \/>\n<meta property=\"og:description\" content=\"Matkusta legendaarisella Route 66:lla: matkareitti, maisemat, hotellit, valokuvauskohteet ja pakolliset aktiviteetit unohtumatonta road tripi\u00e4 varten!\" \/>\n<meta property=\"og:url\" content=\"https:\/\/usa-b2.com\/fi\/route-66-the-mother-road\/\" \/>\n<meta property=\"og:site_name\" content=\"USA B2\" \/>\n<meta property=\"article:modified_time\" content=\"2025-10-16T08:52:52+00:00\" \/>\n<meta property=\"og:image\" content=\"https:\/\/usa-b2.com\/wp-content\/uploads\/2025\/03\/Roadtrip-Route-66-scaled.jpg\" \/>\n\t<meta property=\"og:image:width\" content=\"2560\" \/>\n\t<meta property=\"og:image:height\" content=\"1440\" \/>\n\t<meta property=\"og:image:type\" content=\"image\/jpeg\" \/>\n<meta name=\"twitter:card\" content=\"summary_large_image\" \/>\n<meta name=\"twitter:label1\" content=\"Arvioitu lukuaika\" \/>\n\t<meta name=\"twitter:data1\" content=\"3 minuuttia\" \/>\n<script type=\"application\/ld+json\" class=\"yoast-schema-graph\">{\"@context\":\"https:\\\/\\\/schema.org\",\"@graph\":[{\"@type\":\"WebPage\",\"@id\":\"https:\\\/\\\/usa-b2.com\\\/fi\\\/route-66-the-mother-road\\\/\",\"url\":\"https:\\\/\\\/usa-b2.com\\\/fi\\\/route-66-the-mother-road\\\/\",\"name\":\"Route 66 (The Mother Road): Route 66: Myyttinen tiematka Yhdysvalloissa - USA B2\",\"isPartOf\":{\"@id\":\"https:\\\/\\\/usa-b2.com\\\/fi\\\/#website\"},\"primaryImageOfPage\":{\"@id\":\"https:\\\/\\\/usa-b2.com\\\/fi\\\/route-66-the-mother-road\\\/#primaryimage\"},\"image\":{\"@id\":\"https:\\\/\\\/usa-b2.com\\\/fi\\\/route-66-the-mother-road\\\/#primaryimage\"},\"thumbnailUrl\":\"https:\\\/\\\/usa-b2.com\\\/wp-content\\\/uploads\\\/2025\\\/03\\\/Roadtrip-Route-66-1024x576.jpg\",\"datePublished\":\"2025-03-18T12:31:27+00:00\",\"dateModified\":\"2025-10-16T08:52:52+00:00\",\"description\":\"Matkusta legendaarisella Route 66:lla: matkareitti, maisemat, hotellit, valokuvauskohteet ja pakolliset aktiviteetit unohtumatonta road tripi\u00e4 varten!\",\"breadcrumb\":{\"@id\":\"https:\\\/\\\/usa-b2.com\\\/fi\\\/route-66-the-mother-road\\\/#breadcrumb\"},\"inLanguage\":\"fi\",\"potentialAction\":[{\"@type\":\"ReadAction\",\"target\":[\"https:\\\/\\\/usa-b2.com\\\/fi\\\/route-66-the-mother-road\\\/\"]}]},{\"@type\":\"ImageObject\",\"inLanguage\":\"fi\",\"@id\":\"https:\\\/\\\/usa-b2.com\\\/fi\\\/route-66-the-mother-road\\\/#primaryimage\",\"url\":\"https:\\\/\\\/usa-b2.com\\\/wp-content\\\/uploads\\\/2025\\\/03\\\/Roadtrip-Route-66-1024x576.jpg\",\"contentUrl\":\"https:\\\/\\\/usa-b2.com\\\/wp-content\\\/uploads\\\/2025\\\/03\\\/Roadtrip-Route-66-1024x576.jpg\"},{\"@type\":\"BreadcrumbList\",\"@id\":\"https:\\\/\\\/usa-b2.com\\\/fi\\\/route-66-the-mother-road\\\/#breadcrumb\",\"itemListElement\":[{\"@type\":\"ListItem\",\"position\":1,\"name\":\"Accueil\",\"item\":\"https:\\\/\\\/usa-b2.com\\\/fi\\\/usa\\\/\"},{\"@type\":\"ListItem\",\"position\":2,\"name\":\"Route 66 (The Mother Road): Route 66: Myyttinen tiematka Yhdysvalloissa\"}]},{\"@type\":\"WebSite\",\"@id\":\"https:\\\/\\\/usa-b2.com\\\/fi\\\/#website\",\"url\":\"https:\\\/\\\/usa-b2.com\\\/fi\\\/\",\"name\":\"USA B2 VISA\",\"description\":\"\",\"potentialAction\":[{\"@type\":\"SearchAction\",\"target\":{\"@type\":\"EntryPoint\",\"urlTemplate\":\"https:\\\/\\\/usa-b2.com\\\/fi\\\/?s={search_term_string}\"},\"query-input\":{\"@type\":\"PropertyValueSpecification\",\"valueRequired\":true,\"valueName\":\"search_term_string\"}}],\"inLanguage\":\"fi\"}]}<\/script>\n<!-- \/ Yoast SEO plugin. -->","yoast_head_json":{"title":"Route 66 (The Mother Road): Route 66: Myyttinen tiematka Yhdysvalloissa - USA B2","description":"Matkusta legendaarisella Route 66:lla: matkareitti, maisemat, hotellit, valokuvauskohteet ja pakolliset aktiviteetit unohtumatonta road tripi\u00e4 varten!","robots":{"index":"index","follow":"follow","max-snippet":"max-snippet:-1","max-image-preview":"max-image-preview:large","max-video-preview":"max-video-preview:-1"},"canonical":"https:\/\/usa-b2.com\/fi\/route-66-the-mother-road\/","og_locale":"fi_FI","og_type":"article","og_title":"Route 66 (The Mother Road): Route 66: Myyttinen tiematka Yhdysvalloissa - USA B2","og_description":"Matkusta legendaarisella Route 66:lla: matkareitti, maisemat, hotellit, valokuvauskohteet ja pakolliset aktiviteetit unohtumatonta road tripi\u00e4 varten!","og_url":"https:\/\/usa-b2.com\/fi\/route-66-the-mother-road\/","og_site_name":"USA B2","article_modified_time":"2025-10-16T08:52:52+00:00","og_image":[{"width":2560,"height":1440,"url":"https:\/\/usa-b2.com\/wp-content\/uploads\/2025\/03\/Roadtrip-Route-66-scaled.jpg","type":"image\/jpeg"}],"twitter_card":"summary_large_image","twitter_misc":{"Arvioitu lukuaika":"3 minuuttia"},"schema":{"@context":"https:\/\/schema.org","@graph":[{"@type":"WebPage","@id":"https:\/\/usa-b2.com\/fi\/route-66-the-mother-road\/","url":"https:\/\/usa-b2.com\/fi\/route-66-the-mother-road\/","name":"Route 66 (The Mother Road): Route 66: Myyttinen tiematka Yhdysvalloissa - USA B2","isPartOf":{"@id":"https:\/\/usa-b2.com\/fi\/#website"},"primaryImageOfPage":{"@id":"https:\/\/usa-b2.com\/fi\/route-66-the-mother-road\/#primaryimage"},"image":{"@id":"https:\/\/usa-b2.com\/fi\/route-66-the-mother-road\/#primaryimage"},"thumbnailUrl":"https:\/\/usa-b2.com\/wp-content\/uploads\/2025\/03\/Roadtrip-Route-66-1024x576.jpg","datePublished":"2025-03-18T12:31:27+00:00","dateModified":"2025-10-16T08:52:52+00:00","description":"Matkusta legendaarisella Route 66:lla: matkareitti, maisemat, hotellit, valokuvauskohteet ja pakolliset aktiviteetit unohtumatonta road tripi\u00e4 varten!","breadcrumb":{"@id":"https:\/\/usa-b2.com\/fi\/route-66-the-mother-road\/#breadcrumb"},"inLanguage":"fi","potentialAction":[{"@type":"ReadAction","target":["https:\/\/usa-b2.com\/fi\/route-66-the-mother-road\/"]}]},{"@type":"ImageObject","inLanguage":"fi","@id":"https:\/\/usa-b2.com\/fi\/route-66-the-mother-road\/#primaryimage","url":"https:\/\/usa-b2.com\/wp-content\/uploads\/2025\/03\/Roadtrip-Route-66-1024x576.jpg","contentUrl":"https:\/\/usa-b2.com\/wp-content\/uploads\/2025\/03\/Roadtrip-Route-66-1024x576.jpg"},{"@type":"BreadcrumbList","@id":"https:\/\/usa-b2.com\/fi\/route-66-the-mother-road\/#breadcrumb","itemListElement":[{"@type":"ListItem","position":1,"name":"Accueil","item":"https:\/\/usa-b2.com\/fi\/usa\/"},{"@type":"ListItem","position":2,"name":"Route 66 (The Mother Road): Route 66: Myyttinen tiematka Yhdysvalloissa"}]},{"@type":"WebSite","@id":"https:\/\/usa-b2.com\/fi\/#website","url":"https:\/\/usa-b2.com\/fi\/","name":"USA B2 VISA","description":"","potentialAction":[{"@type":"SearchAction","target":{"@type":"EntryPoint","urlTemplate":"https:\/\/usa-b2.com\/fi\/?s={search_term_string}"},"query-input":{"@type":"PropertyValueSpecification","valueRequired":true,"valueName":"search_term_string"}}],"inLanguage":"fi"}]}},"_links":{"self":[{"href":"https:\/\/usa-b2.com\/fi\/wp-json\/wp\/v2\/pages\/8490","targetHints":{"allow":["GET"]}}],"collection":[{"href":"https:\/\/usa-b2.com\/fi\/wp-json\/wp\/v2\/pages"}],"about":[{"href":"https:\/\/usa-b2.com\/fi\/wp-json\/wp\/v2\/types\/page"}],"author":[{"embeddable":true,"href":"https:\/\/usa-b2.com\/fi\/wp-json\/wp\/v2\/users\/1"}],"replies":[{"embeddable":true,"href":"https:\/\/usa-b2.com\/fi\/wp-json\/wp\/v2\/comments?post=8490"}],"version-history":[{"count":4,"href":"https:\/\/usa-b2.com\/fi\/wp-json\/wp\/v2\/pages\/8490\/revisions"}],"predecessor-version":[{"id":10619,"href":"https:\/\/usa-b2.com\/fi\/wp-json\/wp\/v2\/pages\/8490\/revisions\/10619"}],"wp:attachment":[{"href":"https:\/\/usa-b2.com\/fi\/wp-json\/wp\/v2\/media?parent=8490"}],"curies":[{"name":"wp","href":"https:\/\/api.w.org\/{rel}","templated":true}]}}