{"id":8468,"date":"2025-03-18T12:35:33","date_gmt":"2025-03-18T12:35:33","guid":{"rendered":"https:\/\/usa-b2.com\/ozarks-scenic-byway-missouri\/"},"modified":"2025-04-10T17:33:08","modified_gmt":"2025-04-10T17:33:08","slug":"ozarks-scenic-byway-missouri","status":"publish","type":"page","link":"https:\/\/usa-b2.com\/fi\/ozarks-scenic-byway-missouri\/","title":{"rendered":"Ozarks Scenic Byway (Missouri): Ozarksin syd\u00e4mess\u00e4 sijaitsevan seikkailun v\u00e4ltt\u00e4m\u00e4t\u00f6n reitti."},"content":{"rendered":"\n<h1 class=\"wp-block-heading\">Ozarks Scenic Byway road trip: t\u00e4ydellinen opas<\/h1>\n\n<p><a href=\"https:\/\/www.ozarkrun.org\/\">Ozarks Scenic Byway<\/a> on maisemareitti <a href=\"https:\/\/www.mo.gov\/\">Missourin<\/a> syd\u00e4mess\u00e4, joka kulkee henke\u00e4salpaavien vuoristomaisemien, metsien ja kristallinkirkkaiden jokien halki. Kansallispuistoistaan, upeista n\u00e4kymist\u00e4 ja pakollisista pys\u00e4hdyspaikoistaan tunnettu <a href=\"https:\/\/usa-b2.com\/fi\/\">amerikkalainen road trip<\/a> sopii erinomaisesti uppoutumiseen luontoon. Matkustitpa sitten pariskuntana tai perheen\u00e4, t\u00e4m\u00e4 reitti tarjoaa unohtumattomia l\u00f6yt\u00f6j\u00e4. T\u00e4st\u00e4 artikkelista l\u00f6yd\u00e4t kaiken, mit\u00e4 sinun tarvitsee tiet\u00e4\u00e4 suunnitellaksesi matkaasi Ozarks Scenic Bywaylle: pakolliset n\u00e4ht\u00e4vyydet, parhaat valokuvauskohteet, majoituspaikat ja aktiviteetit, jotka sopivat kaikille.   <\/p>\n\n<figure class=\"wp-block-image size-full\"><img fetchpriority=\"high\" decoding=\"async\" width=\"900\" height=\"506\" src=\"https:\/\/usa-b2.com\/wp-content\/uploads\/2025\/03\/Ozarks-Scenic-Byway-Missouri-USA.jpg\" alt=\"\" class=\"wp-image-8415\" srcset=\"https:\/\/usa-b2.com\/wp-content\/uploads\/2025\/03\/Ozarks-Scenic-Byway-Missouri-USA.jpg 900w, https:\/\/usa-b2.com\/wp-content\/uploads\/2025\/03\/Ozarks-Scenic-Byway-Missouri-USA-300x169.jpg 300w, https:\/\/usa-b2.com\/wp-content\/uploads\/2025\/03\/Ozarks-Scenic-Byway-Missouri-USA-768x432.jpg 768w\" sizes=\"(max-width: 900px) 100vw, 900px\" \/><\/figure>\n\n<h2 class=\"wp-block-heading\">Ozarks Scenic Bywayn pakolliset n\u00e4ht\u00e4vyydet: kansallispuistot ja merkitt\u00e4v\u00e4t maisemat<\/h2>\n\n<h3 class=\"wp-block-heading\">Kansallispuistot, joihin tutustua<\/h3>\n\n<p><a href=\"https:\/\/www.fs.usda.gov\/mtnf\">Mark Twain National Forest<\/a> on t\u00e4rke\u00e4 pys\u00e4hdyspaikka Ozarks Scenic Byway -reitill\u00e4. T\u00e4ss\u00e4 kansallispuistossa on yli 6 000 km\u00b2 koskematonta luontoa, ja se tarjoaa lukuisia vaellusreittej\u00e4, j\u00e4rvi\u00e4 ja jokia, jotka sopivat erinomaisesti ulkoiluun. Luonnonyst\u00e4v\u00e4t arvostavat erityisesti Glade Top Trail -polkua, joka on panoraamapolku, jolta avautuvat upeat n\u00e4kym\u00e4t Ozarksin kukkuloille.  <\/p>\n\n<ol class=\"wp-block-list\">\n<li><\/li>\n<\/ol>\n\n<p>Toinen paikka, jota ei kannata j\u00e4tt\u00e4\u00e4 v\u00e4liin, on <a href=\"https:\/\/mostateparks.com\/park\/ha-ha-tonka-state-park\">Ha Ha Tonka State Park<\/a>, joka on kuuluisa historiallisista linnanraunioistaan ja vaikuttavista kalliomuodostelmistaan. Sen poluilta avautuvat henke\u00e4salpaavat n\u00e4kym\u00e4t Ozarks-j\u00e4rvelle. <\/p>\n\n<h3 class=\"wp-block-heading\">Pakolliset n\u00e4k\u00f6alapaikat ja pys\u00e4hdyspaikat<\/h3>\n\n<p><a href=\"https:\/\/www.fs.usda.gov\/recarea\/mtnf\/recarea\/?recid=21752\">Devil&#8217;s Backbone Wilderness<\/a> on yksi reitin vaikuttavimmista n\u00e4k\u00f6alapaikoista. T\u00e4m\u00e4 suojeltu luontoalue on ihanteellinen villiel\u00e4inten, kuten peurojen ja kaljujen tarkkailuun. <\/p>\n\n<p>Pys\u00e4hdy reitin puoliv\u00e4liss\u00e4 Big Springiss\u00e4, joka on yksi Yhdysvaltojen suurimmista luonnonl\u00e4hteist\u00e4 ja josta pulppuaa p\u00e4ivitt\u00e4in yli 300 miljoonaa gallonaa vett\u00e4. T\u00e4m\u00e4 paikka sopii t\u00e4ydellisesti piknik-tauolle luonnon keskell\u00e4. <\/p>\n\n<h2 class=\"wp-block-heading\">Miss\u00e4 y\u00f6py\u00e4 Ozarks Scenic Bywayn varrella? Parhaat kaupungit ja majoituspaikat <\/h2>\n\n<h3 class=\"wp-block-heading\">Kaupungit, joissa kannattaa pys\u00e4hty\u00e4<\/h3>\n\n<p>Ozarks Scenic Bywayn varrella on useita kaupunkeja, jotka tarjoavat erilaisia majoitusvaihtoehtoja. Branson on yksi suosituimmista pys\u00e4hdyspaikoista, ja siell\u00e4 on monia j\u00e4rven rannalla sijaitsevia hotelleja, majataloja ja m\u00f6kkej\u00e4. Se on my\u00f6s vilkas kohde, jossa on el\u00e4v\u00e4\u00e4 musiikkia ja n\u00e4ht\u00e4vyyksi\u00e4.  <\/p>\n\n<ol start=\"2\" class=\"wp-block-list\">\n<li><\/li>\n<\/ol>\n\n<p>Toinen vaihtoehto on Eminence, vieh\u00e4tt\u00e4v\u00e4 pikkukaupunki <a href=\"https:\/\/www.current-river.com\/\">Current-joen<\/a> rannalla, joka sopii t\u00e4ydellisesti luonnon ja hiljaisuuden yst\u00e4ville. Siell\u00e4 on monia aitoja puisia majataloja ja aamiaismajoituksia. <\/p>\n\n<h3 class=\"wp-block-heading\">Paras majoitus onnistunutta oleskelua varten<\/h3>\n\n<p>T\u00e4ss\u00e4 on taulukko parhaista majoitustyypeist\u00e4, jotka sopivat sinun matkatyyliisi:<\/p>\n\n<figure class=\"wp-block-table\"><table class=\"has-fixed-layout\"><tbody><tr><td><strong>Majoitustyyppi<\/strong><\/td><td><strong>Sijainti<\/strong><\/td><td><strong>Ihanteellinen<\/strong><\/td><td><strong>Keskim\u00e4\u00e4r\u00e4inen hinta\/y\u00f6<\/strong><\/td><\/tr><tr><td>Vieh\u00e4tt\u00e4v\u00e4 hotelli<\/td><td><a href=\"https:\/\/bransonmo.gov\/\">Branson<\/a><\/td><td>Mukavuus ja palvelut<\/td><td>120 $<\/td><\/tr><tr><td>Lodge mets\u00e4ss\u00e4<\/td><td><a href=\"https:\/\/www.eminencecottagescamp.com\/accommodations\/cottages-cabins-lodge.html\">Eminence<\/a><\/td><td>Luontoon uppoutuminen<\/td><td>80 $<\/td><\/tr><tr><td>Leirint\u00e4alue<\/td><td>Mark Twain National Forest<\/td><td>Seikkailijat<\/td><td>30 $<\/td><\/tr><tr><td>Airbnb j\u00e4rven rannalla<\/td><td><a href=\"https:\/\/funlake.com\/\">Lake of the Ozarks<\/a><\/td><td>Pariskuntien tai perheiden oleskelu<\/td><td>150 $<\/td><\/tr><\/tbody><\/table><\/figure>\n\n<h2 class=\"wp-block-heading\">Ozarks Scenic Bywayn yksityiskohtainen reittisuunnitelma<\/h2>\n\n<h3 class=\"wp-block-heading\">L\u00e4ht\u00f6kohta ja ensimm\u00e4inen osa<\/h3>\n\n<p>Reitti alkaa yleens\u00e4 Springfieldist\u00e4, josta voit helposti vuokrata auton reitin kulkemista varten. Aja valtatiet\u00e4 65 etel\u00e4\u00e4n Bransoniin, joka on Ozarksille tyypillisen kumpuilevan maiseman alkupiste. <\/p>\n\n<ol start=\"3\" class=\"wp-block-list\">\n<li><\/li>\n<\/ol>\n\n<p>Jatka valtatiet\u00e4 160, joka kiemurtelee tiheiden metsien l\u00e4pi ja mutkittelevien jokien varrella. Pid\u00e4 tauko <a href=\"https:\/\/www.bullshoals.com\/\">Bull Shoals -j\u00e4rvell\u00e4<\/a>, joka on ihanteellinen paikka katsella auringonnousua rauhallisten vesien yll\u00e4. <\/p>\n\n<h3 class=\"wp-block-heading\">Ozarksin ylitys ja reitin loppu.<\/h3>\n\n<p>Kun jatkat matkaa it\u00e4\u00e4n, reitti kulkee <a href=\"https:\/\/www.mostateparks.com\/park\/current-river-state-park\">Current River State Parkin<\/a> l\u00e4pi, joka on ehdoton paikka vaellukselle tai virkist\u00e4v\u00e4lle uinnille. P\u00e4\u00e4t\u00e4 matkasi Van Bureniin, joka on vieh\u00e4tt\u00e4v\u00e4 kaupunki Big Spring State Parkin reunalla. <\/p>\n\n<h2 class=\"wp-block-heading\">Instagrammattavia valokuvapaikkoja, joita ei kannata j\u00e4tt\u00e4\u00e4 v\u00e4liin<\/h2>\n\n<h3 class=\"wp-block-heading\">Valokuvauksellisimmat maisemat<\/h3>\n\n<p>Glade Top Trail -reitin maisemakuvauspaikka on yksi valokuvaajien suosituimmista paikoista. Sielt\u00e4 avautuu katkeamaton n\u00e4kym\u00e4 Ozarkin mets\u00e4isiin laaksoihin, ja se on t\u00e4ydellinen paikka ikuistaa unohtumaton auringonlasku. <\/p>\n\n<p>Toinen ehdoton n\u00e4ht\u00e4vyys on Ha Ha Tonkan linnan rauniot, jotka tarjoavat ainutlaatuisen ja salaper\u00e4isen ymp\u00e4rist\u00f6n j\u00e4rvelle p\u00e4in.<\/p>\n\n<h3 class=\"wp-block-heading\">Parhaat paikat veden \u00e4\u00e4rell\u00e4 otettaviin valokuviin<\/h3>\n\n<p>Lake of the Ozarks on t\u00e4ydellinen tausta veden \u00e4\u00e4rell\u00e4 otetuille kuville, erityisesti Bridal Cave -luolasta, joka on luonnon- ja keinovalojen valaisema vieh\u00e4tt\u00e4v\u00e4 luola.<\/p>\n\n<h2 class=\"wp-block-heading\">Mit\u00e4 voitte tehd\u00e4 pariskuntana Ozarks Scenic Bywaylla?<\/h2>\n\n<h3 class=\"wp-block-heading\">Romanttiset kokemukset<\/h3>\n\n<p>Illallisristeily Lake of the Ozarks -j\u00e4rvell\u00e4 on t\u00e4ydellinen vaihtoehto romanttiseen hetkeen. Useat yhti\u00f6t tarjoavat risteilyj\u00e4, joilla on gourmet-aterioita ja auringonlaskun tausta. <\/p>\n\n<h3 class=\"wp-block-heading\">Toimintaa rentoutumiseen yhdess\u00e4<\/h3>\n\n<p>Big Springin kuumat l\u00e4hteet ovat ihanteellinen paikka rentoutua matkap\u00e4iv\u00e4n j\u00e4lkeen. Nauti hetki hyvinvoinnista n\u00e4iss\u00e4 luonnostaan l\u00e4mpimiss\u00e4 vesiss\u00e4. <\/p>\n\n<h2 class=\"wp-block-heading\">Mit\u00e4 perhe voi tehd\u00e4 Ozarks Scenic Byway -reitill\u00e4?<\/h2>\n\n<h3 class=\"wp-block-heading\">Toimintaa nuorille ja vanhoille<\/h3>\n\n<p><a href=\"https:\/\/www.silverdollarcity.com\/\">Silver Dollar City<\/a>, huvipuisto Bransonissa, on t\u00e4ydellinen pys\u00e4hdyspaikka perheille. Se tarjoaa vuoristoratoja, interaktiivisia esityksi\u00e4 ja k\u00e4sity\u00f6pajoja. <\/p>\n\n<h3 class=\"wp-block-heading\">Koulutukselliset ja luonnolliset l\u00f6yd\u00f6t<\/h3>\n\n<p><a href=\"https:\/\/www.springfieldmo.gov\/\">Springfieldiss\u00e4<\/a> sijaitseva <a href=\"https:\/\/www.monatsci.org\/\">Missouri Institute of Natural Science<\/a> on kiehtova museo, jossa on fossiileja, jalokivi\u00e4 ja interaktiivisia n\u00e4yttelyit\u00e4 alueen luonnonhistoriasta.<br\/><\/p>\n\n<p>Ozarks Scenic Byway on t\u00e4ydellinen kohde upeaan Missouri-seikkailuun, matkustitpa sitten pariskuntana tai perheen\u00e4. T\u00e4m\u00e4 reitti tarjoaa unohtumattomia kansallispuistoja, vieh\u00e4tt\u00e4vi\u00e4 majoituspaikkoja, upeita valokuvamahdollisuuksia ja runsaasti aktiviteetteja, jotka sopivat kaikille, joten se lupaa unohtumattoman kokemuksen. Suunnittele reittisuunnitelma, varaa majoitus ja l\u00e4hde tutustumaan Ozarksin upeisiin maisemiin!  <\/p>\n","protected":false},"excerpt":{"rendered":"<p>Ozarks Scenic Byway road trip: t\u00e4ydellinen opas Ozarks Scenic Byway on maisemareitti Missourin syd\u00e4mess\u00e4, joka kulkee henke\u00e4salpaavien vuoristomaisemien, metsien ja kristallinkirkkaiden jokien halki. Kansallispuistoistaan, upeista n\u00e4kymist\u00e4 ja pakollisista pys\u00e4hdyspaikoistaan tunnettu amerikkalainen road trip sopii erinomaisesti uppoutumiseen luontoon. Matkustitpa sitten pariskuntana tai perheen\u00e4, t\u00e4m\u00e4 reitti tarjoaa unohtumattomia l\u00f6yt\u00f6j\u00e4. T\u00e4st\u00e4 artikkelista l\u00f6yd\u00e4t kaiken, mit\u00e4 sinun tarvitsee tiet\u00e4\u00e4 [&hellip;]<\/p>\n","protected":false},"author":1,"featured_media":0,"parent":0,"menu_order":0,"comment_status":"closed","ping_status":"closed","template":"","meta":{"footnotes":""},"class_list":["post-8468","page","type-page","status-publish","hentry"],"yoast_head":"<!-- This site is optimized with the Yoast SEO plugin v27.4 - https:\/\/yoast.com\/product\/yoast-seo-wordpress\/ -->\n<title>Ozarks Scenic Byway (Missouri): Ozarksin syd\u00e4mess\u00e4 sijaitsevan seikkailun v\u00e4ltt\u00e4m\u00e4t\u00f6n reitti. - USA B2<\/title>\n<meta name=\"description\" content=\"Tutustu Ozarks Scenic Bywayyn Missourissa: reitti, kansallispuistot, majoitus, valokuvauskohteet ja aktiviteetit onnistuneeseen road tripiin!\" \/>\n<meta name=\"robots\" content=\"index, follow, max-snippet:-1, max-image-preview:large, max-video-preview:-1\" \/>\n<link rel=\"canonical\" href=\"https:\/\/usa-b2.com\/fi\/ozarks-scenic-byway-missouri\/\" \/>\n<meta property=\"og:locale\" content=\"fi_FI\" \/>\n<meta property=\"og:type\" content=\"article\" \/>\n<meta property=\"og:title\" content=\"Ozarks Scenic Byway (Missouri): Ozarksin syd\u00e4mess\u00e4 sijaitsevan seikkailun v\u00e4ltt\u00e4m\u00e4t\u00f6n reitti. - USA B2\" \/>\n<meta property=\"og:description\" content=\"Tutustu Ozarks Scenic Bywayyn Missourissa: reitti, kansallispuistot, majoitus, valokuvauskohteet ja aktiviteetit onnistuneeseen road tripiin!\" \/>\n<meta property=\"og:url\" content=\"https:\/\/usa-b2.com\/fi\/ozarks-scenic-byway-missouri\/\" \/>\n<meta property=\"og:site_name\" content=\"USA B2\" \/>\n<meta property=\"article:modified_time\" content=\"2025-04-10T17:33:08+00:00\" \/>\n<meta property=\"og:image\" content=\"https:\/\/usa-b2.com\/wp-content\/uploads\/2025\/03\/Ozarks-Scenic-Byway-Missouri-USA.jpg\" \/>\n\t<meta property=\"og:image:width\" content=\"900\" \/>\n\t<meta property=\"og:image:height\" content=\"506\" \/>\n\t<meta property=\"og:image:type\" content=\"image\/jpeg\" \/>\n<meta name=\"twitter:card\" content=\"summary_large_image\" \/>\n<meta name=\"twitter:label1\" content=\"Arvioitu lukuaika\" \/>\n\t<meta name=\"twitter:data1\" content=\"4 minuuttia\" \/>\n<script type=\"application\/ld+json\" class=\"yoast-schema-graph\">{\"@context\":\"https:\\\/\\\/schema.org\",\"@graph\":[{\"@type\":\"WebPage\",\"@id\":\"https:\\\/\\\/usa-b2.com\\\/fi\\\/ozarks-scenic-byway-missouri\\\/\",\"url\":\"https:\\\/\\\/usa-b2.com\\\/fi\\\/ozarks-scenic-byway-missouri\\\/\",\"name\":\"Ozarks Scenic Byway (Missouri): Ozarksin syd\u00e4mess\u00e4 sijaitsevan seikkailun v\u00e4ltt\u00e4m\u00e4t\u00f6n reitti. - USA B2\",\"isPartOf\":{\"@id\":\"https:\\\/\\\/usa-b2.com\\\/fi\\\/#website\"},\"primaryImageOfPage\":{\"@id\":\"https:\\\/\\\/usa-b2.com\\\/fi\\\/ozarks-scenic-byway-missouri\\\/#primaryimage\"},\"image\":{\"@id\":\"https:\\\/\\\/usa-b2.com\\\/fi\\\/ozarks-scenic-byway-missouri\\\/#primaryimage\"},\"thumbnailUrl\":\"https:\\\/\\\/usa-b2.com\\\/wp-content\\\/uploads\\\/2025\\\/03\\\/Ozarks-Scenic-Byway-Missouri-USA.jpg\",\"datePublished\":\"2025-03-18T12:35:33+00:00\",\"dateModified\":\"2025-04-10T17:33:08+00:00\",\"description\":\"Tutustu Ozarks Scenic Bywayyn Missourissa: reitti, kansallispuistot, majoitus, valokuvauskohteet ja aktiviteetit onnistuneeseen road tripiin!\",\"breadcrumb\":{\"@id\":\"https:\\\/\\\/usa-b2.com\\\/fi\\\/ozarks-scenic-byway-missouri\\\/#breadcrumb\"},\"inLanguage\":\"fi\",\"potentialAction\":[{\"@type\":\"ReadAction\",\"target\":[\"https:\\\/\\\/usa-b2.com\\\/fi\\\/ozarks-scenic-byway-missouri\\\/\"]}]},{\"@type\":\"ImageObject\",\"inLanguage\":\"fi\",\"@id\":\"https:\\\/\\\/usa-b2.com\\\/fi\\\/ozarks-scenic-byway-missouri\\\/#primaryimage\",\"url\":\"https:\\\/\\\/usa-b2.com\\\/wp-content\\\/uploads\\\/2025\\\/03\\\/Ozarks-Scenic-Byway-Missouri-USA.jpg\",\"contentUrl\":\"https:\\\/\\\/usa-b2.com\\\/wp-content\\\/uploads\\\/2025\\\/03\\\/Ozarks-Scenic-Byway-Missouri-USA.jpg\"},{\"@type\":\"BreadcrumbList\",\"@id\":\"https:\\\/\\\/usa-b2.com\\\/fi\\\/ozarks-scenic-byway-missouri\\\/#breadcrumb\",\"itemListElement\":[{\"@type\":\"ListItem\",\"position\":1,\"name\":\"Accueil\",\"item\":\"https:\\\/\\\/usa-b2.com\\\/fi\\\/usa\\\/\"},{\"@type\":\"ListItem\",\"position\":2,\"name\":\"Ozarks Scenic Byway (Missouri): Ozarksin syd\u00e4mess\u00e4 sijaitsevan seikkailun v\u00e4ltt\u00e4m\u00e4t\u00f6n reitti.\"}]},{\"@type\":\"WebSite\",\"@id\":\"https:\\\/\\\/usa-b2.com\\\/fi\\\/#website\",\"url\":\"https:\\\/\\\/usa-b2.com\\\/fi\\\/\",\"name\":\"USA B2 VISA\",\"description\":\"\",\"potentialAction\":[{\"@type\":\"SearchAction\",\"target\":{\"@type\":\"EntryPoint\",\"urlTemplate\":\"https:\\\/\\\/usa-b2.com\\\/fi\\\/?s={search_term_string}\"},\"query-input\":{\"@type\":\"PropertyValueSpecification\",\"valueRequired\":true,\"valueName\":\"search_term_string\"}}],\"inLanguage\":\"fi\"}]}<\/script>\n<!-- \/ Yoast SEO plugin. -->","yoast_head_json":{"title":"Ozarks Scenic Byway (Missouri): Ozarksin syd\u00e4mess\u00e4 sijaitsevan seikkailun v\u00e4ltt\u00e4m\u00e4t\u00f6n reitti. - USA B2","description":"Tutustu Ozarks Scenic Bywayyn Missourissa: reitti, kansallispuistot, majoitus, valokuvauskohteet ja aktiviteetit onnistuneeseen road tripiin!","robots":{"index":"index","follow":"follow","max-snippet":"max-snippet:-1","max-image-preview":"max-image-preview:large","max-video-preview":"max-video-preview:-1"},"canonical":"https:\/\/usa-b2.com\/fi\/ozarks-scenic-byway-missouri\/","og_locale":"fi_FI","og_type":"article","og_title":"Ozarks Scenic Byway (Missouri): Ozarksin syd\u00e4mess\u00e4 sijaitsevan seikkailun v\u00e4ltt\u00e4m\u00e4t\u00f6n reitti. - USA B2","og_description":"Tutustu Ozarks Scenic Bywayyn Missourissa: reitti, kansallispuistot, majoitus, valokuvauskohteet ja aktiviteetit onnistuneeseen road tripiin!","og_url":"https:\/\/usa-b2.com\/fi\/ozarks-scenic-byway-missouri\/","og_site_name":"USA B2","article_modified_time":"2025-04-10T17:33:08+00:00","og_image":[{"width":900,"height":506,"url":"https:\/\/usa-b2.com\/wp-content\/uploads\/2025\/03\/Ozarks-Scenic-Byway-Missouri-USA.jpg","type":"image\/jpeg"}],"twitter_card":"summary_large_image","twitter_misc":{"Arvioitu lukuaika":"4 minuuttia"},"schema":{"@context":"https:\/\/schema.org","@graph":[{"@type":"WebPage","@id":"https:\/\/usa-b2.com\/fi\/ozarks-scenic-byway-missouri\/","url":"https:\/\/usa-b2.com\/fi\/ozarks-scenic-byway-missouri\/","name":"Ozarks Scenic Byway (Missouri): Ozarksin syd\u00e4mess\u00e4 sijaitsevan seikkailun v\u00e4ltt\u00e4m\u00e4t\u00f6n reitti. - USA B2","isPartOf":{"@id":"https:\/\/usa-b2.com\/fi\/#website"},"primaryImageOfPage":{"@id":"https:\/\/usa-b2.com\/fi\/ozarks-scenic-byway-missouri\/#primaryimage"},"image":{"@id":"https:\/\/usa-b2.com\/fi\/ozarks-scenic-byway-missouri\/#primaryimage"},"thumbnailUrl":"https:\/\/usa-b2.com\/wp-content\/uploads\/2025\/03\/Ozarks-Scenic-Byway-Missouri-USA.jpg","datePublished":"2025-03-18T12:35:33+00:00","dateModified":"2025-04-10T17:33:08+00:00","description":"Tutustu Ozarks Scenic Bywayyn Missourissa: reitti, kansallispuistot, majoitus, valokuvauskohteet ja aktiviteetit onnistuneeseen road tripiin!","breadcrumb":{"@id":"https:\/\/usa-b2.com\/fi\/ozarks-scenic-byway-missouri\/#breadcrumb"},"inLanguage":"fi","potentialAction":[{"@type":"ReadAction","target":["https:\/\/usa-b2.com\/fi\/ozarks-scenic-byway-missouri\/"]}]},{"@type":"ImageObject","inLanguage":"fi","@id":"https:\/\/usa-b2.com\/fi\/ozarks-scenic-byway-missouri\/#primaryimage","url":"https:\/\/usa-b2.com\/wp-content\/uploads\/2025\/03\/Ozarks-Scenic-Byway-Missouri-USA.jpg","contentUrl":"https:\/\/usa-b2.com\/wp-content\/uploads\/2025\/03\/Ozarks-Scenic-Byway-Missouri-USA.jpg"},{"@type":"BreadcrumbList","@id":"https:\/\/usa-b2.com\/fi\/ozarks-scenic-byway-missouri\/#breadcrumb","itemListElement":[{"@type":"ListItem","position":1,"name":"Accueil","item":"https:\/\/usa-b2.com\/fi\/usa\/"},{"@type":"ListItem","position":2,"name":"Ozarks Scenic Byway (Missouri): Ozarksin syd\u00e4mess\u00e4 sijaitsevan seikkailun v\u00e4ltt\u00e4m\u00e4t\u00f6n reitti."}]},{"@type":"WebSite","@id":"https:\/\/usa-b2.com\/fi\/#website","url":"https:\/\/usa-b2.com\/fi\/","name":"USA B2 VISA","description":"","potentialAction":[{"@type":"SearchAction","target":{"@type":"EntryPoint","urlTemplate":"https:\/\/usa-b2.com\/fi\/?s={search_term_string}"},"query-input":{"@type":"PropertyValueSpecification","valueRequired":true,"valueName":"search_term_string"}}],"inLanguage":"fi"}]}},"_links":{"self":[{"href":"https:\/\/usa-b2.com\/fi\/wp-json\/wp\/v2\/pages\/8468","targetHints":{"allow":["GET"]}}],"collection":[{"href":"https:\/\/usa-b2.com\/fi\/wp-json\/wp\/v2\/pages"}],"about":[{"href":"https:\/\/usa-b2.com\/fi\/wp-json\/wp\/v2\/types\/page"}],"author":[{"embeddable":true,"href":"https:\/\/usa-b2.com\/fi\/wp-json\/wp\/v2\/users\/1"}],"replies":[{"embeddable":true,"href":"https:\/\/usa-b2.com\/fi\/wp-json\/wp\/v2\/comments?post=8468"}],"version-history":[{"count":0,"href":"https:\/\/usa-b2.com\/fi\/wp-json\/wp\/v2\/pages\/8468\/revisions"}],"wp:attachment":[{"href":"https:\/\/usa-b2.com\/fi\/wp-json\/wp\/v2\/media?parent=8468"}],"curies":[{"name":"wp","href":"https:\/\/api.w.org\/{rel}","templated":true}]}}