{"id":8217,"date":"2025-03-17T13:14:29","date_gmt":"2025-03-17T13:14:29","guid":{"rendered":"https:\/\/usa-b2.com\/lounais-road-trip-yhdysvallat\/"},"modified":"2025-11-04T11:05:06","modified_gmt":"2025-11-04T11:05:06","slug":"lounais-road-trip-yhdysvallat","status":"publish","type":"page","link":"https:\/\/usa-b2.com\/fi\/lounais-road-trip-yhdysvallat\/","title":{"rendered":"road-trip-yhdysvaltain-lounaisosissa"},"content":{"rendered":"\n<h1 class=\"wp-block-heading\">Lounais-Yhdysvallat autolla: opas t\u00e4ydelliseen road tripiin<\/h1>\n\n<h2 class=\"wp-block-heading\">Grand Circle Road Trip -reittireitti  <\/h2>\n\n<figure class=\"wp-block-image size-large\"><img fetchpriority=\"high\" decoding=\"async\" width=\"1024\" height=\"576\" src=\"https:\/\/usa-b2.com\/wp-content\/uploads\/2025\/03\/Grand-circle-road-trip-1024x576.jpg\" alt=\"\" class=\"wp-image-8187\" srcset=\"https:\/\/usa-b2.com\/wp-content\/uploads\/2025\/03\/Grand-circle-road-trip-1024x576.jpg 1024w, https:\/\/usa-b2.com\/wp-content\/uploads\/2025\/03\/Grand-circle-road-trip-300x169.jpg 300w, https:\/\/usa-b2.com\/wp-content\/uploads\/2025\/03\/Grand-circle-road-trip-768x432.jpg 768w, https:\/\/usa-b2.com\/wp-content\/uploads\/2025\/03\/Grand-circle-road-trip.jpg 1280w\" sizes=\"(max-width: 1024px) 100vw, 1024px\" \/><\/figure>\n\n<h3 class=\"wp-block-heading\">L\u00e4ht\u00f6 ja ensimm\u00e4inen vaihe: Las Vegas<\/h3>\n\n<p><a href=\"https:\/\/www.lasvegasnevada.gov\/\">Las Vegas<\/a> on ihanteellinen l\u00e4ht\u00f6piste Amerikan lounaisosan automatkalle. Kansainv\u00e4linen lentokentt\u00e4 k\u00e4sittelee suuren m\u00e4\u00e4r\u00e4n lentoja ja tarjoaa laajan valikoiman autonvuokrauspaikkoja. Ennen kuin l\u00e4hdet tien p\u00e4\u00e4lle, kannattaa viett\u00e4\u00e4 ilta tutustumalla Stripiin, legendaarisiin hotellikasinoihin, kuten <a href=\"https:\/\/bellagio.mgmresorts.com\/en.html\">Bellagioon<\/a> ja sen kuuluisaan suihkul\u00e4hde-esitykseen, tai <a href=\"https:\/\/vegasexperience.com\/\">Fremont Street Experienceen<\/a>, jossa voit uppoutua Vegasin tunnelmaan.<\/p>\n\n<p>Seuraavana p\u00e4iv\u00e4n\u00e4 voit suunnata <a href=\"https:\/\/www.grandcanyon.org\/experience-grand-canyon\">Grand Canyoniin<\/a> <a href=\"https:\/\/usa-b2.com\/fi\/route-66-the-mother-road\/\">Route 66:n<\/a> kautta ja kulkea Seligmanin kautta, joka on ikoninen kaupunki, jossa voit pit\u00e4\u00e4 vintage-tauon ja sy\u00f6d\u00e4 tyypillisen hampurilaisen.<\/p>\n\n<h3 class=\"wp-block-heading\">Grand Canyon ja Monument Valley (2-4 p\u00e4iv\u00e4\u00e4)<\/h3>\n\n<p>Grand Canyon on yksi maailman suosituimmista luontokohteista. Parhaan kokemuksen saat valitsemalla South Rimin, josta avautuvat uskomattomat n\u00e4kym\u00e4t kanjoniin. Parhaiden paikkojen joukossa:  <\/p>\n\n<ul class=\"wp-block-list\">\n<li><strong>Mather Point<\/strong>: T\u00e4ydellinen paikka upeaa auringonnousua varten.<\/li>\n\n\n\n<li><strong>Desert View Watchtower<\/strong>: n\u00e4k\u00f6alatorni, josta on panoraaman\u00e4kym\u00e4t.<\/li>\n<\/ul>\n\n<p>Kun olet tutustunut kanjoniin, suuntaa <a href=\"https:\/\/horseshoebend.co\/\">Horseshoe Bendiin<\/a>, joka on Coloradon upea silmukka. Lopuksi <a href=\"https:\/\/navajonationparks.org\/navajo-tribal-parks\/monument-valley\/\">Monument Valley<\/a> vie sinut takaisin legendaaristen l\u00e4nnenelokuvien tapahtumapaikalle <a href=\"https:\/\/www.navajo-nsn.gov\/\">navajojen<\/a> opastamalla 4&#215;4-retkell\u00e4.<\/p>\n\n<h3 class=\"wp-block-heading\">Antelope Canyon &amp; Bryce Canyon (p\u00e4iv\u00e4t 5-7)<\/h3>\n\n<p><a href=\"https:\/\/www.antelopecanyontickets.com\/\">Antelope Canyon<\/a> on veden muovaama kanjoni, joka on kuuluisa maagisesta valon leikist\u00e4\u00e4n. Paikalle p\u00e4\u00e4see vain oppaan kanssa, mutta valokuvaajien on ehdottomasti tutustuttava t\u00e4h\u00e4n paikkaan.<\/p>\n\n<p>Sitten matka jatkuu <a href=\"https:\/\/www.nps.gov\/brca\/index.htm\">Bryce Canyoniin<\/a>, jossa hoodoosit (keijupiiput) muodostavat maiseman, joka on kuin toisesta maailmasta. <a href=\"https:\/\/navajonationparks.org\/navajo-tribal-parks\/monument-valley\/\">Navajo Loop Trail<\/a> -reitill\u00e4 voit tutustua kalliomuodostelmiin kanjonin sis\u00e4lt\u00e4 k\u00e4sin.<\/p>\n\n<h3 class=\"wp-block-heading\">Zionin kansallispuisto ja paluu Las Vegasiin (8.-10. p\u00e4iv\u00e4)<\/h3>\n\n<p><a href=\"https:\/\/zionnationalpark.com\/\">Zionin kansallispuisto<\/a> on retkeilij\u00f6iden paratiisi. Yksi suosituimmista reiteist\u00e4, <a href=\"https:\/\/www.angelslandingdtla.com\/\">Angels Landing<\/a>, tarjoaa henke\u00e4salpaavat panoraaman\u00e4kym\u00e4t. The Narrows -vaellusreitill\u00e4 p\u00e4\u00e4set kulkemaan joessa kanjonin keskell\u00e4, jos haluat tehd\u00e4 helpommin l\u00e4hestytt\u00e4v\u00e4n vaelluksen.<\/p>\n\n<p>Lopuksi palataan Las Vegasiin viimeiselle eloisalle illalle ennen road tripin loppua.<\/p>\n\n<h2 class=\"wp-block-heading\">Kansallispuistot ja ikoniset maisemat, joihin voi tutustua<\/h2>\n\n<h3 class=\"wp-block-heading\">Ohittamattomat puistot<\/h3>\n\n<p>Grand Circlen kansallispuistot kuuluvat Yhdysvaltojen kauneimpiin. Grand Canyon tekee vaikutuksen suunnattomuudellaan, kun taas Bryce Canyon ja sen kalliomuodostelmat tarjoavat maagisen taustan. <a href=\"https:\/\/www.recreation.gov\/timed-entry\/10088426\">Archesin kansallispuistossa<\/a> vierailijat voivat ihailla yli 2 000 luonnonkaarta, mukaan lukien <a href=\"https:\/\/delicatearchfilm.com\/\">Delicate Arch<\/a>, Utahin maamerkki.  <\/p>\n\n<p>Zion puolestaan on t\u00e4ydellinen sekoitus jyrkki\u00e4 kallioita ja mutkittelevia jokia. Toinen v\u00e4hemm\u00e4n tunnettu helmi, Canyonlands, tarjoaa kuutamomaisemia ja t\u00e4ydellist\u00e4 rauhaa ja hiljaisuutta. <\/p>\n\n<h3 class=\"wp-block-heading\">Pakolliset pys\u00e4hdyspaikat<\/h3>\n\n<p>Koko matkan aikana on useita kiinnostavia kohteita, joissa kannattaa pys\u00e4hty\u00e4:<\/p>\n\n<ul class=\"wp-block-list\">\n<li>Horseshoe Bend: 270\u00b0 n\u00e4kym\u00e4 Coloradojoelle.<\/li>\n\n\n\n<li>Kivettynyt mets\u00e4: Ainutlaatuinen ymp\u00e4rist\u00f6, jossa fossiiliset puut ovat 200 miljoonaa vuotta vanhoja.<\/li>\n\n\n\n<li>Goosenecks State Park: San Juan -joen muovaama upea kanjoni.<\/li>\n<\/ul>\n\n<h2 class=\"wp-block-heading\">Miss\u00e4 nukkua? Suositellut hotellit ja kaupungit <\/h2>\n\n<h3 class=\"wp-block-heading\">Kaupungit, joissa pys\u00e4hty\u00e4<\/h3>\n\n<p>Pys\u00e4hdyspaikkojen valinta vaikuttaa matkan mukavuuteen. Las Vegas sopii t\u00e4ydellisesti helppoon saapumiseen ja l\u00e4htemiseen. Page on ihanteellinen pys\u00e4hdyspaikka Horseshoe Bendiss\u00e4 ja Antelope Canyonissa vierailua varten. Moab matkailupalveluineen sopii erinomaisesti Archesin ja Canyonlandsin tutkimiseen. Lopuksi Zion ja Bryce Canyon tarjoavat majoitusta t\u00e4ydellisess\u00e4 uppoutumisessa luontoon.    <\/p>\n\n<h3 class=\"wp-block-heading\">Parhaat hotellit ja vaihtoehdot<\/h3>\n\n<p>Seuraavassa on joitakin suosituksia, jotka sopivat budjettiisi:<\/p>\n\n<figure class=\"wp-block-table\"><table class=\"has-fixed-layout\"><tbody><tr><td><strong>Sijainti<\/strong><\/td><td><strong>Suositeltu hotelli<\/strong><\/td><td><strong>Talousarvio<\/strong><\/td><\/tr><tr><td>Las Vegas<\/td><td><a href=\"https:\/\/www.venetianlasvegas.com\/\">Venetsialainen<\/a><\/td><td>$$$<\/td><\/tr><tr><td>Grand Canyon<\/td><td><a href=\"https:\/\/www.visitgrandcanyon.com\/yavapai-lodge\">Yavapai Lodge<\/a><\/td><td>$$<\/td><\/tr><tr><td>Bryce Canyon<\/td><td><a href=\"https:\/\/www.bestwestern.com\/en_US\/book\/hotel-rooms.45040.html\">Best Western Ruby&#8217;s Inn<\/a><\/td><td>$$<\/td><\/tr><tr><td>Moab<\/td><td><a href=\"https:\/\/www.hilton.com\/en\/hotels\/cnycuqq-hoodoo-moab\/\">Hoodoo Moab by Hilton<\/a><\/td><td>$$$<\/td><\/tr><tr><td>Zion<\/td><td><a href=\"https:\/\/www.zionlodge.com\/\">Zion Lodge<\/a><\/td><td>$$$<\/td><\/tr><\/tbody><\/table><\/figure>\n\n<h2 class=\"wp-block-heading\">Hallinnolliset muodollisuudet<\/h2>\n\n<p>Ennen kuin voit vierailla Yhdysvaltojen lounaisosassa autolla, sinun on ennakoitava matkustusmuodollisuudet. Sinun on tarkistettava, ett\u00e4 : <\/p>\n\n<ul class=\"wp-block-list\">\n<li>H\u00e4nen <a href=\"https:\/\/usa-b2.com\/fi\/passi-yhdysvaltoihin-matkustamista-varten\/\">passinsa on voimassa Yhdysvaltoihin matkustamiseen<\/a>.<\/li>\n\n\n\n<li>Olet oikeutettu saamaan <a href=\"https:\/\/usa-b2.com\/fi\/mika-on-esta\/\">ESTA-matkustusluvan<\/a> <a href=\"https:\/\/usa-b2.com\/fi\/viisumivapausohjelma\/\">viisumivapausohjelman<\/a> puitteissa. Jos n\u00e4in ei ole, sinun on hankittava <a href=\"https:\/\/usa-b2.com\/fi\/b2-viisumi\/\">B2-turistiviisumi<\/a>.<\/li>\n<\/ul>\n\n<div style=\"height:10px\" aria-hidden=\"true\" class=\"wp-block-spacer\"><\/div>\n\n<h2 class=\"wp-block-heading\">  Instagrammattavimmat valokuvapaikat<\/h2>\n\n<h3 class=\"wp-block-heading\">Ikoniset luonnonmaisemat<\/h3>\n\n<p>Jotkut Grand Circlen kohteista ovat todellisia valokuvallisia helmi\u00e4. Horseshoe Bend on luultavasti tunnetuin paikka, josta avautuvat jylh\u00e4t n\u00e4kym\u00e4t Coloradon yli. Antelope Canyon, jonka muodot ovat tuulen ja veden muovaamia, tarjoaa maagisen valon leikin, joka sopii t\u00e4ydellisesti Instagramiin.  <\/p>\n\n<h3 class=\"wp-block-heading\">Maagiset auringonlaskut<\/h3>\n\n<p>Auringonlasku muuttaa maiseman ja luo upeita otoksia. Parhaita paikkoja: <\/p>\n\n<ul class=\"wp-block-list\">\n<li><strong>Grand Canyon (Yavapai Point)<\/strong>: Uskomattomat v\u00e4rit kallioilla.<\/li>\n\n\n\n<li><strong>Monument Valley<\/strong>: Kuuluisien punaisten kukkuloiden varjo ulottuu niin kauas kuin silm\u00e4 kantaa.<\/li>\n<\/ul>\n\n<h2 class=\"wp-block-heading\">Asioita, joita voi tehd\u00e4 pariskuntana<\/h2>\n\n<h3 class=\"wp-block-heading\">Romanttiset kokemukset<\/h3>\n\n<p>Pariskuntana matkustaminen antaa teille mahdollisuuden kokea taianomaisia hetki\u00e4 uskomattomissa maisemissa. Ratsastusretki Monument Valleyssa auringonlaskun aikaan on unohtumaton kokemus. J\u00e4nnityst\u00e4 kaipaaville helikopterilento Grand Canyonin yll\u00e4 tarjoaa ainutlaatuisen n\u00e4kym\u00e4n rotkoon.  <\/p>\n\n<h3 class=\"wp-block-heading\">Nukkuminen luonnossa<\/h3>\n\n<p>Y\u00f6n viett\u00e4minen er\u00e4maassa tuo matkalle romanttisen lis\u00e4n. Zionissa telttailu koskemattoman t\u00e4htitaivaan alla on ihanteellinen vaihtoehto. Jos haluat boheemimman kokemuksen, Joshua Treen Airstreamissa nukkuminen tarjoaa rauhallisen ja intiimin tunnelman.  <\/p>\n\n<h2 class=\"wp-block-heading\">Aktiviteetteja perheen automatkalle<\/h2>\n\n<h3 class=\"wp-block-heading\">Hauskoja kokemuksia<\/h3>\n\n<p>Jotta matkasta tulisi j\u00e4nnitt\u00e4v\u00e4 lapsille, on olemassa useita aktiviteetteja, jotka ovat ihanteellisia. <a href=\"https:\/\/moabcity.org\/\">Moabissa<\/a> dinosaurusmuseo esittelee esihistoriallisia fossiileja ja jalanj\u00e4lki\u00e4. Bryce Canyonissa Navajo Loop Trail -reitti on perheille avoin ja tarjoaa ainutlaatuisen luonnonn\u00e4ytelm\u00e4n.  <\/p>\n\n<h3 class=\"wp-block-heading\">Miss\u00e4 sy\u00f6d\u00e4 perheen kanssa<\/h3>\n\n<p>Ruokatauot ovat v\u00e4ltt\u00e4m\u00e4tt\u00f6mi\u00e4 automatkalla. Seuraavassa on muutamia paikkoja, jotka sopivat erinomaisesti perheille: <\/p>\n\n<ul class=\"wp-block-list\">\n<li><a href=\"https:\/\/www.thunderbirdutah.com\/\">Thunderbird Restaurant (Utah<\/a> ): Aito amerikkalainen kuppila, jossa on kotitekoisia piirakoita.<\/li>\n\n\n\n<li><a href=\"https:\/\/www.bigtexan.com\/\">Big Texan Steak Ranch<\/a> (Route 66): L\u00e4nsimainen tunnelma ja erityisesti lapsille suunnattu ruokalista.<\/li>\n<\/ul>\n\n<p>Grand Circle Road Trip on legendaarinen seikkailu ja yksi parhaista <a href=\"https:\/\/usa-b2.com\/fi\/\">amerikkalaisista roadtripeist\u00e4<\/a>. Matkustitpa sitten pariskuntana tai perheen\u00e4, jokaisella p\u00e4iv\u00e4ll\u00e4 on omat yll\u00e4tyksens\u00e4. Suunnittele matkasuunnitelmasi hyvin, valitse hotellisi huolellisesti ja pid\u00e4 silm\u00e4si auki: t\u00e4m\u00e4 on matka, jota et unohda koskaan!<\/p>\n","protected":false},"excerpt":{"rendered":"<p>Lounais-Yhdysvallat autolla: opas t\u00e4ydelliseen road tripiin Grand Circle Road Trip -reittireitti L\u00e4ht\u00f6 ja ensimm\u00e4inen vaihe: Las Vegas Las Vegas on ihanteellinen l\u00e4ht\u00f6piste Amerikan lounaisosan automatkalle. Kansainv\u00e4linen lentokentt\u00e4 k\u00e4sittelee suuren m\u00e4\u00e4r\u00e4n lentoja ja tarjoaa laajan valikoiman autonvuokrauspaikkoja. Ennen kuin l\u00e4hdet tien p\u00e4\u00e4lle, kannattaa viett\u00e4\u00e4 ilta tutustumalla Stripiin, legendaarisiin hotellikasinoihin, kuten Bellagioon ja sen kuuluisaan suihkul\u00e4hde-esitykseen, tai [&hellip;]<\/p>\n","protected":false},"author":1,"featured_media":0,"parent":0,"menu_order":0,"comment_status":"closed","ping_status":"closed","template":"","meta":{"footnotes":""},"class_list":["post-8217","page","type-page","status-publish","hentry"],"yoast_head":"<!-- This site is optimized with the Yoast SEO plugin v27.4 - https:\/\/yoast.com\/product\/yoast-seo-wordpress\/ -->\n<title>road-trip-yhdysvaltain-lounaisosissa - USA B2<\/title>\n<meta name=\"description\" content=\"Tutustu Grand Circle Road Trip -matkaan: matkareitti, kansallispuistot, hotellit ja valokuvauskohteet matkalle Yhdysvaltojen lounaisosaan!\" \/>\n<meta name=\"robots\" content=\"index, follow, max-snippet:-1, max-image-preview:large, max-video-preview:-1\" \/>\n<link rel=\"canonical\" href=\"https:\/\/usa-b2.com\/fi\/lounais-road-trip-yhdysvallat\/\" \/>\n<meta property=\"og:locale\" content=\"fi_FI\" \/>\n<meta property=\"og:type\" content=\"article\" \/>\n<meta property=\"og:title\" content=\"road-trip-yhdysvaltain-lounaisosissa - USA B2\" \/>\n<meta property=\"og:description\" content=\"Tutustu Grand Circle Road Trip -matkaan: matkareitti, kansallispuistot, hotellit ja valokuvauskohteet matkalle Yhdysvaltojen lounaisosaan!\" \/>\n<meta property=\"og:url\" content=\"https:\/\/usa-b2.com\/fi\/lounais-road-trip-yhdysvallat\/\" \/>\n<meta property=\"og:site_name\" content=\"USA B2\" \/>\n<meta property=\"article:modified_time\" content=\"2025-11-04T11:05:06+00:00\" \/>\n<meta property=\"og:image\" content=\"https:\/\/usa-b2.com\/wp-content\/uploads\/2025\/03\/Grand-circle-road-trip.jpg\" \/>\n\t<meta property=\"og:image:width\" content=\"1280\" \/>\n\t<meta property=\"og:image:height\" content=\"720\" \/>\n\t<meta property=\"og:image:type\" content=\"image\/jpeg\" \/>\n<meta name=\"twitter:card\" content=\"summary_large_image\" \/>\n<meta name=\"twitter:label1\" content=\"Arvioitu lukuaika\" \/>\n\t<meta name=\"twitter:data1\" content=\"4 minuuttia\" \/>\n<script type=\"application\/ld+json\" class=\"yoast-schema-graph\">{\"@context\":\"https:\\\/\\\/schema.org\",\"@graph\":[{\"@type\":\"WebPage\",\"@id\":\"https:\\\/\\\/usa-b2.com\\\/fi\\\/lounais-road-trip-yhdysvallat\\\/\",\"url\":\"https:\\\/\\\/usa-b2.com\\\/fi\\\/lounais-road-trip-yhdysvallat\\\/\",\"name\":\"road-trip-yhdysvaltain-lounaisosissa - USA B2\",\"isPartOf\":{\"@id\":\"https:\\\/\\\/usa-b2.com\\\/fi\\\/#website\"},\"primaryImageOfPage\":{\"@id\":\"https:\\\/\\\/usa-b2.com\\\/fi\\\/lounais-road-trip-yhdysvallat\\\/#primaryimage\"},\"image\":{\"@id\":\"https:\\\/\\\/usa-b2.com\\\/fi\\\/lounais-road-trip-yhdysvallat\\\/#primaryimage\"},\"thumbnailUrl\":\"https:\\\/\\\/usa-b2.com\\\/wp-content\\\/uploads\\\/2025\\\/03\\\/Grand-circle-road-trip-1024x576.jpg\",\"datePublished\":\"2025-03-17T13:14:29+00:00\",\"dateModified\":\"2025-11-04T11:05:06+00:00\",\"description\":\"Tutustu Grand Circle Road Trip -matkaan: matkareitti, kansallispuistot, hotellit ja valokuvauskohteet matkalle Yhdysvaltojen lounaisosaan!\",\"breadcrumb\":{\"@id\":\"https:\\\/\\\/usa-b2.com\\\/fi\\\/lounais-road-trip-yhdysvallat\\\/#breadcrumb\"},\"inLanguage\":\"fi\",\"potentialAction\":[{\"@type\":\"ReadAction\",\"target\":[\"https:\\\/\\\/usa-b2.com\\\/fi\\\/lounais-road-trip-yhdysvallat\\\/\"]}]},{\"@type\":\"ImageObject\",\"inLanguage\":\"fi\",\"@id\":\"https:\\\/\\\/usa-b2.com\\\/fi\\\/lounais-road-trip-yhdysvallat\\\/#primaryimage\",\"url\":\"https:\\\/\\\/usa-b2.com\\\/wp-content\\\/uploads\\\/2025\\\/03\\\/Grand-circle-road-trip-1024x576.jpg\",\"contentUrl\":\"https:\\\/\\\/usa-b2.com\\\/wp-content\\\/uploads\\\/2025\\\/03\\\/Grand-circle-road-trip-1024x576.jpg\"},{\"@type\":\"BreadcrumbList\",\"@id\":\"https:\\\/\\\/usa-b2.com\\\/fi\\\/lounais-road-trip-yhdysvallat\\\/#breadcrumb\",\"itemListElement\":[{\"@type\":\"ListItem\",\"position\":1,\"name\":\"Accueil\",\"item\":\"https:\\\/\\\/usa-b2.com\\\/fi\\\/usa\\\/\"},{\"@type\":\"ListItem\",\"position\":2,\"name\":\"road-trip-yhdysvaltain-lounaisosissa\"}]},{\"@type\":\"WebSite\",\"@id\":\"https:\\\/\\\/usa-b2.com\\\/fi\\\/#website\",\"url\":\"https:\\\/\\\/usa-b2.com\\\/fi\\\/\",\"name\":\"USA B2 VISA\",\"description\":\"\",\"potentialAction\":[{\"@type\":\"SearchAction\",\"target\":{\"@type\":\"EntryPoint\",\"urlTemplate\":\"https:\\\/\\\/usa-b2.com\\\/fi\\\/?s={search_term_string}\"},\"query-input\":{\"@type\":\"PropertyValueSpecification\",\"valueRequired\":true,\"valueName\":\"search_term_string\"}}],\"inLanguage\":\"fi\"}]}<\/script>\n<!-- \/ Yoast SEO plugin. -->","yoast_head_json":{"title":"road-trip-yhdysvaltain-lounaisosissa - USA B2","description":"Tutustu Grand Circle Road Trip -matkaan: matkareitti, kansallispuistot, hotellit ja valokuvauskohteet matkalle Yhdysvaltojen lounaisosaan!","robots":{"index":"index","follow":"follow","max-snippet":"max-snippet:-1","max-image-preview":"max-image-preview:large","max-video-preview":"max-video-preview:-1"},"canonical":"https:\/\/usa-b2.com\/fi\/lounais-road-trip-yhdysvallat\/","og_locale":"fi_FI","og_type":"article","og_title":"road-trip-yhdysvaltain-lounaisosissa - USA B2","og_description":"Tutustu Grand Circle Road Trip -matkaan: matkareitti, kansallispuistot, hotellit ja valokuvauskohteet matkalle Yhdysvaltojen lounaisosaan!","og_url":"https:\/\/usa-b2.com\/fi\/lounais-road-trip-yhdysvallat\/","og_site_name":"USA B2","article_modified_time":"2025-11-04T11:05:06+00:00","og_image":[{"width":1280,"height":720,"url":"https:\/\/usa-b2.com\/wp-content\/uploads\/2025\/03\/Grand-circle-road-trip.jpg","type":"image\/jpeg"}],"twitter_card":"summary_large_image","twitter_misc":{"Arvioitu lukuaika":"4 minuuttia"},"schema":{"@context":"https:\/\/schema.org","@graph":[{"@type":"WebPage","@id":"https:\/\/usa-b2.com\/fi\/lounais-road-trip-yhdysvallat\/","url":"https:\/\/usa-b2.com\/fi\/lounais-road-trip-yhdysvallat\/","name":"road-trip-yhdysvaltain-lounaisosissa - USA B2","isPartOf":{"@id":"https:\/\/usa-b2.com\/fi\/#website"},"primaryImageOfPage":{"@id":"https:\/\/usa-b2.com\/fi\/lounais-road-trip-yhdysvallat\/#primaryimage"},"image":{"@id":"https:\/\/usa-b2.com\/fi\/lounais-road-trip-yhdysvallat\/#primaryimage"},"thumbnailUrl":"https:\/\/usa-b2.com\/wp-content\/uploads\/2025\/03\/Grand-circle-road-trip-1024x576.jpg","datePublished":"2025-03-17T13:14:29+00:00","dateModified":"2025-11-04T11:05:06+00:00","description":"Tutustu Grand Circle Road Trip -matkaan: matkareitti, kansallispuistot, hotellit ja valokuvauskohteet matkalle Yhdysvaltojen lounaisosaan!","breadcrumb":{"@id":"https:\/\/usa-b2.com\/fi\/lounais-road-trip-yhdysvallat\/#breadcrumb"},"inLanguage":"fi","potentialAction":[{"@type":"ReadAction","target":["https:\/\/usa-b2.com\/fi\/lounais-road-trip-yhdysvallat\/"]}]},{"@type":"ImageObject","inLanguage":"fi","@id":"https:\/\/usa-b2.com\/fi\/lounais-road-trip-yhdysvallat\/#primaryimage","url":"https:\/\/usa-b2.com\/wp-content\/uploads\/2025\/03\/Grand-circle-road-trip-1024x576.jpg","contentUrl":"https:\/\/usa-b2.com\/wp-content\/uploads\/2025\/03\/Grand-circle-road-trip-1024x576.jpg"},{"@type":"BreadcrumbList","@id":"https:\/\/usa-b2.com\/fi\/lounais-road-trip-yhdysvallat\/#breadcrumb","itemListElement":[{"@type":"ListItem","position":1,"name":"Accueil","item":"https:\/\/usa-b2.com\/fi\/usa\/"},{"@type":"ListItem","position":2,"name":"road-trip-yhdysvaltain-lounaisosissa"}]},{"@type":"WebSite","@id":"https:\/\/usa-b2.com\/fi\/#website","url":"https:\/\/usa-b2.com\/fi\/","name":"USA B2 VISA","description":"","potentialAction":[{"@type":"SearchAction","target":{"@type":"EntryPoint","urlTemplate":"https:\/\/usa-b2.com\/fi\/?s={search_term_string}"},"query-input":{"@type":"PropertyValueSpecification","valueRequired":true,"valueName":"search_term_string"}}],"inLanguage":"fi"}]}},"_links":{"self":[{"href":"https:\/\/usa-b2.com\/fi\/wp-json\/wp\/v2\/pages\/8217","targetHints":{"allow":["GET"]}}],"collection":[{"href":"https:\/\/usa-b2.com\/fi\/wp-json\/wp\/v2\/pages"}],"about":[{"href":"https:\/\/usa-b2.com\/fi\/wp-json\/wp\/v2\/types\/page"}],"author":[{"embeddable":true,"href":"https:\/\/usa-b2.com\/fi\/wp-json\/wp\/v2\/users\/1"}],"replies":[{"embeddable":true,"href":"https:\/\/usa-b2.com\/fi\/wp-json\/wp\/v2\/comments?post=8217"}],"version-history":[{"count":3,"href":"https:\/\/usa-b2.com\/fi\/wp-json\/wp\/v2\/pages\/8217\/revisions"}],"predecessor-version":[{"id":10806,"href":"https:\/\/usa-b2.com\/fi\/wp-json\/wp\/v2\/pages\/8217\/revisions\/10806"}],"wp:attachment":[{"href":"https:\/\/usa-b2.com\/fi\/wp-json\/wp\/v2\/media?parent=8217"}],"curies":[{"name":"wp","href":"https:\/\/api.w.org\/{rel}","templated":true}]}}