{"id":7866,"date":"2025-03-17T13:11:22","date_gmt":"2025-03-17T13:11:22","guid":{"rendered":"https:\/\/usa-b2.com\/deep-south-music-tour\/"},"modified":"2025-06-05T10:06:51","modified_gmt":"2025-06-05T10:06:51","slug":"deep-south-music-tour","status":"publish","type":"page","link":"https:\/\/usa-b2.com\/fi\/deep-south-music-tour\/","title":{"rendered":"Roadtrip syv\u00e4ll\u00e4 etel\u00e4ss\u00e4: matkareitti, t\u00e4rkeimm\u00e4t pys\u00e4hdykset ja pakolliset kokemukset"},"content":{"rendered":"\n<h1 class=\"wp-block-heading\">Syv\u00e4 etel\u00e4 autolla: opas t\u00e4ydelliseen road tripiin<\/h1>\n\n<p>Yhdysvaltojen <a href=\"https:\/\/www.deep-south-usa.com\/alabama\/fly-drives\/music-tour\">etel\u00e4inen<\/a> alue on t\u00e4ynn\u00e4 historiaa, kulttuuria ja musiikkia. T\u00e4m\u00e4 kiertomatka vie sinut blues-, jazz- ja kantrimusiikin juurille legendaaristen maisemien ja ikonisten kaupunkien, kuten <a href=\"https:\/\/www.nashville.com\/\">Nashvillen<\/a>, <a href=\"https:\/\/www.memphistravel.com\/\">Memphisin<\/a> ja <a href=\"https:\/\/www.neworleans.com\/\">New Orleansin<\/a>, l\u00e4pi. Konserttien, historiallisten kohteiden ja gastronomisten pys\u00e4hdysten ansiosta t\u00e4m\u00e4 matka tarjoaa ainutlaatuisen kokemuksen musiikin ja seikkailun yst\u00e4ville.  <\/p>\n\n<figure class=\"wp-block-image size-large\"><img fetchpriority=\"high\" decoding=\"async\" width=\"1024\" height=\"576\" src=\"https:\/\/usa-b2.com\/wp-content\/uploads\/2025\/03\/Deep-South-Music-2-1024x576.png\" alt=\"\" class=\"wp-image-8063\" srcset=\"https:\/\/usa-b2.com\/wp-content\/uploads\/2025\/03\/Deep-South-Music-2-1024x576.png 1024w, https:\/\/usa-b2.com\/wp-content\/uploads\/2025\/03\/Deep-South-Music-2-300x169.png 300w, https:\/\/usa-b2.com\/wp-content\/uploads\/2025\/03\/Deep-South-Music-2-768x432.png 768w, https:\/\/usa-b2.com\/wp-content\/uploads\/2025\/03\/Deep-South-Music-2.png 1367w\" sizes=\"(max-width: 1024px) 100vw, 1024px\" \/><\/figure>\n\n<h2 class=\"wp-block-heading\">Matkareitti: Nashville &#8211; New Orleans<\/h2>\n\n<h3 class=\"wp-block-heading\">1.1. L\u00e4ht\u00f6 Nashville, Tennessee<\/h3>\n\n<p>Country-musiikin p\u00e4\u00e4kaupunkina pidetty Nashville on ihanteellinen l\u00e4ht\u00f6kohta. Vieraile <a href=\"https:\/\/www.countrymusichalloffame.org\/\">Country Music Hall of Famessa<\/a>, k\u00e4y konsertissa <a href=\"https:\/\/www.opry.com\/\">Grand Ole Opryssa<\/a> ja k\u00e4vele <a href=\"https:\/\/www.broadway.com\/\">Broadwaylla<\/a>, jonka ikonisissa baareissa artistit esiintyv\u00e4t liven\u00e4. <\/p>\n\n<h3 class=\"wp-block-heading\">1.2. Memphis, Tennessee: bluesin ja Elviksen maa<\/h3>\n\n<p>Kolmen tunnin ajomatkan j\u00e4lkeen pys\u00e4hdy <a href=\"https:\/\/www.graceland.com\/\">Gracelandissa<\/a>,<a href=\"https:\/\/en.wikipedia.org\/wiki\/Elvis_Presley\">Elvis Presleyn<\/a> entisess\u00e4 kodissa. <a href=\"https:\/\/bealestreet.com\/\">Beale Street<\/a> on blues-fanien ehdoton kohde legendaarisine klubeineen. Entisess\u00e4 Lorraine-motellissa sijaitsevaa <a href=\"https:\/\/www.civilrightsmuseum.org\/visit\/?source=adwords&amp;campaign=&amp;medium=cpc&amp;keyword=national%20civil%20rights%20museum&amp;target=kwd-329492642321&amp;loc=9222727&amp;device=c&amp;gad_source=1&amp;gclid=Cj0KCQjwkN--BhDkARIsAD_mnIovXJ9uKCG2eyQDXN0RhNo1qqhfKbEZfUeXq_qc6AysXcXBrKIjyKAaAt8yEALw_wcB\">National Civil Rights Museumia<\/a> ei kannata j\u00e4tt\u00e4\u00e4 v\u00e4liin. <\/p>\n\n<h3 class=\"wp-block-heading\">1.3. Clarksdale, Mississippi: Delta Bluesin juurilla<\/h3>\n\n<p><a href=\"https:\/\/www.cityofclarksdale.org\/\">Clarksdale<\/a> on pieni kaupunki <a href=\"https:\/\/www.ms.gov\/\">Mississippiss\u00e4<\/a> ja Delta Bluesin synnyinpaikka. <a href=\"https:\/\/www.deltabluesmuseum.org\/\">Delta Blues Museum<\/a> ja <a href=\"https:\/\/www.clarksdale.com\/crossroads.php\">Crossroads<\/a>, jossa Robert Johnsonin sanotaan myyneen sielunsa paholaiselle, ovat pakollisia pys\u00e4hdyspaikkoja. <\/p>\n\n<h3 class=\"wp-block-heading\">1.4. New Orleans, Louisiana: jazz huipullaan<\/h3>\n\n<p>Matka p\u00e4\u00e4ttyy t\u00e4h\u00e4n elinvoimaiseen kaupunkiin. K\u00e4vele <a href=\"https:\/\/www.neworleans.com\/plan\/neighborhoods\/french-quarter\/\">French Quarterin<\/a> l\u00e4pi, tutustu <a href=\"https:\/\/www.frenchquarter.com\/frenchmen-street\/\">Frenchmen Streetin<\/a> jazzklubeihin ja nauti beigneteist\u00e4 <a href=\"https:\/\/shop.cafedumonde.com\/\">Caf\u00e9 du Mondessa<\/a>. <\/p>\n\n<h2 class=\"wp-block-heading\">Maisemat ja kansallispuistot: unohtumattomia maisemareittej\u00e4<\/h2>\n\n<h3 class=\"wp-block-heading\">Great Smoky Mountains: upea luonnollinen kulkuv\u00e4yl\u00e4<\/h3>\n\n<p>Ennen kuin edes p\u00e4\u00e4set Nashvilleen, poikkea <a href=\"https:\/\/friendsofthesmokies.org\/?gad_source=1&amp;gclid=Cj0KCQjwkN--BhDkARIsAD_mnIrzh_s0i4f90vUCfk37IDHlKDA73wyXZI0Lgky0I4paZsPiGmDajhsaAkbJEALw_wcB\">Great Smoky Mountainsiin<\/a>, kansallispuistoon, jossa on sumuisia n\u00e4kymi\u00e4 ja mets\u00e4isi\u00e4 polkuja, jotka sopivat t\u00e4ydellisesti ensimm\u00e4iseen uppoutumiseen upeaan ulkoilmaan.<\/p>\n\n<h3 class=\"wp-block-heading\">Natchez Trace Parkway : historiallinen tie<\/h3>\n\n<p><a href=\"https:\/\/www.scenictrace.com\/\">Natchez Trace Parkway<\/a> on 700 kilometri\u00e4 pitk\u00e4 reitti, joka kulkee <a href=\"https:\/\/www.tn.gov\/\">Tennesseen<\/a>, Mississippin ja<a href=\"https:\/\/www.alabama.gov\/\">Alabaman<\/a> halki. Se on t\u00e4ynn\u00e4 historiallisia pys\u00e4hdyspaikkoja ja n\u00e4k\u00f6alapaikkoja ja sopii erinomaisesti valokuvauksen ja historian yst\u00e4ville. <\/p>\n\n<h3 class=\"wp-block-heading\">Louisianan lahdet: uppoutuminen toiseen maailmaan<\/h3>\n\n<p>Ennen kuin saavut New Orleansiin, voit tutustua <a href=\"https:\/\/www.louisiana.gov\/\">Louisianan<\/a> lahdelmiin veneell\u00e4 ja tarkkailla alligaattoreita ja paikallista villiel\u00e4imist\u00f6\u00e4.<\/p>\n\n<h2 class=\"wp-block-heading\">Miss\u00e4 nukkua? Aidot hotellit ja majoituspaikat <\/h2>\n\n<h3 class=\"wp-block-heading\">Nashville: Nykyaikaisuuden ja perinteiden v\u00e4liss\u00e4<\/h3>\n\n<p><a href=\"https:\/\/www.huttonhotel.com\/\">Hutton Hotel<\/a> ja<a href=\"https:\/\/www.omnihotels.com\/hotels\/nashville?utm_source=gmblisting&amp;utm_medium=organic\">Omni Nashville Hotel<\/a> tarjoavat huippuluokan mukavuutta. Jos haluat aidon kokemuksen, valitse Airbnb-asunto East Nashvillest\u00e4. <\/p>\n\n<h3 class=\"wp-block-heading\">Memphis: etel\u00e4n charmia<\/h3>\n\n<p><a href=\"https:\/\/www.peabodymemphis.com\/?utm_source=local-directories&amp;utm_medium=organic&amp;utm_campaign=travelclick-localconnect-featured\">Peabody Hotel<\/a>, joka on kuuluisa ankkaparaatistaan, on ikoninen valinta. Jos haluat edullisemman vaihtoehdon, <a href=\"https:\/\/www.marriott.com\/en-us\/hotels\/memox-moxy-memphis-downtown\/overview\/?scid=f2ae0541-1279-4f24-b197-a979c79310b0\">Moxy Memphis Downtown<\/a> on ihanteellinen. <\/p>\n\n<h3 class=\"wp-block-heading\">New Orleans: Uppoudu jazz-tunnelmaan<\/h3>\n\n<p><a href=\"https:\/\/www.neworleans.com\/plan\/streets\/bourbon-street\/\">Bourbon<\/a> Streetill\u00e4 sijaitsevassa <a href=\"https:\/\/www.sonesta.com\/royal-sonesta\/la\/new-orleans\/royal-sonesta-new-orleans\">Royal Sonesta -hotellissa<\/a> olet keskell\u00e4 toimintaa, ja <a href=\"https:\/\/hotelmonteleone.com\/\">Hotel Monteleone<\/a> tarjoaa ripauksen historiallista ylellisyytt\u00e4.<\/p>\n\n<h2 class=\"wp-block-heading\">Instagrammattavat valokuvakohteet<\/h2>\n\n<figure class=\"wp-block-table\"><table class=\"has-fixed-layout\"><tbody><tr><td><strong>Sijainti<\/strong><\/td><td><strong>Kaupunki<\/strong><\/td><td><strong>Erityinen<\/strong><\/td><\/tr><tr><td><a href=\"https:\/\/www.trolleytours.com\/nashville\/broadway\">Broadway Street<\/a><\/td><td>Nashville<\/td><td>Neonvalot ja live-konsertit<\/td><\/tr><tr><td><a href=\"https:\/\/www.memphistravel.com\/beale-street\">Beale Street<\/a><\/td><td>Memphis<\/td><td>Ikoninen blues-tunnelma<\/td><\/tr><tr><td><a href=\"https:\/\/www.coastalridgefarm.com\/\">Auringonkukkapellot<\/a><\/td><td>Mississippi<\/td><td>V\u00e4rikk\u00e4\u00e4t maisemat<\/td><\/tr><tr><td>Ranskalainen kortteli<\/td><td>New Orleans<\/td><td>Historiallinen arkkitehtuuri ja katutaide<\/td><\/tr><\/tbody><\/table><\/figure>\n\n<h2 class=\"wp-block-heading\">Aktiviteetit matkatyypin mukaan<\/h2>\n\n<h3 class=\"wp-block-heading\">Pariskuntana: romantiikkaa ja musiikkia<\/h3>\n\n<p>Mik\u00e4\u00e4n ei voita illallisristeily\u00e4 Mississippill\u00e4 ja New Orleansin jazzin kuuntelua. Nashvilless\u00e4 ilta <a href=\"https:\/\/bluebirdcafe.com\/\">Bluebird Cafessa<\/a> tarjoaa intiimin ilmapiirin, joka sopii t\u00e4ydellisesti romanttiselle kaksinpelille. <\/p>\n\n<h3 class=\"wp-block-heading\">Perheen kanssa: seikkailu kaikkien ulottuvilla<\/h3>\n\n<p>Lapset rakastavat Memphisin <a href=\"https:\/\/www.memphisrocknsoul.org\/\">Rock &amp; Soul -museota<\/a> ja melontaretke\u00e4 Mississippill\u00e4. Tennesseess\u00e4 sijaitseva <a href=\"https:\/\/www.dollywood.com\/\">Dollywood-teemapuisto<\/a> on ainutlaatuinen kokemus, jossa yhdistyv\u00e4t kantrimusiikki ja n\u00e4ht\u00e4vyydet. <\/p>\n\n<p>Syv\u00e4 etel\u00e4 on yksi <a href=\"https:\/\/usa-b2.com\/\">Amerikan parhaista automatkoista<\/a>. Konserttien, historiallisten kohteiden, upeiden maisemien ja ikonisten hotellien ansiosta jokainen etappi on t\u00e4ynn\u00e4 yll\u00e4tyksi\u00e4 ja l\u00f6yt\u00f6j\u00e4. Matkustitpa sitten pariskuntana tai perheen\u00e4, t\u00e4m\u00e4 ikimuistoinen matka j\u00e4tt\u00e4\u00e4 sinulle unohtumattomia muistoja ja syd\u00e4meesi sy\u00f6pyneit\u00e4 melodioita.  <\/p>\n","protected":false},"excerpt":{"rendered":"<p>Syv\u00e4 etel\u00e4 autolla: opas t\u00e4ydelliseen road tripiin Yhdysvaltojen etel\u00e4inen alue on t\u00e4ynn\u00e4 historiaa, kulttuuria ja musiikkia. T\u00e4m\u00e4 kiertomatka vie sinut blues-, jazz- ja kantrimusiikin juurille legendaaristen maisemien ja ikonisten kaupunkien, kuten Nashvillen, Memphisin ja New Orleansin, l\u00e4pi. Konserttien, historiallisten kohteiden ja gastronomisten pys\u00e4hdysten ansiosta t\u00e4m\u00e4 matka tarjoaa ainutlaatuisen kokemuksen musiikin ja seikkailun yst\u00e4ville. Matkareitti: Nashville [&hellip;]<\/p>\n","protected":false},"author":1,"featured_media":0,"parent":0,"menu_order":0,"comment_status":"closed","ping_status":"closed","template":"","meta":{"footnotes":""},"class_list":["post-7866","page","type-page","status-publish","hentry"],"yoast_head":"<!-- This site is optimized with the Yoast SEO plugin v27.4 - https:\/\/yoast.com\/product\/yoast-seo-wordpress\/ -->\n<title>Roadtrip syv\u00e4ll\u00e4 etel\u00e4ss\u00e4: matkareitti, t\u00e4rkeimm\u00e4t pys\u00e4hdykset ja pakolliset kokemukset - USA B2<\/title>\n<meta name=\"description\" content=\"Roadtrip syv\u00e4ss\u00e4 etel\u00e4ss\u00e4: matkareitti, keskeiset pys\u00e4hdykset, majoitus ja aktiviteetit Nashvillest\u00e4 New Orleansiin!\" \/>\n<meta name=\"robots\" content=\"index, follow, max-snippet:-1, max-image-preview:large, max-video-preview:-1\" \/>\n<link rel=\"canonical\" href=\"https:\/\/usa-b2.com\/fi\/deep-south-music-tour\/\" \/>\n<meta property=\"og:locale\" content=\"fi_FI\" \/>\n<meta property=\"og:type\" content=\"article\" \/>\n<meta property=\"og:title\" content=\"Roadtrip syv\u00e4ll\u00e4 etel\u00e4ss\u00e4: matkareitti, t\u00e4rkeimm\u00e4t pys\u00e4hdykset ja pakolliset kokemukset - USA B2\" \/>\n<meta property=\"og:description\" content=\"Roadtrip syv\u00e4ss\u00e4 etel\u00e4ss\u00e4: matkareitti, keskeiset pys\u00e4hdykset, majoitus ja aktiviteetit Nashvillest\u00e4 New Orleansiin!\" \/>\n<meta property=\"og:url\" content=\"https:\/\/usa-b2.com\/fi\/deep-south-music-tour\/\" \/>\n<meta property=\"og:site_name\" content=\"USA B2\" \/>\n<meta property=\"article:modified_time\" content=\"2025-06-05T10:06:51+00:00\" \/>\n<meta property=\"og:image\" content=\"https:\/\/usa-b2.com\/wp-content\/uploads\/2025\/03\/Deep-South-Music-2-1024x576.png\" \/>\n\t<meta property=\"og:image:width\" content=\"1024\" \/>\n\t<meta property=\"og:image:height\" content=\"576\" \/>\n\t<meta property=\"og:image:type\" content=\"image\/png\" \/>\n<meta name=\"twitter:card\" content=\"summary_large_image\" \/>\n<meta name=\"twitter:label1\" content=\"Arvioitu lukuaika\" \/>\n\t<meta name=\"twitter:data1\" content=\"2 minuuttia\" \/>\n<script type=\"application\/ld+json\" class=\"yoast-schema-graph\">{\"@context\":\"https:\\\/\\\/schema.org\",\"@graph\":[{\"@type\":\"WebPage\",\"@id\":\"https:\\\/\\\/usa-b2.com\\\/fi\\\/deep-south-music-tour\\\/\",\"url\":\"https:\\\/\\\/usa-b2.com\\\/fi\\\/deep-south-music-tour\\\/\",\"name\":\"Roadtrip syv\u00e4ll\u00e4 etel\u00e4ss\u00e4: matkareitti, t\u00e4rkeimm\u00e4t pys\u00e4hdykset ja pakolliset kokemukset - USA B2\",\"isPartOf\":{\"@id\":\"https:\\\/\\\/usa-b2.com\\\/fi\\\/#website\"},\"primaryImageOfPage\":{\"@id\":\"https:\\\/\\\/usa-b2.com\\\/fi\\\/deep-south-music-tour\\\/#primaryimage\"},\"image\":{\"@id\":\"https:\\\/\\\/usa-b2.com\\\/fi\\\/deep-south-music-tour\\\/#primaryimage\"},\"thumbnailUrl\":\"https:\\\/\\\/usa-b2.com\\\/wp-content\\\/uploads\\\/2025\\\/03\\\/Deep-South-Music-2-1024x576.png\",\"datePublished\":\"2025-03-17T13:11:22+00:00\",\"dateModified\":\"2025-06-05T10:06:51+00:00\",\"description\":\"Roadtrip syv\u00e4ss\u00e4 etel\u00e4ss\u00e4: matkareitti, keskeiset pys\u00e4hdykset, majoitus ja aktiviteetit Nashvillest\u00e4 New Orleansiin!\",\"breadcrumb\":{\"@id\":\"https:\\\/\\\/usa-b2.com\\\/fi\\\/deep-south-music-tour\\\/#breadcrumb\"},\"inLanguage\":\"fi\",\"potentialAction\":[{\"@type\":\"ReadAction\",\"target\":[\"https:\\\/\\\/usa-b2.com\\\/fi\\\/deep-south-music-tour\\\/\"]}]},{\"@type\":\"ImageObject\",\"inLanguage\":\"fi\",\"@id\":\"https:\\\/\\\/usa-b2.com\\\/fi\\\/deep-south-music-tour\\\/#primaryimage\",\"url\":\"https:\\\/\\\/usa-b2.com\\\/wp-content\\\/uploads\\\/2025\\\/03\\\/Deep-South-Music-2-1024x576.png\",\"contentUrl\":\"https:\\\/\\\/usa-b2.com\\\/wp-content\\\/uploads\\\/2025\\\/03\\\/Deep-South-Music-2-1024x576.png\"},{\"@type\":\"BreadcrumbList\",\"@id\":\"https:\\\/\\\/usa-b2.com\\\/fi\\\/deep-south-music-tour\\\/#breadcrumb\",\"itemListElement\":[{\"@type\":\"ListItem\",\"position\":1,\"name\":\"Accueil\",\"item\":\"https:\\\/\\\/usa-b2.com\\\/fi\\\/usa\\\/\"},{\"@type\":\"ListItem\",\"position\":2,\"name\":\"Roadtrip syv\u00e4ll\u00e4 etel\u00e4ss\u00e4: matkareitti, t\u00e4rkeimm\u00e4t pys\u00e4hdykset ja pakolliset kokemukset\"}]},{\"@type\":\"WebSite\",\"@id\":\"https:\\\/\\\/usa-b2.com\\\/fi\\\/#website\",\"url\":\"https:\\\/\\\/usa-b2.com\\\/fi\\\/\",\"name\":\"USA B2 VISA\",\"description\":\"\",\"potentialAction\":[{\"@type\":\"SearchAction\",\"target\":{\"@type\":\"EntryPoint\",\"urlTemplate\":\"https:\\\/\\\/usa-b2.com\\\/fi\\\/?s={search_term_string}\"},\"query-input\":{\"@type\":\"PropertyValueSpecification\",\"valueRequired\":true,\"valueName\":\"search_term_string\"}}],\"inLanguage\":\"fi\"}]}<\/script>\n<!-- \/ Yoast SEO plugin. -->","yoast_head_json":{"title":"Roadtrip syv\u00e4ll\u00e4 etel\u00e4ss\u00e4: matkareitti, t\u00e4rkeimm\u00e4t pys\u00e4hdykset ja pakolliset kokemukset - USA B2","description":"Roadtrip syv\u00e4ss\u00e4 etel\u00e4ss\u00e4: matkareitti, keskeiset pys\u00e4hdykset, majoitus ja aktiviteetit Nashvillest\u00e4 New Orleansiin!","robots":{"index":"index","follow":"follow","max-snippet":"max-snippet:-1","max-image-preview":"max-image-preview:large","max-video-preview":"max-video-preview:-1"},"canonical":"https:\/\/usa-b2.com\/fi\/deep-south-music-tour\/","og_locale":"fi_FI","og_type":"article","og_title":"Roadtrip syv\u00e4ll\u00e4 etel\u00e4ss\u00e4: matkareitti, t\u00e4rkeimm\u00e4t pys\u00e4hdykset ja pakolliset kokemukset - USA B2","og_description":"Roadtrip syv\u00e4ss\u00e4 etel\u00e4ss\u00e4: matkareitti, keskeiset pys\u00e4hdykset, majoitus ja aktiviteetit Nashvillest\u00e4 New Orleansiin!","og_url":"https:\/\/usa-b2.com\/fi\/deep-south-music-tour\/","og_site_name":"USA B2","article_modified_time":"2025-06-05T10:06:51+00:00","og_image":[{"width":1024,"height":576,"url":"https:\/\/usa-b2.com\/wp-content\/uploads\/2025\/03\/Deep-South-Music-2-1024x576.png","type":"image\/png"}],"twitter_card":"summary_large_image","twitter_misc":{"Arvioitu lukuaika":"2 minuuttia"},"schema":{"@context":"https:\/\/schema.org","@graph":[{"@type":"WebPage","@id":"https:\/\/usa-b2.com\/fi\/deep-south-music-tour\/","url":"https:\/\/usa-b2.com\/fi\/deep-south-music-tour\/","name":"Roadtrip syv\u00e4ll\u00e4 etel\u00e4ss\u00e4: matkareitti, t\u00e4rkeimm\u00e4t pys\u00e4hdykset ja pakolliset kokemukset - USA B2","isPartOf":{"@id":"https:\/\/usa-b2.com\/fi\/#website"},"primaryImageOfPage":{"@id":"https:\/\/usa-b2.com\/fi\/deep-south-music-tour\/#primaryimage"},"image":{"@id":"https:\/\/usa-b2.com\/fi\/deep-south-music-tour\/#primaryimage"},"thumbnailUrl":"https:\/\/usa-b2.com\/wp-content\/uploads\/2025\/03\/Deep-South-Music-2-1024x576.png","datePublished":"2025-03-17T13:11:22+00:00","dateModified":"2025-06-05T10:06:51+00:00","description":"Roadtrip syv\u00e4ss\u00e4 etel\u00e4ss\u00e4: matkareitti, keskeiset pys\u00e4hdykset, majoitus ja aktiviteetit Nashvillest\u00e4 New Orleansiin!","breadcrumb":{"@id":"https:\/\/usa-b2.com\/fi\/deep-south-music-tour\/#breadcrumb"},"inLanguage":"fi","potentialAction":[{"@type":"ReadAction","target":["https:\/\/usa-b2.com\/fi\/deep-south-music-tour\/"]}]},{"@type":"ImageObject","inLanguage":"fi","@id":"https:\/\/usa-b2.com\/fi\/deep-south-music-tour\/#primaryimage","url":"https:\/\/usa-b2.com\/wp-content\/uploads\/2025\/03\/Deep-South-Music-2-1024x576.png","contentUrl":"https:\/\/usa-b2.com\/wp-content\/uploads\/2025\/03\/Deep-South-Music-2-1024x576.png"},{"@type":"BreadcrumbList","@id":"https:\/\/usa-b2.com\/fi\/deep-south-music-tour\/#breadcrumb","itemListElement":[{"@type":"ListItem","position":1,"name":"Accueil","item":"https:\/\/usa-b2.com\/fi\/usa\/"},{"@type":"ListItem","position":2,"name":"Roadtrip syv\u00e4ll\u00e4 etel\u00e4ss\u00e4: matkareitti, t\u00e4rkeimm\u00e4t pys\u00e4hdykset ja pakolliset kokemukset"}]},{"@type":"WebSite","@id":"https:\/\/usa-b2.com\/fi\/#website","url":"https:\/\/usa-b2.com\/fi\/","name":"USA B2 VISA","description":"","potentialAction":[{"@type":"SearchAction","target":{"@type":"EntryPoint","urlTemplate":"https:\/\/usa-b2.com\/fi\/?s={search_term_string}"},"query-input":{"@type":"PropertyValueSpecification","valueRequired":true,"valueName":"search_term_string"}}],"inLanguage":"fi"}]}},"_links":{"self":[{"href":"https:\/\/usa-b2.com\/fi\/wp-json\/wp\/v2\/pages\/7866","targetHints":{"allow":["GET"]}}],"collection":[{"href":"https:\/\/usa-b2.com\/fi\/wp-json\/wp\/v2\/pages"}],"about":[{"href":"https:\/\/usa-b2.com\/fi\/wp-json\/wp\/v2\/types\/page"}],"author":[{"embeddable":true,"href":"https:\/\/usa-b2.com\/fi\/wp-json\/wp\/v2\/users\/1"}],"replies":[{"embeddable":true,"href":"https:\/\/usa-b2.com\/fi\/wp-json\/wp\/v2\/comments?post=7866"}],"version-history":[{"count":0,"href":"https:\/\/usa-b2.com\/fi\/wp-json\/wp\/v2\/pages\/7866\/revisions"}],"wp:attachment":[{"href":"https:\/\/usa-b2.com\/fi\/wp-json\/wp\/v2\/media?parent=7866"}],"curies":[{"name":"wp","href":"https:\/\/api.w.org\/{rel}","templated":true}]}}