{"id":7813,"date":"2025-03-17T11:01:36","date_gmt":"2025-03-17T11:01:36","guid":{"rendered":"https:\/\/usa-b2.com\/florida-keys\/"},"modified":"2025-06-05T09:28:19","modified_gmt":"2025-06-05T09:28:19","slug":"florida-keys","status":"publish","type":"page","link":"https:\/\/usa-b2.com\/fi\/florida-keys\/","title":{"rendered":"Road trip Keysiss\u00e4: reitti, vinkkej\u00e4 ja pakolliset n\u00e4ht\u00e4vyydet Floridassa"},"content":{"rendered":"\n<h1 class=\"wp-block-heading\">Opas road trip Yhdysvaltain Keysiss\u00e4<\/h1>\n\n<p><a href=\"https:\/\/fla-keys.com\/\">Florida Keys<\/a> on paratiisisaaristo, joka ulottuu yli 180 kilometri\u00e4 Key Largon ja Key Westin v\u00e4lill\u00e4. T\u00e4m\u00e4n legendaarisen reitin kulkeminen <a href=\"https:\/\/en.wikipedia.org\/wiki\/Overseas_Highway\">Overseas Highwayta (US-1<\/a> ) pitkin tarjoaa unohtumattomia maisemia, strategisia pys\u00e4hdyksi\u00e4 ja t\u00e4ydellisen uppoutumisen ainutlaatuiseen trooppiseen ilmapiiriin. Matkustitpa sitten pariskuntana, perheen tai yst\u00e4vien kanssa, t\u00e4ss\u00e4 oppaassa on kaikki, mit\u00e4 sinun tarvitsee tiet\u00e4\u00e4 t\u00e4st\u00e4 <a href=\"https:\/\/usa-b2.com\/fi\/\">amerikkalaisesta road tripist\u00e4<\/a>: reitti, aktiviteetit, majoitus ja pakolliset n\u00e4ht\u00e4vyydet.  <\/p>\n\n<figure class=\"wp-block-image size-large\"><img fetchpriority=\"high\" decoding=\"async\" width=\"1024\" height=\"576\" src=\"https:\/\/usa-b2.com\/wp-content\/uploads\/2025\/03\/Keys-Florida-1-1024x576.png\" alt=\"\" class=\"wp-image-8114\" srcset=\"https:\/\/usa-b2.com\/wp-content\/uploads\/2025\/03\/Keys-Florida-1-1024x576.png 1024w, https:\/\/usa-b2.com\/wp-content\/uploads\/2025\/03\/Keys-Florida-1-300x169.png 300w, https:\/\/usa-b2.com\/wp-content\/uploads\/2025\/03\/Keys-Florida-1-768x432.png 768w, https:\/\/usa-b2.com\/wp-content\/uploads\/2025\/03\/Keys-Florida-1.png 1099w\" sizes=\"(max-width: 1024px) 100vw, 1024px\" \/><\/figure>\n\n<h2 class=\"wp-block-heading\">Ihanteellinen reitti Keysin l\u00e4pi<\/h2>\n\n<p>Klassinen reitti alkaa <a href=\"https:\/\/www.miami.gov\/Home\">Miamista<\/a> ja kulkee <a href=\"https:\/\/en.wikivoyage.org\/wiki\/U.S._Highway_1\">US-1-tiet\u00e4 etel\u00e4\u00e4n<\/a> <a href=\"https:\/\/www.cityofkeywest-fl.gov\/\">Key Westiin<\/a>. T\u00e4ss\u00e4 ovat reitin p\u00e4\u00e4vaiheet: <\/p>\n\n<ul class=\"wp-block-list\">\n<li><a href=\"https:\/\/www.homesteadfl.gov\/\">Homestead<\/a>: portti <a href=\"https:\/\/www.nps.gov\/ever\/index.htm\">Evergladesiin<\/a>, t\u00e4ydellinen paikka kantosiipialusretkelle.<\/li>\n\n\n\n<li><a href=\"https:\/\/www.office-tourisme-usa.com\/etat\/floride\/key-largo\/\">Key Largo<\/a>: Ihanteellinen paikka sukeltamiseen <a href=\"https:\/\/pennekamppark.com\/\">John Pennekamp Coral Reef State Parkissa<\/a>.<\/li>\n\n\n\n<li><a href=\"https:\/\/www.islamorada.fl.us\/\">Islamorada<\/a>: Maailman suurriistakalastuksen p\u00e4\u00e4kaupunki, jossa voit maistella tuoretta kalaa.<\/li>\n\n\n\n<li><a href=\"https:\/\/www.ci.marathon.fl.us\/\">Maraton<\/a>: ikoninen Seven Mile Bridge ja <a href=\"https:\/\/www.visitflorida.com\/travel-ideas\/articles\/sombrero-beach-in-marathon-florida-key-west\/\">Sombrero Beach<\/a>.<\/li>\n\n\n\n<li><strong><a href=\"https:\/\/www.floridastateparks.org\/BahiaHonda\">Bahia Hondan osavaltion puisto<\/a><\/strong> Yksi Keysin kauneimmista rannoista.<\/li>\n\n\n\n<li><strong>Key West<\/strong>: Viimeinen kohde, joka on kuuluisa <a href=\"https:\/\/www.mallorysquare.com\/\">Mallory Squaren<\/a> auringonlaskujuhlista.<\/li>\n<\/ul>\n\n<h2 class=\"wp-block-heading\">Ohittamattomia maisemia ja luonnon pys\u00e4hdyspaikkoja<\/h2>\n\n<p><strong>Keys <\/strong>tarjoaa monipuolisen maiseman rantoja, kansallispuistoja ja koralliriuttoja.<\/p>\n\n<p>Kansallispuistoista Evergladesin kansallispuisto tarjoaa mahdollisuuden tutustua paikalliseen villiel\u00e4imist\u00f6\u00f6n, kun taas <a href=\"https:\/\/www.nps.gov\/drto\/index.htm\">Dry Tortugasin kansallispuisto<\/a>, jonne p\u00e4\u00e4see veneell\u00e4 Key Westist\u00e4, on <a href=\"https:\/\/www.futura-sciences.com\/planete\/photos\/amerique-splendeur-parcs-nationaux-americains-1023\/amerique-fort-jefferson-parc-national-sec-tortugas-7010\/\">Fort Jeffersonin<\/a> ja kristallinkirkkaiden vesien koti, jotka sopivat erinomaisesti snorklaukseen.<\/p>\n\n<p>Muita unohtumattomia n\u00e4ht\u00e4vyyksi\u00e4 ovat <a href=\"https:\/\/www.tripadvisor.com\/Attraction_Review-g34347-d519772-Reviews-Seven_Mile_Bridge-Marathon_Florida_Keys_Florida.html\">Seven Mile Bridge<\/a>, joka on yksi maailman pisimmist\u00e4 silloista, <strong>Sombrero<\/strong> Beach Marathonissa ja <a href=\"https:\/\/fla-keys.com\/keysvoices\/experience-big-pine-the-lower-keys\/\">Big Pine Keyn<\/a> matalat vedet, joissa voit n\u00e4hd\u00e4 alueelle tyypillisi\u00e4 peuroja.<\/p>\n\n<h2 class=\"wp-block-heading\">Miss\u00e4 nukkua Keysiss\u00e4?<\/h2>\n\n<p>Oikean majoituksen l\u00f6yt\u00e4minen on t\u00e4rke\u00e4\u00e4, jos haluat ottaa matkastasi kaiken irti.<\/p>\n\n<p>Tarjolla on erilaisia vaihtoehtoja, jotka sopivat budjettiisi ja mieltymyksiisi:<\/p>\n\n<figure class=\"wp-block-table\"><table class=\"has-fixed-layout\"><tbody><tr><td><strong>Kaupunki<\/strong><\/td><td><strong>Hosting<\/strong><\/td><td><strong>Keskim\u00e4\u00e4r\u00e4inen hinta\/y\u00f6<\/strong><\/td><\/tr><tr><td>Key Largo<\/td><td><a href=\"https:\/\/www.marriott.com\/en-us\/hotels\/mthak-playa-largo-resort-and-spa-autograph-collection\/overview\/?scid=f2ae0541-1279-4f24-b197-a979c79310b0\">Playa Largo Resort &amp; Spa<\/a><\/td><td>180$<\/td><\/tr><tr><td>Maraton<\/td><td><a href=\"https:\/\/www.hawkscay.com\/?NCK=8666906422&amp;utm_source=google&amp;utm_medium=listing&amp;utm_campaign=hawks+cay+resort\">Hawks Cay Resort<\/a><\/td><td>250$<\/td><\/tr><tr><td>Key West<\/td><td><a href=\"https:\/\/www.themarkerkeywest.com\/?NCK=gl-marker\">The Marker Waterfront Resort<\/a><\/td><td>300$<\/td><\/tr><\/tbody><\/table><\/figure>\n\n<h2 class=\"wp-block-heading\">Instagrammattavat valokuvakohteet<\/h2>\n\n<p>Keys tarjoaa monia ikonisia paikkoja, jotka sopivat t\u00e4ydellisesti valokuviin.<\/p>\n\n<p><a href=\"https:\/\/cityofkeywest-fl.gov\/Facilities\/Facility\/Details\/Southernmost-Point-44\">Key Westin Southernmost Point<\/a> on ehdoton n\u00e4ht\u00e4vyys, samoin kuin <a href=\"https:\/\/7milebridge.website\/\">Seven Mile Bridge<\/a> auringonlaskun aikaan. Jos etsit trooppista ymp\u00e4rist\u00f6\u00e4, suuntaa <a href=\"https:\/\/www.floridastateparks.org\/BahiaHonda\">Bahia Honda State Parkiin<\/a>, joka on kuuluisa turkoosista vedest\u00e4\u00e4n. <\/p>\n\n<p>Ep\u00e4tavallisempia kokemuksia ovat muun muassa Key Largossa sijaitseva upotettu <a href=\"https:\/\/www.atlasobscura.com\/places\/christ-of-the-abyss-florida\">Christ of the Abyss<\/a> -patsas, joka on ainutlaatuinen sukelluskokemus, ja <a href=\"https:\/\/www.mallorysquare.com\/\">Key Westin Mallory Squarella<\/a> j\u00e4rjestett\u00e4v\u00e4 <a href=\"https:\/\/www.sunsetcelebration.org\/\">Sunset Celebration<\/a>, joka takaa upeat otokset.<\/p>\n\n<h2 class=\"wp-block-heading\">Toimintaa pariskunnille ja perheille<\/h2>\n\n<h3 class=\"wp-block-heading\">Pariskunta<\/h3>\n\n<p>Matka Keysille on romanttinen pakomatka par excellence. Illallinen meren rannalla, esimerkiksi <a href=\"https:\/\/www.moradabaykeys.com\/dining\/pierres-restaurant\/\">Pierre&#8217;s Restaurantissa<\/a> Islamoradassa, on t\u00e4ydellinen puitteet. Auringonlaskun purjehdusretket Key Westiin ovat unohtumattomia, samoin kuin p\u00e4iv\u00e4 snorklaamalla <a href=\"https:\/\/floridakeys.noaa.gov\/zones\/spas\/loeekey.html\">Looe Key Reefill\u00e4<\/a>.  <\/p>\n\n<h3 class=\"wp-block-heading\">Perhe<\/h3>\n\n<p>Keys on my\u00f6s t\u00e4ydellinen kohde perheille. Lapset rakastavat : <\/p>\n\n<ul class=\"wp-block-list\">\n<li>Ui delfiinien kanssa Marathonin <a href=\"https:\/\/dolphins.org\/\">delfiinitutkimuskeskuksessa<\/a>.<\/li>\n\n\n\n<li>Tutustu Key Westin interaktiivisiin akvaarioihin.<\/li>\n\n\n\n<li>Kajakoi <a href=\"https:\/\/www.expedia.fr\/Big-Pine-Key.dx7195\">Big Pine Keyn<\/a> mangroveilla.<\/li>\n<\/ul>\n\n<p>Matkustaminen Florida Keysiss\u00e4 on ainutlaatuinen kokemus, jossa yhdistyv\u00e4t upeat maisemat, monipuoliset aktiviteetit ja laadukas majoitus. Olitpa sitten sukeltaja, road trip -harrastaja tai romantiikkaa etsiv\u00e4, t\u00e4m\u00e4 matka lupaa unohtumattomia muistoja. Suunnittele matkasuunnitelmasi, varaa hotellit ja nauti poikkeuksellisesta seikkailusta yhdell\u00e4 Yhdysvaltojen legendaarisimmista teist\u00e4!  <\/p>\n\n<p><\/p>\n","protected":false},"excerpt":{"rendered":"<p>Opas road trip Yhdysvaltain Keysiss\u00e4 Florida Keys on paratiisisaaristo, joka ulottuu yli 180 kilometri\u00e4 Key Largon ja Key Westin v\u00e4lill\u00e4. T\u00e4m\u00e4n legendaarisen reitin kulkeminen Overseas Highwayta (US-1 ) pitkin tarjoaa unohtumattomia maisemia, strategisia pys\u00e4hdyksi\u00e4 ja t\u00e4ydellisen uppoutumisen ainutlaatuiseen trooppiseen ilmapiiriin. Matkustitpa sitten pariskuntana, perheen tai yst\u00e4vien kanssa, t\u00e4ss\u00e4 oppaassa on kaikki, mit\u00e4 sinun tarvitsee tiet\u00e4\u00e4 [&hellip;]<\/p>\n","protected":false},"author":1,"featured_media":0,"parent":0,"menu_order":0,"comment_status":"closed","ping_status":"closed","template":"","meta":{"footnotes":""},"class_list":["post-7813","page","type-page","status-publish","hentry"],"yoast_head":"<!-- This site is optimized with the Yoast SEO plugin v27.0 - https:\/\/yoast.com\/product\/yoast-seo-wordpress\/ -->\n<title>Road trip Keysiss\u00e4: reitti, vinkkej\u00e4 ja pakolliset n\u00e4ht\u00e4vyydet Floridassa - USA B2<\/title>\n<meta name=\"description\" content=\"Tutustu Florida Keysin road trip -oppaaseen: matkareitti, maisemat, hotellit, aktiviteetit ja Instagram-kuvakohteet.\" \/>\n<meta name=\"robots\" content=\"index, follow, max-snippet:-1, max-image-preview:large, max-video-preview:-1\" \/>\n<link rel=\"canonical\" href=\"https:\/\/usa-b2.com\/fi\/florida-keys\/\" \/>\n<meta property=\"og:locale\" content=\"fi_FI\" \/>\n<meta property=\"og:type\" content=\"article\" \/>\n<meta property=\"og:title\" content=\"Road trip Keysiss\u00e4: reitti, vinkkej\u00e4 ja pakolliset n\u00e4ht\u00e4vyydet Floridassa - USA B2\" \/>\n<meta property=\"og:description\" content=\"Tutustu Florida Keysin road trip -oppaaseen: matkareitti, maisemat, hotellit, aktiviteetit ja Instagram-kuvakohteet.\" \/>\n<meta property=\"og:url\" content=\"https:\/\/usa-b2.com\/fi\/florida-keys\/\" \/>\n<meta property=\"og:site_name\" content=\"USA B2\" \/>\n<meta property=\"article:modified_time\" content=\"2025-06-05T09:28:19+00:00\" \/>\n<meta property=\"og:image\" content=\"https:\/\/usa-b2.com\/wp-content\/uploads\/2025\/03\/Keys-Florida-1.png\" \/>\n\t<meta property=\"og:image:width\" content=\"1099\" \/>\n\t<meta property=\"og:image:height\" content=\"618\" \/>\n\t<meta property=\"og:image:type\" content=\"image\/png\" \/>\n<meta name=\"twitter:card\" content=\"summary_large_image\" \/>\n<meta name=\"twitter:label1\" content=\"Arvioitu lukuaika\" \/>\n\t<meta name=\"twitter:data1\" content=\"2 minuuttia\" \/>\n<script type=\"application\/ld+json\" class=\"yoast-schema-graph\">{\"@context\":\"https:\/\/schema.org\",\"@graph\":[{\"@type\":\"WebPage\",\"@id\":\"https:\/\/usa-b2.com\/fi\/florida-keys\/\",\"url\":\"https:\/\/usa-b2.com\/fi\/florida-keys\/\",\"name\":\"Road trip Keysiss\u00e4: reitti, vinkkej\u00e4 ja pakolliset n\u00e4ht\u00e4vyydet Floridassa - USA B2\",\"isPartOf\":{\"@id\":\"https:\/\/usa-b2.com\/fi\/#website\"},\"primaryImageOfPage\":{\"@id\":\"https:\/\/usa-b2.com\/fi\/florida-keys\/#primaryimage\"},\"image\":{\"@id\":\"https:\/\/usa-b2.com\/fi\/florida-keys\/#primaryimage\"},\"thumbnailUrl\":\"https:\/\/usa-b2.com\/wp-content\/uploads\/2025\/03\/Keys-Florida-1-1024x576.png\",\"datePublished\":\"2025-03-17T11:01:36+00:00\",\"dateModified\":\"2025-06-05T09:28:19+00:00\",\"description\":\"Tutustu Florida Keysin road trip -oppaaseen: matkareitti, maisemat, hotellit, aktiviteetit ja Instagram-kuvakohteet.\",\"breadcrumb\":{\"@id\":\"https:\/\/usa-b2.com\/fi\/florida-keys\/#breadcrumb\"},\"inLanguage\":\"fi\",\"potentialAction\":[{\"@type\":\"ReadAction\",\"target\":[\"https:\/\/usa-b2.com\/fi\/florida-keys\/\"]}]},{\"@type\":\"ImageObject\",\"inLanguage\":\"fi\",\"@id\":\"https:\/\/usa-b2.com\/fi\/florida-keys\/#primaryimage\",\"url\":\"https:\/\/usa-b2.com\/wp-content\/uploads\/2025\/03\/Keys-Florida-1-1024x576.png\",\"contentUrl\":\"https:\/\/usa-b2.com\/wp-content\/uploads\/2025\/03\/Keys-Florida-1-1024x576.png\"},{\"@type\":\"BreadcrumbList\",\"@id\":\"https:\/\/usa-b2.com\/fi\/florida-keys\/#breadcrumb\",\"itemListElement\":[{\"@type\":\"ListItem\",\"position\":1,\"name\":\"Accueil\",\"item\":\"https:\/\/usa-b2.com\/fi\/roadtrips-usa\/\"},{\"@type\":\"ListItem\",\"position\":2,\"name\":\"Road trip Keysiss\u00e4: reitti, vinkkej\u00e4 ja pakolliset n\u00e4ht\u00e4vyydet Floridassa\"}]},{\"@type\":\"WebSite\",\"@id\":\"https:\/\/usa-b2.com\/fi\/#website\",\"url\":\"https:\/\/usa-b2.com\/fi\/\",\"name\":\"USA B2 VISA\",\"description\":\"\",\"potentialAction\":[{\"@type\":\"SearchAction\",\"target\":{\"@type\":\"EntryPoint\",\"urlTemplate\":\"https:\/\/usa-b2.com\/fi\/?s={search_term_string}\"},\"query-input\":{\"@type\":\"PropertyValueSpecification\",\"valueRequired\":true,\"valueName\":\"search_term_string\"}}],\"inLanguage\":\"fi\"}]}<\/script>\n<!-- \/ Yoast SEO plugin. -->","yoast_head_json":{"title":"Road trip Keysiss\u00e4: reitti, vinkkej\u00e4 ja pakolliset n\u00e4ht\u00e4vyydet Floridassa - USA B2","description":"Tutustu Florida Keysin road trip -oppaaseen: matkareitti, maisemat, hotellit, aktiviteetit ja Instagram-kuvakohteet.","robots":{"index":"index","follow":"follow","max-snippet":"max-snippet:-1","max-image-preview":"max-image-preview:large","max-video-preview":"max-video-preview:-1"},"canonical":"https:\/\/usa-b2.com\/fi\/florida-keys\/","og_locale":"fi_FI","og_type":"article","og_title":"Road trip Keysiss\u00e4: reitti, vinkkej\u00e4 ja pakolliset n\u00e4ht\u00e4vyydet Floridassa - USA B2","og_description":"Tutustu Florida Keysin road trip -oppaaseen: matkareitti, maisemat, hotellit, aktiviteetit ja Instagram-kuvakohteet.","og_url":"https:\/\/usa-b2.com\/fi\/florida-keys\/","og_site_name":"USA B2","article_modified_time":"2025-06-05T09:28:19+00:00","og_image":[{"width":1099,"height":618,"url":"https:\/\/usa-b2.com\/wp-content\/uploads\/2025\/03\/Keys-Florida-1.png","type":"image\/png"}],"twitter_card":"summary_large_image","twitter_misc":{"Arvioitu lukuaika":"2 minuuttia"},"schema":{"@context":"https:\/\/schema.org","@graph":[{"@type":"WebPage","@id":"https:\/\/usa-b2.com\/fi\/florida-keys\/","url":"https:\/\/usa-b2.com\/fi\/florida-keys\/","name":"Road trip Keysiss\u00e4: reitti, vinkkej\u00e4 ja pakolliset n\u00e4ht\u00e4vyydet Floridassa - USA B2","isPartOf":{"@id":"https:\/\/usa-b2.com\/fi\/#website"},"primaryImageOfPage":{"@id":"https:\/\/usa-b2.com\/fi\/florida-keys\/#primaryimage"},"image":{"@id":"https:\/\/usa-b2.com\/fi\/florida-keys\/#primaryimage"},"thumbnailUrl":"https:\/\/usa-b2.com\/wp-content\/uploads\/2025\/03\/Keys-Florida-1-1024x576.png","datePublished":"2025-03-17T11:01:36+00:00","dateModified":"2025-06-05T09:28:19+00:00","description":"Tutustu Florida Keysin road trip -oppaaseen: matkareitti, maisemat, hotellit, aktiviteetit ja Instagram-kuvakohteet.","breadcrumb":{"@id":"https:\/\/usa-b2.com\/fi\/florida-keys\/#breadcrumb"},"inLanguage":"fi","potentialAction":[{"@type":"ReadAction","target":["https:\/\/usa-b2.com\/fi\/florida-keys\/"]}]},{"@type":"ImageObject","inLanguage":"fi","@id":"https:\/\/usa-b2.com\/fi\/florida-keys\/#primaryimage","url":"https:\/\/usa-b2.com\/wp-content\/uploads\/2025\/03\/Keys-Florida-1-1024x576.png","contentUrl":"https:\/\/usa-b2.com\/wp-content\/uploads\/2025\/03\/Keys-Florida-1-1024x576.png"},{"@type":"BreadcrumbList","@id":"https:\/\/usa-b2.com\/fi\/florida-keys\/#breadcrumb","itemListElement":[{"@type":"ListItem","position":1,"name":"Accueil","item":"https:\/\/usa-b2.com\/fi\/roadtrips-usa\/"},{"@type":"ListItem","position":2,"name":"Road trip Keysiss\u00e4: reitti, vinkkej\u00e4 ja pakolliset n\u00e4ht\u00e4vyydet Floridassa"}]},{"@type":"WebSite","@id":"https:\/\/usa-b2.com\/fi\/#website","url":"https:\/\/usa-b2.com\/fi\/","name":"USA B2 VISA","description":"","potentialAction":[{"@type":"SearchAction","target":{"@type":"EntryPoint","urlTemplate":"https:\/\/usa-b2.com\/fi\/?s={search_term_string}"},"query-input":{"@type":"PropertyValueSpecification","valueRequired":true,"valueName":"search_term_string"}}],"inLanguage":"fi"}]}},"_links":{"self":[{"href":"https:\/\/usa-b2.com\/fi\/wp-json\/wp\/v2\/pages\/7813","targetHints":{"allow":["GET"]}}],"collection":[{"href":"https:\/\/usa-b2.com\/fi\/wp-json\/wp\/v2\/pages"}],"about":[{"href":"https:\/\/usa-b2.com\/fi\/wp-json\/wp\/v2\/types\/page"}],"author":[{"embeddable":true,"href":"https:\/\/usa-b2.com\/fi\/wp-json\/wp\/v2\/users\/1"}],"replies":[{"embeddable":true,"href":"https:\/\/usa-b2.com\/fi\/wp-json\/wp\/v2\/comments?post=7813"}],"version-history":[{"count":0,"href":"https:\/\/usa-b2.com\/fi\/wp-json\/wp\/v2\/pages\/7813\/revisions"}],"wp:attachment":[{"href":"https:\/\/usa-b2.com\/fi\/wp-json\/wp\/v2\/media?parent=7813"}],"curies":[{"name":"wp","href":"https:\/\/api.w.org\/{rel}","templated":true}]}}