{"id":6278,"date":"2025-01-15T12:24:32","date_gmt":"2025-01-15T12:24:32","guid":{"rendered":"https:\/\/usa-b2.com\/rannat-florida-atlantin-rannikko\/"},"modified":"2025-01-16T15:37:47","modified_gmt":"2025-01-16T15:37:47","slug":"rannat-florida-atlantin-rannikko","status":"publish","type":"page","link":"https:\/\/usa-b2.com\/fi\/rannat-florida-atlantin-rannikko\/","title":{"rendered":"Tutustu Floridan Atlantin rannikon rantoihin"},"content":{"rendered":"\n<h1 class=\"wp-block-heading\">Mitk\u00e4 ovat Floridan Atlantin rannikon parhaat rannat?<\/h1>\n\n<p>Floridan Atlantin rannikko on auringon, hiekan ja aaltojen yst\u00e4vien unelmakohde. Ikonisten rantojensa, vieh\u00e4tt\u00e4vien rannikkokaupunkiensa ja lukuisten vesiurheiluaktiviteettiensa ansiosta t\u00e4m\u00e4 alue tarjoaa monipuolisia kokemuksia kaikenlaisille matkailijoille. Etsitp\u00e4 sitten rentoutumista, seikkailua tai perheen yhteist\u00e4 aikaa, t\u00e4m\u00e4 opas auttaa sinua suunnittelemaan t\u00e4ydellisen rantalomamatkan Floridaan.  <\/p>\n\n<figure class=\"wp-block-image size-full\"><img fetchpriority=\"high\" decoding=\"async\" width=\"858\" height=\"483\" src=\"https:\/\/usa-b2.com\/wp-content\/uploads\/2025\/01\/Floride-Beaches-Atlantic-Coast-USA-edited.png\" alt=\"\" class=\"wp-image-6948\" srcset=\"https:\/\/usa-b2.com\/wp-content\/uploads\/2025\/01\/Floride-Beaches-Atlantic-Coast-USA-edited.png 858w, https:\/\/usa-b2.com\/wp-content\/uploads\/2025\/01\/Floride-Beaches-Atlantic-Coast-USA-edited-300x169.png 300w, https:\/\/usa-b2.com\/wp-content\/uploads\/2025\/01\/Floride-Beaches-Atlantic-Coast-USA-edited-768x432.png 768w\" sizes=\"(max-width: 858px) 100vw, 858px\" \/><\/figure>\n\n<h2 class=\"wp-block-heading\">Tutustu Atlantin rannikon tunnusomaisiin rantoihin<\/h2>\n\n<h3 class=\"wp-block-heading\">Pakolliset rannat<\/h3>\n\n<ul class=\"wp-block-list\">\n<li><strong><a href=\"https:\/\/www.miamibeachfl.gov\/\">Miami Beach<\/a> <\/strong>Valkoisesta hiekastaan, turkoosista vedest\u00e4\u00e4n ja juhlavasta ilmapiirist\u00e4\u00e4n tunnettu Miami Beach on suosittu kohde y\u00f6el\u00e4m\u00e4n yst\u00e4ville.<\/li>\n\n\n\n<li><strong><a href=\"https:\/\/www.daytonabeach.com\/\">Daytona Beach<\/a><\/strong> Daytona Beach: Se tunnetaan leveist\u00e4 ajorannoistaan, mutta se tarjoaa my\u00f6s runsaasti urheilutapahtumia ja perhen\u00e4ht\u00e4vyyksi\u00e4.<\/li>\n\n\n\n<li><strong><a href=\"https:\/\/www.cityofcocoabeach.com\/\">Cocoa Beach<\/a><\/strong> T\u00e4m\u00e4 surffaajien suosima ranta on my\u00f6s l\u00e4ht\u00f6piste Kennedy Space Centerin vierailulle.<\/li>\n\n\n\n<li><strong><a href=\"https:\/\/www.staugbch.com\/\">St. Augustine Beach <\/a><\/strong>  Ranta: T\u00e4ydellinen niille, jotka etsiv\u00e4t rannan ja historian yhdistelm\u00e4\u00e4, l\u00e4hell\u00e4 Yhdysvaltojen vanhinta kaupunkia.<\/li>\n<\/ul>\n\n<h3 class=\"wp-block-heading\">Kunkin rannan vaihtelevat maisemat ja ainutlaatuinen tunnelma.<\/h3>\n\n<p>Jokaisella Atlantin rannikon rannalla on oma persoonallisuutensa. Palm Beachin rannat viettelev\u00e4t ylellisyydell\u00e4\u00e4n ja majesteettisilla palmupuillaan, kun taas Vero Beachin rannat tarjoavat rauhallisemman ilmapiirin ja koskemattomat maisemat. Luonnonyst\u00e4v\u00e4t rakastavat Canaveral National Seashoren kaltaisia suojelualueita, joilla voit bongata kilpikonnia ja harvinaisia lintuja.  <\/p>\n\n<h2 class=\"wp-block-heading\">Miss\u00e4 y\u00f6py\u00e4: Majoitus ja strategiset kaupungit<\/h2>\n\n<h3 class=\"wp-block-heading\">Parhaat rannikkokaupungit, joissa kannattaa y\u00f6py\u00e4<\/h3>\n\n<ul class=\"wp-block-list\">\n<li><strong><a href=\"https:\/\/www.miamiandbeaches.com\/\">Miami<\/a><\/strong> Miami: Ihanteellinen niille, jotka haluavat yhdist\u00e4\u00e4 rannan, kulttuurin ja y\u00f6el\u00e4m\u00e4n.<\/li>\n\n\n\n<li><strong><a href=\"https:\/\/www.visitlauderdale.com\/\">Fort Lauderdale<\/a><\/strong> Fort Lauderdale: T\u00e4m\u00e4 &#8221;Amerikan Venetsiaksi&#8221; kutsuttu kaupunki sopii erinomaisesti perheille ja purjehduksen harrastajille.<\/li>\n\n\n\n<li><strong>Pyh\u00e4 Augustinus <\/strong>  Jos haluat kokemuksen, jossa yhdistyv\u00e4t historia ja rannat sek\u00e4 vieh\u00e4tt\u00e4v\u00e4 majoitus.<\/li>\n\n\n\n<li><strong>Cocoa Beach<\/strong>: Erinomainen valinta vesiurheilun ja surffauksen yst\u00e4ville.<\/li>\n<\/ul>\n\n<h3 class=\"wp-block-heading\">Majoitustyypit<\/h3>\n\n<ul class=\"wp-block-list\">\n<li><strong>Ylelliset hotellit<\/strong>: Palm Beachin <a href=\"https:\/\/www.thebreakers.com\/\">The Breakersin<\/a> kaltaiset vaihtoehdot tarjoavat ylelliset puitteet unohtumattomalle lomalle.<\/li>\n\n\n\n<li><strong>Loma-asunnot<\/strong>: ihanteellinen perheille tai ryhmille, huviloita tai asuntoja meren rannalla.<\/li>\n\n\n\n<li><strong>Leirint\u00e4alueet<\/strong>: <a href=\"https:\/\/www.floridastateparks.org\/Sebastian-Inlet\">Sebastian Inlet State Parkin<\/a> kaltaiset leirint\u00e4alueet antavat mahdollisuuden pysy\u00e4 mahdollisimman l\u00e4hell\u00e4 luontoa.<\/li>\n<\/ul>\n\n<h2 class=\"wp-block-heading\">Suositeltava reitti: Tutustu Floridan Atlantin rannikkoon 7 p\u00e4iv\u00e4ss\u00e4.<\/h2>\n\n<figure class=\"wp-block-table\"><table class=\"has-fixed-layout\"><tbody><tr><td class=\"has-text-align-center\" data-align=\"center\"><strong>P\u00e4iv\u00e4<\/strong><\/td><td class=\"has-text-align-center\" data-align=\"center\"><strong>Vaihe<\/strong><\/td><td class=\"has-text-align-center\" data-align=\"center\"><strong>T\u00e4rkeimm\u00e4t toiminnot<\/strong><\/td><td class=\"has-text-align-center\" data-align=\"center\"><strong>Ehdotettu majoitus<\/strong><\/td><\/tr><tr><td class=\"has-text-align-center\" data-align=\"center\">1<\/td><td class=\"has-text-align-center\" data-align=\"center\">Miami Beach<\/td><td class=\"has-text-align-center\" data-align=\"center\">Rentoutuminen South Beachilla, vierailu Art Deco -alueella<\/td><td class=\"has-text-align-center\" data-align=\"center\">Miami Beach<\/td><\/tr><tr><td class=\"has-text-align-center\" data-align=\"center\">2<\/td><td class=\"has-text-align-center\" data-align=\"center\">Fort Lauderdale<\/td><td class=\"has-text-align-center\" data-align=\"center\">Kanavaristeily, ranta ja ostokset<\/td><td class=\"has-text-align-center\" data-align=\"center\">Fort Lauderdale<\/td><\/tr><tr><td class=\"has-text-align-center\" data-align=\"center\">3<\/td><td class=\"has-text-align-center\" data-align=\"center\">Palm Beach<\/td><td class=\"has-text-align-center\" data-align=\"center\">L\u00f6yd\u00e4 ylelliset rannat ja Worth Avenue<\/td><td class=\"has-text-align-center\" data-align=\"center\">Palm Beach<\/td><\/tr><tr><td class=\"has-text-align-center\" data-align=\"center\">4<\/td><td class=\"has-text-align-center\" data-align=\"center\">Cocoa Beach<\/td><td class=\"has-text-align-center\" data-align=\"center\">Surffaus, vierailu Kennedy Space Centeriss\u00e4<\/td><td class=\"has-text-align-center\" data-align=\"center\">Cocoa Beach<\/td><\/tr><tr><td class=\"has-text-align-center\" data-align=\"center\">5<\/td><td class=\"has-text-align-center\" data-align=\"center\">Daytona Beach<\/td><td class=\"has-text-align-center\" data-align=\"center\">Ajaminen rannalla, k\u00e4vely Boardwalkilla, &#8211;<\/td><td class=\"has-text-align-center\" data-align=\"center\">Daytona Beach<\/td><\/tr><tr><td class=\"has-text-align-center\" data-align=\"center\">6<\/td><td class=\"has-text-align-center\" data-align=\"center\">Pyh\u00e4 Augustinus <\/td><td class=\"has-text-align-center\" data-align=\"center\">Historiallinen tutkimusmatkailu ja rentoutuminen rannalla<\/td><td class=\"has-text-align-center\" data-align=\"center\">Pyh\u00e4 Augustinus <\/td><\/tr><tr><td class=\"has-text-align-center\" data-align=\"center\">7<\/td><td class=\"has-text-align-center\" data-align=\"center\">Canaveral National Seashore<\/td><td class=\"has-text-align-center\" data-align=\"center\">Villiel\u00e4inten tarkkailu, patikointi<\/td><td class=\"has-text-align-center\" data-align=\"center\">Cocoa Beach<\/td><\/tr><\/tbody><\/table><\/figure>\n\n<p>T\u00e4ll\u00e4 matkareitill\u00e4 voit tutustua erilaisiin rantoihin ja nauttia samalla alueen kulttuurisesta ja luonnon monimuotoisuudesta.<\/p>\n\n<h2 class=\"wp-block-heading\">Instagrammattavat valokuvapaikat<\/h2>\n\n<h3 class=\"wp-block-heading\">T\u00e4ydelliset kuvauspaikat<\/h3>\n\n<ul class=\"wp-block-list\">\n<li><strong>South Beach (Miami) <\/strong>: Ihastuta tilaajat v\u00e4rikk\u00e4ill\u00e4 hengenpelastajien majoilla ja auringonlaskulla meren yll\u00e4.<\/li>\n\n\n\n<li><strong>St. Augustinen majakka <\/strong>  : Nauti ainutlaatuisesta n\u00e4k\u00f6kulmasta t\u00e4st\u00e4 panoraaman\u00e4kym\u00e4st\u00e4 historialliselta majakalta.<\/li>\n\n\n\n<li><strong>Sebastian Inlet State Park<\/strong>: Villi paikka, jossa voit vangita rauhallisia hetki\u00e4 veden \u00e4\u00e4rell\u00e4.<\/li>\n\n\n\n<li><strong>Daytona Beach Boardwalk <\/strong>: V\u00e4rikk\u00e4\u00e4t valot ja retrotunnelma sopivat t\u00e4ydellisesti omaper\u00e4isiin valokuviin.<\/li>\n<\/ul>\n\n<h3 class=\"wp-block-heading\">Vinkkej\u00e4 hetkien vangitsemiseen<\/h3>\n\n<p>Parhaat otokset saat, kun valitset auringonnousun ja -laskun kultaiset tunnit. Vaihtele kuvakulmia ja kuvaa sek\u00e4 rantoja ett\u00e4 ymp\u00e4r\u00f6ivi\u00e4 n\u00e4ht\u00e4vyyksi\u00e4, jotta saat kerrotuksi t\u00e4ydellisen visuaalisen tarinan. <\/p>\n\n<h2 class=\"wp-block-heading\">Aktiviteetit matkatyypin mukaan<\/h2>\n\n<h3 class=\"wp-block-heading\">Pariskunnille: romanttisia hetki\u00e4<\/h3>\n\n<ul class=\"wp-block-list\">\n<li><strong>Auringonlaskuk\u00e4velyt rannalla<\/strong>: Fort Lauderdalen ja <a href=\"https:\/\/www.covb.org\/\">Vero<\/a> Beachin rannat tarjoavat t\u00e4ydelliset puitteet romanttiselle lomalle.<\/li>\n\n\n\n<li><strong>Ruokailu meren rannalla<\/strong>: Key Biscaynen Latitudesin kaltaiset ravintolat tarjoavat hienostunutta ruokaa merin\u00e4k\u00f6alalla.<\/li>\n\n\n\n<li><strong>Kylpyl\u00e4t ja rentoutuminen<\/strong>: Palm Beachin luksushotellit tarjoavat ihanteellisia wellness-kokemuksia rentoutumiseen.<\/li>\n<\/ul>\n\n<h3 class=\"wp-block-heading\">Perheen kanssa: lapsiyst\u00e4v\u00e4llisi\u00e4 seikkailuja<\/h3>\n\n<ul class=\"wp-block-list\">\n<li><strong>Vuorovaikutteinen tutkimus Kennedy Space Centeriss\u00e4<\/strong>: pakollinen vierailukohde, joka her\u00e4tt\u00e4\u00e4 nuorten astronauttien uteliaisuuden.<\/li>\n\n\n\n<li><strong>Vesiurheilu <\/strong>: Vuokraa melontalauta tai tee veneretki Fort Lauderdalessa.<\/li>\n\n\n\n<li><strong>Puistot ja luonnonpuistot<\/strong>: Jonathan Dickinson State Park tarjoaa helppokulkuisia polkuja ja piknik-alueita, jotka sopivat erinomaisesti perheille.<\/li>\n<\/ul>\n\n<p>Floridan Atlantin rannikko on monipuolinen ja lumoava matkakohde, jossa on jokaiselle jotakin. T\u00e4m\u00e4 matka tarjoaa t\u00e4ydellisen yhdistelm\u00e4n rentoutumista, seikkailua ja kulttuurin l\u00f6yt\u00e4mist\u00e4 vilkkaista rannoista historiallisiin kaupunkeihin ja luonnonsuojelualueisiin. Matkustitpa sitten pariskuntana tai perheen\u00e4, suunnittele matkasuunnitelmasi ja l\u00e4hde tutustumaan Floridan aurinkoisiin aarteisiin.  <\/p>\n","protected":false},"excerpt":{"rendered":"<p>Mitk\u00e4 ovat Floridan Atlantin rannikon parhaat rannat? Floridan Atlantin rannikko on auringon, hiekan ja aaltojen yst\u00e4vien unelmakohde. Ikonisten rantojensa, vieh\u00e4tt\u00e4vien rannikkokaupunkiensa ja lukuisten vesiurheiluaktiviteettiensa ansiosta t\u00e4m\u00e4 alue tarjoaa monipuolisia kokemuksia kaikenlaisille matkailijoille. Etsitp\u00e4 sitten rentoutumista, seikkailua tai perheen yhteist\u00e4 aikaa, t\u00e4m\u00e4 opas auttaa sinua suunnittelemaan t\u00e4ydellisen rantalomamatkan Floridaan. Tutustu Atlantin rannikon tunnusomaisiin rantoihin Pakolliset rannat [&hellip;]<\/p>\n","protected":false},"author":1,"featured_media":0,"parent":0,"menu_order":0,"comment_status":"closed","ping_status":"closed","template":"","meta":{"footnotes":""},"class_list":["post-6278","page","type-page","status-publish","hentry"],"yoast_head":"<!-- This site is optimized with the Yoast SEO plugin v27.0 - https:\/\/yoast.com\/product\/yoast-seo-wordpress\/ -->\n<title>Tutustu Floridan Atlantin rannikon rantoihin - USA B2<\/title>\n<meta name=\"description\" content=\"Tutustu Floridan Atlantin rannikon pakollisiin rantoihin: Miami Beach, Cocoa Beach, Daytona ja muut.\" \/>\n<meta name=\"robots\" content=\"index, follow, max-snippet:-1, max-image-preview:large, max-video-preview:-1\" \/>\n<link rel=\"canonical\" href=\"https:\/\/usa-b2.com\/fi\/rannat-florida-atlantin-rannikko\/\" \/>\n<meta property=\"og:locale\" content=\"fi_FI\" \/>\n<meta property=\"og:type\" content=\"article\" \/>\n<meta property=\"og:title\" content=\"Tutustu Floridan Atlantin rannikon rantoihin - USA B2\" \/>\n<meta property=\"og:description\" content=\"Tutustu Floridan Atlantin rannikon pakollisiin rantoihin: Miami Beach, Cocoa Beach, Daytona ja muut.\" \/>\n<meta property=\"og:url\" content=\"https:\/\/usa-b2.com\/fi\/rannat-florida-atlantin-rannikko\/\" \/>\n<meta property=\"og:site_name\" content=\"USA B2\" \/>\n<meta property=\"article:modified_time\" content=\"2025-01-16T15:37:47+00:00\" \/>\n<meta property=\"og:image\" content=\"https:\/\/usa-b2.com\/wp-content\/uploads\/2025\/01\/Floride-Beaches-Atlantic-Coast-USA-edited.png\" \/>\n\t<meta property=\"og:image:width\" content=\"858\" \/>\n\t<meta property=\"og:image:height\" content=\"483\" \/>\n\t<meta property=\"og:image:type\" content=\"image\/png\" \/>\n<meta name=\"twitter:card\" content=\"summary_large_image\" \/>\n<meta name=\"twitter:label1\" content=\"Arvioitu lukuaika\" \/>\n\t<meta name=\"twitter:data1\" content=\"3 minuuttia\" \/>\n<script type=\"application\/ld+json\" class=\"yoast-schema-graph\">{\"@context\":\"https:\/\/schema.org\",\"@graph\":[{\"@type\":\"WebPage\",\"@id\":\"https:\/\/usa-b2.com\/fi\/rannat-florida-atlantin-rannikko\/\",\"url\":\"https:\/\/usa-b2.com\/fi\/rannat-florida-atlantin-rannikko\/\",\"name\":\"Tutustu Floridan Atlantin rannikon rantoihin - USA B2\",\"isPartOf\":{\"@id\":\"https:\/\/usa-b2.com\/fi\/#website\"},\"primaryImageOfPage\":{\"@id\":\"https:\/\/usa-b2.com\/fi\/rannat-florida-atlantin-rannikko\/#primaryimage\"},\"image\":{\"@id\":\"https:\/\/usa-b2.com\/fi\/rannat-florida-atlantin-rannikko\/#primaryimage\"},\"thumbnailUrl\":\"https:\/\/usa-b2.com\/wp-content\/uploads\/2025\/01\/Floride-Beaches-Atlantic-Coast-USA-edited.png\",\"datePublished\":\"2025-01-15T12:24:32+00:00\",\"dateModified\":\"2025-01-16T15:37:47+00:00\",\"description\":\"Tutustu Floridan Atlantin rannikon pakollisiin rantoihin: Miami Beach, Cocoa Beach, Daytona ja muut.\",\"breadcrumb\":{\"@id\":\"https:\/\/usa-b2.com\/fi\/rannat-florida-atlantin-rannikko\/#breadcrumb\"},\"inLanguage\":\"fi\",\"potentialAction\":[{\"@type\":\"ReadAction\",\"target\":[\"https:\/\/usa-b2.com\/fi\/rannat-florida-atlantin-rannikko\/\"]}]},{\"@type\":\"ImageObject\",\"inLanguage\":\"fi\",\"@id\":\"https:\/\/usa-b2.com\/fi\/rannat-florida-atlantin-rannikko\/#primaryimage\",\"url\":\"https:\/\/usa-b2.com\/wp-content\/uploads\/2025\/01\/Floride-Beaches-Atlantic-Coast-USA-edited.png\",\"contentUrl\":\"https:\/\/usa-b2.com\/wp-content\/uploads\/2025\/01\/Floride-Beaches-Atlantic-Coast-USA-edited.png\"},{\"@type\":\"BreadcrumbList\",\"@id\":\"https:\/\/usa-b2.com\/fi\/rannat-florida-atlantin-rannikko\/#breadcrumb\",\"itemListElement\":[{\"@type\":\"ListItem\",\"position\":1,\"name\":\"Accueil\",\"item\":\"https:\/\/usa-b2.com\/fi\/roadtrips-usa\/\"},{\"@type\":\"ListItem\",\"position\":2,\"name\":\"Tutustu Floridan Atlantin rannikon rantoihin\"}]},{\"@type\":\"WebSite\",\"@id\":\"https:\/\/usa-b2.com\/fi\/#website\",\"url\":\"https:\/\/usa-b2.com\/fi\/\",\"name\":\"USA B2 VISA\",\"description\":\"\",\"potentialAction\":[{\"@type\":\"SearchAction\",\"target\":{\"@type\":\"EntryPoint\",\"urlTemplate\":\"https:\/\/usa-b2.com\/fi\/?s={search_term_string}\"},\"query-input\":{\"@type\":\"PropertyValueSpecification\",\"valueRequired\":true,\"valueName\":\"search_term_string\"}}],\"inLanguage\":\"fi\"}]}<\/script>\n<!-- \/ Yoast SEO plugin. -->","yoast_head_json":{"title":"Tutustu Floridan Atlantin rannikon rantoihin - USA B2","description":"Tutustu Floridan Atlantin rannikon pakollisiin rantoihin: Miami Beach, Cocoa Beach, Daytona ja muut.","robots":{"index":"index","follow":"follow","max-snippet":"max-snippet:-1","max-image-preview":"max-image-preview:large","max-video-preview":"max-video-preview:-1"},"canonical":"https:\/\/usa-b2.com\/fi\/rannat-florida-atlantin-rannikko\/","og_locale":"fi_FI","og_type":"article","og_title":"Tutustu Floridan Atlantin rannikon rantoihin - USA B2","og_description":"Tutustu Floridan Atlantin rannikon pakollisiin rantoihin: Miami Beach, Cocoa Beach, Daytona ja muut.","og_url":"https:\/\/usa-b2.com\/fi\/rannat-florida-atlantin-rannikko\/","og_site_name":"USA B2","article_modified_time":"2025-01-16T15:37:47+00:00","og_image":[{"width":858,"height":483,"url":"https:\/\/usa-b2.com\/wp-content\/uploads\/2025\/01\/Floride-Beaches-Atlantic-Coast-USA-edited.png","type":"image\/png"}],"twitter_card":"summary_large_image","twitter_misc":{"Arvioitu lukuaika":"3 minuuttia"},"schema":{"@context":"https:\/\/schema.org","@graph":[{"@type":"WebPage","@id":"https:\/\/usa-b2.com\/fi\/rannat-florida-atlantin-rannikko\/","url":"https:\/\/usa-b2.com\/fi\/rannat-florida-atlantin-rannikko\/","name":"Tutustu Floridan Atlantin rannikon rantoihin - USA B2","isPartOf":{"@id":"https:\/\/usa-b2.com\/fi\/#website"},"primaryImageOfPage":{"@id":"https:\/\/usa-b2.com\/fi\/rannat-florida-atlantin-rannikko\/#primaryimage"},"image":{"@id":"https:\/\/usa-b2.com\/fi\/rannat-florida-atlantin-rannikko\/#primaryimage"},"thumbnailUrl":"https:\/\/usa-b2.com\/wp-content\/uploads\/2025\/01\/Floride-Beaches-Atlantic-Coast-USA-edited.png","datePublished":"2025-01-15T12:24:32+00:00","dateModified":"2025-01-16T15:37:47+00:00","description":"Tutustu Floridan Atlantin rannikon pakollisiin rantoihin: Miami Beach, Cocoa Beach, Daytona ja muut.","breadcrumb":{"@id":"https:\/\/usa-b2.com\/fi\/rannat-florida-atlantin-rannikko\/#breadcrumb"},"inLanguage":"fi","potentialAction":[{"@type":"ReadAction","target":["https:\/\/usa-b2.com\/fi\/rannat-florida-atlantin-rannikko\/"]}]},{"@type":"ImageObject","inLanguage":"fi","@id":"https:\/\/usa-b2.com\/fi\/rannat-florida-atlantin-rannikko\/#primaryimage","url":"https:\/\/usa-b2.com\/wp-content\/uploads\/2025\/01\/Floride-Beaches-Atlantic-Coast-USA-edited.png","contentUrl":"https:\/\/usa-b2.com\/wp-content\/uploads\/2025\/01\/Floride-Beaches-Atlantic-Coast-USA-edited.png"},{"@type":"BreadcrumbList","@id":"https:\/\/usa-b2.com\/fi\/rannat-florida-atlantin-rannikko\/#breadcrumb","itemListElement":[{"@type":"ListItem","position":1,"name":"Accueil","item":"https:\/\/usa-b2.com\/fi\/roadtrips-usa\/"},{"@type":"ListItem","position":2,"name":"Tutustu Floridan Atlantin rannikon rantoihin"}]},{"@type":"WebSite","@id":"https:\/\/usa-b2.com\/fi\/#website","url":"https:\/\/usa-b2.com\/fi\/","name":"USA B2 VISA","description":"","potentialAction":[{"@type":"SearchAction","target":{"@type":"EntryPoint","urlTemplate":"https:\/\/usa-b2.com\/fi\/?s={search_term_string}"},"query-input":{"@type":"PropertyValueSpecification","valueRequired":true,"valueName":"search_term_string"}}],"inLanguage":"fi"}]}},"_links":{"self":[{"href":"https:\/\/usa-b2.com\/fi\/wp-json\/wp\/v2\/pages\/6278","targetHints":{"allow":["GET"]}}],"collection":[{"href":"https:\/\/usa-b2.com\/fi\/wp-json\/wp\/v2\/pages"}],"about":[{"href":"https:\/\/usa-b2.com\/fi\/wp-json\/wp\/v2\/types\/page"}],"author":[{"embeddable":true,"href":"https:\/\/usa-b2.com\/fi\/wp-json\/wp\/v2\/users\/1"}],"replies":[{"embeddable":true,"href":"https:\/\/usa-b2.com\/fi\/wp-json\/wp\/v2\/comments?post=6278"}],"version-history":[{"count":0,"href":"https:\/\/usa-b2.com\/fi\/wp-json\/wp\/v2\/pages\/6278\/revisions"}],"wp:attachment":[{"href":"https:\/\/usa-b2.com\/fi\/wp-json\/wp\/v2\/media?parent=6278"}],"curies":[{"name":"wp","href":"https:\/\/api.w.org\/{rel}","templated":true}]}}