{"id":6258,"date":"2025-01-15T12:08:05","date_gmt":"2025-01-15T12:08:05","guid":{"rendered":"https:\/\/usa-b2.com\/roadtrip-bostonista-washingtoniin\/"},"modified":"2025-01-16T15:39:47","modified_gmt":"2025-01-16T15:39:47","slug":"roadtrip-bostonista-washingtoniin","status":"publish","type":"page","link":"https:\/\/usa-b2.com\/fi\/roadtrip-bostonista-washingtoniin\/","title":{"rendered":"Matka Bostonista Washingtoniin"},"content":{"rendered":"\n<h1 class=\"wp-block-heading\">Miten j\u00e4rjest\u00e4t road tripin Bostonista Washingtoniin?<\/h1>\n\n<p>Automatka Bostonista Washingtoniin on ihanteellinen tapa tutustua Yhdysvaltojen it\u00e4rannikon historiallisiin, kulttuurisiin ja luonnon aarteisiin. T\u00e4m\u00e4 reitti kulkee New Yorkin ja Philadelphian kaltaisten ikonisten kaupunkien sek\u00e4 luonnonkauniiden kohteiden ja kansallispuistojen kautta, ja siin\u00e4 yhdistyv\u00e4t vilkas kaupunkiel\u00e4m\u00e4 ja seesteiset hetket. T\u00e4ss\u00e4 oppaassa on parhaita vaiheita, majoitusvaihtoehtoja, aktiviteetteja ja vinkkej\u00e4, jotka tekev\u00e4t t\u00e4st\u00e4 matkasta ikimuistoisen.  <\/p>\n\n<figure class=\"wp-block-image size-full\"><img fetchpriority=\"high\" decoding=\"async\" width=\"789\" height=\"444\" src=\"https:\/\/usa-b2.com\/wp-content\/uploads\/2025\/01\/Atlantic-City-USA-edited.png\" alt=\"\" class=\"wp-image-6902\" srcset=\"https:\/\/usa-b2.com\/wp-content\/uploads\/2025\/01\/Atlantic-City-USA-edited.png 789w, https:\/\/usa-b2.com\/wp-content\/uploads\/2025\/01\/Atlantic-City-USA-edited-300x169.png 300w, https:\/\/usa-b2.com\/wp-content\/uploads\/2025\/01\/Atlantic-City-USA-edited-768x432.png 768w\" sizes=\"(max-width: 789px) 100vw, 789px\" \/><\/figure>\n\n<h2 class=\"wp-block-heading\">Tutustu pakollisiin n\u00e4ht\u00e4vyyksiin: Kaupungit ja tunnuskohteet<\/h2>\n\n<h3 class=\"wp-block-heading\">T\u00e4rkeimm\u00e4t kaupungit, joihin kannattaa tutustua<\/h3>\n\n<ul class=\"wp-block-list\">\n<li><strong><a href=\"https:\/\/www.boston.gov\/\">Boston<\/a> <\/strong>Boston: Amerikan historian kehtona Bostonissa on muutamia n\u00e4ht\u00e4vyyksi\u00e4, joita ei kannata j\u00e4tt\u00e4\u00e4 v\u00e4liin, kuten Freedom Trail, Faneuil Hall ja Harvard.<\/li>\n\n\n\n<li><strong><a href=\"https:\/\/www.nyc.gov\/\">New York<\/a><\/strong> Kaupunki, joka ei koskaan nuku, on t\u00e4ynn\u00e4 kuuluisia maamerkkej\u00e4, kuten Vapaudenpatsas, Times Square ja Central Park.<\/li>\n\n\n\n<li><strong><a href=\"https:\/\/www.phila.gov\/fr\/\">Philadelphia<\/a><\/strong> \u00c4l\u00e4 j\u00e4t\u00e4 v\u00e4liin Independence Hallia ja Liberty Belli\u00e4, jotka ovat Amerikan itsen\u00e4isyyden symboleita.<\/li>\n\n\n\n<li><strong><a href=\"https:\/\/washington.org\/fr\/\">Washington<\/a>, D.C.<\/strong> P\u00e4\u00e4kaupunki on t\u00e4ynn\u00e4 ilmaisia museoita ja ikonisia monumentteja, kuten Lincoln Memorial ja Valkoinen talo.<\/li>\n<\/ul>\n\n<h3 class=\"wp-block-heading\">Luonnolliset ja vieh\u00e4tt\u00e4v\u00e4t vaiheet<\/h3>\n\n<p>Matka ei rajoitu vain suuriin kaupunkeihin. Pys\u00e4hdy matkan varrella ja tutustu erilaisiin maisemiin: <\/p>\n\n<ul class=\"wp-block-list\">\n<li><strong><a href=\"https:\/\/www.capecodchamber.org\/\">Cape Cod<\/a> (Massachusetts<\/strong> ): Tunnettu rannoistaan ja vieh\u00e4tt\u00e4vist\u00e4 rannikkokylist\u00e4\u00e4n.<\/li>\n\n\n\n<li><strong><a href=\"https:\/\/dwgpa.gov\/\">Delaware Water Gap<\/a> (Pennsylvania ja New Jersey<\/strong>): Upea laakso, jossa voi patikoida ja josta avautuvat panoraaman\u00e4kym\u00e4t.<\/li>\n\n\n\n<li><strong><a href=\"https:\/\/en.wikipedia.org\/wiki\/Chesapeake_Bay\">Chesapeake Bay<\/a> (Maryland)<\/strong>: Philadelphian ja Washingtonin v\u00e4lill\u00e4.<\/li>\n<\/ul>\n\n<h2 class=\"wp-block-heading\">Miss\u00e4 y\u00f6py\u00e4: Majoitus ja strategiset kaupungit<\/h2>\n\n<h3 class=\"wp-block-heading\">Parhaat paikat y\u00f6py\u00e4<\/h3>\n\n<ul class=\"wp-block-list\">\n<li><strong>Boston<\/strong>: Asu Back Bayn tai Beacon Hillin l\u00e4hell\u00e4, jotta p\u00e4\u00e4set keskelle t\u00e4rkeimpi\u00e4 n\u00e4ht\u00e4vyyksi\u00e4.<\/li>\n\n\n\n<li><strong>New York<\/strong>: Valitse Manhattan, koska se on helposti saavutettavissa, tai Brooklyn, koska siell\u00e4 on rennompi ilmapiiri.<\/li>\n\n\n\n<li><strong>Philadelphia<\/strong>: Center Cityn alue on ihanteellinen historiallisiin kohteisiin tutustumiseen.<\/li>\n\n\n\n<li><strong>Washington, D.C.<\/strong> Logan Circle ja Dupont Circle tarjoavat viihtyisi\u00e4 hotelleja ja helpon p\u00e4\u00e4syn muistomerkeille.<\/li>\n<\/ul>\n\n<h3 class=\"wp-block-heading\">Majoitustyypit<\/h3>\n\n<ul class=\"wp-block-list\">\n<li><strong>Vieh\u00e4tt\u00e4v\u00e4t hotellit<\/strong>: Bostonissa sijaitsevan <a href=\"https:\/\/www.omnihotels.com\/hotels\/boston-parker-house?utm_source=gmblisting&amp;utm_medium=organic\">Omni Parker Housen<\/a> kaltaiset historialliset majatalot upottavat sinut paikalliseen historiaan.<\/li>\n\n\n\n<li><strong>Asunnot ja Airbnb <\/strong>: T\u00e4ydellinen vaihtoehto New Yorkissa tai Washingtonissa pidemp\u00e4\u00e4n oleskeluun.<\/li>\n\n\n\n<li><strong>Leirint\u00e4alueet<\/strong>: Jos etsit luonnonl\u00e4heist\u00e4 kokemusta, Chesapeake Bayn ymp\u00e4rill\u00e4 olevat leirint\u00e4alueet ovat ihanteellisia.<\/li>\n<\/ul>\n\n<h2 class=\"wp-block-heading\">Suositeltava reitti : Bostonista Washingtoniin 7 p\u00e4iv\u00e4ss\u00e4<\/h2>\n\n<figure class=\"wp-block-table\"><table class=\"has-fixed-layout\"><tbody><tr><td class=\"has-text-align-center\" data-align=\"center\"><strong>P\u00e4iv\u00e4<\/strong><\/td><td class=\"has-text-align-center\" data-align=\"center\"><strong>Vaihe<\/strong><\/td><td class=\"has-text-align-center\" data-align=\"center\"><strong>T\u00e4rkeimm\u00e4t toiminnot<\/strong><\/td><td class=\"has-text-align-center\" data-align=\"center\"><strong>Ehdotettu majoitus<\/strong><\/td><\/tr><tr><td class=\"has-text-align-center\" data-align=\"center\">1<\/td><td class=\"has-text-align-center\" data-align=\"center\">Boston<\/td><td class=\"has-text-align-center\" data-align=\"center\">Freedom Trail, Quincy Market<\/td><td class=\"has-text-align-center\" data-align=\"center\">Boston<\/td><\/tr><tr><td class=\"has-text-align-center\" data-align=\"center\">2<\/td><td class=\"has-text-align-center\" data-align=\"center\">Cape Cod<\/td><td class=\"has-text-align-center\" data-align=\"center\">Rannat, veneretket<\/td><td class=\"has-text-align-center\" data-align=\"center\">Cape Cod<\/td><\/tr><tr><td class=\"has-text-align-center\" data-align=\"center\">3<\/td><td class=\"has-text-align-center\" data-align=\"center\">New York City<\/td><td class=\"has-text-align-center\" data-align=\"center\">Times Square, Central Park, Vapaudenpatsas<\/td><td class=\"has-text-align-center\" data-align=\"center\">New York<\/td><\/tr><tr><td class=\"has-text-align-center\" data-align=\"center\">4<\/td><td class=\"has-text-align-center\" data-align=\"center\">New Yorkista Philadelphiaan<\/td><td class=\"has-text-align-center\" data-align=\"center\">Taidemuseo, Liberty Bell<\/td><td class=\"has-text-align-center\" data-align=\"center\">Philadelphia<\/td><\/tr><tr><td class=\"has-text-align-center\" data-align=\"center\">5<\/td><td class=\"has-text-align-center\" data-align=\"center\">Delaware Water Gap<\/td><td class=\"has-text-align-center\" data-align=\"center\">Patikointi ja rentoutuminen<\/td><td class=\"has-text-align-center\" data-align=\"center\">Philadelphia<\/td><\/tr><tr><td class=\"has-text-align-center\" data-align=\"center\">6<\/td><td class=\"has-text-align-center\" data-align=\"center\">Annapolis ja Chesapeake Bay<\/td><td class=\"has-text-align-center\" data-align=\"center\">Merenel\u00e4vien maistelua, k\u00e4velyretki merenrannalla<\/td><td class=\"has-text-align-center\" data-align=\"center\">Washington<\/td><\/tr><tr><td class=\"has-text-align-center\" data-align=\"center\">7<\/td><td class=\"has-text-align-center\" data-align=\"center\">Washington, D.C.<\/td><td class=\"has-text-align-center\" data-align=\"center\">National Mall, Smithsonian museot<\/td><td class=\"has-text-align-center\" data-align=\"center\">Washington<\/td><\/tr><\/tbody><\/table><\/figure>\n\n<p>T\u00e4m\u00e4 matkareitti tarjoaa tasapainoisen valikoiman kaupunkin\u00e4ht\u00e4vyyksi\u00e4 ja luontoretki\u00e4, jotta it\u00e4rannikon ihmeist\u00e4 saadaan kaikki irti.<\/p>\n\n<h2 class=\"wp-block-heading\">Instagrammattavat valokuvapaikat<\/h2>\n\n<h3 class=\"wp-block-heading\">T\u00e4ydelliset kuvauspaikat<\/h3>\n\n<ul class=\"wp-block-list\">\n<li><strong><a href=\"https:\/\/fr.tripadvisor.be\/Attraction_Review-g60745-d481783-Reviews-Acorn_Street-Boston_Massachusetts.html\">Acorn Street<\/a> (Boston)<\/strong>: Acorn Street: Historiallinen mukulakivikatu, joka sopii t\u00e4ydellisesti siirtomaa-arkkitehtuurin olemuksen vangitsemiseen.<\/li>\n\n\n\n<li><strong><a href=\"https:\/\/www.rockefellercenter.com\/fr-fr\/attractions\/plateforme-observation-top-of-the-rock\/\">Top of the Rock<\/a> (New York)<\/strong>: Henke\u00e4salpaavat n\u00e4kym\u00e4t Manhattanille, mukaan lukien Empire State Building ja Central Park.<\/li>\n\n\n\n<li><strong><a href=\"https:\/\/www.phillymagicgardens.org\/?gad_source=1&amp;gclid=Cj0KCQiA-aK8BhCDARIsAL_-H9nv8NAvzyI3HmO-V8arQsCZdAMMgPhCI4cgA5vykHh3x5QcLa8DZcYaAmjkEALw_wcB\">Philadelphian taikapuutarhat<\/a><\/strong> Ainutlaatuinen taiteellinen paikka v\u00e4rikk\u00e4\u00e4seen ja luovaan valokuvaukseen.<\/li>\n\n\n\n<li><strong>Tidal Basin (Washington, D.C.) <\/strong>: Muistomerkkien heijastus vedest\u00e4, erityisen kaunis auringonnousun aikaan.<\/li>\n<\/ul>\n\n<h3 class=\"wp-block-heading\">Vinkkej\u00e4 matkan ikuistamiseen<\/h3>\n\n<p>Parhaat otokset saat, kun valitset aamun ja illan kultaiset tunnit. \u00c4l\u00e4 ep\u00e4r\u00f6i tutkia harvemmin k\u00e4ytettyj\u00e4 n\u00e4k\u00f6alapaikkoja, kuten kaupungin puistoja tai laitureita, omaper\u00e4isten kuvien ottamiseksi. <\/p>\n\n<h2 class=\"wp-block-heading\">Aktiviteetit matkatyypin mukaan<\/h2>\n\n<h3 class=\"wp-block-heading\">Pariskunnille: romanttisia hetki\u00e4<\/h3>\n\n<ul class=\"wp-block-list\">\n<li><strong>Laivamatka Charles-joella (Boston)<\/strong>: Nauti romanttisesta n\u00e4kym\u00e4st\u00e4 kaupungin katoille.<\/li>\n\n\n\n<li><strong>Piknik <a href=\"https:\/\/www.centralparknyc.org\/\">Central Parkissa<\/a> (New York)<\/strong>: Rentoudu vehre\u00e4ss\u00e4 ymp\u00e4rist\u00f6ss\u00e4, josta on n\u00e4kym\u00e4t pilvenpiirt\u00e4jiin.<\/li>\n\n\n\n<li><strong>Gourmet-ruokailu <a href=\"https:\/\/www.georgetowndc.com\/\">Georgetownissa<\/a> (Washington)<\/strong>: T\u00e4m\u00e4 naapurusto tarjoaa intiimej\u00e4 ravintoloita ja l\u00e4mpim\u00e4n ilmapiirin.<\/li>\n<\/ul>\n\n<h3 class=\"wp-block-heading\">Perheen kanssa: lapsiyst\u00e4v\u00e4llisi\u00e4 seikkailuja<\/h3>\n\n<ul class=\"wp-block-list\">\n<li><strong>Vuorovaikutteinen vierailu <a href=\"https:\/\/www.mos.org\/\">tiedemuseoon<\/a> (Boston)<\/strong>: ihanteellinen tapa oppia ja pit\u00e4\u00e4 hauskaa.<\/li>\n\n\n\n<li><strong>K\u00e4vele <a href=\"https:\/\/www.thehighline.org\/\">High Line<\/a> -reitill\u00e4 (New York)<\/strong>: Entinen rautatielinja on muutettu riippuvaksi puistoksi, josta avautuvat ainutlaatuiset n\u00e4kym\u00e4t yli kaupungin.<\/li>\n\n\n\n<li><strong>Tutkimus <a href=\"https:\/\/airandspace.si.edu\/\">Smithsonian National Air and Space Museumissa<\/a> (Washington, D.C.)<\/strong>: Pienten ilmailufanien on pakko n\u00e4hd\u00e4.<\/li>\n<\/ul>\n\n<p>T\u00e4m\u00e4 Bostonista Washingtoniin suuntautuva road trip on todellinen uppoutuminen it\u00e4rannikon historiaan, kulttuuriin ja vaihteleviin maisemiin. Matkustitpa sitten pariskuntana tai perheen\u00e4, t\u00e4m\u00e4 reitti tarjoaa vertaansa vailla olevan m\u00e4\u00e4r\u00e4n kokemuksia ja l\u00f6yt\u00f6j\u00e4. Suunnittele matkareitti, varaa majoitus ja l\u00e4hde tutustumaan Amerikan id\u00e4n aarteisiin!  <\/p>\n","protected":false},"excerpt":{"rendered":"<p>Miten j\u00e4rjest\u00e4t road tripin Bostonista Washingtoniin? Automatka Bostonista Washingtoniin on ihanteellinen tapa tutustua Yhdysvaltojen it\u00e4rannikon historiallisiin, kulttuurisiin ja luonnon aarteisiin. T\u00e4m\u00e4 reitti kulkee New Yorkin ja Philadelphian kaltaisten ikonisten kaupunkien sek\u00e4 luonnonkauniiden kohteiden ja kansallispuistojen kautta, ja siin\u00e4 yhdistyv\u00e4t vilkas kaupunkiel\u00e4m\u00e4 ja seesteiset hetket. T\u00e4ss\u00e4 oppaassa on parhaita vaiheita, majoitusvaihtoehtoja, aktiviteetteja ja vinkkej\u00e4, jotka tekev\u00e4t [&hellip;]<\/p>\n","protected":false},"author":1,"featured_media":0,"parent":0,"menu_order":0,"comment_status":"closed","ping_status":"closed","template":"","meta":{"footnotes":""},"class_list":["post-6258","page","type-page","status-publish","hentry"],"yoast_head":"<!-- This site is optimized with the Yoast SEO plugin v27.4 - https:\/\/yoast.com\/product\/yoast-seo-wordpress\/ -->\n<title>Matka Bostonista Washingtoniin - USA B2<\/title>\n<meta name=\"description\" content=\"Tutustu Bostonin ja Washingtonin v\u00e4lisen automatkan keskeisiin vaiheisiin: reitteihin, majoitukseen, aktiviteetteihin ja valokuvausmahdollisuuksiin.\" \/>\n<meta name=\"robots\" content=\"index, follow, max-snippet:-1, max-image-preview:large, max-video-preview:-1\" \/>\n<link rel=\"canonical\" href=\"https:\/\/usa-b2.com\/fi\/roadtrip-bostonista-washingtoniin\/\" \/>\n<meta property=\"og:locale\" content=\"fi_FI\" \/>\n<meta property=\"og:type\" content=\"article\" \/>\n<meta property=\"og:title\" content=\"Matka Bostonista Washingtoniin - USA B2\" \/>\n<meta property=\"og:description\" content=\"Tutustu Bostonin ja Washingtonin v\u00e4lisen automatkan keskeisiin vaiheisiin: reitteihin, majoitukseen, aktiviteetteihin ja valokuvausmahdollisuuksiin.\" \/>\n<meta property=\"og:url\" content=\"https:\/\/usa-b2.com\/fi\/roadtrip-bostonista-washingtoniin\/\" \/>\n<meta property=\"og:site_name\" content=\"USA B2\" \/>\n<meta property=\"article:modified_time\" content=\"2025-01-16T15:39:47+00:00\" \/>\n<meta property=\"og:image\" content=\"https:\/\/usa-b2.com\/wp-content\/uploads\/2025\/01\/Atlantic-City-USA-edited.png\" \/>\n\t<meta property=\"og:image:width\" content=\"789\" \/>\n\t<meta property=\"og:image:height\" content=\"444\" \/>\n\t<meta property=\"og:image:type\" content=\"image\/png\" \/>\n<meta name=\"twitter:card\" content=\"summary_large_image\" \/>\n<meta name=\"twitter:label1\" content=\"Arvioitu lukuaika\" \/>\n\t<meta name=\"twitter:data1\" content=\"3 minuuttia\" \/>\n<script type=\"application\/ld+json\" class=\"yoast-schema-graph\">{\"@context\":\"https:\\\/\\\/schema.org\",\"@graph\":[{\"@type\":\"WebPage\",\"@id\":\"https:\\\/\\\/usa-b2.com\\\/fi\\\/roadtrip-bostonista-washingtoniin\\\/\",\"url\":\"https:\\\/\\\/usa-b2.com\\\/fi\\\/roadtrip-bostonista-washingtoniin\\\/\",\"name\":\"Matka Bostonista Washingtoniin - USA B2\",\"isPartOf\":{\"@id\":\"https:\\\/\\\/usa-b2.com\\\/fi\\\/#website\"},\"primaryImageOfPage\":{\"@id\":\"https:\\\/\\\/usa-b2.com\\\/fi\\\/roadtrip-bostonista-washingtoniin\\\/#primaryimage\"},\"image\":{\"@id\":\"https:\\\/\\\/usa-b2.com\\\/fi\\\/roadtrip-bostonista-washingtoniin\\\/#primaryimage\"},\"thumbnailUrl\":\"https:\\\/\\\/usa-b2.com\\\/wp-content\\\/uploads\\\/2025\\\/01\\\/Atlantic-City-USA-edited.png\",\"datePublished\":\"2025-01-15T12:08:05+00:00\",\"dateModified\":\"2025-01-16T15:39:47+00:00\",\"description\":\"Tutustu Bostonin ja Washingtonin v\u00e4lisen automatkan keskeisiin vaiheisiin: reitteihin, majoitukseen, aktiviteetteihin ja valokuvausmahdollisuuksiin.\",\"breadcrumb\":{\"@id\":\"https:\\\/\\\/usa-b2.com\\\/fi\\\/roadtrip-bostonista-washingtoniin\\\/#breadcrumb\"},\"inLanguage\":\"fi\",\"potentialAction\":[{\"@type\":\"ReadAction\",\"target\":[\"https:\\\/\\\/usa-b2.com\\\/fi\\\/roadtrip-bostonista-washingtoniin\\\/\"]}]},{\"@type\":\"ImageObject\",\"inLanguage\":\"fi\",\"@id\":\"https:\\\/\\\/usa-b2.com\\\/fi\\\/roadtrip-bostonista-washingtoniin\\\/#primaryimage\",\"url\":\"https:\\\/\\\/usa-b2.com\\\/wp-content\\\/uploads\\\/2025\\\/01\\\/Atlantic-City-USA-edited.png\",\"contentUrl\":\"https:\\\/\\\/usa-b2.com\\\/wp-content\\\/uploads\\\/2025\\\/01\\\/Atlantic-City-USA-edited.png\"},{\"@type\":\"BreadcrumbList\",\"@id\":\"https:\\\/\\\/usa-b2.com\\\/fi\\\/roadtrip-bostonista-washingtoniin\\\/#breadcrumb\",\"itemListElement\":[{\"@type\":\"ListItem\",\"position\":1,\"name\":\"Accueil\",\"item\":\"https:\\\/\\\/usa-b2.com\\\/fi\\\/usa\\\/\"},{\"@type\":\"ListItem\",\"position\":2,\"name\":\"Matka Bostonista Washingtoniin\"}]},{\"@type\":\"WebSite\",\"@id\":\"https:\\\/\\\/usa-b2.com\\\/fi\\\/#website\",\"url\":\"https:\\\/\\\/usa-b2.com\\\/fi\\\/\",\"name\":\"USA B2 VISA\",\"description\":\"\",\"potentialAction\":[{\"@type\":\"SearchAction\",\"target\":{\"@type\":\"EntryPoint\",\"urlTemplate\":\"https:\\\/\\\/usa-b2.com\\\/fi\\\/?s={search_term_string}\"},\"query-input\":{\"@type\":\"PropertyValueSpecification\",\"valueRequired\":true,\"valueName\":\"search_term_string\"}}],\"inLanguage\":\"fi\"}]}<\/script>\n<!-- \/ Yoast SEO plugin. -->","yoast_head_json":{"title":"Matka Bostonista Washingtoniin - USA B2","description":"Tutustu Bostonin ja Washingtonin v\u00e4lisen automatkan keskeisiin vaiheisiin: reitteihin, majoitukseen, aktiviteetteihin ja valokuvausmahdollisuuksiin.","robots":{"index":"index","follow":"follow","max-snippet":"max-snippet:-1","max-image-preview":"max-image-preview:large","max-video-preview":"max-video-preview:-1"},"canonical":"https:\/\/usa-b2.com\/fi\/roadtrip-bostonista-washingtoniin\/","og_locale":"fi_FI","og_type":"article","og_title":"Matka Bostonista Washingtoniin - USA B2","og_description":"Tutustu Bostonin ja Washingtonin v\u00e4lisen automatkan keskeisiin vaiheisiin: reitteihin, majoitukseen, aktiviteetteihin ja valokuvausmahdollisuuksiin.","og_url":"https:\/\/usa-b2.com\/fi\/roadtrip-bostonista-washingtoniin\/","og_site_name":"USA B2","article_modified_time":"2025-01-16T15:39:47+00:00","og_image":[{"width":789,"height":444,"url":"https:\/\/usa-b2.com\/wp-content\/uploads\/2025\/01\/Atlantic-City-USA-edited.png","type":"image\/png"}],"twitter_card":"summary_large_image","twitter_misc":{"Arvioitu lukuaika":"3 minuuttia"},"schema":{"@context":"https:\/\/schema.org","@graph":[{"@type":"WebPage","@id":"https:\/\/usa-b2.com\/fi\/roadtrip-bostonista-washingtoniin\/","url":"https:\/\/usa-b2.com\/fi\/roadtrip-bostonista-washingtoniin\/","name":"Matka Bostonista Washingtoniin - USA B2","isPartOf":{"@id":"https:\/\/usa-b2.com\/fi\/#website"},"primaryImageOfPage":{"@id":"https:\/\/usa-b2.com\/fi\/roadtrip-bostonista-washingtoniin\/#primaryimage"},"image":{"@id":"https:\/\/usa-b2.com\/fi\/roadtrip-bostonista-washingtoniin\/#primaryimage"},"thumbnailUrl":"https:\/\/usa-b2.com\/wp-content\/uploads\/2025\/01\/Atlantic-City-USA-edited.png","datePublished":"2025-01-15T12:08:05+00:00","dateModified":"2025-01-16T15:39:47+00:00","description":"Tutustu Bostonin ja Washingtonin v\u00e4lisen automatkan keskeisiin vaiheisiin: reitteihin, majoitukseen, aktiviteetteihin ja valokuvausmahdollisuuksiin.","breadcrumb":{"@id":"https:\/\/usa-b2.com\/fi\/roadtrip-bostonista-washingtoniin\/#breadcrumb"},"inLanguage":"fi","potentialAction":[{"@type":"ReadAction","target":["https:\/\/usa-b2.com\/fi\/roadtrip-bostonista-washingtoniin\/"]}]},{"@type":"ImageObject","inLanguage":"fi","@id":"https:\/\/usa-b2.com\/fi\/roadtrip-bostonista-washingtoniin\/#primaryimage","url":"https:\/\/usa-b2.com\/wp-content\/uploads\/2025\/01\/Atlantic-City-USA-edited.png","contentUrl":"https:\/\/usa-b2.com\/wp-content\/uploads\/2025\/01\/Atlantic-City-USA-edited.png"},{"@type":"BreadcrumbList","@id":"https:\/\/usa-b2.com\/fi\/roadtrip-bostonista-washingtoniin\/#breadcrumb","itemListElement":[{"@type":"ListItem","position":1,"name":"Accueil","item":"https:\/\/usa-b2.com\/fi\/usa\/"},{"@type":"ListItem","position":2,"name":"Matka Bostonista Washingtoniin"}]},{"@type":"WebSite","@id":"https:\/\/usa-b2.com\/fi\/#website","url":"https:\/\/usa-b2.com\/fi\/","name":"USA B2 VISA","description":"","potentialAction":[{"@type":"SearchAction","target":{"@type":"EntryPoint","urlTemplate":"https:\/\/usa-b2.com\/fi\/?s={search_term_string}"},"query-input":{"@type":"PropertyValueSpecification","valueRequired":true,"valueName":"search_term_string"}}],"inLanguage":"fi"}]}},"_links":{"self":[{"href":"https:\/\/usa-b2.com\/fi\/wp-json\/wp\/v2\/pages\/6258","targetHints":{"allow":["GET"]}}],"collection":[{"href":"https:\/\/usa-b2.com\/fi\/wp-json\/wp\/v2\/pages"}],"about":[{"href":"https:\/\/usa-b2.com\/fi\/wp-json\/wp\/v2\/types\/page"}],"author":[{"embeddable":true,"href":"https:\/\/usa-b2.com\/fi\/wp-json\/wp\/v2\/users\/1"}],"replies":[{"embeddable":true,"href":"https:\/\/usa-b2.com\/fi\/wp-json\/wp\/v2\/comments?post=6258"}],"version-history":[{"count":0,"href":"https:\/\/usa-b2.com\/fi\/wp-json\/wp\/v2\/pages\/6258\/revisions"}],"wp:attachment":[{"href":"https:\/\/usa-b2.com\/fi\/wp-json\/wp\/v2\/media?parent=6258"}],"curies":[{"name":"wp","href":"https:\/\/api.w.org\/{rel}","templated":true}]}}