{"id":6238,"date":"2025-01-15T11:55:39","date_gmt":"2025-01-15T11:55:39","guid":{"rendered":"https:\/\/usa-b2.com\/uusi-englannin-syksyn-lehtien-kiertue\/"},"modified":"2025-01-21T10:36:45","modified_gmt":"2025-01-21T10:36:45","slug":"uusi-englannin-syksyn-lehtien-kiertue","status":"publish","type":"page","link":"https:\/\/usa-b2.com\/fi\/uusi-englannin-syksyn-lehtien-kiertue\/","title":{"rendered":"Tutustu New Englandin syyslehtikiertueeseen Yhdysvalloissa"},"content":{"rendered":"\n<h1 class=\"wp-block-heading\">Miten voin vierailla New England Fall Foliage Tourilla Yhdysvalloissa?<\/h1>\n\n<p>Uuden Englannin syyslehtikierros on luonnon ja upeiden maisemien yst\u00e4ville unohtumaton kokemus. Joka syksy Uuden-Englannin mets\u00e4t v\u00e4rj\u00e4ytyv\u00e4t n\u00e4ytt\u00e4v\u00e4sti ja houkuttelevat k\u00e4vij\u00f6it\u00e4 kaikkialta maailmasta. Vieh\u00e4tt\u00e4vist\u00e4 pikkukaupungeista maisemallisille sivuteille t\u00e4m\u00e4 matka tarjoaa ainutlaatuisen uppoutumisen syksyn l\u00e4mpim\u00e4\u00e4n tunnelmaan. T\u00e4m\u00e4 yksityiskohtainen opas tarjoaa matkareittej\u00e4, majoitusvinkkej\u00e4, valokuvausmahdollisuuksia ja aktiviteetteja, joiden avulla saat kaiken irti lomastasi.   <\/p>\n\n<figure class=\"wp-block-image size-full\"><img fetchpriority=\"high\" decoding=\"async\" width=\"706\" height=\"397\" src=\"https:\/\/usa-b2.com\/wp-content\/uploads\/2025\/01\/New-England-Fall-Foliage-Tour-USA-edited.png\" alt=\"\" class=\"wp-image-6845\" srcset=\"https:\/\/usa-b2.com\/wp-content\/uploads\/2025\/01\/New-England-Fall-Foliage-Tour-USA-edited.png 706w, https:\/\/usa-b2.com\/wp-content\/uploads\/2025\/01\/New-England-Fall-Foliage-Tour-USA-edited-300x169.png 300w\" sizes=\"(max-width: 706px) 100vw, 706px\" \/><\/figure>\n\n<h2 class=\"wp-block-heading\">Syksyn v\u00e4reihin tutustuminen: ikoniset kohteet ja maisemat<\/h2>\n\n<h3 class=\"wp-block-heading\">Pakolliset paikat lehtien ihailuun<\/h3>\n\n<ul class=\"wp-block-list\">\n<li><strong><a href=\"https:\/\/kancamagushighway.com\/\">Kancamagus Highway<\/a> (New Hampshire) <\/strong>: Yksi kuuluisimmista reiteist\u00e4 syksyn v\u00e4rien katseluun, ja sen n\u00e4k\u00f6alapaikkoja ovat esimerkiksi Sabbaday Falls ja Sugar Hill Overlook.<\/li>\n\n\n\n<li><strong><a href=\"https:\/\/greenmountainbywayvt.com\/\">Green Mountain Byway<\/a> (Vermont) <\/strong>: Stowen ja Waterburyn vieh\u00e4tt\u00e4vien kylien l\u00e4pi kulkeva vieh\u00e4tt\u00e4v\u00e4 reitti.<\/li>\n\n\n\n<li><strong><a href=\"https:\/\/www.mohawktrail.com\/\">Mohawk Trail <\/a>(Massachusetts):<\/strong> T\u00e4m\u00e4 historiallinen polku tarjoaa upeita maisemia ja pys\u00e4hdyksi\u00e4, kuten Hairpin Turn.<\/li>\n<\/ul>\n\n<h3 class=\"wp-block-heading\">Tunnusomaisia maisemia tutkittavaksi<\/h3>\n\n<p>Uuden Englannin syyslehtikierros on t\u00e4ynn\u00e4 vaihtelevia maisemia Vermontin kumpuilevista kukkuloista Mainen hohtaviin j\u00e4rviin. Kansallispuistot ja luonnonsuojelualueet, kuten Acadian kansallispuisto, tarjoavat henke\u00e4salpaavia n\u00e4kymi\u00e4 lehdist\u00e4 ja Atlantin valtamerest\u00e4. \u00c4l\u00e4 unohda vierailla sellaisissa kaupungeissa kuin <a href=\"https:\/\/www.woodstock.com\/\">Woodstock<\/a> (Vermont) ja <a href=\"https:\/\/www.ci.camden.nj.us\/\">Camden<\/a> (Maine), joissa syksyn vieh\u00e4tys on parhaimmillaan.  <\/p>\n\n<h2 class=\"wp-block-heading\">Miss\u00e4 y\u00f6py\u00e4: Majoitus ja strategiset kaupungit<\/h2>\n\n<h3 class=\"wp-block-heading\">Pakolliset pys\u00e4hdyspaikkakunnat<\/h3>\n\n<ul class=\"wp-block-list\">\n<li><strong><a href=\"https:\/\/www.stowe.com\/\">Stowe<\/a> (Vermont)<\/strong>: Stowe: T\u00e4m\u00e4 vuoristokaupunki on keskeinen paikka Green Mountains -vuoriston tutkimiseen. Se tarjoaa perinteisi\u00e4 majataloja ja viihtyisi\u00e4 hotelleja. <\/li>\n\n\n\n<li><strong><a href=\"https:\/\/northconwaynh.com\/\">North Conway<\/a> (New Hampshire)<\/strong>: Kancamagus Highwayn tutkimiseen ja viihtyis\u00e4st\u00e4 ilmapiirist\u00e4 nauttimiseen.<\/li>\n\n\n\n<li><strong><a href=\"https:\/\/www.visitbarharbor.com\/\">Bar Harbor<\/a> (Maine<\/strong> ): Ihanteellinen niille, jotka haluavat yhdist\u00e4\u00e4 syksyn lehdet ja Acadian kansallispuiston rannikkomaisemat.<\/li>\n<\/ul>\n\n<h3 class=\"wp-block-heading\">Suositeltava majoitus<\/h3>\n\n<ul class=\"wp-block-list\">\n<li><strong>Perinteiset aamiaismajoitukset<\/strong>: N\u00e4m\u00e4 tyypilliset majoituspaikat, kuten <a href=\"https:\/\/www.rabbithill.com\/winter\/\">Rabbit Hill<\/a> Inn Vermontissa, tarjoavat aidon kokemuksen.<\/li>\n\n\n\n<li><strong>Hotellit ja majatalot<\/strong>: North Conwayss\u00e4 sijaitsevan <a href=\"https:\/\/www.whitemountainhotel.com\/\">White Mountain Hotelin<\/a> kaltaisissa hotelleissa mukavuus yhdistyy henke\u00e4salpaaviin n\u00e4k\u00f6aloihin.<\/li>\n\n\n\n<li><strong>Telttailu <\/strong>: Ulkoilun harrastajat voivat valita huolletut leirint\u00e4alueet, kuten <a href=\"https:\/\/www.nhstateparks.org\/find-parks-trails\/franconia-notch-state-park\">Franconia Notch State Parkin<\/a> leirint\u00e4alueet.<\/li>\n<\/ul>\n\n<h2 class=\"wp-block-heading\">Suositeltu 7 p\u00e4iv\u00e4n reitti<\/h2>\n\n<figure class=\"wp-block-table\"><table class=\"has-fixed-layout\"><tbody><tr><td class=\"has-text-align-center\" data-align=\"center\"><strong>P\u00e4iv\u00e4<\/strong><\/td><td class=\"has-text-align-center\" data-align=\"center\"><strong>Alue<\/strong><\/td><td class=\"has-text-align-center\" data-align=\"center\"><strong>T\u00e4rkeimm\u00e4t toiminnot<\/strong><\/td><td class=\"has-text-align-center\" data-align=\"center\"><strong>Ehdotettu majoitus<\/strong><\/td><\/tr><tr><td class=\"has-text-align-center\" data-align=\"center\">1<\/td><td class=\"has-text-align-center\" data-align=\"center\">Boston-Stowe<\/td><td class=\"has-text-align-center\" data-align=\"center\">Tie Vermontiin, pys\u00e4hdys Woodstockissa<\/td><td class=\"has-text-align-center\" data-align=\"center\">Stowe<\/td><\/tr><tr><td class=\"has-text-align-center\" data-align=\"center\">2<\/td><td class=\"has-text-align-center\" data-align=\"center\">Green Mountain Byway<\/td><td class=\"has-text-align-center\" data-align=\"center\">K\u00e4vely, vierailu Waterburyyn<\/td><td class=\"has-text-align-center\" data-align=\"center\">Stowe<\/td><\/tr><tr><td class=\"has-text-align-center\" data-align=\"center\">3<\/td><td class=\"has-text-align-center\" data-align=\"center\">Kancamagus Highway<\/td><td class=\"has-text-align-center\" data-align=\"center\">N\u00e4k\u00f6alapaikat, Sabbaday Falls<\/td><td class=\"has-text-align-center\" data-align=\"center\">North Conway<\/td><\/tr><tr><td class=\"has-text-align-center\" data-align=\"center\">4<\/td><td class=\"has-text-align-center\" data-align=\"center\">Valkoiset vuoret<\/td><td class=\"has-text-align-center\" data-align=\"center\">Patikointi, Mount Washington Auto Road<\/td><td class=\"has-text-align-center\" data-align=\"center\">North Conway<\/td><\/tr><tr><td class=\"has-text-align-center\" data-align=\"center\">5<\/td><td class=\"has-text-align-center\" data-align=\"center\">Mohawk Trail<\/td><td class=\"has-text-align-center\" data-align=\"center\">Hairpin Turn, Berkshire Mountains<\/td><td class=\"has-text-align-center\" data-align=\"center\">Lenox<\/td><\/tr><tr><td class=\"has-text-align-center\" data-align=\"center\">6<\/td><td class=\"has-text-align-center\" data-align=\"center\">Acadian kansallispuisto<\/td><td class=\"has-text-align-center\" data-align=\"center\">Cadillac Mountain, Sand Beach<\/td><td class=\"has-text-align-center\" data-align=\"center\">Bar Harbor<\/td><\/tr><tr><td class=\"has-text-align-center\" data-align=\"center\">7<\/td><td class=\"has-text-align-center\" data-align=\"center\">Camden ja takaisin Bostoniin<\/td><td class=\"has-text-align-center\" data-align=\"center\">Rannikkokyl\u00e4, k\u00e4velyretki kukkuloilla<\/td><td class=\"has-text-align-center\" data-align=\"center\">&#8211;<\/td><\/tr><\/tbody><\/table><\/figure>\n\n<p>T\u00e4ss\u00e4 matkareitiss\u00e4 yhdistyv\u00e4t maisemareitit, kulttuuripys\u00e4hdykset ja luonnonl\u00f6yd\u00f6t, jotka tarjoavat t\u00e4ydellisen kokemuksen.<\/p>\n\n<h2 class=\"wp-block-heading\">Instagrammattavat valokuvapaikat<\/h2>\n\n<h3 class=\"wp-block-heading\">Paikat, jotka voit vangita<\/h3>\n\n<ul class=\"wp-block-list\">\n<li><strong><a href=\"https:\/\/www.nps.gov\/acad\/planyourvisit\/cadillac-mountain.htm\">Cadillac Mountain<\/a> (Acadian kansallispuisto<\/strong> ): It\u00e4rannikon korkein kohta, josta on upeat n\u00e4kym\u00e4t auringonnousuun.<\/li>\n\n\n\n<li><strong><a href=\"https:\/\/www.sleepyhollowtrees.com\/\">Sleepy Hollow Farm<\/a> (Woodstock, Vermont)<\/strong>: Maatila, jota ymp\u00e4r\u00f6i elinvoimainen lehdist\u00f6.<\/li>\n\n\n\n<li><strong>Flume Gorge (New Hampshire)<\/strong>: Vaikuttava luontokohde, joka sopii t\u00e4ydellisesti syksyn v\u00e4reihin upotettujen valokuvien ottamiseen.<\/li>\n<\/ul>\n\n<h3 class=\"wp-block-heading\">Vinkkej\u00e4 onnistuneisiin laukauksiin<\/h3>\n\n<p>Suosi kultaisia aikoja, aikaisin aamulla tai p\u00e4iv\u00e4n lopussa, jotta saat vangittua kaikkein elinvoimaisimmat s\u00e4vyt. Muista ottaa kuviin mukaan mutkittelevien teiden tai katettujen siltojen kaltaisia piirteit\u00e4, jotta saat kuviin syvyytt\u00e4. <\/p>\n\n<h2 class=\"wp-block-heading\">Aktiviteetit matkatyypin mukaan<\/h2>\n\n<h3 class=\"wp-block-heading\">Pariskunnille<\/h3>\n\n<ul class=\"wp-block-list\">\n<li><strong>Hevosk\u00e4rryajelut<\/strong>: Nauti rauhallisesta ajelusta v\u00e4rikk\u00e4iden metsien halki, aivan kuten <a href=\"https:\/\/www.woodstock.com\/\">Woodstockissa<\/a> Vermontissa.<\/li>\n\n\n\n<li><strong>Ruokailu n\u00e4k\u00f6alalla<\/strong>: Bar Harborin Cliff Housen kaltaiset ravintolat tarjoavat gourmet-aterioita lumoavassa ymp\u00e4rist\u00f6ss\u00e4.<\/li>\n\n\n\n<li><strong>T\u00e4htikatselu<\/strong>: Kaupungin valoista kaukana olevat paikat, kuten Franconia Notch, sopivat t\u00e4ydellisesti Linnunradan ihailuun.<\/li>\n<\/ul>\n\n<h3 class=\"wp-block-heading\">Perheen kanssa: lapsiyst\u00e4v\u00e4llisi\u00e4 seikkailuja<\/h3>\n\n<ul class=\"wp-block-list\">\n<li><strong>Esteett\u00f6m\u00e4t k\u00e4velyretket<\/strong>: Echo Lakea (New Hampshire) ymp\u00e4r\u00f6iv\u00e4t polut sopivat erinomaisesti lapsille.<\/li>\n\n\n\n<li><strong>Piknikretket luonnon helmassa<\/strong>: Pys\u00e4hdy <a href=\"https:\/\/www.fs.usda.gov\/gmfl\">Green Mountain National Forestin<\/a> maisemoidulla alueella.<\/li>\n\n\n\n<li><strong>Omenanpoiminta <\/strong>: Useat Vermontin hedelm\u00e4tarhat tarjoavat perheaktiviteetteja, kuten omenanpoimintaa ja siiderinmaistelua.<\/li>\n<\/ul>\n\n<p><br\/>New England Fall Foliage Tour on kutsu uppoutua syksyn loistaviin v\u00e4reihin, tutustua vieh\u00e4tt\u00e4viin kyliin ja kokea unohtumattomia hetki\u00e4 luonnon helmassa. Etsitp\u00e4 sitten romantiikkaa, seikkailua tai tyyneytt\u00e4, t\u00e4m\u00e4 matka lupaa upeat maisemat ja t\u00e4ydellisen uppoutumisen Uuden Englannin olemukseen. Suunnittele matkasuunnitelmasi ja anna syksyn taikuuden vietell\u00e4 itsesi!  <\/p>\n","protected":false},"excerpt":{"rendered":"<p>Miten voin vierailla New England Fall Foliage Tourilla Yhdysvalloissa? Uuden Englannin syyslehtikierros on luonnon ja upeiden maisemien yst\u00e4ville unohtumaton kokemus. Joka syksy Uuden-Englannin mets\u00e4t v\u00e4rj\u00e4ytyv\u00e4t n\u00e4ytt\u00e4v\u00e4sti ja houkuttelevat k\u00e4vij\u00f6it\u00e4 kaikkialta maailmasta. Vieh\u00e4tt\u00e4vist\u00e4 pikkukaupungeista maisemallisille sivuteille t\u00e4m\u00e4 matka tarjoaa ainutlaatuisen uppoutumisen syksyn l\u00e4mpim\u00e4\u00e4n tunnelmaan. T\u00e4m\u00e4 yksityiskohtainen opas tarjoaa matkareittej\u00e4, majoitusvinkkej\u00e4, valokuvausmahdollisuuksia ja aktiviteetteja, joiden avulla saat [&hellip;]<\/p>\n","protected":false},"author":1,"featured_media":0,"parent":0,"menu_order":0,"comment_status":"closed","ping_status":"closed","template":"","meta":{"footnotes":""},"class_list":["post-6238","page","type-page","status-publish","hentry"],"yoast_head":"<!-- This site is optimized with the Yoast SEO plugin v27.4 - https:\/\/yoast.com\/product\/yoast-seo-wordpress\/ -->\n<title>Tutustu New Englandin syyslehtikiertueeseen Yhdysvalloissa - USA B2<\/title>\n<meta name=\"description\" content=\"Tutustu Uuden Englannin syyslehtikiertueeseen Yhdysvalloissa: ikoniset kohteet, maisemat, majoitus ja matkareitit.\" \/>\n<meta name=\"robots\" content=\"index, follow, max-snippet:-1, max-image-preview:large, max-video-preview:-1\" \/>\n<link rel=\"canonical\" href=\"https:\/\/usa-b2.com\/fi\/uusi-englannin-syksyn-lehtien-kiertue\/\" \/>\n<meta property=\"og:locale\" content=\"fi_FI\" \/>\n<meta property=\"og:type\" content=\"article\" \/>\n<meta property=\"og:title\" content=\"Tutustu New Englandin syyslehtikiertueeseen Yhdysvalloissa - USA B2\" \/>\n<meta property=\"og:description\" content=\"Tutustu Uuden Englannin syyslehtikiertueeseen Yhdysvalloissa: ikoniset kohteet, maisemat, majoitus ja matkareitit.\" \/>\n<meta property=\"og:url\" content=\"https:\/\/usa-b2.com\/fi\/uusi-englannin-syksyn-lehtien-kiertue\/\" \/>\n<meta property=\"og:site_name\" content=\"USA B2\" \/>\n<meta property=\"article:modified_time\" content=\"2025-01-21T10:36:45+00:00\" \/>\n<meta property=\"og:image\" content=\"https:\/\/usa-b2.com\/wp-content\/uploads\/2025\/01\/New-England-Fall-Foliage-Tour-USA-edited.png\" \/>\n\t<meta property=\"og:image:width\" content=\"706\" \/>\n\t<meta property=\"og:image:height\" content=\"397\" \/>\n\t<meta property=\"og:image:type\" content=\"image\/png\" \/>\n<meta name=\"twitter:card\" content=\"summary_large_image\" \/>\n<meta name=\"twitter:label1\" content=\"Arvioitu lukuaika\" \/>\n\t<meta name=\"twitter:data1\" content=\"3 minuuttia\" \/>\n<script type=\"application\/ld+json\" class=\"yoast-schema-graph\">{\"@context\":\"https:\\\/\\\/schema.org\",\"@graph\":[{\"@type\":\"WebPage\",\"@id\":\"https:\\\/\\\/usa-b2.com\\\/fi\\\/uusi-englannin-syksyn-lehtien-kiertue\\\/\",\"url\":\"https:\\\/\\\/usa-b2.com\\\/fi\\\/uusi-englannin-syksyn-lehtien-kiertue\\\/\",\"name\":\"Tutustu New Englandin syyslehtikiertueeseen Yhdysvalloissa - USA B2\",\"isPartOf\":{\"@id\":\"https:\\\/\\\/usa-b2.com\\\/fi\\\/#website\"},\"primaryImageOfPage\":{\"@id\":\"https:\\\/\\\/usa-b2.com\\\/fi\\\/uusi-englannin-syksyn-lehtien-kiertue\\\/#primaryimage\"},\"image\":{\"@id\":\"https:\\\/\\\/usa-b2.com\\\/fi\\\/uusi-englannin-syksyn-lehtien-kiertue\\\/#primaryimage\"},\"thumbnailUrl\":\"https:\\\/\\\/usa-b2.com\\\/wp-content\\\/uploads\\\/2025\\\/01\\\/New-England-Fall-Foliage-Tour-USA-edited.png\",\"datePublished\":\"2025-01-15T11:55:39+00:00\",\"dateModified\":\"2025-01-21T10:36:45+00:00\",\"description\":\"Tutustu Uuden Englannin syyslehtikiertueeseen Yhdysvalloissa: ikoniset kohteet, maisemat, majoitus ja matkareitit.\",\"breadcrumb\":{\"@id\":\"https:\\\/\\\/usa-b2.com\\\/fi\\\/uusi-englannin-syksyn-lehtien-kiertue\\\/#breadcrumb\"},\"inLanguage\":\"fi\",\"potentialAction\":[{\"@type\":\"ReadAction\",\"target\":[\"https:\\\/\\\/usa-b2.com\\\/fi\\\/uusi-englannin-syksyn-lehtien-kiertue\\\/\"]}]},{\"@type\":\"ImageObject\",\"inLanguage\":\"fi\",\"@id\":\"https:\\\/\\\/usa-b2.com\\\/fi\\\/uusi-englannin-syksyn-lehtien-kiertue\\\/#primaryimage\",\"url\":\"https:\\\/\\\/usa-b2.com\\\/wp-content\\\/uploads\\\/2025\\\/01\\\/New-England-Fall-Foliage-Tour-USA-edited.png\",\"contentUrl\":\"https:\\\/\\\/usa-b2.com\\\/wp-content\\\/uploads\\\/2025\\\/01\\\/New-England-Fall-Foliage-Tour-USA-edited.png\"},{\"@type\":\"BreadcrumbList\",\"@id\":\"https:\\\/\\\/usa-b2.com\\\/fi\\\/uusi-englannin-syksyn-lehtien-kiertue\\\/#breadcrumb\",\"itemListElement\":[{\"@type\":\"ListItem\",\"position\":1,\"name\":\"Accueil\",\"item\":\"https:\\\/\\\/usa-b2.com\\\/fi\\\/usa\\\/\"},{\"@type\":\"ListItem\",\"position\":2,\"name\":\"Tutustu New Englandin syyslehtikiertueeseen Yhdysvalloissa\"}]},{\"@type\":\"WebSite\",\"@id\":\"https:\\\/\\\/usa-b2.com\\\/fi\\\/#website\",\"url\":\"https:\\\/\\\/usa-b2.com\\\/fi\\\/\",\"name\":\"USA B2 VISA\",\"description\":\"\",\"potentialAction\":[{\"@type\":\"SearchAction\",\"target\":{\"@type\":\"EntryPoint\",\"urlTemplate\":\"https:\\\/\\\/usa-b2.com\\\/fi\\\/?s={search_term_string}\"},\"query-input\":{\"@type\":\"PropertyValueSpecification\",\"valueRequired\":true,\"valueName\":\"search_term_string\"}}],\"inLanguage\":\"fi\"}]}<\/script>\n<!-- \/ Yoast SEO plugin. -->","yoast_head_json":{"title":"Tutustu New Englandin syyslehtikiertueeseen Yhdysvalloissa - USA B2","description":"Tutustu Uuden Englannin syyslehtikiertueeseen Yhdysvalloissa: ikoniset kohteet, maisemat, majoitus ja matkareitit.","robots":{"index":"index","follow":"follow","max-snippet":"max-snippet:-1","max-image-preview":"max-image-preview:large","max-video-preview":"max-video-preview:-1"},"canonical":"https:\/\/usa-b2.com\/fi\/uusi-englannin-syksyn-lehtien-kiertue\/","og_locale":"fi_FI","og_type":"article","og_title":"Tutustu New Englandin syyslehtikiertueeseen Yhdysvalloissa - USA B2","og_description":"Tutustu Uuden Englannin syyslehtikiertueeseen Yhdysvalloissa: ikoniset kohteet, maisemat, majoitus ja matkareitit.","og_url":"https:\/\/usa-b2.com\/fi\/uusi-englannin-syksyn-lehtien-kiertue\/","og_site_name":"USA B2","article_modified_time":"2025-01-21T10:36:45+00:00","og_image":[{"width":706,"height":397,"url":"https:\/\/usa-b2.com\/wp-content\/uploads\/2025\/01\/New-England-Fall-Foliage-Tour-USA-edited.png","type":"image\/png"}],"twitter_card":"summary_large_image","twitter_misc":{"Arvioitu lukuaika":"3 minuuttia"},"schema":{"@context":"https:\/\/schema.org","@graph":[{"@type":"WebPage","@id":"https:\/\/usa-b2.com\/fi\/uusi-englannin-syksyn-lehtien-kiertue\/","url":"https:\/\/usa-b2.com\/fi\/uusi-englannin-syksyn-lehtien-kiertue\/","name":"Tutustu New Englandin syyslehtikiertueeseen Yhdysvalloissa - USA B2","isPartOf":{"@id":"https:\/\/usa-b2.com\/fi\/#website"},"primaryImageOfPage":{"@id":"https:\/\/usa-b2.com\/fi\/uusi-englannin-syksyn-lehtien-kiertue\/#primaryimage"},"image":{"@id":"https:\/\/usa-b2.com\/fi\/uusi-englannin-syksyn-lehtien-kiertue\/#primaryimage"},"thumbnailUrl":"https:\/\/usa-b2.com\/wp-content\/uploads\/2025\/01\/New-England-Fall-Foliage-Tour-USA-edited.png","datePublished":"2025-01-15T11:55:39+00:00","dateModified":"2025-01-21T10:36:45+00:00","description":"Tutustu Uuden Englannin syyslehtikiertueeseen Yhdysvalloissa: ikoniset kohteet, maisemat, majoitus ja matkareitit.","breadcrumb":{"@id":"https:\/\/usa-b2.com\/fi\/uusi-englannin-syksyn-lehtien-kiertue\/#breadcrumb"},"inLanguage":"fi","potentialAction":[{"@type":"ReadAction","target":["https:\/\/usa-b2.com\/fi\/uusi-englannin-syksyn-lehtien-kiertue\/"]}]},{"@type":"ImageObject","inLanguage":"fi","@id":"https:\/\/usa-b2.com\/fi\/uusi-englannin-syksyn-lehtien-kiertue\/#primaryimage","url":"https:\/\/usa-b2.com\/wp-content\/uploads\/2025\/01\/New-England-Fall-Foliage-Tour-USA-edited.png","contentUrl":"https:\/\/usa-b2.com\/wp-content\/uploads\/2025\/01\/New-England-Fall-Foliage-Tour-USA-edited.png"},{"@type":"BreadcrumbList","@id":"https:\/\/usa-b2.com\/fi\/uusi-englannin-syksyn-lehtien-kiertue\/#breadcrumb","itemListElement":[{"@type":"ListItem","position":1,"name":"Accueil","item":"https:\/\/usa-b2.com\/fi\/usa\/"},{"@type":"ListItem","position":2,"name":"Tutustu New Englandin syyslehtikiertueeseen Yhdysvalloissa"}]},{"@type":"WebSite","@id":"https:\/\/usa-b2.com\/fi\/#website","url":"https:\/\/usa-b2.com\/fi\/","name":"USA B2 VISA","description":"","potentialAction":[{"@type":"SearchAction","target":{"@type":"EntryPoint","urlTemplate":"https:\/\/usa-b2.com\/fi\/?s={search_term_string}"},"query-input":{"@type":"PropertyValueSpecification","valueRequired":true,"valueName":"search_term_string"}}],"inLanguage":"fi"}]}},"_links":{"self":[{"href":"https:\/\/usa-b2.com\/fi\/wp-json\/wp\/v2\/pages\/6238","targetHints":{"allow":["GET"]}}],"collection":[{"href":"https:\/\/usa-b2.com\/fi\/wp-json\/wp\/v2\/pages"}],"about":[{"href":"https:\/\/usa-b2.com\/fi\/wp-json\/wp\/v2\/types\/page"}],"author":[{"embeddable":true,"href":"https:\/\/usa-b2.com\/fi\/wp-json\/wp\/v2\/users\/1"}],"replies":[{"embeddable":true,"href":"https:\/\/usa-b2.com\/fi\/wp-json\/wp\/v2\/comments?post=6238"}],"version-history":[{"count":0,"href":"https:\/\/usa-b2.com\/fi\/wp-json\/wp\/v2\/pages\/6238\/revisions"}],"wp:attachment":[{"href":"https:\/\/usa-b2.com\/fi\/wp-json\/wp\/v2\/media?parent=6238"}],"curies":[{"name":"wp","href":"https:\/\/api.w.org\/{rel}","templated":true}]}}