{"id":6219,"date":"2025-01-15T10:13:22","date_gmt":"2025-01-15T10:13:22","guid":{"rendered":"https:\/\/usa-b2.com\/blue-ridge-parkway-yhdysvallat\/"},"modified":"2025-01-21T10:35:58","modified_gmt":"2025-01-21T10:35:58","slug":"blue-ridge-parkway-yhdysvallat","status":"publish","type":"page","link":"https:\/\/usa-b2.com\/fi\/blue-ridge-parkway-yhdysvallat\/","title":{"rendered":"Tutustu Blue Ridge Parkwayyn Yhdysvalloissa"},"content":{"rendered":"\n<h1 class=\"wp-block-heading\">Miten suunnitella road trip Blue Ridge Parkwaylle?<\/h1>\n\n<p><a href=\"https:\/\/www.blueridgeparkway.org\/\">Blue Ridge Parkway<\/a>, joka on saanut lempinimen &#8221;Amerikan suosikkiajelu&#8221;, on yksi Yhdysvaltojen kauneimmista maisematiest\u00e4. T\u00e4m\u00e4 legendaarinen, <a href=\"https:\/\/www.virginia.org\/\">Virginian<\/a> ja Pohjois-Carolinan v\u00e4lill\u00e4 kulkeva, l\u00e4hes 755 kilometri\u00e4 pitk\u00e4 reitti kulkee henke\u00e4salpaavien maisemien halki vehreist\u00e4 vuorista rauhallisiin laaksoihin. Olitpa sitten retkeilyn harrastaja, innokas valokuvaaja tai vain rauhaa ja hiljaisuutta kaipaava, t\u00e4ss\u00e4 kattavassa oppaassa kerrotaan kaikki, mit\u00e4 sinun tarvitsee tiet\u00e4\u00e4, jotta saat kaiken irti t\u00e4st\u00e4 legendaarisesta road tripist\u00e4.  <\/p>\n\n<figure class=\"wp-block-image size-full\"><img fetchpriority=\"high\" decoding=\"async\" width=\"597\" height=\"336\" src=\"https:\/\/usa-b2.com\/wp-content\/uploads\/2025\/01\/Blue-Ridge-Parkway-Virginie-Caroline-Nord-USA-edited.png\" alt=\"\" class=\"wp-image-6796\" srcset=\"https:\/\/usa-b2.com\/wp-content\/uploads\/2025\/01\/Blue-Ridge-Parkway-Virginie-Caroline-Nord-USA-edited.png 597w, https:\/\/usa-b2.com\/wp-content\/uploads\/2025\/01\/Blue-Ridge-Parkway-Virginie-Caroline-Nord-USA-edited-300x169.png 300w\" sizes=\"(max-width: 597px) 100vw, 597px\" \/><\/figure>\n\n<h2 class=\"wp-block-heading\">Tutustu Blue Ridge Parkwayyn<\/h2>\n\n<h3 class=\"wp-block-heading\">Ei kannata j\u00e4tt\u00e4\u00e4 v\u00e4liin<\/h3>\n\n<ul class=\"wp-block-list\">\n<li><strong>Kilometri 0<\/strong>: Afton Overlook (Virginia): Upea ensimm\u00e4inen n\u00e4kym\u00e4 ymp\u00e4r\u00f6iville vuorille.<\/li>\n\n\n\n<li><strong>Mailpost 85<\/strong>: Peaks of Otter: helppokulkuisia vaellusreittej\u00e4 ja vieh\u00e4tt\u00e4v\u00e4 j\u00e4rvi, joka sopii erinomaisesti piknikille.<\/li>\n\n\n\n<li><strong>Kilometrimerkki 316<\/strong>: Linville Falls, Pohjois-Carolina: Vaikuttava vesiputous, ihanteellinen valokuvauksen harrastajille.<\/li>\n\n\n\n<li><strong>Kilometrin 469<\/strong>: Cherokee: Parkwayn p\u00e4\u00e4tepiste, l\u00e4hell\u00e4 Great Smoky Mountainsin kansallispuistoa.<\/li>\n<\/ul>\n\n<h3 class=\"wp-block-heading\">Reitin varrella olevat vaihtelevat maisemat<\/h3>\n\n<p>Blue Ridge Parkway tarjoaa monenlaisia n\u00e4kymi\u00e4 Virginian tiheist\u00e4 metsist\u00e4 Pohjois-Carolinan jylhiin huippuihin. Syksyll\u00e4 leimuvat lehdet houkuttelevat k\u00e4vij\u00f6it\u00e4 kaikkialta maailmasta, kun taas kev\u00e4\u00e4ll\u00e4 luonnonkukat peitt\u00e4v\u00e4t reunoja. Vuoristoon leikatut tunnelit tuovat kokemukseen maalauksellisen lis\u00e4n.  <\/p>\n\n<h2 class=\"wp-block-heading\">Miss\u00e4 y\u00f6py\u00e4: Majoitus ja strategiset kaupungit<\/h2>\n\n<h3 class=\"wp-block-heading\">Suositeltavat pys\u00e4hdyspaikkakunnat<\/h3>\n\n<ul class=\"wp-block-list\">\n<li><strong><a href=\"https:\/\/www.roanokeva.gov\/148\/Visitors-Tourism\">Roanoke<\/a> (Virginia)<\/strong>: T\u00e4m\u00e4 kaupunki on ihanteellinen paikka Parkwayn pohjoisosaan tutustumiseen, ja se tarjoaa viihtyisi\u00e4 hotelleja ja vilkkaan ravintolamaailman.<\/li>\n\n\n\n<li><strong><a href=\"https:\/\/www.exploreasheville.com\/\">Asheville<\/a> (Pohjois-Carolina) <\/strong>: Taiteen, musiikin ja paikallisen keitti\u00f6n yst\u00e4ville pakollinen vierailukohde.<\/li>\n\n\n\n<li><strong><a href=\"https:\/\/blowingrock.com\/\">Blowing Rock<\/a> (Pohjois-Carolina)<\/strong>: Blowing Blowing: Vieh\u00e4tt\u00e4v\u00e4 pikkukaupunki, joka tunnetaan kaupoistaan, ravintoloistaan ja vuoristotunnelmastaan.<\/li>\n<\/ul>\n\n<h3 class=\"wp-block-heading\">Majoitus kohteessa ja sen ymp\u00e4rist\u00f6ss\u00e4 Parkway<\/h3>\n\n<ul class=\"wp-block-list\">\n<li><strong>Historialliset majatalot<\/strong>: <a href=\"https:\/\/www.peaksofotter.com\/\">Peaks of Otter Lodge<\/a> ja Pisgah Inn tarjoavat autenttisen ymp\u00e4rist\u00f6n ja henke\u00e4salpaavat n\u00e4kym\u00e4t.<\/li>\n\n\n\n<li><strong>Telttailu<\/strong>: Doughton Parkin kaltaiset hyvin varustetut leirint\u00e4alueet tarjoavat t\u00e4ydellisen uppoutumisen luontoon.<\/li>\n<\/ul>\n\n<h2 class=\"wp-block-heading\">Suositeltu 5 p\u00e4iv\u00e4n matkasuunnitelma<\/h2>\n\n<figure class=\"wp-block-table\"><table class=\"has-fixed-layout\"><tbody><tr><td class=\"has-text-align-center\" data-align=\"center\"><strong>P\u00e4iv\u00e4<\/strong><\/td><td class=\"has-text-align-center\" data-align=\"center\"><strong>Jakso<\/strong><\/td><td class=\"has-text-align-center\" data-align=\"center\"><strong>T\u00e4rkeimm\u00e4t toiminnot<\/strong><\/td><td class=\"has-text-align-center\" data-align=\"center\"><strong>Ehdotettu majoitus<\/strong><\/td><\/tr><tr><td class=\"has-text-align-center\" data-align=\"center\">1<\/td><td class=\"has-text-align-center\" data-align=\"center\">Aftonista Roanokeen<\/td><td class=\"has-text-align-center\" data-align=\"center\">Aftonin n\u00e4k\u00f6alapaikka, Humpback-kallio<\/td><td class=\"has-text-align-center\" data-align=\"center\">Roanoke<\/td><\/tr><tr><td class=\"has-text-align-center\" data-align=\"center\">2<\/td><td class=\"has-text-align-center\" data-align=\"center\">Roanokesta Blowing Rockiin<\/td><td class=\"has-text-align-center\" data-align=\"center\">Rock Peaks of Otter, Mabry Mill<\/td><td class=\"has-text-align-center\" data-align=\"center\">Blowing Rock<\/td><\/tr><tr><td class=\"has-text-align-center\" data-align=\"center\">3<\/td><td class=\"has-text-align-center\" data-align=\"center\">Blowing Rock Ashevilless\u00e4<\/td><td class=\"has-text-align-center\" data-align=\"center\">Linville Falls, Grandfather Mountain<\/td><td class=\"has-text-align-center\" data-align=\"center\">Asheville<\/td><\/tr><tr><td class=\"has-text-align-center\" data-align=\"center\">4<\/td><td class=\"has-text-align-center\" data-align=\"center\">Asheville kohteeseen Mount Pisgah<\/td><td class=\"has-text-align-center\" data-align=\"center\">Pisgah Inn, Craggy Gardens (Craggy Gardens)<\/td><td class=\"has-text-align-center\" data-align=\"center\">Pisgah Inn<\/td><\/tr><tr><td class=\"has-text-align-center\" data-align=\"center\">5<\/td><td class=\"has-text-align-center\" data-align=\"center\">Mount Pisgah <a href=\"https:\/\/visitcherokeenc.com\/\">Cherokee<\/a><\/td><td class=\"has-text-align-center\" data-align=\"center\">Waterrock Knob, Cherokee<\/td><td class=\"has-text-align-center\" data-align=\"center\">Cherokee<\/td><\/tr><\/tbody><\/table><\/figure>\n\n<p><br\/>T\u00e4ll\u00e4 matkasuunnitelmalla voit tutustua Parkwayn kohokohtiin ja samalla l\u00f6yt\u00e4\u00e4 tasapainon tutkimisen ja rentoutumisen v\u00e4lill\u00e4.<\/p>\n\n<h2 class=\"wp-block-heading\">Instagrammattavat valokuvapaikat<\/h2>\n\n<h3 class=\"wp-block-heading\">T\u00e4ydelliset maisemat laukauksia varten<\/h3>\n\n<p>Blue Ridge Parkway on t\u00e4ynn\u00e4 valokuvauksellisia paikkoja. N\u00e4ihin kuuluvat mm: <\/p>\n\n<ul class=\"wp-block-list\">\n<li><strong>Craggy Gardens (kilometrin kohdalla 364)<\/strong>: V\u00e4rikk\u00e4\u00e4t n\u00e4kym\u00e4t, erityisesti kev\u00e4\u00e4ll\u00e4.<\/li>\n\n\n\n<li><strong>Mabry Mill (kilometrin kohdalla 176)<\/strong>: Vanha myllynkivi, jota ymp\u00e4r\u00f6i bukolinen maaseutu ja joka sopii t\u00e4ydellisesti maalaismaisemiin.<\/li>\n\n\n\n<li><strong>Waterrock Knob (kilometripylv\u00e4s 451)<\/strong>: Auringonlaskun aikaan upea n\u00e4kym\u00e4.<\/li>\n<\/ul>\n\n<h3 class=\"wp-block-heading\">Vinkkej\u00e4 Parkwayn ikuistamiseen<\/h3>\n\n<p>Parhaat kuvat saat, kun keskityt auringonnousuihin ja -laskuihin, jolloin valo on pehme\u00e4\u00e4 ja v\u00e4rit eloisia. \u00c4l\u00e4 unohda ikonisia tunneleita ja tien mutkittelevia mutkia. <\/p>\n\n<h2 class=\"wp-block-heading\">Aktiviteetit matkatyypin mukaan<\/h2>\n\n<h3 class=\"wp-block-heading\">Pariskunnille: romanttisia hetki\u00e4<\/h3>\n\n<ul class=\"wp-block-list\">\n<li><strong>Rauhalliset k\u00e4velyretket ja n\u00e4k\u00f6alapaikat<\/strong>: Peaks of Otterin Peaks of Otterin Flat Top Trail -polun kaltaiset polut tarjoavat rauhallisia hetki\u00e4 kahdestaan.<\/li>\n\n\n\n<li><strong>Paikalliset maistiaiset <\/strong>: Ashevilless\u00e4 voit maistella alueellisia ruokia ja viinej\u00e4 yst\u00e4v\u00e4llisess\u00e4 ilmapiiriss\u00e4.<\/li>\n\n\n\n<li><strong>T\u00e4htitarkkailu<\/strong>: Parkwayn v\u00e4h\u00e4inen valosaaste tekee siit\u00e4 ihanteellisen paikan Linnunradan tarkkailuun.<\/li>\n<\/ul>\n\n<h3 class=\"wp-block-heading\">Perheen kanssa: lapsiyst\u00e4v\u00e4llisi\u00e4 seikkailuja<\/h3>\n\n<ul class=\"wp-block-list\">\n<li><strong>Koulutustoiminta<\/strong>: Humpback Rocksin kaltaiset vierailukeskukset tarjoavat interaktiivisia ohjelmia lapsille.<\/li>\n\n\n\n<li><strong>Esteett\u00f6m\u00e4t k\u00e4velyreitit <\/strong>: Linville Falls Trail on lyhyt ja helppo, ja se sopii erinomaisesti perheille, joissa on pieni\u00e4 lapsia.<\/li>\n\n\n\n<li><strong>Piknikit ulkona<\/strong>: Useat alueet Parkwayn varrella, kuten Doughton Park, sopivat erinomaisesti ateriointiin ulkona.<\/li>\n<\/ul>\n\n<p>Blue Ridge Parkway on paljon enemm\u00e4n kuin pelkk\u00e4 tie: se on el\u00e4mys Amerikan luonnonkauneuden ytimess\u00e4. Etsitp\u00e4 sitten seikkailua, rentoutumista tai perhemuistoja, t\u00e4m\u00e4 matka j\u00e4tt\u00e4\u00e4 sinulle unohtumattomia kuvia ja tuntemuksia. Suunnittele matkasuunnitelmasi, l\u00e4hde tien p\u00e4\u00e4lle ja anna Blue Ridge Mountainsin ihmeiden lumota itsesi.  <\/p>\n","protected":false},"excerpt":{"rendered":"<p>Miten suunnitella road trip Blue Ridge Parkwaylle? Blue Ridge Parkway, joka on saanut lempinimen &#8221;Amerikan suosikkiajelu&#8221;, on yksi Yhdysvaltojen kauneimmista maisematiest\u00e4. T\u00e4m\u00e4 legendaarinen, Virginian ja Pohjois-Carolinan v\u00e4lill\u00e4 kulkeva, l\u00e4hes 755 kilometri\u00e4 pitk\u00e4 reitti kulkee henke\u00e4salpaavien maisemien halki vehreist\u00e4 vuorista rauhallisiin laaksoihin. Olitpa sitten retkeilyn harrastaja, innokas valokuvaaja tai vain rauhaa ja hiljaisuutta kaipaava, t\u00e4ss\u00e4 kattavassa [&hellip;]<\/p>\n","protected":false},"author":1,"featured_media":0,"parent":0,"menu_order":0,"comment_status":"closed","ping_status":"closed","template":"","meta":{"footnotes":""},"class_list":["post-6219","page","type-page","status-publish","hentry"],"yoast_head":"<!-- This site is optimized with the Yoast SEO plugin v27.4 - https:\/\/yoast.com\/product\/yoast-seo-wordpress\/ -->\n<title>Tutustu Blue Ridge Parkwayyn Yhdysvalloissa - USA B2<\/title>\n<meta name=\"description\" content=\"Tutustu Blue Ridge Parkwayyn: reittisuunnitelmat, parhaat majoituspaikat, valokuvauskohteet ja aktiviteetit pariskunnille ja perheille!\" \/>\n<meta name=\"robots\" content=\"index, follow, max-snippet:-1, max-image-preview:large, max-video-preview:-1\" \/>\n<link rel=\"canonical\" href=\"https:\/\/usa-b2.com\/fi\/blue-ridge-parkway-yhdysvallat\/\" \/>\n<meta property=\"og:locale\" content=\"fi_FI\" \/>\n<meta property=\"og:type\" content=\"article\" \/>\n<meta property=\"og:title\" content=\"Tutustu Blue Ridge Parkwayyn Yhdysvalloissa - USA B2\" \/>\n<meta property=\"og:description\" content=\"Tutustu Blue Ridge Parkwayyn: reittisuunnitelmat, parhaat majoituspaikat, valokuvauskohteet ja aktiviteetit pariskunnille ja perheille!\" \/>\n<meta property=\"og:url\" content=\"https:\/\/usa-b2.com\/fi\/blue-ridge-parkway-yhdysvallat\/\" \/>\n<meta property=\"og:site_name\" content=\"USA B2\" \/>\n<meta property=\"article:modified_time\" content=\"2025-01-21T10:35:58+00:00\" \/>\n<meta property=\"og:image\" content=\"https:\/\/usa-b2.com\/wp-content\/uploads\/2025\/01\/Blue-Ridge-Parkway-Virginie-Caroline-Nord-USA-edited.png\" \/>\n\t<meta property=\"og:image:width\" content=\"597\" \/>\n\t<meta property=\"og:image:height\" content=\"336\" \/>\n\t<meta property=\"og:image:type\" content=\"image\/png\" \/>\n<meta name=\"twitter:card\" content=\"summary_large_image\" \/>\n<meta name=\"twitter:label1\" content=\"Arvioitu lukuaika\" \/>\n\t<meta name=\"twitter:data1\" content=\"3 minuuttia\" \/>\n<script type=\"application\/ld+json\" class=\"yoast-schema-graph\">{\"@context\":\"https:\\\/\\\/schema.org\",\"@graph\":[{\"@type\":\"WebPage\",\"@id\":\"https:\\\/\\\/usa-b2.com\\\/fi\\\/blue-ridge-parkway-yhdysvallat\\\/\",\"url\":\"https:\\\/\\\/usa-b2.com\\\/fi\\\/blue-ridge-parkway-yhdysvallat\\\/\",\"name\":\"Tutustu Blue Ridge Parkwayyn Yhdysvalloissa - USA B2\",\"isPartOf\":{\"@id\":\"https:\\\/\\\/usa-b2.com\\\/fi\\\/#website\"},\"primaryImageOfPage\":{\"@id\":\"https:\\\/\\\/usa-b2.com\\\/fi\\\/blue-ridge-parkway-yhdysvallat\\\/#primaryimage\"},\"image\":{\"@id\":\"https:\\\/\\\/usa-b2.com\\\/fi\\\/blue-ridge-parkway-yhdysvallat\\\/#primaryimage\"},\"thumbnailUrl\":\"https:\\\/\\\/usa-b2.com\\\/wp-content\\\/uploads\\\/2025\\\/01\\\/Blue-Ridge-Parkway-Virginie-Caroline-Nord-USA-edited.png\",\"datePublished\":\"2025-01-15T10:13:22+00:00\",\"dateModified\":\"2025-01-21T10:35:58+00:00\",\"description\":\"Tutustu Blue Ridge Parkwayyn: reittisuunnitelmat, parhaat majoituspaikat, valokuvauskohteet ja aktiviteetit pariskunnille ja perheille!\",\"breadcrumb\":{\"@id\":\"https:\\\/\\\/usa-b2.com\\\/fi\\\/blue-ridge-parkway-yhdysvallat\\\/#breadcrumb\"},\"inLanguage\":\"fi\",\"potentialAction\":[{\"@type\":\"ReadAction\",\"target\":[\"https:\\\/\\\/usa-b2.com\\\/fi\\\/blue-ridge-parkway-yhdysvallat\\\/\"]}]},{\"@type\":\"ImageObject\",\"inLanguage\":\"fi\",\"@id\":\"https:\\\/\\\/usa-b2.com\\\/fi\\\/blue-ridge-parkway-yhdysvallat\\\/#primaryimage\",\"url\":\"https:\\\/\\\/usa-b2.com\\\/wp-content\\\/uploads\\\/2025\\\/01\\\/Blue-Ridge-Parkway-Virginie-Caroline-Nord-USA-edited.png\",\"contentUrl\":\"https:\\\/\\\/usa-b2.com\\\/wp-content\\\/uploads\\\/2025\\\/01\\\/Blue-Ridge-Parkway-Virginie-Caroline-Nord-USA-edited.png\"},{\"@type\":\"BreadcrumbList\",\"@id\":\"https:\\\/\\\/usa-b2.com\\\/fi\\\/blue-ridge-parkway-yhdysvallat\\\/#breadcrumb\",\"itemListElement\":[{\"@type\":\"ListItem\",\"position\":1,\"name\":\"Accueil\",\"item\":\"https:\\\/\\\/usa-b2.com\\\/fi\\\/usa\\\/\"},{\"@type\":\"ListItem\",\"position\":2,\"name\":\"Tutustu Blue Ridge Parkwayyn Yhdysvalloissa\"}]},{\"@type\":\"WebSite\",\"@id\":\"https:\\\/\\\/usa-b2.com\\\/fi\\\/#website\",\"url\":\"https:\\\/\\\/usa-b2.com\\\/fi\\\/\",\"name\":\"USA B2 VISA\",\"description\":\"\",\"potentialAction\":[{\"@type\":\"SearchAction\",\"target\":{\"@type\":\"EntryPoint\",\"urlTemplate\":\"https:\\\/\\\/usa-b2.com\\\/fi\\\/?s={search_term_string}\"},\"query-input\":{\"@type\":\"PropertyValueSpecification\",\"valueRequired\":true,\"valueName\":\"search_term_string\"}}],\"inLanguage\":\"fi\"}]}<\/script>\n<!-- \/ Yoast SEO plugin. -->","yoast_head_json":{"title":"Tutustu Blue Ridge Parkwayyn Yhdysvalloissa - USA B2","description":"Tutustu Blue Ridge Parkwayyn: reittisuunnitelmat, parhaat majoituspaikat, valokuvauskohteet ja aktiviteetit pariskunnille ja perheille!","robots":{"index":"index","follow":"follow","max-snippet":"max-snippet:-1","max-image-preview":"max-image-preview:large","max-video-preview":"max-video-preview:-1"},"canonical":"https:\/\/usa-b2.com\/fi\/blue-ridge-parkway-yhdysvallat\/","og_locale":"fi_FI","og_type":"article","og_title":"Tutustu Blue Ridge Parkwayyn Yhdysvalloissa - USA B2","og_description":"Tutustu Blue Ridge Parkwayyn: reittisuunnitelmat, parhaat majoituspaikat, valokuvauskohteet ja aktiviteetit pariskunnille ja perheille!","og_url":"https:\/\/usa-b2.com\/fi\/blue-ridge-parkway-yhdysvallat\/","og_site_name":"USA B2","article_modified_time":"2025-01-21T10:35:58+00:00","og_image":[{"width":597,"height":336,"url":"https:\/\/usa-b2.com\/wp-content\/uploads\/2025\/01\/Blue-Ridge-Parkway-Virginie-Caroline-Nord-USA-edited.png","type":"image\/png"}],"twitter_card":"summary_large_image","twitter_misc":{"Arvioitu lukuaika":"3 minuuttia"},"schema":{"@context":"https:\/\/schema.org","@graph":[{"@type":"WebPage","@id":"https:\/\/usa-b2.com\/fi\/blue-ridge-parkway-yhdysvallat\/","url":"https:\/\/usa-b2.com\/fi\/blue-ridge-parkway-yhdysvallat\/","name":"Tutustu Blue Ridge Parkwayyn Yhdysvalloissa - USA B2","isPartOf":{"@id":"https:\/\/usa-b2.com\/fi\/#website"},"primaryImageOfPage":{"@id":"https:\/\/usa-b2.com\/fi\/blue-ridge-parkway-yhdysvallat\/#primaryimage"},"image":{"@id":"https:\/\/usa-b2.com\/fi\/blue-ridge-parkway-yhdysvallat\/#primaryimage"},"thumbnailUrl":"https:\/\/usa-b2.com\/wp-content\/uploads\/2025\/01\/Blue-Ridge-Parkway-Virginie-Caroline-Nord-USA-edited.png","datePublished":"2025-01-15T10:13:22+00:00","dateModified":"2025-01-21T10:35:58+00:00","description":"Tutustu Blue Ridge Parkwayyn: reittisuunnitelmat, parhaat majoituspaikat, valokuvauskohteet ja aktiviteetit pariskunnille ja perheille!","breadcrumb":{"@id":"https:\/\/usa-b2.com\/fi\/blue-ridge-parkway-yhdysvallat\/#breadcrumb"},"inLanguage":"fi","potentialAction":[{"@type":"ReadAction","target":["https:\/\/usa-b2.com\/fi\/blue-ridge-parkway-yhdysvallat\/"]}]},{"@type":"ImageObject","inLanguage":"fi","@id":"https:\/\/usa-b2.com\/fi\/blue-ridge-parkway-yhdysvallat\/#primaryimage","url":"https:\/\/usa-b2.com\/wp-content\/uploads\/2025\/01\/Blue-Ridge-Parkway-Virginie-Caroline-Nord-USA-edited.png","contentUrl":"https:\/\/usa-b2.com\/wp-content\/uploads\/2025\/01\/Blue-Ridge-Parkway-Virginie-Caroline-Nord-USA-edited.png"},{"@type":"BreadcrumbList","@id":"https:\/\/usa-b2.com\/fi\/blue-ridge-parkway-yhdysvallat\/#breadcrumb","itemListElement":[{"@type":"ListItem","position":1,"name":"Accueil","item":"https:\/\/usa-b2.com\/fi\/usa\/"},{"@type":"ListItem","position":2,"name":"Tutustu Blue Ridge Parkwayyn Yhdysvalloissa"}]},{"@type":"WebSite","@id":"https:\/\/usa-b2.com\/fi\/#website","url":"https:\/\/usa-b2.com\/fi\/","name":"USA B2 VISA","description":"","potentialAction":[{"@type":"SearchAction","target":{"@type":"EntryPoint","urlTemplate":"https:\/\/usa-b2.com\/fi\/?s={search_term_string}"},"query-input":{"@type":"PropertyValueSpecification","valueRequired":true,"valueName":"search_term_string"}}],"inLanguage":"fi"}]}},"_links":{"self":[{"href":"https:\/\/usa-b2.com\/fi\/wp-json\/wp\/v2\/pages\/6219","targetHints":{"allow":["GET"]}}],"collection":[{"href":"https:\/\/usa-b2.com\/fi\/wp-json\/wp\/v2\/pages"}],"about":[{"href":"https:\/\/usa-b2.com\/fi\/wp-json\/wp\/v2\/types\/page"}],"author":[{"embeddable":true,"href":"https:\/\/usa-b2.com\/fi\/wp-json\/wp\/v2\/users\/1"}],"replies":[{"embeddable":true,"href":"https:\/\/usa-b2.com\/fi\/wp-json\/wp\/v2\/comments?post=6219"}],"version-history":[{"count":0,"href":"https:\/\/usa-b2.com\/fi\/wp-json\/wp\/v2\/pages\/6219\/revisions"}],"wp:attachment":[{"href":"https:\/\/usa-b2.com\/fi\/wp-json\/wp\/v2\/media?parent=6219"}],"curies":[{"name":"wp","href":"https:\/\/api.w.org\/{rel}","templated":true}]}}