{"id":6202,"date":"2025-01-15T09:10:05","date_gmt":"2025-01-15T09:10:05","guid":{"rendered":"https:\/\/usa-b2.com\/suuret-puistot-lansi-yhdysvallat\/"},"modified":"2025-01-21T12:38:36","modified_gmt":"2025-01-21T12:38:36","slug":"suuret-puistot-lansi-yhdysvallat","status":"publish","type":"page","link":"https:\/\/usa-b2.com\/fi\/suuret-puistot-lansi-yhdysvallat\/","title":{"rendered":"Kiertoajelu Yhdysvaltojen suurissa l\u00e4ntisiss\u00e4 puistoissa"},"content":{"rendered":"\n<h1 class=\"wp-block-heading\">Miten j\u00e4rjest\u00e4t roadtripin l\u00e4nnen suuriin puistoihin?<\/h1>\n\n<p>Mighty Five,<a href=\"https:\/\/www.office-tourisme-usa.com\/etat\/utah\/\">Utahin<\/a> viisi ikonista kansallispuistoa, ilment\u00e4v\u00e4t Amerikan l\u00e4nnen karua kauneutta. Ne houkuttelevat vuosittain miljoonia k\u00e4vij\u00f6it\u00e4 etsim\u00e4\u00e4n henke\u00e4salpaavia n\u00e4kymi\u00e4 ja ikimuistoisia seikkailuja. T\u00e4m\u00e4 kattava opas auttaa sinua suunnittelemaan matkasi aina reittisuunnitelmista ja kuvauspaikoista majoitukseen ja aktiviteetteihin, jotka sopivat kaikille. Tutustu Mighty Fiven salaisuuksiin ja valmistaudu unohtumattomaan uppoutumiseen Utahin maisemien syd\u00e4meen.   <\/p>\n\n<figure class=\"wp-block-gallery has-nested-images columns-default is-cropped wp-block-gallery-1 is-layout-flex wp-block-gallery-is-layout-flex\">\n<figure class=\"wp-block-image size-large\"><img fetchpriority=\"high\" decoding=\"async\" width=\"789\" height=\"444\" data-id=\"6696\" src=\"https:\/\/usa-b2.com\/wp-content\/uploads\/2025\/01\/National-Parks-Road-Trip-Utah-edited-1.png\" alt=\"\" class=\"wp-image-6696\" srcset=\"https:\/\/usa-b2.com\/wp-content\/uploads\/2025\/01\/National-Parks-Road-Trip-Utah-edited-1.png 789w, https:\/\/usa-b2.com\/wp-content\/uploads\/2025\/01\/National-Parks-Road-Trip-Utah-edited-1-300x169.png 300w, https:\/\/usa-b2.com\/wp-content\/uploads\/2025\/01\/National-Parks-Road-Trip-Utah-edited-1-768x432.png 768w\" sizes=\"(max-width: 789px) 100vw, 789px\" \/><\/figure>\n<\/figure>\n\n<h2 class=\"wp-block-heading\">Tutustu Viiteen mahtavaan: kansallispuistot ja niiden ainutlaatuiset maisemat<\/h2>\n\n<h3 class=\"wp-block-heading\">Kansallispuistot, joita ei kannata j\u00e4tt\u00e4\u00e4 v\u00e4liin<\/h3>\n\n<h4 class=\"wp-block-heading\">Zionin kansallispuisto: majesteettiset kalliot ja ikoniset polut.<\/h4>\n\n<p><a href=\"https:\/\/www.nps.gov\/zion\/index.htm\">Zion<\/a> on tunnettu mahtavista punaisista kallioistaan ja upeista patikkaretkist\u00e4, kuten Angel&#8217;s Landingista, joka on panoraaman\u00e4kymi\u00e4 tarjoava huikea polku. Veden yst\u00e4v\u00e4t eiv\u00e4t halua j\u00e4tt\u00e4\u00e4 v\u00e4liin The Narrowsia, jossa kapeiden rotkojen ymp\u00e4r\u00f6im\u00e4ss\u00e4 joessa k\u00e4vely on unohtumaton kokemus. <\/p>\n\n<h4 class=\"wp-block-heading\">Bryce Canyon: luonnollinen hoodoosien amfiteatteri<\/h4>\n\n<p><a href=\"https:\/\/www.nps.gov\/brca\/index.htm\">Bryce Canyon<\/a> on tunnettu ainutlaatuisista kalliomuodostelmistaan, joita kutsutaan hoodoiksi. Sunrise Pointin ja Inspiration Pointin kaltaiset n\u00e4k\u00f6alapaikat tarjoavat henke\u00e4salpaavia panoraamakuvia erityisesti aamu- tai iltah\u00e4m\u00e4r\u00e4ss\u00e4. <\/p>\n\n<h4 class=\"wp-block-heading\">Arches ja Canyonlands: Utahin geologiset ihmeet<\/h4>\n\n<p>Archesissa on yli 2000 luonnollista kaarta, mukaan lukien kuuluisa Delicate Arch. Muutaman kilometrin p\u00e4\u00e4ss\u00e4 sijaitsevassa Canyonlandsissa on loputtomia kanjoneita ja Mesa Arch, joka on ehdoton n\u00e4ht\u00e4vyys auringonnousun aikaan. <\/p>\n\n<h3 class=\"wp-block-heading\">Maisemat ja tunnukselliset pys\u00e4hdykset<\/h3>\n\n<h4 class=\"wp-block-heading\">Luonnon paikkoja tutkittavaksi<\/h4>\n\n<p>Jokaisessa puistossa on omat ainutlaatuiset aarteensa. Capitol Reefiss\u00e4 Waterpocket Fold on kiehtova geologinen muodostuma, kun taas Fruitan historiallinen alue tutustuttaa k\u00e4vij\u00e4t alueen historiaan. Bryce Canyon on kuuluisa oudon muotoisista hoodoistaan, kuten Thor&#8217;s Hammerista.  <\/p>\n\n<h4 class=\"wp-block-heading\">Parhaat maisemareitit<\/h4>\n\n<p>Brycen ja Capitol Reefin v\u00e4liset reitit, kuten Scenic Byway 12, tarjoavat henke\u00e4salpaavia n\u00e4kymi\u00e4 vuorille ja aavikoille. K\u00e4yt\u00e4 aikaa pys\u00e4hty\u00e4 n\u00e4k\u00f6alapaikoilla ja ihailla maisemia. <\/p>\n\n<h2 class=\"wp-block-heading\">Miss\u00e4 y\u00f6py\u00e4: Majoitus ja strategiset kaupungit<\/h2>\n\n<h3 class=\"wp-block-heading\">Pakolliset pys\u00e4hdyspaikkakunnat<\/h3>\n\n<h4 class=\"wp-block-heading\">Springdale: Siionin portilla<\/h4>\n\n<p><a href=\"https:\/\/www.springdaletown.com\/\">Springdale<\/a> on ihanteellinen l\u00e4ht\u00f6kohta Zionin tutkimiseen. Se tarjoaa laajan valikoiman majoitusvaihtoehtoja viihtyisist\u00e4 majataloista luksushotelleihin ja ravintoloita jokaiseen makuun. Sen strategisen sijainnin ansiosta puistoon p\u00e4\u00e4see helposti k\u00e4tevill\u00e4 bussikuljetuksilla.  <\/p>\n\n<h4 class=\"wp-block-heading\">Moab: kahden puiston risteyksess\u00e4<\/h4>\n\n<p><a href=\"https:\/\/www.discovermoab.com\/\">Moab<\/a> on el\u00e4v\u00e4inen ja viihtyis\u00e4 kaupunki, joka sopii erinomaisesti Archesin ja Canyonlandsin tutkimiseen. Majoitusvaihtoehtoihin kuuluu hyvin varustettuja leirint\u00e4alueita, perheyst\u00e4v\u00e4llisi\u00e4 hotelleja ja yksinel\u00e4jille sopivia hostelleja. <\/p>\n\n<h3 class=\"wp-block-heading\">Majoitus puistoissa: uppoutuminen taattu<\/h3>\n\n<h4 class=\"wp-block-heading\">Lodges ainutlaatuista kokemusta varten<\/h4>\n\n<p>Useissa puistoissa, kuten Zionissa ja Brycessa, on majataloja, joista on suora n\u00e4k\u00f6ala luonnonmaisemiin. T\u00e4llaisen majoituksen varaaminen etuk\u00e4teen on v\u00e4ltt\u00e4m\u00e4t\u00f6nt\u00e4, jotta voit taata oleskelun luonnon keskell\u00e4. <\/p>\n\n<h4 class=\"wp-block-heading\">Telttailu: nukkuminen t\u00e4htien alla<\/h4>\n\n<p>Telttailu on suosittu vaihtoehto seikkailijoiden keskuudessa. Kaikissa puistoissa on valmiita leirint\u00e4alueita, jotka tarjoavat v\u00e4ltt\u00e4m\u00e4tt\u00f6m\u00e4t mukavuudet ja sijaitsevat l\u00e4hell\u00e4 vaellusreittej\u00e4. Bryce Canyon on erityisen suosittu poikkeuksellisen y\u00f6taivaansa vuoksi.  <\/p>\n\n<h2 class=\"wp-block-heading\">Suositeltava reitti: Tutustu Mighty Five -alueeseen 7 p\u00e4iv\u00e4ss\u00e4.<\/h2>\n\n<figure class=\"wp-block-table\"><table class=\"has-fixed-layout\"><tbody><tr><td><strong>P\u00e4iv\u00e4<\/strong><\/td><td><strong>Park<\/strong><\/td><td><strong>T\u00e4rkeimm\u00e4t toiminnot<\/strong><\/td><td><strong>Ehdotettu majoitus<\/strong><\/td><\/tr><tr><td>1<\/td><td>Zion<\/td><td>Angel&#8217;s Landing, The Narrows<\/td><td>Springdale<\/td><\/tr><tr><td>2<\/td><td>Bryce Canyon<\/td><td>Sunrise Point, Fairyland Loop<\/td><td>Tropic<\/td><\/tr><tr><td>3<\/td><td>Capitol Reef<\/td><td>Fruita Overlook, Hickmanin silta<\/td><td>Torrey<\/td><\/tr><tr><td>4-5<\/td><td>Arches<\/td><td>Herkk\u00e4 kaari, Devils Garden<\/td><td>Moab<\/td><\/tr><tr><td>6-7<\/td><td>Canyonlands<\/td><td>Saari taivaalla, Mesa Arch<\/td><td>Moab<\/td><\/tr><\/tbody><\/table><\/figure>\n\n<p><br\/>T\u00e4ll\u00e4 matkasuunnitelmalla maksimoidaan jokaisessa puistossa vietetty aika ja mahdollistetaan samalla mukava matkustaminen kohteiden v\u00e4lill\u00e4.<\/p>\n\n<h2 class=\"wp-block-heading\">Instagrammattavat valokuvapaikat<\/h2>\n\n<h3 class=\"wp-block-heading\">T\u00e4ydelliset maisemat laukauksia varten<\/h3>\n\n<h4 class=\"wp-block-heading\">Mesa Arch: upea auringonnousu<\/h4>\n\n<p>Canyonlandsissa Mesa Arch on valokuvaajien suosikki. Aamun valo valaisee kaaren ja luo maagisen maiseman, joka on vierailun arvoinen. <\/p>\n\n<h4 class=\"wp-block-heading\">Delicate Arch: Utahin ikoni<\/h4>\n\n<p>T\u00e4m\u00e4 Archesin kansallispuiston helmi houkuttelee k\u00e4vij\u00f6it\u00e4 etsim\u00e4\u00e4n ikimuistoisia valokuvia. Kolmen mailin vaellus vie sinut t\u00e4h\u00e4n ikoniseen paikkaan, joka on erityisen kaunis auringonlaskun aikaan. <\/p>\n\n<h4 class=\"wp-block-heading\">Bryce-amfiteatteri: luonnollinen ulkoilmamaalaus<\/h4>\n\n<p>Bryce Amphitheater tarjoaa henke\u00e4salpaavia panoraamakuvia. Hoodoosien vaihtuvat v\u00e4rit aamu- tai iltah\u00e4m\u00e4r\u00e4ss\u00e4 ovat ihanteellisia Instagramm-kuvia varten. <\/p>\n\n<h2 class=\"wp-block-heading\">Aktiviteetit matkatyypin mukaan<\/h2>\n\n<h3 class=\"wp-block-heading\">Pariskunnille: romanttisia hetki\u00e4<\/h3>\n\n<h4 class=\"wp-block-heading\">Auringonlaskuk\u00e4velyt ja piknikit<\/h4>\n\n<p>Bryce Canyonin Sunset Pointin kaltaiset reitit tarjoavat idylliset puitteet pariskunnille. Suunnittele piknikretki, jolta avautuu n\u00e4kym\u00e4 hoodooseen, ja viet\u00e4 hetki yhdess\u00e4oloa. <\/p>\n\n<h4 class=\"wp-block-heading\">T\u00e4htien katselu<\/h4>\n\n<p>Bryce Canyon on kuuluisa t\u00e4htitaivaastaan. Osallistumalla yhdess\u00e4 t\u00e4htitieteelliseen havainnointi-iltaan luodaan unohtumattomia muistoja. <\/p>\n\n<h3 class=\"wp-block-heading\">Perheen kanssa: lapsiyst\u00e4v\u00e4llisi\u00e4 seikkailuja<\/h3>\n\n<h4 class=\"wp-block-heading\">Koulutustoiminta: Junior Ranger -ohjelma<\/h4>\n\n<p>Kaikissa puistoissa on lastenohjelmia, joissa yhdistyv\u00e4t oppiminen ja hauskanpito. Pienet seikkailijat voivat ansaita merkkej\u00e4 suoritettuaan teht\u00e4vi\u00e4. <\/p>\n\n<h4 class=\"wp-block-heading\">Helppoja, helppokulkuisia k\u00e4velyretki\u00e4<\/h4>\n\n<p>Zionin Riverside Walk -reitti tai Archesin Sand Dune Arch Trail -reitti sopivat erinomaisesti perheille, sill\u00e4 ne tarjoavat upeita n\u00e4kymi\u00e4 ilman liikaa fyysist\u00e4 ponnistelua.<\/p>\n\n<p><br\/>Matka Mighty Five -alueelle on vertaansa vailla oleva kokemus, jossa yhdistyv\u00e4t seikkailu, l\u00f6yt\u00f6retki ja rentoutuminen. Olitpa sitten pariskunta tai perhe, n\u00e4ist\u00e4 kansallispuistoista saat muistoja koko el\u00e4m\u00e4ksesi. Suunnittele matkasuunnitelma, varaa majoitus ja uppoa Utahin raakaan kauneuteen.  <\/p>\n\n<p><\/p>\n","protected":false},"excerpt":{"rendered":"<p>Miten j\u00e4rjest\u00e4t roadtripin l\u00e4nnen suuriin puistoihin? Mighty Five,Utahin viisi ikonista kansallispuistoa, ilment\u00e4v\u00e4t Amerikan l\u00e4nnen karua kauneutta. Ne houkuttelevat vuosittain miljoonia k\u00e4vij\u00f6it\u00e4 etsim\u00e4\u00e4n henke\u00e4salpaavia n\u00e4kymi\u00e4 ja ikimuistoisia seikkailuja. T\u00e4m\u00e4 kattava opas auttaa sinua suunnittelemaan matkasi aina reittisuunnitelmista ja kuvauspaikoista majoitukseen ja aktiviteetteihin, jotka sopivat kaikille. Tutustu Mighty Fiven salaisuuksiin ja valmistaudu unohtumattomaan uppoutumiseen Utahin maisemien syd\u00e4meen. [&hellip;]<\/p>\n","protected":false},"author":1,"featured_media":0,"parent":0,"menu_order":0,"comment_status":"closed","ping_status":"closed","template":"","meta":{"footnotes":""},"class_list":["post-6202","page","type-page","status-publish","hentry"],"yoast_head":"<!-- This site is optimized with the Yoast SEO plugin v27.4 - https:\/\/yoast.com\/product\/yoast-seo-wordpress\/ -->\n<title>Kiertoajelu Yhdysvaltojen suurissa l\u00e4ntisiss\u00e4 puistoissa - USA B2<\/title>\n<meta name=\"description\" content=\"Lue, miten voit suunnitella matkasi Utahin Mighty Five -alueelle. Reittisuunnitelmat, majoitus, aktiviteetit ja valokuvausmahdollisuudet.\" \/>\n<meta name=\"robots\" content=\"index, follow, max-snippet:-1, max-image-preview:large, max-video-preview:-1\" \/>\n<link rel=\"canonical\" href=\"https:\/\/usa-b2.com\/fi\/suuret-puistot-lansi-yhdysvallat\/\" \/>\n<meta property=\"og:locale\" content=\"fi_FI\" \/>\n<meta property=\"og:type\" content=\"article\" \/>\n<meta property=\"og:title\" content=\"Kiertoajelu Yhdysvaltojen suurissa l\u00e4ntisiss\u00e4 puistoissa - USA B2\" \/>\n<meta property=\"og:description\" content=\"Lue, miten voit suunnitella matkasi Utahin Mighty Five -alueelle. Reittisuunnitelmat, majoitus, aktiviteetit ja valokuvausmahdollisuudet.\" \/>\n<meta property=\"og:url\" content=\"https:\/\/usa-b2.com\/fi\/suuret-puistot-lansi-yhdysvallat\/\" \/>\n<meta property=\"og:site_name\" content=\"USA B2\" \/>\n<meta property=\"article:modified_time\" content=\"2025-01-21T12:38:36+00:00\" \/>\n<meta property=\"og:image\" content=\"https:\/\/usa-b2.com\/wp-content\/uploads\/2025\/01\/National-Parks-Road-Trip-Utah-edited-1.png\" \/>\n\t<meta property=\"og:image:width\" content=\"789\" \/>\n\t<meta property=\"og:image:height\" content=\"444\" \/>\n\t<meta property=\"og:image:type\" content=\"image\/png\" \/>\n<meta name=\"twitter:card\" content=\"summary_large_image\" \/>\n<meta name=\"twitter:label1\" content=\"Arvioitu lukuaika\" \/>\n\t<meta name=\"twitter:data1\" content=\"4 minuuttia\" \/>\n<script type=\"application\/ld+json\" class=\"yoast-schema-graph\">{\"@context\":\"https:\\\/\\\/schema.org\",\"@graph\":[{\"@type\":\"WebPage\",\"@id\":\"https:\\\/\\\/usa-b2.com\\\/fi\\\/suuret-puistot-lansi-yhdysvallat\\\/\",\"url\":\"https:\\\/\\\/usa-b2.com\\\/fi\\\/suuret-puistot-lansi-yhdysvallat\\\/\",\"name\":\"Kiertoajelu Yhdysvaltojen suurissa l\u00e4ntisiss\u00e4 puistoissa - USA B2\",\"isPartOf\":{\"@id\":\"https:\\\/\\\/usa-b2.com\\\/fi\\\/#website\"},\"primaryImageOfPage\":{\"@id\":\"https:\\\/\\\/usa-b2.com\\\/fi\\\/suuret-puistot-lansi-yhdysvallat\\\/#primaryimage\"},\"image\":{\"@id\":\"https:\\\/\\\/usa-b2.com\\\/fi\\\/suuret-puistot-lansi-yhdysvallat\\\/#primaryimage\"},\"thumbnailUrl\":\"https:\\\/\\\/usa-b2.com\\\/wp-content\\\/uploads\\\/2025\\\/01\\\/National-Parks-Road-Trip-Utah-edited-1.png\",\"datePublished\":\"2025-01-15T09:10:05+00:00\",\"dateModified\":\"2025-01-21T12:38:36+00:00\",\"description\":\"Lue, miten voit suunnitella matkasi Utahin Mighty Five -alueelle. Reittisuunnitelmat, majoitus, aktiviteetit ja valokuvausmahdollisuudet.\",\"breadcrumb\":{\"@id\":\"https:\\\/\\\/usa-b2.com\\\/fi\\\/suuret-puistot-lansi-yhdysvallat\\\/#breadcrumb\"},\"inLanguage\":\"fi\",\"potentialAction\":[{\"@type\":\"ReadAction\",\"target\":[\"https:\\\/\\\/usa-b2.com\\\/fi\\\/suuret-puistot-lansi-yhdysvallat\\\/\"]}]},{\"@type\":\"ImageObject\",\"inLanguage\":\"fi\",\"@id\":\"https:\\\/\\\/usa-b2.com\\\/fi\\\/suuret-puistot-lansi-yhdysvallat\\\/#primaryimage\",\"url\":\"https:\\\/\\\/usa-b2.com\\\/wp-content\\\/uploads\\\/2025\\\/01\\\/National-Parks-Road-Trip-Utah-edited-1.png\",\"contentUrl\":\"https:\\\/\\\/usa-b2.com\\\/wp-content\\\/uploads\\\/2025\\\/01\\\/National-Parks-Road-Trip-Utah-edited-1.png\"},{\"@type\":\"BreadcrumbList\",\"@id\":\"https:\\\/\\\/usa-b2.com\\\/fi\\\/suuret-puistot-lansi-yhdysvallat\\\/#breadcrumb\",\"itemListElement\":[{\"@type\":\"ListItem\",\"position\":1,\"name\":\"Accueil\",\"item\":\"https:\\\/\\\/usa-b2.com\\\/fi\\\/usa\\\/\"},{\"@type\":\"ListItem\",\"position\":2,\"name\":\"Kiertoajelu Yhdysvaltojen suurissa l\u00e4ntisiss\u00e4 puistoissa\"}]},{\"@type\":\"WebSite\",\"@id\":\"https:\\\/\\\/usa-b2.com\\\/fi\\\/#website\",\"url\":\"https:\\\/\\\/usa-b2.com\\\/fi\\\/\",\"name\":\"USA B2 VISA\",\"description\":\"\",\"potentialAction\":[{\"@type\":\"SearchAction\",\"target\":{\"@type\":\"EntryPoint\",\"urlTemplate\":\"https:\\\/\\\/usa-b2.com\\\/fi\\\/?s={search_term_string}\"},\"query-input\":{\"@type\":\"PropertyValueSpecification\",\"valueRequired\":true,\"valueName\":\"search_term_string\"}}],\"inLanguage\":\"fi\"}]}<\/script>\n<!-- \/ Yoast SEO plugin. -->","yoast_head_json":{"title":"Kiertoajelu Yhdysvaltojen suurissa l\u00e4ntisiss\u00e4 puistoissa - USA B2","description":"Lue, miten voit suunnitella matkasi Utahin Mighty Five -alueelle. Reittisuunnitelmat, majoitus, aktiviteetit ja valokuvausmahdollisuudet.","robots":{"index":"index","follow":"follow","max-snippet":"max-snippet:-1","max-image-preview":"max-image-preview:large","max-video-preview":"max-video-preview:-1"},"canonical":"https:\/\/usa-b2.com\/fi\/suuret-puistot-lansi-yhdysvallat\/","og_locale":"fi_FI","og_type":"article","og_title":"Kiertoajelu Yhdysvaltojen suurissa l\u00e4ntisiss\u00e4 puistoissa - USA B2","og_description":"Lue, miten voit suunnitella matkasi Utahin Mighty Five -alueelle. Reittisuunnitelmat, majoitus, aktiviteetit ja valokuvausmahdollisuudet.","og_url":"https:\/\/usa-b2.com\/fi\/suuret-puistot-lansi-yhdysvallat\/","og_site_name":"USA B2","article_modified_time":"2025-01-21T12:38:36+00:00","og_image":[{"width":789,"height":444,"url":"https:\/\/usa-b2.com\/wp-content\/uploads\/2025\/01\/National-Parks-Road-Trip-Utah-edited-1.png","type":"image\/png"}],"twitter_card":"summary_large_image","twitter_misc":{"Arvioitu lukuaika":"4 minuuttia"},"schema":{"@context":"https:\/\/schema.org","@graph":[{"@type":"WebPage","@id":"https:\/\/usa-b2.com\/fi\/suuret-puistot-lansi-yhdysvallat\/","url":"https:\/\/usa-b2.com\/fi\/suuret-puistot-lansi-yhdysvallat\/","name":"Kiertoajelu Yhdysvaltojen suurissa l\u00e4ntisiss\u00e4 puistoissa - USA B2","isPartOf":{"@id":"https:\/\/usa-b2.com\/fi\/#website"},"primaryImageOfPage":{"@id":"https:\/\/usa-b2.com\/fi\/suuret-puistot-lansi-yhdysvallat\/#primaryimage"},"image":{"@id":"https:\/\/usa-b2.com\/fi\/suuret-puistot-lansi-yhdysvallat\/#primaryimage"},"thumbnailUrl":"https:\/\/usa-b2.com\/wp-content\/uploads\/2025\/01\/National-Parks-Road-Trip-Utah-edited-1.png","datePublished":"2025-01-15T09:10:05+00:00","dateModified":"2025-01-21T12:38:36+00:00","description":"Lue, miten voit suunnitella matkasi Utahin Mighty Five -alueelle. Reittisuunnitelmat, majoitus, aktiviteetit ja valokuvausmahdollisuudet.","breadcrumb":{"@id":"https:\/\/usa-b2.com\/fi\/suuret-puistot-lansi-yhdysvallat\/#breadcrumb"},"inLanguage":"fi","potentialAction":[{"@type":"ReadAction","target":["https:\/\/usa-b2.com\/fi\/suuret-puistot-lansi-yhdysvallat\/"]}]},{"@type":"ImageObject","inLanguage":"fi","@id":"https:\/\/usa-b2.com\/fi\/suuret-puistot-lansi-yhdysvallat\/#primaryimage","url":"https:\/\/usa-b2.com\/wp-content\/uploads\/2025\/01\/National-Parks-Road-Trip-Utah-edited-1.png","contentUrl":"https:\/\/usa-b2.com\/wp-content\/uploads\/2025\/01\/National-Parks-Road-Trip-Utah-edited-1.png"},{"@type":"BreadcrumbList","@id":"https:\/\/usa-b2.com\/fi\/suuret-puistot-lansi-yhdysvallat\/#breadcrumb","itemListElement":[{"@type":"ListItem","position":1,"name":"Accueil","item":"https:\/\/usa-b2.com\/fi\/usa\/"},{"@type":"ListItem","position":2,"name":"Kiertoajelu Yhdysvaltojen suurissa l\u00e4ntisiss\u00e4 puistoissa"}]},{"@type":"WebSite","@id":"https:\/\/usa-b2.com\/fi\/#website","url":"https:\/\/usa-b2.com\/fi\/","name":"USA B2 VISA","description":"","potentialAction":[{"@type":"SearchAction","target":{"@type":"EntryPoint","urlTemplate":"https:\/\/usa-b2.com\/fi\/?s={search_term_string}"},"query-input":{"@type":"PropertyValueSpecification","valueRequired":true,"valueName":"search_term_string"}}],"inLanguage":"fi"}]}},"_links":{"self":[{"href":"https:\/\/usa-b2.com\/fi\/wp-json\/wp\/v2\/pages\/6202","targetHints":{"allow":["GET"]}}],"collection":[{"href":"https:\/\/usa-b2.com\/fi\/wp-json\/wp\/v2\/pages"}],"about":[{"href":"https:\/\/usa-b2.com\/fi\/wp-json\/wp\/v2\/types\/page"}],"author":[{"embeddable":true,"href":"https:\/\/usa-b2.com\/fi\/wp-json\/wp\/v2\/users\/1"}],"replies":[{"embeddable":true,"href":"https:\/\/usa-b2.com\/fi\/wp-json\/wp\/v2\/comments?post=6202"}],"version-history":[{"count":0,"href":"https:\/\/usa-b2.com\/fi\/wp-json\/wp\/v2\/pages\/6202\/revisions"}],"wp:attachment":[{"href":"https:\/\/usa-b2.com\/fi\/wp-json\/wp\/v2\/media?parent=6202"}],"curies":[{"name":"wp","href":"https:\/\/api.w.org\/{rel}","templated":true}]}}