{"id":6160,"date":"2025-01-15T09:17:49","date_gmt":"2025-01-15T09:17:49","guid":{"rendered":"https:\/\/usa-b2.com\/yosemite-sierra-nevada-united-states\/"},"modified":"2025-12-28T14:59:32","modified_gmt":"2025-12-28T14:59:32","slug":"yosemite-sierra-nevada-united-states","status":"publish","type":"page","link":"https:\/\/usa-b2.com\/fi\/yosemite-sierra-nevada-united-states\/","title":{"rendered":"Tutustu Yosemiten puistoon Sierra Nevadan keskell\u00e4 Yhdysvalloissa."},"content":{"rendered":"\n<h1 class=\"wp-block-heading\">Miten j\u00e4rjest\u00e4t roadtripin Sierra Nevadan Yosemite Parkin l\u00e4pi?<\/h1>\n\n<p><a href=\"https:\/\/www.yosemite.com\/\">Yosemite<\/a> ja <a href=\"https:\/\/sierranevadageotourism.org\/\">Sierra Nevada<\/a>, Kalifornian luonnonjalokivet, houkuttelevat vuosittain miljoonia k\u00e4vij\u00f6it\u00e4. Yosemiten kansallispuisto on luonnonyst\u00e4vien ehdoton vierailukohde ikonisine maisemineen, majesteettisine vesiputouksineen ja kohoavine vuorineen. Sierra Nevadan alueelta l\u00f6ytyy aarteita, kuten <a href=\"https:\/\/visitlaketahoe.com\/fr\/\">Tahoe-j\u00e4rvi<\/a>, j\u00e4ttil\u00e4ism\u00e4isi\u00e4 mammuttipuita ja vieh\u00e4tt\u00e4vi\u00e4 kaupunkeja. T\u00e4st\u00e4 oppaasta l\u00f6yd\u00e4t kaiken, mit\u00e4 sinun tarvitsee tiet\u00e4\u00e4 matkan suunnittelua varten: matkareitit, majoituspaikat, valokuvauskohteet ja aktiviteetit, jotka sopivat kaikenlaisille matkailijoille.<\/p>\n\n<figure class=\"wp-block-image size-full\"><img fetchpriority=\"high\" decoding=\"async\" width=\"719\" height=\"404\" src=\"https:\/\/usa-b2.com\/wp-content\/uploads\/2025\/01\/Sierra-Nevada-National-Park-California-USA-edited-1.png\" alt=\"\" class=\"wp-image-6678\" srcset=\"https:\/\/usa-b2.com\/wp-content\/uploads\/2025\/01\/Sierra-Nevada-National-Park-California-USA-edited-1.png 719w, https:\/\/usa-b2.com\/wp-content\/uploads\/2025\/01\/Sierra-Nevada-National-Park-California-USA-edited-1-300x169.png 300w\" sizes=\"(max-width: 719px) 100vw, 719px\" \/><\/figure>\n\n<h2 class=\"wp-block-heading\">Tutustu Yosemiteen ja Sierra Nevadaan: ikoniset kohteet ja upeat maisemat<\/h2>\n\n<h3 class=\"wp-block-heading\">Yosemiten kansallispuiston pakolliset n\u00e4ht\u00e4vyydet<\/h3>\n\n<h4 class=\"wp-block-heading\">Tunnusomaiset kohteet: Half Dome, El Capitan ja vesiputoukset.<\/h4>\n\n<p>Yosemite on kuuluisa vaikuttavista kalliomuodostelmistaan, kuten <strong>Half Dome<\/strong> ja <strong>El Capitan<\/strong>, joka on suosittu kiipeilykohde. <strong>Yosemiten putoukset<\/strong>, yksi Pohjois-Amerikan korkeimmista vesiputouksista, on upea n\u00e4ky etenkin kev\u00e4\u00e4ll\u00e4.<\/p>\n\n<h4 class=\"wp-block-heading\">Mariposa Groven j\u00e4ttim\u00e4iset punapuut<\/h4>\n\n<p>Puiston etel\u00e4puolella, <strong>Mariposa Grove<\/strong> -puistossa kasvaa yli 500 j\u00e4ttil\u00e4ism\u00e4ist\u00e4 mammuttipuuta, mukaan lukien kuuluisa Mariposa Grove. <strong><strong>Grizzly Giant<\/strong><\/strong>. K\u00e4vely n\u00e4iden tuhatvuotiaiden puiden l\u00e4pi on unohtumaton kokemus.<\/p>\n\n<h4 class=\"wp-block-heading\">Yosemiten laakso: retkeilij\u00e4n paratiisi<\/h4>\n\n<p>Laakso on puiston syd\u00e4n, ja siell\u00e4 on helppokulkuisia polkuja, kuten <strong>Mist Trail<\/strong>, joka johtaa upeille Vernalin ja Nevadan putouksille.<\/p>\n\n<h3 class=\"wp-block-heading\">Sierra Nevada: k\u00e4tketyt aarteet ja vaihtelevat maisemat<\/h3>\n\n<h4 class=\"wp-block-heading\">Tahoe-j\u00e4rvi: kristallinkirkkaat vedet ja vuoret<\/h4>\n\n<p>Kalifornian ja Nevadan v\u00e4liss\u00e4 sijaitseva <strong>Tahoe-j\u00e4rvi<\/strong> on tunnettu turkoosista vedest\u00e4\u00e4n. Kes\u00e4ll\u00e4 voit meloa tai patikoida, kun taas talvella hiihto on kuningas.<\/p>\n\n<h4 class=\"wp-block-heading\">Mammoth Lakes: seikkailun yst\u00e4v\u00e4n paratiisi<\/h4>\n\n<p>T\u00e4m\u00e4 alue on ihanteellinen ulkoilma-aktiviteetteihin, sill\u00e4 t\u00e4\u00e4ll\u00e4 on vieh\u00e4tt\u00e4vi\u00e4 j\u00e4rvi\u00e4, luonnollisia kuumia l\u00e4hteit\u00e4 ja maailmankuuluja laskettelurinteit\u00e4.<\/p>\n\n<h4 class=\"wp-block-heading\">Tioga road: panoraamak\u00e4yt\u00e4v\u00e4<\/h4>\n\n<p>Tioga Road ylitt\u00e4\u00e4 vuoret ja tarjoaa upeat n\u00e4kym\u00e4t huipuille ja alppiniityille. Pys\u00e4hdy Tuolumne Meadowsissa, jossa voit viett\u00e4\u00e4 hiljaisen hetken poissa v\u00e4kijoukoista.<\/p>\n\n<h2 class=\"wp-block-heading\">Miss\u00e4 y\u00f6py\u00e4: Majoitus ja strategiset kaupungit<\/h2>\n\n<h3 class=\"wp-block-heading\">Pakolliset pys\u00e4hdyspaikkakunnat<\/h3>\n\n<h4 class=\"wp-block-heading\">Yosemite Village: puiston syd\u00e4mess\u00e4<\/h4>\n\n<p>Yosemite Villagessa majoittuminen tarkoittaa, ett\u00e4 olet vain muutaman minuutin p\u00e4\u00e4ss\u00e4 kaikista t\u00e4rkeimmist\u00e4 n\u00e4ht\u00e4vyyksist\u00e4. Vaihtoehtoina ovat esimerkiksi seuraavat hotellit <strong><a href=\"https:\/\/www.travelyosemite.com\/lodging\/yosemite-valley-lodge\/\">Yosemite Valley Lodge<\/a><\/strong> ja leirint\u00e4alueita seikkailunhaluisille.<\/p>\n\n<h4 class=\"wp-block-heading\">Oakhurst ja Mariposa: k\u00e4yt\u00e4nn\u00f6n vaihtoehdot<\/h4>\n\n<p>N\u00e4m\u00e4 kaksi kaupunkia puiston etel\u00e4isell\u00e4 sis\u00e4\u00e4nk\u00e4ynnill\u00e4 tarjoavat monenlaisia majoitusvaihtoehtoja edullisista motelleista ylellisiin m\u00f6kkeihin.<\/p>\n\n<h3 class=\"wp-block-heading\">Majoitus Sierra Nevadassa<\/h3>\n\n<h4 class=\"wp-block-heading\">Mammoth Lakesin majoitusten mukavuus.<\/h4>\n\n<p><a href=\"https:\/\/www.visitmammoth.com\/\">Mammoth Lakesin<\/a> majatalot ja hotellit sopivat erinomaisesti alueen tutkimiseen, olipa kyse sitten kes\u00e4vaelluksesta tai talviurheilusta.<\/p>\n\n<h4 class=\"wp-block-heading\">Leirint\u00e4alueet ja m\u00f6kit l\u00e4hell\u00e4 Tahoe-j\u00e4rve\u00e4<\/h4>\n\n<p>Jos haluat el\u00e4myksellisen kokemuksen, valitse leirint\u00e4alue tai m\u00f6kki l\u00e4hell\u00e4 Tahoe-j\u00e4rve\u00e4. N\u00e4iss\u00e4 majoituspaikoissa voit ottaa kaiken irti vesiurheilusta ja ymp\u00e4r\u00f6iv\u00e4st\u00e4 maaseudusta.<\/p>\n\n<h2 class=\"wp-block-heading\">Suositeltava reitti : Tutustu Yosemiteen ja Sierra Nevadaan 7 p\u00e4iv\u00e4ss\u00e4.<\/h2>\n\n<figure class=\"wp-block-table\"><table class=\"has-fixed-layout\"><tbody><tr><td class=\"has-text-align-center\" data-align=\"center\"><strong>P\u00e4iv\u00e4<\/strong><\/td><td class=\"has-text-align-center\" data-align=\"center\"><strong>Kohde<\/strong><\/td><td class=\"has-text-align-center\" data-align=\"center\"><strong>T\u00e4rkeimm\u00e4t toiminnot<\/strong><\/td><td class=\"has-text-align-center\" data-align=\"center\"><strong>Ehdotettu majoitus<\/strong><\/td><\/tr><tr><td class=\"has-text-align-center\" data-align=\"center\">1<\/td><td class=\"has-text-align-center\" data-align=\"center\">Yosemiten laakso<\/td><td class=\"has-text-align-center\" data-align=\"center\">Yosemiten putoukset, Half Dome<\/td><td class=\"has-text-align-center\" data-align=\"center\">Yosemiten kyl\u00e4<\/td><\/tr><tr><td class=\"has-text-align-center\" data-align=\"center\">2<\/td><td class=\"has-text-align-center\" data-align=\"center\">Glacier Point<\/td><td class=\"has-text-align-center\" data-align=\"center\">Patikointi ja panoraaman\u00e4kym\u00e4t<\/td><td class=\"has-text-align-center\" data-align=\"center\">Yosemiten kyl\u00e4<\/td><\/tr><tr><td class=\"has-text-align-center\" data-align=\"center\">3<\/td><td class=\"has-text-align-center\" data-align=\"center\">Mariposa Grove<\/td><td class=\"has-text-align-center\" data-align=\"center\">J\u00e4ttil\u00e4ismets\u00e4puita, luontok\u00e4vely<\/td><td class=\"has-text-align-center\" data-align=\"center\">Oakhurst<\/td><\/tr><tr><td class=\"has-text-align-center\" data-align=\"center\">4<\/td><td class=\"has-text-align-center\" data-align=\"center\">Tioga Road<\/td><td class=\"has-text-align-center\" data-align=\"center\">Tuolumne Meadows, Olmsted Point<\/td><td class=\"has-text-align-center\" data-align=\"center\">Mammuttij\u00e4rvet<\/td><\/tr><tr><td class=\"has-text-align-center\" data-align=\"center\">5<\/td><td class=\"has-text-align-center\" data-align=\"center\">Mammuttij\u00e4rvet<\/td><td class=\"has-text-align-center\" data-align=\"center\">Kuumat l\u00e4hteet, Convict Lake -vaellusreitti<\/td><td class=\"has-text-align-center\" data-align=\"center\">Mammuttij\u00e4rvet<\/td><\/tr><tr><td class=\"has-text-align-center\" data-align=\"center\">6<\/td><td class=\"has-text-align-center\" data-align=\"center\">Tahoe-j\u00e4rvi<\/td><td class=\"has-text-align-center\" data-align=\"center\">Vesiurheilu, patikointi Eagle Falls<\/td><td class=\"has-text-align-center\" data-align=\"center\">South Lake Tahoe<\/td><\/tr><tr><td class=\"has-text-align-center\" data-align=\"center\">7<\/td><td class=\"has-text-align-center\" data-align=\"center\">Sierra Nevada<\/td><td class=\"has-text-align-center\" data-align=\"center\">Maisemalliset tiet, rentoutuminen Etel\u00e4j\u00e4rven rannalla<\/td><td class=\"has-text-align-center\" data-align=\"center\">Tahoe-j\u00e4rvi<\/td><\/tr><\/tbody><\/table><\/figure>\n\n<p>T\u00e4ll\u00e4 matkasuunnitelmalla voit tutustua pakollisiin n\u00e4ht\u00e4vyyksiin ja nauttia samalla alueen vaihtelevista maisemista.<\/p>\n\n<h2 class=\"wp-block-heading\">Hallinnolliset muodollisuudet<\/h2>\n\n<p>Jos haluat tutustua Yosemiteen ja Sierra Nevadaan, sinun on hoidettava matkamuodollisuudet etuk\u00e4teen:<\/p>\n\n<ul class=\"wp-block-list\">\n<li>Tarkista, ett\u00e4 <a href=\"https:\/\/usa-b2.com\/fi\/passi-yhdysvaltoihin-matkustamista-varten\/\">passisi on voimassa Yhdysvaltoihin matkustamista varten<\/a>.<\/li>\n\n\n\n<li>Varmista, ett\u00e4 olet oikeutettu <a href=\"https:\/\/usa-b2.com\/fi\/mika-on-esta\/\">ESTA-matkustuslupaan<\/a> <a href=\"https:\/\/usa-b2.com\/fi\/viisumivapausohjelma\/\">viisumivapausohjelman<\/a> puitteissa. Jos t\u00e4m\u00e4 ei ole mahdollista, sinun on haettava <a href=\"https:\/\/usa-b2.com\/fi\/b2-viisumi\/\">B2-turistiviisumia<\/a>. <\/li>\n<\/ul>\n\n<p>Siksi on suositeltavaa tehd\u00e4 j\u00e4rjestelyt etuk\u00e4teen, jotta v\u00e4ltyt\u00e4\u00e4n ongelmilta Yhdysvaltoihin saapumisen yhteydess\u00e4.<\/p>\n\n<h2 class=\"wp-block-heading\">Instagrammattavat valokuvapaikat<\/h2>\n\n<h3 class=\"wp-block-heading\">T\u00e4ydelliset maisemat laukauksia varten<\/h3>\n\n<h4 class=\"wp-block-heading\">Glacier Point: vertaansa vailla olevat n\u00e4kym\u00e4t Yosemiteen<\/h4>\n\n<p>Glacier Pointilta on upeat n\u00e4kym\u00e4t Half Domeen ja Yosemite Valleyyn. Se on erityisen valokuvauksellinen auringonlaskun aikaan.<\/p>\n\n<h4 class=\"wp-block-heading\">Emerald Bay: Tahoe-j\u00e4rven helmi<\/h4>\n\n<p>Tahoe-j\u00e4rven etel\u00e4rannalla sijaitseva <strong>Emerald Bay<\/strong> on idyllinen paikka ottaa kuvia turkoosista vedest\u00e4 ja Fannette Islandista.<\/p>\n\n<h4 class=\"wp-block-heading\">Mammoth Lakes: j\u00e4rvet ja vuoret<\/h4>\n\n<p>Paikkoja kuten <strong><a href=\"https:\/\/convictlake.com\/\">Convict Lake<\/a><\/strong> tai <strong><a href=\"https:\/\/www.fs.usda.gov\/recarea\/inyo\/recarea\/?recid=20414\">Hot Creek Geological Site<\/a><\/strong> ovat t\u00e4ydellisi\u00e4 n\u00e4ytt\u00e4vi\u00e4 luontokuvia varten, ja taustalla on vuoria.<\/p>\n\n<h2 class=\"wp-block-heading\">Aktiviteetit matkatyypin mukaan<\/h2>\n\n<h3 class=\"wp-block-heading\">Pariskunnille: romanttisia hetki\u00e4<\/h3>\n\n<h4 class=\"wp-block-heading\">Auringonnousun ja auringonlaskun k\u00e4velyretket<\/h4>\n\n<p>Tahoe-j\u00e4rven <strong>Sentinel Domen<\/strong> tai <strong>Eagle Falls Trailin<\/strong> kaltaiset reitit tarjoavat erityisi\u00e4 hetki\u00e4, jolloin voit ihailla maisemia pehme\u00e4ss\u00e4, romanttisessa valossa.<\/p>\n\n<h4 class=\"wp-block-heading\">Piknik j\u00e4rvien rannalla<\/h4>\n\n<p>Pakkaa mukaan piknik ja rentoudu<strong> Mirror Lake &#8211; <\/strong>j\u00e4rven rannalla Yosemitessa tai Tahoe-j\u00e4rven syrj\u00e4isell\u00e4 rannalla.<\/p>\n\n<h3 class=\"wp-block-heading\">Perheen kanssa: lapsiyst\u00e4v\u00e4llisi\u00e4 seikkailuja<\/h3>\n\n<h4 class=\"wp-block-heading\">Vuorovaikutteista toimintaa: Junior Ranger -ohjelma<\/h4>\n\n<p>Yosemite tarjoaa lapsille opetusohjelmaa. He oppivat kunnioittamaan luontoa ja pit\u00e4m\u00e4\u00e4n hauskaa, ja he saavat virallisen virkamerkin.<\/p>\n\n<h4 class=\"wp-block-heading\">Esteett\u00f6m\u00e4t tutkimukset<\/h4>\n\n<p><strong>Yosemite Valley Loop Trail<\/strong> sopii t\u00e4ydellisesti perheretkelle, samoin kuin Tahoe-j\u00e4rven perherannat, joilla voi uida ja leikki\u00e4 t\u00e4ysin turvallisesti.<\/p>\n\n<p>Yosemite ja Sierra Nevada yhdist\u00e4v\u00e4t henke\u00e4salpaavat luonnonmaisemat ja lukuisat aktiviteetit, jotka sopivat kaikenlaisille matkailijoille. Etsitp\u00e4 sitten seikkailua, rentoutumista tai perheen yhteist\u00e4 aikaa, t\u00e4m\u00e4 Kalifornian ikoninen alue j\u00e4tt\u00e4\u00e4 sinulle pysyvi\u00e4 muistoja. Suunnittele matkasi nyt ja tutustu n\u00e4ihin ihmeisiin!<\/p>\n","protected":false},"excerpt":{"rendered":"<p>Miten j\u00e4rjest\u00e4t roadtripin Sierra Nevadan Yosemite Parkin l\u00e4pi? Yosemite ja Sierra Nevada, Kalifornian luonnonjalokivet, houkuttelevat vuosittain miljoonia k\u00e4vij\u00f6it\u00e4. Yosemiten kansallispuisto on luonnonyst\u00e4vien ehdoton vierailukohde ikonisine maisemineen, majesteettisine vesiputouksineen ja kohoavine vuorineen. Sierra Nevadan alueelta l\u00f6ytyy aarteita, kuten Tahoe-j\u00e4rvi, j\u00e4ttil\u00e4ism\u00e4isi\u00e4 mammuttipuita ja vieh\u00e4tt\u00e4vi\u00e4 kaupunkeja. T\u00e4st\u00e4 oppaasta l\u00f6yd\u00e4t kaiken, mit\u00e4 sinun tarvitsee tiet\u00e4\u00e4 matkan suunnittelua varten: matkareitit, [&hellip;]<\/p>\n","protected":false},"author":1,"featured_media":0,"parent":0,"menu_order":0,"comment_status":"closed","ping_status":"closed","template":"","meta":{"footnotes":""},"class_list":["post-6160","page","type-page","status-publish","hentry"],"yoast_head":"<!-- This site is optimized with the Yoast SEO plugin v27.4 - https:\/\/yoast.com\/product\/yoast-seo-wordpress\/ -->\n<title>Tutustu Yosemiten puistoon Sierra Nevadan keskell\u00e4 Yhdysvalloissa. - USA B2<\/title>\n<meta name=\"description\" content=\"Tutustu Yosemiten ja Sierra Nevadan pakollisiin n\u00e4ht\u00e4vyyksiin: matkareitit, majoitus, valokuvausmahdollisuudet ja aktiviteetit.\" \/>\n<meta name=\"robots\" content=\"index, follow, max-snippet:-1, max-image-preview:large, max-video-preview:-1\" \/>\n<link rel=\"canonical\" href=\"https:\/\/usa-b2.com\/fi\/yosemite-sierra-nevada-united-states\/\" \/>\n<meta property=\"og:locale\" content=\"fi_FI\" \/>\n<meta property=\"og:type\" content=\"article\" \/>\n<meta property=\"og:title\" content=\"Tutustu Yosemiten puistoon Sierra Nevadan keskell\u00e4 Yhdysvalloissa. - USA B2\" \/>\n<meta property=\"og:description\" content=\"Tutustu Yosemiten ja Sierra Nevadan pakollisiin n\u00e4ht\u00e4vyyksiin: matkareitit, majoitus, valokuvausmahdollisuudet ja aktiviteetit.\" \/>\n<meta property=\"og:url\" content=\"https:\/\/usa-b2.com\/fi\/yosemite-sierra-nevada-united-states\/\" \/>\n<meta property=\"og:site_name\" content=\"USA B2\" \/>\n<meta property=\"article:modified_time\" content=\"2025-12-28T14:59:32+00:00\" \/>\n<meta property=\"og:image\" content=\"https:\/\/usa-b2.com\/wp-content\/uploads\/2025\/01\/Sierra-Nevada-National-Park-California-USA-edited-1.png\" \/>\n\t<meta property=\"og:image:width\" content=\"719\" \/>\n\t<meta property=\"og:image:height\" content=\"404\" \/>\n\t<meta property=\"og:image:type\" content=\"image\/png\" \/>\n<meta name=\"twitter:card\" content=\"summary_large_image\" \/>\n<meta name=\"twitter:label1\" content=\"Arvioitu lukuaika\" \/>\n\t<meta name=\"twitter:data1\" content=\"4 minuuttia\" \/>\n<script type=\"application\/ld+json\" class=\"yoast-schema-graph\">{\"@context\":\"https:\\\/\\\/schema.org\",\"@graph\":[{\"@type\":\"WebPage\",\"@id\":\"https:\\\/\\\/usa-b2.com\\\/fi\\\/yosemite-sierra-nevada-united-states\\\/\",\"url\":\"https:\\\/\\\/usa-b2.com\\\/fi\\\/yosemite-sierra-nevada-united-states\\\/\",\"name\":\"Tutustu Yosemiten puistoon Sierra Nevadan keskell\u00e4 Yhdysvalloissa. - USA B2\",\"isPartOf\":{\"@id\":\"https:\\\/\\\/usa-b2.com\\\/fi\\\/#website\"},\"primaryImageOfPage\":{\"@id\":\"https:\\\/\\\/usa-b2.com\\\/fi\\\/yosemite-sierra-nevada-united-states\\\/#primaryimage\"},\"image\":{\"@id\":\"https:\\\/\\\/usa-b2.com\\\/fi\\\/yosemite-sierra-nevada-united-states\\\/#primaryimage\"},\"thumbnailUrl\":\"https:\\\/\\\/usa-b2.com\\\/wp-content\\\/uploads\\\/2025\\\/01\\\/Sierra-Nevada-National-Park-California-USA-edited-1.png\",\"datePublished\":\"2025-01-15T09:17:49+00:00\",\"dateModified\":\"2025-12-28T14:59:32+00:00\",\"description\":\"Tutustu Yosemiten ja Sierra Nevadan pakollisiin n\u00e4ht\u00e4vyyksiin: matkareitit, majoitus, valokuvausmahdollisuudet ja aktiviteetit.\",\"breadcrumb\":{\"@id\":\"https:\\\/\\\/usa-b2.com\\\/fi\\\/yosemite-sierra-nevada-united-states\\\/#breadcrumb\"},\"inLanguage\":\"fi\",\"potentialAction\":[{\"@type\":\"ReadAction\",\"target\":[\"https:\\\/\\\/usa-b2.com\\\/fi\\\/yosemite-sierra-nevada-united-states\\\/\"]}]},{\"@type\":\"ImageObject\",\"inLanguage\":\"fi\",\"@id\":\"https:\\\/\\\/usa-b2.com\\\/fi\\\/yosemite-sierra-nevada-united-states\\\/#primaryimage\",\"url\":\"https:\\\/\\\/usa-b2.com\\\/wp-content\\\/uploads\\\/2025\\\/01\\\/Sierra-Nevada-National-Park-California-USA-edited-1.png\",\"contentUrl\":\"https:\\\/\\\/usa-b2.com\\\/wp-content\\\/uploads\\\/2025\\\/01\\\/Sierra-Nevada-National-Park-California-USA-edited-1.png\"},{\"@type\":\"BreadcrumbList\",\"@id\":\"https:\\\/\\\/usa-b2.com\\\/fi\\\/yosemite-sierra-nevada-united-states\\\/#breadcrumb\",\"itemListElement\":[{\"@type\":\"ListItem\",\"position\":1,\"name\":\"Accueil\",\"item\":\"https:\\\/\\\/usa-b2.com\\\/fi\\\/usa\\\/\"},{\"@type\":\"ListItem\",\"position\":2,\"name\":\"Tutustu Yosemiten puistoon Sierra Nevadan keskell\u00e4 Yhdysvalloissa.\"}]},{\"@type\":\"WebSite\",\"@id\":\"https:\\\/\\\/usa-b2.com\\\/fi\\\/#website\",\"url\":\"https:\\\/\\\/usa-b2.com\\\/fi\\\/\",\"name\":\"USA B2 VISA\",\"description\":\"\",\"potentialAction\":[{\"@type\":\"SearchAction\",\"target\":{\"@type\":\"EntryPoint\",\"urlTemplate\":\"https:\\\/\\\/usa-b2.com\\\/fi\\\/?s={search_term_string}\"},\"query-input\":{\"@type\":\"PropertyValueSpecification\",\"valueRequired\":true,\"valueName\":\"search_term_string\"}}],\"inLanguage\":\"fi\"}]}<\/script>\n<!-- \/ Yoast SEO plugin. -->","yoast_head_json":{"title":"Tutustu Yosemiten puistoon Sierra Nevadan keskell\u00e4 Yhdysvalloissa. - USA B2","description":"Tutustu Yosemiten ja Sierra Nevadan pakollisiin n\u00e4ht\u00e4vyyksiin: matkareitit, majoitus, valokuvausmahdollisuudet ja aktiviteetit.","robots":{"index":"index","follow":"follow","max-snippet":"max-snippet:-1","max-image-preview":"max-image-preview:large","max-video-preview":"max-video-preview:-1"},"canonical":"https:\/\/usa-b2.com\/fi\/yosemite-sierra-nevada-united-states\/","og_locale":"fi_FI","og_type":"article","og_title":"Tutustu Yosemiten puistoon Sierra Nevadan keskell\u00e4 Yhdysvalloissa. - USA B2","og_description":"Tutustu Yosemiten ja Sierra Nevadan pakollisiin n\u00e4ht\u00e4vyyksiin: matkareitit, majoitus, valokuvausmahdollisuudet ja aktiviteetit.","og_url":"https:\/\/usa-b2.com\/fi\/yosemite-sierra-nevada-united-states\/","og_site_name":"USA B2","article_modified_time":"2025-12-28T14:59:32+00:00","og_image":[{"width":719,"height":404,"url":"https:\/\/usa-b2.com\/wp-content\/uploads\/2025\/01\/Sierra-Nevada-National-Park-California-USA-edited-1.png","type":"image\/png"}],"twitter_card":"summary_large_image","twitter_misc":{"Arvioitu lukuaika":"4 minuuttia"},"schema":{"@context":"https:\/\/schema.org","@graph":[{"@type":"WebPage","@id":"https:\/\/usa-b2.com\/fi\/yosemite-sierra-nevada-united-states\/","url":"https:\/\/usa-b2.com\/fi\/yosemite-sierra-nevada-united-states\/","name":"Tutustu Yosemiten puistoon Sierra Nevadan keskell\u00e4 Yhdysvalloissa. - USA B2","isPartOf":{"@id":"https:\/\/usa-b2.com\/fi\/#website"},"primaryImageOfPage":{"@id":"https:\/\/usa-b2.com\/fi\/yosemite-sierra-nevada-united-states\/#primaryimage"},"image":{"@id":"https:\/\/usa-b2.com\/fi\/yosemite-sierra-nevada-united-states\/#primaryimage"},"thumbnailUrl":"https:\/\/usa-b2.com\/wp-content\/uploads\/2025\/01\/Sierra-Nevada-National-Park-California-USA-edited-1.png","datePublished":"2025-01-15T09:17:49+00:00","dateModified":"2025-12-28T14:59:32+00:00","description":"Tutustu Yosemiten ja Sierra Nevadan pakollisiin n\u00e4ht\u00e4vyyksiin: matkareitit, majoitus, valokuvausmahdollisuudet ja aktiviteetit.","breadcrumb":{"@id":"https:\/\/usa-b2.com\/fi\/yosemite-sierra-nevada-united-states\/#breadcrumb"},"inLanguage":"fi","potentialAction":[{"@type":"ReadAction","target":["https:\/\/usa-b2.com\/fi\/yosemite-sierra-nevada-united-states\/"]}]},{"@type":"ImageObject","inLanguage":"fi","@id":"https:\/\/usa-b2.com\/fi\/yosemite-sierra-nevada-united-states\/#primaryimage","url":"https:\/\/usa-b2.com\/wp-content\/uploads\/2025\/01\/Sierra-Nevada-National-Park-California-USA-edited-1.png","contentUrl":"https:\/\/usa-b2.com\/wp-content\/uploads\/2025\/01\/Sierra-Nevada-National-Park-California-USA-edited-1.png"},{"@type":"BreadcrumbList","@id":"https:\/\/usa-b2.com\/fi\/yosemite-sierra-nevada-united-states\/#breadcrumb","itemListElement":[{"@type":"ListItem","position":1,"name":"Accueil","item":"https:\/\/usa-b2.com\/fi\/usa\/"},{"@type":"ListItem","position":2,"name":"Tutustu Yosemiten puistoon Sierra Nevadan keskell\u00e4 Yhdysvalloissa."}]},{"@type":"WebSite","@id":"https:\/\/usa-b2.com\/fi\/#website","url":"https:\/\/usa-b2.com\/fi\/","name":"USA B2 VISA","description":"","potentialAction":[{"@type":"SearchAction","target":{"@type":"EntryPoint","urlTemplate":"https:\/\/usa-b2.com\/fi\/?s={search_term_string}"},"query-input":{"@type":"PropertyValueSpecification","valueRequired":true,"valueName":"search_term_string"}}],"inLanguage":"fi"}]}},"_links":{"self":[{"href":"https:\/\/usa-b2.com\/fi\/wp-json\/wp\/v2\/pages\/6160","targetHints":{"allow":["GET"]}}],"collection":[{"href":"https:\/\/usa-b2.com\/fi\/wp-json\/wp\/v2\/pages"}],"about":[{"href":"https:\/\/usa-b2.com\/fi\/wp-json\/wp\/v2\/types\/page"}],"author":[{"embeddable":true,"href":"https:\/\/usa-b2.com\/fi\/wp-json\/wp\/v2\/users\/1"}],"replies":[{"embeddable":true,"href":"https:\/\/usa-b2.com\/fi\/wp-json\/wp\/v2\/comments?post=6160"}],"version-history":[{"count":2,"href":"https:\/\/usa-b2.com\/fi\/wp-json\/wp\/v2\/pages\/6160\/revisions"}],"predecessor-version":[{"id":10952,"href":"https:\/\/usa-b2.com\/fi\/wp-json\/wp\/v2\/pages\/6160\/revisions\/10952"}],"wp:attachment":[{"href":"https:\/\/usa-b2.com\/fi\/wp-json\/wp\/v2\/media?parent=6160"}],"curies":[{"name":"wp","href":"https:\/\/api.w.org\/{rel}","templated":true}]}}