{"id":6145,"date":"2025-01-15T09:01:21","date_gmt":"2025-01-15T09:01:21","guid":{"rendered":"https:\/\/usa-b2.com\/pacific-coast-highway\/"},"modified":"2025-10-16T09:46:42","modified_gmt":"2025-10-16T09:46:42","slug":"tyynenmeren-rannikon-valtatie","status":"publish","type":"page","link":"https:\/\/usa-b2.com\/fi\/tyynenmeren-rannikon-valtatie\/","title":{"rendered":"Matkustaminen Pacific Coast Highwayn varrella Yhdysvalloissa"},"content":{"rendered":"\n<h1 class=\"wp-block-heading\">Miten j\u00e4rjest\u00e4\u00e4 road trip Pacific Coast Highwaylla?<\/h1>\n\n<p><a href=\"https:\/\/www.visittheusa.com\/trip\/pacific-coast-highway-road-trip\">Pacific Coast Highway (PCH<\/a> ), joka tunnetaan virallisesti nimell\u00e4 California State Route 1, on paljon muutakin kuin pelkk\u00e4 tie. T\u00e4m\u00e4 Kalifornian rannikolla kulkeva asfalttinauha tarjoaa t\u00e4ydellisen uppoutumisen henke\u00e4salpaaviin maisemiin, vieh\u00e4tt\u00e4viin kaupunkeihin ja ikimuistoisiin kokemuksiin joka k\u00e4\u00e4nteess\u00e4. Etsitp\u00e4 sitten seikkailua tai rauhaa ja hiljaisuutta, t\u00e4m\u00e4 yksityiskohtainen opas auttaa sinua suunnittelemaan unohtumattoman lomamatkan.  <\/p>\n\n<figure class=\"wp-block-image size-full\"><img fetchpriority=\"high\" decoding=\"async\" width=\"831\" height=\"467\" src=\"https:\/\/usa-b2.com\/wp-content\/uploads\/2025\/01\/Pacific-Coast-Highway-usa-edited.png\" alt=\"\" class=\"wp-image-6503\" srcset=\"https:\/\/usa-b2.com\/wp-content\/uploads\/2025\/01\/Pacific-Coast-Highway-usa-edited.png 831w, https:\/\/usa-b2.com\/wp-content\/uploads\/2025\/01\/Pacific-Coast-Highway-usa-edited-300x169.png 300w, https:\/\/usa-b2.com\/wp-content\/uploads\/2025\/01\/Pacific-Coast-Highway-usa-edited-768x432.png 768w\" sizes=\"(max-width: 831px) 100vw, 831px\" \/><\/figure>\n\n<h2 class=\"wp-block-heading\">Miksi vierailla Pacific Coast Highwaylla?<\/h2>\n\n<p>Pacific Coast Highway on todellinen oodi <a href=\"https:\/\/www.ca.gov\/\">Kalifornian<\/a> monimuotoisuudelle ja luonnonkauneudelle. Kun matkustat t\u00e4t\u00e4 ikonista reitti\u00e4 pitkin, n\u00e4et erilaisia maisemia, jotka viev\u00e4t sinut kultaisilta rannoilta jylhiin kallioihin, rehevist\u00e4 metsist\u00e4 vilkkaisiin kaupunkeihin. Matkalla jokainen hetki tarjoaa uuden l\u00f6yd\u00f6n, olipa kyse sitten panoraaman\u00e4kymist\u00e4 Tyynelle valtamerelle tai rannikolla sijaitsevista vieh\u00e4tt\u00e4vist\u00e4 kylist\u00e4.  <\/p>\n\n<p>Yksi PCH:n vieh\u00e4tt\u00e4vimmist\u00e4 puolista on sen vauhti. Toisin kuin nykyaikaiset moottoritiet, t\u00e4m\u00e4 reitti houkuttelee hidastamaan vauhtia ja nauttimaan jokaisesta kilometrist\u00e4. Useat pys\u00e4hdykset eiv\u00e4t ole vain vaihtoehto vaan v\u00e4ltt\u00e4m\u00e4tt\u00f6myys, sill\u00e4 upeat n\u00e4kym\u00e4t ja ainutlaatuiset n\u00e4ht\u00e4vyydet seuraavat toisiaan matkan varrella. T\u00e4m\u00e4 road trip on ihanteellinen niille, jotka haluavat luoda yhteyden luontoon, nauttia rauhallisista hetkist\u00e4 tai yksinkertaisesti tutkia paratiisin kolkkaa omaan tahtiinsa.   <\/p>\n\n<h2 class=\"wp-block-heading\">Pakolliset n\u00e4ht\u00e4vyydet tien p\u00e4\u00e4ll\u00e4<\/h2>\n\n<h3 class=\"wp-block-heading\">Myyttiset maisemat<\/h3>\n\n<p>Pacific Coast Highway on maailmankuulu henke\u00e4salpaavista maisemistaan. Big Surissa upeat, valtamereen sy\u00f6ksyv\u00e4t kalliot luovat ainutlaatuisen tunnelman, jossa jokainen mutka tuo esiin uuden postikorttimaiseman. Point Lobos State Natural Reserve on puolestaan villiel\u00e4inten yst\u00e4vien paratiisi, jossa on rannikkopolkuja ja n\u00e4kymi\u00e4 merileijonista ja delfiineist\u00e4.  <\/p>\n\n<p>17-Mile Drive on toinen reitin kohokohta. T\u00e4ll\u00e4 yksityisell\u00e4 osuudella on ikonisia kohteita, kuten Lone Cypress ja ylellisi\u00e4 golfkentti\u00e4. Se tarjoaa ainutlaatuisen tunnelman, jossa yhdistyv\u00e4t ylellisyys ja karu kauneus. Hearstin linna on my\u00f6s ehdoton vierailukohde. T\u00e4st\u00e4 sanomalehtimagnaatti William Randolph Hearstin rakennuttamasta ylellisest\u00e4 kartanosta on n\u00e4kym\u00e4t merelle, ja se tarjoaa kiehtovan kierroksen historiaan ja ylt\u00e4kyll\u00e4isyyteen.    <\/p>\n\n<h4 class=\"wp-block-heading\">Pakollisten n\u00e4ht\u00e4vyyksien luettelo :<\/h4>\n\n<ul class=\"wp-block-list\">\n<li>Big Sur ja sen majesteettiset kalliot<\/li>\n\n\n\n<li>Point Lobos luonnon yst\u00e4ville<\/li>\n\n\n\n<li><a href=\"https:\/\/hearstcastle.org\/\">Hearstin linna<\/a>, arkkitehtuurin mestariteos<\/li>\n\n\n\n<li>Kansallispuistot<\/li>\n<\/ul>\n\n<p>My\u00f6s reitin varrella sijaitsevat kansallispuistot ovat vierailun arvoisia. Venturasta k\u00e4sin saavutettavissa oleva <g id=\"gid_0\">Channel Islands National Park<\/g> on melojien, snorklaajien ja retkeilij\u00f6iden paratiisi. Pohjoisempana <g id=\"gid_1\">Redwoodin kansallispuistossa<\/g> ja osavaltion puistoissa kasvaa kuuluisia j\u00e4ttil\u00e4ismetsik\u00f6it\u00e4, jotka ovat maailman korkeimpia puita. N\u00e4m\u00e4 puistot ovat t\u00e4ydellinen tilaisuus uppoutua ainutlaatuisiin ekosysteemeihin ja pit\u00e4\u00e4 luontotauko matkan keskell\u00e4.   <\/p>\n\n<h2 class=\"wp-block-heading\">Miss\u00e4 nukkua PCH:n varrella?<\/h2>\n\n<h3 class=\"wp-block-heading\">Hotellit ja hostellit<\/h3>\n\n<p>Majoituspaikan valinta voi tehd\u00e4 matkastasi entist\u00e4kin ikimuistoisemman kokemuksen. Esimerkiksi Carmel-by-the-Sea on vieh\u00e4tt\u00e4v\u00e4 kaupunki, jossa voit majoittua viihtyisiss\u00e4 majataloissa tai boutique-hotelleissa. T\u00e4m\u00e4n pikkukaupungin mukulakivikadut ja taidegalleriat tekev\u00e4t siit\u00e4 t\u00e4ydellisen pys\u00e4hdyspaikan levolliselle y\u00f6pymiselle. Etel\u00e4mp\u00e4n\u00e4 Santa Barbarassa on merenrantahotelleja, joissa yhdistyv\u00e4t mukavuus ja tyylikkyys.   <\/p>\n\n<h3 class=\"wp-block-heading\">Leirint\u00e4alueet t\u00e4ydellist\u00e4 uppoutumista varten<\/h3>\n\n<p>Tyynenmeren rannikkotien varrella telttailu on uskomaton vaihtoehto ulkoilun yst\u00e4ville. Big Surissa sijaitsevan Kirk Creek Campgroundin kaltaisilta leirint\u00e4alueilta on suora n\u00e4kym\u00e4 merelle, ja voit nukahtaa aaltojen pauhuun. N\u00e4m\u00e4 paikat ovat t\u00e4ydellisi\u00e4 niille, jotka haluavat kokea Kalifornian luonnon t\u00e4ydellisesti ja samalla s\u00e4\u00e4st\u00e4\u00e4 majoituksessa.  <\/p>\n\n<h4 class=\"wp-block-heading\">Suositeltava majoitus :<\/h4>\n\n<figure class=\"wp-block-table\"><table class=\"has-fixed-layout\"><tbody><tr><td><strong>Kaupunki<\/strong><\/td><td><strong>Majoitustyyppi<\/strong><\/td><td><strong>Suositeltu nimi<\/strong><\/td><\/tr><tr><td>Carmel-by-the-Sea<\/td><td>Boutique-hotelli<\/td><td>Carmel Inn<\/td><\/tr><tr><td>Big Sur<\/td><td>Leirint\u00e4alue Kirk<\/td><td>Creek leirint\u00e4alue<\/td><\/tr><tr><td>Santa Barbara<\/td><td>Hotelli meren rannalla<\/td><td>Santa Barbara Inn<\/td><\/tr><\/tbody><\/table><\/figure>\n\n<h2 class=\"wp-block-heading\"><br\/>Ihanteellinen reitti<\/h2>\n\n<h3 class=\"wp-block-heading\">Etappi 1: San Franciscosta Montereyhin<\/h3>\n\n<p>Aloita matkasi <a href=\"https:\/\/www.sftravel.com\/\">San Franciscosta<\/a> ylitt\u00e4m\u00e4ll\u00e4 legendaarinen <a href=\"https:\/\/www.goldengate.org\/bridge\/visiting-the-bridge\/\">Golden Gate -silta<\/a>. K\u00e4yt\u00e4 aikaa tutustua kaupungin ikonisiin kaupunginosiin, kuten <a href=\"https:\/\/www.fishermanswharf.org\/\">Fisherman&#8217;s Wharfiin<\/a> ja Chinatowniin, ennen kuin suuntaat <a href=\"https:\/\/monterey.gov\/\">Montereyhin<\/a>. Pys\u00e4hdy matkalla Half Moon Bayss\u00e4, rauhallisella rannalla, joka on ihanteellinen piknikille. Kun olet Montereyss\u00e4, \u00e4l\u00e4 j\u00e4t\u00e4 v\u00e4liin sen kuuluisaa akvaariota ja <a href=\"https:\/\/canneryrow.com\/experience-cannery-row\/\">Cannery Row&#8217;<\/a>ta, joka on historiallinen katu t\u00e4ynn\u00e4 kauppoja ja ravintoloita.   <\/p>\n\n<h3 class=\"wp-block-heading\">Etappi 2: Montereyst\u00e4 Big Suriin<\/h3>\n\n<p>T\u00e4m\u00e4 osuus on yksi reitin upeimmista. Pys\u00e4hdy matkan varrella Point <a href=\"https:\/\/www.pointlobos.org\/info\/\">Lobos State Reserve<\/a> -puistossa rannikkovaellukselle. Jatka <g id=\"gid_1\">Big Suriin<\/g>, jossa Bixby Creek -sillalta avautuu ikoninen n\u00e4kym\u00e4. Tutustu my\u00f6s McWay Fallsiin, ainutlaatuiseen vesiputoukseen, joka putoaa suoraan mereen.   <\/p>\n\n<h3 class=\"wp-block-heading\">Etappi 3: Big Surista Santa Barbaraan<\/h3>\n\n<p>Kulje <a href=\"https:\/\/www.slocity.org\/\">San Luis Obispon<\/a> l\u00e4pi ja pys\u00e4hdy Hearstin linnassa kiehtovalla kierroksella. Nauti etel\u00e4mp\u00e4n\u00e4 Santa Barbaran rauhallisista rannoista ja tutustu sen vilkkaaseen keskustaan ennen matkasi p\u00e4\u00e4tt\u00e4mist\u00e4. <\/p>\n\n<h2 class=\"wp-block-heading\">Hallinnolliset muodollisuudet<\/h2>\n\n<p>Jotta voit matkustaa Pacific Coast Highwaylla, sinun on ennakoitava matkustusmuodollisuudet:<\/p>\n\n<ul class=\"wp-block-list\">\n<li>Tarkista, ett\u00e4 <a href=\"https:\/\/usa-b2.com\/fr\/passeport-pour-voyager-aux-usa\/\">passisi on voimassa Yhdysvalloissa<\/a>.<\/li>\n\n\n\n<li>T\u00e4yt\u00e4 <a href=\"https:\/\/usa-b2.com\/fr\/formulaire-esta-en-ligne\/\">ESTA-lomake verkossa<\/a>. Jos maasi ei kuulu <a href=\"https:\/\/usa-b2.com\/fr\/visa-waiver-program\/\">Yhdysvaltojen viisumivapausohjelmaan<\/a>, sinun on haettava <a href=\"https:\/\/usa-b2.com\/fr\/b1-b2-visa-usa\/\">B1-B2-viisumia<\/a>. <\/li>\n<\/ul>\n\n<div style=\"height:10px\" aria-hidden=\"true\" class=\"wp-block-spacer\"><\/div>\n\n<h2 class=\"wp-block-heading\">Ohittamattomia valokuvapaikkoja<\/h2>\n\n<p>Pacific Coast Highway on t\u00e4ynn\u00e4 upeita paikkoja muistojen vangitsemiseen. <a href=\"https:\/\/mcwayfalls.com\/\">McWay Fallsissa<\/a> valtamereen sy\u00f6ksyv\u00e4 vesiputous tarjoaa ainutlaatuisen n\u00e4kym\u00e4n, ja Bixby Bridge on usein kuvattu maamerkki. Jos haluat taiteellisempia otoksia, suuntaa Pfeiffer Beachille, joka tunnetaan violetista hiekastaan, tai Santa Monican laiturille, jossa auringonlasku luo maagisen valon. N\u00e4m\u00e4 paikat ovat ihanteellisia matkan ikuistamiseen ja ikimuistoisten otosten jakamiseen sosiaalisissa verkostoissa.   <\/p>\n\n<h2 class=\"wp-block-heading\">Profiiliinne sopivia aktiviteetteja<\/h2>\n\n<h3 class=\"wp-block-heading\">Pariskunta<\/h3>\n\n<p>Pariskunnille PCH tarjoaa romanttisia mahdollisuuksia joka k\u00e4\u00e4nteess\u00e4. Varaa <a href=\"https:\/\/icilosangeles.fr\/decouvrir-los-angeles\/quartiers\/malibu-beach\/\">Malibussa<\/a> illallinen kahdelle ravintolassa, josta on n\u00e4kym\u00e4t merelle. Santa Barbarassa voit valita ratsastusretken pitkin rantoja. N\u00e4m\u00e4 intiimit hetket lis\u00e4\u00e4v\u00e4t road tripin taikaa.   <\/p>\n\n<h3 class=\"wp-block-heading\">Perheen kanssa<\/h3>\n\n<p>Perhematkat Pacific Coast Highwayn varrella ovat palkitseva kokemus. Lapset pit\u00e4v\u00e4t Santa Barbaran el\u00e4intarhasta tai Montereyn melontaretkist\u00e4. Morro Bayn kaltaiset rannat tarjoavat my\u00f6s rentoutumista ja hauskanpitoa nuorille ja vanhoille.  <\/p>\n\n<p>Pacific Coast Highway on unelmareitti, jossa yhdistyv\u00e4t upeat maisemat, monipuoliset aktiviteetit ja ikimuistoiset pys\u00e4hdykset. Matkustitpa sitten pariskuntana tai perheen\u00e4, t\u00e4m\u00e4 reitti tarjoaa unohtumattoman kokemuksen, jossa jokainen pys\u00e4hdys on l\u00f6yt\u00f6. Suunnittele matkasi huolellisesti ja anna yhden maailman kauneimman tien vietell\u00e4 itsesi.  <\/p>\n","protected":false},"excerpt":{"rendered":"<p>Miten j\u00e4rjest\u00e4\u00e4 road trip Pacific Coast Highwaylla? Pacific Coast Highway (PCH ), joka tunnetaan virallisesti nimell\u00e4 California State Route 1, on paljon muutakin kuin pelkk\u00e4 tie. T\u00e4m\u00e4 Kalifornian rannikolla kulkeva asfalttinauha tarjoaa t\u00e4ydellisen uppoutumisen henke\u00e4salpaaviin maisemiin, vieh\u00e4tt\u00e4viin kaupunkeihin ja ikimuistoisiin kokemuksiin joka k\u00e4\u00e4nteess\u00e4. Etsitp\u00e4 sitten seikkailua tai rauhaa ja hiljaisuutta, t\u00e4m\u00e4 yksityiskohtainen opas auttaa sinua [&hellip;]<\/p>\n","protected":false},"author":1,"featured_media":0,"parent":0,"menu_order":0,"comment_status":"closed","ping_status":"closed","template":"","meta":{"footnotes":""},"class_list":["post-6145","page","type-page","status-publish","hentry"],"yoast_head":"<!-- This site is optimized with the Yoast SEO plugin v27.4 - https:\/\/yoast.com\/product\/yoast-seo-wordpress\/ -->\n<title>Matkustaminen Pacific Coast Highwayn varrella Yhdysvalloissa - USA B2<\/title>\n<meta name=\"description\" content=\"Tutustu t\u00e4ydelliseen matkasuunnitelmaan, pakollisiin pys\u00e4hdyspaikkoihin, y\u00f6pymispaikkoihin ja aktiviteetteihin Pacific Coast Highwayn tutkimiseen.\" \/>\n<meta name=\"robots\" content=\"index, follow, max-snippet:-1, max-image-preview:large, max-video-preview:-1\" \/>\n<link rel=\"canonical\" href=\"https:\/\/usa-b2.com\/fi\/tyynenmeren-rannikon-valtatie\/\" \/>\n<meta property=\"og:locale\" content=\"fi_FI\" \/>\n<meta property=\"og:type\" content=\"article\" \/>\n<meta property=\"og:title\" content=\"Matkustaminen Pacific Coast Highwayn varrella Yhdysvalloissa - USA B2\" \/>\n<meta property=\"og:description\" content=\"Tutustu t\u00e4ydelliseen matkasuunnitelmaan, pakollisiin pys\u00e4hdyspaikkoihin, y\u00f6pymispaikkoihin ja aktiviteetteihin Pacific Coast Highwayn tutkimiseen.\" \/>\n<meta property=\"og:url\" content=\"https:\/\/usa-b2.com\/fi\/tyynenmeren-rannikon-valtatie\/\" \/>\n<meta property=\"og:site_name\" content=\"USA B2\" \/>\n<meta property=\"article:modified_time\" content=\"2025-10-16T09:46:42+00:00\" \/>\n<meta property=\"og:image\" content=\"https:\/\/usa-b2.com\/wp-content\/uploads\/2025\/01\/Pacific-Coast-Highway-usa-edited.png\" \/>\n\t<meta property=\"og:image:width\" content=\"831\" \/>\n\t<meta property=\"og:image:height\" content=\"467\" \/>\n\t<meta property=\"og:image:type\" content=\"image\/png\" \/>\n<meta name=\"twitter:card\" content=\"summary_large_image\" \/>\n<meta name=\"twitter:label1\" content=\"Arvioitu lukuaika\" \/>\n\t<meta name=\"twitter:data1\" content=\"4 minuuttia\" \/>\n<script type=\"application\/ld+json\" class=\"yoast-schema-graph\">{\"@context\":\"https:\\\/\\\/schema.org\",\"@graph\":[{\"@type\":\"WebPage\",\"@id\":\"https:\\\/\\\/usa-b2.com\\\/fi\\\/tyynenmeren-rannikon-valtatie\\\/\",\"url\":\"https:\\\/\\\/usa-b2.com\\\/fi\\\/tyynenmeren-rannikon-valtatie\\\/\",\"name\":\"Matkustaminen Pacific Coast Highwayn varrella Yhdysvalloissa - USA B2\",\"isPartOf\":{\"@id\":\"https:\\\/\\\/usa-b2.com\\\/fi\\\/#website\"},\"primaryImageOfPage\":{\"@id\":\"https:\\\/\\\/usa-b2.com\\\/fi\\\/tyynenmeren-rannikon-valtatie\\\/#primaryimage\"},\"image\":{\"@id\":\"https:\\\/\\\/usa-b2.com\\\/fi\\\/tyynenmeren-rannikon-valtatie\\\/#primaryimage\"},\"thumbnailUrl\":\"https:\\\/\\\/usa-b2.com\\\/wp-content\\\/uploads\\\/2025\\\/01\\\/Pacific-Coast-Highway-usa-edited.png\",\"datePublished\":\"2025-01-15T09:01:21+00:00\",\"dateModified\":\"2025-10-16T09:46:42+00:00\",\"description\":\"Tutustu t\u00e4ydelliseen matkasuunnitelmaan, pakollisiin pys\u00e4hdyspaikkoihin, y\u00f6pymispaikkoihin ja aktiviteetteihin Pacific Coast Highwayn tutkimiseen.\",\"breadcrumb\":{\"@id\":\"https:\\\/\\\/usa-b2.com\\\/fi\\\/tyynenmeren-rannikon-valtatie\\\/#breadcrumb\"},\"inLanguage\":\"fi\",\"potentialAction\":[{\"@type\":\"ReadAction\",\"target\":[\"https:\\\/\\\/usa-b2.com\\\/fi\\\/tyynenmeren-rannikon-valtatie\\\/\"]}]},{\"@type\":\"ImageObject\",\"inLanguage\":\"fi\",\"@id\":\"https:\\\/\\\/usa-b2.com\\\/fi\\\/tyynenmeren-rannikon-valtatie\\\/#primaryimage\",\"url\":\"https:\\\/\\\/usa-b2.com\\\/wp-content\\\/uploads\\\/2025\\\/01\\\/Pacific-Coast-Highway-usa-edited.png\",\"contentUrl\":\"https:\\\/\\\/usa-b2.com\\\/wp-content\\\/uploads\\\/2025\\\/01\\\/Pacific-Coast-Highway-usa-edited.png\"},{\"@type\":\"BreadcrumbList\",\"@id\":\"https:\\\/\\\/usa-b2.com\\\/fi\\\/tyynenmeren-rannikon-valtatie\\\/#breadcrumb\",\"itemListElement\":[{\"@type\":\"ListItem\",\"position\":1,\"name\":\"Accueil\",\"item\":\"https:\\\/\\\/usa-b2.com\\\/fi\\\/usa\\\/\"},{\"@type\":\"ListItem\",\"position\":2,\"name\":\"Matkustaminen Pacific Coast Highwayn varrella Yhdysvalloissa\"}]},{\"@type\":\"WebSite\",\"@id\":\"https:\\\/\\\/usa-b2.com\\\/fi\\\/#website\",\"url\":\"https:\\\/\\\/usa-b2.com\\\/fi\\\/\",\"name\":\"USA B2 VISA\",\"description\":\"\",\"potentialAction\":[{\"@type\":\"SearchAction\",\"target\":{\"@type\":\"EntryPoint\",\"urlTemplate\":\"https:\\\/\\\/usa-b2.com\\\/fi\\\/?s={search_term_string}\"},\"query-input\":{\"@type\":\"PropertyValueSpecification\",\"valueRequired\":true,\"valueName\":\"search_term_string\"}}],\"inLanguage\":\"fi\"}]}<\/script>\n<!-- \/ Yoast SEO plugin. -->","yoast_head_json":{"title":"Matkustaminen Pacific Coast Highwayn varrella Yhdysvalloissa - USA B2","description":"Tutustu t\u00e4ydelliseen matkasuunnitelmaan, pakollisiin pys\u00e4hdyspaikkoihin, y\u00f6pymispaikkoihin ja aktiviteetteihin Pacific Coast Highwayn tutkimiseen.","robots":{"index":"index","follow":"follow","max-snippet":"max-snippet:-1","max-image-preview":"max-image-preview:large","max-video-preview":"max-video-preview:-1"},"canonical":"https:\/\/usa-b2.com\/fi\/tyynenmeren-rannikon-valtatie\/","og_locale":"fi_FI","og_type":"article","og_title":"Matkustaminen Pacific Coast Highwayn varrella Yhdysvalloissa - USA B2","og_description":"Tutustu t\u00e4ydelliseen matkasuunnitelmaan, pakollisiin pys\u00e4hdyspaikkoihin, y\u00f6pymispaikkoihin ja aktiviteetteihin Pacific Coast Highwayn tutkimiseen.","og_url":"https:\/\/usa-b2.com\/fi\/tyynenmeren-rannikon-valtatie\/","og_site_name":"USA B2","article_modified_time":"2025-10-16T09:46:42+00:00","og_image":[{"width":831,"height":467,"url":"https:\/\/usa-b2.com\/wp-content\/uploads\/2025\/01\/Pacific-Coast-Highway-usa-edited.png","type":"image\/png"}],"twitter_card":"summary_large_image","twitter_misc":{"Arvioitu lukuaika":"4 minuuttia"},"schema":{"@context":"https:\/\/schema.org","@graph":[{"@type":"WebPage","@id":"https:\/\/usa-b2.com\/fi\/tyynenmeren-rannikon-valtatie\/","url":"https:\/\/usa-b2.com\/fi\/tyynenmeren-rannikon-valtatie\/","name":"Matkustaminen Pacific Coast Highwayn varrella Yhdysvalloissa - USA B2","isPartOf":{"@id":"https:\/\/usa-b2.com\/fi\/#website"},"primaryImageOfPage":{"@id":"https:\/\/usa-b2.com\/fi\/tyynenmeren-rannikon-valtatie\/#primaryimage"},"image":{"@id":"https:\/\/usa-b2.com\/fi\/tyynenmeren-rannikon-valtatie\/#primaryimage"},"thumbnailUrl":"https:\/\/usa-b2.com\/wp-content\/uploads\/2025\/01\/Pacific-Coast-Highway-usa-edited.png","datePublished":"2025-01-15T09:01:21+00:00","dateModified":"2025-10-16T09:46:42+00:00","description":"Tutustu t\u00e4ydelliseen matkasuunnitelmaan, pakollisiin pys\u00e4hdyspaikkoihin, y\u00f6pymispaikkoihin ja aktiviteetteihin Pacific Coast Highwayn tutkimiseen.","breadcrumb":{"@id":"https:\/\/usa-b2.com\/fi\/tyynenmeren-rannikon-valtatie\/#breadcrumb"},"inLanguage":"fi","potentialAction":[{"@type":"ReadAction","target":["https:\/\/usa-b2.com\/fi\/tyynenmeren-rannikon-valtatie\/"]}]},{"@type":"ImageObject","inLanguage":"fi","@id":"https:\/\/usa-b2.com\/fi\/tyynenmeren-rannikon-valtatie\/#primaryimage","url":"https:\/\/usa-b2.com\/wp-content\/uploads\/2025\/01\/Pacific-Coast-Highway-usa-edited.png","contentUrl":"https:\/\/usa-b2.com\/wp-content\/uploads\/2025\/01\/Pacific-Coast-Highway-usa-edited.png"},{"@type":"BreadcrumbList","@id":"https:\/\/usa-b2.com\/fi\/tyynenmeren-rannikon-valtatie\/#breadcrumb","itemListElement":[{"@type":"ListItem","position":1,"name":"Accueil","item":"https:\/\/usa-b2.com\/fi\/usa\/"},{"@type":"ListItem","position":2,"name":"Matkustaminen Pacific Coast Highwayn varrella Yhdysvalloissa"}]},{"@type":"WebSite","@id":"https:\/\/usa-b2.com\/fi\/#website","url":"https:\/\/usa-b2.com\/fi\/","name":"USA B2 VISA","description":"","potentialAction":[{"@type":"SearchAction","target":{"@type":"EntryPoint","urlTemplate":"https:\/\/usa-b2.com\/fi\/?s={search_term_string}"},"query-input":{"@type":"PropertyValueSpecification","valueRequired":true,"valueName":"search_term_string"}}],"inLanguage":"fi"}]}},"_links":{"self":[{"href":"https:\/\/usa-b2.com\/fi\/wp-json\/wp\/v2\/pages\/6145","targetHints":{"allow":["GET"]}}],"collection":[{"href":"https:\/\/usa-b2.com\/fi\/wp-json\/wp\/v2\/pages"}],"about":[{"href":"https:\/\/usa-b2.com\/fi\/wp-json\/wp\/v2\/types\/page"}],"author":[{"embeddable":true,"href":"https:\/\/usa-b2.com\/fi\/wp-json\/wp\/v2\/users\/1"}],"replies":[{"embeddable":true,"href":"https:\/\/usa-b2.com\/fi\/wp-json\/wp\/v2\/comments?post=6145"}],"version-history":[{"count":2,"href":"https:\/\/usa-b2.com\/fi\/wp-json\/wp\/v2\/pages\/6145\/revisions"}],"predecessor-version":[{"id":10630,"href":"https:\/\/usa-b2.com\/fi\/wp-json\/wp\/v2\/pages\/6145\/revisions\/10630"}],"wp:attachment":[{"href":"https:\/\/usa-b2.com\/fi\/wp-json\/wp\/v2\/media?parent=6145"}],"curies":[{"name":"wp","href":"https:\/\/api.w.org\/{rel}","templated":true}]}}