{"id":4504,"date":"2024-11-18T12:44:50","date_gmt":"2024-11-18T12:44:50","guid":{"rendered":"https:\/\/usa-b2.com\/ds-160\/"},"modified":"2026-02-25T15:00:59","modified_gmt":"2026-02-25T15:00:59","slug":"ds-160","status":"publish","type":"page","link":"https:\/\/usa-b2.com\/fi\/ds-160\/","title":{"rendered":"DS 160 -lomake verkossa"},"content":{"rendered":"\n<h1 class=\"wp-block-heading\">DS 160 -lomake Yhdysvaltain viisumihakemusta varten<\/h1>\n\n<p>Lomake DS-160 on t\u00e4rke\u00e4 asiakirja kaikille, jotka haluavat saada viisumin Yhdysvaltoihin. Lomake on pakollinen viisumihakemuksia varten, ja se t\u00e4ytet\u00e4\u00e4n yksinomaan verkossa Yhdysvaltain ulkoministeri\u00f6n virallisella verkkosivustolla. T\u00e4ss\u00e4 on kaikki, mit\u00e4 sinun on tiedett\u00e4v\u00e4, jotta voit t\u00e4ytt\u00e4\u00e4 lomakkeen onnistuneesti.  <\/p>\n\n<h2 class=\"wp-block-heading\">Mik\u00e4 on DS 160 -lomake?<\/h2>\n\n<p>DS 160 -lomake on verkkokyselylomake, jolla ker\u00e4t\u00e4\u00e4n yksityiskohtaisia tietoja viisuminhakijasta, h\u00e4nen matkustavoitteistaan ja henkil\u00f6kohtaisesta historiastaan. T\u00e4m\u00e4 lomake on ensimm\u00e4inen vaihe <a href=\"https:\/\/usa-b2.com\/fi\/hakumenettely-b2-viisumin\/\">Yhdysvaltojen viisumihakemusprosessissa<\/a>. Annettujen tietojen perusteella konsuliviranomaiset voivat m\u00e4\u00e4ritt\u00e4\u00e4, onko hakija oikeutettu haettuun viisumityyppiin.  <\/p>\n\n<p>T\u00e4m\u00e4 lomake vaaditaan useissa ei-maahanmuuttajien viisumiluokissa, kuten :<\/p>\n\n<ul class=\"wp-block-list\">\n<li><a href=\"https:\/\/usa-b2.com\/fi\/b1-viisumi\/\">B1-turistiviisumi<\/a>: ty\u00f6matkoihin ;<\/li>\n\n\n\n<li><a href=\"https:\/\/usa-b2.com\/fi\/b2-viisumi\/\">B2-turistiviisumi<\/a>: turistimatkoja tai perhevierailuja varten ;<\/li>\n\n\n\n<li>F1-opiskelijaviisumi: opiskelu Yhdysvalloissa ;<\/li>\n\n\n\n<li><a href=\"https:\/\/usa-b2.com\/fi\/yhdysvallat-kauttakulkuviisumi\/\">Transit C -viisumi<\/a>: tilap\u00e4ist\u00e4 kulkua varten Yhdysvaltojen kautta ;<\/li>\n\n\n\n<li>Tilap\u00e4inen ty\u00f6viisumi (H, L, O): ammatillisiin teht\u00e4viin.<\/li>\n<\/ul>\n\n<div style=\"height:10px\" aria-hidden=\"true\" class=\"wp-block-spacer\"><\/div>\n\n<h2 class=\"wp-block-heading\">Miten t\u00e4yt\u00e4n lomakkeen DS 160?<\/h2>\n\n<h3 class=\"wp-block-heading\">1. Siirry viralliselle verkkosivustolle<\/h3>\n\n<p>Voit t\u00e4ytt\u00e4\u00e4 lomakkeen DS 160 <a href=\"https:\/\/ceac.state.gov\/genniv\/\">Yhdysvaltain ulkoministeri\u00f6n virallisella verkkosivustolla.<\/a> Varmista, ett\u00e4 k\u00e4yt\u00e4t suojattua yhteytt\u00e4 henkil\u00f6tietojesi suojaamiseksi. <\/p>\n\n<h3 class=\"wp-block-heading\">2. Ker\u00e4\u00e4 tiedot<\/h3>\n\n<p>Valmistele ennen aloittamista kaikki tarvittavat asiakirjat, mukaan lukien :<\/p>\n\n<ul class=\"wp-block-list\">\n<li><a href=\"https:\/\/usa-b2.com\/fi\/passi-yhdysvaltoihin-matkustamista-varten\/\">Yhdysvaltoihin voimassa oleva passi<\/a><\/li>\n\n\n\n<li>Matkatietosi (p\u00e4iv\u00e4m\u00e4\u00e4r\u00e4t, kohteet, osoitteet)<\/li>\n\n\n\n<li>Henkil\u00f6tietosi (osoite, ammatti, perhetilanne).<\/li>\n\n\n\n<li>Viisumityypist\u00e4 riippuen mahdollisesti vaadittavat liiteasiakirjat (kutsukirjeet, tiliotteet jne.).<\/li>\n<\/ul>\n\n<h3 class=\"wp-block-heading\">3. T\u00e4yt\u00e4 lomake englanniksi<\/h3>\n\n<p>Kaikki vastaukset on annettava englanniksi. Vastaa tarkasti, sill\u00e4 mahdolliset virheet voivat johtaa hakemuksen hylk\u00e4\u00e4miseen tai k\u00e4sittelyn viiv\u00e4stymiseen. <\/p>\n\n<h3 class=\"wp-block-heading\">4. Lataa vaatimustenmukainen valokuva<\/h3>\n\n<p>Tuore digitaalinen valokuva on ladattava prosessin aikana. Valokuvan on oltava vakiintuneiden standardien mukainen (valkoinen tausta, tietyt mitat, ei silm\u00e4laseja). <\/p>\n\n<h3 class=\"wp-block-heading\">5. L\u00e4het\u00e4 ja tallenna vahvistusnumero<\/h3>\n\n<p>Kun olet t\u00e4ytt\u00e4nyt lomakkeen, l\u00e4het\u00e4 se verkossa ja lataa viivakoodin sis\u00e4lt\u00e4v\u00e4 vahvistussivu. T\u00e4m\u00e4 asiakirja on v\u00e4ltt\u00e4m\u00e4t\u00f6n <a href=\"https:\/\/usa-b2.com\/fi\/usa-suurlahetyston-viisumivaraus\/\">haastattelua varten Yhdysvaltain suurl\u00e4hetyst\u00f6ss\u00e4<\/a>. <\/p>\n\n<h2 class=\"wp-block-heading\">Mit\u00e4 minun pit\u00e4isi tehd\u00e4 DS 160 -lomakkeen l\u00e4hett\u00e4misen j\u00e4lkeen?<\/h2>\n\n<p>Kun lomake on l\u00e4hetetty, prosessi jatkuu seuraavilla vaiheilla:<\/p>\n\n<ol class=\"wp-block-list\">\n<li><strong>Maksa viisumihakemusmaksu<\/strong>: <a href=\"https:\/\/usa-b2.com\/fr\/frais-visa-b2-usa\/\">Viisumimaksut<\/a> vaihtelevat sen mukaan, mink\u00e4 tyyppist\u00e4 viisumia haet. Varmista, ett\u00e4 s\u00e4ilyt\u00e4t maksukuitin. <\/li>\n\n\n\n<li><strong>Varaa aika haastattelua varten<\/strong>: Ota yhteys maassasi sijaitsevan Yhdysvaltain konsulaatin tai suurl\u00e4hetyst\u00f6n viralliselle verkkosivustolle ja varaa aika.<\/li>\n\n\n\n<li><strong>Mene konsulihaastatteluun<\/strong>: Ota haastattelup\u00e4iv\u00e4n\u00e4 mukaasi passi, DS-160-varmistussivu, valokuvasi ja kaikki tarvittavat todistusasiakirjat.<\/li>\n<\/ol>\n\n<div style=\"height:10px\" aria-hidden=\"true\" class=\"wp-block-spacer\"><\/div>\n\n<p>Tarkempia tietoja on <a href=\"https:\/\/usa-b2.com\/fi\/hakumenettely-b2-viisumin\/\">Yhdysvaltain viisumihakemusmenettely\u00e4<\/a> k\u00e4sittelev\u00e4ll\u00e4 sivulla.<\/p>\n\n<h2 class=\"wp-block-heading\">Vinkkej\u00e4 DS 160:n onnistuneeseen hakemiseen<\/h2>\n\n<ul class=\"wp-block-list\">\n<li><strong>Ole rehellinen ja tarkka<\/strong>: v\u00e4\u00e4r\u00e4 ilmoitus voi johtaa viisumin v\u00e4litt\u00f6m\u00e4\u00e4n ep\u00e4\u00e4miseen.<\/li>\n\n\n\n<li><strong>Tarkista vastauksesi useita kertoja<\/strong> ennen lomakkeen l\u00e4hett\u00e4mist\u00e4.<\/li>\n\n\n\n<li><strong>Pid\u00e4<\/strong> DS-160-asiakirjasta <strong>tulostettu kopio<\/strong> henkil\u00f6kohtaisia tietojasi varten.<\/li>\n\n\n\n<li><strong>Noudata m\u00e4\u00e4r\u00e4aikoja<\/strong>: t\u00e4yt\u00e4 lomake v\u00e4hint\u00e4\u00e4n kaksi viikkoa ennen suunniteltua haastattelup\u00e4iv\u00e4\u00e4si, jotta v\u00e4lt\u00e4t viiv\u00e4stykset.<\/li>\n<\/ul>\n\n<h2 class=\"wp-block-heading\">DS 160 -lomaketta koskevat usein kysytyt kysymykset<\/h2>\n\n<h3 class=\"wp-block-heading\">Kuinka kauan DS-160-lomakkeen t\u00e4ytt\u00e4minen kest\u00e4\u00e4?<\/h3>\n\n<p>Keskim\u00e4\u00e4r\u00e4inen kesto on noin 60 minuuttia. Voit tallentaa edistymisesi ja jatkaa tarvittaessa my\u00f6hemmin. <\/p>\n\n<h3 class=\"wp-block-heading\">Voinko muuttaa lomaketta sen l\u00e4hett\u00e4misen j\u00e4lkeen?<\/h3>\n\n<p>Ei, DS-160-lomaketta ei voi muuttaa sen l\u00e4hett\u00e4misen j\u00e4lkeen. Jos virhe havaitaan, sinun on t\u00e4ytett\u00e4v\u00e4 uusi lomake. <\/p>\n\n<h3 class=\"wp-block-heading\">Takaako DS-160 viisumin?<\/h3>\n\n<p>Ei, DS-160-lomakkeen l\u00e4hett\u00e4minen ei takaa viisumin hyv\u00e4ksymist\u00e4. Se on pakollinen vaihe, mutta viisumisi riippuu konsulihaastattelun tuloksesta. <\/p>\n","protected":false},"excerpt":{"rendered":"<p>DS 160 -lomake Yhdysvaltain viisumihakemusta varten Lomake DS-160 on t\u00e4rke\u00e4 asiakirja kaikille, jotka haluavat saada viisumin Yhdysvaltoihin. Lomake on pakollinen viisumihakemuksia varten, ja se t\u00e4ytet\u00e4\u00e4n yksinomaan verkossa Yhdysvaltain ulkoministeri\u00f6n virallisella verkkosivustolla. T\u00e4ss\u00e4 on kaikki, mit\u00e4 sinun on tiedett\u00e4v\u00e4, jotta voit t\u00e4ytt\u00e4\u00e4 lomakkeen onnistuneesti. Mik\u00e4 on DS 160 -lomake? DS 160 -lomake on verkkokyselylomake, jolla ker\u00e4t\u00e4\u00e4n [&hellip;]<\/p>\n","protected":false},"author":1,"featured_media":0,"parent":0,"menu_order":0,"comment_status":"closed","ping_status":"closed","template":"","meta":{"footnotes":""},"class_list":["post-4504","page","type-page","status-publish","hentry"],"yoast_head":"<!-- This site is optimized with the Yoast SEO plugin v27.4 - https:\/\/yoast.com\/product\/yoast-seo-wordpress\/ -->\n<title>DS 160 -lomake verkossa - USA B2<\/title>\n<meta name=\"description\" content=\"Kaikki mit\u00e4 sinun tarvitsee tiet\u00e4\u00e4 DS 160 -lomakkeen t\u00e4ytt\u00e4misest\u00e4 Yhdysvaltain viisumin hakemista varten verkossa.\" \/>\n<meta name=\"robots\" content=\"index, follow, max-snippet:-1, max-image-preview:large, max-video-preview:-1\" \/>\n<link rel=\"canonical\" href=\"https:\/\/usa-b2.com\/fi\/ds-160\/\" \/>\n<meta property=\"og:locale\" content=\"fi_FI\" \/>\n<meta property=\"og:type\" content=\"article\" \/>\n<meta property=\"og:title\" content=\"DS 160 -lomake verkossa - USA B2\" \/>\n<meta property=\"og:description\" content=\"Kaikki mit\u00e4 sinun tarvitsee tiet\u00e4\u00e4 DS 160 -lomakkeen t\u00e4ytt\u00e4misest\u00e4 Yhdysvaltain viisumin hakemista varten verkossa.\" \/>\n<meta property=\"og:url\" content=\"https:\/\/usa-b2.com\/fi\/ds-160\/\" \/>\n<meta property=\"og:site_name\" content=\"USA B2\" \/>\n<meta property=\"article:modified_time\" content=\"2026-02-25T15:00:59+00:00\" \/>\n<meta name=\"twitter:card\" content=\"summary_large_image\" \/>\n<meta name=\"twitter:label1\" content=\"Arvioitu lukuaika\" \/>\n\t<meta name=\"twitter:data1\" content=\"3 minuuttia\" \/>\n<script type=\"application\/ld+json\" class=\"yoast-schema-graph\">{\"@context\":\"https:\\\/\\\/schema.org\",\"@graph\":[{\"@type\":\"WebPage\",\"@id\":\"https:\\\/\\\/usa-b2.com\\\/fi\\\/ds-160\\\/\",\"url\":\"https:\\\/\\\/usa-b2.com\\\/fi\\\/ds-160\\\/\",\"name\":\"DS 160 -lomake verkossa - USA B2\",\"isPartOf\":{\"@id\":\"https:\\\/\\\/usa-b2.com\\\/fi\\\/#website\"},\"datePublished\":\"2024-11-18T12:44:50+00:00\",\"dateModified\":\"2026-02-25T15:00:59+00:00\",\"description\":\"Kaikki mit\u00e4 sinun tarvitsee tiet\u00e4\u00e4 DS 160 -lomakkeen t\u00e4ytt\u00e4misest\u00e4 Yhdysvaltain viisumin hakemista varten verkossa.\",\"breadcrumb\":{\"@id\":\"https:\\\/\\\/usa-b2.com\\\/fi\\\/ds-160\\\/#breadcrumb\"},\"inLanguage\":\"fi\",\"potentialAction\":[{\"@type\":\"ReadAction\",\"target\":[\"https:\\\/\\\/usa-b2.com\\\/fi\\\/ds-160\\\/\"]}]},{\"@type\":\"BreadcrumbList\",\"@id\":\"https:\\\/\\\/usa-b2.com\\\/fi\\\/ds-160\\\/#breadcrumb\",\"itemListElement\":[{\"@type\":\"ListItem\",\"position\":1,\"name\":\"Accueil\",\"item\":\"https:\\\/\\\/usa-b2.com\\\/fi\\\/usa\\\/\"},{\"@type\":\"ListItem\",\"position\":2,\"name\":\"DS 160 -lomake verkossa\"}]},{\"@type\":\"WebSite\",\"@id\":\"https:\\\/\\\/usa-b2.com\\\/fi\\\/#website\",\"url\":\"https:\\\/\\\/usa-b2.com\\\/fi\\\/\",\"name\":\"USA B2 VISA\",\"description\":\"\",\"potentialAction\":[{\"@type\":\"SearchAction\",\"target\":{\"@type\":\"EntryPoint\",\"urlTemplate\":\"https:\\\/\\\/usa-b2.com\\\/fi\\\/?s={search_term_string}\"},\"query-input\":{\"@type\":\"PropertyValueSpecification\",\"valueRequired\":true,\"valueName\":\"search_term_string\"}}],\"inLanguage\":\"fi\"}]}<\/script>\n<!-- \/ Yoast SEO plugin. -->","yoast_head_json":{"title":"DS 160 -lomake verkossa - USA B2","description":"Kaikki mit\u00e4 sinun tarvitsee tiet\u00e4\u00e4 DS 160 -lomakkeen t\u00e4ytt\u00e4misest\u00e4 Yhdysvaltain viisumin hakemista varten verkossa.","robots":{"index":"index","follow":"follow","max-snippet":"max-snippet:-1","max-image-preview":"max-image-preview:large","max-video-preview":"max-video-preview:-1"},"canonical":"https:\/\/usa-b2.com\/fi\/ds-160\/","og_locale":"fi_FI","og_type":"article","og_title":"DS 160 -lomake verkossa - USA B2","og_description":"Kaikki mit\u00e4 sinun tarvitsee tiet\u00e4\u00e4 DS 160 -lomakkeen t\u00e4ytt\u00e4misest\u00e4 Yhdysvaltain viisumin hakemista varten verkossa.","og_url":"https:\/\/usa-b2.com\/fi\/ds-160\/","og_site_name":"USA B2","article_modified_time":"2026-02-25T15:00:59+00:00","twitter_card":"summary_large_image","twitter_misc":{"Arvioitu lukuaika":"3 minuuttia"},"schema":{"@context":"https:\/\/schema.org","@graph":[{"@type":"WebPage","@id":"https:\/\/usa-b2.com\/fi\/ds-160\/","url":"https:\/\/usa-b2.com\/fi\/ds-160\/","name":"DS 160 -lomake verkossa - USA B2","isPartOf":{"@id":"https:\/\/usa-b2.com\/fi\/#website"},"datePublished":"2024-11-18T12:44:50+00:00","dateModified":"2026-02-25T15:00:59+00:00","description":"Kaikki mit\u00e4 sinun tarvitsee tiet\u00e4\u00e4 DS 160 -lomakkeen t\u00e4ytt\u00e4misest\u00e4 Yhdysvaltain viisumin hakemista varten verkossa.","breadcrumb":{"@id":"https:\/\/usa-b2.com\/fi\/ds-160\/#breadcrumb"},"inLanguage":"fi","potentialAction":[{"@type":"ReadAction","target":["https:\/\/usa-b2.com\/fi\/ds-160\/"]}]},{"@type":"BreadcrumbList","@id":"https:\/\/usa-b2.com\/fi\/ds-160\/#breadcrumb","itemListElement":[{"@type":"ListItem","position":1,"name":"Accueil","item":"https:\/\/usa-b2.com\/fi\/usa\/"},{"@type":"ListItem","position":2,"name":"DS 160 -lomake verkossa"}]},{"@type":"WebSite","@id":"https:\/\/usa-b2.com\/fi\/#website","url":"https:\/\/usa-b2.com\/fi\/","name":"USA B2 VISA","description":"","potentialAction":[{"@type":"SearchAction","target":{"@type":"EntryPoint","urlTemplate":"https:\/\/usa-b2.com\/fi\/?s={search_term_string}"},"query-input":{"@type":"PropertyValueSpecification","valueRequired":true,"valueName":"search_term_string"}}],"inLanguage":"fi"}]}},"_links":{"self":[{"href":"https:\/\/usa-b2.com\/fi\/wp-json\/wp\/v2\/pages\/4504","targetHints":{"allow":["GET"]}}],"collection":[{"href":"https:\/\/usa-b2.com\/fi\/wp-json\/wp\/v2\/pages"}],"about":[{"href":"https:\/\/usa-b2.com\/fi\/wp-json\/wp\/v2\/types\/page"}],"author":[{"embeddable":true,"href":"https:\/\/usa-b2.com\/fi\/wp-json\/wp\/v2\/users\/1"}],"replies":[{"embeddable":true,"href":"https:\/\/usa-b2.com\/fi\/wp-json\/wp\/v2\/comments?post=4504"}],"version-history":[{"count":4,"href":"https:\/\/usa-b2.com\/fi\/wp-json\/wp\/v2\/pages\/4504\/revisions"}],"predecessor-version":[{"id":11067,"href":"https:\/\/usa-b2.com\/fi\/wp-json\/wp\/v2\/pages\/4504\/revisions\/11067"}],"wp:attachment":[{"href":"https:\/\/usa-b2.com\/fi\/wp-json\/wp\/v2\/media?parent=4504"}],"curies":[{"name":"wp","href":"https:\/\/api.w.org\/{rel}","templated":true}]}}