{"id":3946,"date":"2024-02-27T10:27:31","date_gmt":"2024-02-27T10:27:31","guid":{"rendered":"https:\/\/usa-b2.com\/usa-kauttakulkuviisumi\/"},"modified":"2025-10-28T20:41:56","modified_gmt":"2025-10-28T20:41:56","slug":"yhdysvallat-kauttakulkuviisumi","status":"publish","type":"page","link":"https:\/\/usa-b2.com\/fi\/yhdysvallat-kauttakulkuviisumi\/","title":{"rendered":"Kauttakulkuviisumi Yhdysvaltoihin"},"content":{"rendered":"\n<h1 class=\"wp-block-heading\">Viisumin hankkiminen USA:n kautta tapahtuvaa kauttakulkua varten<\/h1>\n\n<p>Ulkomaalaisilla matkustajilla on oltava lupa kulkea Yhdysvaltojen alueen kautta, jos he haluavat tehd\u00e4 v\u00e4lilaskun Yhdysvaltoihin. Kauttakulkuviisumin avulla matkustajat voivat matkustaa Yhdysvaltojen kautta matkalla lopulliseen m\u00e4\u00e4r\u00e4np\u00e4\u00e4h\u00e4ns\u00e4.<\/p>\n\n<p><strong>Pys\u00e4hdys Yhdysvalloissa<\/strong>: kauttakulkuviisumia ei tarvitse hakea. Voit yksinkertaisesti hakea ESTA-matkustuslupaa napsauttamalla <a href=\"https:\/\/usa-b2.com\/fi\/esta-lomake-verkossa\/\">ESTA-verkkolomaketta<\/a>. <\/p>\n\n<div style=\"height:10px\" aria-hidden=\"true\" class=\"wp-block-spacer\"><\/div>\n\n<h2 class=\"wp-block-heading\">Mik\u00e4 on kauttakulkuviisumi?<\/h2>\n\n<p>Yhdysvaltain kauttakulkuviisumi on lupa saapua Yhdysvaltoihin. Sen ansiosta voit j\u00e4\u00e4d\u00e4 Yhdysvaltoihin v\u00e4lilaskun ajaksi. Viisuminhaltijan on jatkettava matkaansa ja poistuttava Yhdysvalloista suunnitellusti.<\/p>\n\n<h2 class=\"wp-block-heading\">Kuka voi hakea kauttakulkuviisumia?<\/h2>\n\n<p>Kaikki ulkomaiset matkustajat, jotka tekev\u00e4t v\u00e4lilaskun Yhdysvaltoihin, voivat hakea Yhdysvaltojen kauttakulkuviisumia. Heid\u00e4n lopullinen m\u00e4\u00e4r\u00e4np\u00e4\u00e4ns\u00e4 ei saa olla Yhdysvalloissa, muuten heid\u00e4n on haettava <a href=\"https:\/\/usa-b2.com\/fi\/yhdysvallat-vierailijaviisumi\/\">B1\/B2-vierailuviisumia<\/a> tai muunlaista viisumia Yhdysvaltoihin.   <\/p>\n\n<p>On olemassa useita muita erityistapauksia, kuten :  <\/p>\n\n<ul class=\"wp-block-list\">\n<li>Ulkomaalaiset tai YK:n virkamiehet voivat my\u00f6s saada kauttakulkuviisumin YK:n operaatioihin New Yorkissa;<\/li>\n\n\n\n<li>Ulkomaiset virkamiehet, jotka matkustavat valtion asioissa, voivat saada kauttakulkuviisumin pys\u00e4htymist\u00e4 varten Yhdysvalloissa.<\/li>\n<\/ul>\n\n<h2 class=\"wp-block-heading\">Mit\u00e4 erilaisia kauttakulkuviisumeja on olemassa?<\/h2>\n\n<p>Kauttakulkuviisumit jaetaan kolmeen p\u00e4\u00e4ryhm\u00e4\u00e4n, jotka soveltuvat erilaisiin matkustustilanteisiin:<\/p>\n\n<ol class=\"wp-block-list\">\n<li><strong>C1-viisumi: perinteisille kauttakulkumatkustajille<\/strong><br \/>T\u00e4m\u00e4ntyyppinen viisumi on tarkoitettu matkustajille, jotka pys\u00e4htyv\u00e4t v\u00e4liaikaisesti jossakin maassa ennen kuin jatkavat matkaansa lopulliseen m\u00e4\u00e4r\u00e4np\u00e4\u00e4h\u00e4n. Jos matkustat esimerkiksi toiseen maahan jatkolennolla, joka edellytt\u00e4\u00e4 maahan saapumista, C1-viisumi antaa sinulle mahdollisuuden oleskella laillisesti kauttakulkualueella tai matkustaa sinne lyhytaikaisesti. T\u00e4t\u00e4 viisumia k\u00e4ytt\u00e4v\u00e4t usein matkailijat tai kansainv\u00e4lisill\u00e4 matkoilla olevat ammattilaiset.<\/li>\n\n\n\n<li><strong>C2-viisumi: YK:n p\u00e4\u00e4majaan matk<\/strong>ustaville<br \/>C2-viisumi on tarkoitettu yksinomaan henkil\u00f6ille, jotka matkustavat Yhdistyneiden Kansakuntien p\u00e4\u00e4majaan New Yorkiin virallisia teht\u00e4vi\u00e4 tai YK:hon liittyvi\u00e4 tapahtumia varten. Sit\u00e4 sovelletaan tiukasti kauttakulkuun, ja se rajoittaa yleens\u00e4 matkustamisen YK:n alueelle. T\u00e4m\u00e4 viisumi on tarkoitettu kansainv\u00e4lisiin konferensseihin tai kokouksiin osallistuvien delegaattien, ty\u00f6ntekij\u00f6iden tai edustajien tarpeisiin.<\/li>\n\n\n\n<li><strong>C3-viisumi: ulkovaltojen hallitusten j\u00e4senille<\/strong><br \/>T\u00e4m\u00e4 viisumi on tarkoitettu ulkovaltojen hallitusten j\u00e4senille, heid\u00e4n perheenj\u00e4senilleen tai heid\u00e4n saattajilleen, jotka matkustavat jonkin maan kautta virka-asioissa. Se kuvastaa heid\u00e4n diplomaattista asemaansa ja antaa heille mahdollisuuden kulkea lyhyesti maan l\u00e4pi kansainv\u00e4lisi\u00e4 protokollia kunnioittaen.<\/li>\n<\/ol>\n\n<p>Matkustajan profiilista riippuen on t\u00e4rke\u00e4\u00e4 valita oikea viisumiluokka.<\/p>\n\n<h2 class=\"wp-block-heading\">Miten saan kauttakulkuviisumin?<\/h2>\n\n<p>Jotta voit saada kauttakulkuviisumin Yhdysvaltoihin, sinun on noudatettava useita vaiheita:<\/p>\n\n<ul class=\"wp-block-list\">\n<li>M\u00e4\u00e4rit\u00e4, mink\u00e4 tyyppinen viisumi tarvitaan, C1-, C2- tai C3-viisumi tilanteesta riippuen;<\/li>\n\n\n\n<li>T\u00e4yt\u00e4 <a href=\"https:\/\/usa-b2.com\/fi\/ds-160\/\">lomake DS-160<\/a> verkossa antamalla tarkat ja t\u00e4ydelliset tiedot.<\/li>\n\n\n\n<li>Kun lomake on toimitettu, maksa <a href=\"https:\/\/usa-b2.com\/fr\/frais-visa-b2-usa\/\">viisumihakemusmaksu<\/a>, jota ei tarvitse palauttaa.<\/li>\n\n\n\n<li>Varaa sitten aika <a href=\"https:\/\/usa-b2.com\/fi\/usa-suurlahetyston-viisumivaraus\/\">haastatteluun Yhdysvaltojen suurl\u00e4hetyst\u00f6\u00f6n<\/a> asuinmaassasi. T\u00e4ss\u00e4 haastattelussa sinun on esitett\u00e4v\u00e4 todistusasiakirjat, kuten : \n<ul class=\"wp-block-list\">\n<li><a href=\"https:\/\/usa-b2.com\/fi\/passi-yhdysvaltoihin-matkustamista-varten\/\">Yhdysvaltoihin matkustamiseen kelpaava passi<\/a><\/li>\n\n\n\n<li>Vaatimukset t\u00e4ytt\u00e4v\u00e4 kuva<\/li>\n\n\n\n<li><a href=\"https:\/\/usa-b2.com\/fi\/ds-160\/\">DS-160-lomakkeen<\/a> vahvistus<\/li>\n\n\n\n<li>Todisteet matkasuunnitelmasta, esim. lentoliput.<\/li>\n\n\n\n<li>Mik\u00e4 tahansa asiakirja, joka todistaa virallisen aseman C2- tai C3-viisumin nojalla.<\/li>\n<\/ul>\n<\/li>\n<\/ul>\n\n<div style=\"height:10px\" aria-hidden=\"true\" class=\"wp-block-spacer\"><\/div>\n\n<p>On t\u00e4rke\u00e4\u00e4 osoittaa, ett\u00e4 Yhdysvaltojen kautta tapahtuva kauttakulku ei anna mahdollisuutta j\u00e4\u00e4d\u00e4 maahan. Kun viisumi on hyv\u00e4ksytty, se kiinnitet\u00e4\u00e4n passiin laillista kauttakulkua varten.<\/p>\n","protected":false},"excerpt":{"rendered":"<p>Viisumin hankkiminen USA:n kautta tapahtuvaa kauttakulkua varten Ulkomaalaisilla matkustajilla on oltava lupa kulkea Yhdysvaltojen alueen kautta, jos he haluavat tehd\u00e4 v\u00e4lilaskun Yhdysvaltoihin. Kauttakulkuviisumin avulla matkustajat voivat matkustaa Yhdysvaltojen kautta matkalla lopulliseen m\u00e4\u00e4r\u00e4np\u00e4\u00e4h\u00e4ns\u00e4. Pys\u00e4hdys Yhdysvalloissa: kauttakulkuviisumia ei tarvitse hakea. Voit yksinkertaisesti hakea ESTA-matkustuslupaa napsauttamalla ESTA-verkkolomaketta. Mik\u00e4 on kauttakulkuviisumi? Yhdysvaltain kauttakulkuviisumi on lupa saapua Yhdysvaltoihin. Sen ansiosta [&hellip;]<\/p>\n","protected":false},"author":1,"featured_media":0,"parent":0,"menu_order":0,"comment_status":"closed","ping_status":"closed","template":"","meta":{"footnotes":""},"class_list":["post-3946","page","type-page","status-publish","hentry"],"yoast_head":"<!-- This site is optimized with the Yoast SEO plugin v27.4 - https:\/\/yoast.com\/product\/yoast-seo-wordpress\/ -->\n<title>Kauttakulkuviisumi Yhdysvaltoihin - USA B2<\/title>\n<meta name=\"description\" content=\"Jos haluat tehd\u00e4 v\u00e4lilaskun Yhdysvaltoihin, tarvitset voimassa olevan viisumin tai ESTA-luvan.\" \/>\n<meta name=\"robots\" content=\"index, follow, max-snippet:-1, max-image-preview:large, max-video-preview:-1\" \/>\n<link rel=\"canonical\" href=\"https:\/\/usa-b2.com\/fi\/yhdysvallat-kauttakulkuviisumi\/\" \/>\n<meta property=\"og:locale\" content=\"fi_FI\" \/>\n<meta property=\"og:type\" content=\"article\" \/>\n<meta property=\"og:title\" content=\"Kauttakulkuviisumi Yhdysvaltoihin - USA B2\" \/>\n<meta property=\"og:description\" content=\"Jos haluat tehd\u00e4 v\u00e4lilaskun Yhdysvaltoihin, tarvitset voimassa olevan viisumin tai ESTA-luvan.\" \/>\n<meta property=\"og:url\" content=\"https:\/\/usa-b2.com\/fi\/yhdysvallat-kauttakulkuviisumi\/\" \/>\n<meta property=\"og:site_name\" content=\"USA B2\" \/>\n<meta property=\"article:modified_time\" content=\"2025-10-28T20:41:56+00:00\" \/>\n<meta name=\"twitter:card\" content=\"summary_large_image\" \/>\n<meta name=\"twitter:label1\" content=\"Arvioitu lukuaika\" \/>\n\t<meta name=\"twitter:data1\" content=\"2 minuuttia\" \/>\n<script type=\"application\/ld+json\" class=\"yoast-schema-graph\">{\"@context\":\"https:\\\/\\\/schema.org\",\"@graph\":[{\"@type\":\"WebPage\",\"@id\":\"https:\\\/\\\/usa-b2.com\\\/fi\\\/yhdysvallat-kauttakulkuviisumi\\\/\",\"url\":\"https:\\\/\\\/usa-b2.com\\\/fi\\\/yhdysvallat-kauttakulkuviisumi\\\/\",\"name\":\"Kauttakulkuviisumi Yhdysvaltoihin - USA B2\",\"isPartOf\":{\"@id\":\"https:\\\/\\\/usa-b2.com\\\/fi\\\/#website\"},\"datePublished\":\"2024-02-27T10:27:31+00:00\",\"dateModified\":\"2025-10-28T20:41:56+00:00\",\"description\":\"Jos haluat tehd\u00e4 v\u00e4lilaskun Yhdysvaltoihin, tarvitset voimassa olevan viisumin tai ESTA-luvan.\",\"breadcrumb\":{\"@id\":\"https:\\\/\\\/usa-b2.com\\\/fi\\\/yhdysvallat-kauttakulkuviisumi\\\/#breadcrumb\"},\"inLanguage\":\"fi\",\"potentialAction\":[{\"@type\":\"ReadAction\",\"target\":[\"https:\\\/\\\/usa-b2.com\\\/fi\\\/yhdysvallat-kauttakulkuviisumi\\\/\"]}]},{\"@type\":\"BreadcrumbList\",\"@id\":\"https:\\\/\\\/usa-b2.com\\\/fi\\\/yhdysvallat-kauttakulkuviisumi\\\/#breadcrumb\",\"itemListElement\":[{\"@type\":\"ListItem\",\"position\":1,\"name\":\"Accueil\",\"item\":\"https:\\\/\\\/usa-b2.com\\\/fi\\\/usa\\\/\"},{\"@type\":\"ListItem\",\"position\":2,\"name\":\"Kauttakulkuviisumi Yhdysvaltoihin\"}]},{\"@type\":\"WebSite\",\"@id\":\"https:\\\/\\\/usa-b2.com\\\/fi\\\/#website\",\"url\":\"https:\\\/\\\/usa-b2.com\\\/fi\\\/\",\"name\":\"USA B2 VISA\",\"description\":\"\",\"potentialAction\":[{\"@type\":\"SearchAction\",\"target\":{\"@type\":\"EntryPoint\",\"urlTemplate\":\"https:\\\/\\\/usa-b2.com\\\/fi\\\/?s={search_term_string}\"},\"query-input\":{\"@type\":\"PropertyValueSpecification\",\"valueRequired\":true,\"valueName\":\"search_term_string\"}}],\"inLanguage\":\"fi\"}]}<\/script>\n<!-- \/ Yoast SEO plugin. -->","yoast_head_json":{"title":"Kauttakulkuviisumi Yhdysvaltoihin - USA B2","description":"Jos haluat tehd\u00e4 v\u00e4lilaskun Yhdysvaltoihin, tarvitset voimassa olevan viisumin tai ESTA-luvan.","robots":{"index":"index","follow":"follow","max-snippet":"max-snippet:-1","max-image-preview":"max-image-preview:large","max-video-preview":"max-video-preview:-1"},"canonical":"https:\/\/usa-b2.com\/fi\/yhdysvallat-kauttakulkuviisumi\/","og_locale":"fi_FI","og_type":"article","og_title":"Kauttakulkuviisumi Yhdysvaltoihin - USA B2","og_description":"Jos haluat tehd\u00e4 v\u00e4lilaskun Yhdysvaltoihin, tarvitset voimassa olevan viisumin tai ESTA-luvan.","og_url":"https:\/\/usa-b2.com\/fi\/yhdysvallat-kauttakulkuviisumi\/","og_site_name":"USA B2","article_modified_time":"2025-10-28T20:41:56+00:00","twitter_card":"summary_large_image","twitter_misc":{"Arvioitu lukuaika":"2 minuuttia"},"schema":{"@context":"https:\/\/schema.org","@graph":[{"@type":"WebPage","@id":"https:\/\/usa-b2.com\/fi\/yhdysvallat-kauttakulkuviisumi\/","url":"https:\/\/usa-b2.com\/fi\/yhdysvallat-kauttakulkuviisumi\/","name":"Kauttakulkuviisumi Yhdysvaltoihin - USA B2","isPartOf":{"@id":"https:\/\/usa-b2.com\/fi\/#website"},"datePublished":"2024-02-27T10:27:31+00:00","dateModified":"2025-10-28T20:41:56+00:00","description":"Jos haluat tehd\u00e4 v\u00e4lilaskun Yhdysvaltoihin, tarvitset voimassa olevan viisumin tai ESTA-luvan.","breadcrumb":{"@id":"https:\/\/usa-b2.com\/fi\/yhdysvallat-kauttakulkuviisumi\/#breadcrumb"},"inLanguage":"fi","potentialAction":[{"@type":"ReadAction","target":["https:\/\/usa-b2.com\/fi\/yhdysvallat-kauttakulkuviisumi\/"]}]},{"@type":"BreadcrumbList","@id":"https:\/\/usa-b2.com\/fi\/yhdysvallat-kauttakulkuviisumi\/#breadcrumb","itemListElement":[{"@type":"ListItem","position":1,"name":"Accueil","item":"https:\/\/usa-b2.com\/fi\/usa\/"},{"@type":"ListItem","position":2,"name":"Kauttakulkuviisumi Yhdysvaltoihin"}]},{"@type":"WebSite","@id":"https:\/\/usa-b2.com\/fi\/#website","url":"https:\/\/usa-b2.com\/fi\/","name":"USA B2 VISA","description":"","potentialAction":[{"@type":"SearchAction","target":{"@type":"EntryPoint","urlTemplate":"https:\/\/usa-b2.com\/fi\/?s={search_term_string}"},"query-input":{"@type":"PropertyValueSpecification","valueRequired":true,"valueName":"search_term_string"}}],"inLanguage":"fi"}]}},"_links":{"self":[{"href":"https:\/\/usa-b2.com\/fi\/wp-json\/wp\/v2\/pages\/3946","targetHints":{"allow":["GET"]}}],"collection":[{"href":"https:\/\/usa-b2.com\/fi\/wp-json\/wp\/v2\/pages"}],"about":[{"href":"https:\/\/usa-b2.com\/fi\/wp-json\/wp\/v2\/types\/page"}],"author":[{"embeddable":true,"href":"https:\/\/usa-b2.com\/fi\/wp-json\/wp\/v2\/users\/1"}],"replies":[{"embeddable":true,"href":"https:\/\/usa-b2.com\/fi\/wp-json\/wp\/v2\/comments?post=3946"}],"version-history":[{"count":3,"href":"https:\/\/usa-b2.com\/fi\/wp-json\/wp\/v2\/pages\/3946\/revisions"}],"predecessor-version":[{"id":10740,"href":"https:\/\/usa-b2.com\/fi\/wp-json\/wp\/v2\/pages\/3946\/revisions\/10740"}],"wp:attachment":[{"href":"https:\/\/usa-b2.com\/fi\/wp-json\/wp\/v2\/media?parent=3946"}],"curies":[{"name":"wp","href":"https:\/\/api.w.org\/{rel}","templated":true}]}}