{"id":3944,"date":"2024-02-10T17:09:57","date_gmt":"2024-02-10T17:09:57","guid":{"rendered":"https:\/\/usa-b2.com\/ero-viisumin-ja-esta-n-valilla\/"},"modified":"2025-10-28T20:38:07","modified_gmt":"2025-10-28T20:38:07","slug":"ero-viisumin-ja-esta-n-valilla","status":"publish","type":"page","link":"https:\/\/usa-b2.com\/fi\/ero-viisumin-ja-esta-n-valilla\/","title":{"rendered":"Mit\u00e4 eroa on viisumilla ja ESTA-viisumilla?"},"content":{"rendered":"\n<h1 class=\"wp-block-heading\">Mitk\u00e4 ovat viisumin ja ESTA-luvan t\u00e4rkeimm\u00e4t erot?<\/h1>\n\n<p>ESTA-lupa ja viisumi ovat molemmat tarvittavia asiakirjoja Yhdysvaltoihin saapumista varten. Ne eroavat kuitenkin toisistaan niiden hankkimismenettelyjen, voimassaoloaikojen ja k\u00e4ytt\u00f6ehtojen osalta. Viisumin ja ESTA-luvan kolme keskeist\u00e4 eroa ovat seuraavat:  <\/p>\n\n<ol class=\"wp-block-list\">\n<li>Viisumin my\u00f6nt\u00e4\u00e4 <a href=\"https:\/\/usa-b2.com\/fi\/yhdysvaltain-suurlahetysto\/\">Yhdysvaltain suurl\u00e4hetyst\u00f6<\/a> tai konsulaatti matkustajan asuinmaassa, kun taas ESTA-viisumi on s\u00e4hk\u00f6inen lupa, joka hankitaan verkossa.<\/li>\n\n\n\n<li>Viisumilla on erityiset ehdot ja kullekin viisumityypille tietty voimassaoloaika, kun taas ESTA-viisumi on voimassa lyhytaikaiseen, alle 90 p\u00e4iv\u00e4n oleskeluun viisumivapausohjelman mukaisesti. <a href=\"https:\/\/usa-b2.com\/fi\/esta-voimassaoloaika\/\">ESTA on voimassa<\/a> enint\u00e4\u00e4n 2 vuotta. <\/li>\n\n\n\n<li><a href=\"https:\/\/usa-b2.com\/fi\/hakumenettely-b2-viisumin\/\">Viisumin hankkimiseen<\/a> liittyy usein <a href=\"https:\/\/usa-b2.com\/fi\/usa-suurlahetyston-viisumivaraus\/\">konsulihaastattelu<\/a> ja lis\u00e4asiakirjoja, kun taas ESTA-viisumin saamiseksi sinun on vain t\u00e4ytett\u00e4v\u00e4 <a href=\"https:\/\/usa-b2.com\/fi\/esta-lomake-verkossa\/\">verkkolomake<\/a> ja maksettava maksu suoraan.<\/li>\n<\/ol>\n\n<h2 class=\"wp-block-heading\">Onko ESTA-viisumi amerikkalainen viisumi?<\/h2>\n\n<p>Ei, hyv\u00e4ksytty ESTA-lupa ei ole viisumi. <a href=\"https:\/\/usa-b2.com\/fi\/mika-on-esta\/\">ESTA-lupaa<\/a> ei voi k\u00e4ytt\u00e4\u00e4 Yhdysvaltain lain mukaan Yhdysvaltain viisumina. ESTA-luvalla ei ole <a href=\"https:\/\/usa-b2.com\/fi\/yhdysvallat-vierailijaviisumi\/\">Yhdysvaltain viisumia<\/a> koskevia oikeudellisia ja lains\u00e4\u00e4d\u00e4nn\u00f6llisi\u00e4 vaatimuksia.  <\/p>\n\n<h2 class=\"wp-block-heading\">Voinko matkustaa ESTAluvalla, jos minulla on viisumi Yhdysvaltoihin?<\/h2>\n\n<p>Ei, henkil\u00f6n, jolla on voimassa oleva Yhdysvaltain viisumi, on matkustettava Yhdysvaltoihin kyseisen viisumin kanssa. Matkan on vastattava sit\u00e4 tarkoitusta, jota varten viisumi on saatu. Matkustajan ei tarvitse <a href=\"https:\/\/usa-b2.com\/fi\/esta-lomake-verkossa\/\">hakea ESTA-viisumia verkossa<\/a> voidakseen matkustaa.    <\/p>\n\n<h2 class=\"wp-block-heading\">Voivatko EU:n kansalaiset matkustaa Yhdysvaltoihin ilman viisumia?<\/h2>\n\n<p>Euroopan kansalaiset voivat matkustaa Yhdysvaltoihin ilman viisumia hankkimalla ESTA-luvan tietyin edellytyksin:<\/p>\n\n<ul class=\"wp-block-list\">\n<li>oleskelun on kestett\u00e4v\u00e4 alle 90 p\u00e4iv\u00e4\u00e4 paikan p\u00e4\u00e4ll\u00e4.<\/li>\n\n\n\n<li>Tarvitset <a href=\"https:\/\/usa-b2.com\/fi\/passi-yhdysvaltoihin-matkustamista-varten\/\">biometrisen tai s\u00e4hk\u00f6isen passin<\/a>.<\/li>\n\n\n\n<li>Sinun on matkustettava sellaisen yrityksen kanssa, joka on hyv\u00e4ksytty <a href=\"https:\/\/usa-b2.com\/fi\/viisumivapausohjelma\/\">viisumivapausohjelmaan<\/a>.<\/li>\n\n\n\n<li>Matkustajilla on oltava meno-paluulippu.<\/li>\n<\/ul>\n\n<p><strong>Poikkeus<\/strong>: Jotkin Euroopan maat eiv\u00e4t edelleenk\u00e4\u00e4n kuulu <a href=\"https:\/\/usa-b2.com\/fi\/viisumivapausohjelma\/\">viisumivapausohjelmaan<\/a>. Niiden kansalaiset eiv\u00e4t voi saada ESTA-lupaa, vaan heid\u00e4n on <a href=\"https:\/\/usa-b2.com\/fi\/hakumenettely-b2-viisumin\/\">haettava B2-viisumia<\/a> verkossa matkustaakseen Yhdysvaltoihin. T\u00e4llaisia maita ovat l\u00e4hinn\u00e4 seuraavat Euroopan maat: Bulgaria, Romania ja Kypros.  <\/p>\n","protected":false},"excerpt":{"rendered":"<p>Mitk\u00e4 ovat viisumin ja ESTA-luvan t\u00e4rkeimm\u00e4t erot? ESTA-lupa ja viisumi ovat molemmat tarvittavia asiakirjoja Yhdysvaltoihin saapumista varten. Ne eroavat kuitenkin toisistaan niiden hankkimismenettelyjen, voimassaoloaikojen ja k\u00e4ytt\u00f6ehtojen osalta. Viisumin ja ESTA-luvan kolme keskeist\u00e4 eroa ovat seuraavat: Onko ESTA-viisumi amerikkalainen viisumi? Ei, hyv\u00e4ksytty ESTA-lupa ei ole viisumi. ESTA-lupaa ei voi k\u00e4ytt\u00e4\u00e4 Yhdysvaltain lain mukaan Yhdysvaltain viisumina. ESTA-luvalla [&hellip;]<\/p>\n","protected":false},"author":1,"featured_media":0,"parent":0,"menu_order":0,"comment_status":"closed","ping_status":"closed","template":"","meta":{"footnotes":""},"class_list":["post-3944","page","type-page","status-publish","hentry"],"yoast_head":"<!-- This site is optimized with the Yoast SEO plugin v27.0 - https:\/\/yoast.com\/product\/yoast-seo-wordpress\/ -->\n<title>Mit\u00e4 eroa on viisumilla ja ESTA-viisumilla? - USA B2<\/title>\n<meta name=\"description\" content=\"Yhdysvaltojen viisumin ja ESTA-matkustusluvan v\u00e4lisen eron ymm\u00e4rt\u00e4minen Yhdysvaltoihin matkustamista varten.\" \/>\n<meta name=\"robots\" content=\"index, follow, max-snippet:-1, max-image-preview:large, max-video-preview:-1\" \/>\n<link rel=\"canonical\" href=\"https:\/\/usa-b2.com\/fi\/ero-viisumin-ja-esta-n-valilla\/\" \/>\n<meta property=\"og:locale\" content=\"fi_FI\" \/>\n<meta property=\"og:type\" content=\"article\" \/>\n<meta property=\"og:title\" content=\"Mit\u00e4 eroa on viisumilla ja ESTA-viisumilla? - USA B2\" \/>\n<meta property=\"og:description\" content=\"Yhdysvaltojen viisumin ja ESTA-matkustusluvan v\u00e4lisen eron ymm\u00e4rt\u00e4minen Yhdysvaltoihin matkustamista varten.\" \/>\n<meta property=\"og:url\" content=\"https:\/\/usa-b2.com\/fi\/ero-viisumin-ja-esta-n-valilla\/\" \/>\n<meta property=\"og:site_name\" content=\"USA B2\" \/>\n<meta property=\"article:modified_time\" content=\"2025-10-28T20:38:07+00:00\" \/>\n<meta name=\"twitter:card\" content=\"summary_large_image\" \/>\n<meta name=\"twitter:label1\" content=\"Arvioitu lukuaika\" \/>\n\t<meta name=\"twitter:data1\" content=\"1 minuutti\" \/>\n<script type=\"application\/ld+json\" class=\"yoast-schema-graph\">{\"@context\":\"https:\/\/schema.org\",\"@graph\":[{\"@type\":\"WebPage\",\"@id\":\"https:\/\/usa-b2.com\/fi\/ero-viisumin-ja-esta-n-valilla\/\",\"url\":\"https:\/\/usa-b2.com\/fi\/ero-viisumin-ja-esta-n-valilla\/\",\"name\":\"Mit\u00e4 eroa on viisumilla ja ESTA-viisumilla? - USA B2\",\"isPartOf\":{\"@id\":\"https:\/\/usa-b2.com\/fi\/#website\"},\"datePublished\":\"2024-02-10T17:09:57+00:00\",\"dateModified\":\"2025-10-28T20:38:07+00:00\",\"description\":\"Yhdysvaltojen viisumin ja ESTA-matkustusluvan v\u00e4lisen eron ymm\u00e4rt\u00e4minen Yhdysvaltoihin matkustamista varten.\",\"breadcrumb\":{\"@id\":\"https:\/\/usa-b2.com\/fi\/ero-viisumin-ja-esta-n-valilla\/#breadcrumb\"},\"inLanguage\":\"fi\",\"potentialAction\":[{\"@type\":\"ReadAction\",\"target\":[\"https:\/\/usa-b2.com\/fi\/ero-viisumin-ja-esta-n-valilla\/\"]}]},{\"@type\":\"BreadcrumbList\",\"@id\":\"https:\/\/usa-b2.com\/fi\/ero-viisumin-ja-esta-n-valilla\/#breadcrumb\",\"itemListElement\":[{\"@type\":\"ListItem\",\"position\":1,\"name\":\"Accueil\",\"item\":\"https:\/\/usa-b2.com\/fi\/roadtrips-usa\/\"},{\"@type\":\"ListItem\",\"position\":2,\"name\":\"Mit\u00e4 eroa on viisumilla ja ESTA-viisumilla?\"}]},{\"@type\":\"WebSite\",\"@id\":\"https:\/\/usa-b2.com\/fi\/#website\",\"url\":\"https:\/\/usa-b2.com\/fi\/\",\"name\":\"USA B2 VISA\",\"description\":\"\",\"potentialAction\":[{\"@type\":\"SearchAction\",\"target\":{\"@type\":\"EntryPoint\",\"urlTemplate\":\"https:\/\/usa-b2.com\/fi\/?s={search_term_string}\"},\"query-input\":{\"@type\":\"PropertyValueSpecification\",\"valueRequired\":true,\"valueName\":\"search_term_string\"}}],\"inLanguage\":\"fi\"}]}<\/script>\n<!-- \/ Yoast SEO plugin. -->","yoast_head_json":{"title":"Mit\u00e4 eroa on viisumilla ja ESTA-viisumilla? - USA B2","description":"Yhdysvaltojen viisumin ja ESTA-matkustusluvan v\u00e4lisen eron ymm\u00e4rt\u00e4minen Yhdysvaltoihin matkustamista varten.","robots":{"index":"index","follow":"follow","max-snippet":"max-snippet:-1","max-image-preview":"max-image-preview:large","max-video-preview":"max-video-preview:-1"},"canonical":"https:\/\/usa-b2.com\/fi\/ero-viisumin-ja-esta-n-valilla\/","og_locale":"fi_FI","og_type":"article","og_title":"Mit\u00e4 eroa on viisumilla ja ESTA-viisumilla? - USA B2","og_description":"Yhdysvaltojen viisumin ja ESTA-matkustusluvan v\u00e4lisen eron ymm\u00e4rt\u00e4minen Yhdysvaltoihin matkustamista varten.","og_url":"https:\/\/usa-b2.com\/fi\/ero-viisumin-ja-esta-n-valilla\/","og_site_name":"USA B2","article_modified_time":"2025-10-28T20:38:07+00:00","twitter_card":"summary_large_image","twitter_misc":{"Arvioitu lukuaika":"1 minuutti"},"schema":{"@context":"https:\/\/schema.org","@graph":[{"@type":"WebPage","@id":"https:\/\/usa-b2.com\/fi\/ero-viisumin-ja-esta-n-valilla\/","url":"https:\/\/usa-b2.com\/fi\/ero-viisumin-ja-esta-n-valilla\/","name":"Mit\u00e4 eroa on viisumilla ja ESTA-viisumilla? - USA B2","isPartOf":{"@id":"https:\/\/usa-b2.com\/fi\/#website"},"datePublished":"2024-02-10T17:09:57+00:00","dateModified":"2025-10-28T20:38:07+00:00","description":"Yhdysvaltojen viisumin ja ESTA-matkustusluvan v\u00e4lisen eron ymm\u00e4rt\u00e4minen Yhdysvaltoihin matkustamista varten.","breadcrumb":{"@id":"https:\/\/usa-b2.com\/fi\/ero-viisumin-ja-esta-n-valilla\/#breadcrumb"},"inLanguage":"fi","potentialAction":[{"@type":"ReadAction","target":["https:\/\/usa-b2.com\/fi\/ero-viisumin-ja-esta-n-valilla\/"]}]},{"@type":"BreadcrumbList","@id":"https:\/\/usa-b2.com\/fi\/ero-viisumin-ja-esta-n-valilla\/#breadcrumb","itemListElement":[{"@type":"ListItem","position":1,"name":"Accueil","item":"https:\/\/usa-b2.com\/fi\/roadtrips-usa\/"},{"@type":"ListItem","position":2,"name":"Mit\u00e4 eroa on viisumilla ja ESTA-viisumilla?"}]},{"@type":"WebSite","@id":"https:\/\/usa-b2.com\/fi\/#website","url":"https:\/\/usa-b2.com\/fi\/","name":"USA B2 VISA","description":"","potentialAction":[{"@type":"SearchAction","target":{"@type":"EntryPoint","urlTemplate":"https:\/\/usa-b2.com\/fi\/?s={search_term_string}"},"query-input":{"@type":"PropertyValueSpecification","valueRequired":true,"valueName":"search_term_string"}}],"inLanguage":"fi"}]}},"_links":{"self":[{"href":"https:\/\/usa-b2.com\/fi\/wp-json\/wp\/v2\/pages\/3944","targetHints":{"allow":["GET"]}}],"collection":[{"href":"https:\/\/usa-b2.com\/fi\/wp-json\/wp\/v2\/pages"}],"about":[{"href":"https:\/\/usa-b2.com\/fi\/wp-json\/wp\/v2\/types\/page"}],"author":[{"embeddable":true,"href":"https:\/\/usa-b2.com\/fi\/wp-json\/wp\/v2\/users\/1"}],"replies":[{"embeddable":true,"href":"https:\/\/usa-b2.com\/fi\/wp-json\/wp\/v2\/comments?post=3944"}],"version-history":[{"count":2,"href":"https:\/\/usa-b2.com\/fi\/wp-json\/wp\/v2\/pages\/3944\/revisions"}],"predecessor-version":[{"id":10735,"href":"https:\/\/usa-b2.com\/fi\/wp-json\/wp\/v2\/pages\/3944\/revisions\/10735"}],"wp:attachment":[{"href":"https:\/\/usa-b2.com\/fi\/wp-json\/wp\/v2\/media?parent=3944"}],"curies":[{"name":"wp","href":"https:\/\/api.w.org\/{rel}","templated":true}]}}