{"id":3935,"date":"2024-02-10T17:18:58","date_gmt":"2024-02-10T17:18:58","guid":{"rendered":"https:\/\/usa-b2.com\/viisumi-washingtoniin\/"},"modified":"2025-10-28T20:41:57","modified_gmt":"2025-10-28T20:41:57","slug":"viisumi-washingtoniin","status":"publish","type":"page","link":"https:\/\/usa-b2.com\/fi\/viisumi-washingtoniin\/","title":{"rendered":"Viisumin hankkiminen Washingtoniin matkustamista varten"},"content":{"rendered":"\n<h1 class=\"wp-block-heading\" id=\"h-visa-chicago-pour-les-usa\">Washingtonin viisumi Yhdysvaltoihin matkustamista varten<\/h1>\n\n<p>Ulkomaalaisilla matkustajilla, jotka haluavat laskeutua Washingtoniin Yhdysvaltoihin matkustaakseen, on oltava voimassa oleva matkustuslupa. Matkustuslupia on erityyppisi\u00e4, ja ne riippuvat Yhdysvalloissa oleskelun tarkoituksesta ja kestosta. <\/p>\n\n<h2 class=\"wp-block-heading\" id=\"h-faut-il-un-visa-pour-chicago\">Tarvitsenko viisumin Washingtoniin?<\/h2>\n\n<p>Washington on Yhdysvaltojen p\u00e4\u00e4kaupunki. Ulkomaalaisilla matkustajilla on oltava <a href=\"https:\/\/usa-b2.com\/fi\/b2-viisumi\/\">B2-viisumi<\/a>, jos he vierailevat Yhdysvalloissa Washingtonin kautta yli 3 kuukautta. <\/p>\n\n<p><strong>Alle 90 p\u00e4iv\u00e4n oleskelu<\/strong>: Washingtoniin ei tarvitse hankkia b2-viisumia. Sinun tarvitsee vain hankkia matkustuslupa etuk\u00e4teen napsauttamalla <a href=\"https:\/\/usa-b2.com\/fi\/esta-lomake-verkossa\/\">ESTA-verkkolomaketta<\/a>. <\/p>\n\n<div style=\"height:10px\" aria-hidden=\"true\" class=\"wp-block-spacer\"><\/div>\n\n<h2 class=\"wp-block-heading\">Mik\u00e4 on turistiviisumi Washingtoniin?<\/h2>\n\n<p>Washingtonin B2-turistiviisumi antaa matkustajille mahdollisuuden saapua Washingtoniin Yhdysvaltoihin oleskelua varten. B2-viisumilla matkustajat voivat k\u00e4yd\u00e4 katsomassa n\u00e4ht\u00e4vyyksi\u00e4 tai vierailla Yhdysvalloissa asuvien sukulaisten luona. Viisumi on aluksi voimassa 6 kuukautta.  <\/p>\n\n<h2 class=\"wp-block-heading\">Tarvitsenko viisumin pys\u00e4hty\u00e4kseni Washingtonissa?<\/h2>\n\n<p>Jotta matkustajat voivat tehd\u00e4 v\u00e4lilaskun Washingtonissa, heill\u00e4 on oltava voimassa oleva matkustuslupa. Mahdollisia matkustuslupia on useita.  <\/p>\n\n<p>Jos matkustaja on sellaisen maan kansalainen, joka kuuluu <a href=\"https:\/\/usa-b2.com\/fi\/viisumivapausohjelma\/\">viisumivapausohjelmaan<\/a>, <a href=\"https:\/\/usa-b2.com\/fi\/yhdysvallat-kauttakulkuviisumi\/\">kauttakulkuviisumia<\/a> ei tarvitse hankkia. Matkustajat voivat kulkea Washingtonin kautta yksinkertaisella ESTA-luvalla. <\/p>\n\n<p>Jos et ole viisumivapausmaan kansalainen, sinun on <a href=\"https:\/\/usa-b2.com\/fi\/b2-viisumilomake-verkossa\/\">haettava B2-viisumia<\/a> ennen kuin suunnittelet matkaa, johon sis\u00e4ltyy v\u00e4lilasku Washingtoniin.<\/p>\n\n<h2 class=\"wp-block-heading\" id=\"h-quel-est-le-prix-du-visa-pour-chicago\">Kuinka paljon viisumin hankkiminen Washingtoniin maksaa?<\/h2>\n\n<p><a href=\"https:\/\/usa-b2.com\/fi\/b2-usa-viisumimaksut\/\">B2-viisumin maksu<\/a> Washingtoniin on 185 Yhdysvaltain dollaria vuodesta 2023 alkaen. Maksu on maksettava viisumia haettaessa, jotta hakemus voidaan vahvistaa verkossa. Kuitti maksun maksamisesta on liitett\u00e4v\u00e4 liiteasiakirjoihin osana <a href=\"https:\/\/usa-b2.com\/fi\/hakumenettely-b2-viisumin\/\">B2-viisumihakemusmenettely\u00e4<\/a>.  <\/p>\n\n<h2 class=\"wp-block-heading\" id=\"h-comment-obtenir-un-visa-pour-chicago\">Miten saan viisumin Washingtoniin?<\/h2>\n\n<p>Saadaksesi B2-viisumin Washingtoniin matkustamista varten sinun on teht\u00e4v\u00e4 <a href=\"https:\/\/usa-b2.com\/fi\/hakumenettely-b2-viisumin\/\">viisumihakemus<\/a> <a href=\"https:\/\/www.uscis.gov\/\">USCIS:n<\/a> verkossa. Lopullinen p\u00e4\u00e4t\u00f6s viisumin my\u00f6nt\u00e4misest\u00e4 tehd\u00e4\u00e4n <a href=\"https:\/\/usa-b2.com\/fi\/usa-suurlahetyston-viisumivaraus\/\">Yhdysvaltain suurl\u00e4hetyst\u00f6ss\u00e4 pidett\u00e4v\u00e4n viisumihaastattelun<\/a> j\u00e4lkeen. <\/p>\n\n<h2 class=\"wp-block-heading\" id=\"h-faut-il-un-visa-esta-pour-chicago\">Kuka voi hakea ESTA-lupaa Washingtoniin?<\/h2>\n\n<p>Yhdysvaltain viisumivapausohjelmaan kuuluvien maiden kansalaiset voivat <a href=\"https:\/\/usa-b2.com\/fi\/esta-lomake-verkossa\/\">hakea ESTA-lupaa Washingtoniin verkossa<\/a>. ESTA-luvan saamiseen kuluu paljon v\u00e4hemm\u00e4n aikaa kuin B2-viisumin hankkimiseen <a href=\"https:\/\/usa-b2.com\/fi\/yhdysvaltain-suurlahetysto\/\">Yhdysvaltain suurl\u00e4hetyst\u00f6st\u00e4<\/a>. <\/p>\n\n<p>Washingtoniin my\u00f6nnett\u00e4v\u00e4 ESTA-lupa on voimassa 2 vuotta. Sen voimassaolo voi p\u00e4\u00e4tty\u00e4 aikaisemmin, jos <a href=\"https:\/\/usa-b2.com\/fi\/passi-yhdysvaltoihin-matkustamista-varten\/\">Yhdysvaltoihin matkustamiseen k\u00e4ytetty passi<\/a> vanhenee kahden vuoden aikana. Lupa on sidottu sen hankkimiseen k\u00e4ytettyyn passiin.  <\/p>\n\n<p>ESTA-luvan avulla voit oleskella Yhdysvalloissa enint\u00e4\u00e4n 90 per\u00e4kk\u00e4ist\u00e4 p\u00e4iv\u00e4\u00e4. <a href=\"https:\/\/usa-b2.com\/fi\/esta-voimassaoloaika\/\">ESTA-luvan voimassaoloaikana<\/a>, joka kest\u00e4\u00e4 kaksi vuotta, voit oleskella 90 p\u00e4iv\u00e4\u00e4 useamman kerran. <\/p>\n","protected":false},"excerpt":{"rendered":"<p>Washingtonin viisumi Yhdysvaltoihin matkustamista varten Ulkomaalaisilla matkustajilla, jotka haluavat laskeutua Washingtoniin Yhdysvaltoihin matkustaakseen, on oltava voimassa oleva matkustuslupa. Matkustuslupia on erityyppisi\u00e4, ja ne riippuvat Yhdysvalloissa oleskelun tarkoituksesta ja kestosta. Tarvitsenko viisumin Washingtoniin? Washington on Yhdysvaltojen p\u00e4\u00e4kaupunki. Ulkomaalaisilla matkustajilla on oltava B2-viisumi, jos he vierailevat Yhdysvalloissa Washingtonin kautta yli 3 kuukautta. Alle 90 p\u00e4iv\u00e4n oleskelu: Washingtoniin [&hellip;]<\/p>\n","protected":false},"author":1,"featured_media":0,"parent":0,"menu_order":0,"comment_status":"closed","ping_status":"closed","template":"","meta":{"footnotes":""},"class_list":["post-3935","page","type-page","status-publish","hentry"],"yoast_head":"<!-- This site is optimized with the Yoast SEO plugin v27.0 - https:\/\/yoast.com\/product\/yoast-seo-wordpress\/ -->\n<title>Viisumin hankkiminen Washingtoniin matkustamista varten - USA B2<\/title>\n<meta name=\"description\" content=\"Miten hankit turistiviisumin, jotta voit laskeutua Washingtoniin v\u00e4lilaskua varten tai matkustaa koko Yhdysvaltojen alueella?\" \/>\n<meta name=\"robots\" content=\"index, follow, max-snippet:-1, max-image-preview:large, max-video-preview:-1\" \/>\n<link rel=\"canonical\" href=\"https:\/\/usa-b2.com\/fi\/viisumi-washingtoniin\/\" \/>\n<meta property=\"og:locale\" content=\"fi_FI\" \/>\n<meta property=\"og:type\" content=\"article\" \/>\n<meta property=\"og:title\" content=\"Viisumin hankkiminen Washingtoniin matkustamista varten - USA B2\" \/>\n<meta property=\"og:description\" content=\"Miten hankit turistiviisumin, jotta voit laskeutua Washingtoniin v\u00e4lilaskua varten tai matkustaa koko Yhdysvaltojen alueella?\" \/>\n<meta property=\"og:url\" content=\"https:\/\/usa-b2.com\/fi\/viisumi-washingtoniin\/\" \/>\n<meta property=\"og:site_name\" content=\"USA B2\" \/>\n<meta property=\"article:modified_time\" content=\"2025-10-28T20:41:57+00:00\" \/>\n<meta name=\"twitter:card\" content=\"summary_large_image\" \/>\n<meta name=\"twitter:label1\" content=\"Arvioitu lukuaika\" \/>\n\t<meta name=\"twitter:data1\" content=\"2 minuuttia\" \/>\n<script type=\"application\/ld+json\" class=\"yoast-schema-graph\">{\"@context\":\"https:\/\/schema.org\",\"@graph\":[{\"@type\":\"WebPage\",\"@id\":\"https:\/\/usa-b2.com\/fi\/viisumi-washingtoniin\/\",\"url\":\"https:\/\/usa-b2.com\/fi\/viisumi-washingtoniin\/\",\"name\":\"Viisumin hankkiminen Washingtoniin matkustamista varten - USA B2\",\"isPartOf\":{\"@id\":\"https:\/\/usa-b2.com\/fi\/#website\"},\"datePublished\":\"2024-02-10T17:18:58+00:00\",\"dateModified\":\"2025-10-28T20:41:57+00:00\",\"description\":\"Miten hankit turistiviisumin, jotta voit laskeutua Washingtoniin v\u00e4lilaskua varten tai matkustaa koko Yhdysvaltojen alueella?\",\"breadcrumb\":{\"@id\":\"https:\/\/usa-b2.com\/fi\/viisumi-washingtoniin\/#breadcrumb\"},\"inLanguage\":\"fi\",\"potentialAction\":[{\"@type\":\"ReadAction\",\"target\":[\"https:\/\/usa-b2.com\/fi\/viisumi-washingtoniin\/\"]}]},{\"@type\":\"BreadcrumbList\",\"@id\":\"https:\/\/usa-b2.com\/fi\/viisumi-washingtoniin\/#breadcrumb\",\"itemListElement\":[{\"@type\":\"ListItem\",\"position\":1,\"name\":\"Accueil\",\"item\":\"https:\/\/usa-b2.com\/fi\/roadtrips-usa\/\"},{\"@type\":\"ListItem\",\"position\":2,\"name\":\"Viisumin hankkiminen Washingtoniin matkustamista varten\"}]},{\"@type\":\"WebSite\",\"@id\":\"https:\/\/usa-b2.com\/fi\/#website\",\"url\":\"https:\/\/usa-b2.com\/fi\/\",\"name\":\"USA B2 VISA\",\"description\":\"\",\"potentialAction\":[{\"@type\":\"SearchAction\",\"target\":{\"@type\":\"EntryPoint\",\"urlTemplate\":\"https:\/\/usa-b2.com\/fi\/?s={search_term_string}\"},\"query-input\":{\"@type\":\"PropertyValueSpecification\",\"valueRequired\":true,\"valueName\":\"search_term_string\"}}],\"inLanguage\":\"fi\"}]}<\/script>\n<!-- \/ Yoast SEO plugin. -->","yoast_head_json":{"title":"Viisumin hankkiminen Washingtoniin matkustamista varten - USA B2","description":"Miten hankit turistiviisumin, jotta voit laskeutua Washingtoniin v\u00e4lilaskua varten tai matkustaa koko Yhdysvaltojen alueella?","robots":{"index":"index","follow":"follow","max-snippet":"max-snippet:-1","max-image-preview":"max-image-preview:large","max-video-preview":"max-video-preview:-1"},"canonical":"https:\/\/usa-b2.com\/fi\/viisumi-washingtoniin\/","og_locale":"fi_FI","og_type":"article","og_title":"Viisumin hankkiminen Washingtoniin matkustamista varten - USA B2","og_description":"Miten hankit turistiviisumin, jotta voit laskeutua Washingtoniin v\u00e4lilaskua varten tai matkustaa koko Yhdysvaltojen alueella?","og_url":"https:\/\/usa-b2.com\/fi\/viisumi-washingtoniin\/","og_site_name":"USA B2","article_modified_time":"2025-10-28T20:41:57+00:00","twitter_card":"summary_large_image","twitter_misc":{"Arvioitu lukuaika":"2 minuuttia"},"schema":{"@context":"https:\/\/schema.org","@graph":[{"@type":"WebPage","@id":"https:\/\/usa-b2.com\/fi\/viisumi-washingtoniin\/","url":"https:\/\/usa-b2.com\/fi\/viisumi-washingtoniin\/","name":"Viisumin hankkiminen Washingtoniin matkustamista varten - USA B2","isPartOf":{"@id":"https:\/\/usa-b2.com\/fi\/#website"},"datePublished":"2024-02-10T17:18:58+00:00","dateModified":"2025-10-28T20:41:57+00:00","description":"Miten hankit turistiviisumin, jotta voit laskeutua Washingtoniin v\u00e4lilaskua varten tai matkustaa koko Yhdysvaltojen alueella?","breadcrumb":{"@id":"https:\/\/usa-b2.com\/fi\/viisumi-washingtoniin\/#breadcrumb"},"inLanguage":"fi","potentialAction":[{"@type":"ReadAction","target":["https:\/\/usa-b2.com\/fi\/viisumi-washingtoniin\/"]}]},{"@type":"BreadcrumbList","@id":"https:\/\/usa-b2.com\/fi\/viisumi-washingtoniin\/#breadcrumb","itemListElement":[{"@type":"ListItem","position":1,"name":"Accueil","item":"https:\/\/usa-b2.com\/fi\/roadtrips-usa\/"},{"@type":"ListItem","position":2,"name":"Viisumin hankkiminen Washingtoniin matkustamista varten"}]},{"@type":"WebSite","@id":"https:\/\/usa-b2.com\/fi\/#website","url":"https:\/\/usa-b2.com\/fi\/","name":"USA B2 VISA","description":"","potentialAction":[{"@type":"SearchAction","target":{"@type":"EntryPoint","urlTemplate":"https:\/\/usa-b2.com\/fi\/?s={search_term_string}"},"query-input":{"@type":"PropertyValueSpecification","valueRequired":true,"valueName":"search_term_string"}}],"inLanguage":"fi"}]}},"_links":{"self":[{"href":"https:\/\/usa-b2.com\/fi\/wp-json\/wp\/v2\/pages\/3935","targetHints":{"allow":["GET"]}}],"collection":[{"href":"https:\/\/usa-b2.com\/fi\/wp-json\/wp\/v2\/pages"}],"about":[{"href":"https:\/\/usa-b2.com\/fi\/wp-json\/wp\/v2\/types\/page"}],"author":[{"embeddable":true,"href":"https:\/\/usa-b2.com\/fi\/wp-json\/wp\/v2\/users\/1"}],"replies":[{"embeddable":true,"href":"https:\/\/usa-b2.com\/fi\/wp-json\/wp\/v2\/comments?post=3935"}],"version-history":[{"count":5,"href":"https:\/\/usa-b2.com\/fi\/wp-json\/wp\/v2\/pages\/3935\/revisions"}],"predecessor-version":[{"id":10743,"href":"https:\/\/usa-b2.com\/fi\/wp-json\/wp\/v2\/pages\/3935\/revisions\/10743"}],"wp:attachment":[{"href":"https:\/\/usa-b2.com\/fi\/wp-json\/wp\/v2\/media?parent=3935"}],"curies":[{"name":"wp","href":"https:\/\/api.w.org\/{rel}","templated":true}]}}