{"id":3927,"date":"2024-02-10T17:21:47","date_gmt":"2024-02-10T17:21:47","guid":{"rendered":"https:\/\/usa-b2.com\/b1-viisumi\/"},"modified":"2026-04-17T15:25:58","modified_gmt":"2026-04-17T15:25:58","slug":"b1-viisumi","status":"publish","type":"page","link":"https:\/\/usa-b2.com\/fi\/b1-viisumi\/","title":{"rendered":"B1-viisumi Yhdysvaltoihin matkustamista varten"},"content":{"rendered":"\n<h1 class=\"wp-block-heading\">B1-viisumin hankkiminen liiketoimintaa varten Yhdysvalloissa<\/h1>\n\n<p>B1-viisumi on Yhdysvaltain viisumi muille kuin maahanmuuttajille. Sit\u00e4 sovelletaan ulkomaalaisiin, jotka haluavat matkustaa Yhdysvaltoihin liikematkustustarkoituksessa. B1-viisumi antaa ulkomaalaisille mahdollisuuden harjoittaa seuraavia toimintoja:  <\/p>\n\n<ul class=\"wp-block-list\">\n<li>Sijoittaminen Yhdysvalloissa <\/li>\n\n\n\n<li>Ammatillisen sopimuksen neuvotteleminen<\/li>\n\n\n\n<li>Tapaa kumppaniyrityksi\u00e4 Yhdysvalloissa<\/li>\n\n\n\n<li>Osallistuminen ammatillisiin tapahtumiin.<\/li>\n<\/ul>\n\n<div style=\"height:10px\" aria-hidden=\"true\" class=\"wp-block-spacer\"><\/div>\n\n<p><strong>Alle 90 p\u00e4iv\u00e4n oleskelu Yhdysvalloissa<\/strong>: B1-viisumia ei tarvita. Sinun tarvitsee vain hankkia s\u00e4hk\u00f6inen ESTA-matkustuslupa klikkaamalla <a href=\"https:\/\/usa-b2.com\/fi\/esta-lomake-verkossa\/\">online-lomaketta<\/a>. <\/p>\n\n<div style=\"height:10px\" aria-hidden=\"true\" class=\"wp-block-spacer\"><\/div>\n\n<h2 class=\"wp-block-heading\">Mitk\u00e4 ovat B1-viisumin kelpoisuusehdot?<\/h2>\n\n<p>B1-yritysviisumin hakukelpoisuusehdot ovat seuraavat:<\/p>\n\n<ul class=\"wp-block-list\">\n<li>Oleskelun tarkoituksena on oltava liiketoiminnan harjoittaminen Yhdysvalloissa.<\/li>\n\n\n\n<li>Hakijan on pystytt\u00e4v\u00e4 rahoittamaan kaikki oleskelusta aiheutuvat kustannukset.<\/li>\n\n\n\n<li>Hakijoiden on my\u00f6s osoitettava, ett\u00e4 he aikovat palata l\u00e4ht\u00f6maahansa oleskelunsa p\u00e4\u00e4tytty\u00e4. He eiv\u00e4t miss\u00e4\u00e4n tapauksessa saa suunnitella j\u00e4\u00e4v\u00e4ns\u00e4 Yhdysvaltoihin. <\/li>\n<\/ul>\n\n<div style=\"height:10px\" aria-hidden=\"true\" class=\"wp-block-spacer\"><\/div>\n\n<p>Viisumihakemuksen yhteydess\u00e4 hakijan on esitett\u00e4v\u00e4 todistusasiakirjat, jotka osoittavat, ett\u00e4 h\u00e4nen oleskelunsa t\u00e4ytt\u00e4\u00e4 asetetut kriteerit.<\/p>\n\n<h2 class=\"wp-block-heading\">Miten B1-viisumia haetaan?<\/h2>\n\n<p>Voit hakea B1-viisumia verkossa noudattamalla seuraavia ohjeita:<\/p>\n\n<ol class=\"wp-block-list\">\n<li>T\u00e4yt\u00e4 <a href=\"https:\/\/usa-b2.com\/fi\/ds-160\/\">DS 160 B1-viisumihakemuslomake<\/a> verkossa<\/li>\n\n\n\n<li>Maksa <a href=\"https:\/\/usa-b2.com\/fi\/b2-usa-viisumimaksut\/\">viisumimaksu<\/a> verkossa hakemuksesi vahvistamiseksi.<\/li>\n\n\n\n<li>Varaa aika <a href=\"https:\/\/usa-b2.com\/fi\/usa-suurlahetyston-viisumivaraus\/\">viisumihaastatteluun suurl\u00e4hetyst\u00f6ss\u00e4<\/a><\/li>\n\n\n\n<li>Valmistele kaikki viisumihakemuksen liiteasiakirjat.<\/li>\n\n\n\n<li>Osallistu viisumihaastatteluun.<\/li>\n<\/ol>\n\n<div style=\"height:10px\" aria-hidden=\"true\" class=\"wp-block-spacer\"><\/div>\n\n<p>Viisumi kiinnitet\u00e4\u00e4n <a href=\"https:\/\/usa-b2.com\/fi\/passi-yhdysvaltoihin-matkustamista-varten\/\">Yhdysvaltoihin matkustamiseen k\u00e4ytett\u00e4v\u00e4\u00e4n passiin<\/a>.<\/p>\n\n<h2 class=\"wp-block-heading\">B1-viisumin kesto ja ehdot<\/h2>\n\n<h3 class=\"wp-block-heading\">Voimassaolo<\/h3>\n\n<p>B1-viisumi on yleens\u00e4 voimassa useita vuosia, ja se voidaan my\u00f6nt\u00e4\u00e4 useaan kertaan. Kukin oleskelu on kuitenkin rajoitettu <strong>enint\u00e4\u00e4n 1-6 kuukauteen<\/strong>, jonka maahanmuuttoviranomaiset m\u00e4\u00e4rittelev\u00e4t saapuessaan Yhdysvaltoihin. <\/p>\n\n<h3 class=\"wp-block-heading\">Ehdot<\/h3>\n\n<ul class=\"wp-block-list\">\n<li>B1-viisumi ei anna sinulle oikeutta ty\u00f6skennell\u00e4 tai saada palkkaa amerikkalaiselta yritykselt\u00e4.<\/li>\n\n\n\n<li>Matkustajan on poistuttava Yhdysvalloista ennen maahanmuuttoviranomaisen hyv\u00e4ksym\u00e4n ajanjakson p\u00e4\u00e4ttymist\u00e4.<\/li>\n<\/ul>\n\n<div style=\"height:10px\" aria-hidden=\"true\" class=\"wp-block-spacer\"><\/div>\n\n<h2 class=\"wp-block-heading\">B1-viisumin edut<\/h2>\n\n<ul class=\"wp-block-list\">\n<li><strong>Joustavuus<\/strong>: B1-viisumi mahdollistaa toistuvan oleskelun sen voimassaoloaikana.<\/li>\n\n\n\n<li><strong>Ammatillinen p\u00e4\u00e4sy<\/strong>: ihanteellinen liikesuhteiden luomiseen, konferensseihin osallistumiseen tai liiketoimintamahdollisuuksien kartoittamiseen.<\/li>\n\n\n\n<li><strong>Rajoittamaton<\/strong>: Se ei ole sidottu tiettyyn ty\u00f6nantajaan kuten ty\u00f6viisumi.<\/li>\n<\/ul>\n\n<div style=\"height:10px\" aria-hidden=\"true\" class=\"wp-block-spacer\"><\/div>\n\n<h2 class=\"wp-block-heading\">Usein kysytyt kysymykset B1-viisumista<\/h2>\n\n<h3 class=\"wp-block-heading\">Voinko ty\u00f6skennell\u00e4 Yhdysvalloissa B1-viisumilla?<\/h3>\n\n<p>Ei. B1-viisumi ei oikeuta ty\u00f6skentelem\u00e4\u00e4n tai saamaan palkkaa Yhdysvalloissa. Sen avulla voit vain osallistua tilap\u00e4iseen ammatilliseen toimintaan.  <\/p>\n\n<h3 class=\"wp-block-heading\">Voinko jatkaa oleskeluani B1-viisumilla?<\/h3>\n\n<p>Kyll\u00e4, voit pyyt\u00e4\u00e4 <strong>USCIS:lt\u00e4<\/strong> jatkoaikaa ennen luvan voimassaoloajan p\u00e4\u00e4ttymist\u00e4. Sinun on esitett\u00e4v\u00e4 p\u00e4tev\u00e4 syy ja tositteet. <\/p>\n\n<h3 class=\"wp-block-heading\">Kuinka kauan B1-viisumin saaminen kest\u00e4\u00e4?<\/h3>\n\n<p>Hoito voi kest\u00e4\u00e4 muutamasta p\u00e4iv\u00e4st\u00e4 useisiin viikkoihin riippuen siit\u00e4, onko <a href=\"https:\/\/usa-b2.com\/fi\/yhdysvaltain-suurlahetysto\/\">Yhdysvaltain suurl\u00e4hetyst\u00f6ss\u00e4si<\/a> tapaamisia saatavilla.<\/p>\n\n<h3 class=\"wp-block-heading\">Voiko B1-viisumia k\u00e4ytt\u00e4\u00e4 matkailuun?<\/h3>\n\n<p>Ei, B1-viisumi on tarkoitettu yksinomaan yritystoimintaan. Jos haluat yhdist\u00e4\u00e4 liiketoiminnan ja matkailun, sinun on <a href=\"https:\/\/usa-b2.com\/fi\/b2-viisumilomake-verkossa\/\">haettava B2-viisumia verkossa<\/a>. <\/p>\n\n<h3 class=\"wp-block-heading\">Mit\u00e4 minun pit\u00e4isi tehd\u00e4, jos B1-viisumini ev\u00e4t\u00e4\u00e4n?<\/h3>\n\n<p>Jos hakemus hyl\u00e4t\u00e4\u00e4n, hakija saa kirjeen, jossa kerrotaan syyt. Hakija voi j\u00e4tt\u00e4\u00e4 uuden hakemuksen ja korjata havaitut puutteet etuk\u00e4teen. <\/p>\n","protected":false},"excerpt":{"rendered":"<p>B1-viisumin hankkiminen liiketoimintaa varten Yhdysvalloissa B1-viisumi on Yhdysvaltain viisumi muille kuin maahanmuuttajille. Sit\u00e4 sovelletaan ulkomaalaisiin, jotka haluavat matkustaa Yhdysvaltoihin liikematkustustarkoituksessa. B1-viisumi antaa ulkomaalaisille mahdollisuuden harjoittaa seuraavia toimintoja: Alle 90 p\u00e4iv\u00e4n oleskelu Yhdysvalloissa: B1-viisumia ei tarvita. Sinun tarvitsee vain hankkia s\u00e4hk\u00f6inen ESTA-matkustuslupa klikkaamalla online-lomaketta. Mitk\u00e4 ovat B1-viisumin kelpoisuusehdot? B1-yritysviisumin hakukelpoisuusehdot ovat seuraavat: Viisumihakemuksen yhteydess\u00e4 hakijan on [&hellip;]<\/p>\n","protected":false},"author":1,"featured_media":0,"parent":0,"menu_order":0,"comment_status":"closed","ping_status":"closed","template":"","meta":{"footnotes":""},"class_list":["post-3927","page","type-page","status-publish","hentry"],"yoast_head":"<!-- This site is optimized with the Yoast SEO plugin v27.4 - https:\/\/yoast.com\/product\/yoast-seo-wordpress\/ -->\n<title>B1-viisumi Yhdysvaltoihin matkustamista varten - USA B2<\/title>\n<meta name=\"description\" content=\"Menettely Yhdysvaltain B1-liikeviisumin saamiseksi Yhdysvaltoihin liikematkailutarkoituksessa tapahtuvaa vierailua varten\" \/>\n<meta name=\"robots\" content=\"index, follow, max-snippet:-1, max-image-preview:large, max-video-preview:-1\" \/>\n<link rel=\"canonical\" href=\"https:\/\/usa-b2.com\/fi\/b1-viisumi\/\" \/>\n<meta property=\"og:locale\" content=\"fi_FI\" \/>\n<meta property=\"og:type\" content=\"article\" \/>\n<meta property=\"og:title\" content=\"B1-viisumi Yhdysvaltoihin matkustamista varten - USA B2\" \/>\n<meta property=\"og:description\" content=\"Menettely Yhdysvaltain B1-liikeviisumin saamiseksi Yhdysvaltoihin liikematkailutarkoituksessa tapahtuvaa vierailua varten\" \/>\n<meta property=\"og:url\" content=\"https:\/\/usa-b2.com\/fi\/b1-viisumi\/\" \/>\n<meta property=\"og:site_name\" content=\"USA B2\" \/>\n<meta property=\"article:modified_time\" content=\"2026-04-17T15:25:58+00:00\" \/>\n<meta name=\"twitter:card\" content=\"summary_large_image\" \/>\n<meta name=\"twitter:label1\" content=\"Arvioitu lukuaika\" \/>\n\t<meta name=\"twitter:data1\" content=\"2 minuuttia\" \/>\n<script type=\"application\/ld+json\" class=\"yoast-schema-graph\">{\"@context\":\"https:\\\/\\\/schema.org\",\"@graph\":[{\"@type\":\"WebPage\",\"@id\":\"https:\\\/\\\/usa-b2.com\\\/fi\\\/b1-viisumi\\\/\",\"url\":\"https:\\\/\\\/usa-b2.com\\\/fi\\\/b1-viisumi\\\/\",\"name\":\"B1-viisumi Yhdysvaltoihin matkustamista varten - USA B2\",\"isPartOf\":{\"@id\":\"https:\\\/\\\/usa-b2.com\\\/fi\\\/#website\"},\"datePublished\":\"2024-02-10T17:21:47+00:00\",\"dateModified\":\"2026-04-17T15:25:58+00:00\",\"description\":\"Menettely Yhdysvaltain B1-liikeviisumin saamiseksi Yhdysvaltoihin liikematkailutarkoituksessa tapahtuvaa vierailua varten\",\"breadcrumb\":{\"@id\":\"https:\\\/\\\/usa-b2.com\\\/fi\\\/b1-viisumi\\\/#breadcrumb\"},\"inLanguage\":\"fi\",\"potentialAction\":[{\"@type\":\"ReadAction\",\"target\":[\"https:\\\/\\\/usa-b2.com\\\/fi\\\/b1-viisumi\\\/\"]}]},{\"@type\":\"BreadcrumbList\",\"@id\":\"https:\\\/\\\/usa-b2.com\\\/fi\\\/b1-viisumi\\\/#breadcrumb\",\"itemListElement\":[{\"@type\":\"ListItem\",\"position\":1,\"name\":\"Accueil\",\"item\":\"https:\\\/\\\/usa-b2.com\\\/fi\\\/usa\\\/\"},{\"@type\":\"ListItem\",\"position\":2,\"name\":\"B1-viisumi Yhdysvaltoihin matkustamista varten\"}]},{\"@type\":\"WebSite\",\"@id\":\"https:\\\/\\\/usa-b2.com\\\/fi\\\/#website\",\"url\":\"https:\\\/\\\/usa-b2.com\\\/fi\\\/\",\"name\":\"USA B2 VISA\",\"description\":\"\",\"potentialAction\":[{\"@type\":\"SearchAction\",\"target\":{\"@type\":\"EntryPoint\",\"urlTemplate\":\"https:\\\/\\\/usa-b2.com\\\/fi\\\/?s={search_term_string}\"},\"query-input\":{\"@type\":\"PropertyValueSpecification\",\"valueRequired\":true,\"valueName\":\"search_term_string\"}}],\"inLanguage\":\"fi\"}]}<\/script>\n<!-- \/ Yoast SEO plugin. -->","yoast_head_json":{"title":"B1-viisumi Yhdysvaltoihin matkustamista varten - USA B2","description":"Menettely Yhdysvaltain B1-liikeviisumin saamiseksi Yhdysvaltoihin liikematkailutarkoituksessa tapahtuvaa vierailua varten","robots":{"index":"index","follow":"follow","max-snippet":"max-snippet:-1","max-image-preview":"max-image-preview:large","max-video-preview":"max-video-preview:-1"},"canonical":"https:\/\/usa-b2.com\/fi\/b1-viisumi\/","og_locale":"fi_FI","og_type":"article","og_title":"B1-viisumi Yhdysvaltoihin matkustamista varten - USA B2","og_description":"Menettely Yhdysvaltain B1-liikeviisumin saamiseksi Yhdysvaltoihin liikematkailutarkoituksessa tapahtuvaa vierailua varten","og_url":"https:\/\/usa-b2.com\/fi\/b1-viisumi\/","og_site_name":"USA B2","article_modified_time":"2026-04-17T15:25:58+00:00","twitter_card":"summary_large_image","twitter_misc":{"Arvioitu lukuaika":"2 minuuttia"},"schema":{"@context":"https:\/\/schema.org","@graph":[{"@type":"WebPage","@id":"https:\/\/usa-b2.com\/fi\/b1-viisumi\/","url":"https:\/\/usa-b2.com\/fi\/b1-viisumi\/","name":"B1-viisumi Yhdysvaltoihin matkustamista varten - USA B2","isPartOf":{"@id":"https:\/\/usa-b2.com\/fi\/#website"},"datePublished":"2024-02-10T17:21:47+00:00","dateModified":"2026-04-17T15:25:58+00:00","description":"Menettely Yhdysvaltain B1-liikeviisumin saamiseksi Yhdysvaltoihin liikematkailutarkoituksessa tapahtuvaa vierailua varten","breadcrumb":{"@id":"https:\/\/usa-b2.com\/fi\/b1-viisumi\/#breadcrumb"},"inLanguage":"fi","potentialAction":[{"@type":"ReadAction","target":["https:\/\/usa-b2.com\/fi\/b1-viisumi\/"]}]},{"@type":"BreadcrumbList","@id":"https:\/\/usa-b2.com\/fi\/b1-viisumi\/#breadcrumb","itemListElement":[{"@type":"ListItem","position":1,"name":"Accueil","item":"https:\/\/usa-b2.com\/fi\/usa\/"},{"@type":"ListItem","position":2,"name":"B1-viisumi Yhdysvaltoihin matkustamista varten"}]},{"@type":"WebSite","@id":"https:\/\/usa-b2.com\/fi\/#website","url":"https:\/\/usa-b2.com\/fi\/","name":"USA B2 VISA","description":"","potentialAction":[{"@type":"SearchAction","target":{"@type":"EntryPoint","urlTemplate":"https:\/\/usa-b2.com\/fi\/?s={search_term_string}"},"query-input":{"@type":"PropertyValueSpecification","valueRequired":true,"valueName":"search_term_string"}}],"inLanguage":"fi"}]}},"_links":{"self":[{"href":"https:\/\/usa-b2.com\/fi\/wp-json\/wp\/v2\/pages\/3927","targetHints":{"allow":["GET"]}}],"collection":[{"href":"https:\/\/usa-b2.com\/fi\/wp-json\/wp\/v2\/pages"}],"about":[{"href":"https:\/\/usa-b2.com\/fi\/wp-json\/wp\/v2\/types\/page"}],"author":[{"embeddable":true,"href":"https:\/\/usa-b2.com\/fi\/wp-json\/wp\/v2\/users\/1"}],"replies":[{"embeddable":true,"href":"https:\/\/usa-b2.com\/fi\/wp-json\/wp\/v2\/comments?post=3927"}],"version-history":[{"count":5,"href":"https:\/\/usa-b2.com\/fi\/wp-json\/wp\/v2\/pages\/3927\/revisions"}],"predecessor-version":[{"id":11540,"href":"https:\/\/usa-b2.com\/fi\/wp-json\/wp\/v2\/pages\/3927\/revisions\/11540"}],"wp:attachment":[{"href":"https:\/\/usa-b2.com\/fi\/wp-json\/wp\/v2\/media?parent=3927"}],"curies":[{"name":"wp","href":"https:\/\/api.w.org\/{rel}","templated":true}]}}