{"id":3923,"date":"2024-02-10T17:12:20","date_gmt":"2024-02-10T17:12:20","guid":{"rendered":"https:\/\/usa-b2.com\/viisumivapausohjelma\/"},"modified":"2025-06-09T18:31:57","modified_gmt":"2025-06-09T18:31:57","slug":"viisumivapausohjelma","status":"publish","type":"page","link":"https:\/\/usa-b2.com\/fi\/viisumivapausohjelma\/","title":{"rendered":"Yhdysvaltain viisumivapausohjelma"},"content":{"rendered":"\n<h1 class=\"wp-block-heading\">Yhdysvaltain viisumivapausohjelma<\/h1>\n\n<h2 class=\"wp-block-heading\">Mik\u00e4 on viisumivapausohjelma?<\/h2>\n\n<p>Viisumivapausohjelma (VWP) antaa tiettyjen maiden kansalaisille mahdollisuuden matkustaa Yhdysvaltoihin matkailu- tai liikematkailun vuoksi enint\u00e4\u00e4n 90 p\u00e4iv\u00e4ksi ilman viisumia. Voidakseen hy\u00f6dynt\u00e4\u00e4 t\u00e4t\u00e4 viisumivapautta kumppanimaiden kansalaisten on hankittava s\u00e4hk\u00f6inen <a href=\"https:\/\/usa-b2.com\/fi\/esta-lomake-verkossa\/\">ESTA-matkustuslupa verkossa<\/a>. <\/p>\n\n<h2 class=\"wp-block-heading\">Luettelo VWP-j\u00e4senmaista<\/h2>\n\n<p>Israel on viimeisin VWP-ohjelmaan lokakuussa 2023 hyv\u00e4ksytty maa. N\u00e4in ollen Yhdysvaltojen viisumivapausohjelmasta hy\u00f6tyvien maiden m\u00e4\u00e4r\u00e4 nousee 41:\u00e4\u00e4n. <\/p>\n\n<figure class=\"wp-block-table\"><table><tbody><tr><td><a href=\"https:\/\/usa-b2.com\/fi\/b2-viisumi-saksalaisille\/\">Saksa<\/a><\/td><td>Espanja<\/td><td>Liechtenstein<\/td><td>Yhdistynyt kuningaskunta<\/td><\/tr><tr><td>Andorra<\/td><td>Suomi<\/td><td>Liettua<\/td><td>San Marino<\/td><\/tr><tr><td>Australia<\/td><td><a href=\"https:\/\/usa-b2.com\/fi\/viisumi-b2-ranskan\/\">Ranska<\/a><\/td><td>Luxemburg<\/td><td>Singapore<\/td><\/tr><tr><td>It\u00e4valta<\/td><td>Kreikka<\/td><td>Malta<\/td><td>Slovakia<\/td><\/tr><tr><td>Belgia<\/td><td>Unkari<\/td><td>Monaco<\/td><td>Slovenia<\/td><\/tr><tr><td>Brunei<\/td><td>Irlanti<\/td><td>Norja<\/td><td>Ruotsi<\/td><\/tr><tr><td>Chile<\/td><td>Islanti<\/td><td>Uusi-Seelanti<\/td><td>Sveitsi<\/td><\/tr><tr><td>Kroatia<\/td><td>Israel<\/td><td>Alankomaat<\/td><td>Taiwan<\/td><\/tr><tr><td>Etel\u00e4-Korea<\/td><td><a href=\"https:\/\/usa-b2.com\/fi\/b2-viisumi-italialaisille\/\">Italia<\/a><\/td><td>Puola<\/td><td><\/td><\/tr><tr><td>Tanska<\/td><td>Japani<\/td><td>Portugali<\/td><td><\/td><\/tr><tr><td>Viro<\/td><td>Latvia<\/td><td>Rep. T\u0161ekki<\/td><td><\/td><\/tr><\/tbody><\/table><figcaption class=\"wp-element-caption\">Luettelo Yhdysvaltojen viisumivapausohjelmaan kuuluvista maista<\/figcaption><\/figure>\n\n<h2 class=\"wp-block-heading\" id=\"h-gt-comment-un-pays-adhere-t-il-au-programme-de-dispense-de-visa\">Miten voin hakea viisumivapausohjelmaa?<\/h2>\n\n<p>Maiden, jotka haluavat liitty\u00e4 Yhdysvaltojen viisumivapausohjelmaan, on t\u00e4ytett\u00e4v\u00e4 tietyt rajavalvonnan edellytykset. Yhdysvaltain ulkoministeri\u00f6n asettamat t\u00e4rkeimm\u00e4t ehdot ovat seuraavat: <\/p>\n\n<ul class=\"wp-block-list\">\n<li>S\u00e4hk\u00f6isten passien my\u00f6nt\u00e4minen kansalaisilleen<\/li>\n\n\n\n<li>Osallistutaan turvallisuustietojen jakamiseen Yhdysvaltojen kanssa.<\/li>\n\n\n\n<li>Pid\u00e4 Yhdysvallat jatkuvasti ajan tasalla varastetuista tai kadonneista passeista.<\/li>\n\n\n\n<li>B-tyypin vierailijapassien ep\u00e4\u00e4misprosentti on alle 3 prosenttia sen kansalaisista.<\/li>\n\n\n\n<li>Terrorismin aktiivinen torjunta rajatarkastuksissa.<\/li>\n<\/ul>\n\n<div style=\"height:10px\" aria-hidden=\"true\" class=\"wp-block-spacer\"><\/div>\n\n<h2 class=\"wp-block-heading\">Mit\u00e4 tehd\u00e4, jos maasi ei ole VWP-ohjelman j\u00e4sen?<\/h2>\n\n<p>Jos l\u00e4ht\u00f6maasi ei kuulu VWP-ohjelmaan, et voi hakea s\u00e4hk\u00f6ist\u00e4 ESTA-matkustuslupaa. Yhdysvaltoihin p\u00e4\u00e4sy\u00e4 varten sinun on haettava <a href=\"https:\/\/usa-b2.com\/fi\/b2-viisumilomake-verkossa\/\">B2-viisumia verkossa<\/a>. <\/p>\n","protected":false},"excerpt":{"rendered":"<p>Yhdysvaltain viisumivapausohjelma Mik\u00e4 on viisumivapausohjelma? Viisumivapausohjelma (VWP) antaa tiettyjen maiden kansalaisille mahdollisuuden matkustaa Yhdysvaltoihin matkailu- tai liikematkailun vuoksi enint\u00e4\u00e4n 90 p\u00e4iv\u00e4ksi ilman viisumia. Voidakseen hy\u00f6dynt\u00e4\u00e4 t\u00e4t\u00e4 viisumivapautta kumppanimaiden kansalaisten on hankittava s\u00e4hk\u00f6inen ESTA-matkustuslupa verkossa. Luettelo VWP-j\u00e4senmaista Israel on viimeisin VWP-ohjelmaan lokakuussa 2023 hyv\u00e4ksytty maa. N\u00e4in ollen Yhdysvaltojen viisumivapausohjelmasta hy\u00f6tyvien maiden m\u00e4\u00e4r\u00e4 nousee 41:\u00e4\u00e4n. Saksa Espanja [&hellip;]<\/p>\n","protected":false},"author":1,"featured_media":0,"parent":0,"menu_order":0,"comment_status":"closed","ping_status":"closed","template":"","meta":{"footnotes":""},"class_list":["post-3923","page","type-page","status-publish","hentry"],"yoast_head":"<!-- This site is optimized with the Yoast SEO plugin v27.4 - https:\/\/yoast.com\/product\/yoast-seo-wordpress\/ -->\n<title>Yhdysvaltain viisumivapausohjelma - USA B2<\/title>\n<meta name=\"description\" content=\"Lue lis\u00e4\u00e4 Yhdysvaltain viisumivapausohjelmasta, jonka ansiosta ulkomaalaiset voivat matkustaa Yhdysvaltoihin ilman viisumia.\" \/>\n<meta name=\"robots\" content=\"index, follow, max-snippet:-1, max-image-preview:large, max-video-preview:-1\" \/>\n<link rel=\"canonical\" href=\"https:\/\/usa-b2.com\/fi\/viisumivapausohjelma\/\" \/>\n<meta property=\"og:locale\" content=\"fi_FI\" \/>\n<meta property=\"og:type\" content=\"article\" \/>\n<meta property=\"og:title\" content=\"Yhdysvaltain viisumivapausohjelma - USA B2\" \/>\n<meta property=\"og:description\" content=\"Lue lis\u00e4\u00e4 Yhdysvaltain viisumivapausohjelmasta, jonka ansiosta ulkomaalaiset voivat matkustaa Yhdysvaltoihin ilman viisumia.\" \/>\n<meta property=\"og:url\" content=\"https:\/\/usa-b2.com\/fi\/viisumivapausohjelma\/\" \/>\n<meta property=\"og:site_name\" content=\"USA B2\" \/>\n<meta property=\"article:modified_time\" content=\"2025-06-09T18:31:57+00:00\" \/>\n<meta name=\"twitter:card\" content=\"summary_large_image\" \/>\n<meta name=\"twitter:label1\" content=\"Arvioitu lukuaika\" \/>\n\t<meta name=\"twitter:data1\" content=\"1 minuutti\" \/>\n<script type=\"application\/ld+json\" class=\"yoast-schema-graph\">{\"@context\":\"https:\\\/\\\/schema.org\",\"@graph\":[{\"@type\":\"WebPage\",\"@id\":\"https:\\\/\\\/usa-b2.com\\\/fi\\\/viisumivapausohjelma\\\/\",\"url\":\"https:\\\/\\\/usa-b2.com\\\/fi\\\/viisumivapausohjelma\\\/\",\"name\":\"Yhdysvaltain viisumivapausohjelma - USA B2\",\"isPartOf\":{\"@id\":\"https:\\\/\\\/usa-b2.com\\\/fi\\\/#website\"},\"datePublished\":\"2024-02-10T17:12:20+00:00\",\"dateModified\":\"2025-06-09T18:31:57+00:00\",\"description\":\"Lue lis\u00e4\u00e4 Yhdysvaltain viisumivapausohjelmasta, jonka ansiosta ulkomaalaiset voivat matkustaa Yhdysvaltoihin ilman viisumia.\",\"breadcrumb\":{\"@id\":\"https:\\\/\\\/usa-b2.com\\\/fi\\\/viisumivapausohjelma\\\/#breadcrumb\"},\"inLanguage\":\"fi\",\"potentialAction\":[{\"@type\":\"ReadAction\",\"target\":[\"https:\\\/\\\/usa-b2.com\\\/fi\\\/viisumivapausohjelma\\\/\"]}]},{\"@type\":\"BreadcrumbList\",\"@id\":\"https:\\\/\\\/usa-b2.com\\\/fi\\\/viisumivapausohjelma\\\/#breadcrumb\",\"itemListElement\":[{\"@type\":\"ListItem\",\"position\":1,\"name\":\"Accueil\",\"item\":\"https:\\\/\\\/usa-b2.com\\\/fi\\\/usa\\\/\"},{\"@type\":\"ListItem\",\"position\":2,\"name\":\"Yhdysvaltain viisumivapausohjelma\"}]},{\"@type\":\"WebSite\",\"@id\":\"https:\\\/\\\/usa-b2.com\\\/fi\\\/#website\",\"url\":\"https:\\\/\\\/usa-b2.com\\\/fi\\\/\",\"name\":\"USA B2 VISA\",\"description\":\"\",\"potentialAction\":[{\"@type\":\"SearchAction\",\"target\":{\"@type\":\"EntryPoint\",\"urlTemplate\":\"https:\\\/\\\/usa-b2.com\\\/fi\\\/?s={search_term_string}\"},\"query-input\":{\"@type\":\"PropertyValueSpecification\",\"valueRequired\":true,\"valueName\":\"search_term_string\"}}],\"inLanguage\":\"fi\"}]}<\/script>\n<!-- \/ Yoast SEO plugin. -->","yoast_head_json":{"title":"Yhdysvaltain viisumivapausohjelma - USA B2","description":"Lue lis\u00e4\u00e4 Yhdysvaltain viisumivapausohjelmasta, jonka ansiosta ulkomaalaiset voivat matkustaa Yhdysvaltoihin ilman viisumia.","robots":{"index":"index","follow":"follow","max-snippet":"max-snippet:-1","max-image-preview":"max-image-preview:large","max-video-preview":"max-video-preview:-1"},"canonical":"https:\/\/usa-b2.com\/fi\/viisumivapausohjelma\/","og_locale":"fi_FI","og_type":"article","og_title":"Yhdysvaltain viisumivapausohjelma - USA B2","og_description":"Lue lis\u00e4\u00e4 Yhdysvaltain viisumivapausohjelmasta, jonka ansiosta ulkomaalaiset voivat matkustaa Yhdysvaltoihin ilman viisumia.","og_url":"https:\/\/usa-b2.com\/fi\/viisumivapausohjelma\/","og_site_name":"USA B2","article_modified_time":"2025-06-09T18:31:57+00:00","twitter_card":"summary_large_image","twitter_misc":{"Arvioitu lukuaika":"1 minuutti"},"schema":{"@context":"https:\/\/schema.org","@graph":[{"@type":"WebPage","@id":"https:\/\/usa-b2.com\/fi\/viisumivapausohjelma\/","url":"https:\/\/usa-b2.com\/fi\/viisumivapausohjelma\/","name":"Yhdysvaltain viisumivapausohjelma - USA B2","isPartOf":{"@id":"https:\/\/usa-b2.com\/fi\/#website"},"datePublished":"2024-02-10T17:12:20+00:00","dateModified":"2025-06-09T18:31:57+00:00","description":"Lue lis\u00e4\u00e4 Yhdysvaltain viisumivapausohjelmasta, jonka ansiosta ulkomaalaiset voivat matkustaa Yhdysvaltoihin ilman viisumia.","breadcrumb":{"@id":"https:\/\/usa-b2.com\/fi\/viisumivapausohjelma\/#breadcrumb"},"inLanguage":"fi","potentialAction":[{"@type":"ReadAction","target":["https:\/\/usa-b2.com\/fi\/viisumivapausohjelma\/"]}]},{"@type":"BreadcrumbList","@id":"https:\/\/usa-b2.com\/fi\/viisumivapausohjelma\/#breadcrumb","itemListElement":[{"@type":"ListItem","position":1,"name":"Accueil","item":"https:\/\/usa-b2.com\/fi\/usa\/"},{"@type":"ListItem","position":2,"name":"Yhdysvaltain viisumivapausohjelma"}]},{"@type":"WebSite","@id":"https:\/\/usa-b2.com\/fi\/#website","url":"https:\/\/usa-b2.com\/fi\/","name":"USA B2 VISA","description":"","potentialAction":[{"@type":"SearchAction","target":{"@type":"EntryPoint","urlTemplate":"https:\/\/usa-b2.com\/fi\/?s={search_term_string}"},"query-input":{"@type":"PropertyValueSpecification","valueRequired":true,"valueName":"search_term_string"}}],"inLanguage":"fi"}]}},"_links":{"self":[{"href":"https:\/\/usa-b2.com\/fi\/wp-json\/wp\/v2\/pages\/3923","targetHints":{"allow":["GET"]}}],"collection":[{"href":"https:\/\/usa-b2.com\/fi\/wp-json\/wp\/v2\/pages"}],"about":[{"href":"https:\/\/usa-b2.com\/fi\/wp-json\/wp\/v2\/types\/page"}],"author":[{"embeddable":true,"href":"https:\/\/usa-b2.com\/fi\/wp-json\/wp\/v2\/users\/1"}],"replies":[{"embeddable":true,"href":"https:\/\/usa-b2.com\/fi\/wp-json\/wp\/v2\/comments?post=3923"}],"version-history":[{"count":2,"href":"https:\/\/usa-b2.com\/fi\/wp-json\/wp\/v2\/pages\/3923\/revisions"}],"predecessor-version":[{"id":9418,"href":"https:\/\/usa-b2.com\/fi\/wp-json\/wp\/v2\/pages\/3923\/revisions\/9418"}],"wp:attachment":[{"href":"https:\/\/usa-b2.com\/fi\/wp-json\/wp\/v2\/media?parent=3923"}],"curies":[{"name":"wp","href":"https:\/\/api.w.org\/{rel}","templated":true}]}}