{"id":3921,"date":"2024-06-25T10:10:23","date_gmt":"2024-06-25T10:10:23","guid":{"rendered":"https:\/\/usa-b2.com\/esta-voimassaoloaika\/"},"modified":"2025-10-13T13:09:39","modified_gmt":"2025-10-13T13:09:39","slug":"esta-voimassaoloaika","status":"publish","type":"page","link":"https:\/\/usa-b2.com\/fi\/esta-voimassaoloaika\/","title":{"rendered":"ESTA-luvan voimassaoloaika on rajoitettu"},"content":{"rendered":"\n<h1 class=\"wp-block-heading\">Kuinka kauan ESTA-lupa on voimassa?<\/h1>\n\n<p>ESTA-matkustusluvat ovat voimassa rajoitetun ajan. Jos haluat uusia ESTA-luvan Yhdysvaltoihin, t\u00e4yt\u00e4 <a href=\"https:\/\/usa-b2.com\/fr\/formulaire-esta-en-ligne\/\">ESTA-lomake verkossa<\/a>. <\/p>\n\n<div style=\"height:10px\" aria-hidden=\"true\" class=\"wp-block-spacer\"><\/div>\n\n<h2 class=\"wp-block-heading\">Kuinka kauan ESTA-lupa on voimassa?<\/h2>\n\n<p>ESTA-lupa on aluksi voimassa 2 vuotta. T\u00e4n\u00e4 aikana matkustajat voivat tehd\u00e4 useita vierailuja Yhdysvaltoihin j\u00e4tt\u00e4m\u00e4tt\u00e4 uutta hakemusta. Kukin oleskelu Yhdysvalloissa saa kest\u00e4\u00e4 enint\u00e4\u00e4n 90 p\u00e4iv\u00e4\u00e4.  <\/p>\n\n<h2 class=\"wp-block-heading\">Milloin voimassaoloaikaa lyhennet\u00e4\u00e4n?<\/h2>\n\n<p>ESTA-luvan voimassaoloaikaa voidaan lyhent\u00e4\u00e4 tietyiss\u00e4 tilanteissa. Seuraavassa on kolme t\u00e4rkeint\u00e4 syyt\u00e4 ESTA-luvan ennenaikaiseen p\u00e4\u00e4tt\u00e4miseen: <\/p>\n\n<ol class=\"wp-block-list\">\n<li><strong>Kun tietyt ESTA-luvan saamiseksi annetut henkil\u00f6tiedot eiv\u00e4t ole en\u00e4\u00e4 voimassa<\/strong>. Jos ESTA-luvan haltijan nimi, sukupuoli tai kansalaisuus muuttuu, ESTA-lupa ei ole en\u00e4\u00e4 voimassa, ja uusi ESTA-hakemus on teht\u00e4v\u00e4 uusimmilla henkil\u00f6tiedoilla. <\/li>\n\n\n\n<li><strong>Kun ESTA-luvan saamiseen k\u00e4ytetty passi on vanhentunut<\/strong>. ESTA-lupa on sidottu alkuper\u00e4isess\u00e4 hakemuksessa k\u00e4ytettyyn passiin. Jos t\u00e4m\u00e4 passi vanhenee, ESTA ei automaattisesti ole en\u00e4\u00e4 voimassa. Matkustajan on teht\u00e4v\u00e4 uusi ESTA-hakemus uudella <a href=\"https:\/\/usa-b2.com\/fr\/passeport-pour-voyager-aux-usa\/\">Yhdysvaltoihin voimassa olevalla passilla<\/a>.   <\/li>\n\n\n\n<li><strong>Kun ESTA-hakemuksen turvakysymyksiin annetut vastaukset eiv\u00e4t ole en\u00e4\u00e4 voimassa<\/strong>. Jos ESTA-lomakkeessa olevien henkil\u00f6kohtaisten kysymysten vastaukset eiv\u00e4t ole en\u00e4\u00e4 voimassa, ESTA-lupa ei ole en\u00e4\u00e4 voimassa. Matkustuslupaa on haettava uudelleen virallisella ESTA-sivustolla p\u00e4ivitt\u00e4m\u00e4ll\u00e4 vastaukset ESTA-lomakkeen terveys- ja turvakysymyksiin.  <\/li>\n<\/ol>\n\n<div style=\"height:10px\" aria-hidden=\"true\" class=\"wp-block-spacer\"><\/div>\n\n<h2 class=\"wp-block-heading\">ESTA-luvan voimassaolon p\u00e4\u00e4ttyminen Yhdysvalloissa oleskelun aikana.<\/h2>\n\n<p>Kun ESTA-luvan voimassaolo p\u00e4\u00e4ttyy Yhdysvalloissa oleskelun aikana, Yhdysvaltain hallitus antaa matkustajalle luvan jatkaa oleskeluaan Yhdysvalloissa 90 p\u00e4iv\u00e4n kuluessa. Yhdysvalloista poistuminen vanhentuneen ESTA-luvan kanssa ei yleens\u00e4 ole ongelma.<\/p>\n\n<p>Jos aiot oleskella Yhdysvalloissa yli 90 p\u00e4iv\u00e4\u00e4, sinun on kuitenkin hankittava <a href=\"https:\/\/usa-b2.com\/fi\/b2-viisumi\/\">B2-turistiviisumi<\/a>. Yhdysvaltain viranomaiset hyv\u00e4ksyv\u00e4t hyvin huonosti 90 p\u00e4iv\u00e4n oleskelun ylitt\u00e4misen. <\/p>\n","protected":false},"excerpt":{"rendered":"<p>Kuinka kauan ESTA-lupa on voimassa? ESTA-matkustusluvat ovat voimassa rajoitetun ajan. Jos haluat uusia ESTA-luvan Yhdysvaltoihin, t\u00e4yt\u00e4 ESTA-lomake verkossa. Kuinka kauan ESTA-lupa on voimassa? ESTA-lupa on aluksi voimassa 2 vuotta. T\u00e4n\u00e4 aikana matkustajat voivat tehd\u00e4 useita vierailuja Yhdysvaltoihin j\u00e4tt\u00e4m\u00e4tt\u00e4 uutta hakemusta. Kukin oleskelu Yhdysvalloissa saa kest\u00e4\u00e4 enint\u00e4\u00e4n 90 p\u00e4iv\u00e4\u00e4. Milloin voimassaoloaikaa lyhennet\u00e4\u00e4n? ESTA-luvan voimassaoloaikaa voidaan lyhent\u00e4\u00e4 [&hellip;]<\/p>\n","protected":false},"author":1,"featured_media":0,"parent":0,"menu_order":0,"comment_status":"closed","ping_status":"closed","template":"","meta":{"footnotes":""},"class_list":["post-3921","page","type-page","status-publish","hentry"],"yoast_head":"<!-- This site is optimized with the Yoast SEO plugin v27.4 - https:\/\/yoast.com\/product\/yoast-seo-wordpress\/ -->\n<title>ESTA-luvan voimassaoloaika on rajoitettu - USA B2<\/title>\n<meta name=\"description\" content=\"ESTA-luvat ovat voimassa rajoitetun ajan, joten on t\u00e4rke\u00e4\u00e4 tarkistaa niiden voimassaolo ennen matkustamista.\" \/>\n<meta name=\"robots\" content=\"index, follow, max-snippet:-1, max-image-preview:large, max-video-preview:-1\" \/>\n<link rel=\"canonical\" href=\"https:\/\/usa-b2.com\/fi\/esta-voimassaoloaika\/\" \/>\n<meta property=\"og:locale\" content=\"fi_FI\" \/>\n<meta property=\"og:type\" content=\"article\" \/>\n<meta property=\"og:title\" content=\"ESTA-luvan voimassaoloaika on rajoitettu - USA B2\" \/>\n<meta property=\"og:description\" content=\"ESTA-luvat ovat voimassa rajoitetun ajan, joten on t\u00e4rke\u00e4\u00e4 tarkistaa niiden voimassaolo ennen matkustamista.\" \/>\n<meta property=\"og:url\" content=\"https:\/\/usa-b2.com\/fi\/esta-voimassaoloaika\/\" \/>\n<meta property=\"og:site_name\" content=\"USA B2\" \/>\n<meta property=\"article:modified_time\" content=\"2025-10-13T13:09:39+00:00\" \/>\n<meta name=\"twitter:card\" content=\"summary_large_image\" \/>\n<meta name=\"twitter:label1\" content=\"Arvioitu lukuaika\" \/>\n\t<meta name=\"twitter:data1\" content=\"1 minuutti\" \/>\n<script type=\"application\/ld+json\" class=\"yoast-schema-graph\">{\"@context\":\"https:\\\/\\\/schema.org\",\"@graph\":[{\"@type\":\"WebPage\",\"@id\":\"https:\\\/\\\/usa-b2.com\\\/fi\\\/esta-voimassaoloaika\\\/\",\"url\":\"https:\\\/\\\/usa-b2.com\\\/fi\\\/esta-voimassaoloaika\\\/\",\"name\":\"ESTA-luvan voimassaoloaika on rajoitettu - USA B2\",\"isPartOf\":{\"@id\":\"https:\\\/\\\/usa-b2.com\\\/fi\\\/#website\"},\"datePublished\":\"2024-06-25T10:10:23+00:00\",\"dateModified\":\"2025-10-13T13:09:39+00:00\",\"description\":\"ESTA-luvat ovat voimassa rajoitetun ajan, joten on t\u00e4rke\u00e4\u00e4 tarkistaa niiden voimassaolo ennen matkustamista.\",\"breadcrumb\":{\"@id\":\"https:\\\/\\\/usa-b2.com\\\/fi\\\/esta-voimassaoloaika\\\/#breadcrumb\"},\"inLanguage\":\"fi\",\"potentialAction\":[{\"@type\":\"ReadAction\",\"target\":[\"https:\\\/\\\/usa-b2.com\\\/fi\\\/esta-voimassaoloaika\\\/\"]}]},{\"@type\":\"BreadcrumbList\",\"@id\":\"https:\\\/\\\/usa-b2.com\\\/fi\\\/esta-voimassaoloaika\\\/#breadcrumb\",\"itemListElement\":[{\"@type\":\"ListItem\",\"position\":1,\"name\":\"Accueil\",\"item\":\"https:\\\/\\\/usa-b2.com\\\/fi\\\/usa\\\/\"},{\"@type\":\"ListItem\",\"position\":2,\"name\":\"ESTA-luvan voimassaoloaika on rajoitettu\"}]},{\"@type\":\"WebSite\",\"@id\":\"https:\\\/\\\/usa-b2.com\\\/fi\\\/#website\",\"url\":\"https:\\\/\\\/usa-b2.com\\\/fi\\\/\",\"name\":\"USA B2 VISA\",\"description\":\"\",\"potentialAction\":[{\"@type\":\"SearchAction\",\"target\":{\"@type\":\"EntryPoint\",\"urlTemplate\":\"https:\\\/\\\/usa-b2.com\\\/fi\\\/?s={search_term_string}\"},\"query-input\":{\"@type\":\"PropertyValueSpecification\",\"valueRequired\":true,\"valueName\":\"search_term_string\"}}],\"inLanguage\":\"fi\"}]}<\/script>\n<!-- \/ Yoast SEO plugin. -->","yoast_head_json":{"title":"ESTA-luvan voimassaoloaika on rajoitettu - USA B2","description":"ESTA-luvat ovat voimassa rajoitetun ajan, joten on t\u00e4rke\u00e4\u00e4 tarkistaa niiden voimassaolo ennen matkustamista.","robots":{"index":"index","follow":"follow","max-snippet":"max-snippet:-1","max-image-preview":"max-image-preview:large","max-video-preview":"max-video-preview:-1"},"canonical":"https:\/\/usa-b2.com\/fi\/esta-voimassaoloaika\/","og_locale":"fi_FI","og_type":"article","og_title":"ESTA-luvan voimassaoloaika on rajoitettu - USA B2","og_description":"ESTA-luvat ovat voimassa rajoitetun ajan, joten on t\u00e4rke\u00e4\u00e4 tarkistaa niiden voimassaolo ennen matkustamista.","og_url":"https:\/\/usa-b2.com\/fi\/esta-voimassaoloaika\/","og_site_name":"USA B2","article_modified_time":"2025-10-13T13:09:39+00:00","twitter_card":"summary_large_image","twitter_misc":{"Arvioitu lukuaika":"1 minuutti"},"schema":{"@context":"https:\/\/schema.org","@graph":[{"@type":"WebPage","@id":"https:\/\/usa-b2.com\/fi\/esta-voimassaoloaika\/","url":"https:\/\/usa-b2.com\/fi\/esta-voimassaoloaika\/","name":"ESTA-luvan voimassaoloaika on rajoitettu - USA B2","isPartOf":{"@id":"https:\/\/usa-b2.com\/fi\/#website"},"datePublished":"2024-06-25T10:10:23+00:00","dateModified":"2025-10-13T13:09:39+00:00","description":"ESTA-luvat ovat voimassa rajoitetun ajan, joten on t\u00e4rke\u00e4\u00e4 tarkistaa niiden voimassaolo ennen matkustamista.","breadcrumb":{"@id":"https:\/\/usa-b2.com\/fi\/esta-voimassaoloaika\/#breadcrumb"},"inLanguage":"fi","potentialAction":[{"@type":"ReadAction","target":["https:\/\/usa-b2.com\/fi\/esta-voimassaoloaika\/"]}]},{"@type":"BreadcrumbList","@id":"https:\/\/usa-b2.com\/fi\/esta-voimassaoloaika\/#breadcrumb","itemListElement":[{"@type":"ListItem","position":1,"name":"Accueil","item":"https:\/\/usa-b2.com\/fi\/usa\/"},{"@type":"ListItem","position":2,"name":"ESTA-luvan voimassaoloaika on rajoitettu"}]},{"@type":"WebSite","@id":"https:\/\/usa-b2.com\/fi\/#website","url":"https:\/\/usa-b2.com\/fi\/","name":"USA B2 VISA","description":"","potentialAction":[{"@type":"SearchAction","target":{"@type":"EntryPoint","urlTemplate":"https:\/\/usa-b2.com\/fi\/?s={search_term_string}"},"query-input":{"@type":"PropertyValueSpecification","valueRequired":true,"valueName":"search_term_string"}}],"inLanguage":"fi"}]}},"_links":{"self":[{"href":"https:\/\/usa-b2.com\/fi\/wp-json\/wp\/v2\/pages\/3921","targetHints":{"allow":["GET"]}}],"collection":[{"href":"https:\/\/usa-b2.com\/fi\/wp-json\/wp\/v2\/pages"}],"about":[{"href":"https:\/\/usa-b2.com\/fi\/wp-json\/wp\/v2\/types\/page"}],"author":[{"embeddable":true,"href":"https:\/\/usa-b2.com\/fi\/wp-json\/wp\/v2\/users\/1"}],"replies":[{"embeddable":true,"href":"https:\/\/usa-b2.com\/fi\/wp-json\/wp\/v2\/comments?post=3921"}],"version-history":[{"count":2,"href":"https:\/\/usa-b2.com\/fi\/wp-json\/wp\/v2\/pages\/3921\/revisions"}],"predecessor-version":[{"id":10062,"href":"https:\/\/usa-b2.com\/fi\/wp-json\/wp\/v2\/pages\/3921\/revisions\/10062"}],"wp:attachment":[{"href":"https:\/\/usa-b2.com\/fi\/wp-json\/wp\/v2\/media?parent=3921"}],"curies":[{"name":"wp","href":"https:\/\/api.w.org\/{rel}","templated":true}]}}