{"id":3917,"date":"2024-02-10T17:15:31","date_gmt":"2024-02-10T17:15:31","guid":{"rendered":"https:\/\/usa-b2.com\/usa-suurlahetyston-viisumivaraus\/"},"modified":"2026-04-17T15:11:26","modified_gmt":"2026-04-17T15:11:26","slug":"usa-suurlahetyston-viisumivaraus","status":"publish","type":"page","link":"https:\/\/usa-b2.com\/fi\/usa-suurlahetyston-viisumivaraus\/","title":{"rendered":"Viisumihaastattelu Yhdysvaltain suurl\u00e4hetyst\u00f6ss\u00e4"},"content":{"rendered":"\n<h1 class=\"wp-block-heading\">Viisumihaastattelu Yhdysvaltain suurl\u00e4hetyst\u00f6ss\u00e4<\/h1>\n\n<p><a href=\"https:\/\/usa-b2.com\/fi\/b2-viisumilomake-verkossa\/\">B2-viisumia haettaessa<\/a> hakijan on osallistuttava Yhdysvaltain konsuliviranomaisen haastatteluun. Haastattelun tarkoituksena on vahvistaa viisumihakemus. Haastattelu tapahtuu Yhdysvaltain suurl\u00e4hetyst\u00f6ss\u00e4 tai konsulaatissa <a href=\"https:\/\/usa-b2.com\/fi\/b2-viisumi\/\">B2-viisumin<\/a> hakijan alkuper\u00e4maassa.  <\/p>\n\n<p><strong>Alle 90 p\u00e4iv\u00e4n turistilomalle <\/strong>: sinun ei tarvitse varata aikaa suurl\u00e4hetyst\u00f6\u00f6n B2-viisumin hakemista varten. Voit <a href=\"https:\/\/usa-b2.com\/fi\/esta-lomake-verkossa\/\">hakea ESTA-lupaa<\/a> nopeasti ja helposti verkossa.<\/p>\n\n<div style=\"height:10px\" aria-hidden=\"true\" class=\"wp-block-spacer\"><\/div>\n\n<h2 class=\"wp-block-heading\" id=\"h-comment-obtenir-un-rendez-vous-a-l-ambassade-des-etats-unis\">Miten varaan ajan Yhdysvaltain suurl\u00e4hetyst\u00f6\u00f6n?<\/h2>\n\n<p>Varatakseen ajan viisumihakemuksen k\u00e4sittely\u00e4 varten hakijan on kirjauduttava <a href=\"https:\/\/www.uscis.gov\/\">USCIS:n<\/a> verkkosivustolle. Hakija valitsee ajanvarauksen p\u00e4iv\u00e4m\u00e4\u00e4r\u00e4n ja kellonajan verkossa. Useimmat haastattelut j\u00e4rjestet\u00e4\u00e4n maanantaista perjantaihin klo 8.30-9.30. <\/p>\n\n<h2 class=\"wp-block-heading\">Miten valmistaudun viisumihaastatteluun?<\/h2>\n\n<p>Kun Yhdysvaltain kansallinen viisumikeskus on sopinut tapaamisen ajankohdan, hakijan on valmistauduttava haastatteluun. Seuraavassa luetellaan keskeiset vaiheet, joiden avulla voit valmistautua onnistuneeseen haastatteluun ja saada B2-viisumin: <\/p>\n\n<h3 class=\"wp-block-heading\">K\u00e4y l\u00e4\u00e4k\u00e4rintarkastuksessa<\/h3>\n\n<p>Kaikkien viisuminhakijoiden on k\u00e4yt\u00e4v\u00e4 l\u00e4\u00e4k\u00e4rintarkastuksessa, jonka suorittaa hakijan alkuper\u00e4maan <a href=\"https:\/\/usa-b2.com\/fi\/yhdysvaltain-suurlahetysto\/\">Yhdysvaltain suurl\u00e4hetyst\u00f6n<\/a> hyv\u00e4ksym\u00e4 l\u00e4\u00e4k\u00e4ri. Luettelo maakohtaisista ohjeista on saatavissa Yhdysvaltain suurl\u00e4hetyst\u00f6st\u00e4. Muun kuin hyv\u00e4ksytyn l\u00e4\u00e4k\u00e4rin suorittamaa l\u00e4\u00e4k\u00e4rintarkastusta ei hyv\u00e4ksyt\u00e4 viisumihakemukseen.  <\/p>\n\n<p>L\u00e4\u00e4k\u00e4rintarkastuksen tulokset l\u00e4hetet\u00e4\u00e4n suoraan suurl\u00e4hetyst\u00f6\u00f6n. Joissakin maissa tulokset annetaan hakijalle suljetussa kirjekuoressa, joka on j\u00e4tett\u00e4v\u00e4 avaamattomana haastattelup\u00e4iv\u00e4n\u00e4. <\/p>\n\n<h3 class=\"wp-block-heading\">Ker\u00e4\u00e4 haastattelussa esitett\u00e4v\u00e4t todistusasiakirjat.<\/h3>\n\n<p>Jokainen viisumihakemus edellytt\u00e4\u00e4 liiteasiakirjoja. Kaikki viisumihakemuksessa mainitut asiakirjat on toimitettava alkuper\u00e4isin\u00e4 tai oikeaksi todistettuina j\u00e4ljenn\u00f6ksin\u00e4. T\u00e4m\u00e4 on <a href=\"https:\/\/usa-b2.com\/fi\/hakumenettely-b2-viisumin\/\">B2-viisumihakemusmenettelyn<\/a> hallinnollisin osa.  <\/p>\n\n<p>B2-viisumihakemusta ei voida viimeistell\u00e4, jos tietyt asiakirjat puuttuvat. Hakijan on varattava uusi aika suurl\u00e4hetyst\u00f6\u00f6n esitt\u00e4\u00e4kseen puuttuvat asiakirjat ja saadakseen viisumin. <\/p>\n\n<h2 class=\"wp-block-heading\" id=\"h-comment-se-passe-le-rendez-vous-a-l-ambassade-des-etats-unis\">Miten viisumihaastattelu toimii?<\/h2>\n\n<p>Hakijan on tuotava tapaamiseen tulostettu vahvistus viisumihakemuksesta. Varaa 15 minuuttia ylim\u00e4\u00e4r\u00e4ist\u00e4 aikaa suurl\u00e4hetyst\u00f6n turvatarkastukseen ennen tapaamista. Kun turvatarkastukset on suoritettu, hakijan sormenj\u00e4ljet tallennetaan ja h\u00e4n p\u00e4\u00e4see tapaamishuoneeseen.  <\/p>\n\n<p>Tapaaminen suurl\u00e4hetyst\u00f6ss\u00e4 kest\u00e4\u00e4 keskim\u00e4\u00e4rin 15 minuuttia, ja se j\u00e4rjestet\u00e4\u00e4n englanniksi. Joskus haastattelu voidaan tehd\u00e4 paikallisella kielell\u00e4, jos konsulivirkailija puhuu kyseist\u00e4 kielt\u00e4 sujuvasti. Seuraavassa luetellaan B2-viisumihaastattelun t\u00e4rkeimm\u00e4t kohdat:  <\/p>\n\n<ul class=\"wp-block-list\">\n<li>Miksi vierailet Yhdysvalloissa?<\/li>\n\n\n\n<li>Mik\u00e4 on suunniteltu matkareitti, majoitus ja varaukset?  <\/li>\n\n\n\n<li>Miten loma rahoitetaan?<\/li>\n<\/ul>\n\n<p>Haastattelun p\u00e4\u00e4tteeksi konsulivirkailija ilmoittaa, onko viisumi my\u00f6nnetty. B2-viisumin sis\u00e4lt\u00e4v\u00e4 leimattu passi l\u00e4hetet\u00e4\u00e4n postitse haastattelun p\u00e4\u00e4tteeksi. <\/p>\n\n<h2 class=\"wp-block-heading\">Mit\u00e4 asiakirjoja minun pit\u00e4isi tuoda haastatteluun?<\/h2>\n\n<p>Hakijoiden on tuotava mukanaan kaikki alkuper\u00e4iset tai oikeaksi todistetut asiakirjat, joita viisumihakemuksen k\u00e4sittely edellytt\u00e4\u00e4. Seuraavassa on luettelo vaadittavista v\u00e4himm\u00e4isasiakirjoista: <\/p>\n\n<ul class=\"wp-block-list\">\n<li>Nimityskirje<\/li>\n\n\n\n<li><a href=\"https:\/\/usa-b2.com\/fi\/passi-yhdysvaltoihin-matkustamista-varten\/\">Yhdysvaltoihin voimassa oleva passi<\/a>, joka on voimassa v\u00e4hint\u00e4\u00e4n 6 kuukautta suunnitellun Yhdysvaltoihin saapumisp\u00e4iv\u00e4n j\u00e4lkeen.<\/li>\n\n\n\n<li>2 v\u00e4rillist\u00e4 passikuvaa, jotka t\u00e4ytt\u00e4v\u00e4t viisumin valokuvausvaatimukset.<\/li>\n\n\n\n<li>Alkuper\u00e4iset asiakirjat tai oikeaksi todistetut j\u00e4ljenn\u00f6kset viisumihakemuksen j\u00e4tt\u00e4misen yhteydess\u00e4 ladatuista asiakirjoista.<\/li>\n\n\n\n<li>Todiste <a href=\"https:\/\/usa-b2.com\/fi\/b2-usa-viisumimaksut\/\">viisumimaksun<\/a> maksamisesta s\u00e4ilytet\u00e4\u00e4n hakijan asiakirjoissa.<\/li>\n<\/ul>\n\n<div style=\"height:10px\" aria-hidden=\"true\" class=\"wp-block-spacer\"><\/div>\n\n<h2 class=\"wp-block-heading\">Mit\u00e4 tapahtuu, jos hakija ei saavu haastatteluun?<\/h2>\n\n<p>Jos hakija ei saavu sovittuun tapaamiseen, asiakirja suljetaan ja viisumihakemus peruutetaan.\nMaksettuja maksuja ei palauteta. <\/p>\n","protected":false},"excerpt":{"rendered":"<p>Viisumihaastattelu Yhdysvaltain suurl\u00e4hetyst\u00f6ss\u00e4 B2-viisumia haettaessa hakijan on osallistuttava Yhdysvaltain konsuliviranomaisen haastatteluun. Haastattelun tarkoituksena on vahvistaa viisumihakemus. Haastattelu tapahtuu Yhdysvaltain suurl\u00e4hetyst\u00f6ss\u00e4 tai konsulaatissa B2-viisumin hakijan alkuper\u00e4maassa. Alle 90 p\u00e4iv\u00e4n turistilomalle : sinun ei tarvitse varata aikaa suurl\u00e4hetyst\u00f6\u00f6n B2-viisumin hakemista varten. Voit hakea ESTA-lupaa nopeasti ja helposti verkossa. Miten varaan ajan Yhdysvaltain suurl\u00e4hetyst\u00f6\u00f6n? Varatakseen ajan viisumihakemuksen k\u00e4sittely\u00e4 [&hellip;]<\/p>\n","protected":false},"author":1,"featured_media":0,"parent":0,"menu_order":0,"comment_status":"closed","ping_status":"closed","template":"","meta":{"footnotes":""},"class_list":["post-3917","page","type-page","status-publish","hentry"],"yoast_head":"<!-- This site is optimized with the Yoast SEO plugin v27.4 - https:\/\/yoast.com\/product\/yoast-seo-wordpress\/ -->\n<title>Viisumihaastattelu Yhdysvaltain suurl\u00e4hetyst\u00f6ss\u00e4 - USA B2<\/title>\n<meta name=\"description\" content=\"B2-viisumin hakumenettelyyn kuuluu hakijan ja Yhdysvaltain konsulivirkamiehen v\u00e4linen haastattelu. T\u00e4ss\u00e4 ovat kaikki yksityiskohdat.\" \/>\n<meta name=\"robots\" content=\"index, follow, max-snippet:-1, max-image-preview:large, max-video-preview:-1\" \/>\n<link rel=\"canonical\" href=\"https:\/\/usa-b2.com\/fi\/usa-suurlahetyston-viisumivaraus\/\" \/>\n<meta property=\"og:locale\" content=\"fi_FI\" \/>\n<meta property=\"og:type\" content=\"article\" \/>\n<meta property=\"og:title\" content=\"Viisumihaastattelu Yhdysvaltain suurl\u00e4hetyst\u00f6ss\u00e4 - USA B2\" \/>\n<meta property=\"og:description\" content=\"B2-viisumin hakumenettelyyn kuuluu hakijan ja Yhdysvaltain konsulivirkamiehen v\u00e4linen haastattelu. T\u00e4ss\u00e4 ovat kaikki yksityiskohdat.\" \/>\n<meta property=\"og:url\" content=\"https:\/\/usa-b2.com\/fi\/usa-suurlahetyston-viisumivaraus\/\" \/>\n<meta property=\"og:site_name\" content=\"USA B2\" \/>\n<meta property=\"article:modified_time\" content=\"2026-04-17T15:11:26+00:00\" \/>\n<meta name=\"twitter:card\" content=\"summary_large_image\" \/>\n<meta name=\"twitter:label1\" content=\"Arvioitu lukuaika\" \/>\n\t<meta name=\"twitter:data1\" content=\"2 minuuttia\" \/>\n<script type=\"application\/ld+json\" class=\"yoast-schema-graph\">{\"@context\":\"https:\\\/\\\/schema.org\",\"@graph\":[{\"@type\":\"WebPage\",\"@id\":\"https:\\\/\\\/usa-b2.com\\\/fi\\\/usa-suurlahetyston-viisumivaraus\\\/\",\"url\":\"https:\\\/\\\/usa-b2.com\\\/fi\\\/usa-suurlahetyston-viisumivaraus\\\/\",\"name\":\"Viisumihaastattelu Yhdysvaltain suurl\u00e4hetyst\u00f6ss\u00e4 - USA B2\",\"isPartOf\":{\"@id\":\"https:\\\/\\\/usa-b2.com\\\/fi\\\/#website\"},\"datePublished\":\"2024-02-10T17:15:31+00:00\",\"dateModified\":\"2026-04-17T15:11:26+00:00\",\"description\":\"B2-viisumin hakumenettelyyn kuuluu hakijan ja Yhdysvaltain konsulivirkamiehen v\u00e4linen haastattelu. T\u00e4ss\u00e4 ovat kaikki yksityiskohdat.\",\"breadcrumb\":{\"@id\":\"https:\\\/\\\/usa-b2.com\\\/fi\\\/usa-suurlahetyston-viisumivaraus\\\/#breadcrumb\"},\"inLanguage\":\"fi\",\"potentialAction\":[{\"@type\":\"ReadAction\",\"target\":[\"https:\\\/\\\/usa-b2.com\\\/fi\\\/usa-suurlahetyston-viisumivaraus\\\/\"]}]},{\"@type\":\"BreadcrumbList\",\"@id\":\"https:\\\/\\\/usa-b2.com\\\/fi\\\/usa-suurlahetyston-viisumivaraus\\\/#breadcrumb\",\"itemListElement\":[{\"@type\":\"ListItem\",\"position\":1,\"name\":\"Accueil\",\"item\":\"https:\\\/\\\/usa-b2.com\\\/fi\\\/usa\\\/\"},{\"@type\":\"ListItem\",\"position\":2,\"name\":\"Viisumihaastattelu Yhdysvaltain suurl\u00e4hetyst\u00f6ss\u00e4\"}]},{\"@type\":\"WebSite\",\"@id\":\"https:\\\/\\\/usa-b2.com\\\/fi\\\/#website\",\"url\":\"https:\\\/\\\/usa-b2.com\\\/fi\\\/\",\"name\":\"USA B2 VISA\",\"description\":\"\",\"potentialAction\":[{\"@type\":\"SearchAction\",\"target\":{\"@type\":\"EntryPoint\",\"urlTemplate\":\"https:\\\/\\\/usa-b2.com\\\/fi\\\/?s={search_term_string}\"},\"query-input\":{\"@type\":\"PropertyValueSpecification\",\"valueRequired\":true,\"valueName\":\"search_term_string\"}}],\"inLanguage\":\"fi\"}]}<\/script>\n<!-- \/ Yoast SEO plugin. -->","yoast_head_json":{"title":"Viisumihaastattelu Yhdysvaltain suurl\u00e4hetyst\u00f6ss\u00e4 - USA B2","description":"B2-viisumin hakumenettelyyn kuuluu hakijan ja Yhdysvaltain konsulivirkamiehen v\u00e4linen haastattelu. T\u00e4ss\u00e4 ovat kaikki yksityiskohdat.","robots":{"index":"index","follow":"follow","max-snippet":"max-snippet:-1","max-image-preview":"max-image-preview:large","max-video-preview":"max-video-preview:-1"},"canonical":"https:\/\/usa-b2.com\/fi\/usa-suurlahetyston-viisumivaraus\/","og_locale":"fi_FI","og_type":"article","og_title":"Viisumihaastattelu Yhdysvaltain suurl\u00e4hetyst\u00f6ss\u00e4 - USA B2","og_description":"B2-viisumin hakumenettelyyn kuuluu hakijan ja Yhdysvaltain konsulivirkamiehen v\u00e4linen haastattelu. T\u00e4ss\u00e4 ovat kaikki yksityiskohdat.","og_url":"https:\/\/usa-b2.com\/fi\/usa-suurlahetyston-viisumivaraus\/","og_site_name":"USA B2","article_modified_time":"2026-04-17T15:11:26+00:00","twitter_card":"summary_large_image","twitter_misc":{"Arvioitu lukuaika":"2 minuuttia"},"schema":{"@context":"https:\/\/schema.org","@graph":[{"@type":"WebPage","@id":"https:\/\/usa-b2.com\/fi\/usa-suurlahetyston-viisumivaraus\/","url":"https:\/\/usa-b2.com\/fi\/usa-suurlahetyston-viisumivaraus\/","name":"Viisumihaastattelu Yhdysvaltain suurl\u00e4hetyst\u00f6ss\u00e4 - USA B2","isPartOf":{"@id":"https:\/\/usa-b2.com\/fi\/#website"},"datePublished":"2024-02-10T17:15:31+00:00","dateModified":"2026-04-17T15:11:26+00:00","description":"B2-viisumin hakumenettelyyn kuuluu hakijan ja Yhdysvaltain konsulivirkamiehen v\u00e4linen haastattelu. T\u00e4ss\u00e4 ovat kaikki yksityiskohdat.","breadcrumb":{"@id":"https:\/\/usa-b2.com\/fi\/usa-suurlahetyston-viisumivaraus\/#breadcrumb"},"inLanguage":"fi","potentialAction":[{"@type":"ReadAction","target":["https:\/\/usa-b2.com\/fi\/usa-suurlahetyston-viisumivaraus\/"]}]},{"@type":"BreadcrumbList","@id":"https:\/\/usa-b2.com\/fi\/usa-suurlahetyston-viisumivaraus\/#breadcrumb","itemListElement":[{"@type":"ListItem","position":1,"name":"Accueil","item":"https:\/\/usa-b2.com\/fi\/usa\/"},{"@type":"ListItem","position":2,"name":"Viisumihaastattelu Yhdysvaltain suurl\u00e4hetyst\u00f6ss\u00e4"}]},{"@type":"WebSite","@id":"https:\/\/usa-b2.com\/fi\/#website","url":"https:\/\/usa-b2.com\/fi\/","name":"USA B2 VISA","description":"","potentialAction":[{"@type":"SearchAction","target":{"@type":"EntryPoint","urlTemplate":"https:\/\/usa-b2.com\/fi\/?s={search_term_string}"},"query-input":{"@type":"PropertyValueSpecification","valueRequired":true,"valueName":"search_term_string"}}],"inLanguage":"fi"}]}},"_links":{"self":[{"href":"https:\/\/usa-b2.com\/fi\/wp-json\/wp\/v2\/pages\/3917","targetHints":{"allow":["GET"]}}],"collection":[{"href":"https:\/\/usa-b2.com\/fi\/wp-json\/wp\/v2\/pages"}],"about":[{"href":"https:\/\/usa-b2.com\/fi\/wp-json\/wp\/v2\/types\/page"}],"author":[{"embeddable":true,"href":"https:\/\/usa-b2.com\/fi\/wp-json\/wp\/v2\/users\/1"}],"replies":[{"embeddable":true,"href":"https:\/\/usa-b2.com\/fi\/wp-json\/wp\/v2\/comments?post=3917"}],"version-history":[{"count":5,"href":"https:\/\/usa-b2.com\/fi\/wp-json\/wp\/v2\/pages\/3917\/revisions"}],"predecessor-version":[{"id":11457,"href":"https:\/\/usa-b2.com\/fi\/wp-json\/wp\/v2\/pages\/3917\/revisions\/11457"}],"wp:attachment":[{"href":"https:\/\/usa-b2.com\/fi\/wp-json\/wp\/v2\/media?parent=3917"}],"curies":[{"name":"wp","href":"https:\/\/api.w.org\/{rel}","templated":true}]}}