{"id":3903,"date":"2024-02-05T18:28:26","date_gmt":"2024-02-05T18:28:26","guid":{"rendered":"https:\/\/usa-b2.com\/b2-viisumi\/"},"modified":"2026-04-17T09:47:22","modified_gmt":"2026-04-17T09:47:22","slug":"b2-viisumi","status":"publish","type":"page","link":"https:\/\/usa-b2.com\/fi\/b2-viisumi\/","title":{"rendered":"Amerikkalainen B2-viisumi"},"content":{"rendered":"\n<h1 class=\"wp-block-heading\">Amerikan B2-viisumi Yhdysvaltoihin matkustamista varten<\/h1>\n\n<p>B2-vierailuviisumi on yksi t\u00e4rkeimmist\u00e4 amerikkalaisista viisumeista, joita Yhdysvaltoihin pyrkiv\u00e4t ulkomaalaiset hakevat vuosittain.<\/p>\n\n<h2 class=\"wp-block-heading\">Mik\u00e4 on amerikkalainen B2-viisumi?<\/h2>\n\n<p>B2-viisumi on Yhdysvaltoihin my\u00f6nnett\u00e4v\u00e4 turistiviisumi, jonka avulla voit my\u00f6s vierailla l\u00e4heisten yst\u00e4vien ja perheenj\u00e4senten luona. B2-viisumin avulla voit my\u00f6s oleskella Yhdysvalloissa sairaanhoitoa varten tai osallistua yhteiskunnalliseen toimintaan. Se ei oikeuta ty\u00f6skentelem\u00e4\u00e4n Yhdysvalloissa. Hakijoiden on todistettava, ett\u00e4 he aikovat palata kotimaahansa tilap\u00e4isen oleskelunsa j\u00e4lkeen.   <\/p>\n\n<p><strong>Alle 90 p\u00e4iv\u00e4n turistiloma<\/strong>: sinun ei tarvitse hakea <a href=\"https:\/\/usa-b2.com\/fi\/b2-viisumilomake-verkossa\/\">B2-viisumia<\/a>, jos maasi kuuluu <a href=\"https:\/\/usa-b2.com\/fi\/viisumivapausohjelma\/\">viisumivapausohjelmaan<\/a>. Voit yksinkertaisesti hakea ESTA-viisumia muutamassa minuutissa napsauttamalla <a href=\"https:\/\/usa-b2.com\/fi\/esta-lomake-verkossa\/\">ESTA-verkkolomaketta<\/a>. <\/p>\n\n<div style=\"height:10px\" aria-hidden=\"true\" class=\"wp-block-spacer\"><\/div>\n\n<p><strong>Huom:<\/strong> <a href=\"https:\/\/usa-b2.com\/fi\/ero-viisumin-ja-esta-n-valilla\/\">ESTA ei ole viisumi<\/a>. ESTA-lupa ei anna sinulle samoja oikeuksia kuin <a href=\"https:\/\/usa-b2.com\/fi\/yhdysvaltain-b1-b2-viisumi\/\">b1\/b2-viisumi<\/a>. <\/p>\n\n<h2 class=\"wp-block-heading\">Mitk\u00e4 ovat B2-viisumin my\u00f6nt\u00e4misperusteet?<\/h2>\n\n<p>T\u00e4rkeimm\u00e4t vaatimukset B2-viisumin saamiseksi Yhdysvaltoihin ovat :<\/p>\n\n<ol class=\"wp-block-list\">\n<li>Tilap\u00e4inen oleskelu Yhdysvalloissa<\/li>\n\n\n\n<li>Oleskelun tarkoituksen on oltava B2-viisumin mukainen.<\/li>\n\n\n\n<li>sinulla on tarvittavat taloudelliset edellytykset oleskeluun Yhdysvalloissa.<\/li>\n<\/ol>\n\n<div style=\"height:20px\" aria-hidden=\"true\" class=\"wp-block-spacer\"><\/div>\n\n<h3 class=\"wp-block-heading\">1. Tilap\u00e4inen oleskelu Yhdysvalloissa<\/h3>\n\n<p>Saadakseen B2-viisumin hakijan on osoitettava, ett\u00e4 h\u00e4n aikoo oleskella Yhdysvalloissa tilap\u00e4isesti. Hakijan on osoitettava, ett\u00e4 h\u00e4nell\u00e4 on vahvat siteet kotimaahansa, jotka kannustavat h\u00e4nt\u00e4 palaamaan sinne oleskelunsa p\u00e4\u00e4tytty\u00e4. <\/p>\n\n<h3 class=\"wp-block-heading\">2. Mitk\u00e4 ovat tukikelpoiset syyt oleskeluun?<\/h3>\n\n<p>Seuraavassa on luettelo syist\u00e4, joiden perusteella hakija voi hakea B2-viisumia:<\/p>\n\n<ul class=\"wp-block-list\">\n<li>Matkailu Yhdysvalloissa<\/li>\n\n\n\n<li>Yst\u00e4vien ja perheenj\u00e4senten vierailut<\/li>\n\n\n\n<li>Osallistuminen yst\u00e4v\u00e4llisiin tai sosiaalisiin tapahtumiin<\/li>\n\n\n\n<li>L\u00e4\u00e4ketieteellisen hoidon saaminen<\/li>\n\n\n\n<li>osallistuminen urheilu- tai musiikkitapahtumiin ilman korvausta<\/li>\n\n\n\n<li>Osallistu oppisopimuskoulutukseen ilman koulutuspisteit\u00e4.<\/li>\n<\/ul>\n\n<div style=\"height:10px\" aria-hidden=\"true\" class=\"wp-block-spacer\"><\/div>\n\n<p>Liiketoiminnallisista tai ammatillisista syist\u00e4 tapahtuvaa oleskelua varten hakijan on haettava <a href=\"https:\/\/usa-b2.com\/fi\/b1-viisumi\/\">B1-liikenneviisumia<\/a> tai muuta oleskelun tarkoitusta vastaavaa muuta kuin maahanmuuttajaviisumia. Amerikkalaisviisumeja on useita erilaisia, vierailun tarkoituksesta riippuen. On jopa olemassa erityinen <a href=\"https:\/\/usa-b2.com\/fi\/yhdysvallat-kauttakulkuviisumi\/\">viisumi, joka on tarkoitettu Yhdysvaltojen kautta tapahtuvaa kauttakulkua varten<\/a>.  <\/p>\n\n<h3 class=\"wp-block-heading\">3. riitt\u00e4v\u00e4t taloudelliset resurssit oleskelua varten<\/h3>\n\n<p>B2-viisumia hakiessaan hakijan on osoitettava, ett\u00e4 h\u00e4nell\u00e4 on riitt\u00e4v\u00e4t taloudelliset resurssit kattamaan Yhdysvalloissa oleskelusta aiheutuvat kustannukset.<\/p>\n\n<h2 class=\"wp-block-heading\">Kuka voi hakea B2-viisumia?<\/h2>\n\n<p>Seuraavassa on tarkempia tietoja tiettyjen B2-viisumiin oikeutettujen maiden kansalaisista:<\/p>\n\n<ul class=\"wp-block-list\">\n<li><a href=\"https:\/\/usa-b2.com\/fi\/viisumi-b2-ranskan\/\">B2-viisumi Ranskan kansalaisille<\/a><\/li>\n\n\n\n<li><a href=\"https:\/\/usa-b2.com\/fi\/b2-viisumi-italialaisille\/\">B2-viisumi italialaisille<\/a><\/li>\n\n\n\n<li><a href=\"https:\/\/usa-b2.com\/fi\/b2-viisumi-saksalaisille\/\">B2-viisumi saksalaisille<\/a><\/li>\n\n\n\n<li><a href=\"https:\/\/usa-b2.com\/fi\/b2-viisumin-meksikolaiselle\/\">B2-viisumi meksikolaisille<\/a><\/li>\n\n\n\n<li><a href=\"https:\/\/usa-b2.com\/fi\/viisumi-b1-b2-brasilialaisille\/\">B2-viisumi brasilialaisille<\/a><\/li>\n\n\n\n<li>B2-viisumi Espanjan kansalaisille<\/li>\n<\/ul>\n\n<div style=\"height:10px\" aria-hidden=\"true\" class=\"wp-block-spacer\"><\/div>\n\n<h2 class=\"wp-block-heading\">Miten haen B2-viisumia?<\/h2>\n\n<p><a href=\"https:\/\/usa-b2.com\/fi\/hakumenettely-b2-viisumin\/\">B2-viisumin hakumenettely<\/a> aloitetaan verkossa. Se sis\u00e4lt\u00e4\u00e4 seuraavat vaiheet: <\/p>\n\n<ol class=\"wp-block-list\">\n<li>T\u00e4yt\u00e4 <a href=\"https:\/\/usa-b2.com\/fi\/ds-160\/\">B2-viisumilomake<\/a> verkossa<\/li>\n\n\n\n<li>Maksa <a href=\"https:\/\/usa-b2.com\/fi\/b2-usa-viisumimaksut\/\">B2-viisumimaksu<\/a> verkossa hakemuksesi vahvistamiseksi.<\/li>\n\n\n\n<li>Varaa aika <a href=\"https:\/\/usa-b2.com\/fi\/usa-suurlahetyston-viisumivaraus\/\">viisumihaastatteluun suurl\u00e4hetyst\u00f6ss\u00e4<\/a><\/li>\n\n\n\n<li>Valmistele kaikki viisumihakemuksen liiteasiakirjat.<\/li>\n\n\n\n<li>Osallistu viisumihaastatteluun.<\/li>\n<\/ol>\n\n<div style=\"height:10px\" aria-hidden=\"true\" class=\"wp-block-spacer\"><\/div>\n\n<p>Viisumi lis\u00e4t\u00e4\u00e4n <a href=\"https:\/\/usa-b2.com\/fi\/passi-yhdysvaltoihin-matkustamista-varten\/\">Yhdysvaltoihin matkustamiseen k\u00e4ytett\u00e4v\u00e4\u00e4n passiin<\/a>.<\/p>\n\n<h2 class=\"wp-block-heading\">Kuinka paljon B2-viisumi maksaa?<\/h2>\n\n<p>Kun haet turistiviisumia, <a href=\"https:\/\/usa-b2.com\/fi\/b2-usa-viisumimaksut\/\">B2-viisumin verkkomaksu<\/a> on 185 Yhdysvaltain dollaria. Hakijan kansalaisuudesta riippuen voi tulla lis\u00e4maksuja. Kun ulkomainen hallitus perii maksuja, Yhdysvallat soveltaa B2-viisumihakemuksesta vastavuoroisia maksuja kyseisen maan kansalaisiin.  <\/p>\n\n<p>Kun viisumimaksu on maksettu, hakijan on s\u00e4ilytett\u00e4v\u00e4 maksukuitti ja liitett\u00e4v\u00e4 se <a href=\"https:\/\/usa-b2.com\/fi\/usa-suurlahetyston-viisumivaraus\/\">suurl\u00e4hetyst\u00f6ss\u00e4 pidett\u00e4v\u00e4n viisumik\u00e4ynnin<\/a> yhteydess\u00e4 esitett\u00e4viin liiteasiakirjoihin.<\/p>\n\n<h2 class=\"wp-block-heading\">Kuinka kauan B2-viisumin saaminen kest\u00e4\u00e4?<\/h2>\n\n<p>Viisumihakemuksen k\u00e4sittely kest\u00e4\u00e4 v\u00e4hint\u00e4\u00e4n muutaman viikon. T\u00e4m\u00e4 aika riippuu siit\u00e4, kuinka monta hakemusta Yhdysvaltain konsuliviranomainen k\u00e4sittelee hakijan alkuper\u00e4maassa.   <\/p>\n\n<p>Aikaa kuluu my\u00f6s huomattavasti riippuen siit\u00e4, miten nopeasti hakija toimittaa lis\u00e4tietoja ja j\u00e4rjest\u00e4\u00e4 <a href=\"https:\/\/usa-b2.com\/fi\/yhdysvaltain-suurlahetysto\/\">tapaamisen Yhdysvaltain suurl\u00e4hetyst\u00f6ss\u00e4<\/a>.<\/p>\n\n<h2 class=\"wp-block-heading\">Kuinka kauan B2-viisumi on voimassa?<\/h2>\n\n<p>B2-viisumin alkuper\u00e4inen kesto on 6 kuukautta. Viisumin voimassaolon pident\u00e4miseksi viisuminhaltijan on haettava jatkoaikaa 6 kuukaudella. Jatkohakemus voidaan tehd\u00e4 vasta 3 kuukauden kuluttua ja viimeist\u00e4\u00e4n 42 p\u00e4iv\u00e4\u00e4 ennen viisumin voimassaolon p\u00e4\u00e4ttymist\u00e4.  <\/p>\n\n<h2 class=\"wp-block-heading\">Milt\u00e4 B2-viisumi n\u00e4ytt\u00e4\u00e4?<\/h2>\n\n<p>T\u00e4ss\u00e4 on kuva B2-viisumin n\u00e4ytteest\u00e4, josta n\u00e4et, milt\u00e4 se n\u00e4ytt\u00e4\u00e4. T\u00e4st\u00e4 kuvasta n\u00e4et my\u00f6s viisumissa vaadittavat mitat passikuvaa varten. <\/p>\n\n<figure class=\"wp-block-image size-full\"><img fetchpriority=\"high\" decoding=\"async\" width=\"760\" height=\"468\" src=\"https:\/\/usa-b2.com\/wp-content\/uploads\/2024\/02\/Visa-b2.webp\" alt=\"B2-viisumi\" class=\"wp-image-1072\" srcset=\"https:\/\/usa-b2.com\/wp-content\/uploads\/2024\/02\/Visa-b2.webp 760w, https:\/\/usa-b2.com\/wp-content\/uploads\/2024\/02\/Visa-b2-300x185.webp 300w\" sizes=\"(max-width: 760px) 100vw, 760px\" \/><figcaption class=\"wp-element-caption\">Kuva B2-viisumista Yhdysvaltoihin<\/figcaption><\/figure>\n\n<h2 class=\"wp-block-heading\">Onko mahdollista saada vihre\u00e4 kortti B2-viisumilla?<\/h2>\n\n<p>Vihre\u00e4n kortin saaminen suoraan B2-viisumilla on yleens\u00e4 vaikeaa. B2-viisumi on v\u00e4liaikainen vierailijaviisumi. Jos haluat vaihtaa asemaa ja saada pysyv\u00e4n oleskeluluvan, sinun on noudatettava erityist\u00e4 menettely\u00e4, johon voi kuulua esimerkiksi seuraavaa:  <\/p>\n\n<ul class=\"wp-block-list\">\n<li>Avioliitto Yhdysvaltain kansalaisen kanssa ;<\/li>\n\n\n\n<li>P\u00e4tev\u00e4 ty\u00f6tarjous ;<\/li>\n\n\n\n<li>Perheen sponsorointi.<\/li>\n<\/ul>\n\n<div style=\"height:10px\" aria-hidden=\"true\" class=\"wp-block-spacer\"><\/div>\n\n<h2 class=\"wp-block-heading\">Mitk\u00e4 ovat t\u00e4rkeimm\u00e4t kohteet, joihin p\u00e4\u00e4see B2-viisumilla Yhdysvaltoihin?<\/h2>\n\n<p>B2-viisumi antaa ulkomaalaisille matkustajille mahdollisuuden oleskella miss\u00e4 tahansa Yhdysvalloissa. Jos haluat lis\u00e4tietoja, voit tutustua <a href=\"https:\/\/usa-b2.com\/fi\/viisumi-new-yorkiin\/\">New Yorkin viisumeihin<\/a> liittyviin erityistietoihin. Yhdysvaltojen koillisrannikolla monet matkustajat k\u00e4ytt\u00e4v\u00e4t Yhdysvaltoihin saapumiseen my\u00f6s <a href=\"https:\/\/usa-b2.com\/fi\/viisumi-washingtoniin\/\">Washingtonin viisumia<\/a>. Tietoa <a href=\"https:\/\/usa-b2.com\/fi\/viisumi-bostoniin\/\">viisumin hankkimisesta Bostoniin<\/a> tai matkustamisesta <a href=\"https:\/\/usa-b2.com\/fi\/viisumin-chicagon\/\">Chicagon viisumilla<\/a> on my\u00f6s eritt\u00e4in hy\u00f6dyllist\u00e4.   <\/p>\n\n<p>Jos matkustat l\u00e4nsirannikolle turistina, tarvitset <a href=\"https:\/\/usa-b2.com\/fi\/viisumi-san-franciscoon\/\">viisumin San Franciscoon<\/a>. Jos matkustat pohjoisemmaksi, tarvitset <a href=\"https:\/\/usa-b2.com\/fi\/los-angelesin-viisumi\/\">viisumin Los Angelesiin<\/a>. Jos haluat matkustaa Nevadan autiomaahan, katso tiedot <a href=\"https:\/\/usa-b2.com\/fi\/las-vegasin-viisumi\/\">Las Vegasin viisumeista<\/a>.  <\/p>\n\n<p>Toinen merkitt\u00e4v\u00e4 matkailukohde Yhdysvalloissa on it\u00e4rannikon etel\u00e4osa. Hanki <a href=\"https:\/\/usa-b2.com\/fi\/viisumin-miamin\/\">viisumi Miamiin<\/a> tutustuaksesi Floridaan Yhdysvalloissa.<\/p>\n\n<h2 class=\"wp-block-heading\">Yhteenveto Yhdysvaltain B2-viisumista<\/h2>\n\n<figure class=\"wp-block-image size-large\"><img decoding=\"async\" width=\"683\" height=\"1024\" src=\"https:\/\/usa-b2.com\/wp-content\/uploads\/2026\/04\/infos-B2-683x1024.png\" alt=\"B2-viisumia koskevat tiedot\" class=\"wp-image-11212\" srcset=\"https:\/\/usa-b2.com\/wp-content\/uploads\/2026\/04\/infos-B2-683x1024.png 683w, https:\/\/usa-b2.com\/wp-content\/uploads\/2026\/04\/infos-B2-200x300.png 200w, https:\/\/usa-b2.com\/wp-content\/uploads\/2026\/04\/infos-B2-768x1152.png 768w, https:\/\/usa-b2.com\/wp-content\/uploads\/2026\/04\/infos-B2.png 1024w\" sizes=\"(max-width: 683px) 100vw, 683px\" \/><figcaption class=\"wp-element-caption\">Kaikki mit\u00e4 sinun tarvitsee tiet\u00e4\u00e4 B2-viisumista Yhdysvaltoihin<\/figcaption><\/figure>\n","protected":false},"excerpt":{"rendered":"<p>Amerikan B2-viisumi Yhdysvaltoihin matkustamista varten B2-vierailuviisumi on yksi t\u00e4rkeimmist\u00e4 amerikkalaisista viisumeista, joita Yhdysvaltoihin pyrkiv\u00e4t ulkomaalaiset hakevat vuosittain. Mik\u00e4 on amerikkalainen B2-viisumi? B2-viisumi on Yhdysvaltoihin my\u00f6nnett\u00e4v\u00e4 turistiviisumi, jonka avulla voit my\u00f6s vierailla l\u00e4heisten yst\u00e4vien ja perheenj\u00e4senten luona. B2-viisumin avulla voit my\u00f6s oleskella Yhdysvalloissa sairaanhoitoa varten tai osallistua yhteiskunnalliseen toimintaan. Se ei oikeuta ty\u00f6skentelem\u00e4\u00e4n Yhdysvalloissa. Hakijoiden on [&hellip;]<\/p>\n","protected":false},"author":1,"featured_media":0,"parent":0,"menu_order":0,"comment_status":"closed","ping_status":"closed","template":"","meta":{"footnotes":""},"class_list":["post-3903","page","type-page","status-publish","hentry"],"yoast_head":"<!-- This site is optimized with the Yoast SEO plugin v27.4 - https:\/\/yoast.com\/product\/yoast-seo-wordpress\/ -->\n<title>Amerikkalainen B2-viisumi - USA B2<\/title>\n<meta name=\"description\" content=\"B2-viisumin hakeminen verkossa Yhdysvaltoihin matkustamista varten. Selit\u00e4mme kaiken\" \/>\n<meta name=\"robots\" content=\"index, follow, max-snippet:-1, max-image-preview:large, max-video-preview:-1\" \/>\n<link rel=\"canonical\" href=\"https:\/\/usa-b2.com\/fi\/b2-viisumi\/\" \/>\n<meta property=\"og:locale\" content=\"fi_FI\" \/>\n<meta property=\"og:type\" content=\"article\" \/>\n<meta property=\"og:title\" content=\"Amerikkalainen B2-viisumi - USA B2\" \/>\n<meta property=\"og:description\" content=\"B2-viisumin hakeminen verkossa Yhdysvaltoihin matkustamista varten. Selit\u00e4mme kaiken\" \/>\n<meta property=\"og:url\" content=\"https:\/\/usa-b2.com\/fi\/b2-viisumi\/\" \/>\n<meta property=\"og:site_name\" content=\"USA B2\" \/>\n<meta property=\"article:modified_time\" content=\"2026-04-17T09:47:22+00:00\" \/>\n<meta property=\"og:image\" content=\"https:\/\/usa-b2.com\/wp-content\/uploads\/2024\/02\/Visa-b2.webp\" \/>\n\t<meta property=\"og:image:width\" content=\"760\" \/>\n\t<meta property=\"og:image:height\" content=\"468\" \/>\n\t<meta property=\"og:image:type\" content=\"image\/webp\" \/>\n<meta name=\"twitter:card\" content=\"summary_large_image\" \/>\n<meta name=\"twitter:label1\" content=\"Arvioitu lukuaika\" \/>\n\t<meta name=\"twitter:data1\" content=\"4 minuuttia\" \/>\n<script type=\"application\/ld+json\" class=\"yoast-schema-graph\">{\"@context\":\"https:\\\/\\\/schema.org\",\"@graph\":[{\"@type\":\"WebPage\",\"@id\":\"https:\\\/\\\/usa-b2.com\\\/fi\\\/b2-viisumi\\\/\",\"url\":\"https:\\\/\\\/usa-b2.com\\\/fi\\\/b2-viisumi\\\/\",\"name\":\"Amerikkalainen B2-viisumi - USA B2\",\"isPartOf\":{\"@id\":\"https:\\\/\\\/usa-b2.com\\\/fi\\\/#website\"},\"primaryImageOfPage\":{\"@id\":\"https:\\\/\\\/usa-b2.com\\\/fi\\\/b2-viisumi\\\/#primaryimage\"},\"image\":{\"@id\":\"https:\\\/\\\/usa-b2.com\\\/fi\\\/b2-viisumi\\\/#primaryimage\"},\"thumbnailUrl\":\"https:\\\/\\\/usa-b2.com\\\/wp-content\\\/uploads\\\/2024\\\/02\\\/Visa-b2.webp\",\"datePublished\":\"2024-02-05T18:28:26+00:00\",\"dateModified\":\"2026-04-17T09:47:22+00:00\",\"description\":\"B2-viisumin hakeminen verkossa Yhdysvaltoihin matkustamista varten. Selit\u00e4mme kaiken\",\"breadcrumb\":{\"@id\":\"https:\\\/\\\/usa-b2.com\\\/fi\\\/b2-viisumi\\\/#breadcrumb\"},\"inLanguage\":\"fi\",\"potentialAction\":[{\"@type\":\"ReadAction\",\"target\":[\"https:\\\/\\\/usa-b2.com\\\/fi\\\/b2-viisumi\\\/\"]}]},{\"@type\":\"ImageObject\",\"inLanguage\":\"fi\",\"@id\":\"https:\\\/\\\/usa-b2.com\\\/fi\\\/b2-viisumi\\\/#primaryimage\",\"url\":\"https:\\\/\\\/usa-b2.com\\\/wp-content\\\/uploads\\\/2024\\\/02\\\/Visa-b2.webp\",\"contentUrl\":\"https:\\\/\\\/usa-b2.com\\\/wp-content\\\/uploads\\\/2024\\\/02\\\/Visa-b2.webp\"},{\"@type\":\"BreadcrumbList\",\"@id\":\"https:\\\/\\\/usa-b2.com\\\/fi\\\/b2-viisumi\\\/#breadcrumb\",\"itemListElement\":[{\"@type\":\"ListItem\",\"position\":1,\"name\":\"Accueil\",\"item\":\"https:\\\/\\\/usa-b2.com\\\/fi\\\/usa\\\/\"},{\"@type\":\"ListItem\",\"position\":2,\"name\":\"Amerikkalainen B2-viisumi\"}]},{\"@type\":\"WebSite\",\"@id\":\"https:\\\/\\\/usa-b2.com\\\/fi\\\/#website\",\"url\":\"https:\\\/\\\/usa-b2.com\\\/fi\\\/\",\"name\":\"USA B2 VISA\",\"description\":\"\",\"potentialAction\":[{\"@type\":\"SearchAction\",\"target\":{\"@type\":\"EntryPoint\",\"urlTemplate\":\"https:\\\/\\\/usa-b2.com\\\/fi\\\/?s={search_term_string}\"},\"query-input\":{\"@type\":\"PropertyValueSpecification\",\"valueRequired\":true,\"valueName\":\"search_term_string\"}}],\"inLanguage\":\"fi\"}]}<\/script>\n<!-- \/ Yoast SEO plugin. -->","yoast_head_json":{"title":"Amerikkalainen B2-viisumi - USA B2","description":"B2-viisumin hakeminen verkossa Yhdysvaltoihin matkustamista varten. Selit\u00e4mme kaiken","robots":{"index":"index","follow":"follow","max-snippet":"max-snippet:-1","max-image-preview":"max-image-preview:large","max-video-preview":"max-video-preview:-1"},"canonical":"https:\/\/usa-b2.com\/fi\/b2-viisumi\/","og_locale":"fi_FI","og_type":"article","og_title":"Amerikkalainen B2-viisumi - USA B2","og_description":"B2-viisumin hakeminen verkossa Yhdysvaltoihin matkustamista varten. Selit\u00e4mme kaiken","og_url":"https:\/\/usa-b2.com\/fi\/b2-viisumi\/","og_site_name":"USA B2","article_modified_time":"2026-04-17T09:47:22+00:00","og_image":[{"width":760,"height":468,"url":"https:\/\/usa-b2.com\/wp-content\/uploads\/2024\/02\/Visa-b2.webp","type":"image\/webp"}],"twitter_card":"summary_large_image","twitter_misc":{"Arvioitu lukuaika":"4 minuuttia"},"schema":{"@context":"https:\/\/schema.org","@graph":[{"@type":"WebPage","@id":"https:\/\/usa-b2.com\/fi\/b2-viisumi\/","url":"https:\/\/usa-b2.com\/fi\/b2-viisumi\/","name":"Amerikkalainen B2-viisumi - USA B2","isPartOf":{"@id":"https:\/\/usa-b2.com\/fi\/#website"},"primaryImageOfPage":{"@id":"https:\/\/usa-b2.com\/fi\/b2-viisumi\/#primaryimage"},"image":{"@id":"https:\/\/usa-b2.com\/fi\/b2-viisumi\/#primaryimage"},"thumbnailUrl":"https:\/\/usa-b2.com\/wp-content\/uploads\/2024\/02\/Visa-b2.webp","datePublished":"2024-02-05T18:28:26+00:00","dateModified":"2026-04-17T09:47:22+00:00","description":"B2-viisumin hakeminen verkossa Yhdysvaltoihin matkustamista varten. Selit\u00e4mme kaiken","breadcrumb":{"@id":"https:\/\/usa-b2.com\/fi\/b2-viisumi\/#breadcrumb"},"inLanguage":"fi","potentialAction":[{"@type":"ReadAction","target":["https:\/\/usa-b2.com\/fi\/b2-viisumi\/"]}]},{"@type":"ImageObject","inLanguage":"fi","@id":"https:\/\/usa-b2.com\/fi\/b2-viisumi\/#primaryimage","url":"https:\/\/usa-b2.com\/wp-content\/uploads\/2024\/02\/Visa-b2.webp","contentUrl":"https:\/\/usa-b2.com\/wp-content\/uploads\/2024\/02\/Visa-b2.webp"},{"@type":"BreadcrumbList","@id":"https:\/\/usa-b2.com\/fi\/b2-viisumi\/#breadcrumb","itemListElement":[{"@type":"ListItem","position":1,"name":"Accueil","item":"https:\/\/usa-b2.com\/fi\/usa\/"},{"@type":"ListItem","position":2,"name":"Amerikkalainen B2-viisumi"}]},{"@type":"WebSite","@id":"https:\/\/usa-b2.com\/fi\/#website","url":"https:\/\/usa-b2.com\/fi\/","name":"USA B2 VISA","description":"","potentialAction":[{"@type":"SearchAction","target":{"@type":"EntryPoint","urlTemplate":"https:\/\/usa-b2.com\/fi\/?s={search_term_string}"},"query-input":{"@type":"PropertyValueSpecification","valueRequired":true,"valueName":"search_term_string"}}],"inLanguage":"fi"}]}},"_links":{"self":[{"href":"https:\/\/usa-b2.com\/fi\/wp-json\/wp\/v2\/pages\/3903","targetHints":{"allow":["GET"]}}],"collection":[{"href":"https:\/\/usa-b2.com\/fi\/wp-json\/wp\/v2\/pages"}],"about":[{"href":"https:\/\/usa-b2.com\/fi\/wp-json\/wp\/v2\/types\/page"}],"author":[{"embeddable":true,"href":"https:\/\/usa-b2.com\/fi\/wp-json\/wp\/v2\/users\/1"}],"replies":[{"embeddable":true,"href":"https:\/\/usa-b2.com\/fi\/wp-json\/wp\/v2\/comments?post=3903"}],"version-history":[{"count":5,"href":"https:\/\/usa-b2.com\/fi\/wp-json\/wp\/v2\/pages\/3903\/revisions"}],"predecessor-version":[{"id":11399,"href":"https:\/\/usa-b2.com\/fi\/wp-json\/wp\/v2\/pages\/3903\/revisions\/11399"}],"wp:attachment":[{"href":"https:\/\/usa-b2.com\/fi\/wp-json\/wp\/v2\/media?parent=3903"}],"curies":[{"name":"wp","href":"https:\/\/api.w.org\/{rel}","templated":true}]}}