{"id":3899,"date":"2024-02-10T17:10:38","date_gmt":"2024-02-10T17:10:38","guid":{"rendered":"https:\/\/usa-b2.com\/usa-vierailijaviisumi\/"},"modified":"2025-10-13T13:54:58","modified_gmt":"2025-10-13T13:54:58","slug":"yhdysvallat-vierailijaviisumi","status":"publish","type":"page","link":"https:\/\/usa-b2.com\/fi\/yhdysvallat-vierailijaviisumi\/","title":{"rendered":"Vierailijaviisumit Yhdysvaltoihin matkustamista varten"},"content":{"rendered":"\n<h1 class=\"wp-block-heading\">Vierailuviisumi Yhdysvaltoihin<\/h1>\n\n<h2 class=\"wp-block-heading\">Mik\u00e4 on vierailijaviisumi Yhdysvaltoihin?<\/h2>\n\n<p>Yhdysvaltain vierailijaviisumi antaa ulkomaalaiselle mahdollisuuden oleskella Yhdysvalloissa rajoitetun ajan: ensimm\u00e4inen oleskelujakso on enint\u00e4\u00e4n 6 kuukautta. Vierailijaviisumi voidaan uusia useita kertoja.   <\/p>\n\n<p>Vierailijaviisumeita on kahdenlaisia, riippuen vierailun tarkoituksesta:<\/p>\n\n<ul class=\"wp-block-list\">\n<li><a href=\"https:\/\/usa-b2.com\/fi\/b1-viisumi\/\">B1-viisumi<\/a> on viisumi liiketoimintaa varten Yhdysvalloissa.<\/li>\n\n\n\n<li><a href=\"https:\/\/usa-b2.com\/fi\/b2-viisumi\/\">B2-viisumi<\/a> on turistiviisumi, jonka avulla voit vierailla Yhdysvalloissa ja vierailla siell\u00e4 yst\u00e4vien tai perheenj\u00e4senten luona.<\/li>\n<\/ul>\n\n<div style=\"height:10px\" aria-hidden=\"true\" class=\"wp-block-spacer\"><\/div>\n\n<h2 class=\"wp-block-heading\">Mit\u00e4 eroja on B1- ja B2-viisumien v\u00e4lill\u00e4?<\/h2>\n\n<p>T\u00e4rkein ero n\u00e4iden kahden viisumin v\u00e4lill\u00e4 on oleskelun tarkoitus: B1-viisumi my\u00f6nnet\u00e4\u00e4n ammatillisista syist\u00e4, kun taas B2-viisumi on tarkoitettu Yhdysvalloissa tapahtuvaan matkailu- ja perhevierailuun.  <\/p>\n\n<p>Muilta osin n\u00e4m\u00e4 kaksi B-luokan viisumia ovat melko samanlaisia. Ne my\u00f6nnet\u00e4\u00e4n kuudeksi kuukaudeksi, ja niit\u00e4 on mahdollista pident\u00e4\u00e4 enint\u00e4\u00e4n yhdell\u00e4 vuodella. Viisumin uusimisten m\u00e4\u00e4r\u00e4\u00e4 ei ole rajoitettu.  <\/p>\n\n<h2 class=\"wp-block-heading\">Mik\u00e4 toiminta on kielletty\u00e4 B1\/B2-viisumilla?<\/h2>\n\n<p>B1\/B2-viisumin haltijat voivat matkustaa Yhdysvaltoihin, mutta tietyt toimet ovat kiellettyj\u00e4. Seuraavassa luetellaan t\u00e4rkeimm\u00e4t B1\/B2-viisumin haltijoilta kielletyt toimet:<\/p>\n\n<ul class=\"wp-block-list\">\n<li>H\u00e4n ei voi ty\u00f6skennell\u00e4 Yhdysvalloissa;<\/li>\n\n\n\n<li>H\u00e4nest\u00e4 ei voi tulla oppilasta;<\/li>\n\n\n\n<li>H\u00e4n ei saa nousta ilma-aluksen tai aluksen miehist\u00f6n j\u00e4senen\u00e4;<\/li>\n\n\n\n<li>H\u00e4n ei voi yritt\u00e4\u00e4 saada pysyv\u00e4\u00e4 oleskelulupaa Yhdysvaltoihin.<\/li>\n<\/ul>\n\n<div style=\"height:10px\" aria-hidden=\"true\" class=\"wp-block-spacer\"><\/div>\n\n<h2 class=\"wp-block-heading\">Miten haen B1\/B2-viisumia?<\/h2>\n\n<p><a href=\"https:\/\/usa-b2.com\/fr\/procedure-demande-visa-b2\/\">Viisumihakemusmenettely<\/a> tapahtuu p\u00e4\u00e4asiassa verkossa. Prosessi sis\u00e4lt\u00e4\u00e4 viisi vaihetta seuraavassa j\u00e4rjestyksess\u00e4: <\/p>\n\n<ol class=\"wp-block-list\">\n<li>T\u00e4yt\u00e4 <a href=\"https:\/\/usa-b2.com\/fr\/ds-160\/\">lomake DS-160<\/a> verkossa menettelyn aloittamiseksi.<\/li>\n\n\n\n<li>Maksa <a href=\"https:\/\/usa-b2.com\/fr\/frais-visa-b2-usa\/\">viisumimaksu<\/a> viisumihakemuksen vahvistamiseksi.<\/li>\n\n\n\n<li>Varaa aika <a href=\"https:\/\/usa-b2.com\/fr\/rendez-vous-visa-ambassade-usa\/\">viisumihaastatteluun suurl\u00e4hetyst\u00f6st\u00e4<\/a>.<\/li>\n\n\n\n<li>Ker\u00e4\u00e4 kaikki viisumihakemuksen liiteasiakirjat.<\/li>\n\n\n\n<li>Osallistu haastatteluun viisumin saamiseksi <a href=\"https:\/\/usa-b2.com\/fr\/passeport-pour-voyager-aux-usa\/\">passiin Yhdysvaltoihin matkustamista varten<\/a>.<\/li>\n<\/ol>\n\n<div style=\"height:10px\" aria-hidden=\"true\" class=\"wp-block-spacer\"><\/div>\n\n<h2 class=\"wp-block-heading\">B1\/B2-viisumin kesto ja voimassaoloaika<\/h2>\n\n<p>B1\/B2-viisumi voi olla voimassa enint\u00e4\u00e4n <strong>10 vuotta<\/strong>, ja yksitt\u00e4inen oleskelu on yleens\u00e4 rajoitettu enint\u00e4\u00e4n <strong>6 kuukauteen<\/strong> maahantuloa kohden. Maahanmuuttovirkailija m\u00e4\u00e4rittelee tarkan keston, kun saavut Yhdysvaltoihin. <\/p>\n\n<h2 class=\"wp-block-heading\">Usein kysytyt kysymykset B1\/B2-viisumista<\/h2>\n\n<h3 class=\"wp-block-heading\">Kuinka kauan B1\/B2-viisumin saaminen kest\u00e4\u00e4?<\/h3>\n\n<p>Hoitoajat vaihtelevat, mutta kest\u00e4v\u00e4t yleens\u00e4 2-8 viikkoa haastattelun j\u00e4lkeen.<\/p>\n\n<h3 class=\"wp-block-heading\">Voinko ty\u00f6skennell\u00e4 Yhdysvalloissa B1\/B2-viisumilla?<\/h3>\n\n<p>Ei. B1\/B2-viisumi ei oikeuta ty\u00f6skentelem\u00e4\u00e4n Yhdysvalloissa. Sinun on haettava ty\u00f6viisumia, jos haluat tehd\u00e4 palkkaty\u00f6t\u00e4. <\/p>\n\n<h3 class=\"wp-block-heading\">Mit\u00e4 tehd\u00e4, jos hakemus hyl\u00e4t\u00e4\u00e4n?<\/h3>\n\n<p>Jos hakemuksesi hyl\u00e4t\u00e4\u00e4n, saat kirjeen, jossa kerrotaan syyt. Voit korjata hakemuksesi puutteet ja j\u00e4tt\u00e4\u00e4 uuden hakemuksen. <\/p>\n\n<h3 class=\"wp-block-heading\">Voinko jatkaa oleskeluani B1\/B2-viisumilla?<\/h3>\n\n<p>Kyll\u00e4, voit hakea oleskelun jatkamista, jos olet jo Yhdysvalloissa. Hakemus on j\u00e4tett\u00e4v\u00e4 <strong>USCIS:lle (United States Citizenship and Immigration Services<\/strong> ) ennen oleskelulupasi voimassaoloajan p\u00e4\u00e4ttymist\u00e4. Sinun on esitett\u00e4v\u00e4 vankat perustelut, kuten p\u00e4tev\u00e4t syyt pidemp\u00e4\u00e4n oleskeluun ja todisteet taloudellisista resursseistasi.  <\/p>\n\n<h3 class=\"wp-block-heading\">Takaako B1\/B2-viisumi p\u00e4\u00e4syn Yhdysvaltoihin?<\/h3>\n\n<p>Ei. B1\/B2-viisumilla voit <strong>matkustaa Yhdysvaltoihin<\/strong>, mutta maahantulosta p\u00e4\u00e4tt\u00e4\u00e4 rajanylityspaikan maahanmuuttovirkailija. Virkailija voi ev\u00e4t\u00e4 maahantulon, jos h\u00e4n ep\u00e4ilee aikomuksiasi tai jos asiakirjasi eiv\u00e4t ole kunnossa. <\/p>\n\n<h3 class=\"wp-block-heading\">Voinko ottaa perheeni mukaani B1\/B2-viisumilla?<\/h3>\n\n<p>Kyll\u00e4, mutta jokaisen perheenj\u00e4senen, my\u00f6s lasten, on haettava ja saatava oma B1\/B2-viisuminsa.<\/p>\n","protected":false},"excerpt":{"rendered":"<p>Vierailuviisumi Yhdysvaltoihin Mik\u00e4 on vierailijaviisumi Yhdysvaltoihin? Yhdysvaltain vierailijaviisumi antaa ulkomaalaiselle mahdollisuuden oleskella Yhdysvalloissa rajoitetun ajan: ensimm\u00e4inen oleskelujakso on enint\u00e4\u00e4n 6 kuukautta. Vierailijaviisumi voidaan uusia useita kertoja. Vierailijaviisumeita on kahdenlaisia, riippuen vierailun tarkoituksesta: Mit\u00e4 eroja on B1- ja B2-viisumien v\u00e4lill\u00e4? T\u00e4rkein ero n\u00e4iden kahden viisumin v\u00e4lill\u00e4 on oleskelun tarkoitus: B1-viisumi my\u00f6nnet\u00e4\u00e4n ammatillisista syist\u00e4, kun taas B2-viisumi [&hellip;]<\/p>\n","protected":false},"author":1,"featured_media":0,"parent":0,"menu_order":0,"comment_status":"closed","ping_status":"closed","template":"","meta":{"footnotes":""},"class_list":["post-3899","page","type-page","status-publish","hentry"],"yoast_head":"<!-- This site is optimized with the Yoast SEO plugin v27.4 - https:\/\/yoast.com\/product\/yoast-seo-wordpress\/ -->\n<title>Vierailijaviisumit Yhdysvaltoihin matkustamista varten - USA B2<\/title>\n<meta name=\"description\" content=\"Miten hankkia Yhdysvaltain vierailijaviisumi verkossa, jotta voit oleskella Yhdysvalloissa useita kuukausia paikan p\u00e4\u00e4ll\u00e4?\" \/>\n<meta name=\"robots\" content=\"index, follow, max-snippet:-1, max-image-preview:large, max-video-preview:-1\" \/>\n<link rel=\"canonical\" href=\"https:\/\/usa-b2.com\/fi\/yhdysvallat-vierailijaviisumi\/\" \/>\n<meta property=\"og:locale\" content=\"fi_FI\" \/>\n<meta property=\"og:type\" content=\"article\" \/>\n<meta property=\"og:title\" content=\"Vierailijaviisumit Yhdysvaltoihin matkustamista varten - USA B2\" \/>\n<meta property=\"og:description\" content=\"Miten hankkia Yhdysvaltain vierailijaviisumi verkossa, jotta voit oleskella Yhdysvalloissa useita kuukausia paikan p\u00e4\u00e4ll\u00e4?\" \/>\n<meta property=\"og:url\" content=\"https:\/\/usa-b2.com\/fi\/yhdysvallat-vierailijaviisumi\/\" \/>\n<meta property=\"og:site_name\" content=\"USA B2\" \/>\n<meta property=\"article:modified_time\" content=\"2025-10-13T13:54:58+00:00\" \/>\n<meta name=\"twitter:card\" content=\"summary_large_image\" \/>\n<meta name=\"twitter:label1\" content=\"Arvioitu lukuaika\" \/>\n\t<meta name=\"twitter:data1\" content=\"2 minuuttia\" \/>\n<script type=\"application\/ld+json\" class=\"yoast-schema-graph\">{\"@context\":\"https:\\\/\\\/schema.org\",\"@graph\":[{\"@type\":\"WebPage\",\"@id\":\"https:\\\/\\\/usa-b2.com\\\/fi\\\/yhdysvallat-vierailijaviisumi\\\/\",\"url\":\"https:\\\/\\\/usa-b2.com\\\/fi\\\/yhdysvallat-vierailijaviisumi\\\/\",\"name\":\"Vierailijaviisumit Yhdysvaltoihin matkustamista varten - USA B2\",\"isPartOf\":{\"@id\":\"https:\\\/\\\/usa-b2.com\\\/fi\\\/#website\"},\"datePublished\":\"2024-02-10T17:10:38+00:00\",\"dateModified\":\"2025-10-13T13:54:58+00:00\",\"description\":\"Miten hankkia Yhdysvaltain vierailijaviisumi verkossa, jotta voit oleskella Yhdysvalloissa useita kuukausia paikan p\u00e4\u00e4ll\u00e4?\",\"breadcrumb\":{\"@id\":\"https:\\\/\\\/usa-b2.com\\\/fi\\\/yhdysvallat-vierailijaviisumi\\\/#breadcrumb\"},\"inLanguage\":\"fi\",\"potentialAction\":[{\"@type\":\"ReadAction\",\"target\":[\"https:\\\/\\\/usa-b2.com\\\/fi\\\/yhdysvallat-vierailijaviisumi\\\/\"]}]},{\"@type\":\"BreadcrumbList\",\"@id\":\"https:\\\/\\\/usa-b2.com\\\/fi\\\/yhdysvallat-vierailijaviisumi\\\/#breadcrumb\",\"itemListElement\":[{\"@type\":\"ListItem\",\"position\":1,\"name\":\"Accueil\",\"item\":\"https:\\\/\\\/usa-b2.com\\\/fi\\\/usa\\\/\"},{\"@type\":\"ListItem\",\"position\":2,\"name\":\"Vierailijaviisumit Yhdysvaltoihin matkustamista varten\"}]},{\"@type\":\"WebSite\",\"@id\":\"https:\\\/\\\/usa-b2.com\\\/fi\\\/#website\",\"url\":\"https:\\\/\\\/usa-b2.com\\\/fi\\\/\",\"name\":\"USA B2 VISA\",\"description\":\"\",\"potentialAction\":[{\"@type\":\"SearchAction\",\"target\":{\"@type\":\"EntryPoint\",\"urlTemplate\":\"https:\\\/\\\/usa-b2.com\\\/fi\\\/?s={search_term_string}\"},\"query-input\":{\"@type\":\"PropertyValueSpecification\",\"valueRequired\":true,\"valueName\":\"search_term_string\"}}],\"inLanguage\":\"fi\"}]}<\/script>\n<!-- \/ Yoast SEO plugin. -->","yoast_head_json":{"title":"Vierailijaviisumit Yhdysvaltoihin matkustamista varten - USA B2","description":"Miten hankkia Yhdysvaltain vierailijaviisumi verkossa, jotta voit oleskella Yhdysvalloissa useita kuukausia paikan p\u00e4\u00e4ll\u00e4?","robots":{"index":"index","follow":"follow","max-snippet":"max-snippet:-1","max-image-preview":"max-image-preview:large","max-video-preview":"max-video-preview:-1"},"canonical":"https:\/\/usa-b2.com\/fi\/yhdysvallat-vierailijaviisumi\/","og_locale":"fi_FI","og_type":"article","og_title":"Vierailijaviisumit Yhdysvaltoihin matkustamista varten - USA B2","og_description":"Miten hankkia Yhdysvaltain vierailijaviisumi verkossa, jotta voit oleskella Yhdysvalloissa useita kuukausia paikan p\u00e4\u00e4ll\u00e4?","og_url":"https:\/\/usa-b2.com\/fi\/yhdysvallat-vierailijaviisumi\/","og_site_name":"USA B2","article_modified_time":"2025-10-13T13:54:58+00:00","twitter_card":"summary_large_image","twitter_misc":{"Arvioitu lukuaika":"2 minuuttia"},"schema":{"@context":"https:\/\/schema.org","@graph":[{"@type":"WebPage","@id":"https:\/\/usa-b2.com\/fi\/yhdysvallat-vierailijaviisumi\/","url":"https:\/\/usa-b2.com\/fi\/yhdysvallat-vierailijaviisumi\/","name":"Vierailijaviisumit Yhdysvaltoihin matkustamista varten - USA B2","isPartOf":{"@id":"https:\/\/usa-b2.com\/fi\/#website"},"datePublished":"2024-02-10T17:10:38+00:00","dateModified":"2025-10-13T13:54:58+00:00","description":"Miten hankkia Yhdysvaltain vierailijaviisumi verkossa, jotta voit oleskella Yhdysvalloissa useita kuukausia paikan p\u00e4\u00e4ll\u00e4?","breadcrumb":{"@id":"https:\/\/usa-b2.com\/fi\/yhdysvallat-vierailijaviisumi\/#breadcrumb"},"inLanguage":"fi","potentialAction":[{"@type":"ReadAction","target":["https:\/\/usa-b2.com\/fi\/yhdysvallat-vierailijaviisumi\/"]}]},{"@type":"BreadcrumbList","@id":"https:\/\/usa-b2.com\/fi\/yhdysvallat-vierailijaviisumi\/#breadcrumb","itemListElement":[{"@type":"ListItem","position":1,"name":"Accueil","item":"https:\/\/usa-b2.com\/fi\/usa\/"},{"@type":"ListItem","position":2,"name":"Vierailijaviisumit Yhdysvaltoihin matkustamista varten"}]},{"@type":"WebSite","@id":"https:\/\/usa-b2.com\/fi\/#website","url":"https:\/\/usa-b2.com\/fi\/","name":"USA B2 VISA","description":"","potentialAction":[{"@type":"SearchAction","target":{"@type":"EntryPoint","urlTemplate":"https:\/\/usa-b2.com\/fi\/?s={search_term_string}"},"query-input":{"@type":"PropertyValueSpecification","valueRequired":true,"valueName":"search_term_string"}}],"inLanguage":"fi"}]}},"_links":{"self":[{"href":"https:\/\/usa-b2.com\/fi\/wp-json\/wp\/v2\/pages\/3899","targetHints":{"allow":["GET"]}}],"collection":[{"href":"https:\/\/usa-b2.com\/fi\/wp-json\/wp\/v2\/pages"}],"about":[{"href":"https:\/\/usa-b2.com\/fi\/wp-json\/wp\/v2\/types\/page"}],"author":[{"embeddable":true,"href":"https:\/\/usa-b2.com\/fi\/wp-json\/wp\/v2\/users\/1"}],"replies":[{"embeddable":true,"href":"https:\/\/usa-b2.com\/fi\/wp-json\/wp\/v2\/comments?post=3899"}],"version-history":[{"count":2,"href":"https:\/\/usa-b2.com\/fi\/wp-json\/wp\/v2\/pages\/3899\/revisions"}],"predecessor-version":[{"id":10166,"href":"https:\/\/usa-b2.com\/fi\/wp-json\/wp\/v2\/pages\/3899\/revisions\/10166"}],"wp:attachment":[{"href":"https:\/\/usa-b2.com\/fi\/wp-json\/wp\/v2\/media?parent=3899"}],"curies":[{"name":"wp","href":"https:\/\/api.w.org\/{rel}","templated":true}]}}