{"id":3897,"date":"2024-02-19T17:16:58","date_gmt":"2024-02-19T17:16:58","guid":{"rendered":"https:\/\/usa-b2.com\/tietosuojakaytanto\/"},"modified":"2025-02-06T10:08:35","modified_gmt":"2025-02-06T10:08:35","slug":"tietosuojakaytanto","status":"publish","type":"page","link":"https:\/\/usa-b2.com\/fi\/tietosuojakaytanto\/","title":{"rendered":"Tietosuojak\u00e4yt\u00e4nt\u00f6"},"content":{"rendered":"\n<h1 class=\"wp-block-heading\">Tietosuojak\u00e4yt\u00e4nt\u00f6mme<\/h1>\n\n<p>usa-b2.com on tietosivusto mahdollisista road-tripeist\u00e4 Yhdysvalloissa. Sivusto ei tarjoa mit\u00e4\u00e4n verkkopalveluja. Sivuston ainoa lomake on <a href=\"https:\/\/usa-b2.com\/fi\/contact\/\">yhteydenottolomake<\/a>.  <\/p>\n\n<h2 class=\"wp-block-heading\">Tietojen ker\u00e4\u00e4minen sivustolla<\/h2>\n\n<p>T\u00e4ss\u00e4 on luettelo henkil\u00f6tiedoista, joita sivustollamme voidaan ker\u00e4t\u00e4:<\/p>\n\n<ul class=\"wp-block-list\">\n<li>Tietoja tietokoneestasi, mukaan lukien IP-osoite, sijainti, selain ja k\u00e4ytt\u00f6j\u00e4rjestelm\u00e4;<\/li>\n\n\n\n<li>Yhteystiedot, kun l\u00e4het\u00e4t s\u00e4hk\u00f6postia tukitiimillemme, kuten nimesi, etunimesi ja s\u00e4hk\u00f6postiosoitteesi. l\u00e4hett\u00e4miesi s\u00e4hk\u00f6postiviestien sis\u00e4lt\u00e4m\u00e4t tiedot.<\/li>\n<\/ul>\n\n<h2 class=\"wp-block-heading\">Ker\u00e4ttyjen tietojen k\u00e4ytt\u00f6<\/h2>\n\n<p>Emme anna henkil\u00f6tietojasi kolmansille osapuolille. Emme k\u00e4yt\u00e4 ker\u00e4ttyj\u00e4 tietoja suoramarkkinointiin tai kaupallisiin tarkoituksiin.<\/p>\n\n<h2 class=\"wp-block-heading\">Tietojen s\u00e4ilytt\u00e4misen kesto<\/h2>\n\n<p>Ker\u00e4tyt tiedot poistetaan s\u00e4\u00e4nn\u00f6llisesti, mik\u00e4 tarkoittaa, ett\u00e4 emme s\u00e4ilyt\u00e4 meille l\u00e4hetettyj\u00e4 s\u00e4hk\u00f6postiviestej\u00e4 kuukautta pidemp\u00e4\u00e4n. Emme k\u00e4yt\u00e4 selaustietoja markkinointitarkoituksiin.<\/p>\n\n<h2 class=\"wp-block-heading\">Henkil\u00f6tietoja koskevat oikeutesi<\/h2>\n\n<p>Sinulla on oikeus pyyt\u00e4\u00e4 meit\u00e4 luovuttamaan sinulle kaikki sinusta hallussamme olevat henkil\u00f6tiedot. T\u00e4m\u00e4 voidaan tehd\u00e4 esitt\u00e4m\u00e4ll\u00e4 todiste henkil\u00f6llisyydest\u00e4si (oikeaksi todistettu valokopio passista + lasku, josta k\u00e4y ilmi kotiosoitteesi).<\/p>\n\n<h2 class=\"wp-block-heading\">T\u00e4m\u00e4n tietosuojak\u00e4yt\u00e4nn\u00f6n p\u00e4ivitt\u00e4minen<\/h2>\n\n<p>P\u00e4ivit\u00e4mme t\u00e4t\u00e4 k\u00e4yt\u00e4nt\u00f6\u00e4 s\u00e4\u00e4nn\u00f6llisesti. On tarpeen tarkistaa t\u00e4m\u00e4 sivu, kun k\u00e4yt\u00e4t sivustoa henkil\u00f6tietojen luottamuksellisuutta koskevien muutosten varalta.<\/p>\n\n<h2 class=\"wp-block-heading\">Kontekstisidonnaiset linkit kolmansien osapuolten verkkosivustoille<\/h2>\n\n<p>Verkkosivustomme sis\u00e4lt\u00e4\u00e4 hyperlinkkej\u00e4 kolmansien osapuolten verkkosivustoille. Emme valvo n\u00e4it\u00e4 sivustoja, emmek\u00e4 ole vastuussa niiden tietosuojak\u00e4yt\u00e4nn\u00f6ist\u00e4 tai liiketoiminta- tai markkinointik\u00e4yt\u00e4nn\u00f6ist\u00e4.<\/p>\n\n<p><\/p>\n","protected":false},"excerpt":{"rendered":"<p>Tietosuojak\u00e4yt\u00e4nt\u00f6mme usa-b2.com on tietosivusto mahdollisista road-tripeist\u00e4 Yhdysvalloissa. Sivusto ei tarjoa mit\u00e4\u00e4n verkkopalveluja. Sivuston ainoa lomake on yhteydenottolomake. Tietojen ker\u00e4\u00e4minen sivustolla T\u00e4ss\u00e4 on luettelo henkil\u00f6tiedoista, joita sivustollamme voidaan ker\u00e4t\u00e4: Ker\u00e4ttyjen tietojen k\u00e4ytt\u00f6 Emme anna henkil\u00f6tietojasi kolmansille osapuolille. Emme k\u00e4yt\u00e4 ker\u00e4ttyj\u00e4 tietoja suoramarkkinointiin tai kaupallisiin tarkoituksiin. Tietojen s\u00e4ilytt\u00e4misen kesto Ker\u00e4tyt tiedot poistetaan s\u00e4\u00e4nn\u00f6llisesti, mik\u00e4 tarkoittaa, ett\u00e4 emme [&hellip;]<\/p>\n","protected":false},"author":1,"featured_media":0,"parent":0,"menu_order":0,"comment_status":"closed","ping_status":"closed","template":"","meta":{"footnotes":""},"class_list":["post-3897","page","type-page","status-publish","hentry"],"yoast_head":"<!-- This site is optimized with the Yoast SEO plugin v27.4 - https:\/\/yoast.com\/product\/yoast-seo-wordpress\/ -->\n<title>Tietosuojak\u00e4yt\u00e4nt\u00f6 - USA B2<\/title>\n<meta name=\"description\" content=\"Tietosuojak\u00e4yt\u00e4nt\u00f6 usa-b2.com verkkosivustolla\" \/>\n<meta name=\"robots\" content=\"noindex, nofollow\" \/>\n<meta property=\"og:locale\" content=\"fi_FI\" \/>\n<meta property=\"og:type\" content=\"article\" \/>\n<meta property=\"og:title\" content=\"Tietosuojak\u00e4yt\u00e4nt\u00f6 - USA B2\" \/>\n<meta property=\"og:description\" content=\"Tietosuojak\u00e4yt\u00e4nt\u00f6 usa-b2.com verkkosivustolla\" \/>\n<meta property=\"og:url\" content=\"https:\/\/usa-b2.com\/fi\/tietosuojakaytanto\/\" \/>\n<meta property=\"og:site_name\" content=\"USA B2\" \/>\n<meta property=\"article:modified_time\" content=\"2025-02-06T10:08:35+00:00\" \/>\n<meta name=\"twitter:card\" content=\"summary_large_image\" \/>\n<meta name=\"twitter:label1\" content=\"Arvioitu lukuaika\" \/>\n\t<meta name=\"twitter:data1\" content=\"1 minuutti\" \/>\n<script type=\"application\/ld+json\" class=\"yoast-schema-graph\">{\"@context\":\"https:\\\/\\\/schema.org\",\"@graph\":[{\"@type\":\"WebPage\",\"@id\":\"https:\\\/\\\/usa-b2.com\\\/fi\\\/tietosuojakaytanto\\\/\",\"url\":\"https:\\\/\\\/usa-b2.com\\\/fi\\\/tietosuojakaytanto\\\/\",\"name\":\"Tietosuojak\u00e4yt\u00e4nt\u00f6 - USA B2\",\"isPartOf\":{\"@id\":\"https:\\\/\\\/usa-b2.com\\\/fi\\\/#website\"},\"datePublished\":\"2024-02-19T17:16:58+00:00\",\"dateModified\":\"2025-02-06T10:08:35+00:00\",\"description\":\"Tietosuojak\u00e4yt\u00e4nt\u00f6 usa-b2.com verkkosivustolla\",\"breadcrumb\":{\"@id\":\"https:\\\/\\\/usa-b2.com\\\/fi\\\/tietosuojakaytanto\\\/#breadcrumb\"},\"inLanguage\":\"fi\",\"potentialAction\":[{\"@type\":\"ReadAction\",\"target\":[\"https:\\\/\\\/usa-b2.com\\\/fi\\\/tietosuojakaytanto\\\/\"]}]},{\"@type\":\"BreadcrumbList\",\"@id\":\"https:\\\/\\\/usa-b2.com\\\/fi\\\/tietosuojakaytanto\\\/#breadcrumb\",\"itemListElement\":[{\"@type\":\"ListItem\",\"position\":1,\"name\":\"Accueil\",\"item\":\"https:\\\/\\\/usa-b2.com\\\/fi\\\/usa\\\/\"},{\"@type\":\"ListItem\",\"position\":2,\"name\":\"Tietosuojak\u00e4yt\u00e4nt\u00f6\"}]},{\"@type\":\"WebSite\",\"@id\":\"https:\\\/\\\/usa-b2.com\\\/fi\\\/#website\",\"url\":\"https:\\\/\\\/usa-b2.com\\\/fi\\\/\",\"name\":\"USA B2 VISA\",\"description\":\"\",\"potentialAction\":[{\"@type\":\"SearchAction\",\"target\":{\"@type\":\"EntryPoint\",\"urlTemplate\":\"https:\\\/\\\/usa-b2.com\\\/fi\\\/?s={search_term_string}\"},\"query-input\":{\"@type\":\"PropertyValueSpecification\",\"valueRequired\":true,\"valueName\":\"search_term_string\"}}],\"inLanguage\":\"fi\"}]}<\/script>\n<!-- \/ Yoast SEO plugin. -->","yoast_head_json":{"title":"Tietosuojak\u00e4yt\u00e4nt\u00f6 - USA B2","description":"Tietosuojak\u00e4yt\u00e4nt\u00f6 usa-b2.com verkkosivustolla","robots":{"index":"noindex","follow":"nofollow"},"og_locale":"fi_FI","og_type":"article","og_title":"Tietosuojak\u00e4yt\u00e4nt\u00f6 - USA B2","og_description":"Tietosuojak\u00e4yt\u00e4nt\u00f6 usa-b2.com verkkosivustolla","og_url":"https:\/\/usa-b2.com\/fi\/tietosuojakaytanto\/","og_site_name":"USA B2","article_modified_time":"2025-02-06T10:08:35+00:00","twitter_card":"summary_large_image","twitter_misc":{"Arvioitu lukuaika":"1 minuutti"},"schema":{"@context":"https:\/\/schema.org","@graph":[{"@type":"WebPage","@id":"https:\/\/usa-b2.com\/fi\/tietosuojakaytanto\/","url":"https:\/\/usa-b2.com\/fi\/tietosuojakaytanto\/","name":"Tietosuojak\u00e4yt\u00e4nt\u00f6 - USA B2","isPartOf":{"@id":"https:\/\/usa-b2.com\/fi\/#website"},"datePublished":"2024-02-19T17:16:58+00:00","dateModified":"2025-02-06T10:08:35+00:00","description":"Tietosuojak\u00e4yt\u00e4nt\u00f6 usa-b2.com verkkosivustolla","breadcrumb":{"@id":"https:\/\/usa-b2.com\/fi\/tietosuojakaytanto\/#breadcrumb"},"inLanguage":"fi","potentialAction":[{"@type":"ReadAction","target":["https:\/\/usa-b2.com\/fi\/tietosuojakaytanto\/"]}]},{"@type":"BreadcrumbList","@id":"https:\/\/usa-b2.com\/fi\/tietosuojakaytanto\/#breadcrumb","itemListElement":[{"@type":"ListItem","position":1,"name":"Accueil","item":"https:\/\/usa-b2.com\/fi\/usa\/"},{"@type":"ListItem","position":2,"name":"Tietosuojak\u00e4yt\u00e4nt\u00f6"}]},{"@type":"WebSite","@id":"https:\/\/usa-b2.com\/fi\/#website","url":"https:\/\/usa-b2.com\/fi\/","name":"USA B2 VISA","description":"","potentialAction":[{"@type":"SearchAction","target":{"@type":"EntryPoint","urlTemplate":"https:\/\/usa-b2.com\/fi\/?s={search_term_string}"},"query-input":{"@type":"PropertyValueSpecification","valueRequired":true,"valueName":"search_term_string"}}],"inLanguage":"fi"}]}},"_links":{"self":[{"href":"https:\/\/usa-b2.com\/fi\/wp-json\/wp\/v2\/pages\/3897","targetHints":{"allow":["GET"]}}],"collection":[{"href":"https:\/\/usa-b2.com\/fi\/wp-json\/wp\/v2\/pages"}],"about":[{"href":"https:\/\/usa-b2.com\/fi\/wp-json\/wp\/v2\/types\/page"}],"author":[{"embeddable":true,"href":"https:\/\/usa-b2.com\/fi\/wp-json\/wp\/v2\/users\/1"}],"replies":[{"embeddable":true,"href":"https:\/\/usa-b2.com\/fi\/wp-json\/wp\/v2\/comments?post=3897"}],"version-history":[{"count":0,"href":"https:\/\/usa-b2.com\/fi\/wp-json\/wp\/v2\/pages\/3897\/revisions"}],"wp:attachment":[{"href":"https:\/\/usa-b2.com\/fi\/wp-json\/wp\/v2\/media?parent=3897"}],"curies":[{"name":"wp","href":"https:\/\/api.w.org\/{rel}","templated":true}]}}