{"id":3895,"date":"2024-02-10T17:03:45","date_gmt":"2024-02-10T17:03:45","guid":{"rendered":"https:\/\/usa-b2.com\/oikeudellinen-huomautus\/"},"modified":"2025-02-06T10:22:59","modified_gmt":"2025-02-06T10:22:59","slug":"oikeudellinen-huomautus","status":"publish","type":"page","link":"https:\/\/usa-b2.com\/fi\/oikeudellinen-huomautus\/","title":{"rendered":"usa-b2.com oikeudellinen huomautus"},"content":{"rendered":"\n<h1 class=\"wp-block-heading\">Verkkosivuston oikeudelliset huomautukset<\/h1>\n\n<h2 class=\"wp-block-heading\">Verkkosivuston toimittaja<\/h2>\n\n<p>Olemme verkossa toimiva tietosivusto Yhdysvalloissa j\u00e4rjestett\u00e4vist\u00e4 turistimatkoista. Sivuston julkaisija on <a href=\"https:\/\/alma-consulting.org\">ALMA Consulting<\/a>, joka on rekister\u00f6ity Maltalle (EU). <\/p>\n\n<p>Emme ole mill\u00e4\u00e4n tavoin sidoksissa Yhdysvaltojen tai mink\u00e4\u00e4n muunkaan hallinnon toimintaan.  <\/p>\n\n<p>Verkkosivustomme sis\u00e4lt\u00e4\u00e4 erilaisia hyperlinkkej\u00e4 kolmansien osapuolten verkkosivustoille. Meill\u00e4 ei ole linkki\u00e4 n\u00e4ihin sivustoihin tai emme valvo niit\u00e4, emmek\u00e4 ole vastuussa niiden tietosuojak\u00e4yt\u00e4nn\u00f6ist\u00e4 tai kaupallisista k\u00e4yt\u00e4nn\u00f6ist\u00e4.<\/p>\n\n<p>Ota meihin yhteytt\u00e4 k\u00e4ytt\u00e4m\u00e4ll\u00e4 <a href=\"https:\/\/usa-b2.com\/fi\/contact\/\">yhteydenottolomakettamme<\/a>.<\/p>\n\n<h2 class=\"wp-block-heading\">Verkkosivuston hosting<\/h2>\n\n<p>Verkkosivustomme is\u00e4nn\u00f6i OVH, joka sijaitsee Roubaixissa, Ranskassa. OVH on yritys, joka on rekister\u00f6ity Lille M\u00e9tropolen yritysrekisteriin numerolla B424 761 419.<\/p>\n\n<h2 class=\"wp-block-heading\">Henkil\u00f6tietojen k\u00e4sittely<\/h2>\n\n<p>Emme ker\u00e4\u00e4 henkil\u00f6tietoja sivustoa hallinnoidessamme. Ainoa k\u00e4vij\u00f6iden henkil\u00f6tietojen tallennus verkossa koskee muutamia harvinaisia selausev\u00e4stej\u00e4. K\u00e4vij\u00f6ill\u00e4 on oikeus tutustua n\u00e4ihin tietoihin, muuttaa, oikaista ja poistaa ne. T\u00e4m\u00e4n oikeuden k\u00e4ytt\u00e4miseksi he voivat ottaa meihin yhteytt\u00e4 <a href=\"https:\/\/usa-b2.com\/fi\/contact\/\">yhteydenottolomakkeella<\/a>.   <\/p>\n\n<p>Tarkemmat tiedot l\u00f6yd\u00e4t <a href=\"https:\/\/usa-b2.com\/fi\/tietosuojakaytanto\/\">tietosuojak\u00e4yt\u00e4nn\u00f6st\u00e4mme<\/a>.<\/p>\n","protected":false},"excerpt":{"rendered":"<p>Verkkosivuston oikeudelliset huomautukset Verkkosivuston toimittaja Olemme verkossa toimiva tietosivusto Yhdysvalloissa j\u00e4rjestett\u00e4vist\u00e4 turistimatkoista. Sivuston julkaisija on ALMA Consulting, joka on rekister\u00f6ity Maltalle (EU). Emme ole mill\u00e4\u00e4n tavoin sidoksissa Yhdysvaltojen tai mink\u00e4\u00e4n muunkaan hallinnon toimintaan. Verkkosivustomme sis\u00e4lt\u00e4\u00e4 erilaisia hyperlinkkej\u00e4 kolmansien osapuolten verkkosivustoille. Meill\u00e4 ei ole linkki\u00e4 n\u00e4ihin sivustoihin tai emme valvo niit\u00e4, emmek\u00e4 ole vastuussa niiden tietosuojak\u00e4yt\u00e4nn\u00f6ist\u00e4 [&hellip;]<\/p>\n","protected":false},"author":1,"featured_media":0,"parent":0,"menu_order":0,"comment_status":"closed","ping_status":"closed","template":"","meta":{"footnotes":""},"class_list":["post-3895","page","type-page","status-publish","hentry"],"yoast_head":"<!-- This site is optimized with the Yoast SEO plugin v27.4 - https:\/\/yoast.com\/product\/yoast-seo-wordpress\/ -->\n<title>usa-b2.com oikeudellinen huomautus - USA B2<\/title>\n<meta name=\"description\" content=\"Oikeudelliset tiedot sivustosta usa-b2.com\" \/>\n<meta name=\"robots\" content=\"index, follow, max-snippet:-1, max-image-preview:large, max-video-preview:-1\" \/>\n<link rel=\"canonical\" href=\"https:\/\/usa-b2.com\/fi\/oikeudellinen-huomautus\/\" \/>\n<meta property=\"og:locale\" content=\"fi_FI\" \/>\n<meta property=\"og:type\" content=\"article\" \/>\n<meta property=\"og:title\" content=\"usa-b2.com oikeudellinen huomautus - USA B2\" \/>\n<meta property=\"og:description\" content=\"Oikeudelliset tiedot sivustosta usa-b2.com\" \/>\n<meta property=\"og:url\" content=\"https:\/\/usa-b2.com\/fi\/oikeudellinen-huomautus\/\" \/>\n<meta property=\"og:site_name\" content=\"USA B2\" \/>\n<meta property=\"article:modified_time\" content=\"2025-02-06T10:22:59+00:00\" \/>\n<meta name=\"twitter:card\" content=\"summary_large_image\" \/>\n<meta name=\"twitter:label1\" content=\"Arvioitu lukuaika\" \/>\n\t<meta name=\"twitter:data1\" content=\"1 minuutti\" \/>\n<script type=\"application\/ld+json\" class=\"yoast-schema-graph\">{\"@context\":\"https:\\\/\\\/schema.org\",\"@graph\":[{\"@type\":\"WebPage\",\"@id\":\"https:\\\/\\\/usa-b2.com\\\/fi\\\/oikeudellinen-huomautus\\\/\",\"url\":\"https:\\\/\\\/usa-b2.com\\\/fi\\\/oikeudellinen-huomautus\\\/\",\"name\":\"usa-b2.com oikeudellinen huomautus - USA B2\",\"isPartOf\":{\"@id\":\"https:\\\/\\\/usa-b2.com\\\/fi\\\/#website\"},\"datePublished\":\"2024-02-10T17:03:45+00:00\",\"dateModified\":\"2025-02-06T10:22:59+00:00\",\"description\":\"Oikeudelliset tiedot sivustosta usa-b2.com\",\"breadcrumb\":{\"@id\":\"https:\\\/\\\/usa-b2.com\\\/fi\\\/oikeudellinen-huomautus\\\/#breadcrumb\"},\"inLanguage\":\"fi\",\"potentialAction\":[{\"@type\":\"ReadAction\",\"target\":[\"https:\\\/\\\/usa-b2.com\\\/fi\\\/oikeudellinen-huomautus\\\/\"]}]},{\"@type\":\"BreadcrumbList\",\"@id\":\"https:\\\/\\\/usa-b2.com\\\/fi\\\/oikeudellinen-huomautus\\\/#breadcrumb\",\"itemListElement\":[{\"@type\":\"ListItem\",\"position\":1,\"name\":\"Accueil\",\"item\":\"https:\\\/\\\/usa-b2.com\\\/fi\\\/usa\\\/\"},{\"@type\":\"ListItem\",\"position\":2,\"name\":\"usa-b2.com oikeudellinen huomautus\"}]},{\"@type\":\"WebSite\",\"@id\":\"https:\\\/\\\/usa-b2.com\\\/fi\\\/#website\",\"url\":\"https:\\\/\\\/usa-b2.com\\\/fi\\\/\",\"name\":\"USA B2 VISA\",\"description\":\"\",\"potentialAction\":[{\"@type\":\"SearchAction\",\"target\":{\"@type\":\"EntryPoint\",\"urlTemplate\":\"https:\\\/\\\/usa-b2.com\\\/fi\\\/?s={search_term_string}\"},\"query-input\":{\"@type\":\"PropertyValueSpecification\",\"valueRequired\":true,\"valueName\":\"search_term_string\"}}],\"inLanguage\":\"fi\"}]}<\/script>\n<!-- \/ Yoast SEO plugin. -->","yoast_head_json":{"title":"usa-b2.com oikeudellinen huomautus - USA B2","description":"Oikeudelliset tiedot sivustosta usa-b2.com","robots":{"index":"index","follow":"follow","max-snippet":"max-snippet:-1","max-image-preview":"max-image-preview:large","max-video-preview":"max-video-preview:-1"},"canonical":"https:\/\/usa-b2.com\/fi\/oikeudellinen-huomautus\/","og_locale":"fi_FI","og_type":"article","og_title":"usa-b2.com oikeudellinen huomautus - USA B2","og_description":"Oikeudelliset tiedot sivustosta usa-b2.com","og_url":"https:\/\/usa-b2.com\/fi\/oikeudellinen-huomautus\/","og_site_name":"USA B2","article_modified_time":"2025-02-06T10:22:59+00:00","twitter_card":"summary_large_image","twitter_misc":{"Arvioitu lukuaika":"1 minuutti"},"schema":{"@context":"https:\/\/schema.org","@graph":[{"@type":"WebPage","@id":"https:\/\/usa-b2.com\/fi\/oikeudellinen-huomautus\/","url":"https:\/\/usa-b2.com\/fi\/oikeudellinen-huomautus\/","name":"usa-b2.com oikeudellinen huomautus - USA B2","isPartOf":{"@id":"https:\/\/usa-b2.com\/fi\/#website"},"datePublished":"2024-02-10T17:03:45+00:00","dateModified":"2025-02-06T10:22:59+00:00","description":"Oikeudelliset tiedot sivustosta usa-b2.com","breadcrumb":{"@id":"https:\/\/usa-b2.com\/fi\/oikeudellinen-huomautus\/#breadcrumb"},"inLanguage":"fi","potentialAction":[{"@type":"ReadAction","target":["https:\/\/usa-b2.com\/fi\/oikeudellinen-huomautus\/"]}]},{"@type":"BreadcrumbList","@id":"https:\/\/usa-b2.com\/fi\/oikeudellinen-huomautus\/#breadcrumb","itemListElement":[{"@type":"ListItem","position":1,"name":"Accueil","item":"https:\/\/usa-b2.com\/fi\/usa\/"},{"@type":"ListItem","position":2,"name":"usa-b2.com oikeudellinen huomautus"}]},{"@type":"WebSite","@id":"https:\/\/usa-b2.com\/fi\/#website","url":"https:\/\/usa-b2.com\/fi\/","name":"USA B2 VISA","description":"","potentialAction":[{"@type":"SearchAction","target":{"@type":"EntryPoint","urlTemplate":"https:\/\/usa-b2.com\/fi\/?s={search_term_string}"},"query-input":{"@type":"PropertyValueSpecification","valueRequired":true,"valueName":"search_term_string"}}],"inLanguage":"fi"}]}},"_links":{"self":[{"href":"https:\/\/usa-b2.com\/fi\/wp-json\/wp\/v2\/pages\/3895","targetHints":{"allow":["GET"]}}],"collection":[{"href":"https:\/\/usa-b2.com\/fi\/wp-json\/wp\/v2\/pages"}],"about":[{"href":"https:\/\/usa-b2.com\/fi\/wp-json\/wp\/v2\/types\/page"}],"author":[{"embeddable":true,"href":"https:\/\/usa-b2.com\/fi\/wp-json\/wp\/v2\/users\/1"}],"replies":[{"embeddable":true,"href":"https:\/\/usa-b2.com\/fi\/wp-json\/wp\/v2\/comments?post=3895"}],"version-history":[{"count":0,"href":"https:\/\/usa-b2.com\/fi\/wp-json\/wp\/v2\/pages\/3895\/revisions"}],"wp:attachment":[{"href":"https:\/\/usa-b2.com\/fi\/wp-json\/wp\/v2\/media?parent=3895"}],"curies":[{"name":"wp","href":"https:\/\/api.w.org\/{rel}","templated":true}]}}