{"id":3893,"date":"2024-02-10T17:02:13","date_gmt":"2024-02-10T17:02:13","guid":{"rendered":"https:\/\/usa-b2.com\/b2-viisumilomake-verkossa\/"},"modified":"2026-02-25T15:26:07","modified_gmt":"2026-02-25T15:26:07","slug":"b2-viisumilomake-verkossa","status":"publish","type":"page","link":"https:\/\/usa-b2.com\/fi\/b2-viisumilomake-verkossa\/","title":{"rendered":"B2-viisumilomake verkossa"},"content":{"rendered":"\t\t<div data-elementor-type=\"wp-page\" data-elementor-id=\"3893\" class=\"elementor elementor-3893 elementor-65\" data-elementor-post-type=\"page\">\n\t\t\t\t<div class=\"elementor-element elementor-element-3aaff0cb e-flex e-con-boxed e-con e-parent\" data-id=\"3aaff0cb\" data-element_type=\"container\" data-e-type=\"container\">\n\t\t\t\t\t<div class=\"e-con-inner\">\n\t\t\t\t<div class=\"elementor-element elementor-element-13dd7548 elementor-widget elementor-widget-text-editor\" data-id=\"13dd7548\" data-element_type=\"widget\" data-e-type=\"widget\" data-widget_type=\"text-editor.default\">\n\t\t\t\t<div class=\"elementor-widget-container\">\n\t\t\t\t\t\t\t\t\t<h1>Online-lomake B2-viisumin saamiseksi<\/h1>\t\t\t\t\t\t\t\t<\/div>\n\t\t\t\t<\/div>\n\t\t\t\t\t<\/div>\n\t\t\t\t<\/div>\n\t\t<div class=\"elementor-element elementor-element-ab55e48 e-flex e-con-boxed e-con e-parent\" data-id=\"ab55e48\" data-element_type=\"container\" data-e-type=\"container\">\n\t\t\t\t\t<div class=\"e-con-inner\">\n\t\t\t\t<div class=\"elementor-element elementor-element-313046a elementor-widget elementor-widget-text-editor\" data-id=\"313046a\" data-element_type=\"widget\" data-e-type=\"widget\" data-widget_type=\"text-editor.default\">\n\t\t\t\t<div class=\"elementor-widget-container\">\n\t\t\t\t\t\t\t\t\t<p>Voit hakea B2-viisumia vain verkossa. Hakijoiden on t\u00e4ytett\u00e4v\u00e4 lomake DS-160 ja maksettava viisumimaksu verkossa. <\/p>\t\t\t\t\t\t\t\t<\/div>\n\t\t\t\t<\/div>\n\t\t\t\t\t<\/div>\n\t\t\t\t<\/div>\n\t\t<div class=\"elementor-element elementor-element-1c6e5a1 e-flex e-con-boxed e-con e-parent\" data-id=\"1c6e5a1\" data-element_type=\"container\" data-e-type=\"container\">\n\t\t\t\t\t<div class=\"e-con-inner\">\n\t\t\t\t<div class=\"elementor-element elementor-element-3bc75779 elementor-widget elementor-widget-button\" data-id=\"3bc75779\" data-element_type=\"widget\" data-e-type=\"widget\" data-widget_type=\"button.default\">\n\t\t\t\t<div class=\"elementor-widget-container\">\n\t\t\t\t\t\t\t\t\t<div class=\"elementor-button-wrapper\">\n\t\t\t\t\t<a class=\"elementor-button elementor-button-link elementor-size-sm\" href=\"https:\/\/usa-b2.com\/fr\/recommends\/us-b2\/\">\n\t\t\t\t\t\t<span class=\"elementor-button-content-wrapper\">\n\t\t\t\t\t\t\t\t\t<span class=\"elementor-button-text\">T\u00e4yt\u00e4 online-lomake<\/span>\n\t\t\t\t\t<\/span>\n\t\t\t\t\t<\/a>\n\t\t\t\t<\/div>\n\t\t\t\t\t\t\t\t<\/div>\n\t\t\t\t<\/div>\n\t\t\t\t\t<\/div>\n\t\t\t\t<\/div>\n\t\t<div class=\"elementor-element elementor-element-c883d67 e-flex e-con-boxed e-con e-parent\" data-id=\"c883d67\" data-element_type=\"container\" data-e-type=\"container\">\n\t\t\t\t\t<div class=\"e-con-inner\">\n\t\t\t\t<div class=\"elementor-element elementor-element-259ccca elementor-widget elementor-widget-text-editor\" data-id=\"259ccca\" data-element_type=\"widget\" data-e-type=\"widget\" data-widget_type=\"text-editor.default\">\n\t\t\t\t<div class=\"elementor-widget-container\">\n\t\t\t\t\t\t\t\t\t<p><span style=\"color: #000000;\"><b>Jos oleskelu Yhdysvalloissa kest\u00e4\u00e4 alle 90 p\u00e4iv\u00e4\u00e4.<\/b><\/span> Sinun ei tarvitse hankkia B2-viisumia eik\u00e4 menn\u00e4 Yhdysvaltain suurl\u00e4hetyst\u00f6\u00f6n. Sinun tarvitsee vain hakea s\u00e4hk\u00f6ist\u00e4 matkustuslupaa t\u00e4ytt\u00e4m\u00e4ll\u00e4 <a href=\"https:\/\/usa-b2.com\/fi\/esta-lomake-verkossa\/\">ESTA-lomake verkossa<\/a>. <\/p>\t\t\t\t\t\t\t\t<\/div>\n\t\t\t\t<\/div>\n\t\t\t\t\t<\/div>\n\t\t\t\t<\/div>\n\t\t<div class=\"elementor-element elementor-element-acb5d05 e-flex e-con-boxed e-con e-parent\" data-id=\"acb5d05\" data-element_type=\"container\" data-e-type=\"container\">\n\t\t\t\t\t<div class=\"e-con-inner\">\n\t\t\t\t<div class=\"elementor-element elementor-element-57baf36 elementor-widget elementor-widget-spacer\" data-id=\"57baf36\" data-element_type=\"widget\" data-e-type=\"widget\" data-widget_type=\"spacer.default\">\n\t\t\t\t<div class=\"elementor-widget-container\">\n\t\t\t\t\t\t\t<div class=\"elementor-spacer\">\n\t\t\t<div class=\"elementor-spacer-inner\"><\/div>\n\t\t<\/div>\n\t\t\t\t\t\t<\/div>\n\t\t\t\t<\/div>\n\t\t\t\t\t<\/div>\n\t\t\t\t<\/div>\n\t\t<div class=\"elementor-element elementor-element-4594086 e-flex e-con-boxed e-con e-parent\" data-id=\"4594086\" data-element_type=\"container\" data-e-type=\"container\">\n\t\t\t\t\t<div class=\"e-con-inner\">\n\t\t\t\t<div class=\"elementor-element elementor-element-0561204 elementor-widget elementor-widget-text-editor\" data-id=\"0561204\" data-element_type=\"widget\" data-e-type=\"widget\" data-widget_type=\"text-editor.default\">\n\t\t\t\t<div class=\"elementor-widget-container\">\n\t\t\t\t\t\t\t\t\t<h2>Kuinka kauan B2-viisumin k\u00e4sittely kest\u00e4\u00e4?<\/h2>\n<p>B2-viisumihakemuksen k\u00e4sittelyaika on v\u00e4hint\u00e4\u00e4n useita viikkoja ja voi kest\u00e4\u00e4 jopa useita kuukausia. T\u00e4m\u00e4 aika riippuu p\u00e4\u00e4asiassa hakemusten m\u00e4\u00e4r\u00e4st\u00e4, joka Yhdysvaltain suurl\u00e4hetyst\u00f6n tai konsulaatin on k\u00e4sitelt\u00e4v\u00e4 hakijan maassa. My\u00f6s muut syyt voivat vaikuttaa k\u00e4sittelyaikoihin, kuten seuraavat:  <\/p>\n<ul>\n<li>Jos ehdokkaan asiakirja-aineisto ei ole t\u00e4ydellinen tai ehdokas toimittaa lis\u00e4tietoja my\u00f6h\u00e4ss\u00e4;<\/li>\n<li>Jos hakija my\u00f6h\u00e4styy Yhdysvaltain suurl\u00e4hetyst\u00f6n tai konsulaatin <a href=\"https:\/\/usa-b2.com\/fi\/usa-suurlahetyston-viisumivaraus\/\">viisumihaastattelun ajanvarauksesta<\/a>.<\/li>\n<\/ul>\t\t\t\t\t\t\t\t<\/div>\n\t\t\t\t<\/div>\n\t\t\t\t\t<\/div>\n\t\t\t\t<\/div>\n\t\t<div class=\"elementor-element elementor-element-3f8b40a e-flex e-con-boxed e-con e-parent\" data-id=\"3f8b40a\" data-element_type=\"container\" data-e-type=\"container\">\n\t\t\t\t\t<div class=\"e-con-inner\">\n\t\t\t\t<div class=\"elementor-element elementor-element-dfcba0d elementor-widget elementor-widget-spacer\" data-id=\"dfcba0d\" data-element_type=\"widget\" data-e-type=\"widget\" data-widget_type=\"spacer.default\">\n\t\t\t\t<div class=\"elementor-widget-container\">\n\t\t\t\t\t\t\t<div class=\"elementor-spacer\">\n\t\t\t<div class=\"elementor-spacer-inner\"><\/div>\n\t\t<\/div>\n\t\t\t\t\t\t<\/div>\n\t\t\t\t<\/div>\n\t\t\t\t\t<\/div>\n\t\t\t\t<\/div>\n\t\t<div class=\"elementor-element elementor-element-a38079a e-flex e-con-boxed e-con e-parent\" data-id=\"a38079a\" data-element_type=\"container\" data-e-type=\"container\">\n\t\t\t\t\t<div class=\"e-con-inner\">\n\t\t\t\t<div class=\"elementor-element elementor-element-c854383 elementor-widget elementor-widget-text-editor\" data-id=\"c854383\" data-element_type=\"widget\" data-e-type=\"widget\" data-widget_type=\"text-editor.default\">\n\t\t\t\t<div class=\"elementor-widget-container\">\n\t\t\t\t\t\t\t\t\t<h2>Valmistaudu haastatteluun Amerikan suurl\u00e4hetyst\u00f6ss\u00e4<\/h2>\n<p>B2-viisumiprosessin saattamiseksi p\u00e4\u00e4t\u00f6kseen hakijan on osallistuttava suurl\u00e4hetyst\u00f6n viisumivirkailijan haastatteluun. Hakijan on valmistauduttava t\u00e4h\u00e4n haastatteluun. Heit\u00e4 pyydet\u00e4\u00e4n selitt\u00e4m\u00e4\u00e4n, miksi he haluavat matkustaa Yhdysvaltoihin. Haastattelussa tarkastetaan kaikki todistusasiakirjat.   <\/p>\t\t\t\t\t\t\t\t<\/div>\n\t\t\t\t<\/div>\n\t\t\t\t<div class=\"elementor-element elementor-element-80d967c elementor-widget elementor-widget-heading\" data-id=\"80d967c\" data-element_type=\"widget\" data-e-type=\"widget\" data-widget_type=\"heading.default\">\n\t\t\t\t<div class=\"elementor-widget-container\">\n\t\t\t\t\t<h2 class=\"elementor-heading-title elementor-size-default\">Lis\u00e4tietoja B2-viisumin saamiseen oikeutetuista maista.<\/h2>\t\t\t\t<\/div>\n\t\t\t\t<\/div>\n\t\t\t\t<div class=\"elementor-element elementor-element-b41e668 elementor-widget elementor-widget-text-editor\" data-id=\"b41e668\" data-element_type=\"widget\" data-e-type=\"widget\" data-widget_type=\"text-editor.default\">\n\t\t\t\t<div class=\"elementor-widget-container\">\n\t\t\t\t\t\t\t\t\t<p>Seuraavassa on tarkempia tietoja tiettyjen B2-viisumiin oikeutettujen maiden kansalaisista:<\/p><ul><li><a href=\"https:\/\/usa-b2.com\/fi\/viisumi-b2-ranskan\/\">B2-viisumi Ranskan kansalaisille<\/a><\/li><li><a href=\"https:\/\/usa-b2.com\/fi\/b2-viisumi-italialaisille\/\">B2-viisumi italialaisille<\/a><\/li><li><a href=\"https:\/\/usa-b2.com\/fi\/b2-viisumi-saksalaisille\/\">B2-viisumi saksalaisille<\/a><\/li><li><a href=\"https:\/\/usa-b2.com\/fi\/b2-viisumin-meksikolaiselle\/\">B2-viisumi meksikolaisille<\/a><\/li><li><a href=\"https:\/\/usa-b2.com\/fi\/viisumi-b1-b2-brasilialaisille\/\">B2-viisumi brasilialaisille<\/a><\/li><li>B2-viisumi Espanjan kansalaisille<\/li><\/ul>\t\t\t\t\t\t\t\t<\/div>\n\t\t\t\t<\/div>\n\t\t\t\t\t<\/div>\n\t\t\t\t<\/div>\n\t\t\t\t<\/div>\n\t\t","protected":false},"excerpt":{"rendered":"<p>Online-lomake B2-viisumin saamiseksi Voit hakea B2-viisumia vain verkossa. Hakijoiden on t\u00e4ytett\u00e4v\u00e4 lomake DS-160 ja maksettava viisumimaksu verkossa. T\u00e4yt\u00e4 online-lomake Jos oleskelu Yhdysvalloissa kest\u00e4\u00e4 alle 90 p\u00e4iv\u00e4\u00e4. Sinun ei tarvitse hankkia B2-viisumia eik\u00e4 menn\u00e4 Yhdysvaltain suurl\u00e4hetyst\u00f6\u00f6n. Sinun tarvitsee vain hakea s\u00e4hk\u00f6ist\u00e4 matkustuslupaa t\u00e4ytt\u00e4m\u00e4ll\u00e4 ESTA-lomake verkossa. Kuinka kauan B2-viisumin k\u00e4sittely kest\u00e4\u00e4? B2-viisumihakemuksen k\u00e4sittelyaika on v\u00e4hint\u00e4\u00e4n useita viikkoja [&hellip;]<\/p>\n","protected":false},"author":1,"featured_media":0,"parent":0,"menu_order":0,"comment_status":"closed","ping_status":"closed","template":"","meta":{"footnotes":""},"class_list":["post-3893","page","type-page","status-publish","hentry"],"yoast_head":"<!-- This site is optimized with the Yoast SEO plugin v27.0 - https:\/\/yoast.com\/product\/yoast-seo-wordpress\/ -->\n<title>B2-viisumilomake verkossa - USA B2<\/title>\n<meta name=\"description\" content=\"T\u00e4yt\u00e4 verkkolomake muutamassa minuutissa ja hanki B2-viisumi Yhdysvaltoihin matkustamista varten.\" \/>\n<meta name=\"robots\" content=\"index, follow, max-snippet:-1, max-image-preview:large, max-video-preview:-1\" \/>\n<link rel=\"canonical\" href=\"https:\/\/usa-b2.com\/fi\/b2-viisumilomake-verkossa\/\" \/>\n<meta property=\"og:locale\" content=\"fi_FI\" \/>\n<meta property=\"og:type\" content=\"article\" \/>\n<meta property=\"og:title\" content=\"B2-viisumilomake verkossa - USA B2\" \/>\n<meta property=\"og:description\" content=\"T\u00e4yt\u00e4 verkkolomake muutamassa minuutissa ja hanki B2-viisumi Yhdysvaltoihin matkustamista varten.\" \/>\n<meta property=\"og:url\" content=\"https:\/\/usa-b2.com\/fi\/b2-viisumilomake-verkossa\/\" \/>\n<meta property=\"og:site_name\" content=\"USA B2\" \/>\n<meta property=\"article:modified_time\" content=\"2026-02-25T15:26:07+00:00\" \/>\n<meta name=\"twitter:card\" content=\"summary_large_image\" \/>\n<meta name=\"twitter:label1\" content=\"Arvioitu lukuaika\" \/>\n\t<meta name=\"twitter:data1\" content=\"1 minuutti\" \/>\n<script type=\"application\/ld+json\" class=\"yoast-schema-graph\">{\"@context\":\"https:\/\/schema.org\",\"@graph\":[{\"@type\":\"WebPage\",\"@id\":\"https:\/\/usa-b2.com\/fi\/b2-viisumilomake-verkossa\/\",\"url\":\"https:\/\/usa-b2.com\/fi\/b2-viisumilomake-verkossa\/\",\"name\":\"B2-viisumilomake verkossa - USA B2\",\"isPartOf\":{\"@id\":\"https:\/\/usa-b2.com\/fi\/#website\"},\"datePublished\":\"2024-02-10T17:02:13+00:00\",\"dateModified\":\"2026-02-25T15:26:07+00:00\",\"description\":\"T\u00e4yt\u00e4 verkkolomake muutamassa minuutissa ja hanki B2-viisumi Yhdysvaltoihin matkustamista varten.\",\"breadcrumb\":{\"@id\":\"https:\/\/usa-b2.com\/fi\/b2-viisumilomake-verkossa\/#breadcrumb\"},\"inLanguage\":\"fi\",\"potentialAction\":[{\"@type\":\"ReadAction\",\"target\":[\"https:\/\/usa-b2.com\/fi\/b2-viisumilomake-verkossa\/\"]}]},{\"@type\":\"BreadcrumbList\",\"@id\":\"https:\/\/usa-b2.com\/fi\/b2-viisumilomake-verkossa\/#breadcrumb\",\"itemListElement\":[{\"@type\":\"ListItem\",\"position\":1,\"name\":\"Accueil\",\"item\":\"https:\/\/usa-b2.com\/fi\/roadtrips-usa\/\"},{\"@type\":\"ListItem\",\"position\":2,\"name\":\"B2-viisumilomake verkossa\"}]},{\"@type\":\"WebSite\",\"@id\":\"https:\/\/usa-b2.com\/fi\/#website\",\"url\":\"https:\/\/usa-b2.com\/fi\/\",\"name\":\"USA B2 VISA\",\"description\":\"\",\"potentialAction\":[{\"@type\":\"SearchAction\",\"target\":{\"@type\":\"EntryPoint\",\"urlTemplate\":\"https:\/\/usa-b2.com\/fi\/?s={search_term_string}\"},\"query-input\":{\"@type\":\"PropertyValueSpecification\",\"valueRequired\":true,\"valueName\":\"search_term_string\"}}],\"inLanguage\":\"fi\"}]}<\/script>\n<!-- \/ Yoast SEO plugin. -->","yoast_head_json":{"title":"B2-viisumilomake verkossa - USA B2","description":"T\u00e4yt\u00e4 verkkolomake muutamassa minuutissa ja hanki B2-viisumi Yhdysvaltoihin matkustamista varten.","robots":{"index":"index","follow":"follow","max-snippet":"max-snippet:-1","max-image-preview":"max-image-preview:large","max-video-preview":"max-video-preview:-1"},"canonical":"https:\/\/usa-b2.com\/fi\/b2-viisumilomake-verkossa\/","og_locale":"fi_FI","og_type":"article","og_title":"B2-viisumilomake verkossa - USA B2","og_description":"T\u00e4yt\u00e4 verkkolomake muutamassa minuutissa ja hanki B2-viisumi Yhdysvaltoihin matkustamista varten.","og_url":"https:\/\/usa-b2.com\/fi\/b2-viisumilomake-verkossa\/","og_site_name":"USA B2","article_modified_time":"2026-02-25T15:26:07+00:00","twitter_card":"summary_large_image","twitter_misc":{"Arvioitu lukuaika":"1 minuutti"},"schema":{"@context":"https:\/\/schema.org","@graph":[{"@type":"WebPage","@id":"https:\/\/usa-b2.com\/fi\/b2-viisumilomake-verkossa\/","url":"https:\/\/usa-b2.com\/fi\/b2-viisumilomake-verkossa\/","name":"B2-viisumilomake verkossa - USA B2","isPartOf":{"@id":"https:\/\/usa-b2.com\/fi\/#website"},"datePublished":"2024-02-10T17:02:13+00:00","dateModified":"2026-02-25T15:26:07+00:00","description":"T\u00e4yt\u00e4 verkkolomake muutamassa minuutissa ja hanki B2-viisumi Yhdysvaltoihin matkustamista varten.","breadcrumb":{"@id":"https:\/\/usa-b2.com\/fi\/b2-viisumilomake-verkossa\/#breadcrumb"},"inLanguage":"fi","potentialAction":[{"@type":"ReadAction","target":["https:\/\/usa-b2.com\/fi\/b2-viisumilomake-verkossa\/"]}]},{"@type":"BreadcrumbList","@id":"https:\/\/usa-b2.com\/fi\/b2-viisumilomake-verkossa\/#breadcrumb","itemListElement":[{"@type":"ListItem","position":1,"name":"Accueil","item":"https:\/\/usa-b2.com\/fi\/roadtrips-usa\/"},{"@type":"ListItem","position":2,"name":"B2-viisumilomake verkossa"}]},{"@type":"WebSite","@id":"https:\/\/usa-b2.com\/fi\/#website","url":"https:\/\/usa-b2.com\/fi\/","name":"USA B2 VISA","description":"","potentialAction":[{"@type":"SearchAction","target":{"@type":"EntryPoint","urlTemplate":"https:\/\/usa-b2.com\/fi\/?s={search_term_string}"},"query-input":{"@type":"PropertyValueSpecification","valueRequired":true,"valueName":"search_term_string"}}],"inLanguage":"fi"}]}},"_links":{"self":[{"href":"https:\/\/usa-b2.com\/fi\/wp-json\/wp\/v2\/pages\/3893","targetHints":{"allow":["GET"]}}],"collection":[{"href":"https:\/\/usa-b2.com\/fi\/wp-json\/wp\/v2\/pages"}],"about":[{"href":"https:\/\/usa-b2.com\/fi\/wp-json\/wp\/v2\/types\/page"}],"author":[{"embeddable":true,"href":"https:\/\/usa-b2.com\/fi\/wp-json\/wp\/v2\/users\/1"}],"replies":[{"embeddable":true,"href":"https:\/\/usa-b2.com\/fi\/wp-json\/wp\/v2\/comments?post=3893"}],"version-history":[{"count":3,"href":"https:\/\/usa-b2.com\/fi\/wp-json\/wp\/v2\/pages\/3893\/revisions"}],"predecessor-version":[{"id":11087,"href":"https:\/\/usa-b2.com\/fi\/wp-json\/wp\/v2\/pages\/3893\/revisions\/11087"}],"wp:attachment":[{"href":"https:\/\/usa-b2.com\/fi\/wp-json\/wp\/v2\/media?parent=3893"}],"curies":[{"name":"wp","href":"https:\/\/api.w.org\/{rel}","templated":true}]}}