{"id":3891,"date":"2024-06-25T15:44:50","date_gmt":"2024-06-25T15:44:50","guid":{"rendered":"https:\/\/usa-b2.com\/tulosta-esta\/"},"modified":"2025-10-13T12:39:28","modified_gmt":"2025-10-13T12:39:28","slug":"tulosta-esta","status":"publish","type":"page","link":"https:\/\/usa-b2.com\/fi\/tulosta-esta\/","title":{"rendered":"Onko ESTA-luvan tulostaminen v\u00e4ltt\u00e4m\u00e4t\u00f6nt\u00e4?"},"content":{"rendered":"\n<h1 class=\"wp-block-heading\">Tulosta ESTA-lupasi Yhdysvaltoihin matkustamista varten<\/h1>\n\n<p>ESTA-lupa on s\u00e4hk\u00f6inen matkustuslupa. T\u00e4m\u00e4 tarkoittaa, ett\u00e4 sen voi saada vain verkossa, ja vastaanottovahvistus l\u00e4hetet\u00e4\u00e4n s\u00e4hk\u00f6postitse. Matkustajat miettiv\u00e4tkin, onko tarpeen tulostaa ESTA-lupa ennen Yhdysvaltoihin matkustamista.  <\/p>\n\n<p><strong>Saat matkustusluvan muutamassa minuutissa<\/strong> klikkaamalla <a href=\"https:\/\/usa-b2.com\/fr\/formulaire-esta-en-ligne\/\">ESTA-verkkolomaketta<\/a>.<\/p>\n\n<div style=\"height:10px\" aria-hidden=\"true\" class=\"wp-block-spacer\"><\/div>\n\n<h2 class=\"wp-block-heading\">Pit\u00e4\u00e4k\u00f6 minun tulostaa ESTA-lupani paperille?<\/h2>\n\n<p><strong>ESTA-lupaa ei tarvitse olla paperilla<\/strong>, kun saavut Yhdysvaltoihin. Rajavalvonnasta vastaavat virkamiehet tarkistavat ESTA-luvan tilan tietokonej\u00e4rjestelm\u00e4st\u00e4. Siit\u00e4 huolimatta on joskus rauhoittavaa tulostaa kopio hyv\u00e4ksytyst\u00e4 ESTA-todistuksesta ja ottaa se mukaan matkustusasiakirjojen mukana.  <\/p>\n\n<p><a href=\"https:\/\/usa-b2.com\/fr\/difference-entre-visa-et-esta\/\">ESTA-lupa ei ole viisumi Yhdysvaltoihin<\/a>. <g id=\"gid_1\">B2-viisumin<\/g> tapauksessa matkustaja saa tulostetun viisumin, joka on liimattava h\u00e4nen <g id=\"gid_2\">passiinsa Yhdysvaltoihin matkustamista varten<\/g>. Lis\u00e4tietoja on sivulla, jossa selitet\u00e4\u00e4n , <a href=\"https:\/\/usa-b2.com\/fr\/c-est-quoi-une-esta\/\">mik\u00e4 ESTA on<\/a>.  <\/p>\n\n<h2 class=\"wp-block-heading\">Miten tulostan ESTA-lupani?<\/h2>\n\n<p>Kun virallinen ESTA-sivusto on hyv\u00e4ksynyt hakemuksen, sen voi tulostaa saamastaan vahvistuss\u00e4hk\u00f6postista.\nMatkustaja saa my\u00f6s s\u00e4hk\u00f6isen kuitin ESTA-maksusta. <\/p>\n\n<p><\/p>\n","protected":false},"excerpt":{"rendered":"<p>Tulosta ESTA-lupasi Yhdysvaltoihin matkustamista varten ESTA-lupa on s\u00e4hk\u00f6inen matkustuslupa. T\u00e4m\u00e4 tarkoittaa, ett\u00e4 sen voi saada vain verkossa, ja vastaanottovahvistus l\u00e4hetet\u00e4\u00e4n s\u00e4hk\u00f6postitse. Matkustajat miettiv\u00e4tkin, onko tarpeen tulostaa ESTA-lupa ennen Yhdysvaltoihin matkustamista. Saat matkustusluvan muutamassa minuutissa klikkaamalla ESTA-verkkolomaketta. Pit\u00e4\u00e4k\u00f6 minun tulostaa ESTA-lupani paperille? ESTA-lupaa ei tarvitse olla paperilla, kun saavut Yhdysvaltoihin. Rajavalvonnasta vastaavat virkamiehet tarkistavat ESTA-luvan tilan [&hellip;]<\/p>\n","protected":false},"author":1,"featured_media":0,"parent":0,"menu_order":0,"comment_status":"closed","ping_status":"closed","template":"","meta":{"footnotes":""},"class_list":["post-3891","page","type-page","status-publish","hentry"],"yoast_head":"<!-- This site is optimized with the Yoast SEO plugin v27.4 - https:\/\/yoast.com\/product\/yoast-seo-wordpress\/ -->\n<title>Onko ESTA-luvan tulostaminen v\u00e4ltt\u00e4m\u00e4t\u00f6nt\u00e4? - USA B2<\/title>\n<meta name=\"description\" content=\"Pit\u00e4\u00e4k\u00f6 minun tulostaa s\u00e4hk\u00f6inen ESTA-matkustusasiakirja, jotta voin matkustaa Yhdysvaltoihin?\" \/>\n<meta name=\"robots\" content=\"index, follow, max-snippet:-1, max-image-preview:large, max-video-preview:-1\" \/>\n<link rel=\"canonical\" href=\"https:\/\/usa-b2.com\/fi\/tulosta-esta\/\" \/>\n<meta property=\"og:locale\" content=\"fi_FI\" \/>\n<meta property=\"og:type\" content=\"article\" \/>\n<meta property=\"og:title\" content=\"Onko ESTA-luvan tulostaminen v\u00e4ltt\u00e4m\u00e4t\u00f6nt\u00e4? - USA B2\" \/>\n<meta property=\"og:description\" content=\"Pit\u00e4\u00e4k\u00f6 minun tulostaa s\u00e4hk\u00f6inen ESTA-matkustusasiakirja, jotta voin matkustaa Yhdysvaltoihin?\" \/>\n<meta property=\"og:url\" content=\"https:\/\/usa-b2.com\/fi\/tulosta-esta\/\" \/>\n<meta property=\"og:site_name\" content=\"USA B2\" \/>\n<meta property=\"article:modified_time\" content=\"2025-10-13T12:39:28+00:00\" \/>\n<meta name=\"twitter:card\" content=\"summary_large_image\" \/>\n<meta name=\"twitter:label1\" content=\"Arvioitu lukuaika\" \/>\n\t<meta name=\"twitter:data1\" content=\"1 minuutti\" \/>\n<script type=\"application\/ld+json\" class=\"yoast-schema-graph\">{\"@context\":\"https:\\\/\\\/schema.org\",\"@graph\":[{\"@type\":\"WebPage\",\"@id\":\"https:\\\/\\\/usa-b2.com\\\/fi\\\/tulosta-esta\\\/\",\"url\":\"https:\\\/\\\/usa-b2.com\\\/fi\\\/tulosta-esta\\\/\",\"name\":\"Onko ESTA-luvan tulostaminen v\u00e4ltt\u00e4m\u00e4t\u00f6nt\u00e4? - USA B2\",\"isPartOf\":{\"@id\":\"https:\\\/\\\/usa-b2.com\\\/fi\\\/#website\"},\"datePublished\":\"2024-06-25T15:44:50+00:00\",\"dateModified\":\"2025-10-13T12:39:28+00:00\",\"description\":\"Pit\u00e4\u00e4k\u00f6 minun tulostaa s\u00e4hk\u00f6inen ESTA-matkustusasiakirja, jotta voin matkustaa Yhdysvaltoihin?\",\"breadcrumb\":{\"@id\":\"https:\\\/\\\/usa-b2.com\\\/fi\\\/tulosta-esta\\\/#breadcrumb\"},\"inLanguage\":\"fi\",\"potentialAction\":[{\"@type\":\"ReadAction\",\"target\":[\"https:\\\/\\\/usa-b2.com\\\/fi\\\/tulosta-esta\\\/\"]}]},{\"@type\":\"BreadcrumbList\",\"@id\":\"https:\\\/\\\/usa-b2.com\\\/fi\\\/tulosta-esta\\\/#breadcrumb\",\"itemListElement\":[{\"@type\":\"ListItem\",\"position\":1,\"name\":\"Accueil\",\"item\":\"https:\\\/\\\/usa-b2.com\\\/fi\\\/usa\\\/\"},{\"@type\":\"ListItem\",\"position\":2,\"name\":\"Onko ESTA-luvan tulostaminen v\u00e4ltt\u00e4m\u00e4t\u00f6nt\u00e4?\"}]},{\"@type\":\"WebSite\",\"@id\":\"https:\\\/\\\/usa-b2.com\\\/fi\\\/#website\",\"url\":\"https:\\\/\\\/usa-b2.com\\\/fi\\\/\",\"name\":\"USA B2 VISA\",\"description\":\"\",\"potentialAction\":[{\"@type\":\"SearchAction\",\"target\":{\"@type\":\"EntryPoint\",\"urlTemplate\":\"https:\\\/\\\/usa-b2.com\\\/fi\\\/?s={search_term_string}\"},\"query-input\":{\"@type\":\"PropertyValueSpecification\",\"valueRequired\":true,\"valueName\":\"search_term_string\"}}],\"inLanguage\":\"fi\"}]}<\/script>\n<!-- \/ Yoast SEO plugin. -->","yoast_head_json":{"title":"Onko ESTA-luvan tulostaminen v\u00e4ltt\u00e4m\u00e4t\u00f6nt\u00e4? - USA B2","description":"Pit\u00e4\u00e4k\u00f6 minun tulostaa s\u00e4hk\u00f6inen ESTA-matkustusasiakirja, jotta voin matkustaa Yhdysvaltoihin?","robots":{"index":"index","follow":"follow","max-snippet":"max-snippet:-1","max-image-preview":"max-image-preview:large","max-video-preview":"max-video-preview:-1"},"canonical":"https:\/\/usa-b2.com\/fi\/tulosta-esta\/","og_locale":"fi_FI","og_type":"article","og_title":"Onko ESTA-luvan tulostaminen v\u00e4ltt\u00e4m\u00e4t\u00f6nt\u00e4? - USA B2","og_description":"Pit\u00e4\u00e4k\u00f6 minun tulostaa s\u00e4hk\u00f6inen ESTA-matkustusasiakirja, jotta voin matkustaa Yhdysvaltoihin?","og_url":"https:\/\/usa-b2.com\/fi\/tulosta-esta\/","og_site_name":"USA B2","article_modified_time":"2025-10-13T12:39:28+00:00","twitter_card":"summary_large_image","twitter_misc":{"Arvioitu lukuaika":"1 minuutti"},"schema":{"@context":"https:\/\/schema.org","@graph":[{"@type":"WebPage","@id":"https:\/\/usa-b2.com\/fi\/tulosta-esta\/","url":"https:\/\/usa-b2.com\/fi\/tulosta-esta\/","name":"Onko ESTA-luvan tulostaminen v\u00e4ltt\u00e4m\u00e4t\u00f6nt\u00e4? - USA B2","isPartOf":{"@id":"https:\/\/usa-b2.com\/fi\/#website"},"datePublished":"2024-06-25T15:44:50+00:00","dateModified":"2025-10-13T12:39:28+00:00","description":"Pit\u00e4\u00e4k\u00f6 minun tulostaa s\u00e4hk\u00f6inen ESTA-matkustusasiakirja, jotta voin matkustaa Yhdysvaltoihin?","breadcrumb":{"@id":"https:\/\/usa-b2.com\/fi\/tulosta-esta\/#breadcrumb"},"inLanguage":"fi","potentialAction":[{"@type":"ReadAction","target":["https:\/\/usa-b2.com\/fi\/tulosta-esta\/"]}]},{"@type":"BreadcrumbList","@id":"https:\/\/usa-b2.com\/fi\/tulosta-esta\/#breadcrumb","itemListElement":[{"@type":"ListItem","position":1,"name":"Accueil","item":"https:\/\/usa-b2.com\/fi\/usa\/"},{"@type":"ListItem","position":2,"name":"Onko ESTA-luvan tulostaminen v\u00e4ltt\u00e4m\u00e4t\u00f6nt\u00e4?"}]},{"@type":"WebSite","@id":"https:\/\/usa-b2.com\/fi\/#website","url":"https:\/\/usa-b2.com\/fi\/","name":"USA B2 VISA","description":"","potentialAction":[{"@type":"SearchAction","target":{"@type":"EntryPoint","urlTemplate":"https:\/\/usa-b2.com\/fi\/?s={search_term_string}"},"query-input":{"@type":"PropertyValueSpecification","valueRequired":true,"valueName":"search_term_string"}}],"inLanguage":"fi"}]}},"_links":{"self":[{"href":"https:\/\/usa-b2.com\/fi\/wp-json\/wp\/v2\/pages\/3891","targetHints":{"allow":["GET"]}}],"collection":[{"href":"https:\/\/usa-b2.com\/fi\/wp-json\/wp\/v2\/pages"}],"about":[{"href":"https:\/\/usa-b2.com\/fi\/wp-json\/wp\/v2\/types\/page"}],"author":[{"embeddable":true,"href":"https:\/\/usa-b2.com\/fi\/wp-json\/wp\/v2\/users\/1"}],"replies":[{"embeddable":true,"href":"https:\/\/usa-b2.com\/fi\/wp-json\/wp\/v2\/comments?post=3891"}],"version-history":[{"count":2,"href":"https:\/\/usa-b2.com\/fi\/wp-json\/wp\/v2\/pages\/3891\/revisions"}],"predecessor-version":[{"id":9957,"href":"https:\/\/usa-b2.com\/fi\/wp-json\/wp\/v2\/pages\/3891\/revisions\/9957"}],"wp:attachment":[{"href":"https:\/\/usa-b2.com\/fi\/wp-json\/wp\/v2\/media?parent=3891"}],"curies":[{"name":"wp","href":"https:\/\/api.w.org\/{rel}","templated":true}]}}