{"id":3885,"date":"2024-02-10T17:17:00","date_gmt":"2024-02-10T17:17:00","guid":{"rendered":"https:\/\/usa-b2.com\/yhdysvaltain-suurlahetysto\/"},"modified":"2025-11-28T09:35:48","modified_gmt":"2025-11-28T09:35:48","slug":"yhdysvaltain-suurlahetysto","status":"publish","type":"page","link":"https:\/\/usa-b2.com\/fi\/yhdysvaltain-suurlahetysto\/","title":{"rendered":"Amerikan yhdysvaltojen suurl\u00e4hetyst\u00f6"},"content":{"rendered":"\n<h1 class=\"wp-block-heading\" id=\"h-ambassade-des-etats-unis-a-paris-en-france\">Yhdysvaltain suurl\u00e4hetyst\u00f6t eri puolilla maailmaa<\/h1>\n\n<h2 class=\"wp-block-heading\">Mik\u00e4 on Yhdysvaltain suurl\u00e4hetyst\u00f6?<\/h2>\n\n<p>Yhdysvaltain suurl\u00e4hetyst\u00f6 on Yhdysvaltojen diplomaattinen edustaja kaikissa maailman maissa. Yhdysvaltain suurl\u00e4hetyst\u00f6n teht\u00e4v\u00e4n\u00e4 on suojella Yhdysvaltain kansalaisia Yhdysvaltain alueen ulkopuolella. Suurl\u00e4hetyst\u00f6 auttaa kehitt\u00e4m\u00e4\u00e4n Yhdysvaltojen etuja ja tarjoaa palveluja Yhdysvaltojen kansalaisille kaikkialla maailmassa.  <\/p>\n\n<p>Yhdysvaltain suurl\u00e4hetyst\u00f6t osallistuvat Yhdysvaltoihin matkustavien ulkomaalaisten <a href=\"https:\/\/usa-b2.com\/fi\/hakumenettely-b2-viisumin\/\">viisumihakemusmenettelyyn<\/a>.<\/p>\n\n<p><strong>Alle 90 p\u00e4iv\u00e4n oleskelu Yhdysvalloissa<\/strong>: VWP-ohjelmaan kuuluvan maan kansalaisen ei tarvitse hankkia viisumia eik\u00e4 varata aikaa Yhdysvaltain suurl\u00e4hetyst\u00f6\u00f6n. H\u00e4n voi hankkia matkustusluvan verkossa napsauttamalla <a href=\"https:\/\/usa-b2.com\/fi\/esta-lomake-verkossa\/\">ESTA-verkkolomaketta<\/a>. <\/p>\n\n<h2 class=\"wp-block-heading\">Mist\u00e4 l\u00f6yd\u00e4n Yhdysvaltain suurl\u00e4hetyst\u00f6n?<\/h2>\n\n<p>Jos haluat l\u00f6yt\u00e4\u00e4 sinua l\u00e4himp\u00e4n\u00e4 sijaitsevan Yhdysvaltain suurl\u00e4hetyst\u00f6n tai konsulaatin, katso <a href=\"https:\/\/www.usembassy.gov\/\">t\u00e4t\u00e4 sivua<\/a>, jossa on yhteenveto Yhdysvaltain hallinnollisista edustustoista eri puolilla maailmaa.<\/p>\n\n<h2 class=\"wp-block-heading\">Miten varaan ajan Yhdysvaltain suurl\u00e4hetyst\u00f6\u00f6n?<\/h2>\n\n<p>Kun hakija hakee <a href=\"https:\/\/usa-b2.com\/fi\/b2-viisumilomake-verkossa\/\">Yhdysvaltain viisumia<\/a>, h\u00e4nen on osallistuttava haastatteluun hakemuksensa viimeistelemiseksi. Jotta hakija voi sopia haastattelun Yhdysvaltain konsulivirkamiehen kanssa, h\u00e4nen on kirjauduttava viralliselle <a href=\"https:\/\/www.uscis.gov\/\">uscis.gov-sivustolle<\/a> ja varattava <a href=\"https:\/\/usa-b2.com\/fi\/usa-suurlahetyston-viisumivaraus\/\">aika Yhdysvaltain suurl\u00e4hetyst\u00f6st\u00e4<\/a>.  <\/p>\n\n<p>Kun haastattelup\u00e4iv\u00e4 on vahvistettu, hakijat voivat ladata kutsun haastatteluun. Kutsu on liitett\u00e4v\u00e4 viisumihakemuksen liiteasiakirjoihin. <\/p>\n","protected":false},"excerpt":{"rendered":"<p>Yhdysvaltain suurl\u00e4hetyst\u00f6t eri puolilla maailmaa Mik\u00e4 on Yhdysvaltain suurl\u00e4hetyst\u00f6? Yhdysvaltain suurl\u00e4hetyst\u00f6 on Yhdysvaltojen diplomaattinen edustaja kaikissa maailman maissa. Yhdysvaltain suurl\u00e4hetyst\u00f6n teht\u00e4v\u00e4n\u00e4 on suojella Yhdysvaltain kansalaisia Yhdysvaltain alueen ulkopuolella. Suurl\u00e4hetyst\u00f6 auttaa kehitt\u00e4m\u00e4\u00e4n Yhdysvaltojen etuja ja tarjoaa palveluja Yhdysvaltojen kansalaisille kaikkialla maailmassa. Yhdysvaltain suurl\u00e4hetyst\u00f6t osallistuvat Yhdysvaltoihin matkustavien ulkomaalaisten viisumihakemusmenettelyyn. Alle 90 p\u00e4iv\u00e4n oleskelu Yhdysvalloissa: VWP-ohjelmaan kuuluvan maan [&hellip;]<\/p>\n","protected":false},"author":1,"featured_media":0,"parent":0,"menu_order":0,"comment_status":"closed","ping_status":"closed","template":"","meta":{"footnotes":""},"class_list":["post-3885","page","type-page","status-publish","hentry"],"yoast_head":"<!-- This site is optimized with the Yoast SEO plugin v27.4 - https:\/\/yoast.com\/product\/yoast-seo-wordpress\/ -->\n<title>Amerikan yhdysvaltojen suurl\u00e4hetyst\u00f6 - USA B2<\/title>\n<meta name=\"description\" content=\"Mist\u00e4 l\u00f6yd\u00e4t asuinpaikkaasi l\u00e4himm\u00e4n Yhdysvaltain suurl\u00e4hetyst\u00f6n, josta voit hakea viisumia Yhdysvaltoihin?\" \/>\n<meta name=\"robots\" content=\"index, follow, max-snippet:-1, max-image-preview:large, max-video-preview:-1\" \/>\n<link rel=\"canonical\" href=\"https:\/\/usa-b2.com\/fi\/yhdysvaltain-suurlahetysto\/\" \/>\n<meta property=\"og:locale\" content=\"fi_FI\" \/>\n<meta property=\"og:type\" content=\"article\" \/>\n<meta property=\"og:title\" content=\"Amerikan yhdysvaltojen suurl\u00e4hetyst\u00f6 - USA B2\" \/>\n<meta property=\"og:description\" content=\"Mist\u00e4 l\u00f6yd\u00e4t asuinpaikkaasi l\u00e4himm\u00e4n Yhdysvaltain suurl\u00e4hetyst\u00f6n, josta voit hakea viisumia Yhdysvaltoihin?\" \/>\n<meta property=\"og:url\" content=\"https:\/\/usa-b2.com\/fi\/yhdysvaltain-suurlahetysto\/\" \/>\n<meta property=\"og:site_name\" content=\"USA B2\" \/>\n<meta property=\"article:modified_time\" content=\"2025-11-28T09:35:48+00:00\" \/>\n<meta name=\"twitter:card\" content=\"summary_large_image\" \/>\n<meta name=\"twitter:label1\" content=\"Arvioitu lukuaika\" \/>\n\t<meta name=\"twitter:data1\" content=\"1 minuutti\" \/>\n<script type=\"application\/ld+json\" class=\"yoast-schema-graph\">{\"@context\":\"https:\\\/\\\/schema.org\",\"@graph\":[{\"@type\":\"WebPage\",\"@id\":\"https:\\\/\\\/usa-b2.com\\\/fi\\\/yhdysvaltain-suurlahetysto\\\/\",\"url\":\"https:\\\/\\\/usa-b2.com\\\/fi\\\/yhdysvaltain-suurlahetysto\\\/\",\"name\":\"Amerikan yhdysvaltojen suurl\u00e4hetyst\u00f6 - USA B2\",\"isPartOf\":{\"@id\":\"https:\\\/\\\/usa-b2.com\\\/fi\\\/#website\"},\"datePublished\":\"2024-02-10T17:17:00+00:00\",\"dateModified\":\"2025-11-28T09:35:48+00:00\",\"description\":\"Mist\u00e4 l\u00f6yd\u00e4t asuinpaikkaasi l\u00e4himm\u00e4n Yhdysvaltain suurl\u00e4hetyst\u00f6n, josta voit hakea viisumia Yhdysvaltoihin?\",\"breadcrumb\":{\"@id\":\"https:\\\/\\\/usa-b2.com\\\/fi\\\/yhdysvaltain-suurlahetysto\\\/#breadcrumb\"},\"inLanguage\":\"fi\",\"potentialAction\":[{\"@type\":\"ReadAction\",\"target\":[\"https:\\\/\\\/usa-b2.com\\\/fi\\\/yhdysvaltain-suurlahetysto\\\/\"]}]},{\"@type\":\"BreadcrumbList\",\"@id\":\"https:\\\/\\\/usa-b2.com\\\/fi\\\/yhdysvaltain-suurlahetysto\\\/#breadcrumb\",\"itemListElement\":[{\"@type\":\"ListItem\",\"position\":1,\"name\":\"Accueil\",\"item\":\"https:\\\/\\\/usa-b2.com\\\/fi\\\/usa\\\/\"},{\"@type\":\"ListItem\",\"position\":2,\"name\":\"Amerikan yhdysvaltojen suurl\u00e4hetyst\u00f6\"}]},{\"@type\":\"WebSite\",\"@id\":\"https:\\\/\\\/usa-b2.com\\\/fi\\\/#website\",\"url\":\"https:\\\/\\\/usa-b2.com\\\/fi\\\/\",\"name\":\"USA B2 VISA\",\"description\":\"\",\"potentialAction\":[{\"@type\":\"SearchAction\",\"target\":{\"@type\":\"EntryPoint\",\"urlTemplate\":\"https:\\\/\\\/usa-b2.com\\\/fi\\\/?s={search_term_string}\"},\"query-input\":{\"@type\":\"PropertyValueSpecification\",\"valueRequired\":true,\"valueName\":\"search_term_string\"}}],\"inLanguage\":\"fi\"}]}<\/script>\n<!-- \/ Yoast SEO plugin. -->","yoast_head_json":{"title":"Amerikan yhdysvaltojen suurl\u00e4hetyst\u00f6 - USA B2","description":"Mist\u00e4 l\u00f6yd\u00e4t asuinpaikkaasi l\u00e4himm\u00e4n Yhdysvaltain suurl\u00e4hetyst\u00f6n, josta voit hakea viisumia Yhdysvaltoihin?","robots":{"index":"index","follow":"follow","max-snippet":"max-snippet:-1","max-image-preview":"max-image-preview:large","max-video-preview":"max-video-preview:-1"},"canonical":"https:\/\/usa-b2.com\/fi\/yhdysvaltain-suurlahetysto\/","og_locale":"fi_FI","og_type":"article","og_title":"Amerikan yhdysvaltojen suurl\u00e4hetyst\u00f6 - USA B2","og_description":"Mist\u00e4 l\u00f6yd\u00e4t asuinpaikkaasi l\u00e4himm\u00e4n Yhdysvaltain suurl\u00e4hetyst\u00f6n, josta voit hakea viisumia Yhdysvaltoihin?","og_url":"https:\/\/usa-b2.com\/fi\/yhdysvaltain-suurlahetysto\/","og_site_name":"USA B2","article_modified_time":"2025-11-28T09:35:48+00:00","twitter_card":"summary_large_image","twitter_misc":{"Arvioitu lukuaika":"1 minuutti"},"schema":{"@context":"https:\/\/schema.org","@graph":[{"@type":"WebPage","@id":"https:\/\/usa-b2.com\/fi\/yhdysvaltain-suurlahetysto\/","url":"https:\/\/usa-b2.com\/fi\/yhdysvaltain-suurlahetysto\/","name":"Amerikan yhdysvaltojen suurl\u00e4hetyst\u00f6 - USA B2","isPartOf":{"@id":"https:\/\/usa-b2.com\/fi\/#website"},"datePublished":"2024-02-10T17:17:00+00:00","dateModified":"2025-11-28T09:35:48+00:00","description":"Mist\u00e4 l\u00f6yd\u00e4t asuinpaikkaasi l\u00e4himm\u00e4n Yhdysvaltain suurl\u00e4hetyst\u00f6n, josta voit hakea viisumia Yhdysvaltoihin?","breadcrumb":{"@id":"https:\/\/usa-b2.com\/fi\/yhdysvaltain-suurlahetysto\/#breadcrumb"},"inLanguage":"fi","potentialAction":[{"@type":"ReadAction","target":["https:\/\/usa-b2.com\/fi\/yhdysvaltain-suurlahetysto\/"]}]},{"@type":"BreadcrumbList","@id":"https:\/\/usa-b2.com\/fi\/yhdysvaltain-suurlahetysto\/#breadcrumb","itemListElement":[{"@type":"ListItem","position":1,"name":"Accueil","item":"https:\/\/usa-b2.com\/fi\/usa\/"},{"@type":"ListItem","position":2,"name":"Amerikan yhdysvaltojen suurl\u00e4hetyst\u00f6"}]},{"@type":"WebSite","@id":"https:\/\/usa-b2.com\/fi\/#website","url":"https:\/\/usa-b2.com\/fi\/","name":"USA B2 VISA","description":"","potentialAction":[{"@type":"SearchAction","target":{"@type":"EntryPoint","urlTemplate":"https:\/\/usa-b2.com\/fi\/?s={search_term_string}"},"query-input":{"@type":"PropertyValueSpecification","valueRequired":true,"valueName":"search_term_string"}}],"inLanguage":"fi"}]}},"_links":{"self":[{"href":"https:\/\/usa-b2.com\/fi\/wp-json\/wp\/v2\/pages\/3885","targetHints":{"allow":["GET"]}}],"collection":[{"href":"https:\/\/usa-b2.com\/fi\/wp-json\/wp\/v2\/pages"}],"about":[{"href":"https:\/\/usa-b2.com\/fi\/wp-json\/wp\/v2\/types\/page"}],"author":[{"embeddable":true,"href":"https:\/\/usa-b2.com\/fi\/wp-json\/wp\/v2\/users\/1"}],"replies":[{"embeddable":true,"href":"https:\/\/usa-b2.com\/fi\/wp-json\/wp\/v2\/comments?post=3885"}],"version-history":[{"count":2,"href":"https:\/\/usa-b2.com\/fi\/wp-json\/wp\/v2\/pages\/3885\/revisions"}],"predecessor-version":[{"id":10903,"href":"https:\/\/usa-b2.com\/fi\/wp-json\/wp\/v2\/pages\/3885\/revisions\/10903"}],"wp:attachment":[{"href":"https:\/\/usa-b2.com\/fi\/wp-json\/wp\/v2\/media?parent=3885"}],"curies":[{"name":"wp","href":"https:\/\/api.w.org\/{rel}","templated":true}]}}