{"id":9712,"date":"2025-08-28T16:20:16","date_gmt":"2025-08-28T16:20:16","guid":{"rendered":"https:\/\/usa-b2.com\/visado-b1-b2-para-brasilenos\/"},"modified":"2025-09-13T07:42:20","modified_gmt":"2025-09-13T07:42:20","slug":"visado-b1-b2-para-brasilenos","status":"publish","type":"page","link":"https:\/\/usa-b2.com\/es\/visado-b1-b2-para-brasilenos\/","title":{"rendered":"Visado B1\/B2 para viajeros brasile\u00f1os"},"content":{"rendered":"\n<h1 class=\"wp-block-heading\">Visado B1\/B2 para brasile\u00f1os que viajan a Estados Unidos<\/h1>\n\n<p>El visado B1\/B2 para brasile\u00f1os es uno de los m\u00e1s populares entre los viajeros que se desplazan a Estados Unidos por turismo, negocios o visitas familiares. A diferencia de los nacionales de <a href=\"https:\/\/usa-b2.com\/es\/programa-de-exencion-de-visado\/\">determinados pa\u00edses que est\u00e1n exentos de la obligaci\u00f3n de visado<\/a> gracias al programa ESTA, los ciudadanos brasile\u00f1os est\u00e1n obligados a realizar este tr\u00e1mite. <\/p>\n\n<h2 class=\"wp-block-heading\">\u00bfQu\u00e9 es el visado B1\/B2?<\/h2>\n\n<p>El <a href=\"https:\/\/usa-b2.com\/es\/visa-b1-b2-ee-uu\/\">visado B1\/B2<\/a> es el documento m\u00e1s com\u00fanmente expedido a los ciudadanos brasile\u00f1os que desean viajar a Estados Unidos. Combina dos usos distintos en una \u00fanica autorizaci\u00f3n:   <\/p>\n\n<ul class=\"wp-block-list\">\n<li>El <a href=\"https:\/\/usa-b2.com\/es\/visado-b1-ee-uu\/\">visado B1<\/a> es para viajes de negocios. Te permite asistir a una conferencia, reunirte con socios o negociar un contrato. <\/li>\n\n\n\n<li>El visado <a href=\"https:\/\/usa-b2.com\/es\/visado-b2\/\">B2<\/a> est\u00e1 destinado al turismo, las vacaciones o las visitas familiares. Para muchos brasile\u00f1os, este visado representa la puerta de entrada a Estados Unidos, ya sea para descubrir el pa\u00eds, desarrollar un proyecto profesional o simplemente visitar a familiares. <\/li>\n<\/ul>\n\n<div style=\"height:10px\" aria-hidden=\"true\" class=\"wp-block-spacer\"><\/div>\n\n<h2 class=\"wp-block-heading\">Pasos para solicitar un visado B1\/B2 en Brasil<\/h2>\n\n<p>\u00c9stos son los principales pasos para solicitar un visado B1\/B2 en Brasil:<\/p>\n\n<ol class=\"wp-block-list\">\n<li>Rellena <a href=\"https:\/\/usa-b2.com\/es\/ds-160\/\">el formulario DS-160<\/a> en l\u00ednea.<\/li>\n\n\n\n<li>Paga la <a href=\"https:\/\/usa-b2.com\/es\/tasas-visado-b2\/\">tasa de visado<\/a> (aproximadamente 185 USD en 2025).<\/li>\n\n\n\n<li>Crea un perfil en el <a href=\"https:\/\/www.state.gov\/\">sitio web oficial del Departamento de Estado de EEUU<\/a>.<\/li>\n\n\n\n<li>Pide cita en el <a href=\"https:\/\/ais.usvisa-info.com\/pt-br\/niv\/information\/asc\">CASV<\/a> (Centro de Atendimento ao Solicitante de Visto).<\/li>\n\n\n\n<li>Asistir a una <a href=\"https:\/\/usa-b2.com\/es\/cita-visa-embajada-ee-uu\/\">entrevista en la embajada estadounidense<\/a> (S\u00e3o Paulo, R\u00edo de Janeiro, Brasilia, Recife). En esta entrevista, el funcionario consular evaluar\u00e1 si el solicitante tiene garant\u00edas de regresar a Brasil, como un empleo estable, lazos familiares s\u00f3lidos o pruebas de solvencia econ\u00f3mica. <\/li>\n\n\n\n<li>Recibe el visado y p\u00e9galo en tu <a href=\"https:\/\/usa-b2.com\/es\/pasaporte-viajar-estados-unidos\/\">pasaporte para viajar a EEUU<\/a>.<\/li>\n<\/ol>\n\n<div style=\"height:10px\" aria-hidden=\"true\" class=\"wp-block-spacer\"><\/div>\n\n<h2 class=\"wp-block-heading\">Documentos necesarios para solicitar un visado B1\/B2<\/h2>\n\n<ul class=\"wp-block-list\">\n<li>Pasaporte brasile\u00f1o v\u00e1lido.<\/li>\n\n\n\n<li>P\u00e1gina de confirmaci\u00f3n del DS-160.<\/li>\n\n\n\n<li>Confirmaci\u00f3n de la cita.<\/li>\n\n\n\n<li>La foto cumple los requisitos de EEUU.<\/li>\n\n\n\n<li>Documentos financieros (extractos bancarios, n\u00f3minas).<\/li>\n\n\n\n<li>Prueba de fuertes v\u00ednculos con Brasil (contrato de trabajo, propiedad, familia).<\/li>\n<\/ul>\n\n<div style=\"height:10px\" aria-hidden=\"true\" class=\"wp-block-spacer\"><\/div>\n\n<h2 class=\"wp-block-heading\">Validez y duraci\u00f3n del visado B1\/B2 para brasile\u00f1os<\/h2>\n\n<p>Una vez obtenido, el <a href=\"https:\/\/usa-b2.com\/es\/visa-b1-b2-ee-uu\/\">visado B1\/B2<\/a> suele tener una validez de diez a\u00f1os, lo que lo convierte en un documento muy pr\u00e1ctico para los viajeros frecuentes. Cada entrada en Estados Unidos te permite permanecer hasta seis meses, pero la duraci\u00f3n exacta la decide el funcionario de inmigraci\u00f3n a tu llegada. Por tanto, es importante que prepares tu viaje y puedas explicar claramente el motivo de tu estancia y cu\u00e1nto tiempo piensas quedarte.  <\/p>\n\n<h2 class=\"wp-block-heading\">FAQ &#8211; Visado B1\/B2 para brasile\u00f1os<\/h2>\n\n<div class=\"schema-faq wp-block-yoast-faq-block\"><div class=\"schema-faq-section\" id=\"faq-question-1757684919058\"><strong class=\"schema-faq-question\">\u00bfPuedo trabajar con un visado B1\/B2?<\/strong> <p class=\"schema-faq-answer\">No, este visado s\u00f3lo es v\u00e1lido para turismo y negocios no remunerados.<\/p> <\/div> <div class=\"schema-faq-section\" id=\"faq-question-1757684934633\"><strong class=\"schema-faq-question\">\u00bfTengo que hablar ingl\u00e9s en la entrevista?<\/strong> <p class=\"schema-faq-answer\">No, las entrevistas se realizan en portugu\u00e9s.<\/p> <\/div> <div class=\"schema-faq-section\" id=\"faq-question-1757684946100\"><strong class=\"schema-faq-question\">\u00bfCu\u00e1nto tiempo se tarda en obtener un visado?<\/strong> <p class=\"schema-faq-answer\">El plazo medio var\u00eda entre 2 y 6 semanas, dependiendo de la disponibilidad de citas.<\/p> <\/div> <\/div>\n","protected":false},"excerpt":{"rendered":"<p>Visado B1\/B2 para brasile\u00f1os que viajan a Estados Unidos El visado B1\/B2 para brasile\u00f1os es uno de los m\u00e1s populares entre los viajeros que se desplazan a Estados Unidos por turismo, negocios o visitas familiares. A diferencia de los nacionales de determinados pa\u00edses que est\u00e1n exentos de la obligaci\u00f3n de visado gracias al programa ESTA, [&hellip;]<\/p>\n","protected":false},"author":1,"featured_media":0,"parent":0,"menu_order":0,"comment_status":"closed","ping_status":"closed","template":"","meta":{"footnotes":""},"class_list":["post-9712","page","type-page","status-publish","hentry"],"yoast_head":"<!-- This site is optimized with the Yoast SEO plugin v27.4 - https:\/\/yoast.com\/product\/yoast-seo-wordpress\/ -->\n<title>Visado B1\/B2 para viajeros brasile\u00f1os - USA B2<\/title>\n<meta name=\"description\" content=\"Todo lo que necesitas saber sobre el visado B1\/B2 para viajeros brasile\u00f1os: tr\u00e1mites, entrevista, documentos y consejos pr\u00e1cticos.\" \/>\n<meta name=\"robots\" content=\"index, follow, max-snippet:-1, max-image-preview:large, max-video-preview:-1\" \/>\n<link rel=\"canonical\" href=\"https:\/\/usa-b2.com\/es\/visado-b1-b2-para-brasilenos\/\" \/>\n<meta property=\"og:locale\" content=\"es_ES\" \/>\n<meta property=\"og:type\" content=\"article\" \/>\n<meta property=\"og:title\" content=\"Visado B1\/B2 para viajeros brasile\u00f1os - USA B2\" \/>\n<meta property=\"og:description\" content=\"Todo lo que necesitas saber sobre el visado B1\/B2 para viajeros brasile\u00f1os: tr\u00e1mites, entrevista, documentos y consejos pr\u00e1cticos.\" \/>\n<meta property=\"og:url\" content=\"https:\/\/usa-b2.com\/es\/visado-b1-b2-para-brasilenos\/\" \/>\n<meta property=\"og:site_name\" content=\"USA B2\" \/>\n<meta property=\"article:modified_time\" content=\"2025-09-13T07:42:20+00:00\" \/>\n<meta name=\"twitter:card\" content=\"summary_large_image\" \/>\n<meta name=\"twitter:label1\" content=\"Tiempo de lectura\" \/>\n\t<meta name=\"twitter:data1\" content=\"3 minutos\" \/>\n<script type=\"application\/ld+json\" class=\"yoast-schema-graph\">{\"@context\":\"https:\\\/\\\/schema.org\",\"@graph\":[{\"@type\":[\"WebPage\",\"FAQPage\"],\"@id\":\"https:\\\/\\\/usa-b2.com\\\/es\\\/visado-b1-b2-para-brasilenos\\\/\",\"url\":\"https:\\\/\\\/usa-b2.com\\\/es\\\/visado-b1-b2-para-brasilenos\\\/\",\"name\":\"Visado B1\\\/B2 para viajeros brasile\u00f1os - USA B2\",\"isPartOf\":{\"@id\":\"https:\\\/\\\/usa-b2.com\\\/es\\\/#website\"},\"datePublished\":\"2025-08-28T16:20:16+00:00\",\"dateModified\":\"2025-09-13T07:42:20+00:00\",\"description\":\"Todo lo que necesitas saber sobre el visado B1\\\/B2 para viajeros brasile\u00f1os: tr\u00e1mites, entrevista, documentos y consejos pr\u00e1cticos.\",\"breadcrumb\":{\"@id\":\"https:\\\/\\\/usa-b2.com\\\/es\\\/visado-b1-b2-para-brasilenos\\\/#breadcrumb\"},\"mainEntity\":[{\"@id\":\"https:\\\/\\\/usa-b2.com\\\/es\\\/visado-b1-b2-para-brasilenos\\\/#faq-question-1757684919058\"},{\"@id\":\"https:\\\/\\\/usa-b2.com\\\/es\\\/visado-b1-b2-para-brasilenos\\\/#faq-question-1757684934633\"},{\"@id\":\"https:\\\/\\\/usa-b2.com\\\/es\\\/visado-b1-b2-para-brasilenos\\\/#faq-question-1757684946100\"}],\"inLanguage\":\"es\",\"potentialAction\":[{\"@type\":\"ReadAction\",\"target\":[\"https:\\\/\\\/usa-b2.com\\\/es\\\/visado-b1-b2-para-brasilenos\\\/\"]}]},{\"@type\":\"BreadcrumbList\",\"@id\":\"https:\\\/\\\/usa-b2.com\\\/es\\\/visado-b1-b2-para-brasilenos\\\/#breadcrumb\",\"itemListElement\":[{\"@type\":\"ListItem\",\"position\":1,\"name\":\"Accueil\",\"item\":\"https:\\\/\\\/usa-b2.com\\\/es\\\/ee-uu\\\/\"},{\"@type\":\"ListItem\",\"position\":2,\"name\":\"Visado B1\\\/B2 para viajeros brasile\u00f1os\"}]},{\"@type\":\"WebSite\",\"@id\":\"https:\\\/\\\/usa-b2.com\\\/es\\\/#website\",\"url\":\"https:\\\/\\\/usa-b2.com\\\/es\\\/\",\"name\":\"USA B2 VISA\",\"description\":\"\",\"potentialAction\":[{\"@type\":\"SearchAction\",\"target\":{\"@type\":\"EntryPoint\",\"urlTemplate\":\"https:\\\/\\\/usa-b2.com\\\/es\\\/?s={search_term_string}\"},\"query-input\":{\"@type\":\"PropertyValueSpecification\",\"valueRequired\":true,\"valueName\":\"search_term_string\"}}],\"inLanguage\":\"es\"},{\"@type\":\"Question\",\"@id\":\"https:\\\/\\\/usa-b2.com\\\/es\\\/visado-b1-b2-para-brasilenos\\\/#faq-question-1757684919058\",\"position\":1,\"url\":\"https:\\\/\\\/usa-b2.com\\\/es\\\/visado-b1-b2-para-brasilenos\\\/#faq-question-1757684919058\",\"name\":\"\u00bfPuedo trabajar con un visado B1\\\/B2?\",\"answerCount\":1,\"acceptedAnswer\":{\"@type\":\"Answer\",\"text\":\"No, este visado s\u00f3lo es v\u00e1lido para turismo y negocios no remunerados.\",\"inLanguage\":\"es\"},\"inLanguage\":\"es\"},{\"@type\":\"Question\",\"@id\":\"https:\\\/\\\/usa-b2.com\\\/es\\\/visado-b1-b2-para-brasilenos\\\/#faq-question-1757684934633\",\"position\":2,\"url\":\"https:\\\/\\\/usa-b2.com\\\/es\\\/visado-b1-b2-para-brasilenos\\\/#faq-question-1757684934633\",\"name\":\"\u00bfTengo que hablar ingl\u00e9s en la entrevista?\",\"answerCount\":1,\"acceptedAnswer\":{\"@type\":\"Answer\",\"text\":\"No, las entrevistas se realizan en portugu\u00e9s.\",\"inLanguage\":\"es\"},\"inLanguage\":\"es\"},{\"@type\":\"Question\",\"@id\":\"https:\\\/\\\/usa-b2.com\\\/es\\\/visado-b1-b2-para-brasilenos\\\/#faq-question-1757684946100\",\"position\":3,\"url\":\"https:\\\/\\\/usa-b2.com\\\/es\\\/visado-b1-b2-para-brasilenos\\\/#faq-question-1757684946100\",\"name\":\"\u00bfCu\u00e1nto tiempo se tarda en obtener un visado?\",\"answerCount\":1,\"acceptedAnswer\":{\"@type\":\"Answer\",\"text\":\"El plazo medio var\u00eda entre 2 y 6 semanas, dependiendo de la disponibilidad de citas.\",\"inLanguage\":\"es\"},\"inLanguage\":\"es\"}]}<\/script>\n<!-- \/ Yoast SEO plugin. -->","yoast_head_json":{"title":"Visado B1\/B2 para viajeros brasile\u00f1os - USA B2","description":"Todo lo que necesitas saber sobre el visado B1\/B2 para viajeros brasile\u00f1os: tr\u00e1mites, entrevista, documentos y consejos pr\u00e1cticos.","robots":{"index":"index","follow":"follow","max-snippet":"max-snippet:-1","max-image-preview":"max-image-preview:large","max-video-preview":"max-video-preview:-1"},"canonical":"https:\/\/usa-b2.com\/es\/visado-b1-b2-para-brasilenos\/","og_locale":"es_ES","og_type":"article","og_title":"Visado B1\/B2 para viajeros brasile\u00f1os - USA B2","og_description":"Todo lo que necesitas saber sobre el visado B1\/B2 para viajeros brasile\u00f1os: tr\u00e1mites, entrevista, documentos y consejos pr\u00e1cticos.","og_url":"https:\/\/usa-b2.com\/es\/visado-b1-b2-para-brasilenos\/","og_site_name":"USA B2","article_modified_time":"2025-09-13T07:42:20+00:00","twitter_card":"summary_large_image","twitter_misc":{"Tiempo de lectura":"3 minutos"},"schema":{"@context":"https:\/\/schema.org","@graph":[{"@type":["WebPage","FAQPage"],"@id":"https:\/\/usa-b2.com\/es\/visado-b1-b2-para-brasilenos\/","url":"https:\/\/usa-b2.com\/es\/visado-b1-b2-para-brasilenos\/","name":"Visado B1\/B2 para viajeros brasile\u00f1os - USA B2","isPartOf":{"@id":"https:\/\/usa-b2.com\/es\/#website"},"datePublished":"2025-08-28T16:20:16+00:00","dateModified":"2025-09-13T07:42:20+00:00","description":"Todo lo que necesitas saber sobre el visado B1\/B2 para viajeros brasile\u00f1os: tr\u00e1mites, entrevista, documentos y consejos pr\u00e1cticos.","breadcrumb":{"@id":"https:\/\/usa-b2.com\/es\/visado-b1-b2-para-brasilenos\/#breadcrumb"},"mainEntity":[{"@id":"https:\/\/usa-b2.com\/es\/visado-b1-b2-para-brasilenos\/#faq-question-1757684919058"},{"@id":"https:\/\/usa-b2.com\/es\/visado-b1-b2-para-brasilenos\/#faq-question-1757684934633"},{"@id":"https:\/\/usa-b2.com\/es\/visado-b1-b2-para-brasilenos\/#faq-question-1757684946100"}],"inLanguage":"es","potentialAction":[{"@type":"ReadAction","target":["https:\/\/usa-b2.com\/es\/visado-b1-b2-para-brasilenos\/"]}]},{"@type":"BreadcrumbList","@id":"https:\/\/usa-b2.com\/es\/visado-b1-b2-para-brasilenos\/#breadcrumb","itemListElement":[{"@type":"ListItem","position":1,"name":"Accueil","item":"https:\/\/usa-b2.com\/es\/ee-uu\/"},{"@type":"ListItem","position":2,"name":"Visado B1\/B2 para viajeros brasile\u00f1os"}]},{"@type":"WebSite","@id":"https:\/\/usa-b2.com\/es\/#website","url":"https:\/\/usa-b2.com\/es\/","name":"USA B2 VISA","description":"","potentialAction":[{"@type":"SearchAction","target":{"@type":"EntryPoint","urlTemplate":"https:\/\/usa-b2.com\/es\/?s={search_term_string}"},"query-input":{"@type":"PropertyValueSpecification","valueRequired":true,"valueName":"search_term_string"}}],"inLanguage":"es"},{"@type":"Question","@id":"https:\/\/usa-b2.com\/es\/visado-b1-b2-para-brasilenos\/#faq-question-1757684919058","position":1,"url":"https:\/\/usa-b2.com\/es\/visado-b1-b2-para-brasilenos\/#faq-question-1757684919058","name":"\u00bfPuedo trabajar con un visado B1\/B2?","answerCount":1,"acceptedAnswer":{"@type":"Answer","text":"No, este visado s\u00f3lo es v\u00e1lido para turismo y negocios no remunerados.","inLanguage":"es"},"inLanguage":"es"},{"@type":"Question","@id":"https:\/\/usa-b2.com\/es\/visado-b1-b2-para-brasilenos\/#faq-question-1757684934633","position":2,"url":"https:\/\/usa-b2.com\/es\/visado-b1-b2-para-brasilenos\/#faq-question-1757684934633","name":"\u00bfTengo que hablar ingl\u00e9s en la entrevista?","answerCount":1,"acceptedAnswer":{"@type":"Answer","text":"No, las entrevistas se realizan en portugu\u00e9s.","inLanguage":"es"},"inLanguage":"es"},{"@type":"Question","@id":"https:\/\/usa-b2.com\/es\/visado-b1-b2-para-brasilenos\/#faq-question-1757684946100","position":3,"url":"https:\/\/usa-b2.com\/es\/visado-b1-b2-para-brasilenos\/#faq-question-1757684946100","name":"\u00bfCu\u00e1nto tiempo se tarda en obtener un visado?","answerCount":1,"acceptedAnswer":{"@type":"Answer","text":"El plazo medio var\u00eda entre 2 y 6 semanas, dependiendo de la disponibilidad de citas.","inLanguage":"es"},"inLanguage":"es"}]}},"_links":{"self":[{"href":"https:\/\/usa-b2.com\/es\/wp-json\/wp\/v2\/pages\/9712","targetHints":{"allow":["GET"]}}],"collection":[{"href":"https:\/\/usa-b2.com\/es\/wp-json\/wp\/v2\/pages"}],"about":[{"href":"https:\/\/usa-b2.com\/es\/wp-json\/wp\/v2\/types\/page"}],"author":[{"embeddable":true,"href":"https:\/\/usa-b2.com\/es\/wp-json\/wp\/v2\/users\/1"}],"replies":[{"embeddable":true,"href":"https:\/\/usa-b2.com\/es\/wp-json\/wp\/v2\/comments?post=9712"}],"version-history":[{"count":1,"href":"https:\/\/usa-b2.com\/es\/wp-json\/wp\/v2\/pages\/9712\/revisions"}],"predecessor-version":[{"id":9713,"href":"https:\/\/usa-b2.com\/es\/wp-json\/wp\/v2\/pages\/9712\/revisions\/9713"}],"wp:attachment":[{"href":"https:\/\/usa-b2.com\/es\/wp-json\/wp\/v2\/media?parent=9712"}],"curies":[{"name":"wp","href":"https:\/\/api.w.org\/{rel}","templated":true}]}}