{"id":9640,"date":"2025-08-16T10:09:01","date_gmt":"2025-08-16T10:09:01","guid":{"rendered":"https:\/\/usa-b2.com\/visado-b2-para-mexicano\/"},"modified":"2025-08-18T09:46:06","modified_gmt":"2025-08-18T09:46:06","slug":"visado-b2-para-mexicano","status":"publish","type":"page","link":"https:\/\/usa-b2.com\/es\/visado-b2-para-mexicano\/","title":{"rendered":"Obtener un visado B2 para un mexicano"},"content":{"rendered":"\n<h1 class=\"wp-block-heading\">C\u00f3mo obtener un visado B2 de M\u00e9xico<\/h1>\n\n<h2 class=\"wp-block-heading\">\u00bfQu\u00e9 es el visado estadounidense B2?<\/h2>\n\n<p>El <strong>visado B2<\/strong> es un <a href=\"https:\/\/usa-b2.com\/es\/visado-visitante-ee-uu\/\">visado de visitante<\/a> para personas que desean entrar en Estados Unidos para :<\/p>\n\n<ul class=\"wp-block-list\">\n<li>Turismo (vacaciones, explorar ciudades americanas, parques nacionales, etc.)<\/li>\n\n\n\n<li>Visita a familiares o amigos<\/li>\n\n\n\n<li>Recibir atenci\u00f3n m\u00e9dica<\/li>\n\n\n\n<li>Participar en actos sociales o culturales (conciertos, conferencias, bodas, etc.)<\/li>\n<\/ul>\n\n<p>\u26a0\ufe0f Atenci\u00f3n: el visado B2 <strong>no te autoriza a trabajar ni a estudiar<\/strong> en Estados Unidos.<\/p>\n\n<h2 class=\"wp-block-heading\">Requisitos para los ciudadanos mexicanos<\/h2>\n\n<p>Para obtener un visado B2, el solicitante mexicano debe demostrar :<\/p>\n\n<ol class=\"wp-block-list\">\n<li>La intenci\u00f3n de regresar a M\u00e9xico al final del viaje.<\/li>\n\n\n\n<li>Estar en posesi\u00f3n de un pasaporte mexicano v\u00e1lido, con una vigencia m\u00ednima de seis meses despu\u00e9s de la fecha prevista de salida de EE.UU.<\/li>\n\n\n\n<li>Una estancia temporal, justificada por un itinerario, una invitaci\u00f3n o una reserva.<\/li>\n\n\n\n<li>V\u00ednculos fuertes en M\u00e9xico, como un trabajo, un negocio, una propiedad o lazos familiares.<\/li>\n\n\n\n<li>Recursos econ\u00f3micos suficientes para cubrir los gastos de la estancia.<\/li>\n<\/ol>\n\n<div style=\"height:10px\" aria-hidden=\"true\" class=\"wp-block-spacer\"><\/div>\n\n<h2 class=\"wp-block-heading\">El procedimiento de solicitud paso a paso<\/h2>\n\n<ol class=\"wp-block-list\">\n<li>Cumplimenta <a href=\"https:\/\/usa-b2.com\/es\/ds-160\/\">el formulario DS-160<\/a> en el sitio web oficial del Departamento de Estado de EEUU. El formulario se rellena en l\u00ednea, y debes subir una foto reciente en el formato requerido. <\/li>\n\n\n\n<li>Paga la <a href=\"https:\/\/usa-b2.com\/es\/tasas-visado-b2\/\">tasa de visado<\/a>. La tasa del visado B2 es de <strong>185 USD<\/strong> y no es reembolsable. El pago se realiza por Internet o en un centro autorizado.  <\/li>\n\n\n\n<li>Programa una <a href=\"https:\/\/usa-b2.com\/es\/cita-visa-embajada-ee-uu\/\">cita en la p\u00e1gina web de la Embajada de Estados Unidos<\/a> en M\u00e9xico. Tendr\u00e1s que acudir <strong>al CAS (Centro de Atenci\u00f3n a Solicitantes)<\/strong> para que te tomen huellas dactilares y fotos. Despu\u00e9s podr\u00e1s concertar una cita en la Embajada o Consulado (Ciudad de M\u00e9xico, Monterrey, Guadalajara, Tijuana, etc.).  <\/li>\n\n\n\n<li>Supera la entrevista consular. Tendr\u00e1s que llevar tu <strong>pasaporte<\/strong>, <strong>la confirmaci\u00f3n DS-160<\/strong>, el <strong>recibo de pago<\/strong> y cualquier documento que demuestre tus v\u00ednculos con M\u00e9xico. El funcionario consular te har\u00e1 preguntas sobre tus ingresos, empleo, familia y planes de viaje.  <\/li>\n\n\n\n<li>Recoge tu visado. Si es aceptado, tu <strong>visado B2<\/strong> se pegar\u00e1 en tu pasaporte. <\/li>\n<\/ol>\n\n<div style=\"height:10px\" aria-hidden=\"true\" class=\"wp-block-spacer\"><\/div>\n\n<h2 class=\"wp-block-heading\">Consejos para maximizar tus posibilidades de obtener<\/h2>\n\n<ul class=\"wp-block-list\">\n<li><strong>S\u00e9 sincero y claro<\/strong> durante la entrevista.<\/li>\n\n\n\n<li>Prepara <strong>pruebas de tu regreso a M\u00e9xico<\/strong> (contrato de trabajo, inscripci\u00f3n escolar, escrituras de propiedad).<\/li>\n\n\n\n<li>Evita dar la impresi\u00f3n de que quieres permanecer ilegalmente en Estados Unidos.<\/li>\n\n\n\n<li>Presenta un <strong>itinerario de viaje realista<\/strong> (billetes, reservas, invitaci\u00f3n familiar si procede).<\/li>\n<\/ul>\n\n<p><\/p>\n","protected":false},"excerpt":{"rendered":"<p>C\u00f3mo obtener un visado B2 de M\u00e9xico \u00bfQu\u00e9 es el visado estadounidense B2? El visado B2 es un visado de visitante para personas que desean entrar en Estados Unidos para : \u26a0\ufe0f Atenci\u00f3n: el visado B2 no te autoriza a trabajar ni a estudiar en Estados Unidos. Requisitos para los ciudadanos mexicanos Para obtener un [&hellip;]<\/p>\n","protected":false},"author":1,"featured_media":0,"parent":0,"menu_order":0,"comment_status":"closed","ping_status":"closed","template":"","meta":{"footnotes":""},"class_list":["post-9640","page","type-page","status-publish","hentry"],"yoast_head":"<!-- This site is optimized with the Yoast SEO plugin v27.0 - https:\/\/yoast.com\/product\/yoast-seo-wordpress\/ -->\n<title>Obtener un visado B2 para un mexicano - USA B2<\/title>\n<meta name=\"description\" content=\"Procedimiento legal y condiciones para obtener un visado B2 de EE.UU. como ciudadano mexicano: elegibilidad, procedimientos, costes y plazos.\" \/>\n<meta name=\"robots\" content=\"index, follow, max-snippet:-1, max-image-preview:large, max-video-preview:-1\" \/>\n<link rel=\"canonical\" href=\"https:\/\/usa-b2.com\/es\/visado-b2-para-mexicano\/\" \/>\n<meta property=\"og:locale\" content=\"es_ES\" \/>\n<meta property=\"og:type\" content=\"article\" \/>\n<meta property=\"og:title\" content=\"Obtener un visado B2 para un mexicano - USA B2\" \/>\n<meta property=\"og:description\" content=\"Procedimiento legal y condiciones para obtener un visado B2 de EE.UU. como ciudadano mexicano: elegibilidad, procedimientos, costes y plazos.\" \/>\n<meta property=\"og:url\" content=\"https:\/\/usa-b2.com\/es\/visado-b2-para-mexicano\/\" \/>\n<meta property=\"og:site_name\" content=\"USA B2\" \/>\n<meta property=\"article:modified_time\" content=\"2025-08-18T09:46:06+00:00\" \/>\n<meta name=\"twitter:card\" content=\"summary_large_image\" \/>\n<meta name=\"twitter:label1\" content=\"Tiempo de lectura\" \/>\n\t<meta name=\"twitter:data1\" content=\"2 minutos\" \/>\n<script type=\"application\/ld+json\" class=\"yoast-schema-graph\">{\"@context\":\"https:\/\/schema.org\",\"@graph\":[{\"@type\":\"WebPage\",\"@id\":\"https:\/\/usa-b2.com\/es\/visado-b2-para-mexicano\/\",\"url\":\"https:\/\/usa-b2.com\/es\/visado-b2-para-mexicano\/\",\"name\":\"Obtener un visado B2 para un mexicano - USA B2\",\"isPartOf\":{\"@id\":\"https:\/\/usa-b2.com\/es\/#website\"},\"datePublished\":\"2025-08-16T10:09:01+00:00\",\"dateModified\":\"2025-08-18T09:46:06+00:00\",\"description\":\"Procedimiento legal y condiciones para obtener un visado B2 de EE.UU. como ciudadano mexicano: elegibilidad, procedimientos, costes y plazos.\",\"breadcrumb\":{\"@id\":\"https:\/\/usa-b2.com\/es\/visado-b2-para-mexicano\/#breadcrumb\"},\"inLanguage\":\"es\",\"potentialAction\":[{\"@type\":\"ReadAction\",\"target\":[\"https:\/\/usa-b2.com\/es\/visado-b2-para-mexicano\/\"]}]},{\"@type\":\"BreadcrumbList\",\"@id\":\"https:\/\/usa-b2.com\/es\/visado-b2-para-mexicano\/#breadcrumb\",\"itemListElement\":[{\"@type\":\"ListItem\",\"position\":1,\"name\":\"Accueil\",\"item\":\"https:\/\/usa-b2.com\/es\/roadtrips-ee-uu\/\"},{\"@type\":\"ListItem\",\"position\":2,\"name\":\"Obtener un visado B2 para un mexicano\"}]},{\"@type\":\"WebSite\",\"@id\":\"https:\/\/usa-b2.com\/es\/#website\",\"url\":\"https:\/\/usa-b2.com\/es\/\",\"name\":\"USA B2 VISA\",\"description\":\"\",\"potentialAction\":[{\"@type\":\"SearchAction\",\"target\":{\"@type\":\"EntryPoint\",\"urlTemplate\":\"https:\/\/usa-b2.com\/es\/?s={search_term_string}\"},\"query-input\":{\"@type\":\"PropertyValueSpecification\",\"valueRequired\":true,\"valueName\":\"search_term_string\"}}],\"inLanguage\":\"es\"}]}<\/script>\n<!-- \/ Yoast SEO plugin. -->","yoast_head_json":{"title":"Obtener un visado B2 para un mexicano - USA B2","description":"Procedimiento legal y condiciones para obtener un visado B2 de EE.UU. como ciudadano mexicano: elegibilidad, procedimientos, costes y plazos.","robots":{"index":"index","follow":"follow","max-snippet":"max-snippet:-1","max-image-preview":"max-image-preview:large","max-video-preview":"max-video-preview:-1"},"canonical":"https:\/\/usa-b2.com\/es\/visado-b2-para-mexicano\/","og_locale":"es_ES","og_type":"article","og_title":"Obtener un visado B2 para un mexicano - USA B2","og_description":"Procedimiento legal y condiciones para obtener un visado B2 de EE.UU. como ciudadano mexicano: elegibilidad, procedimientos, costes y plazos.","og_url":"https:\/\/usa-b2.com\/es\/visado-b2-para-mexicano\/","og_site_name":"USA B2","article_modified_time":"2025-08-18T09:46:06+00:00","twitter_card":"summary_large_image","twitter_misc":{"Tiempo de lectura":"2 minutos"},"schema":{"@context":"https:\/\/schema.org","@graph":[{"@type":"WebPage","@id":"https:\/\/usa-b2.com\/es\/visado-b2-para-mexicano\/","url":"https:\/\/usa-b2.com\/es\/visado-b2-para-mexicano\/","name":"Obtener un visado B2 para un mexicano - USA B2","isPartOf":{"@id":"https:\/\/usa-b2.com\/es\/#website"},"datePublished":"2025-08-16T10:09:01+00:00","dateModified":"2025-08-18T09:46:06+00:00","description":"Procedimiento legal y condiciones para obtener un visado B2 de EE.UU. como ciudadano mexicano: elegibilidad, procedimientos, costes y plazos.","breadcrumb":{"@id":"https:\/\/usa-b2.com\/es\/visado-b2-para-mexicano\/#breadcrumb"},"inLanguage":"es","potentialAction":[{"@type":"ReadAction","target":["https:\/\/usa-b2.com\/es\/visado-b2-para-mexicano\/"]}]},{"@type":"BreadcrumbList","@id":"https:\/\/usa-b2.com\/es\/visado-b2-para-mexicano\/#breadcrumb","itemListElement":[{"@type":"ListItem","position":1,"name":"Accueil","item":"https:\/\/usa-b2.com\/es\/roadtrips-ee-uu\/"},{"@type":"ListItem","position":2,"name":"Obtener un visado B2 para un mexicano"}]},{"@type":"WebSite","@id":"https:\/\/usa-b2.com\/es\/#website","url":"https:\/\/usa-b2.com\/es\/","name":"USA B2 VISA","description":"","potentialAction":[{"@type":"SearchAction","target":{"@type":"EntryPoint","urlTemplate":"https:\/\/usa-b2.com\/es\/?s={search_term_string}"},"query-input":{"@type":"PropertyValueSpecification","valueRequired":true,"valueName":"search_term_string"}}],"inLanguage":"es"}]}},"_links":{"self":[{"href":"https:\/\/usa-b2.com\/es\/wp-json\/wp\/v2\/pages\/9640","targetHints":{"allow":["GET"]}}],"collection":[{"href":"https:\/\/usa-b2.com\/es\/wp-json\/wp\/v2\/pages"}],"about":[{"href":"https:\/\/usa-b2.com\/es\/wp-json\/wp\/v2\/types\/page"}],"author":[{"embeddable":true,"href":"https:\/\/usa-b2.com\/es\/wp-json\/wp\/v2\/users\/1"}],"replies":[{"embeddable":true,"href":"https:\/\/usa-b2.com\/es\/wp-json\/wp\/v2\/comments?post=9640"}],"version-history":[{"count":1,"href":"https:\/\/usa-b2.com\/es\/wp-json\/wp\/v2\/pages\/9640\/revisions"}],"predecessor-version":[{"id":9641,"href":"https:\/\/usa-b2.com\/es\/wp-json\/wp\/v2\/pages\/9640\/revisions\/9641"}],"wp:attachment":[{"href":"https:\/\/usa-b2.com\/es\/wp-json\/wp\/v2\/media?parent=9640"}],"curies":[{"name":"wp","href":"https:\/\/api.w.org\/{rel}","templated":true}]}}