{"id":9350,"date":"2025-06-06T07:37:34","date_gmt":"2025-06-06T07:37:34","guid":{"rendered":"https:\/\/usa-b2.com\/visa-b2-para-alemanes\/"},"modified":"2025-06-09T18:40:27","modified_gmt":"2025-06-09T18:40:27","slug":"visa-b2-para-alemanes","status":"publish","type":"page","link":"https:\/\/usa-b2.com\/es\/visa-b2-para-alemanes\/","title":{"rendered":"Obtener un visado B2 para un alem\u00e1n"},"content":{"rendered":"\n<h1 class=\"wp-block-heading\">Solicitar un visado B2 para EE.UU. desde Alemania<\/h1>\n\n<p>\u00bfEres <strong>ciudadano alem\u00e1n<\/strong> y est\u00e1s planeando unas vacaciones en Estados Unidos? Si vas para m\u00e1s de 90 d\u00edas o si no puedes utilizar el ESTA, el <strong>visado B2 USA para alemanes<\/strong> es la soluci\u00f3n ideal. <\/p>\n\n<h3 class=\"wp-block-heading\">\u00bfQu\u00e9 es un visado B2?<\/h3>\n\n<p>El <strong>visado B2<\/strong> es un <a href=\"https:\/\/usa-b2.com\/es\/visado-visitante-ee-uu\/\">visado de visitante<\/a> no inmigrante para Estados Unidos, destinado a estancias temporales de :<\/p>\n\n<ul class=\"wp-block-list\">\n<li><strong>Turismo<\/strong> o vacaciones<\/li>\n\n\n\n<li><strong>Visita familiar o amistosa<\/strong><\/li>\n\n\n\n<li><strong>Asistencia m\u00e9dica en Estados Unidos<\/strong><\/li>\n<\/ul>\n\n<div style=\"height:10px\" aria-hidden=\"true\" class=\"wp-block-spacer\"><\/div>\n\n<h3 class=\"wp-block-heading\">\u00bfNecesitan los ciudadanos alemanes un visado B2?<\/h3>\n\n<p>No, <strong>no necesariamente<\/strong>.<br \/>Los alemanes pueden cumplimentar el <a href=\"https:\/\/usa-b2.com\/es\/formulario-esta-en-linea\/\">formulario ESTA online<\/a> para estancias <strong>inferiores a 90 d\u00edas<\/strong>. Alemania es miembro del <a href=\"https:\/\/usa-b2.com\/es\/visa-waiver-program\/\">Programa de Exenci\u00f3n de Visado<\/a>. <\/p>\n\n<p>Sin embargo, en los siguientes casos, el <strong>visado estadounidense B2<\/strong> es recomendable o incluso obligatorio para un alem\u00e1n:<\/p>\n\n<ul class=\"wp-block-list\">\n<li>Has <strong>superado la duraci\u00f3n de estancia autorizada<\/strong> en el pasado<\/li>\n\n\n\n<li>Te han <strong>denegado el ESTA<\/strong><\/li>\n\n\n\n<li>Deseas <strong>permanecer m\u00e1s de 90 d\u00edas<\/strong><\/li>\n\n\n\n<li>Tienes antecedentes penales o circunstancias especiales<\/li>\n<\/ul>\n\n<div style=\"height:10px\" aria-hidden=\"true\" class=\"wp-block-spacer\"><\/div>\n\n<h3 class=\"wp-block-heading\">Pasos para obtener un visado B2 de Alemania<\/h3>\n\n<ol class=\"wp-block-list\">\n<li>Cumplimentar <a href=\"https:\/\/usa-b2.com\/es\/ds-160\/\">el formulario DS-160<\/a><\/li>\n\n\n\n<li>Pagar <a href=\"https:\/\/usa-b2.com\/es\/tasas-visado-b2\/\">la tasa del visado B2<\/a><\/li>\n\n\n\n<li><a href=\"https:\/\/usa-b2.com\/es\/cita-visa-embajada-ee-uu\/\">Pide cita en la embajada<\/a> en Alemania<\/li>\n\n\n\n<li>Presenta tus documentos (pasaporte, justificantes, prueba de retorno)<\/li>\n\n\n\n<li>Superar la entrevista consular<\/li>\n<\/ol>\n\n<div style=\"height:10px\" aria-hidden=\"true\" class=\"wp-block-spacer\"><\/div>\n\n<h3 class=\"wp-block-heading\">\u00bfD\u00f3nde puedo ir a una entrevista en Alemania?<\/h3>\n\n<ul class=\"wp-block-list\">\n<li><a href=\"https:\/\/usa-b2.com\/es\/embajada-de-los-estados-unidos\/\">Embajada de Estados Unidos<\/a> en Berl\u00edn<\/li>\n\n\n\n<li>Consulado en Fr\u00e1ncfort o M\u00fanich<\/li>\n<\/ul>\n\n<h3 class=\"wp-block-heading\">Duraci\u00f3n y validez<\/h3>\n\n<ul class=\"wp-block-list\">\n<li>El visado B2 puede ser <strong>v\u00e1lido hasta 10 a\u00f1os<\/strong><\/li>\n\n\n\n<li>Cada entrada autoriza una estancia <strong>m\u00e1xima de 6 meses<\/strong><\/li>\n<\/ul>\n\n<h2 class=\"wp-block-heading\">PREGUNTAS FRECUENTES<\/h2>\n\n<div class=\"schema-faq wp-block-yoast-faq-block\"><div class=\"schema-faq-section\" id=\"faq-question-1749195650019\"><strong class=\"schema-faq-question\"><strong>\u00bfEl visado B2 sustituye al ESTA?<\/strong><\/strong> <p class=\"schema-faq-answer\">No. Es una alternativa m\u00e1s completa, \u00fatil en caso de <strong>rechazo o de estancia prolongada<\/strong>.<\/p> <\/div> <div class=\"schema-faq-section\" id=\"faq-question-1749195662823\"><strong class=\"schema-faq-question\"><strong>\u00bfPuedo viajar con mi familia?<\/strong><\/strong> <p class=\"schema-faq-answer\">S\u00ed, cada miembro debe presentar su propia solicitud.<\/p> <\/div> <\/div>\n","protected":false},"excerpt":{"rendered":"<p>Solicitar un visado B2 para EE.UU. desde Alemania \u00bfEres ciudadano alem\u00e1n y est\u00e1s planeando unas vacaciones en Estados Unidos? Si vas para m\u00e1s de 90 d\u00edas o si no puedes utilizar el ESTA, el visado B2 USA para alemanes es la soluci\u00f3n ideal. \u00bfQu\u00e9 es un visado B2? El visado B2 es un visado de [&hellip;]<\/p>\n","protected":false},"author":1,"featured_media":0,"parent":0,"menu_order":0,"comment_status":"closed","ping_status":"closed","template":"","meta":{"footnotes":""},"class_list":["post-9350","page","type-page","status-publish","hentry"],"yoast_head":"<!-- This site is optimized with the Yoast SEO plugin v27.4 - https:\/\/yoast.com\/product\/yoast-seo-wordpress\/ -->\n<title>Obtener un visado B2 para un alem\u00e1n - USA B2<\/title>\n<meta name=\"description\" content=\"Los ciudadanos alemanes pueden solicitar un visado B2 para Estados Unidos para una estancia tur\u00edstica de m\u00e1s de 90 d\u00edas.\" \/>\n<meta name=\"robots\" content=\"index, follow, max-snippet:-1, max-image-preview:large, max-video-preview:-1\" \/>\n<link rel=\"canonical\" href=\"https:\/\/usa-b2.com\/es\/visa-b2-para-alemanes\/\" \/>\n<meta property=\"og:locale\" content=\"es_ES\" \/>\n<meta property=\"og:type\" content=\"article\" \/>\n<meta property=\"og:title\" content=\"Obtener un visado B2 para un alem\u00e1n - USA B2\" \/>\n<meta property=\"og:description\" content=\"Los ciudadanos alemanes pueden solicitar un visado B2 para Estados Unidos para una estancia tur\u00edstica de m\u00e1s de 90 d\u00edas.\" \/>\n<meta property=\"og:url\" content=\"https:\/\/usa-b2.com\/es\/visa-b2-para-alemanes\/\" \/>\n<meta property=\"og:site_name\" content=\"USA B2\" \/>\n<meta property=\"article:modified_time\" content=\"2025-06-09T18:40:27+00:00\" \/>\n<meta name=\"twitter:card\" content=\"summary_large_image\" \/>\n<meta name=\"twitter:label1\" content=\"Tiempo de lectura\" \/>\n\t<meta name=\"twitter:data1\" content=\"1 minuto\" \/>\n<script type=\"application\/ld+json\" class=\"yoast-schema-graph\">{\"@context\":\"https:\\\/\\\/schema.org\",\"@graph\":[{\"@type\":[\"WebPage\",\"FAQPage\"],\"@id\":\"https:\\\/\\\/usa-b2.com\\\/es\\\/visa-b2-para-alemanes\\\/\",\"url\":\"https:\\\/\\\/usa-b2.com\\\/es\\\/visa-b2-para-alemanes\\\/\",\"name\":\"Obtener un visado B2 para un alem\u00e1n - USA B2\",\"isPartOf\":{\"@id\":\"https:\\\/\\\/usa-b2.com\\\/es\\\/#website\"},\"datePublished\":\"2025-06-06T07:37:34+00:00\",\"dateModified\":\"2025-06-09T18:40:27+00:00\",\"description\":\"Los ciudadanos alemanes pueden solicitar un visado B2 para Estados Unidos para una estancia tur\u00edstica de m\u00e1s de 90 d\u00edas.\",\"breadcrumb\":{\"@id\":\"https:\\\/\\\/usa-b2.com\\\/es\\\/visa-b2-para-alemanes\\\/#breadcrumb\"},\"mainEntity\":[{\"@id\":\"https:\\\/\\\/usa-b2.com\\\/es\\\/visa-b2-para-alemanes\\\/#faq-question-1749195650019\"},{\"@id\":\"https:\\\/\\\/usa-b2.com\\\/es\\\/visa-b2-para-alemanes\\\/#faq-question-1749195662823\"}],\"inLanguage\":\"es\",\"potentialAction\":[{\"@type\":\"ReadAction\",\"target\":[\"https:\\\/\\\/usa-b2.com\\\/es\\\/visa-b2-para-alemanes\\\/\"]}]},{\"@type\":\"BreadcrumbList\",\"@id\":\"https:\\\/\\\/usa-b2.com\\\/es\\\/visa-b2-para-alemanes\\\/#breadcrumb\",\"itemListElement\":[{\"@type\":\"ListItem\",\"position\":1,\"name\":\"Accueil\",\"item\":\"https:\\\/\\\/usa-b2.com\\\/es\\\/ee-uu\\\/\"},{\"@type\":\"ListItem\",\"position\":2,\"name\":\"Obtener un visado B2 para un alem\u00e1n\"}]},{\"@type\":\"WebSite\",\"@id\":\"https:\\\/\\\/usa-b2.com\\\/es\\\/#website\",\"url\":\"https:\\\/\\\/usa-b2.com\\\/es\\\/\",\"name\":\"USA B2 VISA\",\"description\":\"\",\"potentialAction\":[{\"@type\":\"SearchAction\",\"target\":{\"@type\":\"EntryPoint\",\"urlTemplate\":\"https:\\\/\\\/usa-b2.com\\\/es\\\/?s={search_term_string}\"},\"query-input\":{\"@type\":\"PropertyValueSpecification\",\"valueRequired\":true,\"valueName\":\"search_term_string\"}}],\"inLanguage\":\"es\"},{\"@type\":\"Question\",\"@id\":\"https:\\\/\\\/usa-b2.com\\\/es\\\/visa-b2-para-alemanes\\\/#faq-question-1749195650019\",\"position\":1,\"url\":\"https:\\\/\\\/usa-b2.com\\\/es\\\/visa-b2-para-alemanes\\\/#faq-question-1749195650019\",\"name\":\"\u00bfEl visado B2 sustituye al ESTA?\",\"answerCount\":1,\"acceptedAnswer\":{\"@type\":\"Answer\",\"text\":\"No. Es una alternativa m\u00e1s completa, \u00fatil en caso de <strong>rechazo o de estancia prolongada<\\\/strong>.\",\"inLanguage\":\"es\"},\"inLanguage\":\"es\"},{\"@type\":\"Question\",\"@id\":\"https:\\\/\\\/usa-b2.com\\\/es\\\/visa-b2-para-alemanes\\\/#faq-question-1749195662823\",\"position\":2,\"url\":\"https:\\\/\\\/usa-b2.com\\\/es\\\/visa-b2-para-alemanes\\\/#faq-question-1749195662823\",\"name\":\"\u00bfPuedo viajar con mi familia?\",\"answerCount\":1,\"acceptedAnswer\":{\"@type\":\"Answer\",\"text\":\"S\u00ed, cada miembro debe presentar su propia solicitud.\",\"inLanguage\":\"es\"},\"inLanguage\":\"es\"}]}<\/script>\n<!-- \/ Yoast SEO plugin. -->","yoast_head_json":{"title":"Obtener un visado B2 para un alem\u00e1n - USA B2","description":"Los ciudadanos alemanes pueden solicitar un visado B2 para Estados Unidos para una estancia tur\u00edstica de m\u00e1s de 90 d\u00edas.","robots":{"index":"index","follow":"follow","max-snippet":"max-snippet:-1","max-image-preview":"max-image-preview:large","max-video-preview":"max-video-preview:-1"},"canonical":"https:\/\/usa-b2.com\/es\/visa-b2-para-alemanes\/","og_locale":"es_ES","og_type":"article","og_title":"Obtener un visado B2 para un alem\u00e1n - USA B2","og_description":"Los ciudadanos alemanes pueden solicitar un visado B2 para Estados Unidos para una estancia tur\u00edstica de m\u00e1s de 90 d\u00edas.","og_url":"https:\/\/usa-b2.com\/es\/visa-b2-para-alemanes\/","og_site_name":"USA B2","article_modified_time":"2025-06-09T18:40:27+00:00","twitter_card":"summary_large_image","twitter_misc":{"Tiempo de lectura":"1 minuto"},"schema":{"@context":"https:\/\/schema.org","@graph":[{"@type":["WebPage","FAQPage"],"@id":"https:\/\/usa-b2.com\/es\/visa-b2-para-alemanes\/","url":"https:\/\/usa-b2.com\/es\/visa-b2-para-alemanes\/","name":"Obtener un visado B2 para un alem\u00e1n - USA B2","isPartOf":{"@id":"https:\/\/usa-b2.com\/es\/#website"},"datePublished":"2025-06-06T07:37:34+00:00","dateModified":"2025-06-09T18:40:27+00:00","description":"Los ciudadanos alemanes pueden solicitar un visado B2 para Estados Unidos para una estancia tur\u00edstica de m\u00e1s de 90 d\u00edas.","breadcrumb":{"@id":"https:\/\/usa-b2.com\/es\/visa-b2-para-alemanes\/#breadcrumb"},"mainEntity":[{"@id":"https:\/\/usa-b2.com\/es\/visa-b2-para-alemanes\/#faq-question-1749195650019"},{"@id":"https:\/\/usa-b2.com\/es\/visa-b2-para-alemanes\/#faq-question-1749195662823"}],"inLanguage":"es","potentialAction":[{"@type":"ReadAction","target":["https:\/\/usa-b2.com\/es\/visa-b2-para-alemanes\/"]}]},{"@type":"BreadcrumbList","@id":"https:\/\/usa-b2.com\/es\/visa-b2-para-alemanes\/#breadcrumb","itemListElement":[{"@type":"ListItem","position":1,"name":"Accueil","item":"https:\/\/usa-b2.com\/es\/ee-uu\/"},{"@type":"ListItem","position":2,"name":"Obtener un visado B2 para un alem\u00e1n"}]},{"@type":"WebSite","@id":"https:\/\/usa-b2.com\/es\/#website","url":"https:\/\/usa-b2.com\/es\/","name":"USA B2 VISA","description":"","potentialAction":[{"@type":"SearchAction","target":{"@type":"EntryPoint","urlTemplate":"https:\/\/usa-b2.com\/es\/?s={search_term_string}"},"query-input":{"@type":"PropertyValueSpecification","valueRequired":true,"valueName":"search_term_string"}}],"inLanguage":"es"},{"@type":"Question","@id":"https:\/\/usa-b2.com\/es\/visa-b2-para-alemanes\/#faq-question-1749195650019","position":1,"url":"https:\/\/usa-b2.com\/es\/visa-b2-para-alemanes\/#faq-question-1749195650019","name":"\u00bfEl visado B2 sustituye al ESTA?","answerCount":1,"acceptedAnswer":{"@type":"Answer","text":"No. Es una alternativa m\u00e1s completa, \u00fatil en caso de <strong>rechazo o de estancia prolongada<\/strong>.","inLanguage":"es"},"inLanguage":"es"},{"@type":"Question","@id":"https:\/\/usa-b2.com\/es\/visa-b2-para-alemanes\/#faq-question-1749195662823","position":2,"url":"https:\/\/usa-b2.com\/es\/visa-b2-para-alemanes\/#faq-question-1749195662823","name":"\u00bfPuedo viajar con mi familia?","answerCount":1,"acceptedAnswer":{"@type":"Answer","text":"S\u00ed, cada miembro debe presentar su propia solicitud.","inLanguage":"es"},"inLanguage":"es"}]}},"_links":{"self":[{"href":"https:\/\/usa-b2.com\/es\/wp-json\/wp\/v2\/pages\/9350","targetHints":{"allow":["GET"]}}],"collection":[{"href":"https:\/\/usa-b2.com\/es\/wp-json\/wp\/v2\/pages"}],"about":[{"href":"https:\/\/usa-b2.com\/es\/wp-json\/wp\/v2\/types\/page"}],"author":[{"embeddable":true,"href":"https:\/\/usa-b2.com\/es\/wp-json\/wp\/v2\/users\/1"}],"replies":[{"embeddable":true,"href":"https:\/\/usa-b2.com\/es\/wp-json\/wp\/v2\/comments?post=9350"}],"version-history":[{"count":2,"href":"https:\/\/usa-b2.com\/es\/wp-json\/wp\/v2\/pages\/9350\/revisions"}],"predecessor-version":[{"id":9464,"href":"https:\/\/usa-b2.com\/es\/wp-json\/wp\/v2\/pages\/9350\/revisions\/9464"}],"wp:attachment":[{"href":"https:\/\/usa-b2.com\/es\/wp-json\/wp\/v2\/media?parent=9350"}],"curies":[{"name":"wp","href":"https:\/\/api.w.org\/{rel}","templated":true}]}}