{"id":9116,"date":"2025-05-23T09:31:31","date_gmt":"2025-05-23T09:31:31","guid":{"rendered":"https:\/\/usa-b2.com\/visado-b2-para-italiano\/"},"modified":"2025-10-14T10:24:41","modified_gmt":"2025-10-14T10:24:41","slug":"visado-b2-para-italiano","status":"publish","type":"page","link":"https:\/\/usa-b2.com\/es\/visado-b2-para-italiano\/","title":{"rendered":"Obtener un visado B2 para un italiano que viaja a EE.UU."},"content":{"rendered":"\n<h1 class=\"wp-block-heading\">Visado B2 para italianos que viajan a EE.UU.<\/h1>\n\n<p>Si eres ciudadano italiano y necesitas viajar a Estados Unidos por turismo, para visitar a un familiar o para ver a un m\u00e9dico: el visado B2 es el <a href=\"https:\/\/usa-b2.com\/es\/visado-visitante-ee-uu\/\">visado de visitante estadounidense<\/a> que necesitas. En esta completa gu\u00eda, descubrir\u00e1s c\u00f3mo obtener un <strong>visado B2 de EE.UU. para italianos<\/strong>, las condiciones, los plazos y los documentos necesarios. <\/p>\n\n<h2 class=\"wp-block-heading\">\u00bfQu\u00e9 es un visado B2?<\/h2>\n\n<p>El <a href=\"https:\/\/usa-b2.com\/es\/visado-b2\/\">visado estadounidense B2<\/a> es un visado de no inmigrante destinado a las personas que desean permanecer temporalmente en Estados Unidos para : Turismo, vacaciones, tratamiento m\u00e9dico o visita a familiares.<\/p>\n\n<h2 class=\"wp-block-heading\">\u00bfNecesitan los italianos un visado B2?<\/h2>\n\n<p>Si eres <strong>ciudadano italiano<\/strong> y viajas a EE.UU. durante menos de 90 d\u00edas, en principio puedes utilizar una <a href=\"https:\/\/usa-b2.com\/es\/que-es-una-esta\/\">autorizaci\u00f3n electr\u00f3nica de viaje ESTA<\/a>.<\/p>\n\n<p>Pero si ya te han denegado un ESTA, si vas a viajar durante m\u00e1s tiempo o si tienes un perfil de alto riesgo, es preferible que <a href=\"https:\/\/usa-b2.com\/es\/procedimiento-solicitud-visado-b2\/\">solicites un visado B2 para EE.UU.<\/a><\/p>\n\n<h2 class=\"wp-block-heading\">\u00bfC\u00f3mo solicito un visado B2 desde Italia?<\/h2>\n\n<h3 class=\"wp-block-heading\">1. Rellena el formulario DS-160 en l\u00ednea<\/h3>\n\n<p><a href=\"https:\/\/usa-b2.com\/es\/ds-160\/\">El formulario DS-160<\/a> es obligatorio para todas las solicitudes de visado de turista.<\/p>\n\n<h3 class=\"wp-block-heading\">2. Paga la tasa de solicitud<\/h3>\n\n<p><a href=\"https:\/\/usa-b2.com\/es\/tasas-visado-b2\/\">El coste del visado B2<\/a> es de <strong>185 USD<\/strong>, pagaderos en l\u00ednea.<\/p>\n\n<h3 class=\"wp-block-heading\">3. Pide cita en la Embajada de EEUU en Italia<\/h3>\n\n<p>Todos los solicitantes deben someterse a una <a href=\"https:\/\/usa-b2.com\/es\/cita-visa-embajada-ee-uu\/\">entrevista en la Embajada de EEUU<\/a>.<\/p>\n\n<h3 class=\"wp-block-heading\">4. Prepara los documentos necesarios<\/h3>\n\n<ul class=\"wp-block-list\">\n<li><a href=\"https:\/\/usa-b2.com\/es\/pasaporte-viajar-estados-unidos\/\">Pasaporte v\u00e1lido para viajar a EE.UU.<\/a><\/li>\n\n\n\n<li>Foto de pasaporte<\/li>\n\n\n\n<li>Estados financieros<\/li>\n\n\n\n<li>Prueba de tu vinculaci\u00f3n a Italia (trabajo, familia, alojamiento, etc.)<\/li>\n<\/ul>\n\n<h3 class=\"wp-block-heading\">5. Acude a la entrevista y espera la decisi\u00f3n<\/h3>\n\n<p>Tras la entrevista, el visado se expide generalmente en un plazo <strong>de 7 a 15 d\u00edas laborables<\/strong>.<\/p>\n\n<h2 class=\"wp-block-heading\">\u00bfD\u00f3nde puedo ir a una entrevista en Italia?<\/h2>\n\n<p><strong>Embajada de Estados Unidos en Roma<\/strong><br\/>Via Vittorio Veneto, 121, 00187 Roma.<br\/>Sitio web oficial: <a href=\"https:\/\/it.usembassy.gov\/\">it.usembassy.gov<\/a><\/p>\n\n<h2 class=\"wp-block-heading\">Preguntas frecuentes sobre el visado B2 para italianos<\/h2>\n\n<div class=\"schema-faq wp-block-yoast-faq-block\"><div class=\"schema-faq-section\" id=\"faq-question-1747998967682\"><strong class=\"schema-faq-question\"><strong>\u00bfDurante cu\u00e1nto tiempo es v\u00e1lido un visado B2?<\/strong><\/strong> <p class=\"schema-faq-answer\">El visado es v\u00e1lido <strong>hasta 10 a\u00f1os<\/strong>, pero cada estancia <strong>est\u00e1 limitada a un m\u00e1ximo de 6 meses<\/strong>.<\/p> <\/div> <div class=\"schema-faq-section\" id=\"faq-question-1747998984062\"><strong class=\"schema-faq-question\"><strong>\u00bfPuedo prorrogar mi visado B2 en EE.UU.?<\/strong><\/strong> <p class=\"schema-faq-answer\">S\u00ed, es posible <strong>solicitar una pr\u00f3rroga<\/strong> desde Estados Unidos, pero debe estar justificada.<\/p> <\/div> <div class=\"schema-faq-section\" id=\"faq-question-1747998994557\"><strong class=\"schema-faq-question\"><strong>\u00bfEs m\u00e1s seguro solicitar un visado B2 que el ESTA?<\/strong><\/strong> <p class=\"schema-faq-answer\">S\u00ed, sobre todo si te lo han denegado, o si quieres <strong>evitar cualquier riesgo de denegaci\u00f3n<\/strong>.<\/p> <\/div> <\/div>\n","protected":false},"excerpt":{"rendered":"<p>Visado B2 para italianos que viajan a EE.UU. Si eres ciudadano italiano y necesitas viajar a Estados Unidos por turismo, para visitar a un familiar o para ver a un m\u00e9dico: el visado B2 es el visado de visitante estadounidense que necesitas. En esta completa gu\u00eda, descubrir\u00e1s c\u00f3mo obtener un visado B2 de EE.UU. para [&hellip;]<\/p>\n","protected":false},"author":1,"featured_media":0,"parent":0,"menu_order":0,"comment_status":"closed","ping_status":"closed","template":"","meta":{"footnotes":""},"class_list":["post-9116","page","type-page","status-publish","hentry"],"yoast_head":"<!-- This site is optimized with the Yoast SEO plugin v27.4 - https:\/\/yoast.com\/product\/yoast-seo-wordpress\/ -->\n<title>Obtener un visado B2 para un italiano que viaja a EE.UU. - USA B2<\/title>\n<meta name=\"description\" content=\"Si eres italiano y quieres viajar a Estados Unidos, puedes obtener un visado B2 para viajes de turismo o de negocios.\" \/>\n<meta name=\"robots\" content=\"index, follow, max-snippet:-1, max-image-preview:large, max-video-preview:-1\" \/>\n<link rel=\"canonical\" href=\"https:\/\/usa-b2.com\/es\/visado-b2-para-italiano\/\" \/>\n<meta property=\"og:locale\" content=\"es_ES\" \/>\n<meta property=\"og:type\" content=\"article\" \/>\n<meta property=\"og:title\" content=\"Obtener un visado B2 para un italiano que viaja a EE.UU. - USA B2\" \/>\n<meta property=\"og:description\" content=\"Si eres italiano y quieres viajar a Estados Unidos, puedes obtener un visado B2 para viajes de turismo o de negocios.\" \/>\n<meta property=\"og:url\" content=\"https:\/\/usa-b2.com\/es\/visado-b2-para-italiano\/\" \/>\n<meta property=\"og:site_name\" content=\"USA B2\" \/>\n<meta property=\"article:modified_time\" content=\"2025-10-14T10:24:41+00:00\" \/>\n<meta name=\"twitter:card\" content=\"summary_large_image\" \/>\n<meta name=\"twitter:label1\" content=\"Tiempo de lectura\" \/>\n\t<meta name=\"twitter:data1\" content=\"2 minutos\" \/>\n<script type=\"application\/ld+json\" class=\"yoast-schema-graph\">{\"@context\":\"https:\\\/\\\/schema.org\",\"@graph\":[{\"@type\":[\"WebPage\",\"FAQPage\"],\"@id\":\"https:\\\/\\\/usa-b2.com\\\/es\\\/visado-b2-para-italiano\\\/\",\"url\":\"https:\\\/\\\/usa-b2.com\\\/es\\\/visado-b2-para-italiano\\\/\",\"name\":\"Obtener un visado B2 para un italiano que viaja a EE.UU. - USA B2\",\"isPartOf\":{\"@id\":\"https:\\\/\\\/usa-b2.com\\\/es\\\/#website\"},\"datePublished\":\"2025-05-23T09:31:31+00:00\",\"dateModified\":\"2025-10-14T10:24:41+00:00\",\"description\":\"Si eres italiano y quieres viajar a Estados Unidos, puedes obtener un visado B2 para viajes de turismo o de negocios.\",\"breadcrumb\":{\"@id\":\"https:\\\/\\\/usa-b2.com\\\/es\\\/visado-b2-para-italiano\\\/#breadcrumb\"},\"mainEntity\":[{\"@id\":\"https:\\\/\\\/usa-b2.com\\\/es\\\/visado-b2-para-italiano\\\/#faq-question-1747998967682\"},{\"@id\":\"https:\\\/\\\/usa-b2.com\\\/es\\\/visado-b2-para-italiano\\\/#faq-question-1747998984062\"},{\"@id\":\"https:\\\/\\\/usa-b2.com\\\/es\\\/visado-b2-para-italiano\\\/#faq-question-1747998994557\"}],\"inLanguage\":\"es\",\"potentialAction\":[{\"@type\":\"ReadAction\",\"target\":[\"https:\\\/\\\/usa-b2.com\\\/es\\\/visado-b2-para-italiano\\\/\"]}]},{\"@type\":\"BreadcrumbList\",\"@id\":\"https:\\\/\\\/usa-b2.com\\\/es\\\/visado-b2-para-italiano\\\/#breadcrumb\",\"itemListElement\":[{\"@type\":\"ListItem\",\"position\":1,\"name\":\"Accueil\",\"item\":\"https:\\\/\\\/usa-b2.com\\\/es\\\/ee-uu\\\/\"},{\"@type\":\"ListItem\",\"position\":2,\"name\":\"Obtener un visado B2 para un italiano que viaja a EE.UU.\"}]},{\"@type\":\"WebSite\",\"@id\":\"https:\\\/\\\/usa-b2.com\\\/es\\\/#website\",\"url\":\"https:\\\/\\\/usa-b2.com\\\/es\\\/\",\"name\":\"USA B2 VISA\",\"description\":\"\",\"potentialAction\":[{\"@type\":\"SearchAction\",\"target\":{\"@type\":\"EntryPoint\",\"urlTemplate\":\"https:\\\/\\\/usa-b2.com\\\/es\\\/?s={search_term_string}\"},\"query-input\":{\"@type\":\"PropertyValueSpecification\",\"valueRequired\":true,\"valueName\":\"search_term_string\"}}],\"inLanguage\":\"es\"},{\"@type\":\"Question\",\"@id\":\"https:\\\/\\\/usa-b2.com\\\/es\\\/visado-b2-para-italiano\\\/#faq-question-1747998967682\",\"position\":1,\"url\":\"https:\\\/\\\/usa-b2.com\\\/es\\\/visado-b2-para-italiano\\\/#faq-question-1747998967682\",\"name\":\"\u00bfDurante cu\u00e1nto tiempo es v\u00e1lido un visado B2?\",\"answerCount\":1,\"acceptedAnswer\":{\"@type\":\"Answer\",\"text\":\"El visado es v\u00e1lido <strong>hasta 10 a\u00f1os<\\\/strong>, pero cada estancia <strong>est\u00e1 limitada a un m\u00e1ximo de 6 meses<\\\/strong>.\",\"inLanguage\":\"es\"},\"inLanguage\":\"es\"},{\"@type\":\"Question\",\"@id\":\"https:\\\/\\\/usa-b2.com\\\/es\\\/visado-b2-para-italiano\\\/#faq-question-1747998984062\",\"position\":2,\"url\":\"https:\\\/\\\/usa-b2.com\\\/es\\\/visado-b2-para-italiano\\\/#faq-question-1747998984062\",\"name\":\"\u00bfPuedo prorrogar mi visado B2 en EE.UU.?\",\"answerCount\":1,\"acceptedAnswer\":{\"@type\":\"Answer\",\"text\":\"S\u00ed, es posible <strong>solicitar una pr\u00f3rroga<\\\/strong> desde Estados Unidos, pero debe estar justificada.\",\"inLanguage\":\"es\"},\"inLanguage\":\"es\"},{\"@type\":\"Question\",\"@id\":\"https:\\\/\\\/usa-b2.com\\\/es\\\/visado-b2-para-italiano\\\/#faq-question-1747998994557\",\"position\":3,\"url\":\"https:\\\/\\\/usa-b2.com\\\/es\\\/visado-b2-para-italiano\\\/#faq-question-1747998994557\",\"name\":\"\u00bfEs m\u00e1s seguro solicitar un visado B2 que el ESTA?\",\"answerCount\":1,\"acceptedAnswer\":{\"@type\":\"Answer\",\"text\":\"S\u00ed, sobre todo si te lo han denegado, o si quieres <strong>evitar cualquier riesgo de denegaci\u00f3n<\\\/strong>.\",\"inLanguage\":\"es\"},\"inLanguage\":\"es\"}]}<\/script>\n<!-- \/ Yoast SEO plugin. -->","yoast_head_json":{"title":"Obtener un visado B2 para un italiano que viaja a EE.UU. - USA B2","description":"Si eres italiano y quieres viajar a Estados Unidos, puedes obtener un visado B2 para viajes de turismo o de negocios.","robots":{"index":"index","follow":"follow","max-snippet":"max-snippet:-1","max-image-preview":"max-image-preview:large","max-video-preview":"max-video-preview:-1"},"canonical":"https:\/\/usa-b2.com\/es\/visado-b2-para-italiano\/","og_locale":"es_ES","og_type":"article","og_title":"Obtener un visado B2 para un italiano que viaja a EE.UU. - USA B2","og_description":"Si eres italiano y quieres viajar a Estados Unidos, puedes obtener un visado B2 para viajes de turismo o de negocios.","og_url":"https:\/\/usa-b2.com\/es\/visado-b2-para-italiano\/","og_site_name":"USA B2","article_modified_time":"2025-10-14T10:24:41+00:00","twitter_card":"summary_large_image","twitter_misc":{"Tiempo de lectura":"2 minutos"},"schema":{"@context":"https:\/\/schema.org","@graph":[{"@type":["WebPage","FAQPage"],"@id":"https:\/\/usa-b2.com\/es\/visado-b2-para-italiano\/","url":"https:\/\/usa-b2.com\/es\/visado-b2-para-italiano\/","name":"Obtener un visado B2 para un italiano que viaja a EE.UU. - USA B2","isPartOf":{"@id":"https:\/\/usa-b2.com\/es\/#website"},"datePublished":"2025-05-23T09:31:31+00:00","dateModified":"2025-10-14T10:24:41+00:00","description":"Si eres italiano y quieres viajar a Estados Unidos, puedes obtener un visado B2 para viajes de turismo o de negocios.","breadcrumb":{"@id":"https:\/\/usa-b2.com\/es\/visado-b2-para-italiano\/#breadcrumb"},"mainEntity":[{"@id":"https:\/\/usa-b2.com\/es\/visado-b2-para-italiano\/#faq-question-1747998967682"},{"@id":"https:\/\/usa-b2.com\/es\/visado-b2-para-italiano\/#faq-question-1747998984062"},{"@id":"https:\/\/usa-b2.com\/es\/visado-b2-para-italiano\/#faq-question-1747998994557"}],"inLanguage":"es","potentialAction":[{"@type":"ReadAction","target":["https:\/\/usa-b2.com\/es\/visado-b2-para-italiano\/"]}]},{"@type":"BreadcrumbList","@id":"https:\/\/usa-b2.com\/es\/visado-b2-para-italiano\/#breadcrumb","itemListElement":[{"@type":"ListItem","position":1,"name":"Accueil","item":"https:\/\/usa-b2.com\/es\/ee-uu\/"},{"@type":"ListItem","position":2,"name":"Obtener un visado B2 para un italiano que viaja a EE.UU."}]},{"@type":"WebSite","@id":"https:\/\/usa-b2.com\/es\/#website","url":"https:\/\/usa-b2.com\/es\/","name":"USA B2 VISA","description":"","potentialAction":[{"@type":"SearchAction","target":{"@type":"EntryPoint","urlTemplate":"https:\/\/usa-b2.com\/es\/?s={search_term_string}"},"query-input":{"@type":"PropertyValueSpecification","valueRequired":true,"valueName":"search_term_string"}}],"inLanguage":"es"},{"@type":"Question","@id":"https:\/\/usa-b2.com\/es\/visado-b2-para-italiano\/#faq-question-1747998967682","position":1,"url":"https:\/\/usa-b2.com\/es\/visado-b2-para-italiano\/#faq-question-1747998967682","name":"\u00bfDurante cu\u00e1nto tiempo es v\u00e1lido un visado B2?","answerCount":1,"acceptedAnswer":{"@type":"Answer","text":"El visado es v\u00e1lido <strong>hasta 10 a\u00f1os<\/strong>, pero cada estancia <strong>est\u00e1 limitada a un m\u00e1ximo de 6 meses<\/strong>.","inLanguage":"es"},"inLanguage":"es"},{"@type":"Question","@id":"https:\/\/usa-b2.com\/es\/visado-b2-para-italiano\/#faq-question-1747998984062","position":2,"url":"https:\/\/usa-b2.com\/es\/visado-b2-para-italiano\/#faq-question-1747998984062","name":"\u00bfPuedo prorrogar mi visado B2 en EE.UU.?","answerCount":1,"acceptedAnswer":{"@type":"Answer","text":"S\u00ed, es posible <strong>solicitar una pr\u00f3rroga<\/strong> desde Estados Unidos, pero debe estar justificada.","inLanguage":"es"},"inLanguage":"es"},{"@type":"Question","@id":"https:\/\/usa-b2.com\/es\/visado-b2-para-italiano\/#faq-question-1747998994557","position":3,"url":"https:\/\/usa-b2.com\/es\/visado-b2-para-italiano\/#faq-question-1747998994557","name":"\u00bfEs m\u00e1s seguro solicitar un visado B2 que el ESTA?","answerCount":1,"acceptedAnswer":{"@type":"Answer","text":"S\u00ed, sobre todo si te lo han denegado, o si quieres <strong>evitar cualquier riesgo de denegaci\u00f3n<\/strong>.","inLanguage":"es"},"inLanguage":"es"}]}},"_links":{"self":[{"href":"https:\/\/usa-b2.com\/es\/wp-json\/wp\/v2\/pages\/9116","targetHints":{"allow":["GET"]}}],"collection":[{"href":"https:\/\/usa-b2.com\/es\/wp-json\/wp\/v2\/pages"}],"about":[{"href":"https:\/\/usa-b2.com\/es\/wp-json\/wp\/v2\/types\/page"}],"author":[{"embeddable":true,"href":"https:\/\/usa-b2.com\/es\/wp-json\/wp\/v2\/users\/1"}],"replies":[{"embeddable":true,"href":"https:\/\/usa-b2.com\/es\/wp-json\/wp\/v2\/comments?post=9116"}],"version-history":[{"count":2,"href":"https:\/\/usa-b2.com\/es\/wp-json\/wp\/v2\/pages\/9116\/revisions"}],"predecessor-version":[{"id":10246,"href":"https:\/\/usa-b2.com\/es\/wp-json\/wp\/v2\/pages\/9116\/revisions\/10246"}],"wp:attachment":[{"href":"https:\/\/usa-b2.com\/es\/wp-json\/wp\/v2\/media?parent=9116"}],"curies":[{"name":"wp","href":"https:\/\/api.w.org\/{rel}","templated":true}]}}