{"id":9019,"date":"2025-05-14T12:29:33","date_gmt":"2025-05-14T12:29:33","guid":{"rendered":"https:\/\/usa-b2.com\/visado-b2-para-franceses\/"},"modified":"2025-11-04T20:14:38","modified_gmt":"2025-11-04T20:14:38","slug":"visado-b2-para-franceses","status":"publish","type":"page","link":"https:\/\/usa-b2.com\/es\/visado-b2-para-franceses\/","title":{"rendered":"Visado B2 para franceses que viajan a EE.UU."},"content":{"rendered":"\n<h1 class=\"wp-block-heading\">El visado B2 para los franceses que deseen viajar a Estados Unidos<\/h1>\n\n<p>Si eres ciudadano franc\u00e9s y deseas viajar a Estados Unidos por turismo, para visitar a un familiar o para ir al m\u00e9dico, el visado B2 es el <a href=\"https:\/\/usa-b2.com\/es\/visado-visitante-ee-uu\/\">visado de visitante estadounidense<\/a> que necesitas. Esta completa gu\u00eda explica los pasos necesarios para obtener un <strong>visado B2 para EE.UU. para ciudadanos franceses<\/strong>, las condiciones, los plazos y los documentos necesarios.<\/p>\n\n<h2 class=\"wp-block-heading\">\u00bfQu\u00e9 es un visado B2?<\/h2>\n\n<p>El <strong>visado estadounidense B2<\/strong> es un visado de no inmigrante destinado a las personas que desean permanecer temporalmente en Estados Unidos para : Turismo, vacaciones, tratamiento m\u00e9dico o visita a familiares.<\/p>\n\n<h2 class=\"wp-block-heading\">\u00bfNecesitan los franceses un visado B2?<\/h2>\n\n<p>Si eres <strong>ciudadano franc\u00e9s<\/strong> y viajas a Estados Unidos durante menos de 90 d\u00edas, en principio puedes utilizar una <a href=\"https:\/\/usa-b2.com\/es\/que-es-una-esta\/\">autorizaci\u00f3n electr\u00f3nica de viaje ESTA<\/a>.<\/p>\n\n<p>Pero si ya te han denegado un ESTA, si vas a viajar durante m\u00e1s tiempo o si tienes un perfil de alto riesgo, es preferible que <a href=\"https:\/\/usa-b2.com\/es\/procedimiento-solicitud-visado-b2\/\">solicites un visado B2 para EE.UU.<\/a><\/p>\n\n<h2 class=\"wp-block-heading\">\u00bfC\u00f3mo solicito un visado B2 desde Francia?<\/h2>\n\n<h3 class=\"wp-block-heading\">1. Rellena el formulario DS-160 en l\u00ednea<\/h3>\n\n<p><a href=\"https:\/\/usa-b2.com\/es\/ds-160\/\">El formulario DS-160<\/a> es obligatorio para todas las solicitudes de visado de turista.<\/p>\n\n<h3 class=\"wp-block-heading\">2. Paga la tasa de solicitud<\/h3>\n\n<p><a href=\"https:\/\/usa-b2.com\/fr\/frais-visa-b2-usa\/\">El coste del visado B2<\/a> es de <strong>185 USD<\/strong>, pagaderos en l\u00ednea.<\/p>\n\n<h3 class=\"wp-block-heading\">3. Pide cita en la Embajada de EEUU en Par\u00eds<\/h3>\n\n<p>Todos los solicitantes deben someterse a una <a href=\"https:\/\/usa-b2.com\/es\/cita-visa-embajada-ee-uu\/\">entrevista en la Embajada de EEUU<\/a>.<\/p>\n\n<h3 class=\"wp-block-heading\">4. Prepara los documentos necesarios<\/h3>\n\n<ul class=\"wp-block-list\">\n<li><a href=\"https:\/\/usa-b2.com\/es\/pasaporte-viajar-estados-unidos\/\">Pasaporte v\u00e1lido para viajar a EE.UU.<\/a><\/li>\n\n\n\n<li>Foto de pasaporte<\/li>\n\n\n\n<li>Estados financieros<\/li>\n\n\n\n<li>Prueba de tu vinculaci\u00f3n a Francia (trabajo, familia, alojamiento, etc.)<\/li>\n<\/ul>\n\n<h3 class=\"wp-block-heading\">5. Acude a la entrevista y espera la decisi\u00f3n<\/h3>\n\n<p>Tras la entrevista, el visado se expide generalmente en un plazo <strong>de 7 a 15 d\u00edas laborables<\/strong>.<\/p>\n\n<h2 class=\"wp-block-heading\">\u00bfD\u00f3nde puedo hacer la entrevista en Francia?<\/h2>\n\n<p><strong>Embajada de los Estados Unidos en Par\u00eds<\/strong><br\/>2, avenue Gabriel, 75008 Par\u00eds<br\/>Sitio web oficial: <a>fr.usembassy.gov<\/a><\/p>\n\n<h2 class=\"wp-block-heading\">FAQ &#8211; Visado B2 para franceses<\/h2>\n\n<div class=\"schema-faq wp-block-yoast-faq-block\"><div class=\"schema-faq-section\" id=\"faq-question-1747226397065\"><strong class=\"schema-faq-question\">\u00bfDurante cu\u00e1nto tiempo es v\u00e1lido un visado B2?<\/strong> <p class=\"schema-faq-answer\">El visado es v\u00e1lido <strong>hasta 10 a\u00f1os<\/strong>, pero cada estancia <strong>est\u00e1 limitada a un m\u00e1ximo de 6 meses<\/strong>.<\/p> <\/div> <div class=\"schema-faq-section\" id=\"faq-question-1747226417090\"><strong class=\"schema-faq-question\">\u00bfPuedo prorrogar mi visado B2 en EE.UU.?<\/strong> <p class=\"schema-faq-answer\">S\u00ed, es posible <strong>solicitar una pr\u00f3rroga<\/strong> desde Estados Unidos, pero debe estar justificada.<\/p> <\/div> <div class=\"schema-faq-section\" id=\"faq-question-1747226429344\"><strong class=\"schema-faq-question\">\u00bfEs m\u00e1s seguro solicitar un visado B2 que el ESTA?<\/strong> <p class=\"schema-faq-answer\">S\u00ed, sobre todo si te lo han denegado, o si quieres <strong>evitar cualquier riesgo de denegaci\u00f3n<\/strong>.<\/p> <\/div> <\/div>\n\n<p><\/p>\n","protected":false},"excerpt":{"rendered":"<p>El visado B2 para los franceses que deseen viajar a Estados Unidos Si eres ciudadano franc\u00e9s y deseas viajar a Estados Unidos por turismo, para visitar a un familiar o para ir al m\u00e9dico, el visado B2 es el visado de visitante estadounidense que necesitas. Esta completa gu\u00eda explica los pasos necesarios para obtener un [&hellip;]<\/p>\n","protected":false},"author":1,"featured_media":0,"parent":0,"menu_order":0,"comment_status":"closed","ping_status":"closed","template":"","meta":{"footnotes":""},"class_list":["post-9019","page","type-page","status-publish","hentry"],"yoast_head":"<!-- This site is optimized with the Yoast SEO plugin v27.0 - https:\/\/yoast.com\/product\/yoast-seo-wordpress\/ -->\n<title>Visado B2 para franceses que viajan a EE.UU. - USA B2<\/title>\n<meta name=\"description\" content=\"Si tienes nacionalidad francesa, puedes obtener un visado B2 para una estancia prevista en Estados Unidos\" \/>\n<meta name=\"robots\" content=\"index, follow, max-snippet:-1, max-image-preview:large, max-video-preview:-1\" \/>\n<link rel=\"canonical\" href=\"https:\/\/usa-b2.com\/es\/visado-b2-para-franceses\/\" \/>\n<meta property=\"og:locale\" content=\"es_ES\" \/>\n<meta property=\"og:type\" content=\"article\" \/>\n<meta property=\"og:title\" content=\"Visado B2 para franceses que viajan a EE.UU. - USA B2\" \/>\n<meta property=\"og:description\" content=\"Si tienes nacionalidad francesa, puedes obtener un visado B2 para una estancia prevista en Estados Unidos\" \/>\n<meta property=\"og:url\" content=\"https:\/\/usa-b2.com\/es\/visado-b2-para-franceses\/\" \/>\n<meta property=\"og:site_name\" content=\"USA B2\" \/>\n<meta property=\"article:modified_time\" content=\"2025-11-04T20:14:38+00:00\" \/>\n<meta name=\"twitter:card\" content=\"summary_large_image\" \/>\n<meta name=\"twitter:label1\" content=\"Tiempo de lectura\" \/>\n\t<meta name=\"twitter:data1\" content=\"2 minutos\" \/>\n<script type=\"application\/ld+json\" class=\"yoast-schema-graph\">{\"@context\":\"https:\/\/schema.org\",\"@graph\":[{\"@type\":[\"WebPage\",\"FAQPage\"],\"@id\":\"https:\/\/usa-b2.com\/es\/visado-b2-para-franceses\/\",\"url\":\"https:\/\/usa-b2.com\/es\/visado-b2-para-franceses\/\",\"name\":\"Visado B2 para franceses que viajan a EE.UU. - USA B2\",\"isPartOf\":{\"@id\":\"https:\/\/usa-b2.com\/es\/#website\"},\"datePublished\":\"2025-05-14T12:29:33+00:00\",\"dateModified\":\"2025-11-04T20:14:38+00:00\",\"description\":\"Si tienes nacionalidad francesa, puedes obtener un visado B2 para una estancia prevista en Estados Unidos\",\"breadcrumb\":{\"@id\":\"https:\/\/usa-b2.com\/es\/visado-b2-para-franceses\/#breadcrumb\"},\"mainEntity\":[{\"@id\":\"https:\/\/usa-b2.com\/es\/visado-b2-para-franceses\/#faq-question-1747226397065\"},{\"@id\":\"https:\/\/usa-b2.com\/es\/visado-b2-para-franceses\/#faq-question-1747226417090\"},{\"@id\":\"https:\/\/usa-b2.com\/es\/visado-b2-para-franceses\/#faq-question-1747226429344\"}],\"inLanguage\":\"es\",\"potentialAction\":[{\"@type\":\"ReadAction\",\"target\":[\"https:\/\/usa-b2.com\/es\/visado-b2-para-franceses\/\"]}]},{\"@type\":\"BreadcrumbList\",\"@id\":\"https:\/\/usa-b2.com\/es\/visado-b2-para-franceses\/#breadcrumb\",\"itemListElement\":[{\"@type\":\"ListItem\",\"position\":1,\"name\":\"Accueil\",\"item\":\"https:\/\/usa-b2.com\/es\/roadtrips-ee-uu\/\"},{\"@type\":\"ListItem\",\"position\":2,\"name\":\"Visado B2 para franceses que viajan a EE.UU.\"}]},{\"@type\":\"WebSite\",\"@id\":\"https:\/\/usa-b2.com\/es\/#website\",\"url\":\"https:\/\/usa-b2.com\/es\/\",\"name\":\"USA B2 VISA\",\"description\":\"\",\"potentialAction\":[{\"@type\":\"SearchAction\",\"target\":{\"@type\":\"EntryPoint\",\"urlTemplate\":\"https:\/\/usa-b2.com\/es\/?s={search_term_string}\"},\"query-input\":{\"@type\":\"PropertyValueSpecification\",\"valueRequired\":true,\"valueName\":\"search_term_string\"}}],\"inLanguage\":\"es\"},{\"@type\":\"Question\",\"@id\":\"https:\/\/usa-b2.com\/es\/visado-b2-para-franceses\/#faq-question-1747226397065\",\"position\":1,\"url\":\"https:\/\/usa-b2.com\/es\/visado-b2-para-franceses\/#faq-question-1747226397065\",\"name\":\"\u00bfDurante cu\u00e1nto tiempo es v\u00e1lido un visado B2?\",\"answerCount\":1,\"acceptedAnswer\":{\"@type\":\"Answer\",\"text\":\"El visado es v\u00e1lido <strong>hasta 10 a\u00f1os<\/strong>, pero cada estancia <strong>est\u00e1 limitada a un m\u00e1ximo de 6 meses<\/strong>.\",\"inLanguage\":\"es\"},\"inLanguage\":\"es\"},{\"@type\":\"Question\",\"@id\":\"https:\/\/usa-b2.com\/es\/visado-b2-para-franceses\/#faq-question-1747226417090\",\"position\":2,\"url\":\"https:\/\/usa-b2.com\/es\/visado-b2-para-franceses\/#faq-question-1747226417090\",\"name\":\"\u00bfPuedo prorrogar mi visado B2 en EE.UU.?\",\"answerCount\":1,\"acceptedAnswer\":{\"@type\":\"Answer\",\"text\":\"S\u00ed, es posible <strong>solicitar una pr\u00f3rroga<\/strong> desde Estados Unidos, pero debe estar justificada.\",\"inLanguage\":\"es\"},\"inLanguage\":\"es\"},{\"@type\":\"Question\",\"@id\":\"https:\/\/usa-b2.com\/es\/visado-b2-para-franceses\/#faq-question-1747226429344\",\"position\":3,\"url\":\"https:\/\/usa-b2.com\/es\/visado-b2-para-franceses\/#faq-question-1747226429344\",\"name\":\"\u00bfEs m\u00e1s seguro solicitar un visado B2 que el ESTA?\",\"answerCount\":1,\"acceptedAnswer\":{\"@type\":\"Answer\",\"text\":\"S\u00ed, sobre todo si te lo han denegado, o si quieres <strong>evitar cualquier riesgo de denegaci\u00f3n<\/strong>.\",\"inLanguage\":\"es\"},\"inLanguage\":\"es\"}]}<\/script>\n<!-- \/ Yoast SEO plugin. -->","yoast_head_json":{"title":"Visado B2 para franceses que viajan a EE.UU. - USA B2","description":"Si tienes nacionalidad francesa, puedes obtener un visado B2 para una estancia prevista en Estados Unidos","robots":{"index":"index","follow":"follow","max-snippet":"max-snippet:-1","max-image-preview":"max-image-preview:large","max-video-preview":"max-video-preview:-1"},"canonical":"https:\/\/usa-b2.com\/es\/visado-b2-para-franceses\/","og_locale":"es_ES","og_type":"article","og_title":"Visado B2 para franceses que viajan a EE.UU. - USA B2","og_description":"Si tienes nacionalidad francesa, puedes obtener un visado B2 para una estancia prevista en Estados Unidos","og_url":"https:\/\/usa-b2.com\/es\/visado-b2-para-franceses\/","og_site_name":"USA B2","article_modified_time":"2025-11-04T20:14:38+00:00","twitter_card":"summary_large_image","twitter_misc":{"Tiempo de lectura":"2 minutos"},"schema":{"@context":"https:\/\/schema.org","@graph":[{"@type":["WebPage","FAQPage"],"@id":"https:\/\/usa-b2.com\/es\/visado-b2-para-franceses\/","url":"https:\/\/usa-b2.com\/es\/visado-b2-para-franceses\/","name":"Visado B2 para franceses que viajan a EE.UU. - USA B2","isPartOf":{"@id":"https:\/\/usa-b2.com\/es\/#website"},"datePublished":"2025-05-14T12:29:33+00:00","dateModified":"2025-11-04T20:14:38+00:00","description":"Si tienes nacionalidad francesa, puedes obtener un visado B2 para una estancia prevista en Estados Unidos","breadcrumb":{"@id":"https:\/\/usa-b2.com\/es\/visado-b2-para-franceses\/#breadcrumb"},"mainEntity":[{"@id":"https:\/\/usa-b2.com\/es\/visado-b2-para-franceses\/#faq-question-1747226397065"},{"@id":"https:\/\/usa-b2.com\/es\/visado-b2-para-franceses\/#faq-question-1747226417090"},{"@id":"https:\/\/usa-b2.com\/es\/visado-b2-para-franceses\/#faq-question-1747226429344"}],"inLanguage":"es","potentialAction":[{"@type":"ReadAction","target":["https:\/\/usa-b2.com\/es\/visado-b2-para-franceses\/"]}]},{"@type":"BreadcrumbList","@id":"https:\/\/usa-b2.com\/es\/visado-b2-para-franceses\/#breadcrumb","itemListElement":[{"@type":"ListItem","position":1,"name":"Accueil","item":"https:\/\/usa-b2.com\/es\/roadtrips-ee-uu\/"},{"@type":"ListItem","position":2,"name":"Visado B2 para franceses que viajan a EE.UU."}]},{"@type":"WebSite","@id":"https:\/\/usa-b2.com\/es\/#website","url":"https:\/\/usa-b2.com\/es\/","name":"USA B2 VISA","description":"","potentialAction":[{"@type":"SearchAction","target":{"@type":"EntryPoint","urlTemplate":"https:\/\/usa-b2.com\/es\/?s={search_term_string}"},"query-input":{"@type":"PropertyValueSpecification","valueRequired":true,"valueName":"search_term_string"}}],"inLanguage":"es"},{"@type":"Question","@id":"https:\/\/usa-b2.com\/es\/visado-b2-para-franceses\/#faq-question-1747226397065","position":1,"url":"https:\/\/usa-b2.com\/es\/visado-b2-para-franceses\/#faq-question-1747226397065","name":"\u00bfDurante cu\u00e1nto tiempo es v\u00e1lido un visado B2?","answerCount":1,"acceptedAnswer":{"@type":"Answer","text":"El visado es v\u00e1lido <strong>hasta 10 a\u00f1os<\/strong>, pero cada estancia <strong>est\u00e1 limitada a un m\u00e1ximo de 6 meses<\/strong>.","inLanguage":"es"},"inLanguage":"es"},{"@type":"Question","@id":"https:\/\/usa-b2.com\/es\/visado-b2-para-franceses\/#faq-question-1747226417090","position":2,"url":"https:\/\/usa-b2.com\/es\/visado-b2-para-franceses\/#faq-question-1747226417090","name":"\u00bfPuedo prorrogar mi visado B2 en EE.UU.?","answerCount":1,"acceptedAnswer":{"@type":"Answer","text":"S\u00ed, es posible <strong>solicitar una pr\u00f3rroga<\/strong> desde Estados Unidos, pero debe estar justificada.","inLanguage":"es"},"inLanguage":"es"},{"@type":"Question","@id":"https:\/\/usa-b2.com\/es\/visado-b2-para-franceses\/#faq-question-1747226429344","position":3,"url":"https:\/\/usa-b2.com\/es\/visado-b2-para-franceses\/#faq-question-1747226429344","name":"\u00bfEs m\u00e1s seguro solicitar un visado B2 que el ESTA?","answerCount":1,"acceptedAnswer":{"@type":"Answer","text":"S\u00ed, sobre todo si te lo han denegado, o si quieres <strong>evitar cualquier riesgo de denegaci\u00f3n<\/strong>.","inLanguage":"es"},"inLanguage":"es"}]}},"_links":{"self":[{"href":"https:\/\/usa-b2.com\/es\/wp-json\/wp\/v2\/pages\/9019","targetHints":{"allow":["GET"]}}],"collection":[{"href":"https:\/\/usa-b2.com\/es\/wp-json\/wp\/v2\/pages"}],"about":[{"href":"https:\/\/usa-b2.com\/es\/wp-json\/wp\/v2\/types\/page"}],"author":[{"embeddable":true,"href":"https:\/\/usa-b2.com\/es\/wp-json\/wp\/v2\/users\/1"}],"replies":[{"embeddable":true,"href":"https:\/\/usa-b2.com\/es\/wp-json\/wp\/v2\/comments?post=9019"}],"version-history":[{"count":2,"href":"https:\/\/usa-b2.com\/es\/wp-json\/wp\/v2\/pages\/9019\/revisions"}],"predecessor-version":[{"id":10883,"href":"https:\/\/usa-b2.com\/es\/wp-json\/wp\/v2\/pages\/9019\/revisions\/10883"}],"wp:attachment":[{"href":"https:\/\/usa-b2.com\/es\/wp-json\/wp\/v2\/media?parent=9019"}],"curies":[{"name":"wp","href":"https:\/\/api.w.org\/{rel}","templated":true}]}}