{"id":8666,"date":"2025-03-18T12:34:07","date_gmt":"2025-03-18T12:34:07","guid":{"rendered":"https:\/\/usa-b2.com\/badlands-et-black-hills-dakota-du-sud\/"},"modified":"2025-04-10T18:38:10","modified_gmt":"2025-04-10T18:38:10","slug":"badlands-et-black-hills-dakota-du-sud","status":"publish","type":"page","link":"https:\/\/usa-b2.com\/es\/badlands-et-black-hills-dakota-du-sud\/","title":{"rendered":"Badlands y Black Hills (Dakota del Sur): Gu\u00eda para un viaje por carretera inolvidable"},"content":{"rendered":"\n<h1 class=\"wp-block-heading\">Viajar por Badlands y Black Hills: Gu\u00eda completa<\/h1>\n\n<p><br\/>Situadas en <a href=\"https:\/\/www.sd.gov\/cs\">Dakota del Sur<\/a>, las <a href=\"https:\/\/www.blackhillsbadlands.com\/\">Badlands y las Colinas Negras<\/a> ofrecen un paisaje espectacular y una inmersi\u00f3n total en la naturaleza salvaje estadounidense. Este <a href=\"https:\/\/usa-b2.com\/fr\/\">viaje por carretera en EE.UU.<\/a> combina panoramas impresionantes, paradas emblem\u00e1ticas, parques nacionales y experiencias \u00fanicas. Tanto si vas en pareja como en familia, esta gu\u00eda detalla el itinerario perfecto, los mejores lugares donde alojarse y los sitios imprescindibles para inmortalizar tu viaje.  <\/p>\n\n<figure class=\"wp-block-image size-large\"><img fetchpriority=\"high\" decoding=\"async\" width=\"1024\" height=\"576\" src=\"https:\/\/usa-b2.com\/wp-content\/uploads\/2025\/03\/Badlands-National-Park-South-Dakota-1024x576.jpg\" alt=\"\" class=\"wp-image-8393\" srcset=\"https:\/\/usa-b2.com\/wp-content\/uploads\/2025\/03\/Badlands-National-Park-South-Dakota-1024x576.jpg 1024w, https:\/\/usa-b2.com\/wp-content\/uploads\/2025\/03\/Badlands-National-Park-South-Dakota-300x169.jpg 300w, https:\/\/usa-b2.com\/wp-content\/uploads\/2025\/03\/Badlands-National-Park-South-Dakota-768x432.jpg 768w, https:\/\/usa-b2.com\/wp-content\/uploads\/2025\/03\/Badlands-National-Park-South-Dakota-1536x864.jpg 1536w, https:\/\/usa-b2.com\/wp-content\/uploads\/2025\/03\/Badlands-National-Park-South-Dakota.jpg 1600w\" sizes=\"(max-width: 1024px) 100vw, 1024px\" \/><\/figure>\n\n<h2 class=\"wp-block-heading\">Parques nacionales y paisajes emblem\u00e1ticos de las badlands y las colinas negras<\/h2>\n\n<h3 class=\"wp-block-heading\">Parque Nacional de Badlands: una maravilla geol\u00f3gica<\/h3>\n\n<p><a href=\"https:\/\/national-parks.org\/united-states\/badlands\">El Parque Nacional de Badlands<\/a> es una visita obligada en Dakota del Sur. Sus formaciones rocosas de capas de colores y sus vastas praderas pobladas de bisontes y borregos cimarrones ofrecen un impresionante espect\u00e1culo natural. Carreteras panor\u00e1micas como la <a href=\"https:\/\/www.nps.gov\/thingstodo\/badl-loop-road.htm\">Badlands Loop Road<\/a> te permiten admirar estos paisajes desde varios puntos de vista espectaculares, como Panorama Point y Big Badlands Overlook. Los aficionados al senderismo disfrutar\u00e1n de senderos como el Notch Trail y el Castle Trail, perfectos para explorar el interior de las formaciones rocosas.   <\/p>\n\n<h3 class=\"wp-block-heading\">Black Hills: entre monta\u00f1as y densos bosques<\/h3>\n\n<p>Las Colinas Negras, al oeste de Dakota del Sur, contrastan con las Badlands por sus bosques de pinos y su terreno accidentado. Esta regi\u00f3n es famosa por <a href=\"https:\/\/www.mtrushmorenationalmemorial.com\/\">el Monte Rushmore<\/a>, que alberga esculturas monumentales de presidentes estadounidenses, y <a href=\"https:\/\/gfp.sd.gov\/parks\/detail\/custer-state-park\/\">el Parque Estatal de Custer<\/a>, conocido por su abundante fauna y la legendaria <a href=\"https:\/\/www.custerresorts.com\/activities\/scenic-drives\/needles-highway\">Carretera de las Agujas<\/a>, una sinuosa carretera rodeada de espectaculares formaciones rocosas. <\/p>\n\n<h2 class=\"wp-block-heading\">D\u00f3nde alojarse: ciudades, hoteles y alojamientos inmersivos<\/h2>\n\n<h3 class=\"wp-block-heading\">Alojarse en las cercanas Rapid City y Wall<\/h3>\n\n<p><a href=\"https:\/\/www.rcgov.org\/\">Rapid<\/a> City es la base ideal para explorar las Colinas Negras. Ofrece una amplia gama de alojamientos, desde hoteles econ\u00f3micos a complejos de lujo como <a href=\"https:\/\/www.alexjohnson.com\/\">el Hotel Alex Johnson<\/a>. Para una estancia m\u00e1s cercana a las Badlands, la peque\u00f1a ciudad de <a href=\"https:\/\/www.wall-badlands.com\/\">Wall<\/a>, conocida por su ic\u00f3nica <a href=\"https:\/\/www.walldrug.com\/\">Wall Drug<\/a>, ofrece varios moteles asequibles y un r\u00e1pido acceso al parque nacional.  <\/p>\n\n<h3 class=\"wp-block-heading\">Experiencias \u00fanicas: campings y albergues<\/h3>\n\n<p>Para los amantes de la naturaleza, hay varias opciones de inmersi\u00f3n total:<\/p>\n\n<ul class=\"wp-block-list\">\n<li><a href=\"https:\/\/sagecreekcampground.com\/\">Sage Creek Campground<\/a>, en el Parque de Badlands, un camping r\u00fastico gratuito donde puedes ver a los bisontes al amanecer.<\/li>\n\n\n\n<li><a href=\"https:\/\/www.custerresorts.com\/plan-your-trip\/sylvan-lake-lodge\">Sylvan Lake Lodge<\/a> est\u00e1 enclavado en el coraz\u00f3n de las Colinas Negras, ofreciendo un entorno encantador con acceso directo a rutas de senderismo.<\/li>\n<\/ul>\n\n<h2 class=\"wp-block-heading\">Itinerario detallado para un viaje por carretera con \u00e9xito<\/h2>\n\n<figure class=\"wp-block-table\"><table><tbody><tr><td><strong>D\u00eda<\/strong><\/td><td><strong>Ubicaci\u00f3n<\/strong><\/td><td><strong>Actividades principales<\/strong><\/td><\/tr><tr><td>1<\/td><td>Rapid City<\/td><td>Visita al centro de la ciudad y a los museos locales<\/td><\/tr><tr><td>2<\/td><td>Parque Nacional de Badlands<\/td><td>Caminatas y puesta de sol en el mirador de Pinnacles<\/td><\/tr><tr><td>3<\/td><td>Parque Estatal de Custer<\/td><td>Observaci\u00f3n de bisontes y ruta panor\u00e1mica de la Carretera de las Agujas<\/td><\/tr><tr><td>4<\/td><td>Monte Rushmore y Caballo Loco<\/td><td>Descubre las esculturas monumentales<\/td><\/tr><tr><td>5<\/td><td>Ca\u00f1\u00f3n Spearfish y Deadwood<\/td><td>Paseos por el bosque e inmersi\u00f3n en la historia del Lejano Oeste<\/td><\/tr><\/tbody><\/table><\/figure>\n\n<h3 class=\"wp-block-heading\">Rutas m\u00edticas que no debes perderte<\/h3>\n\n<p>Las carreteras desempe\u00f1an un papel fundamental en la experiencia del viaje por carretera. La carretera Badlands Loop (autopista 240) serpentea por las formaciones rocosas de las Badlands. En las Colinas Negras, la Carretera de las Agujas (Carretera 87) y la Carretera de la Monta\u00f1a de Hierro ofrecen vistas espectaculares de monta\u00f1as y t\u00faneles rocosos.  <\/p>\n\n<h3 class=\"wp-block-heading\">\u00bfCu\u00e1nto durar\u00e1 el viaje?<\/h3>\n\n<p>Una estancia de 5 a 7 d\u00edas es ideal para explorar la regi\u00f3n sin prisas. Deber\u00edas dejar al menos 2 d\u00edas en las Badlands, 3 d\u00edas en las Colinas Negras y un d\u00eda para explorar los alrededores, como el Ca\u00f1\u00f3n Spearfish o la hist\u00f3rica ciudad de Deadwood. <\/p>\n\n<h2 class=\"wp-block-heading\">Los mejores lugares para hacer fotos en Instagram<\/h2>\n\n<h3 class=\"wp-block-heading\">Miradores imprescindibles<\/h3>\n\n<p>Para captar la grandeza del paisaje, \u00e9stos son los lugares a los que debes dirigirte:<\/p>\n\n<ul class=\"wp-block-list\">\n<li><strong>Panorama Point (Parque Nacional de Badlands)<\/strong>: amanecer sobre formaciones rocosas.<\/li>\n\n\n\n<li><strong>Sylvan Lake (Black Hills)<\/strong>: un pintoresco lago rodeado de acantilados.<\/li>\n\n\n\n<li><a href=\"https:\/\/www.needleseyetunnel.org\/\">Needles Eye Tunnel<\/a>: un t\u00fanel excavado en la roca, perfecto para hacer fotos originales.<\/li>\n<\/ul>\n\n<h3 class=\"wp-block-heading\">Lugares ins\u00f3litos para fotos \u00fanicas<\/h3>\n\n<p>Algunas zonas ofrecen perspectivas extraordinarias:<\/p>\n\n<ul class=\"wp-block-list\">\n<li><strong>Wall Drug Dinosaur<\/strong>: una enorme escultura kitsch de un dinosaurio al borde de la carretera.<\/li>\n\n\n\n<li><a href=\"https:\/\/www.chapel-in-the-hills.org\/\">Chapel in the Hills<\/a> (Rapid City): r\u00e9plica de una iglesia escandinava de madera.<\/li>\n<\/ul>\n\n<h2 class=\"wp-block-heading\">Actividades para parejas y familias<\/h2>\n\n<h3 class=\"wp-block-heading\">Actividades rom\u00e1nticas para parejas<\/h3>\n\n<p>Las Badlands y las Colinas Negras son el escenario perfecto para una escapada rom\u00e1ntica. Una cena en una terraza de Deadwood, seguida de un paseo nocturno, ofrece un ambiente \u00fanico. Para una experiencia envolvente, una puesta de sol en Pinnacles Overlook o un crucero por el lago Pactola son momentos inolvidables.  <\/p>\n\n<h3 class=\"wp-block-heading\">Actividades familiares: aventura y descubrimiento<\/h3>\n\n<p>Viajar a esta regi\u00f3n en familia es una forma estupenda de combinar naturaleza y aprendizaje. A los ni\u00f1os les encantar\u00e1: <\/p>\n\n<ul class=\"wp-block-list\">\n<li><a href=\"https:\/\/www.reptilegardens.com\/\">Los Jardines de Reptiles<\/a> de Rapid City, un parque de animales \u00fanico.<\/li>\n\n\n\n<li><a href=\"https:\/\/mammothsite.org\/\">El Yacimiento del Mamut<\/a> en Hot Springs, donde pueden ver f\u00f3siles prehist\u00f3ricos.<\/li>\n\n\n\n<li><a href=\"https:\/\/bearcountryusa.com\/\">Bear Country USA<\/a>, una reserva donde se pueden observar osos en semilibertad.<\/li>\n<\/ul>\n\n<p><br\/>Las Badlands y las Colinas Negras de Dakota del Sur son el destino perfecto para un viaje por carretera inolvidable. Con panoramas espectaculares, carreteras legendarias y alojamientos aut\u00e9nticos, la regi\u00f3n ofrece una inmersi\u00f3n total en la naturaleza salvaje americana. Tanto si eres una pareja en una escapada rom\u00e1ntica, como una familia en una aventura educativa, estas tierras emblem\u00e1ticas te cautivar\u00e1n a cada paso.  <\/p>\n","protected":false},"excerpt":{"rendered":"<p>Viajar por Badlands y Black Hills: Gu\u00eda completa Situadas en Dakota del Sur, las Badlands y las Colinas Negras ofrecen un paisaje espectacular y una inmersi\u00f3n total en la naturaleza salvaje estadounidense. Este viaje por carretera en EE.UU. combina panoramas impresionantes, paradas emblem\u00e1ticas, parques nacionales y experiencias \u00fanicas. Tanto si vas en pareja como en [&hellip;]<\/p>\n","protected":false},"author":1,"featured_media":0,"parent":0,"menu_order":0,"comment_status":"closed","ping_status":"closed","template":"","meta":{"footnotes":""},"class_list":["post-8666","page","type-page","status-publish","hentry"],"yoast_head":"<!-- This site is optimized with the Yoast SEO plugin v27.4 - https:\/\/yoast.com\/product\/yoast-seo-wordpress\/ -->\n<title>Badlands y Black Hills (Dakota del Sur): Gu\u00eda para un viaje por carretera inolvidable - USA B2<\/title>\n<meta name=\"description\" content=\"Descubre las Badlands y Black Hills de Dakota del Sur: itinerario, paisajes, lugares para hacer fotos y actividades para un viaje por carretera inolvidable.\" \/>\n<meta name=\"robots\" content=\"index, follow, max-snippet:-1, max-image-preview:large, max-video-preview:-1\" \/>\n<link rel=\"canonical\" href=\"https:\/\/usa-b2.com\/es\/badlands-et-black-hills-dakota-du-sud\/\" \/>\n<meta property=\"og:locale\" content=\"es_ES\" \/>\n<meta property=\"og:type\" content=\"article\" \/>\n<meta property=\"og:title\" content=\"Badlands y Black Hills (Dakota del Sur): Gu\u00eda para un viaje por carretera inolvidable - USA B2\" \/>\n<meta property=\"og:description\" content=\"Descubre las Badlands y Black Hills de Dakota del Sur: itinerario, paisajes, lugares para hacer fotos y actividades para un viaje por carretera inolvidable.\" \/>\n<meta property=\"og:url\" content=\"https:\/\/usa-b2.com\/es\/badlands-et-black-hills-dakota-du-sud\/\" \/>\n<meta property=\"og:site_name\" content=\"USA B2\" \/>\n<meta property=\"article:modified_time\" content=\"2025-04-10T18:38:10+00:00\" \/>\n<meta property=\"og:image\" content=\"https:\/\/usa-b2.com\/wp-content\/uploads\/2025\/03\/Badlands-National-Park-South-Dakota.jpg\" \/>\n\t<meta property=\"og:image:width\" content=\"1600\" \/>\n\t<meta property=\"og:image:height\" content=\"900\" \/>\n\t<meta property=\"og:image:type\" content=\"image\/jpeg\" \/>\n<meta name=\"twitter:card\" content=\"summary_large_image\" \/>\n<meta name=\"twitter:label1\" content=\"Tiempo de lectura\" \/>\n\t<meta name=\"twitter:data1\" content=\"4 minutos\" \/>\n<script type=\"application\/ld+json\" class=\"yoast-schema-graph\">{\"@context\":\"https:\\\/\\\/schema.org\",\"@graph\":[{\"@type\":\"WebPage\",\"@id\":\"https:\\\/\\\/usa-b2.com\\\/es\\\/badlands-et-black-hills-dakota-du-sud\\\/\",\"url\":\"https:\\\/\\\/usa-b2.com\\\/es\\\/badlands-et-black-hills-dakota-du-sud\\\/\",\"name\":\"Badlands y Black Hills (Dakota del Sur): Gu\u00eda para un viaje por carretera inolvidable - USA B2\",\"isPartOf\":{\"@id\":\"https:\\\/\\\/usa-b2.com\\\/es\\\/#website\"},\"primaryImageOfPage\":{\"@id\":\"https:\\\/\\\/usa-b2.com\\\/es\\\/badlands-et-black-hills-dakota-du-sud\\\/#primaryimage\"},\"image\":{\"@id\":\"https:\\\/\\\/usa-b2.com\\\/es\\\/badlands-et-black-hills-dakota-du-sud\\\/#primaryimage\"},\"thumbnailUrl\":\"https:\\\/\\\/usa-b2.com\\\/wp-content\\\/uploads\\\/2025\\\/03\\\/Badlands-National-Park-South-Dakota-1024x576.jpg\",\"datePublished\":\"2025-03-18T12:34:07+00:00\",\"dateModified\":\"2025-04-10T18:38:10+00:00\",\"description\":\"Descubre las Badlands y Black Hills de Dakota del Sur: itinerario, paisajes, lugares para hacer fotos y actividades para un viaje por carretera inolvidable.\",\"breadcrumb\":{\"@id\":\"https:\\\/\\\/usa-b2.com\\\/es\\\/badlands-et-black-hills-dakota-du-sud\\\/#breadcrumb\"},\"inLanguage\":\"es\",\"potentialAction\":[{\"@type\":\"ReadAction\",\"target\":[\"https:\\\/\\\/usa-b2.com\\\/es\\\/badlands-et-black-hills-dakota-du-sud\\\/\"]}]},{\"@type\":\"ImageObject\",\"inLanguage\":\"es\",\"@id\":\"https:\\\/\\\/usa-b2.com\\\/es\\\/badlands-et-black-hills-dakota-du-sud\\\/#primaryimage\",\"url\":\"https:\\\/\\\/usa-b2.com\\\/wp-content\\\/uploads\\\/2025\\\/03\\\/Badlands-National-Park-South-Dakota-1024x576.jpg\",\"contentUrl\":\"https:\\\/\\\/usa-b2.com\\\/wp-content\\\/uploads\\\/2025\\\/03\\\/Badlands-National-Park-South-Dakota-1024x576.jpg\"},{\"@type\":\"BreadcrumbList\",\"@id\":\"https:\\\/\\\/usa-b2.com\\\/es\\\/badlands-et-black-hills-dakota-du-sud\\\/#breadcrumb\",\"itemListElement\":[{\"@type\":\"ListItem\",\"position\":1,\"name\":\"Accueil\",\"item\":\"https:\\\/\\\/usa-b2.com\\\/es\\\/ee-uu\\\/\"},{\"@type\":\"ListItem\",\"position\":2,\"name\":\"Badlands y Black Hills (Dakota del Sur): Gu\u00eda para un viaje por carretera inolvidable\"}]},{\"@type\":\"WebSite\",\"@id\":\"https:\\\/\\\/usa-b2.com\\\/es\\\/#website\",\"url\":\"https:\\\/\\\/usa-b2.com\\\/es\\\/\",\"name\":\"USA B2 VISA\",\"description\":\"\",\"potentialAction\":[{\"@type\":\"SearchAction\",\"target\":{\"@type\":\"EntryPoint\",\"urlTemplate\":\"https:\\\/\\\/usa-b2.com\\\/es\\\/?s={search_term_string}\"},\"query-input\":{\"@type\":\"PropertyValueSpecification\",\"valueRequired\":true,\"valueName\":\"search_term_string\"}}],\"inLanguage\":\"es\"}]}<\/script>\n<!-- \/ Yoast SEO plugin. -->","yoast_head_json":{"title":"Badlands y Black Hills (Dakota del Sur): Gu\u00eda para un viaje por carretera inolvidable - USA B2","description":"Descubre las Badlands y Black Hills de Dakota del Sur: itinerario, paisajes, lugares para hacer fotos y actividades para un viaje por carretera inolvidable.","robots":{"index":"index","follow":"follow","max-snippet":"max-snippet:-1","max-image-preview":"max-image-preview:large","max-video-preview":"max-video-preview:-1"},"canonical":"https:\/\/usa-b2.com\/es\/badlands-et-black-hills-dakota-du-sud\/","og_locale":"es_ES","og_type":"article","og_title":"Badlands y Black Hills (Dakota del Sur): Gu\u00eda para un viaje por carretera inolvidable - USA B2","og_description":"Descubre las Badlands y Black Hills de Dakota del Sur: itinerario, paisajes, lugares para hacer fotos y actividades para un viaje por carretera inolvidable.","og_url":"https:\/\/usa-b2.com\/es\/badlands-et-black-hills-dakota-du-sud\/","og_site_name":"USA B2","article_modified_time":"2025-04-10T18:38:10+00:00","og_image":[{"width":1600,"height":900,"url":"https:\/\/usa-b2.com\/wp-content\/uploads\/2025\/03\/Badlands-National-Park-South-Dakota.jpg","type":"image\/jpeg"}],"twitter_card":"summary_large_image","twitter_misc":{"Tiempo de lectura":"4 minutos"},"schema":{"@context":"https:\/\/schema.org","@graph":[{"@type":"WebPage","@id":"https:\/\/usa-b2.com\/es\/badlands-et-black-hills-dakota-du-sud\/","url":"https:\/\/usa-b2.com\/es\/badlands-et-black-hills-dakota-du-sud\/","name":"Badlands y Black Hills (Dakota del Sur): Gu\u00eda para un viaje por carretera inolvidable - USA B2","isPartOf":{"@id":"https:\/\/usa-b2.com\/es\/#website"},"primaryImageOfPage":{"@id":"https:\/\/usa-b2.com\/es\/badlands-et-black-hills-dakota-du-sud\/#primaryimage"},"image":{"@id":"https:\/\/usa-b2.com\/es\/badlands-et-black-hills-dakota-du-sud\/#primaryimage"},"thumbnailUrl":"https:\/\/usa-b2.com\/wp-content\/uploads\/2025\/03\/Badlands-National-Park-South-Dakota-1024x576.jpg","datePublished":"2025-03-18T12:34:07+00:00","dateModified":"2025-04-10T18:38:10+00:00","description":"Descubre las Badlands y Black Hills de Dakota del Sur: itinerario, paisajes, lugares para hacer fotos y actividades para un viaje por carretera inolvidable.","breadcrumb":{"@id":"https:\/\/usa-b2.com\/es\/badlands-et-black-hills-dakota-du-sud\/#breadcrumb"},"inLanguage":"es","potentialAction":[{"@type":"ReadAction","target":["https:\/\/usa-b2.com\/es\/badlands-et-black-hills-dakota-du-sud\/"]}]},{"@type":"ImageObject","inLanguage":"es","@id":"https:\/\/usa-b2.com\/es\/badlands-et-black-hills-dakota-du-sud\/#primaryimage","url":"https:\/\/usa-b2.com\/wp-content\/uploads\/2025\/03\/Badlands-National-Park-South-Dakota-1024x576.jpg","contentUrl":"https:\/\/usa-b2.com\/wp-content\/uploads\/2025\/03\/Badlands-National-Park-South-Dakota-1024x576.jpg"},{"@type":"BreadcrumbList","@id":"https:\/\/usa-b2.com\/es\/badlands-et-black-hills-dakota-du-sud\/#breadcrumb","itemListElement":[{"@type":"ListItem","position":1,"name":"Accueil","item":"https:\/\/usa-b2.com\/es\/ee-uu\/"},{"@type":"ListItem","position":2,"name":"Badlands y Black Hills (Dakota del Sur): Gu\u00eda para un viaje por carretera inolvidable"}]},{"@type":"WebSite","@id":"https:\/\/usa-b2.com\/es\/#website","url":"https:\/\/usa-b2.com\/es\/","name":"USA B2 VISA","description":"","potentialAction":[{"@type":"SearchAction","target":{"@type":"EntryPoint","urlTemplate":"https:\/\/usa-b2.com\/es\/?s={search_term_string}"},"query-input":{"@type":"PropertyValueSpecification","valueRequired":true,"valueName":"search_term_string"}}],"inLanguage":"es"}]}},"_links":{"self":[{"href":"https:\/\/usa-b2.com\/es\/wp-json\/wp\/v2\/pages\/8666","targetHints":{"allow":["GET"]}}],"collection":[{"href":"https:\/\/usa-b2.com\/es\/wp-json\/wp\/v2\/pages"}],"about":[{"href":"https:\/\/usa-b2.com\/es\/wp-json\/wp\/v2\/types\/page"}],"author":[{"embeddable":true,"href":"https:\/\/usa-b2.com\/es\/wp-json\/wp\/v2\/users\/1"}],"replies":[{"embeddable":true,"href":"https:\/\/usa-b2.com\/es\/wp-json\/wp\/v2\/comments?post=8666"}],"version-history":[{"count":0,"href":"https:\/\/usa-b2.com\/es\/wp-json\/wp\/v2\/pages\/8666\/revisions"}],"wp:attachment":[{"href":"https:\/\/usa-b2.com\/es\/wp-json\/wp\/v2\/media?parent=8666"}],"curies":[{"name":"wp","href":"https:\/\/api.w.org\/{rel}","templated":true}]}}