{"id":8570,"date":"2025-04-10T16:14:56","date_gmt":"2025-04-10T16:14:56","guid":{"rendered":"https:\/\/usa-b2.com\/visa-b1-b2-ee-uu\/"},"modified":"2025-06-09T18:40:27","modified_gmt":"2025-06-09T18:40:27","slug":"visa-b1-b2-ee-uu","status":"publish","type":"page","link":"https:\/\/usa-b2.com\/es\/visa-b1-b2-ee-uu\/","title":{"rendered":"Visado B1\/B2 para visitar Estados Unidos"},"content":{"rendered":"\n<h1 class=\"wp-block-heading\">El visado b1b2 para viajar a EEUU<\/h1>\n\n<p>El <strong>visado B1\/B2 para EE.UU.<\/strong> es el <a href=\"https:\/\/usa-b2.com\/es\/visado-visitante-ee-uu\/\">visado de visitante estadounidense<\/a> m\u00e1s com\u00fan. Tanto si viajas por negocios como por placer, este visado es la soluci\u00f3n ideal para una <strong>estancia temporal<\/strong> en suelo estadounidense. En esta gu\u00eda encontrar\u00e1s todo lo que necesitas saber sobre el visado <strong>B1\/B2<\/strong>, sus condiciones, su utilidad y c\u00f3mo solicitarlo.  <\/p>\n\n<h2 class=\"wp-block-heading\">\u00bfQu\u00e9 es el visado B1\/B2?<\/h2>\n\n<p>El <strong>visado B1\/B2<\/strong> es un <strong>visado de no inmigrante<\/strong> expedido por las autoridades estadounidenses para las personas que desean entrar en Estados Unidos de forma temporal.<\/p>\n\n<ul class=\"wp-block-list\">\n<li>El <a href=\"https:\/\/usa-b2.com\/es\/visado-b1-ee-uu\/\">visado B1<\/a> es para <strong>viajes de negocios<\/strong> (reuniones, conferencias, contratos, etc.).<\/li>\n\n\n\n<li>El <a href=\"https:\/\/usa-b2.com\/es\/visado-b2\/\">visado B2<\/a> es para <strong>turismo, visitas familiares o tratamiento m\u00e9dico<\/strong>.<\/li>\n\n\n\n<li>A menudo se combinan en un <strong>visado B1\/B2 para EE.UU.<\/strong>, lo que significa que puedes viajar con ambos fines en el mismo documento.<\/li>\n<\/ul>\n\n<div style=\"height:20px\" aria-hidden=\"true\" class=\"wp-block-spacer\"><\/div>\n\n<h2 class=\"wp-block-heading\">\u00bfQui\u00e9n puede solicitar un visado B1\/B2 para EE.UU.?<\/h2>\n\n<p>Cualquier persona que no pueda acogerse <a href=\"https:\/\/usa-b2.com\/es\/que-es-una-esta\/\">al programa ESTA<\/a> o que desee permanecer <strong>en Estados Unidos m\u00e1s de 90 d\u00edas<\/strong> puede solicitar un <strong>visado estadounidense B1 B2<\/strong>. Es especialmente \u00fatil para : <\/p>\n\n<ul class=\"wp-block-list\">\n<li>Ciudadanos de pa\u00edses que no son miembros <a href=\"https:\/\/usa-b2.com\/es\/programa-de-exencion-de-visado\/\">del Programa de Exenci\u00f3n de Visado<\/a><\/li>\n\n\n\n<li>Personas que necesitan m\u00e1s flexibilidad en la duraci\u00f3n o el objetivo de su estancia<\/li>\n\n\n\n<li>Viajeros a los que ya se les ha denegado la autorizaci\u00f3n ESTA<\/li>\n<\/ul>\n\n<div style=\"height:20px\" aria-hidden=\"true\" class=\"wp-block-spacer\"><\/div>\n\n<h2 class=\"wp-block-heading\">Periodo de validez y condiciones del visado B1 B2<\/h2>\n\n<p>El <strong>visado estadounidense B1\/B2<\/strong> puede tener una validez de entre <strong>1 y 10 a\u00f1os<\/strong>, dependiendo de tu pa\u00eds de residencia y de las decisiones del consulado estadounidense. Autoriza a : <\/p>\n\n<ul class=\"wp-block-list\">\n<li><strong>Estancias temporales<\/strong> de hasta 6 meses por entrada<\/li>\n\n\n\n<li><strong>Varias entradas<\/strong> en Estados Unidos durante el periodo de validez<\/li>\n\n\n\n<li>Sin autorizaci\u00f3n para trabajar o estudiar por cuenta ajena<\/li>\n<\/ul>\n\n<p>\ud83d\udd17 Ver tambi\u00e9n: <a href=\"https:\/\/usa-b2.com\/es\/diferencia-entre-visa-y-esta\/\">Diferencia entre ESTA y visado<\/a><br \/>\ud83d\udd17 Ver tambi\u00e9n: <a href=\"https:\/\/usa-b2.com\/es\/pasaporte-viajar-estados-unidos\/\">Pasaporte v\u00e1lido para viajar a EE.UU.<\/a><\/p>\n\n<h2 class=\"wp-block-heading\">\u00bfC\u00f3mo obtengo un visado B1 B2 para Estados Unidos?<\/h2>\n\n<h3 class=\"wp-block-heading\">1. Rellena el formulario DS-160<\/h3>\n\n<p>El <a href=\"https:\/\/usa-b2.com\/es\/ds-160\/\">formulario oficial DS-160<\/a> para todas las solicitudes de <strong>visado de no inmigrante de EE.UU<\/strong>.<\/p>\n\n<h3 class=\"wp-block-heading\">2. Paga la tasa de solicitud<\/h3>\n\n<p>El <a href=\"https:\/\/usa-b2.com\/es\/tasas-visado-b2\/\">precio del visado<\/a> var\u00eda seg\u00fan el tipo de visado estadounidense elegido. En general, el visado <strong>B1\/B2<\/strong> cuesta unos <strong>185 USD<\/strong> en concepto de tasas administrativas que hay que pagar al <a href=\"https:\/\/usa-b2.com\/es\/procedimiento-solicitud-visado-b2\/\">solicitar el visado<\/a>. <\/p>\n\n<h3 class=\"wp-block-heading\">3. Pide cita en la embajada de EEUU<\/h3>\n\n<p>La entrevista es <strong>obligatoria<\/strong> para la mayor\u00eda de los solicitantes. Tendr\u00e1s que explicar los motivos de tu viaje. Consulta nuestro art\u00edculo sobre la <a href=\"https:\/\/usa-b2.com\/es\/cita-visa-embajada-ee-uu\/\">cita en la embajada<\/a> estadounidense para prepararte para este importante paso.  <\/p>\n\n<h3 class=\"wp-block-heading\">4. Prepara los documentos necesarios<\/h3>\n\n<ul class=\"wp-block-list\">\n<li><a href=\"https:\/\/usa-b2.com\/es\/pasaporte-viajar-estados-unidos\/\">Pasaporte v\u00e1lido para EE.UU.<\/a><\/li>\n\n\n\n<li>Foto de pasaporte<\/li>\n\n\n\n<li>Prueba de fondos, itinerario de viaje, cartas de invitaci\u00f3n (si procede)<\/li>\n<\/ul>\n\n<h3 class=\"wp-block-heading\">5. Espera la decisi\u00f3n<\/h3>\n\n<p>El <strong>tiempo necesario para obtener la licencia<\/strong> var\u00eda. Por t\u00e9rmino medio, calcula entre <strong>1 y 4 semanas<\/strong>. <br \/><\/p>\n\n<h2 class=\"wp-block-heading\">Ilustraci\u00f3n del proceso de obtenci\u00f3n de un visado b1\/b2<\/h2>\n\n<figure class=\"wp-block-image size-large\"><img fetchpriority=\"high\" decoding=\"async\" width=\"683\" height=\"1024\" src=\"https:\/\/usa-b2.com\/wp-content\/uploads\/2025\/04\/us-visa-b1b2-683x1024.png\" alt=\"C&#xF3;mo obtener un visado B1 B2\" class=\"wp-image-8440\" srcset=\"https:\/\/usa-b2.com\/wp-content\/uploads\/2025\/04\/us-visa-b1b2-683x1024.png 683w, https:\/\/usa-b2.com\/wp-content\/uploads\/2025\/04\/us-visa-b1b2-200x300.png 200w, https:\/\/usa-b2.com\/wp-content\/uploads\/2025\/04\/us-visa-b1b2-768x1152.png 768w, https:\/\/usa-b2.com\/wp-content\/uploads\/2025\/04\/us-visa-b1b2.png 1024w\" sizes=\"(max-width: 683px) 100vw, 683px\" \/><figcaption class=\"wp-element-caption\">C\u00f3mo obtener un visado B1\/B2<\/figcaption><\/figure>\n\n<h2 class=\"wp-block-heading\">Preguntas frecuentes sobre el visado B1\/B2 para EE.UU.<\/h2>\n\n<h3 class=\"wp-block-heading\">\u00bfPuedo trabajar con un visado B1\/B2?<\/h3>\n\n<p>No. El <strong>visado B1 B2 para EE.UU.<\/strong> est\u00e1 estrictamente reservado a los <strong>visitantes temporales<\/strong> que no ejercen una actividad remunerada ni estudian.<\/p>\n\n<h3 class=\"wp-block-heading\">\u00bfSe puede prorrogar un visado estadounidense B1 y B2?<\/h3>\n\n<p>S\u00ed, pero es <strong>complicado<\/strong>. Hay que solicitar una pr\u00f3rroga <strong>al menos 45 d\u00edas antes del vencimiento<\/strong>. <\/p>\n\n<h3 class=\"wp-block-heading\">\u00bfEs lo mismo que el ESTA?<\/h3>\n\n<p>No. El <strong>ESTA<\/strong> est\u00e1 reservado a determinados pa\u00edses y por un <strong>m\u00e1ximo de 90 d\u00edas<\/strong>. El <strong>visado estadounidense B1\/B2<\/strong> es m\u00e1s flexible pero requiere m\u00e1s tr\u00e1mites. <\/p>\n\n<h2 class=\"wp-block-heading\">\u00bfPor qu\u00e9 elegir el visado B1 B2 para visitar Estados Unidos?<\/h2>\n\n<p>El <strong>visado B1\/B2 para EE.UU.<\/strong> es ideal si deseas :<\/p>\n\n<ul class=\"wp-block-list\">\n<li><strong>Visitar a familiares, hacer turismo, ir al m\u00e9dico<\/strong><\/li>\n\n\n\n<li><strong>Asistir a conferencias y reuniones profesionales<\/strong><\/li>\n\n\n\n<li>Viajar <strong>regularmente a EE.UU.<\/strong> con un visado v\u00e1lido durante varios a\u00f1os<\/li>\n\n\n\n<li>Una <strong>alternativa al ESTA<\/strong><\/li>\n<\/ul>\n\n<h2 class=\"wp-block-heading\">En pocas palabras<\/h2>\n\n<figure class=\"wp-block-table\"><table class=\"has-fixed-layout\"><thead><tr><th>Elemento<\/th><th>Detalle<\/th><\/tr><\/thead><tbody><tr><td>Tipo de visado<\/td><td><strong>Visados B1\/B2<\/strong> (negocios y turismo)<\/td><\/tr><tr><td>Duraci\u00f3n de la estancia<\/td><td>Hasta 6 meses por entrada<\/td><\/tr><tr><td>Periodo de validez<\/td><td>Hasta 10 a\u00f1os<\/td><\/tr><tr><td>N\u00famero de entradas<\/td><td>M\u00faltiple<\/td><\/tr><tr><td>\u00bfPodemos trabajar?<\/td><td>\u274c No<\/td><\/tr><tr><td>\u00bfPodemos estudiar?<\/td><td>\u274c No (salvo en casos especiales)<\/td><\/tr><\/tbody><\/table><\/figure>\n","protected":false},"excerpt":{"rendered":"<p>El visado b1b2 para viajar a EEUU El visado B1\/B2 para EE.UU. es el visado de visitante estadounidense m\u00e1s com\u00fan. Tanto si viajas por negocios como por placer, este visado es la soluci\u00f3n ideal para una estancia temporal en suelo estadounidense. En esta gu\u00eda encontrar\u00e1s todo lo que necesitas saber sobre el visado B1\/B2, sus [&hellip;]<\/p>\n","protected":false},"author":1,"featured_media":0,"parent":0,"menu_order":0,"comment_status":"closed","ping_status":"closed","template":"","meta":{"footnotes":""},"class_list":["post-8570","page","type-page","status-publish","hentry"],"yoast_head":"<!-- This site is optimized with the Yoast SEO plugin v27.4 - https:\/\/yoast.com\/product\/yoast-seo-wordpress\/ -->\n<title>Visado B1\/B2 para visitar Estados Unidos - USA B2<\/title>\n<meta name=\"description\" content=\"El visado b1\/B2 para Estados Unidos permite a los viajeros permanecer por turismo o negocios m\u00e1s de 90 d\u00edas.\" \/>\n<meta name=\"robots\" content=\"index, follow, max-snippet:-1, max-image-preview:large, max-video-preview:-1\" \/>\n<link rel=\"canonical\" href=\"https:\/\/usa-b2.com\/es\/visa-b1-b2-ee-uu\/\" \/>\n<meta property=\"og:locale\" content=\"es_ES\" \/>\n<meta property=\"og:type\" content=\"article\" \/>\n<meta property=\"og:title\" content=\"Visado B1\/B2 para visitar Estados Unidos - USA B2\" \/>\n<meta property=\"og:description\" content=\"El visado b1\/B2 para Estados Unidos permite a los viajeros permanecer por turismo o negocios m\u00e1s de 90 d\u00edas.\" \/>\n<meta property=\"og:url\" content=\"https:\/\/usa-b2.com\/es\/visa-b1-b2-ee-uu\/\" \/>\n<meta property=\"og:site_name\" content=\"USA B2\" \/>\n<meta property=\"article:modified_time\" content=\"2025-06-09T18:40:27+00:00\" \/>\n<meta property=\"og:image\" content=\"https:\/\/usa-b2.com\/wp-content\/uploads\/2025\/04\/us-visa-b1b2.png\" \/>\n\t<meta property=\"og:image:width\" content=\"1024\" \/>\n\t<meta property=\"og:image:height\" content=\"1536\" \/>\n\t<meta property=\"og:image:type\" content=\"image\/png\" \/>\n<meta name=\"twitter:card\" content=\"summary_large_image\" \/>\n<meta name=\"twitter:label1\" content=\"Tiempo de lectura\" \/>\n\t<meta name=\"twitter:data1\" content=\"4 minutos\" \/>\n<script type=\"application\/ld+json\" class=\"yoast-schema-graph\">{\"@context\":\"https:\\\/\\\/schema.org\",\"@graph\":[{\"@type\":\"WebPage\",\"@id\":\"https:\\\/\\\/usa-b2.com\\\/es\\\/visa-b1-b2-ee-uu\\\/\",\"url\":\"https:\\\/\\\/usa-b2.com\\\/es\\\/visa-b1-b2-ee-uu\\\/\",\"name\":\"Visado B1\\\/B2 para visitar Estados Unidos - USA B2\",\"isPartOf\":{\"@id\":\"https:\\\/\\\/usa-b2.com\\\/es\\\/#website\"},\"primaryImageOfPage\":{\"@id\":\"https:\\\/\\\/usa-b2.com\\\/es\\\/visa-b1-b2-ee-uu\\\/#primaryimage\"},\"image\":{\"@id\":\"https:\\\/\\\/usa-b2.com\\\/es\\\/visa-b1-b2-ee-uu\\\/#primaryimage\"},\"thumbnailUrl\":\"https:\\\/\\\/usa-b2.com\\\/wp-content\\\/uploads\\\/2025\\\/04\\\/us-visa-b1b2-683x1024.png\",\"datePublished\":\"2025-04-10T16:14:56+00:00\",\"dateModified\":\"2025-06-09T18:40:27+00:00\",\"description\":\"El visado b1\\\/B2 para Estados Unidos permite a los viajeros permanecer por turismo o negocios m\u00e1s de 90 d\u00edas.\",\"breadcrumb\":{\"@id\":\"https:\\\/\\\/usa-b2.com\\\/es\\\/visa-b1-b2-ee-uu\\\/#breadcrumb\"},\"inLanguage\":\"es\",\"potentialAction\":[{\"@type\":\"ReadAction\",\"target\":[\"https:\\\/\\\/usa-b2.com\\\/es\\\/visa-b1-b2-ee-uu\\\/\"]}]},{\"@type\":\"ImageObject\",\"inLanguage\":\"es\",\"@id\":\"https:\\\/\\\/usa-b2.com\\\/es\\\/visa-b1-b2-ee-uu\\\/#primaryimage\",\"url\":\"https:\\\/\\\/usa-b2.com\\\/wp-content\\\/uploads\\\/2025\\\/04\\\/us-visa-b1b2-683x1024.png\",\"contentUrl\":\"https:\\\/\\\/usa-b2.com\\\/wp-content\\\/uploads\\\/2025\\\/04\\\/us-visa-b1b2-683x1024.png\"},{\"@type\":\"BreadcrumbList\",\"@id\":\"https:\\\/\\\/usa-b2.com\\\/es\\\/visa-b1-b2-ee-uu\\\/#breadcrumb\",\"itemListElement\":[{\"@type\":\"ListItem\",\"position\":1,\"name\":\"Accueil\",\"item\":\"https:\\\/\\\/usa-b2.com\\\/es\\\/ee-uu\\\/\"},{\"@type\":\"ListItem\",\"position\":2,\"name\":\"Visado B1\\\/B2 para visitar Estados Unidos\"}]},{\"@type\":\"WebSite\",\"@id\":\"https:\\\/\\\/usa-b2.com\\\/es\\\/#website\",\"url\":\"https:\\\/\\\/usa-b2.com\\\/es\\\/\",\"name\":\"USA B2 VISA\",\"description\":\"\",\"potentialAction\":[{\"@type\":\"SearchAction\",\"target\":{\"@type\":\"EntryPoint\",\"urlTemplate\":\"https:\\\/\\\/usa-b2.com\\\/es\\\/?s={search_term_string}\"},\"query-input\":{\"@type\":\"PropertyValueSpecification\",\"valueRequired\":true,\"valueName\":\"search_term_string\"}}],\"inLanguage\":\"es\"}]}<\/script>\n<!-- \/ Yoast SEO plugin. -->","yoast_head_json":{"title":"Visado B1\/B2 para visitar Estados Unidos - USA B2","description":"El visado b1\/B2 para Estados Unidos permite a los viajeros permanecer por turismo o negocios m\u00e1s de 90 d\u00edas.","robots":{"index":"index","follow":"follow","max-snippet":"max-snippet:-1","max-image-preview":"max-image-preview:large","max-video-preview":"max-video-preview:-1"},"canonical":"https:\/\/usa-b2.com\/es\/visa-b1-b2-ee-uu\/","og_locale":"es_ES","og_type":"article","og_title":"Visado B1\/B2 para visitar Estados Unidos - USA B2","og_description":"El visado b1\/B2 para Estados Unidos permite a los viajeros permanecer por turismo o negocios m\u00e1s de 90 d\u00edas.","og_url":"https:\/\/usa-b2.com\/es\/visa-b1-b2-ee-uu\/","og_site_name":"USA B2","article_modified_time":"2025-06-09T18:40:27+00:00","og_image":[{"width":1024,"height":1536,"url":"https:\/\/usa-b2.com\/wp-content\/uploads\/2025\/04\/us-visa-b1b2.png","type":"image\/png"}],"twitter_card":"summary_large_image","twitter_misc":{"Tiempo de lectura":"4 minutos"},"schema":{"@context":"https:\/\/schema.org","@graph":[{"@type":"WebPage","@id":"https:\/\/usa-b2.com\/es\/visa-b1-b2-ee-uu\/","url":"https:\/\/usa-b2.com\/es\/visa-b1-b2-ee-uu\/","name":"Visado B1\/B2 para visitar Estados Unidos - USA B2","isPartOf":{"@id":"https:\/\/usa-b2.com\/es\/#website"},"primaryImageOfPage":{"@id":"https:\/\/usa-b2.com\/es\/visa-b1-b2-ee-uu\/#primaryimage"},"image":{"@id":"https:\/\/usa-b2.com\/es\/visa-b1-b2-ee-uu\/#primaryimage"},"thumbnailUrl":"https:\/\/usa-b2.com\/wp-content\/uploads\/2025\/04\/us-visa-b1b2-683x1024.png","datePublished":"2025-04-10T16:14:56+00:00","dateModified":"2025-06-09T18:40:27+00:00","description":"El visado b1\/B2 para Estados Unidos permite a los viajeros permanecer por turismo o negocios m\u00e1s de 90 d\u00edas.","breadcrumb":{"@id":"https:\/\/usa-b2.com\/es\/visa-b1-b2-ee-uu\/#breadcrumb"},"inLanguage":"es","potentialAction":[{"@type":"ReadAction","target":["https:\/\/usa-b2.com\/es\/visa-b1-b2-ee-uu\/"]}]},{"@type":"ImageObject","inLanguage":"es","@id":"https:\/\/usa-b2.com\/es\/visa-b1-b2-ee-uu\/#primaryimage","url":"https:\/\/usa-b2.com\/wp-content\/uploads\/2025\/04\/us-visa-b1b2-683x1024.png","contentUrl":"https:\/\/usa-b2.com\/wp-content\/uploads\/2025\/04\/us-visa-b1b2-683x1024.png"},{"@type":"BreadcrumbList","@id":"https:\/\/usa-b2.com\/es\/visa-b1-b2-ee-uu\/#breadcrumb","itemListElement":[{"@type":"ListItem","position":1,"name":"Accueil","item":"https:\/\/usa-b2.com\/es\/ee-uu\/"},{"@type":"ListItem","position":2,"name":"Visado B1\/B2 para visitar Estados Unidos"}]},{"@type":"WebSite","@id":"https:\/\/usa-b2.com\/es\/#website","url":"https:\/\/usa-b2.com\/es\/","name":"USA B2 VISA","description":"","potentialAction":[{"@type":"SearchAction","target":{"@type":"EntryPoint","urlTemplate":"https:\/\/usa-b2.com\/es\/?s={search_term_string}"},"query-input":{"@type":"PropertyValueSpecification","valueRequired":true,"valueName":"search_term_string"}}],"inLanguage":"es"}]}},"_links":{"self":[{"href":"https:\/\/usa-b2.com\/es\/wp-json\/wp\/v2\/pages\/8570","targetHints":{"allow":["GET"]}}],"collection":[{"href":"https:\/\/usa-b2.com\/es\/wp-json\/wp\/v2\/pages"}],"about":[{"href":"https:\/\/usa-b2.com\/es\/wp-json\/wp\/v2\/types\/page"}],"author":[{"embeddable":true,"href":"https:\/\/usa-b2.com\/es\/wp-json\/wp\/v2\/users\/1"}],"replies":[{"embeddable":true,"href":"https:\/\/usa-b2.com\/es\/wp-json\/wp\/v2\/comments?post=8570"}],"version-history":[{"count":1,"href":"https:\/\/usa-b2.com\/es\/wp-json\/wp\/v2\/pages\/8570\/revisions"}],"predecessor-version":[{"id":9463,"href":"https:\/\/usa-b2.com\/es\/wp-json\/wp\/v2\/pages\/8570\/revisions\/9463"}],"wp:attachment":[{"href":"https:\/\/usa-b2.com\/es\/wp-json\/wp\/v2\/media?parent=8570"}],"curies":[{"name":"wp","href":"https:\/\/api.w.org\/{rel}","templated":true}]}}