{"id":8518,"date":"2025-03-18T12:31:27","date_gmt":"2025-03-18T12:31:27","guid":{"rendered":"https:\/\/usa-b2.com\/route-66-the-mother-road\/"},"modified":"2025-10-16T08:22:52","modified_gmt":"2025-10-16T08:22:52","slug":"route-66-the-mother-road","status":"publish","type":"page","link":"https:\/\/usa-b2.com\/es\/route-66-the-mother-road\/","title":{"rendered":"Ruta 66 (La Carretera Madre): El m\u00edtico viaje por carretera en Estados Unidos"},"content":{"rendered":"\n<h1 class=\"wp-block-heading\">Viaje por carretera por la Ruta 66: \u00bfqu\u00e9 ver y d\u00f3nde parar?<\/h1>\n\n<p><a href=\"https:\/\/www.theroute-66.com\/\">La Ruta 66<\/a>, apodada \u00abLa Carretera Madre\u00bb, es una de las carreteras m\u00e1s emblem\u00e1ticas de Estados Unidos. Atraviesa ocho estados, de <a href=\"https:\/\/www.chicago.gov\/city\/en.html\">Chicago<\/a> a <a href=\"https:\/\/lacity.gov\/\">Los \u00c1ngeles<\/a>, y representa el viaje definitivo por la Am\u00e9rica m\u00e1s profunda. Con sus variados paisajes, moteles de \u00e9poca y lugares hist\u00f3ricos, atrae cada a\u00f1o a miles de viajeros en busca de aventuras. Aqu\u00ed tienes una gu\u00eda detallada para organizar tu viaje por carretera por esta ruta legendaria.   <\/p>\n\n<figure class=\"wp-block-image size-large\"><img fetchpriority=\"high\" decoding=\"async\" width=\"1024\" height=\"576\" src=\"https:\/\/usa-b2.com\/wp-content\/uploads\/2025\/03\/Roadtrip-Route-66-1024x576.jpg\" alt=\"\" class=\"wp-image-8354\" srcset=\"https:\/\/usa-b2.com\/wp-content\/uploads\/2025\/03\/Roadtrip-Route-66-1024x576.jpg 1024w, https:\/\/usa-b2.com\/wp-content\/uploads\/2025\/03\/Roadtrip-Route-66-300x169.jpg 300w, https:\/\/usa-b2.com\/wp-content\/uploads\/2025\/03\/Roadtrip-Route-66-768x432.jpg 768w, https:\/\/usa-b2.com\/wp-content\/uploads\/2025\/03\/Roadtrip-Route-66-1536x864.jpg 1536w, https:\/\/usa-b2.com\/wp-content\/uploads\/2025\/03\/Roadtrip-Route-66-2048x1152.jpg 2048w\" sizes=\"(max-width: 1024px) 100vw, 1024px\" \/><\/figure>\n\n<h2 class=\"wp-block-heading\">Paisajes y parajes naturales ineludibles<\/h2>\n\n<h3 class=\"wp-block-heading\">Parques Nacionales y Parajes Naturales<\/h3>\n\n<p>La Ruta 66 atraviesa varios parques nacionales y paisajes espectaculares que bien merecen la pena. Entre ellos, el <a href=\"https:\/\/www.grandcanyon.org\/experience-grand-canyon\">Parque Nacional del Gran Ca\u00f1\u00f3n<\/a>, en <a href=\"https:\/\/az.gov\/\">Arizona<\/a>, es una visita obligada. Accesible desde Williams, ofrece panoramas impresionantes y numerosas excursiones aptas para todos los niveles. Otro lugar importante es el <g id=\"gid_2\">Parque Nacional del Bosque Petrificado<\/g>, donde podr\u00e1s admirar troncos de \u00e1rboles fosilizados de millones de a\u00f1os de antig\u00fcedad. En <a href=\"https:\/\/www.ca.gov\/\">California<\/a>, la <a href=\"https:\/\/www.mojavepreserve.org\/\">Reserva Nacional de Mojave<\/a> te sumerge en la inmensidad del desierto, con sus dunas y bosques de \u00e1rboles de Josu\u00e9.    <\/p>\n\n<h3 class=\"wp-block-heading\">\u00c1reas de descanso y lugares emblem\u00e1ticos<\/h3>\n\n<p>Las paradas emblem\u00e1ticas de la Ruta 66 son perfectas para sentir el ambiente vintage de la carretera. <a href=\"https:\/\/www.visitamarillo.com\/listing\/cadillac-ranch\/625\/\">Cadillac Ranch<\/a>, en <a href=\"https:\/\/www.texas.gov\/\">Texas<\/a>, es una instalaci\u00f3n art\u00edstica \u00fanica en la que los coches se plantan en el suelo y se cubren de graffiti. En <g id=\"gid_2\">Oklahoma<\/g>, la <g id=\"gid_3\">Ballena Azul de Catoosa<\/g> es un lugar ins\u00f3lito y colorido. Por \u00faltimo, en Los \u00c1ngeles, el <a href=\"https:\/\/www.santamonicapier.org\/\">Muelle de Santa M\u00f3nica<\/a> marca el final de la carretera con su m\u00edtica se\u00f1al de \u00abFin de la Ruta\u00bb.  <\/p>\n\n<h2 class=\"wp-block-heading\">Itinerario detallado de la Ruta 66<\/h2>\n\n<h3 class=\"wp-block-heading\">De Chicago a Oklahoma City<\/h3>\n\n<p>El viaje comienza en <a href=\"https:\/\/www.chicago.gov\/city\/en.html\">Chicago<\/a>, donde la se\u00f1al \u00abComienza la Ruta 66\u00bb marca el inicio. De camino hacia el suroeste, una parada en <g id=\"gid_1\">Saint-Louis<\/g> te permite admirar el<g id=\"gid_2\">Arco de la Puerta<\/g>, s\u00edmbolo de la ciudad. <g id=\"gid_3\">Springfield<\/g>, en Illinois, ofrece un vistazo a la vida de<g id=\"gid_4\">Abraham Lincoln<\/g>. M\u00e1s lejos, <a href=\"https:\/\/www.cityoftulsa.org\/\">Tulsa<\/a> y <a href=\"https:\/\/www.okc.gov\/\">Oklahoma City<\/a> son paradas ineludibles, ricas en historia y cultura.  <\/p>\n\n<h3 class=\"wp-block-heading\">De Oklahoma City a Los \u00c1ngeles<\/h3>\n\n<p>Despu\u00e9s de Oklahoma City, sigue hasta Amarillo, Texas, famosa por el Rancho Cadillac. <g id=\"gid_0\">Nuevo M\u00e9xico<\/g> est\u00e1 lleno de sorpresas, como <g id=\"gid_1\">Albuquerque<\/g>, una ciudad con encanto hispano. En Arizona, <a href=\"https:\/\/www.flagstaff.az.gov\/\">Flagstaff<\/a> es una buena base para explorar el Gran Ca\u00f1\u00f3n. Por \u00faltimo, el viaje termina en Los \u00c1ngeles, donde el muelle de Santa M\u00f3nica marca el final de la Ruta 66.   <\/p>\n\n<h2 class=\"wp-block-heading\">\u00bfD\u00f3nde dormir en la Ruta 66?<\/h2>\n\n<h3 class=\"wp-block-heading\">Hoteles hist\u00f3ricos<\/h3>\n\n<p>La Ruta 66 est\u00e1 repleta de alojamientos legendarios. En el Motel <g id=\"gid_0\">Wigwam<\/g>, en Arizona, puedes dormir en tipis tradicionales. El Motel <g id=\"gid_1\">Blue Swallow<\/g> de Nuevo M\u00e9xico es toda una instituci\u00f3n, con sus luces de ne\u00f3n retro y su ambiente vintage. Para sumergirte en la \u00e9poca dorada del cine, <a href=\"https:\/\/elranchohotelgallup.com\/\">el Hotel El Rancho<\/a>, tambi\u00e9n en Nuevo M\u00e9xico, ha acogido a muchas estrellas de Hollywood.   <\/p>\n\n<h3 class=\"wp-block-heading\">Las mejores ciudades para pasar una noche<\/h3>\n\n<p>Algunas ciudades son ideales para tomarse un descanso. Flagstaff, en Arizona, es un lugar estupendo para visitar el Gran Ca\u00f1\u00f3n y disfrutar del ambiente de monta\u00f1a. <g id=\"gid_0\">Santa Fe<\/g>, en Nuevo M\u00e9xico, es un im\u00e1n para las galer\u00edas de arte y la arquitectura de adobe. Por \u00faltimo, <a href=\"https:\/\/www.barstowca.org\/\">Barstow<\/a>, California, es una escala antes de llegar a Los \u00c1ngeles.  <\/p>\n\n<h2 class=\"wp-block-heading\">Spots fotogr\u00e1ficos instagrammables<\/h2>\n\n<figure class=\"wp-block-table\"><table class=\"has-fixed-layout\"><tbody><tr><td><strong>Foto Spot<\/strong><\/td><td><strong>Ubicaci\u00f3n<\/strong><\/td><td><strong>Inter\u00e9s<\/strong><\/td><\/tr><tr><td>Se\u00f1al de la Ruta 66<\/td><td>Chicago, IL<\/td><td>La ic\u00f3nica se\u00f1al de salida<\/td><\/tr><tr><td>Rancho Cadillac<\/td><td>Amarillo, TX<\/td><td>Una de las instalaciones art\u00edsticas m\u00e1s fotografiadas de la historia<\/td><\/tr><tr><td><a href=\"https:\/\/standinonthecorner.org\/\">De pie en la esquina<\/a><\/td><td>Winslow, AZ<\/td><td>Hecha famosa por la canci\u00f3n de los Eagles<\/td><\/tr><tr><td><a href=\"https:\/\/thebottletreeranch.com\/\">Rancho Elmer&#8217;s Bottle Tree<\/a><\/td><td>Oro Grande, CA<\/td><td>Un lugar surrealista y \u00fanico<\/td><\/tr><tr><td>Muelle de Santa M\u00f3nica<\/td><td>Los Angeles, CA<\/td><td>El final del viaje<\/td><\/tr><\/tbody><\/table><\/figure>\n\n<h2 class=\"wp-block-heading\">Tr\u00e1mites administrativos previos<\/h2>\n\n<p>Antes de emprender la legendaria Ruta 66, aseg\u00farate de realizar todos los tr\u00e1mites del viaje:<\/p>\n\n<ul class=\"wp-block-list\">\n<li>Aseg\u00farate de que tu <a href=\"https:\/\/usa-b2.com\/es\/pasaporte-viajar-estados-unidos\/\">pasaporte es v\u00e1lido para viajar a EEUU<\/a>.<\/li>\n\n\n\n<li>Comprueba que re\u00fanes los requisitos para la <a href=\"https:\/\/usa-b2.com\/es\/que-es-una-esta\/\">autorizaci\u00f3n de viaje ESTA<\/a> en el marco del <a href=\"https:\/\/usa-b2.com\/es\/programa-de-exencion-de-visado\/\">Programa de Exenci\u00f3n de Visado<\/a>. Si no es as\u00ed, tendr\u00e1s que solicitar un <a href=\"https:\/\/usa-b2.com\/es\/visado-b2\/\">visado de turista B2<\/a>, un proceso que puede durar varias semanas. <\/li>\n<\/ul>\n\n<p>As\u00ed que es muy aconsejable planificarlo con antelaci\u00f3n para evitar cualquier contratiempo. Una preparaci\u00f3n rigurosa te garantizar\u00e1 un comienzo sin estr\u00e9s y podr\u00e1s aprovechar al m\u00e1ximo esta legendaria aventura por la Carretera Madre, con sus ciudades emblem\u00e1ticas, sus moteles de \u00e9poca y sus impresionantes paisajes.   <\/p>\n\n<h2 class=\"wp-block-heading\">Actividades para parejas o familias<\/h2>\n\n<h3 class=\"wp-block-heading\">Pareja<\/h3>\n\n<p>Un viaje rom\u00e1ntico por la Ruta 66 ofrece experiencias \u00fanicas. En Santa Fe, los restaurantes con influencias mexicanas y espa\u00f1olas son perfectos para una cena rom\u00e1ntica. El Gran Ca\u00f1\u00f3n, con sus impresionantes puestas de sol, es un momento para compartir en pareja. Por \u00faltimo, una noche bajo las estrellas en el desierto de Mojave ofrece un ambiente m\u00e1gico e \u00edntimo.   <\/p>\n\n<h3 class=\"wp-block-heading\">Familia<\/h3>\n\n<p>Viajar por la Ruta 66 con ni\u00f1os puede ser igual de memorable. En Oklahoma City, el Museo de la Ruta 66 ofrece exposiciones interactivas sobre la historia de la ruta. La Ballena Azul de Catoosa, con su estructura de juegos, es un punto de parada ideal para un divertido descanso. Por \u00faltimo, pero no por ello menos importante, los numerosos parques naturales hacen que el senderismo sea accesible para todos.   <\/p>\n\n<p>La Ruta 66 es el <a href=\"https:\/\/usa-b2.com\/es\/\">viaje por carretera m\u00e1s popular de Estados Unidos<\/a>. Es una aventura inolvidable que combina paisajes impresionantes, lugares hist\u00f3ricos y un aire retro. Tanto si viajas en pareja, en familia o con amigos, este legendario viaje por carretera te sumergir\u00e1 en el coraz\u00f3n del sue\u00f1o americano. Planifica tu itinerario, reserva tu alojamiento y \u00a1sal a descubrir The Mother Road!   <\/p>\n","protected":false},"excerpt":{"rendered":"<p>Viaje por carretera por la Ruta 66: \u00bfqu\u00e9 ver y d\u00f3nde parar? La Ruta 66, apodada \u00abLa Carretera Madre\u00bb, es una de las carreteras m\u00e1s emblem\u00e1ticas de Estados Unidos. Atraviesa ocho estados, de Chicago a Los \u00c1ngeles, y representa el viaje definitivo por la Am\u00e9rica m\u00e1s profunda. Con sus variados paisajes, moteles de \u00e9poca y [&hellip;]<\/p>\n","protected":false},"author":1,"featured_media":0,"parent":0,"menu_order":0,"comment_status":"closed","ping_status":"closed","template":"","meta":{"footnotes":""},"class_list":["post-8518","page","type-page","status-publish","hentry"],"yoast_head":"<!-- This site is optimized with the Yoast SEO plugin v27.4 - https:\/\/yoast.com\/product\/yoast-seo-wordpress\/ -->\n<title>Ruta 66 (La Carretera Madre): El m\u00edtico viaje por carretera en Estados Unidos - USA B2<\/title>\n<meta name=\"description\" content=\"\u00a1Recorre la legendaria Ruta 66: itinerario, paisajes, hoteles, lugares para hacer fotos y actividades imprescindibles para un viaje por carretera inolvidable!\" \/>\n<meta name=\"robots\" content=\"index, follow, max-snippet:-1, max-image-preview:large, max-video-preview:-1\" \/>\n<link rel=\"canonical\" href=\"https:\/\/usa-b2.com\/es\/route-66-the-mother-road\/\" \/>\n<meta property=\"og:locale\" content=\"es_ES\" \/>\n<meta property=\"og:type\" content=\"article\" \/>\n<meta property=\"og:title\" content=\"Ruta 66 (La Carretera Madre): El m\u00edtico viaje por carretera en Estados Unidos - USA B2\" \/>\n<meta property=\"og:description\" content=\"\u00a1Recorre la legendaria Ruta 66: itinerario, paisajes, hoteles, lugares para hacer fotos y actividades imprescindibles para un viaje por carretera inolvidable!\" \/>\n<meta property=\"og:url\" content=\"https:\/\/usa-b2.com\/es\/route-66-the-mother-road\/\" \/>\n<meta property=\"og:site_name\" content=\"USA B2\" \/>\n<meta property=\"article:modified_time\" content=\"2025-10-16T08:22:52+00:00\" \/>\n<meta property=\"og:image\" content=\"https:\/\/usa-b2.com\/wp-content\/uploads\/2025\/03\/Roadtrip-Route-66-scaled.jpg\" \/>\n\t<meta property=\"og:image:width\" content=\"2560\" \/>\n\t<meta property=\"og:image:height\" content=\"1440\" \/>\n\t<meta property=\"og:image:type\" content=\"image\/jpeg\" \/>\n<meta name=\"twitter:card\" content=\"summary_large_image\" \/>\n<meta name=\"twitter:label1\" content=\"Tiempo de lectura\" \/>\n\t<meta name=\"twitter:data1\" content=\"5 minutos\" \/>\n<script type=\"application\/ld+json\" class=\"yoast-schema-graph\">{\"@context\":\"https:\\\/\\\/schema.org\",\"@graph\":[{\"@type\":\"WebPage\",\"@id\":\"https:\\\/\\\/usa-b2.com\\\/es\\\/route-66-the-mother-road\\\/\",\"url\":\"https:\\\/\\\/usa-b2.com\\\/es\\\/route-66-the-mother-road\\\/\",\"name\":\"Ruta 66 (La Carretera Madre): El m\u00edtico viaje por carretera en Estados Unidos - USA B2\",\"isPartOf\":{\"@id\":\"https:\\\/\\\/usa-b2.com\\\/es\\\/#website\"},\"primaryImageOfPage\":{\"@id\":\"https:\\\/\\\/usa-b2.com\\\/es\\\/route-66-the-mother-road\\\/#primaryimage\"},\"image\":{\"@id\":\"https:\\\/\\\/usa-b2.com\\\/es\\\/route-66-the-mother-road\\\/#primaryimage\"},\"thumbnailUrl\":\"https:\\\/\\\/usa-b2.com\\\/wp-content\\\/uploads\\\/2025\\\/03\\\/Roadtrip-Route-66-1024x576.jpg\",\"datePublished\":\"2025-03-18T12:31:27+00:00\",\"dateModified\":\"2025-10-16T08:22:52+00:00\",\"description\":\"\u00a1Recorre la legendaria Ruta 66: itinerario, paisajes, hoteles, lugares para hacer fotos y actividades imprescindibles para un viaje por carretera inolvidable!\",\"breadcrumb\":{\"@id\":\"https:\\\/\\\/usa-b2.com\\\/es\\\/route-66-the-mother-road\\\/#breadcrumb\"},\"inLanguage\":\"es\",\"potentialAction\":[{\"@type\":\"ReadAction\",\"target\":[\"https:\\\/\\\/usa-b2.com\\\/es\\\/route-66-the-mother-road\\\/\"]}]},{\"@type\":\"ImageObject\",\"inLanguage\":\"es\",\"@id\":\"https:\\\/\\\/usa-b2.com\\\/es\\\/route-66-the-mother-road\\\/#primaryimage\",\"url\":\"https:\\\/\\\/usa-b2.com\\\/wp-content\\\/uploads\\\/2025\\\/03\\\/Roadtrip-Route-66-1024x576.jpg\",\"contentUrl\":\"https:\\\/\\\/usa-b2.com\\\/wp-content\\\/uploads\\\/2025\\\/03\\\/Roadtrip-Route-66-1024x576.jpg\"},{\"@type\":\"BreadcrumbList\",\"@id\":\"https:\\\/\\\/usa-b2.com\\\/es\\\/route-66-the-mother-road\\\/#breadcrumb\",\"itemListElement\":[{\"@type\":\"ListItem\",\"position\":1,\"name\":\"Accueil\",\"item\":\"https:\\\/\\\/usa-b2.com\\\/es\\\/ee-uu\\\/\"},{\"@type\":\"ListItem\",\"position\":2,\"name\":\"Ruta 66 (La Carretera Madre): El m\u00edtico viaje por carretera en Estados Unidos\"}]},{\"@type\":\"WebSite\",\"@id\":\"https:\\\/\\\/usa-b2.com\\\/es\\\/#website\",\"url\":\"https:\\\/\\\/usa-b2.com\\\/es\\\/\",\"name\":\"USA B2 VISA\",\"description\":\"\",\"potentialAction\":[{\"@type\":\"SearchAction\",\"target\":{\"@type\":\"EntryPoint\",\"urlTemplate\":\"https:\\\/\\\/usa-b2.com\\\/es\\\/?s={search_term_string}\"},\"query-input\":{\"@type\":\"PropertyValueSpecification\",\"valueRequired\":true,\"valueName\":\"search_term_string\"}}],\"inLanguage\":\"es\"}]}<\/script>\n<!-- \/ Yoast SEO plugin. -->","yoast_head_json":{"title":"Ruta 66 (La Carretera Madre): El m\u00edtico viaje por carretera en Estados Unidos - USA B2","description":"\u00a1Recorre la legendaria Ruta 66: itinerario, paisajes, hoteles, lugares para hacer fotos y actividades imprescindibles para un viaje por carretera inolvidable!","robots":{"index":"index","follow":"follow","max-snippet":"max-snippet:-1","max-image-preview":"max-image-preview:large","max-video-preview":"max-video-preview:-1"},"canonical":"https:\/\/usa-b2.com\/es\/route-66-the-mother-road\/","og_locale":"es_ES","og_type":"article","og_title":"Ruta 66 (La Carretera Madre): El m\u00edtico viaje por carretera en Estados Unidos - USA B2","og_description":"\u00a1Recorre la legendaria Ruta 66: itinerario, paisajes, hoteles, lugares para hacer fotos y actividades imprescindibles para un viaje por carretera inolvidable!","og_url":"https:\/\/usa-b2.com\/es\/route-66-the-mother-road\/","og_site_name":"USA B2","article_modified_time":"2025-10-16T08:22:52+00:00","og_image":[{"width":2560,"height":1440,"url":"https:\/\/usa-b2.com\/wp-content\/uploads\/2025\/03\/Roadtrip-Route-66-scaled.jpg","type":"image\/jpeg"}],"twitter_card":"summary_large_image","twitter_misc":{"Tiempo de lectura":"5 minutos"},"schema":{"@context":"https:\/\/schema.org","@graph":[{"@type":"WebPage","@id":"https:\/\/usa-b2.com\/es\/route-66-the-mother-road\/","url":"https:\/\/usa-b2.com\/es\/route-66-the-mother-road\/","name":"Ruta 66 (La Carretera Madre): El m\u00edtico viaje por carretera en Estados Unidos - USA B2","isPartOf":{"@id":"https:\/\/usa-b2.com\/es\/#website"},"primaryImageOfPage":{"@id":"https:\/\/usa-b2.com\/es\/route-66-the-mother-road\/#primaryimage"},"image":{"@id":"https:\/\/usa-b2.com\/es\/route-66-the-mother-road\/#primaryimage"},"thumbnailUrl":"https:\/\/usa-b2.com\/wp-content\/uploads\/2025\/03\/Roadtrip-Route-66-1024x576.jpg","datePublished":"2025-03-18T12:31:27+00:00","dateModified":"2025-10-16T08:22:52+00:00","description":"\u00a1Recorre la legendaria Ruta 66: itinerario, paisajes, hoteles, lugares para hacer fotos y actividades imprescindibles para un viaje por carretera inolvidable!","breadcrumb":{"@id":"https:\/\/usa-b2.com\/es\/route-66-the-mother-road\/#breadcrumb"},"inLanguage":"es","potentialAction":[{"@type":"ReadAction","target":["https:\/\/usa-b2.com\/es\/route-66-the-mother-road\/"]}]},{"@type":"ImageObject","inLanguage":"es","@id":"https:\/\/usa-b2.com\/es\/route-66-the-mother-road\/#primaryimage","url":"https:\/\/usa-b2.com\/wp-content\/uploads\/2025\/03\/Roadtrip-Route-66-1024x576.jpg","contentUrl":"https:\/\/usa-b2.com\/wp-content\/uploads\/2025\/03\/Roadtrip-Route-66-1024x576.jpg"},{"@type":"BreadcrumbList","@id":"https:\/\/usa-b2.com\/es\/route-66-the-mother-road\/#breadcrumb","itemListElement":[{"@type":"ListItem","position":1,"name":"Accueil","item":"https:\/\/usa-b2.com\/es\/ee-uu\/"},{"@type":"ListItem","position":2,"name":"Ruta 66 (La Carretera Madre): El m\u00edtico viaje por carretera en Estados Unidos"}]},{"@type":"WebSite","@id":"https:\/\/usa-b2.com\/es\/#website","url":"https:\/\/usa-b2.com\/es\/","name":"USA B2 VISA","description":"","potentialAction":[{"@type":"SearchAction","target":{"@type":"EntryPoint","urlTemplate":"https:\/\/usa-b2.com\/es\/?s={search_term_string}"},"query-input":{"@type":"PropertyValueSpecification","valueRequired":true,"valueName":"search_term_string"}}],"inLanguage":"es"}]}},"_links":{"self":[{"href":"https:\/\/usa-b2.com\/es\/wp-json\/wp\/v2\/pages\/8518","targetHints":{"allow":["GET"]}}],"collection":[{"href":"https:\/\/usa-b2.com\/es\/wp-json\/wp\/v2\/pages"}],"about":[{"href":"https:\/\/usa-b2.com\/es\/wp-json\/wp\/v2\/types\/page"}],"author":[{"embeddable":true,"href":"https:\/\/usa-b2.com\/es\/wp-json\/wp\/v2\/users\/1"}],"replies":[{"embeddable":true,"href":"https:\/\/usa-b2.com\/es\/wp-json\/wp\/v2\/comments?post=8518"}],"version-history":[{"count":3,"href":"https:\/\/usa-b2.com\/es\/wp-json\/wp\/v2\/pages\/8518\/revisions"}],"predecessor-version":[{"id":10610,"href":"https:\/\/usa-b2.com\/es\/wp-json\/wp\/v2\/pages\/8518\/revisions\/10610"}],"wp:attachment":[{"href":"https:\/\/usa-b2.com\/es\/wp-json\/wp\/v2\/media?parent=8518"}],"curies":[{"name":"wp","href":"https:\/\/api.w.org\/{rel}","templated":true}]}}