{"id":8513,"date":"2025-03-18T12:35:33","date_gmt":"2025-03-18T12:35:33","guid":{"rendered":"https:\/\/usa-b2.com\/ozarks-scenic-byway-missouri\/"},"modified":"2025-04-10T17:33:39","modified_gmt":"2025-04-10T17:33:39","slug":"ozarks-scenic-byway-missouri","status":"publish","type":"page","link":"https:\/\/usa-b2.com\/es\/ozarks-scenic-byway-missouri\/","title":{"rendered":"Ruta panor\u00e1mica de los Ozarks (Misuri): La ruta imprescindible para una aventura en el coraz\u00f3n de los Ozarksdonne"},"content":{"rendered":"\n<h1 class=\"wp-block-heading\">Viaje por carretera por la Ozarks Scenic Byway: gu\u00eda completa<\/h1>\n\n<p>La<a href=\"https:\/\/www.ozarkrun.org\/\">Ozarks Scenic Byway<\/a> es una ruta panor\u00e1mica por el coraz\u00f3n de <a href=\"https:\/\/www.mo.gov\/\">Misuri<\/a>, que atraviesa impresionantes paisajes de monta\u00f1as, bosques y r\u00edos cristalinos. Conocida por sus parques nacionales, vistas espectaculares y paradas imprescindibles, este <a href=\"https:\/\/usa-b2.com\/es\/\">viaje por carretera estadounidense<\/a> es ideal para una inmersiva escapada a la naturaleza. Tanto si viajas en pareja como en familia, este itinerario te reserva descubrimientos inolvidables. En este art\u00edculo encontrar\u00e1s todo lo que necesitas saber para planificar tu viaje por la Ozarks Scenic Byway: lugares imprescindibles, los mejores rincones para hacer fotos, alojamiento y actividades para todos los gustos.   <\/p>\n\n<figure class=\"wp-block-image size-full\"><img fetchpriority=\"high\" decoding=\"async\" width=\"900\" height=\"506\" src=\"https:\/\/usa-b2.com\/wp-content\/uploads\/2025\/03\/Ozarks-Scenic-Byway-Missouri-USA.jpg\" alt=\"\" class=\"wp-image-8415\" srcset=\"https:\/\/usa-b2.com\/wp-content\/uploads\/2025\/03\/Ozarks-Scenic-Byway-Missouri-USA.jpg 900w, https:\/\/usa-b2.com\/wp-content\/uploads\/2025\/03\/Ozarks-Scenic-Byway-Missouri-USA-300x169.jpg 300w, https:\/\/usa-b2.com\/wp-content\/uploads\/2025\/03\/Ozarks-Scenic-Byway-Missouri-USA-768x432.jpg 768w\" sizes=\"(max-width: 900px) 100vw, 900px\" \/><\/figure>\n\n<h2 class=\"wp-block-heading\">Lugares imprescindibles de la Ruta panor\u00e1mica de los Ozarks: parques nacionales y paisajes extraordinarios<\/h2>\n\n<h3 class=\"wp-block-heading\">Parques nacionales por descubrir<\/h3>\n\n<p><a href=\"https:\/\/www.fs.usda.gov\/mtnf\">El Bosque Nacional Mark Twain<\/a> es una de las principales paradas de la Ruta Esc\u00e9nica de los Ozarks. Con m\u00e1s de 6.000 km\u00b2 de naturaleza virgen, este parque nacional ofrece multitud de rutas de senderismo, lagos y r\u00edos perfectos para actividades al aire libre. Los amantes de la naturaleza apreciar\u00e1n especialmente el sendero Glade Top, un camino panor\u00e1mico que ofrece vistas espectaculares de las colinas de los Ozarks.  <\/p>\n\n<ol class=\"wp-block-list\">\n<li><\/li>\n<\/ol>\n\n<p>Otro lugar que no debes perderte es <a href=\"https:\/\/mostateparks.com\/park\/ha-ha-tonka-state-park\">el Parque Estatal de Ha Ha Tonka<\/a>, famoso por las ruinas de su castillo hist\u00f3rico y sus impresionantes formaciones rocosas. Sus senderos ofrecen impresionantes vistas del Lago de los Ozarks. <\/p>\n\n<h3 class=\"wp-block-heading\">Paradas y miradores imprescindibles<\/h3>\n\n<p>El <a href=\"https:\/\/www.fs.usda.gov\/recarea\/mtnf\/recarea\/?recid=21752\">paraje natural de Devil&#8217;s Backbone<\/a> es uno de los miradores m\u00e1s impresionantes de la ruta. Esta zona natural protegida es ideal para observar la vida salvaje, incluidos ciervos y \u00e1guilas calvas. <\/p>\n\n<p>A mitad de la ruta, haz una parada en Big Spring, uno de los mayores manantiales naturales de Estados Unidos, del que brotan cada d\u00eda m\u00e1s de 300 millones de galones de agua. Este lugar es perfecto para hacer un picnic en plena naturaleza. <\/p>\n\n<h2 class=\"wp-block-heading\">\u00bfD\u00f3nde alojarse en la Ruta panor\u00e1mica de los Ozarks? Las mejores ciudades y alojamientos <\/h2>\n\n<h3 class=\"wp-block-heading\">Ciudades en las que parar<\/h3>\n\n<p>Hay varias ciudades a lo largo de la Ozarks Scenic Byway que ofrecen diferentes opciones de alojamiento. Branson es una de las paradas m\u00e1s populares, con sus numerosos hoteles, posadas y casas de campo junto al lago. Tambi\u00e9n es un destino animado, con m\u00fasica en directo y atracciones tur\u00edsticas.  <\/p>\n\n<ol start=\"2\" class=\"wp-block-list\">\n<li><\/li>\n<\/ol>\n\n<p>Otra opci\u00f3n es Eminence, un pueblecito encantador a orillas del <a href=\"https:\/\/www.current-river.com\/\">r\u00edo Current<\/a>, perfecto para los amantes de la naturaleza y la tranquilidad. Cuenta con muchas aut\u00e9nticas caba\u00f1as de madera y bed &amp; breakfast. <\/p>\n\n<h3 class=\"wp-block-heading\">El mejor alojamiento para una estancia satisfactoria<\/h3>\n\n<p>Aqu\u00ed tienes una tabla con los mejores tipos de alojamiento seg\u00fan tu estilo de viaje:<\/p>\n\n<figure class=\"wp-block-table\"><table class=\"has-fixed-layout\"><tbody><tr><td><strong>Tipo de alojamiento<\/strong><\/td><td><strong>Ubicaci\u00f3n<\/strong><\/td><td><strong>Ideal para<\/strong><\/td><td><strong>Precio medio\/noche<\/strong><\/td><\/tr><tr><td>Hotel con encanto<\/td><td><a href=\"https:\/\/bransonmo.gov\/\">Branson<\/a><\/td><td>Confort y servicios<\/td><td>120 $<\/td><\/tr><tr><td>Albergue en el bosque<\/td><td><a href=\"https:\/\/www.eminencecottagescamp.com\/accommodations\/cottages-cabins-lodge.html\">Eminencia<\/a><\/td><td>Inmersi\u00f3n en la naturaleza<\/td><td>80 $<\/td><\/tr><tr><td>Camping<\/td><td>Bosque Nacional Mark Twain<\/td><td>Aventureros<\/td><td>30 $<\/td><\/tr><tr><td>Airbnb junto al lago<\/td><td><a href=\"https:\/\/funlake.com\/\">Lago de los Ozarks<\/a><\/td><td>Estancias para parejas o familias<\/td><td>150 $<\/td><\/tr><\/tbody><\/table><\/figure>\n\n<h2 class=\"wp-block-heading\">Itinerario detallado de la Ruta panor\u00e1mica de los Ozarks<\/h2>\n\n<h3 class=\"wp-block-heading\">El punto de partida y la primera secci\u00f3n<\/h3>\n\n<p>La ruta suele comenzar en Springfield, donde puedes alquilar f\u00e1cilmente un coche para recorrerla. Toma la autopista 65 Sur hasta Branson, una ciudad que marca el inicio del caracter\u00edstico paisaje ondulado de los Ozarks. <\/p>\n\n<ol start=\"3\" class=\"wp-block-list\">\n<li><\/li>\n<\/ol>\n\n<p>Contin\u00faa por la carretera 160, serpenteando a trav\u00e9s de densos bosques y junto a sinuosos r\u00edos. Haz un descanso en <a href=\"https:\/\/www.bullshoals.com\/\">el lago Bull Shoals<\/a>, un lugar ideal para contemplar el amanecer sobre las tranquilas aguas. <\/p>\n\n<h3 class=\"wp-block-heading\">Cruzando los Ozarks y el final de la ruta<\/h3>\n\n<p>Siguiendo hacia el este, la ruta pasa por <a href=\"https:\/\/www.mostateparks.com\/park\/current-river-state-park\">el Parque Estatal del R\u00edo Corriente<\/a>, imprescindible para hacer senderismo o darse un refrescante ba\u00f1o. Por \u00faltimo, termina tu viaje en Van Buren, un pintoresco pueblo en el l\u00edmite del Parque Estatal de Big Spring. <\/p>\n\n<h2 class=\"wp-block-heading\">Lugares fotogr\u00e1ficos instagrammables que no te puedes perder<\/h2>\n\n<h3 class=\"wp-block-heading\">Los paisajes m\u00e1s fotog\u00e9nicos<\/h3>\n\n<p>El Mirador Panor\u00e1mico del Sendero de Glade Top es uno de los lugares m\u00e1s populares para los fot\u00f3grafos. Con vistas ininterrumpidas sobre los valles boscosos de los Ozarks, es el lugar perfecto para captar una puesta de sol inolvidable. <\/p>\n\n<p>Otro lugar de visita obligada son las ruinas del castillo de Ha Ha Tonka, que ofrecen un entorno \u00fanico y misterioso con vistas al lago.<\/p>\n\n<h3 class=\"wp-block-heading\">Los mejores lugares para hacer fotos junto al agua<\/h3>\n\n<p>El Lago de los Ozarks es el tel\u00f3n de fondo perfecto para hacer fotos junto al agua, sobre todo desde la Cueva de la Novia, una pintoresca gruta iluminada por luces naturales y artificiales.<\/p>\n\n<h2 class=\"wp-block-heading\">\u00bfQu\u00e9 puedes hacer en pareja en la Ruta Esc\u00e9nica de los Ozarks?<\/h2>\n\n<h3 class=\"wp-block-heading\">Experiencias rom\u00e1nticas<\/h3>\n\n<p>Un crucero con cena por el Lago de los Ozarks es la opci\u00f3n perfecta para un momento rom\u00e1ntico. Varias empresas ofrecen cruceros con comidas gourmet y una puesta de sol de fondo. <\/p>\n\n<h3 class=\"wp-block-heading\">Actividades para relajarse juntos<\/h3>\n\n<p>Las aguas termales de Big Spring son un lugar ideal para relajarse tras un d\u00eda en la carretera. Disfruta de un momento de bienestar en estas aguas naturalmente c\u00e1lidas. <\/p>\n\n<h2 class=\"wp-block-heading\">\u00bfQu\u00e9 puede hacer la familia en la Ruta Esc\u00e9nica de los Ozarks?<\/h2>\n\n<h3 class=\"wp-block-heading\">Actividades para grandes y peque\u00f1os<\/h3>\n\n<p><a href=\"https:\/\/www.silverdollarcity.com\/\">Silver Dollar City<\/a>, un parque de atracciones de Branson, es la parada perfecta para las familias. Ofrece monta\u00f1as rusas, espect\u00e1culos interactivos y talleres de manualidades. <\/p>\n\n<h3 class=\"wp-block-heading\">Descubrimientos educativos y naturales<\/h3>\n\n<p>El <a href=\"https:\/\/www.monatsci.org\/\">Instituto de Ciencias Naturales de Misuri<\/a>, en <a href=\"https:\/\/www.springfieldmo.gov\/\">Springfield<\/a>, es un museo fascinante con f\u00f3siles, gemas y exposiciones interactivas sobre la historia natural de la regi\u00f3n.<br\/><\/p>\n\n<p>La Ruta Esc\u00e9nica de los Ozarks es el destino perfecto para una aventura por Missouri, tanto si viajas en pareja como en familia. Con sus parques nacionales v\u00edrgenes, encantadores alojamientos, espectaculares oportunidades fotogr\u00e1ficas y un mont\u00f3n de actividades para todos los gustos, esta ruta promete una experiencia inolvidable. Planifica tu itinerario, reserva tu alojamiento y \u00a1sal a descubrir los magn\u00edficos paisajes de los Ozarks!  <\/p>\n","protected":false},"excerpt":{"rendered":"<p>Viaje por carretera por la Ozarks Scenic Byway: gu\u00eda completa LaOzarks Scenic Byway es una ruta panor\u00e1mica por el coraz\u00f3n de Misuri, que atraviesa impresionantes paisajes de monta\u00f1as, bosques y r\u00edos cristalinos. Conocida por sus parques nacionales, vistas espectaculares y paradas imprescindibles, este viaje por carretera estadounidense es ideal para una inmersiva escapada a la [&hellip;]<\/p>\n","protected":false},"author":1,"featured_media":0,"parent":0,"menu_order":0,"comment_status":"closed","ping_status":"closed","template":"","meta":{"footnotes":""},"class_list":["post-8513","page","type-page","status-publish","hentry"],"yoast_head":"<!-- This site is optimized with the Yoast SEO plugin v27.4 - https:\/\/yoast.com\/product\/yoast-seo-wordpress\/ -->\n<title>Ruta panor\u00e1mica de los Ozarks (Misuri): La ruta imprescindible para una aventura en el coraz\u00f3n de los Ozarksdonne - USA B2<\/title>\n<meta name=\"description\" content=\"Descubre la Ruta panor\u00e1mica de los Ozarks en Misuri: itinerario, parques nacionales, alojamiento, lugares para hacer fotos y actividades para un viaje por carretera con \u00e9xito.\" \/>\n<meta name=\"robots\" content=\"index, follow, max-snippet:-1, max-image-preview:large, max-video-preview:-1\" \/>\n<link rel=\"canonical\" href=\"https:\/\/usa-b2.com\/es\/ozarks-scenic-byway-missouri\/\" \/>\n<meta property=\"og:locale\" content=\"es_ES\" \/>\n<meta property=\"og:type\" content=\"article\" \/>\n<meta property=\"og:title\" content=\"Ruta panor\u00e1mica de los Ozarks (Misuri): La ruta imprescindible para una aventura en el coraz\u00f3n de los Ozarksdonne - USA B2\" \/>\n<meta property=\"og:description\" content=\"Descubre la Ruta panor\u00e1mica de los Ozarks en Misuri: itinerario, parques nacionales, alojamiento, lugares para hacer fotos y actividades para un viaje por carretera con \u00e9xito.\" \/>\n<meta property=\"og:url\" content=\"https:\/\/usa-b2.com\/es\/ozarks-scenic-byway-missouri\/\" \/>\n<meta property=\"og:site_name\" content=\"USA B2\" \/>\n<meta property=\"article:modified_time\" content=\"2025-04-10T17:33:39+00:00\" \/>\n<meta property=\"og:image\" content=\"https:\/\/usa-b2.com\/wp-content\/uploads\/2025\/03\/Ozarks-Scenic-Byway-Missouri-USA.jpg\" \/>\n\t<meta property=\"og:image:width\" content=\"900\" \/>\n\t<meta property=\"og:image:height\" content=\"506\" \/>\n\t<meta property=\"og:image:type\" content=\"image\/jpeg\" \/>\n<meta name=\"twitter:card\" content=\"summary_large_image\" \/>\n<meta name=\"twitter:label1\" content=\"Tiempo de lectura\" \/>\n\t<meta name=\"twitter:data1\" content=\"5 minutos\" \/>\n<script type=\"application\/ld+json\" class=\"yoast-schema-graph\">{\"@context\":\"https:\\\/\\\/schema.org\",\"@graph\":[{\"@type\":\"WebPage\",\"@id\":\"https:\\\/\\\/usa-b2.com\\\/es\\\/ozarks-scenic-byway-missouri\\\/\",\"url\":\"https:\\\/\\\/usa-b2.com\\\/es\\\/ozarks-scenic-byway-missouri\\\/\",\"name\":\"Ruta panor\u00e1mica de los Ozarks (Misuri): La ruta imprescindible para una aventura en el coraz\u00f3n de los Ozarksdonne - USA B2\",\"isPartOf\":{\"@id\":\"https:\\\/\\\/usa-b2.com\\\/es\\\/#website\"},\"primaryImageOfPage\":{\"@id\":\"https:\\\/\\\/usa-b2.com\\\/es\\\/ozarks-scenic-byway-missouri\\\/#primaryimage\"},\"image\":{\"@id\":\"https:\\\/\\\/usa-b2.com\\\/es\\\/ozarks-scenic-byway-missouri\\\/#primaryimage\"},\"thumbnailUrl\":\"https:\\\/\\\/usa-b2.com\\\/wp-content\\\/uploads\\\/2025\\\/03\\\/Ozarks-Scenic-Byway-Missouri-USA.jpg\",\"datePublished\":\"2025-03-18T12:35:33+00:00\",\"dateModified\":\"2025-04-10T17:33:39+00:00\",\"description\":\"Descubre la Ruta panor\u00e1mica de los Ozarks en Misuri: itinerario, parques nacionales, alojamiento, lugares para hacer fotos y actividades para un viaje por carretera con \u00e9xito.\",\"breadcrumb\":{\"@id\":\"https:\\\/\\\/usa-b2.com\\\/es\\\/ozarks-scenic-byway-missouri\\\/#breadcrumb\"},\"inLanguage\":\"es\",\"potentialAction\":[{\"@type\":\"ReadAction\",\"target\":[\"https:\\\/\\\/usa-b2.com\\\/es\\\/ozarks-scenic-byway-missouri\\\/\"]}]},{\"@type\":\"ImageObject\",\"inLanguage\":\"es\",\"@id\":\"https:\\\/\\\/usa-b2.com\\\/es\\\/ozarks-scenic-byway-missouri\\\/#primaryimage\",\"url\":\"https:\\\/\\\/usa-b2.com\\\/wp-content\\\/uploads\\\/2025\\\/03\\\/Ozarks-Scenic-Byway-Missouri-USA.jpg\",\"contentUrl\":\"https:\\\/\\\/usa-b2.com\\\/wp-content\\\/uploads\\\/2025\\\/03\\\/Ozarks-Scenic-Byway-Missouri-USA.jpg\"},{\"@type\":\"BreadcrumbList\",\"@id\":\"https:\\\/\\\/usa-b2.com\\\/es\\\/ozarks-scenic-byway-missouri\\\/#breadcrumb\",\"itemListElement\":[{\"@type\":\"ListItem\",\"position\":1,\"name\":\"Accueil\",\"item\":\"https:\\\/\\\/usa-b2.com\\\/es\\\/ee-uu\\\/\"},{\"@type\":\"ListItem\",\"position\":2,\"name\":\"Ruta panor\u00e1mica de los Ozarks (Misuri): La ruta imprescindible para una aventura en el coraz\u00f3n de los Ozarksdonne\"}]},{\"@type\":\"WebSite\",\"@id\":\"https:\\\/\\\/usa-b2.com\\\/es\\\/#website\",\"url\":\"https:\\\/\\\/usa-b2.com\\\/es\\\/\",\"name\":\"USA B2 VISA\",\"description\":\"\",\"potentialAction\":[{\"@type\":\"SearchAction\",\"target\":{\"@type\":\"EntryPoint\",\"urlTemplate\":\"https:\\\/\\\/usa-b2.com\\\/es\\\/?s={search_term_string}\"},\"query-input\":{\"@type\":\"PropertyValueSpecification\",\"valueRequired\":true,\"valueName\":\"search_term_string\"}}],\"inLanguage\":\"es\"}]}<\/script>\n<!-- \/ Yoast SEO plugin. -->","yoast_head_json":{"title":"Ruta panor\u00e1mica de los Ozarks (Misuri): La ruta imprescindible para una aventura en el coraz\u00f3n de los Ozarksdonne - USA B2","description":"Descubre la Ruta panor\u00e1mica de los Ozarks en Misuri: itinerario, parques nacionales, alojamiento, lugares para hacer fotos y actividades para un viaje por carretera con \u00e9xito.","robots":{"index":"index","follow":"follow","max-snippet":"max-snippet:-1","max-image-preview":"max-image-preview:large","max-video-preview":"max-video-preview:-1"},"canonical":"https:\/\/usa-b2.com\/es\/ozarks-scenic-byway-missouri\/","og_locale":"es_ES","og_type":"article","og_title":"Ruta panor\u00e1mica de los Ozarks (Misuri): La ruta imprescindible para una aventura en el coraz\u00f3n de los Ozarksdonne - USA B2","og_description":"Descubre la Ruta panor\u00e1mica de los Ozarks en Misuri: itinerario, parques nacionales, alojamiento, lugares para hacer fotos y actividades para un viaje por carretera con \u00e9xito.","og_url":"https:\/\/usa-b2.com\/es\/ozarks-scenic-byway-missouri\/","og_site_name":"USA B2","article_modified_time":"2025-04-10T17:33:39+00:00","og_image":[{"width":900,"height":506,"url":"https:\/\/usa-b2.com\/wp-content\/uploads\/2025\/03\/Ozarks-Scenic-Byway-Missouri-USA.jpg","type":"image\/jpeg"}],"twitter_card":"summary_large_image","twitter_misc":{"Tiempo de lectura":"5 minutos"},"schema":{"@context":"https:\/\/schema.org","@graph":[{"@type":"WebPage","@id":"https:\/\/usa-b2.com\/es\/ozarks-scenic-byway-missouri\/","url":"https:\/\/usa-b2.com\/es\/ozarks-scenic-byway-missouri\/","name":"Ruta panor\u00e1mica de los Ozarks (Misuri): La ruta imprescindible para una aventura en el coraz\u00f3n de los Ozarksdonne - USA B2","isPartOf":{"@id":"https:\/\/usa-b2.com\/es\/#website"},"primaryImageOfPage":{"@id":"https:\/\/usa-b2.com\/es\/ozarks-scenic-byway-missouri\/#primaryimage"},"image":{"@id":"https:\/\/usa-b2.com\/es\/ozarks-scenic-byway-missouri\/#primaryimage"},"thumbnailUrl":"https:\/\/usa-b2.com\/wp-content\/uploads\/2025\/03\/Ozarks-Scenic-Byway-Missouri-USA.jpg","datePublished":"2025-03-18T12:35:33+00:00","dateModified":"2025-04-10T17:33:39+00:00","description":"Descubre la Ruta panor\u00e1mica de los Ozarks en Misuri: itinerario, parques nacionales, alojamiento, lugares para hacer fotos y actividades para un viaje por carretera con \u00e9xito.","breadcrumb":{"@id":"https:\/\/usa-b2.com\/es\/ozarks-scenic-byway-missouri\/#breadcrumb"},"inLanguage":"es","potentialAction":[{"@type":"ReadAction","target":["https:\/\/usa-b2.com\/es\/ozarks-scenic-byway-missouri\/"]}]},{"@type":"ImageObject","inLanguage":"es","@id":"https:\/\/usa-b2.com\/es\/ozarks-scenic-byway-missouri\/#primaryimage","url":"https:\/\/usa-b2.com\/wp-content\/uploads\/2025\/03\/Ozarks-Scenic-Byway-Missouri-USA.jpg","contentUrl":"https:\/\/usa-b2.com\/wp-content\/uploads\/2025\/03\/Ozarks-Scenic-Byway-Missouri-USA.jpg"},{"@type":"BreadcrumbList","@id":"https:\/\/usa-b2.com\/es\/ozarks-scenic-byway-missouri\/#breadcrumb","itemListElement":[{"@type":"ListItem","position":1,"name":"Accueil","item":"https:\/\/usa-b2.com\/es\/ee-uu\/"},{"@type":"ListItem","position":2,"name":"Ruta panor\u00e1mica de los Ozarks (Misuri): La ruta imprescindible para una aventura en el coraz\u00f3n de los Ozarksdonne"}]},{"@type":"WebSite","@id":"https:\/\/usa-b2.com\/es\/#website","url":"https:\/\/usa-b2.com\/es\/","name":"USA B2 VISA","description":"","potentialAction":[{"@type":"SearchAction","target":{"@type":"EntryPoint","urlTemplate":"https:\/\/usa-b2.com\/es\/?s={search_term_string}"},"query-input":{"@type":"PropertyValueSpecification","valueRequired":true,"valueName":"search_term_string"}}],"inLanguage":"es"}]}},"_links":{"self":[{"href":"https:\/\/usa-b2.com\/es\/wp-json\/wp\/v2\/pages\/8513","targetHints":{"allow":["GET"]}}],"collection":[{"href":"https:\/\/usa-b2.com\/es\/wp-json\/wp\/v2\/pages"}],"about":[{"href":"https:\/\/usa-b2.com\/es\/wp-json\/wp\/v2\/types\/page"}],"author":[{"embeddable":true,"href":"https:\/\/usa-b2.com\/es\/wp-json\/wp\/v2\/users\/1"}],"replies":[{"embeddable":true,"href":"https:\/\/usa-b2.com\/es\/wp-json\/wp\/v2\/comments?post=8513"}],"version-history":[{"count":0,"href":"https:\/\/usa-b2.com\/es\/wp-json\/wp\/v2\/pages\/8513\/revisions"}],"wp:attachment":[{"href":"https:\/\/usa-b2.com\/es\/wp-json\/wp\/v2\/media?parent=8513"}],"curies":[{"name":"wp","href":"https:\/\/api.w.org\/{rel}","templated":true}]}}