{"id":8233,"date":"2025-03-17T13:14:29","date_gmt":"2025-03-17T13:14:29","guid":{"rendered":"https:\/\/usa-b2.com\/viaje-por-ruta-al-suroeste-estados-unidos\/"},"modified":"2025-11-04T15:30:03","modified_gmt":"2025-11-04T15:30:03","slug":"viaje-por-ruta-al-suroeste-estados-unidos","status":"publish","type":"page","link":"https:\/\/usa-b2.com\/es\/viaje-por-ruta-al-suroeste-estados-unidos\/","title":{"rendered":"Viaje por carretera por el suroeste de Estados Unidos"},"content":{"rendered":"\n<h1 class=\"wp-block-heading\">Sudoeste de Estados Unidos en coche: gu\u00eda para el viaje perfecto por carretera<\/h1>\n\n<h2 class=\"wp-block-heading\">Itinerario de viaje por carretera del Gran C\u00edrculo  <\/h2>\n\n<figure class=\"wp-block-image size-large\"><img fetchpriority=\"high\" decoding=\"async\" width=\"1024\" height=\"576\" src=\"https:\/\/usa-b2.com\/wp-content\/uploads\/2025\/03\/Grand-circle-road-trip-1024x576.jpg\" alt=\"\" class=\"wp-image-8187\" srcset=\"https:\/\/usa-b2.com\/wp-content\/uploads\/2025\/03\/Grand-circle-road-trip-1024x576.jpg 1024w, https:\/\/usa-b2.com\/wp-content\/uploads\/2025\/03\/Grand-circle-road-trip-300x169.jpg 300w, https:\/\/usa-b2.com\/wp-content\/uploads\/2025\/03\/Grand-circle-road-trip-768x432.jpg 768w, https:\/\/usa-b2.com\/wp-content\/uploads\/2025\/03\/Grand-circle-road-trip.jpg 1280w\" sizes=\"(max-width: 1024px) 100vw, 1024px\" \/><\/figure>\n\n<h3 class=\"wp-block-heading\">Salida y primera etapa: Las Vegas<\/h3>\n\n<p><a href=\"https:\/\/www.lasvegasnevada.gov\/\">Las Vegas<\/a> es el punto de partida ideal para un viaje por carretera a trav\u00e9s del Sudoeste americano. El aeropuerto internacional gestiona un gran n\u00famero de vuelos y ofrece una amplia oferta de alquiler de coches. Antes de salir a la carretera, merece la pena pasar una tarde explorando el Strip, los legendarios hoteles-casino como el <a href=\"https:\/\/bellagio.mgmresorts.com\/en.html\">Bellagio<\/a> y su famoso espect\u00e1culo de la fuente, o la <a href=\"https:\/\/vegasexperience.com\/\">Fremont Street Experience<\/a> para una inmersi\u00f3n luminosa en la atm\u00f3sfera de Las Vegas.<\/p>\n\n<p>Al d\u00eda siguiente, dir\u00edgete al <a href=\"https:\/\/www.grandcanyon.org\/experience-grand-canyon\">Gran Ca\u00f1\u00f3n<\/a> por <a href=\"https:\/\/usa-b2.com\/es\/route-66-the-mother-road\/\">la Ruta 66<\/a>, pasando por Seligman, una ciudad emblem\u00e1tica para hacer una pausa vintage y comer una hamburguesa t\u00edpica.<\/p>\n\n<h3 class=\"wp-block-heading\">Gran Ca\u00f1\u00f3n y Monument Valley (D\u00edas 2-4)<\/h3>\n\n<p>El Gran Ca\u00f1\u00f3n es uno de los parajes naturales m\u00e1s visitados del mundo. Para disfrutar de la mejor experiencia, elige el Borde Sur, que ofrece unas vistas incre\u00edbles del ca\u00f1\u00f3n. Entre los mejores lugares:  <\/p>\n\n<ul class=\"wp-block-list\">\n<li><strong>Mather Point<\/strong>: Perfecto para un amanecer espectacular.<\/li>\n\n\n\n<li><strong>Atalaya de las Vistas del Desierto<\/strong>: Una torre de observaci\u00f3n que ofrece vistas panor\u00e1micas.<\/li>\n<\/ul>\n\n<p>Tras explorar el ca\u00f1\u00f3n, dir\u00edgete a <a href=\"https:\/\/horseshoebend.co\/\">Horseshoe Bend<\/a>, un espectacular bucle del Colorado. Por \u00faltimo, <a href=\"https:\/\/navajonationparks.org\/navajo-tribal-parks\/monument-valley\/\">Monument Valley<\/a> te devolver\u00e1 al escenario de los legendarios westerns, con una excursi\u00f3n en 4&#215;4 guiada por los <a href=\"https:\/\/www.navajo-nsn.gov\/\">navajos<\/a>.<\/p>\n\n<h3 class=\"wp-block-heading\">Ca\u00f1\u00f3n del Ant\u00edlope y Ca\u00f1\u00f3n Bryce (D\u00edas 5-7)<\/h3>\n\n<p><a href=\"https:\/\/www.antelopecanyontickets.com\/\">El Ca\u00f1\u00f3n del Ant\u00edlope<\/a> es un ca\u00f1\u00f3n esculpido por el agua, famoso por su m\u00e1gico juego de luces. Accesible s\u00f3lo con gu\u00eda, este lugar es una visita obligada para los fot\u00f3grafos. <\/p>\n\n<p>Luego sigue hasta <a href=\"https:\/\/www.nps.gov\/brca\/index.htm\">el Ca\u00f1\u00f3n Bryce<\/a>, donde los hoodoos (chimeneas de hadas) forman un tel\u00f3n de fondo digno de otro mundo. Para una inmersi\u00f3n total, el <a href=\"https:\/\/navajonationparks.org\/navajo-tribal-parks\/monument-valley\/\">Sendero Navajo Loop<\/a> te permite explorar las formaciones rocosas desde el interior del ca\u00f1\u00f3n.<\/p>\n\n<h3 class=\"wp-block-heading\">Parque Nacional de Zion y regreso a Las Vegas (D\u00edas 8-10)<\/h3>\n\n<p><a href=\"https:\/\/zionnationalpark.com\/\">El Parque Nacional de Zion<\/a> es un para\u00edso para los excursionistas. Uno de los senderos m\u00e1s populares, <a href=\"https:\/\/www.angelslandingdtla.com\/\">Angels Landing<\/a>, ofrece unas vistas panor\u00e1micas impresionantes. Para una excursi\u00f3n m\u00e1s accesible, The Narrows te permite caminar por un r\u00edo en el coraz\u00f3n de un ca\u00f1\u00f3n.<\/p>\n\n<p>Por \u00faltimo, volvemos a Las Vegas para una \u00faltima noche animada antes del final del viaje por carretera.<\/p>\n\n<h2 class=\"wp-block-heading\">Parques Nacionales y Paisajes Ic\u00f3nicos por Descubrir<\/h2>\n\n<h3 class=\"wp-block-heading\">Parques ineludibles<\/h3>\n\n<p>Los parques nacionales del Gran C\u00edrculo est\u00e1n entre los m\u00e1s bellos de Estados Unidos. El Gran Ca\u00f1\u00f3n impresiona por su inmensidad, mientras que el Ca\u00f1\u00f3n Bryce y sus formaciones rocosas proporcionan un tel\u00f3n de fondo m\u00e1gico. En <a href=\"https:\/\/www.recreation.gov\/timed-entry\/10088426\">el Parque Nacional de Arches<\/a>, los visitantes pueden admirar m\u00e1s de 2.000 arcos naturales, entre ellos <a href=\"https:\/\/delicatearchfilm.com\/\">Delicate Arch<\/a>, el s\u00edmbolo de Utah.  <\/p>\n\n<p>Zion, por su parte, es una mezcla perfecta de alt\u00edsimos acantilados y r\u00edos serpenteantes. Otra joya menos conocida, Canyonlands, ofrece paisajes lunares y una paz y tranquilidad absolutas. <\/p>\n\n<h3 class=\"wp-block-heading\">Paradas obligadas<\/h3>\n\n<p>A lo largo del viaje por carretera, hay varios puntos de inter\u00e9s en los que merece la pena detenerse:<\/p>\n\n<ul class=\"wp-block-list\">\n<li>Recodo de la Herradura: Una vista de 270\u00b0 del r\u00edo Colorado.<\/li>\n\n\n\n<li>Bosque petrificado: Un entorno \u00fanico donde los \u00e1rboles fosilizados datan de hace 200 millones de a\u00f1os.<\/li>\n\n\n\n<li>Parque Estatal de Goosenecks: Un ca\u00f1\u00f3n espectacular modelado por el r\u00edo San Juan.<\/li>\n<\/ul>\n\n<h2 class=\"wp-block-heading\">\u00bfD\u00f3nde dormir? Hoteles y ciudades recomendados <\/h2>\n\n<h3 class=\"wp-block-heading\">Ciudades en las que parar<\/h3>\n\n<p>La elecci\u00f3n de las ciudades en las que parar influye en la comodidad del viaje por carretera. Las Vegas es perfecta para una llegada y salida f\u00e1ciles. Page es una parada ideal para visitar Horseshoe Bend y Antelope Canyon. Moab, con sus instalaciones tur\u00edsticas, es perfecta para explorar Arches y Canyonlands. Por \u00faltimo, Zion y Bryce Canyon ofrecen alojamiento en total inmersi\u00f3n en la naturaleza.    <\/p>\n\n<h3 class=\"wp-block-heading\">Los mejores hoteles y opciones<\/h3>\n\n<p>Aqu\u00ed tienes algunas recomendaciones que se adaptan a tu presupuesto:<\/p>\n\n<figure class=\"wp-block-table\"><table class=\"has-fixed-layout\"><tbody><tr><td><strong>Ubicaci\u00f3n<\/strong><\/td><td><strong>Hotel recomendado<\/strong><\/td><td><strong>Presupuesto<\/strong><\/td><\/tr><tr><td>Las Vegas<\/td><td><a href=\"https:\/\/www.venetianlasvegas.com\/\">El Veneciano<\/a><\/td><td>$$$<\/td><\/tr><tr><td>Gran Ca\u00f1\u00f3n<\/td><td><a href=\"https:\/\/www.visitgrandcanyon.com\/yavapai-lodge\">Albergue Yavapai<\/a><\/td><td>$$<\/td><\/tr><tr><td>Ca\u00f1\u00f3n Bryce<\/td><td><a href=\"https:\/\/www.bestwestern.com\/en_US\/book\/hotel-rooms.45040.html\">Best Western Ruby&#8217;s Inn<\/a><\/td><td>$$<\/td><\/tr><tr><td>Moab<\/td><td><a href=\"https:\/\/www.hilton.com\/en\/hotels\/cnycuqq-hoodoo-moab\/\">Hoodoo Moab by Hilton<\/a><\/td><td>$$$<\/td><\/tr><tr><td>Si\u00f3n<\/td><td><a href=\"https:\/\/www.zionlodge.com\/\">Albergue Zion<\/a><\/td><td>$$$<\/td><\/tr><\/tbody><\/table><\/figure>\n\n<h2 class=\"wp-block-heading\">Tr\u00e1mites administrativos previos<\/h2>\n\n<p>Antes de visitar el suroeste de Estados Unidos en coche, tienes que anticiparte a las formalidades del viaje. Tienes que comprobar que : <\/p>\n\n<ul class=\"wp-block-list\">\n<li>Su <a href=\"https:\/\/usa-b2.com\/es\/pasaporte-viajar-estados-unidos\/\">pasaporte es v\u00e1lido para viajar a EEUU<\/a>.<\/li>\n\n\n\n<li>Puedes obtener una <a href=\"https:\/\/usa-b2.com\/es\/que-es-una-esta\/\">autorizaci\u00f3n de viaje ESTA<\/a> en el marco del <a href=\"https:\/\/usa-b2.com\/es\/programa-de-exencion-de-visado\/\">Programa de Exenci\u00f3n de Visado<\/a>. Si no, tendr\u00e1s que obtener un <a href=\"https:\/\/usa-b2.com\/es\/visado-b2\/\">visado de turista B2<\/a>. <\/li>\n<\/ul>\n\n<div style=\"height:10px\" aria-hidden=\"true\" class=\"wp-block-spacer\"><\/div>\n\n<h2 class=\"wp-block-heading\">  Los lugares m\u00e1s fotografiables de Instagram<\/h2>\n\n<h3 class=\"wp-block-heading\">Paisajes naturales ic\u00f3nicos<\/h3>\n\n<p>Algunos de los lugares del Gran C\u00edrculo son aut\u00e9nticas joyas fotogr\u00e1ficas. Horseshoe Bend es probablemente el lugar m\u00e1s famoso, con su vista en picado sobre el Colorado. El Ca\u00f1\u00f3n del Ant\u00edlope, con sus formaciones esculpidas por el viento y el agua, ofrece un m\u00e1gico juego de luces perfecto para Instagram.  <\/p>\n\n<h3 class=\"wp-block-heading\">Puestas de sol m\u00e1gicas<\/h3>\n\n<p>La puesta de sol transforma el paisaje y crea unas tomas espectaculares. Entre los mejores lugares: <\/p>\n\n<ul class=\"wp-block-list\">\n<li><strong>El Gran Ca\u00f1\u00f3n (Yavapai Point)<\/strong>: Colores incre\u00edbles en los acantilados.<\/li>\n\n\n\n<li><strong>Monument Valley<\/strong>: La sombra de las famosas colinas rojas se extiende hasta donde alcanza la vista.<\/li>\n<\/ul>\n\n<h2 class=\"wp-block-heading\">Cosas que hacer en pareja<\/h2>\n\n<h3 class=\"wp-block-heading\">Experiencias rom\u00e1nticas<\/h3>\n\n<p>Viajar en pareja te permite vivir momentos m\u00e1gicos en paisajes incre\u00edbles. Un paseo a caballo por Monument Valley al atardecer es una experiencia inolvidable. Para los amantes de las emociones fuertes, un vuelo en helic\u00f3ptero sobre el Gran Ca\u00f1\u00f3n ofrece una vista \u00fanica de la garganta.  <\/p>\n\n<h3 class=\"wp-block-heading\">Dormir al aire libre<\/h3>\n\n<p>Pasar una noche en la naturaleza a\u00f1ade un toque rom\u00e1ntico al viaje. En Zion, acampar bajo un pr\u00edstino cielo estrellado es una opci\u00f3n ideal. Para una experiencia m\u00e1s bohemia, dormir en un Airstream en Joshua Tree ofrece un ambiente tranquilo e \u00edntimo.  <\/p>\n\n<h2 class=\"wp-block-heading\">Actividades para un viaje familiar por carretera<\/h2>\n\n<h3 class=\"wp-block-heading\">Experiencias divertidas<\/h3>\n\n<p>Para que el viaje resulte emocionante para los ni\u00f1os, hay una serie de actividades ideales. En <g id=\"gid_0\">Moab<\/g>, un museo de dinosaurios expone f\u00f3siles y huellas prehist\u00f3ricas. En el Ca\u00f1\u00f3n Bryce, el sendero Navajo Loop es accesible a las familias y ofrece un espect\u00e1culo natural \u00fanico.  <\/p>\n\n<h3 class=\"wp-block-heading\">D\u00f3nde comer en familia<\/h3>\n\n<p>Las pausas para comer son esenciales en un viaje por carretera. Aqu\u00ed tienes algunas direcciones ideales para familias: <\/p>\n\n<ul class=\"wp-block-list\">\n<li><a href=\"https:\/\/www.thunderbirdutah.com\/\">Restaurante Thunderbird (Utah)<\/a>: Un aut\u00e9ntico diner americano con tartas caseras.<\/li>\n\n\n\n<li><a href=\"https:\/\/www.bigtexan.com\/\">Big Texan Steak Ranch<\/a> (Ruta 66): Un ambiente del Oeste con un men\u00fa infantil especialmente adaptado.<\/li>\n<\/ul>\n\n<p>El Grand Circle Road Trip es una aventura legendaria y uno de los mejores <a href=\"https:\/\/usa-b2.com\/es\/\">roadtrips estadounidenses<\/a>. Tanto si viajas en pareja como en familia, cada d\u00eda tiene su raci\u00f3n de descubrimientos que hacer. Planifica bien tu itinerario, elige cuidadosamente tus hoteles y mant\u00e9n los ojos bien abiertos: \u00a1es un viaje que nunca olvidar\u00e1s!  <\/p>\n","protected":false},"excerpt":{"rendered":"<p>Sudoeste de Estados Unidos en coche: gu\u00eda para el viaje perfecto por carretera Itinerario de viaje por carretera del Gran C\u00edrculo Salida y primera etapa: Las Vegas Las Vegas es el punto de partida ideal para un viaje por carretera a trav\u00e9s del Sudoeste americano. El aeropuerto internacional gestiona un gran n\u00famero de vuelos y [&hellip;]<\/p>\n","protected":false},"author":1,"featured_media":0,"parent":0,"menu_order":0,"comment_status":"closed","ping_status":"closed","template":"","meta":{"footnotes":""},"class_list":["post-8233","page","type-page","status-publish","hentry"],"yoast_head":"<!-- This site is optimized with the Yoast SEO plugin v27.4 - https:\/\/yoast.com\/product\/yoast-seo-wordpress\/ -->\n<title>Viaje por carretera por el suroeste de Estados Unidos - USA B2<\/title>\n<meta name=\"description\" content=\"\u00a1Descubre el Grand Circle Road Trip: itinerario, parques nacionales, hoteles y lugares para hacer fotos en un viaje al suroeste de Estados Unidos!\" \/>\n<meta name=\"robots\" content=\"index, follow, max-snippet:-1, max-image-preview:large, max-video-preview:-1\" \/>\n<link rel=\"canonical\" href=\"https:\/\/usa-b2.com\/es\/viaje-por-ruta-al-suroeste-estados-unidos\/\" \/>\n<meta property=\"og:locale\" content=\"es_ES\" \/>\n<meta property=\"og:type\" content=\"article\" \/>\n<meta property=\"og:title\" content=\"Viaje por carretera por el suroeste de Estados Unidos - USA B2\" \/>\n<meta property=\"og:description\" content=\"\u00a1Descubre el Grand Circle Road Trip: itinerario, parques nacionales, hoteles y lugares para hacer fotos en un viaje al suroeste de Estados Unidos!\" \/>\n<meta property=\"og:url\" content=\"https:\/\/usa-b2.com\/es\/viaje-por-ruta-al-suroeste-estados-unidos\/\" \/>\n<meta property=\"og:site_name\" content=\"USA B2\" \/>\n<meta property=\"article:modified_time\" content=\"2025-11-04T15:30:03+00:00\" \/>\n<meta property=\"og:image\" content=\"https:\/\/usa-b2.com\/wp-content\/uploads\/2025\/03\/Grand-circle-road-trip.jpg\" \/>\n\t<meta property=\"og:image:width\" content=\"1280\" \/>\n\t<meta property=\"og:image:height\" content=\"720\" \/>\n\t<meta property=\"og:image:type\" content=\"image\/jpeg\" \/>\n<meta name=\"twitter:card\" content=\"summary_large_image\" \/>\n<meta name=\"twitter:label1\" content=\"Tiempo de lectura\" \/>\n\t<meta name=\"twitter:data1\" content=\"6 minutos\" \/>\n<script type=\"application\/ld+json\" class=\"yoast-schema-graph\">{\"@context\":\"https:\\\/\\\/schema.org\",\"@graph\":[{\"@type\":\"WebPage\",\"@id\":\"https:\\\/\\\/usa-b2.com\\\/es\\\/viaje-por-ruta-al-suroeste-estados-unidos\\\/\",\"url\":\"https:\\\/\\\/usa-b2.com\\\/es\\\/viaje-por-ruta-al-suroeste-estados-unidos\\\/\",\"name\":\"Viaje por carretera por el suroeste de Estados Unidos - USA B2\",\"isPartOf\":{\"@id\":\"https:\\\/\\\/usa-b2.com\\\/es\\\/#website\"},\"primaryImageOfPage\":{\"@id\":\"https:\\\/\\\/usa-b2.com\\\/es\\\/viaje-por-ruta-al-suroeste-estados-unidos\\\/#primaryimage\"},\"image\":{\"@id\":\"https:\\\/\\\/usa-b2.com\\\/es\\\/viaje-por-ruta-al-suroeste-estados-unidos\\\/#primaryimage\"},\"thumbnailUrl\":\"https:\\\/\\\/usa-b2.com\\\/wp-content\\\/uploads\\\/2025\\\/03\\\/Grand-circle-road-trip-1024x576.jpg\",\"datePublished\":\"2025-03-17T13:14:29+00:00\",\"dateModified\":\"2025-11-04T15:30:03+00:00\",\"description\":\"\u00a1Descubre el Grand Circle Road Trip: itinerario, parques nacionales, hoteles y lugares para hacer fotos en un viaje al suroeste de Estados Unidos!\",\"breadcrumb\":{\"@id\":\"https:\\\/\\\/usa-b2.com\\\/es\\\/viaje-por-ruta-al-suroeste-estados-unidos\\\/#breadcrumb\"},\"inLanguage\":\"es\",\"potentialAction\":[{\"@type\":\"ReadAction\",\"target\":[\"https:\\\/\\\/usa-b2.com\\\/es\\\/viaje-por-ruta-al-suroeste-estados-unidos\\\/\"]}]},{\"@type\":\"ImageObject\",\"inLanguage\":\"es\",\"@id\":\"https:\\\/\\\/usa-b2.com\\\/es\\\/viaje-por-ruta-al-suroeste-estados-unidos\\\/#primaryimage\",\"url\":\"https:\\\/\\\/usa-b2.com\\\/wp-content\\\/uploads\\\/2025\\\/03\\\/Grand-circle-road-trip-1024x576.jpg\",\"contentUrl\":\"https:\\\/\\\/usa-b2.com\\\/wp-content\\\/uploads\\\/2025\\\/03\\\/Grand-circle-road-trip-1024x576.jpg\"},{\"@type\":\"BreadcrumbList\",\"@id\":\"https:\\\/\\\/usa-b2.com\\\/es\\\/viaje-por-ruta-al-suroeste-estados-unidos\\\/#breadcrumb\",\"itemListElement\":[{\"@type\":\"ListItem\",\"position\":1,\"name\":\"Accueil\",\"item\":\"https:\\\/\\\/usa-b2.com\\\/es\\\/ee-uu\\\/\"},{\"@type\":\"ListItem\",\"position\":2,\"name\":\"Viaje por carretera por el suroeste de Estados Unidos\"}]},{\"@type\":\"WebSite\",\"@id\":\"https:\\\/\\\/usa-b2.com\\\/es\\\/#website\",\"url\":\"https:\\\/\\\/usa-b2.com\\\/es\\\/\",\"name\":\"USA B2 VISA\",\"description\":\"\",\"potentialAction\":[{\"@type\":\"SearchAction\",\"target\":{\"@type\":\"EntryPoint\",\"urlTemplate\":\"https:\\\/\\\/usa-b2.com\\\/es\\\/?s={search_term_string}\"},\"query-input\":{\"@type\":\"PropertyValueSpecification\",\"valueRequired\":true,\"valueName\":\"search_term_string\"}}],\"inLanguage\":\"es\"}]}<\/script>\n<!-- \/ Yoast SEO plugin. -->","yoast_head_json":{"title":"Viaje por carretera por el suroeste de Estados Unidos - USA B2","description":"\u00a1Descubre el Grand Circle Road Trip: itinerario, parques nacionales, hoteles y lugares para hacer fotos en un viaje al suroeste de Estados Unidos!","robots":{"index":"index","follow":"follow","max-snippet":"max-snippet:-1","max-image-preview":"max-image-preview:large","max-video-preview":"max-video-preview:-1"},"canonical":"https:\/\/usa-b2.com\/es\/viaje-por-ruta-al-suroeste-estados-unidos\/","og_locale":"es_ES","og_type":"article","og_title":"Viaje por carretera por el suroeste de Estados Unidos - USA B2","og_description":"\u00a1Descubre el Grand Circle Road Trip: itinerario, parques nacionales, hoteles y lugares para hacer fotos en un viaje al suroeste de Estados Unidos!","og_url":"https:\/\/usa-b2.com\/es\/viaje-por-ruta-al-suroeste-estados-unidos\/","og_site_name":"USA B2","article_modified_time":"2025-11-04T15:30:03+00:00","og_image":[{"width":1280,"height":720,"url":"https:\/\/usa-b2.com\/wp-content\/uploads\/2025\/03\/Grand-circle-road-trip.jpg","type":"image\/jpeg"}],"twitter_card":"summary_large_image","twitter_misc":{"Tiempo de lectura":"6 minutos"},"schema":{"@context":"https:\/\/schema.org","@graph":[{"@type":"WebPage","@id":"https:\/\/usa-b2.com\/es\/viaje-por-ruta-al-suroeste-estados-unidos\/","url":"https:\/\/usa-b2.com\/es\/viaje-por-ruta-al-suroeste-estados-unidos\/","name":"Viaje por carretera por el suroeste de Estados Unidos - USA B2","isPartOf":{"@id":"https:\/\/usa-b2.com\/es\/#website"},"primaryImageOfPage":{"@id":"https:\/\/usa-b2.com\/es\/viaje-por-ruta-al-suroeste-estados-unidos\/#primaryimage"},"image":{"@id":"https:\/\/usa-b2.com\/es\/viaje-por-ruta-al-suroeste-estados-unidos\/#primaryimage"},"thumbnailUrl":"https:\/\/usa-b2.com\/wp-content\/uploads\/2025\/03\/Grand-circle-road-trip-1024x576.jpg","datePublished":"2025-03-17T13:14:29+00:00","dateModified":"2025-11-04T15:30:03+00:00","description":"\u00a1Descubre el Grand Circle Road Trip: itinerario, parques nacionales, hoteles y lugares para hacer fotos en un viaje al suroeste de Estados Unidos!","breadcrumb":{"@id":"https:\/\/usa-b2.com\/es\/viaje-por-ruta-al-suroeste-estados-unidos\/#breadcrumb"},"inLanguage":"es","potentialAction":[{"@type":"ReadAction","target":["https:\/\/usa-b2.com\/es\/viaje-por-ruta-al-suroeste-estados-unidos\/"]}]},{"@type":"ImageObject","inLanguage":"es","@id":"https:\/\/usa-b2.com\/es\/viaje-por-ruta-al-suroeste-estados-unidos\/#primaryimage","url":"https:\/\/usa-b2.com\/wp-content\/uploads\/2025\/03\/Grand-circle-road-trip-1024x576.jpg","contentUrl":"https:\/\/usa-b2.com\/wp-content\/uploads\/2025\/03\/Grand-circle-road-trip-1024x576.jpg"},{"@type":"BreadcrumbList","@id":"https:\/\/usa-b2.com\/es\/viaje-por-ruta-al-suroeste-estados-unidos\/#breadcrumb","itemListElement":[{"@type":"ListItem","position":1,"name":"Accueil","item":"https:\/\/usa-b2.com\/es\/ee-uu\/"},{"@type":"ListItem","position":2,"name":"Viaje por carretera por el suroeste de Estados Unidos"}]},{"@type":"WebSite","@id":"https:\/\/usa-b2.com\/es\/#website","url":"https:\/\/usa-b2.com\/es\/","name":"USA B2 VISA","description":"","potentialAction":[{"@type":"SearchAction","target":{"@type":"EntryPoint","urlTemplate":"https:\/\/usa-b2.com\/es\/?s={search_term_string}"},"query-input":{"@type":"PropertyValueSpecification","valueRequired":true,"valueName":"search_term_string"}}],"inLanguage":"es"}]}},"_links":{"self":[{"href":"https:\/\/usa-b2.com\/es\/wp-json\/wp\/v2\/pages\/8233","targetHints":{"allow":["GET"]}}],"collection":[{"href":"https:\/\/usa-b2.com\/es\/wp-json\/wp\/v2\/pages"}],"about":[{"href":"https:\/\/usa-b2.com\/es\/wp-json\/wp\/v2\/types\/page"}],"author":[{"embeddable":true,"href":"https:\/\/usa-b2.com\/es\/wp-json\/wp\/v2\/users\/1"}],"replies":[{"embeddable":true,"href":"https:\/\/usa-b2.com\/es\/wp-json\/wp\/v2\/comments?post=8233"}],"version-history":[{"count":2,"href":"https:\/\/usa-b2.com\/es\/wp-json\/wp\/v2\/pages\/8233\/revisions"}],"predecessor-version":[{"id":10823,"href":"https:\/\/usa-b2.com\/es\/wp-json\/wp\/v2\/pages\/8233\/revisions\/10823"}],"wp:attachment":[{"href":"https:\/\/usa-b2.com\/es\/wp-json\/wp\/v2\/media?parent=8233"}],"curies":[{"name":"wp","href":"https:\/\/api.w.org\/{rel}","templated":true}]}}