{"id":7886,"date":"2025-03-17T13:11:22","date_gmt":"2025-03-17T13:11:22","guid":{"rendered":"https:\/\/usa-b2.com\/deep-south-music-tour\/"},"modified":"2025-06-05T10:19:06","modified_gmt":"2025-06-05T10:19:06","slug":"deep-south-music-tour","status":"publish","type":"page","link":"https:\/\/usa-b2.com\/es\/deep-south-music-tour\/","title":{"rendered":"Viaje por carretera por el Sur Profundo: itinerario, paradas clave y experiencias imprescindibles"},"content":{"rendered":"\n<h1 class=\"wp-block-heading\">El Sur profundo en coche: gu\u00eda para el viaje perfecto por carretera<\/h1>\n\n<p>El <a href=\"https:\/\/www.deep-south-usa.com\/alabama\/fly-drives\/music-tour\">Sur Profundo<\/a> de Estados Unidos es una regi\u00f3n impregnada de historia, cultura y m\u00fasica. Este roadtrip te lleva al coraz\u00f3n de las ra\u00edces del blues, el jazz y la m\u00fasica country, a trav\u00e9s de paisajes legendarios y ciudades emblem\u00e1ticas como <a href=\"https:\/\/www.nashville.com\/\">Nashville<\/a>, <a href=\"https:\/\/www.memphistravel.com\/\">Memphis<\/a> y <a href=\"https:\/\/www.neworleans.com\/\">Nueva Orleans<\/a>. Con conciertos, lugares hist\u00f3ricos y paradas gastron\u00f3micas, este itinerario promete una experiencia \u00fanica para los amantes de la m\u00fasica y la aventura.  <\/p>\n\n<figure class=\"wp-block-image size-large\"><img fetchpriority=\"high\" decoding=\"async\" width=\"1024\" height=\"576\" src=\"https:\/\/usa-b2.com\/wp-content\/uploads\/2025\/03\/Deep-South-Music-2-1024x576.png\" alt=\"\" class=\"wp-image-8063\" srcset=\"https:\/\/usa-b2.com\/wp-content\/uploads\/2025\/03\/Deep-South-Music-2-1024x576.png 1024w, https:\/\/usa-b2.com\/wp-content\/uploads\/2025\/03\/Deep-South-Music-2-300x169.png 300w, https:\/\/usa-b2.com\/wp-content\/uploads\/2025\/03\/Deep-South-Music-2-768x432.png 768w, https:\/\/usa-b2.com\/wp-content\/uploads\/2025\/03\/Deep-South-Music-2.png 1367w\" sizes=\"(max-width: 1024px) 100vw, 1024px\" \/><\/figure>\n\n<h2 class=\"wp-block-heading\">Itinerario: De Nashville a Nueva Orleans<\/h2>\n\n<h3 class=\"wp-block-heading\">1.1. Salida desde Nashville, Tennessee<\/h3>\n\n<p>Considerada la capital de la m\u00fasica country, Nashville es el punto de partida ideal. Visita el <a href=\"https:\/\/www.countrymusichalloffame.org\/\">Sal\u00f3n de la Fama de la M\u00fasica Country<\/a>, asiste a un concierto en el <a href=\"https:\/\/www.opry.com\/\">Grand Ole Opry<\/a> y pasea por <a href=\"https:\/\/www.broadway.com\/\">Broadway<\/a>, donde los artistas tocan en directo en bares emblem\u00e1ticos. <\/p>\n\n<h3 class=\"wp-block-heading\">1.2. Memphis, Tennessee: Tierra del Blues y de Elvis<\/h3>\n\n<p>Tras tres horas de viaje, haz una parada en <a href=\"https:\/\/www.graceland.com\/\">Graceland<\/a>, el antiguo hogar de<a href=\"https:\/\/en.wikipedia.org\/wiki\/Elvis_Presley\">Elvis Presley<\/a>. <a href=\"https:\/\/bealestreet.com\/\">Beale Street<\/a> es una visita obligada para los aficionados al blues, con sus legendarios clubes. No te pierdas el <a href=\"https:\/\/www.civilrightsmuseum.org\/visit\/?source=adwords&amp;campaign=&amp;medium=cpc&amp;keyword=national%20civil%20rights%20museum&amp;target=kwd-329492642321&amp;loc=9222727&amp;device=c&amp;gad_source=1&amp;gclid=Cj0KCQjwkN--BhDkARIsAD_mnIovXJ9uKCG2eyQDXN0RhNo1qqhfKbEZfUeXq_qc6AysXcXBrKIjyKAaAt8yEALw_wcB\">Museo Nacional de los Derechos Civiles<\/a>, situado en el antiguo Motel Lorraine. <\/p>\n\n<h3 class=\"wp-block-heading\">1.3. Clarksdale, Mississippi: En las ra\u00edces del Blues del Delta<\/h3>\n\n<p><a href=\"https:\/\/www.cityofclarksdale.org\/\">Clarksdale<\/a> es una peque\u00f1a ciudad de <a href=\"https:\/\/www.ms.gov\/\">Mississippi<\/a> y la cuna del Delta Blues. El <a href=\"https:\/\/www.deltabluesmuseum.org\/\">Museo del Blues del Delta<\/a> y <a href=\"https:\/\/www.clarksdale.com\/crossroads.php\">Crossroads<\/a>, donde se dice que Robert Johnson vendi\u00f3 su alma al diablo, son paradas obligatorias. <\/p>\n\n<h3 class=\"wp-block-heading\">1.4. Nueva Orleans, Luisiana: el Jazz en su apogeo<\/h3>\n\n<p>El roadtrip termina en esta vibrante ciudad. Pasea por el <a href=\"https:\/\/www.neworleans.com\/plan\/neighborhoods\/french-quarter\/\">Barrio Franc\u00e9s<\/a>, descubre los clubes de jazz de <a href=\"https:\/\/www.frenchquarter.com\/frenchmen-street\/\">Frenchmen Street<\/a> y disfruta de unos beignets en <a href=\"https:\/\/shop.cafedumonde.com\/\">el Caf\u00e9 du Monde<\/a>. <\/p>\n\n<h2 class=\"wp-block-heading\">Paisajes y Parques Nacionales: Rutas panor\u00e1micas inolvidables<\/h2>\n\n<h3 class=\"wp-block-heading\">Grandes Monta\u00f1as Humeantes: Un espectacular paso natural<\/h3>\n\n<p>Antes incluso de llegar a Nashville, haz una escapada a <a href=\"https:\/\/friendsofthesmokies.org\/?gad_source=1&amp;gclid=Cj0KCQjwkN--BhDkARIsAD_mnIrzh_s0i4f90vUCfk37IDHlKDA73wyXZI0Lgky0I4paZsPiGmDajhsaAkbJEALw_wcB\">las Grandes Monta\u00f1as Humeantes<\/a>, un parque nacional con vistas neblinosas y senderos boscosos perfectos para tu primera inmersi\u00f3n en la naturaleza.<\/p>\n\n<h3 class=\"wp-block-heading\">Natchez Trace Parkway: Una ruta hist\u00f3rica<\/h3>\n\n<p>La <a href=\"https:\/\/www.scenictrace.com\/\">Natchez Trace Parkway<\/a> es una ruta de 700 km que atraviesa <a href=\"https:\/\/www.tn.gov\/\">Tennessee<\/a>, Misisipi y<a href=\"https:\/\/www.alabama.gov\/\">Alabama<\/a>. Salpicada de paradas y miradores hist\u00f3ricos, es ideal para los amantes de la fotograf\u00eda y la historia. <\/p>\n\n<h3 class=\"wp-block-heading\">Bayous de Luisiana: Inmersi\u00f3n en otro mundo<\/h3>\n\n<p>Antes de llegar a Nueva Orleans, explora los bayous <a href=\"https:\/\/www.louisiana.gov\/\">de Luisiana<\/a> en barco para observar los caimanes y la fauna local.<\/p>\n\n<h2 class=\"wp-block-heading\">\u00bfD\u00f3nde dormir? Hoteles y alojamientos aut\u00e9nticos <\/h2>\n\n<h3 class=\"wp-block-heading\">Nashville: Entre la modernidad y la tradici\u00f3n<\/h3>\n\n<p>El <a href=\"https:\/\/www.huttonhotel.com\/\">Hotel Hutton<\/a> y el<a href=\"https:\/\/www.omnihotels.com\/hotels\/nashville?utm_source=gmblisting&amp;utm_medium=organic\">Hotel Omni Nashville<\/a> ofrecen un confort de alta gama. Para vivir una experiencia aut\u00e9ntica, opta por un Airbnb en East Nashville. <\/p>\n\n<h3 class=\"wp-block-heading\">Memphis: Encanto sure\u00f1o<\/h3>\n\n<p>El <a href=\"https:\/\/www.peabodymemphis.com\/?utm_source=local-directories&amp;utm_medium=organic&amp;utm_campaign=travelclick-localconnect-featured\">Hotel Peabody<\/a>, famoso por su desfile de patos, es una opci\u00f3n emblem\u00e1tica. Para una opci\u00f3n m\u00e1s asequible, el <a href=\"https:\/\/www.marriott.com\/en-us\/hotels\/memox-moxy-memphis-downtown\/overview\/?scid=f2ae0541-1279-4f24-b197-a979c79310b0\">Moxy Memphis Downtown<\/a> es ideal. <\/p>\n\n<h3 class=\"wp-block-heading\">Nueva Orleans: Sum\u00e9rgete en el ambiente del jazz<\/h3>\n\n<p>El <a href=\"https:\/\/www.sonesta.com\/royal-sonesta\/la\/new-orleans\/royal-sonesta-new-orleans\">Hotel Royal Sonesta<\/a> de <a href=\"https:\/\/www.neworleans.com\/plan\/streets\/bourbon-street\/\">Bourbon<\/a> Street te sit\u00faa en el coraz\u00f3n de la acci\u00f3n, mientras que <a href=\"https:\/\/hotelmonteleone.com\/\">el Hotel Monteleone<\/a> ofrece un toque de lujo hist\u00f3rico.<\/p>\n\n<h2 class=\"wp-block-heading\">Spots fotogr\u00e1ficos instagrammables<\/h2>\n\n<figure class=\"wp-block-table\"><table class=\"has-fixed-layout\"><tbody><tr><td><strong>Ubicaci\u00f3n<\/strong><\/td><td><strong>Ciudad<\/strong><\/td><td><strong>Espec\u00edfico<\/strong><\/td><\/tr><tr><td><a href=\"https:\/\/www.trolleytours.com\/nashville\/broadway\">Calle Broadway<\/a><\/td><td>Nashville<\/td><td>Luces de ne\u00f3n y conciertos en directo<\/td><\/tr><tr><td><a href=\"https:\/\/www.memphistravel.com\/beale-street\">Calle Beale<\/a><\/td><td>Memphis<\/td><td>Ambiente de blues ic\u00f3nico<\/td><\/tr><tr><td><a href=\"https:\/\/www.coastalridgefarm.com\/\">Campos de girasoles<\/a><\/td><td>Mississippi<\/td><td>Paisajes coloridos<\/td><\/tr><tr><td>Barrio Franc\u00e9s<\/td><td>Nueva Orleans<\/td><td>Arquitectura hist\u00f3rica y arte callejero<\/td><\/tr><\/tbody><\/table><\/figure>\n\n<h2 class=\"wp-block-heading\">Actividades seg\u00fan tu tipo de viaje<\/h2>\n\n<h3 class=\"wp-block-heading\">En pareja: Romance y m\u00fasica<\/h3>\n\n<p>En Nueva Orleans no hay nada como un crucero con cena por el Mississippi escuchando jazz en directo. En Nashville, una velada en el <a href=\"https:\/\/bluebirdcafe.com\/\">Bluebird Cafe<\/a> ofrece un ambiente \u00edntimo perfecto para un d\u00fao rom\u00e1ntico. <\/p>\n\n<h3 class=\"wp-block-heading\">En familia: Una aventura accesible para todos<\/h3>\n\n<p>A los ni\u00f1os les encantar\u00e1 el <a href=\"https:\/\/www.memphisrocknsoul.org\/\">Museo del Rock &amp; Soul<\/a> de Memphis y un paseo en barca de remos por el Mississippi. En Tennessee, el <a href=\"https:\/\/www.dollywood.com\/\">parque tem\u00e1tico Dollywood<\/a> es una experiencia \u00fanica que combina m\u00fasica country y atracciones. <\/p>\n\n<p>El Sur Profundo es uno de los <a href=\"https:\/\/usa-b2.com\/\">mejores viajes por carretera de Am\u00e9rica<\/a>. Con conciertos, lugares hist\u00f3ricos, magn\u00edficos paisajes y hoteles emblem\u00e1ticos, cada etapa est\u00e1 llena de sorpresas y descubrimientos. Tanto si viajas en pareja como en familia, este memorable viaje te dejar\u00e1 recuerdos inolvidables y melod\u00edas grabadas en el coraz\u00f3n.  <\/p>\n","protected":false},"excerpt":{"rendered":"<p>El Sur profundo en coche: gu\u00eda para el viaje perfecto por carretera El Sur Profundo de Estados Unidos es una regi\u00f3n impregnada de historia, cultura y m\u00fasica. Este roadtrip te lleva al coraz\u00f3n de las ra\u00edces del blues, el jazz y la m\u00fasica country, a trav\u00e9s de paisajes legendarios y ciudades emblem\u00e1ticas como Nashville, Memphis [&hellip;]<\/p>\n","protected":false},"author":1,"featured_media":0,"parent":0,"menu_order":0,"comment_status":"closed","ping_status":"closed","template":"","meta":{"footnotes":""},"class_list":["post-7886","page","type-page","status-publish","hentry"],"yoast_head":"<!-- This site is optimized with the Yoast SEO plugin v27.4 - https:\/\/yoast.com\/product\/yoast-seo-wordpress\/ -->\n<title>Viaje por carretera por el Sur Profundo: itinerario, paradas clave y experiencias imprescindibles - USA B2<\/title>\n<meta name=\"description\" content=\"Viaje por carretera en el Profundo Sur: itinerario, paradas imprescindibles, alojamiento y actividades \u00a1de Nashville a Nueva Orleans!\" \/>\n<meta name=\"robots\" content=\"index, follow, max-snippet:-1, max-image-preview:large, max-video-preview:-1\" \/>\n<link rel=\"canonical\" href=\"https:\/\/usa-b2.com\/es\/deep-south-music-tour\/\" \/>\n<meta property=\"og:locale\" content=\"es_ES\" \/>\n<meta property=\"og:type\" content=\"article\" \/>\n<meta property=\"og:title\" content=\"Viaje por carretera por el Sur Profundo: itinerario, paradas clave y experiencias imprescindibles - USA B2\" \/>\n<meta property=\"og:description\" content=\"Viaje por carretera en el Profundo Sur: itinerario, paradas imprescindibles, alojamiento y actividades \u00a1de Nashville a Nueva Orleans!\" \/>\n<meta property=\"og:url\" content=\"https:\/\/usa-b2.com\/es\/deep-south-music-tour\/\" \/>\n<meta property=\"og:site_name\" content=\"USA B2\" \/>\n<meta property=\"article:modified_time\" content=\"2025-06-05T10:19:06+00:00\" \/>\n<meta property=\"og:image\" content=\"https:\/\/usa-b2.com\/wp-content\/uploads\/2025\/03\/Deep-South-Music-2-1024x576.png\" \/>\n\t<meta property=\"og:image:width\" content=\"1024\" \/>\n\t<meta property=\"og:image:height\" content=\"576\" \/>\n\t<meta property=\"og:image:type\" content=\"image\/png\" \/>\n<meta name=\"twitter:card\" content=\"summary_large_image\" \/>\n<meta name=\"twitter:label1\" content=\"Tiempo de lectura\" \/>\n\t<meta name=\"twitter:data1\" content=\"4 minutos\" \/>\n<script type=\"application\/ld+json\" class=\"yoast-schema-graph\">{\"@context\":\"https:\\\/\\\/schema.org\",\"@graph\":[{\"@type\":\"WebPage\",\"@id\":\"https:\\\/\\\/usa-b2.com\\\/es\\\/deep-south-music-tour\\\/\",\"url\":\"https:\\\/\\\/usa-b2.com\\\/es\\\/deep-south-music-tour\\\/\",\"name\":\"Viaje por carretera por el Sur Profundo: itinerario, paradas clave y experiencias imprescindibles - USA B2\",\"isPartOf\":{\"@id\":\"https:\\\/\\\/usa-b2.com\\\/es\\\/#website\"},\"primaryImageOfPage\":{\"@id\":\"https:\\\/\\\/usa-b2.com\\\/es\\\/deep-south-music-tour\\\/#primaryimage\"},\"image\":{\"@id\":\"https:\\\/\\\/usa-b2.com\\\/es\\\/deep-south-music-tour\\\/#primaryimage\"},\"thumbnailUrl\":\"https:\\\/\\\/usa-b2.com\\\/wp-content\\\/uploads\\\/2025\\\/03\\\/Deep-South-Music-2-1024x576.png\",\"datePublished\":\"2025-03-17T13:11:22+00:00\",\"dateModified\":\"2025-06-05T10:19:06+00:00\",\"description\":\"Viaje por carretera en el Profundo Sur: itinerario, paradas imprescindibles, alojamiento y actividades \u00a1de Nashville a Nueva Orleans!\",\"breadcrumb\":{\"@id\":\"https:\\\/\\\/usa-b2.com\\\/es\\\/deep-south-music-tour\\\/#breadcrumb\"},\"inLanguage\":\"es\",\"potentialAction\":[{\"@type\":\"ReadAction\",\"target\":[\"https:\\\/\\\/usa-b2.com\\\/es\\\/deep-south-music-tour\\\/\"]}]},{\"@type\":\"ImageObject\",\"inLanguage\":\"es\",\"@id\":\"https:\\\/\\\/usa-b2.com\\\/es\\\/deep-south-music-tour\\\/#primaryimage\",\"url\":\"https:\\\/\\\/usa-b2.com\\\/wp-content\\\/uploads\\\/2025\\\/03\\\/Deep-South-Music-2-1024x576.png\",\"contentUrl\":\"https:\\\/\\\/usa-b2.com\\\/wp-content\\\/uploads\\\/2025\\\/03\\\/Deep-South-Music-2-1024x576.png\"},{\"@type\":\"BreadcrumbList\",\"@id\":\"https:\\\/\\\/usa-b2.com\\\/es\\\/deep-south-music-tour\\\/#breadcrumb\",\"itemListElement\":[{\"@type\":\"ListItem\",\"position\":1,\"name\":\"Accueil\",\"item\":\"https:\\\/\\\/usa-b2.com\\\/es\\\/ee-uu\\\/\"},{\"@type\":\"ListItem\",\"position\":2,\"name\":\"Viaje por carretera por el Sur Profundo: itinerario, paradas clave y experiencias imprescindibles\"}]},{\"@type\":\"WebSite\",\"@id\":\"https:\\\/\\\/usa-b2.com\\\/es\\\/#website\",\"url\":\"https:\\\/\\\/usa-b2.com\\\/es\\\/\",\"name\":\"USA B2 VISA\",\"description\":\"\",\"potentialAction\":[{\"@type\":\"SearchAction\",\"target\":{\"@type\":\"EntryPoint\",\"urlTemplate\":\"https:\\\/\\\/usa-b2.com\\\/es\\\/?s={search_term_string}\"},\"query-input\":{\"@type\":\"PropertyValueSpecification\",\"valueRequired\":true,\"valueName\":\"search_term_string\"}}],\"inLanguage\":\"es\"}]}<\/script>\n<!-- \/ Yoast SEO plugin. -->","yoast_head_json":{"title":"Viaje por carretera por el Sur Profundo: itinerario, paradas clave y experiencias imprescindibles - USA B2","description":"Viaje por carretera en el Profundo Sur: itinerario, paradas imprescindibles, alojamiento y actividades \u00a1de Nashville a Nueva Orleans!","robots":{"index":"index","follow":"follow","max-snippet":"max-snippet:-1","max-image-preview":"max-image-preview:large","max-video-preview":"max-video-preview:-1"},"canonical":"https:\/\/usa-b2.com\/es\/deep-south-music-tour\/","og_locale":"es_ES","og_type":"article","og_title":"Viaje por carretera por el Sur Profundo: itinerario, paradas clave y experiencias imprescindibles - USA B2","og_description":"Viaje por carretera en el Profundo Sur: itinerario, paradas imprescindibles, alojamiento y actividades \u00a1de Nashville a Nueva Orleans!","og_url":"https:\/\/usa-b2.com\/es\/deep-south-music-tour\/","og_site_name":"USA B2","article_modified_time":"2025-06-05T10:19:06+00:00","og_image":[{"width":1024,"height":576,"url":"https:\/\/usa-b2.com\/wp-content\/uploads\/2025\/03\/Deep-South-Music-2-1024x576.png","type":"image\/png"}],"twitter_card":"summary_large_image","twitter_misc":{"Tiempo de lectura":"4 minutos"},"schema":{"@context":"https:\/\/schema.org","@graph":[{"@type":"WebPage","@id":"https:\/\/usa-b2.com\/es\/deep-south-music-tour\/","url":"https:\/\/usa-b2.com\/es\/deep-south-music-tour\/","name":"Viaje por carretera por el Sur Profundo: itinerario, paradas clave y experiencias imprescindibles - USA B2","isPartOf":{"@id":"https:\/\/usa-b2.com\/es\/#website"},"primaryImageOfPage":{"@id":"https:\/\/usa-b2.com\/es\/deep-south-music-tour\/#primaryimage"},"image":{"@id":"https:\/\/usa-b2.com\/es\/deep-south-music-tour\/#primaryimage"},"thumbnailUrl":"https:\/\/usa-b2.com\/wp-content\/uploads\/2025\/03\/Deep-South-Music-2-1024x576.png","datePublished":"2025-03-17T13:11:22+00:00","dateModified":"2025-06-05T10:19:06+00:00","description":"Viaje por carretera en el Profundo Sur: itinerario, paradas imprescindibles, alojamiento y actividades \u00a1de Nashville a Nueva Orleans!","breadcrumb":{"@id":"https:\/\/usa-b2.com\/es\/deep-south-music-tour\/#breadcrumb"},"inLanguage":"es","potentialAction":[{"@type":"ReadAction","target":["https:\/\/usa-b2.com\/es\/deep-south-music-tour\/"]}]},{"@type":"ImageObject","inLanguage":"es","@id":"https:\/\/usa-b2.com\/es\/deep-south-music-tour\/#primaryimage","url":"https:\/\/usa-b2.com\/wp-content\/uploads\/2025\/03\/Deep-South-Music-2-1024x576.png","contentUrl":"https:\/\/usa-b2.com\/wp-content\/uploads\/2025\/03\/Deep-South-Music-2-1024x576.png"},{"@type":"BreadcrumbList","@id":"https:\/\/usa-b2.com\/es\/deep-south-music-tour\/#breadcrumb","itemListElement":[{"@type":"ListItem","position":1,"name":"Accueil","item":"https:\/\/usa-b2.com\/es\/ee-uu\/"},{"@type":"ListItem","position":2,"name":"Viaje por carretera por el Sur Profundo: itinerario, paradas clave y experiencias imprescindibles"}]},{"@type":"WebSite","@id":"https:\/\/usa-b2.com\/es\/#website","url":"https:\/\/usa-b2.com\/es\/","name":"USA B2 VISA","description":"","potentialAction":[{"@type":"SearchAction","target":{"@type":"EntryPoint","urlTemplate":"https:\/\/usa-b2.com\/es\/?s={search_term_string}"},"query-input":{"@type":"PropertyValueSpecification","valueRequired":true,"valueName":"search_term_string"}}],"inLanguage":"es"}]}},"_links":{"self":[{"href":"https:\/\/usa-b2.com\/es\/wp-json\/wp\/v2\/pages\/7886","targetHints":{"allow":["GET"]}}],"collection":[{"href":"https:\/\/usa-b2.com\/es\/wp-json\/wp\/v2\/pages"}],"about":[{"href":"https:\/\/usa-b2.com\/es\/wp-json\/wp\/v2\/types\/page"}],"author":[{"embeddable":true,"href":"https:\/\/usa-b2.com\/es\/wp-json\/wp\/v2\/users\/1"}],"replies":[{"embeddable":true,"href":"https:\/\/usa-b2.com\/es\/wp-json\/wp\/v2\/comments?post=7886"}],"version-history":[{"count":0,"href":"https:\/\/usa-b2.com\/es\/wp-json\/wp\/v2\/pages\/7886\/revisions"}],"wp:attachment":[{"href":"https:\/\/usa-b2.com\/es\/wp-json\/wp\/v2\/media?parent=7886"}],"curies":[{"name":"wp","href":"https:\/\/api.w.org\/{rel}","templated":true}]}}