{"id":7829,"date":"2025-03-17T11:01:36","date_gmt":"2025-03-17T11:01:36","guid":{"rendered":"https:\/\/usa-b2.com\/florida-keys\/"},"modified":"2025-06-05T09:51:57","modified_gmt":"2025-06-05T09:51:57","slug":"florida-keys","status":"publish","type":"page","link":"https:\/\/usa-b2.com\/es\/florida-keys\/","title":{"rendered":"Viaje por carretera a los Cayos: itinerario, consejos y visitas obligadas en Florida"},"content":{"rendered":"\n<h1 class=\"wp-block-heading\">Gu\u00eda para un viaje por carretera en los Cayos de EEUU<\/h1>\n\n<p><a href=\"https:\/\/fla-keys.com\/\">Los Cayos de Florida<\/a> son un archipi\u00e9lago paradis\u00edaco que se extiende a lo largo de 180 km entre Cayo Largo y Cayo Hueso. Recorrer esta legendaria ruta por la <a href=\"https:\/\/en.wikipedia.org\/wiki\/Overseas_Highway\">Carretera de Ultramar<\/a> (US-1) ofrece paisajes inolvidables, paradas estrat\u00e9gicas y una inmersi\u00f3n total en un ambiente tropical \u00fanico. Tanto si viajas en pareja, en familia o con amigos, esta gu\u00eda te ofrece todo lo que necesitas saber sobre este <a href=\"https:\/\/usa-b2.com\/es\/\">viaje por carretera por Am\u00e9rica<\/a>: itinerario, actividades, alojamiento y lugares imprescindibles.  <\/p>\n\n<figure class=\"wp-block-image size-large\"><img fetchpriority=\"high\" decoding=\"async\" width=\"1024\" height=\"576\" src=\"https:\/\/usa-b2.com\/wp-content\/uploads\/2025\/03\/Keys-Florida-1-1024x576.png\" alt=\"\" class=\"wp-image-8114\" srcset=\"https:\/\/usa-b2.com\/wp-content\/uploads\/2025\/03\/Keys-Florida-1-1024x576.png 1024w, https:\/\/usa-b2.com\/wp-content\/uploads\/2025\/03\/Keys-Florida-1-300x169.png 300w, https:\/\/usa-b2.com\/wp-content\/uploads\/2025\/03\/Keys-Florida-1-768x432.png 768w, https:\/\/usa-b2.com\/wp-content\/uploads\/2025\/03\/Keys-Florida-1.png 1099w\" sizes=\"(max-width: 1024px) 100vw, 1024px\" \/><\/figure>\n\n<h2 class=\"wp-block-heading\">Ruta ideal por los Cayos<\/h2>\n\n<p>La ruta cl\u00e1sica comienza en <a href=\"https:\/\/www.miami.gov\/Home\">Miami<\/a> y sigue <a href=\"https:\/\/en.wikivoyage.org\/wiki\/U.S._Highway_1\">la US-1 Sur<\/a> hasta <a href=\"https:\/\/www.cityofkeywest-fl.gov\/\">Cayo Hueso<\/a>. \u00c9stas son las principales etapas de la ruta: <\/p>\n\n<ul class=\"wp-block-list\">\n<li><a href=\"https:\/\/www.homesteadfl.gov\/\">Homestead<\/a>: Puerta de entrada a los <a href=\"https:\/\/www.nps.gov\/ever\/index.htm\">Everglades<\/a>, perfecto para un viaje en hidrodeslizador.<\/li>\n\n\n\n<li><a href=\"https:\/\/www.office-tourisme-usa.com\/etat\/floride\/key-largo\/\">Cayo Largo<\/a>: Ideal para bucear en el <a href=\"https:\/\/pennekamppark.com\/\">Parque Estatal de Arrecifes de Coral John Pennekamp<\/a>.<\/li>\n\n\n\n<li><a href=\"https:\/\/www.islamorada.fl.us\/\">Islamorada<\/a>: La capital mundial de la pesca de altura, perfecta para degustar pescado fresco.<\/li>\n\n\n\n<li><a href=\"https:\/\/www.ci.marathon.fl.us\/\">Marat\u00f3n<\/a>: El emblem\u00e1tico Puente de las Siete Millas y <a href=\"https:\/\/www.visitflorida.com\/travel-ideas\/articles\/sombrero-beach-in-marathon-florida-key-west\/\">la Playa del Sombrero<\/a>.<\/li>\n\n\n\n<li><strong><a href=\"https:\/\/www.floridastateparks.org\/BahiaHonda\">Parque Estatal de Bah\u00eda Honda<\/a><\/strong> Una de las playas m\u00e1s bellas de los Cayos.<\/li>\n\n\n\n<li><strong>Cayo Hueso<\/strong>: Destino final, famoso por su Celebraci\u00f3n del Atardecer en <a href=\"https:\/\/www.mallorysquare.com\/\">Mallory Square<\/a>.<\/li>\n<\/ul>\n\n<h2 class=\"wp-block-heading\">Paisajes y paradas naturales ineludibles<\/h2>\n\n<p>Los <strong>Cayos <\/strong>ofrecen un paisaje diverso de playas, parques nacionales y arrecifes de coral.<\/p>\n\n<p>Entre los parques nacionales que hay que visitar, el Parque Nacional de los Everglades ofrece la posibilidad de descubrir la fauna local, mientras que <a href=\"https:\/\/www.nps.gov\/drto\/index.htm\">el Parque Nacional de Dry Tortugas<\/a>, accesible en barco desde Cayo Hueso, alberga <a href=\"https:\/\/www.futura-sciences.com\/planete\/photos\/amerique-splendeur-parcs-nationaux-americains-1023\/amerique-fort-jefferson-parc-national-sec-tortugas-7010\/\">el Fuerte Jefferson<\/a> y aguas cristalinas ideales para bucear.<\/p>\n\n<p>Otras vistas inolvidables son el <a href=\"https:\/\/www.tripadvisor.com\/Attraction_Review-g34347-d519772-Reviews-Seven_Mile_Bridge-Marathon_Florida_Keys_Florida.html\">Puente de las Siete Millas<\/a>, uno de los puentes m\u00e1s largos del mundo, la Playa <strong>del Sombrero<\/strong> en Marathon y las aguas poco profundas de <a href=\"https:\/\/fla-keys.com\/keysvoices\/experience-big-pine-the-lower-keys\/\">Cayo Big Pine<\/a>, donde podr\u00e1s avistar ciervos end\u00e9micos de la regi\u00f3n.<\/p>\n\n<h2 class=\"wp-block-heading\">\u00bfD\u00f3nde dormir en los Cayos?<\/h2>\n\n<p>Encontrar el alojamiento adecuado es esencial si quieres aprovechar al m\u00e1ximo tu viaje.<\/p>\n\n<p>Hay una gran variedad de opciones que se adaptan a tu presupuesto y preferencias:<\/p>\n\n<figure class=\"wp-block-table\"><table class=\"has-fixed-layout\"><tbody><tr><td><strong>Ciudad<\/strong><\/td><td><strong>Alojamiento<\/strong><\/td><td><strong>Precio medio\/noche<\/strong><\/td><\/tr><tr><td>Cayo Largo<\/td><td><a href=\"https:\/\/www.marriott.com\/en-us\/hotels\/mthak-playa-largo-resort-and-spa-autograph-collection\/overview\/?scid=f2ae0541-1279-4f24-b197-a979c79310b0\">Playa Largo Resort &amp; Spa<\/a><\/td><td>180$<\/td><\/tr><tr><td>Marat\u00f3n<\/td><td><a href=\"https:\/\/www.hawkscay.com\/?NCK=8666906422&amp;utm_source=google&amp;utm_medium=listing&amp;utm_campaign=hawks+cay+resort\">Complejo tur\u00edstico Hawks Cay<\/a><\/td><td>250$<\/td><\/tr><tr><td>Cayo Hueso<\/td><td><a href=\"https:\/\/www.themarkerkeywest.com\/?NCK=gl-marker\">Balneario The Marker<\/a><\/td><td>300$<\/td><\/tr><\/tbody><\/table><\/figure>\n\n<h2 class=\"wp-block-heading\">Spots fotogr\u00e1ficos instagrammables<\/h2>\n\n<p>Los Cayos ofrecen muchos lugares emblem\u00e1ticos perfectos para tus fotos.<\/p>\n\n<p><a href=\"https:\/\/cityofkeywest-fl.gov\/Facilities\/Facility\/Details\/Southernmost-Point-44\">Southernmost Point, en Cayo<\/a> Hueso, es una visita obligada, al igual que el <a href=\"https:\/\/7milebridge.website\/\">Puente de las Siete Millas<\/a> al atardecer. Si buscas un entorno tropical, dir\u00edgete <a href=\"https:\/\/www.floridastateparks.org\/BahiaHonda\">al Parque Estatal de Bah\u00eda Honda<\/a>, famoso por sus aguas turquesas. <\/p>\n\n<p>Otras experiencias m\u00e1s inusuales son la estatua sumergida del <a href=\"https:\/\/www.atlasobscura.com\/places\/christ-of-the-abyss-florida\">Cristo del Abismo<\/a> en Cayo Largo, una experiencia de buceo \u00fanica, y la <a href=\"https:\/\/www.sunsetcelebration.org\/\">Celebraci\u00f3n de la Puesta de Sol<\/a> en <a href=\"https:\/\/www.mallorysquare.com\/\">Mallory Square, Cayo Hueso,<\/a> que garantiza tomas espectaculares.<\/p>\n\n<h2 class=\"wp-block-heading\">Actividades para parejas y familias<\/h2>\n\n<h3 class=\"wp-block-heading\">Pareja<\/h3>\n\n<p>Un viaje a los Cayos es una escapada rom\u00e1ntica por excelencia. Una cena junto al mar, por ejemplo en <a href=\"https:\/\/www.moradabaykeys.com\/dining\/pierres-restaurant\/\">el Restaurante Pierre&#8217;s<\/a> de Islamorada, es el escenario perfecto. Los paseos en velero al atardecer en Cayo Hueso son inolvidables, al igual que un d\u00eda de buceo con tubo en <a href=\"https:\/\/floridakeys.noaa.gov\/zones\/spas\/loeekey.html\">el arrecife de Cayo Looe<\/a>.  <\/p>\n\n<h3 class=\"wp-block-heading\">Familia<\/h3>\n\n<p>Los Cayos son tambi\u00e9n un destino perfecto para las familias. A los ni\u00f1os les encantar\u00e1 : <\/p>\n\n<ul class=\"wp-block-list\">\n<li>Nada con delfines en el <a href=\"https:\/\/dolphins.org\/\">Centro de Investigaci\u00f3n de Delfines<\/a> de Marat\u00f3n.<\/li>\n\n\n\n<li>Explora los acuarios interactivos de Cayo Hueso.<\/li>\n\n\n\n<li>Navega en kayak por los manglares de <a href=\"https:\/\/www.expedia.fr\/Big-Pine-Key.dx7195\">Cayo Big Pine<\/a>.<\/li>\n<\/ul>\n\n<p>Viajar por los Cayos de Florida es una experiencia \u00fanica, que combina paisajes sublimes, una gran variedad de actividades y alojamiento de calidad. Tanto si eres submarinista como si te gusta viajar por carretera o buscas el romance, este viaje promete recuerdos inolvidables. \u00a1Planifica tu itinerario, reserva tus hoteles y disfruta de una aventura excepcional por una de las carreteras m\u00e1s legendarias de Estados Unidos!  <\/p>\n\n<p><\/p>\n","protected":false},"excerpt":{"rendered":"<p>Gu\u00eda para un viaje por carretera en los Cayos de EEUU Los Cayos de Florida son un archipi\u00e9lago paradis\u00edaco que se extiende a lo largo de 180 km entre Cayo Largo y Cayo Hueso. Recorrer esta legendaria ruta por la Carretera de Ultramar (US-1) ofrece paisajes inolvidables, paradas estrat\u00e9gicas y una inmersi\u00f3n total en un [&hellip;]<\/p>\n","protected":false},"author":1,"featured_media":0,"parent":0,"menu_order":0,"comment_status":"closed","ping_status":"closed","template":"","meta":{"footnotes":""},"class_list":["post-7829","page","type-page","status-publish","hentry"],"yoast_head":"<!-- This site is optimized with the Yoast SEO plugin v27.4 - https:\/\/yoast.com\/product\/yoast-seo-wordpress\/ -->\n<title>Viaje por carretera a los Cayos: itinerario, consejos y visitas obligadas en Florida - USA B2<\/title>\n<meta name=\"description\" content=\"Descubre la gu\u00eda del viaje por carretera a los Cayos de Florida: itinerario, paisajes, hoteles, actividades y lugares para hacer fotos de Instagram.\" \/>\n<meta name=\"robots\" content=\"index, follow, max-snippet:-1, max-image-preview:large, max-video-preview:-1\" \/>\n<link rel=\"canonical\" href=\"https:\/\/usa-b2.com\/es\/florida-keys\/\" \/>\n<meta property=\"og:locale\" content=\"es_ES\" \/>\n<meta property=\"og:type\" content=\"article\" \/>\n<meta property=\"og:title\" content=\"Viaje por carretera a los Cayos: itinerario, consejos y visitas obligadas en Florida - USA B2\" \/>\n<meta property=\"og:description\" content=\"Descubre la gu\u00eda del viaje por carretera a los Cayos de Florida: itinerario, paisajes, hoteles, actividades y lugares para hacer fotos de Instagram.\" \/>\n<meta property=\"og:url\" content=\"https:\/\/usa-b2.com\/es\/florida-keys\/\" \/>\n<meta property=\"og:site_name\" content=\"USA B2\" \/>\n<meta property=\"article:modified_time\" content=\"2025-06-05T09:51:57+00:00\" \/>\n<meta property=\"og:image\" content=\"https:\/\/usa-b2.com\/wp-content\/uploads\/2025\/03\/Keys-Florida-1.png\" \/>\n\t<meta property=\"og:image:width\" content=\"1099\" \/>\n\t<meta property=\"og:image:height\" content=\"618\" \/>\n\t<meta property=\"og:image:type\" content=\"image\/png\" \/>\n<meta name=\"twitter:card\" content=\"summary_large_image\" \/>\n<meta name=\"twitter:label1\" content=\"Tiempo de lectura\" \/>\n\t<meta name=\"twitter:data1\" content=\"3 minutos\" \/>\n<script type=\"application\/ld+json\" class=\"yoast-schema-graph\">{\"@context\":\"https:\\\/\\\/schema.org\",\"@graph\":[{\"@type\":\"WebPage\",\"@id\":\"https:\\\/\\\/usa-b2.com\\\/es\\\/florida-keys\\\/\",\"url\":\"https:\\\/\\\/usa-b2.com\\\/es\\\/florida-keys\\\/\",\"name\":\"Viaje por carretera a los Cayos: itinerario, consejos y visitas obligadas en Florida - USA B2\",\"isPartOf\":{\"@id\":\"https:\\\/\\\/usa-b2.com\\\/es\\\/#website\"},\"primaryImageOfPage\":{\"@id\":\"https:\\\/\\\/usa-b2.com\\\/es\\\/florida-keys\\\/#primaryimage\"},\"image\":{\"@id\":\"https:\\\/\\\/usa-b2.com\\\/es\\\/florida-keys\\\/#primaryimage\"},\"thumbnailUrl\":\"https:\\\/\\\/usa-b2.com\\\/wp-content\\\/uploads\\\/2025\\\/03\\\/Keys-Florida-1-1024x576.png\",\"datePublished\":\"2025-03-17T11:01:36+00:00\",\"dateModified\":\"2025-06-05T09:51:57+00:00\",\"description\":\"Descubre la gu\u00eda del viaje por carretera a los Cayos de Florida: itinerario, paisajes, hoteles, actividades y lugares para hacer fotos de Instagram.\",\"breadcrumb\":{\"@id\":\"https:\\\/\\\/usa-b2.com\\\/es\\\/florida-keys\\\/#breadcrumb\"},\"inLanguage\":\"es\",\"potentialAction\":[{\"@type\":\"ReadAction\",\"target\":[\"https:\\\/\\\/usa-b2.com\\\/es\\\/florida-keys\\\/\"]}]},{\"@type\":\"ImageObject\",\"inLanguage\":\"es\",\"@id\":\"https:\\\/\\\/usa-b2.com\\\/es\\\/florida-keys\\\/#primaryimage\",\"url\":\"https:\\\/\\\/usa-b2.com\\\/wp-content\\\/uploads\\\/2025\\\/03\\\/Keys-Florida-1-1024x576.png\",\"contentUrl\":\"https:\\\/\\\/usa-b2.com\\\/wp-content\\\/uploads\\\/2025\\\/03\\\/Keys-Florida-1-1024x576.png\"},{\"@type\":\"BreadcrumbList\",\"@id\":\"https:\\\/\\\/usa-b2.com\\\/es\\\/florida-keys\\\/#breadcrumb\",\"itemListElement\":[{\"@type\":\"ListItem\",\"position\":1,\"name\":\"Accueil\",\"item\":\"https:\\\/\\\/usa-b2.com\\\/es\\\/ee-uu\\\/\"},{\"@type\":\"ListItem\",\"position\":2,\"name\":\"Viaje por carretera a los Cayos: itinerario, consejos y visitas obligadas en Florida\"}]},{\"@type\":\"WebSite\",\"@id\":\"https:\\\/\\\/usa-b2.com\\\/es\\\/#website\",\"url\":\"https:\\\/\\\/usa-b2.com\\\/es\\\/\",\"name\":\"USA B2 VISA\",\"description\":\"\",\"potentialAction\":[{\"@type\":\"SearchAction\",\"target\":{\"@type\":\"EntryPoint\",\"urlTemplate\":\"https:\\\/\\\/usa-b2.com\\\/es\\\/?s={search_term_string}\"},\"query-input\":{\"@type\":\"PropertyValueSpecification\",\"valueRequired\":true,\"valueName\":\"search_term_string\"}}],\"inLanguage\":\"es\"}]}<\/script>\n<!-- \/ Yoast SEO plugin. -->","yoast_head_json":{"title":"Viaje por carretera a los Cayos: itinerario, consejos y visitas obligadas en Florida - USA B2","description":"Descubre la gu\u00eda del viaje por carretera a los Cayos de Florida: itinerario, paisajes, hoteles, actividades y lugares para hacer fotos de Instagram.","robots":{"index":"index","follow":"follow","max-snippet":"max-snippet:-1","max-image-preview":"max-image-preview:large","max-video-preview":"max-video-preview:-1"},"canonical":"https:\/\/usa-b2.com\/es\/florida-keys\/","og_locale":"es_ES","og_type":"article","og_title":"Viaje por carretera a los Cayos: itinerario, consejos y visitas obligadas en Florida - USA B2","og_description":"Descubre la gu\u00eda del viaje por carretera a los Cayos de Florida: itinerario, paisajes, hoteles, actividades y lugares para hacer fotos de Instagram.","og_url":"https:\/\/usa-b2.com\/es\/florida-keys\/","og_site_name":"USA B2","article_modified_time":"2025-06-05T09:51:57+00:00","og_image":[{"width":1099,"height":618,"url":"https:\/\/usa-b2.com\/wp-content\/uploads\/2025\/03\/Keys-Florida-1.png","type":"image\/png"}],"twitter_card":"summary_large_image","twitter_misc":{"Tiempo de lectura":"3 minutos"},"schema":{"@context":"https:\/\/schema.org","@graph":[{"@type":"WebPage","@id":"https:\/\/usa-b2.com\/es\/florida-keys\/","url":"https:\/\/usa-b2.com\/es\/florida-keys\/","name":"Viaje por carretera a los Cayos: itinerario, consejos y visitas obligadas en Florida - USA B2","isPartOf":{"@id":"https:\/\/usa-b2.com\/es\/#website"},"primaryImageOfPage":{"@id":"https:\/\/usa-b2.com\/es\/florida-keys\/#primaryimage"},"image":{"@id":"https:\/\/usa-b2.com\/es\/florida-keys\/#primaryimage"},"thumbnailUrl":"https:\/\/usa-b2.com\/wp-content\/uploads\/2025\/03\/Keys-Florida-1-1024x576.png","datePublished":"2025-03-17T11:01:36+00:00","dateModified":"2025-06-05T09:51:57+00:00","description":"Descubre la gu\u00eda del viaje por carretera a los Cayos de Florida: itinerario, paisajes, hoteles, actividades y lugares para hacer fotos de Instagram.","breadcrumb":{"@id":"https:\/\/usa-b2.com\/es\/florida-keys\/#breadcrumb"},"inLanguage":"es","potentialAction":[{"@type":"ReadAction","target":["https:\/\/usa-b2.com\/es\/florida-keys\/"]}]},{"@type":"ImageObject","inLanguage":"es","@id":"https:\/\/usa-b2.com\/es\/florida-keys\/#primaryimage","url":"https:\/\/usa-b2.com\/wp-content\/uploads\/2025\/03\/Keys-Florida-1-1024x576.png","contentUrl":"https:\/\/usa-b2.com\/wp-content\/uploads\/2025\/03\/Keys-Florida-1-1024x576.png"},{"@type":"BreadcrumbList","@id":"https:\/\/usa-b2.com\/es\/florida-keys\/#breadcrumb","itemListElement":[{"@type":"ListItem","position":1,"name":"Accueil","item":"https:\/\/usa-b2.com\/es\/ee-uu\/"},{"@type":"ListItem","position":2,"name":"Viaje por carretera a los Cayos: itinerario, consejos y visitas obligadas en Florida"}]},{"@type":"WebSite","@id":"https:\/\/usa-b2.com\/es\/#website","url":"https:\/\/usa-b2.com\/es\/","name":"USA B2 VISA","description":"","potentialAction":[{"@type":"SearchAction","target":{"@type":"EntryPoint","urlTemplate":"https:\/\/usa-b2.com\/es\/?s={search_term_string}"},"query-input":{"@type":"PropertyValueSpecification","valueRequired":true,"valueName":"search_term_string"}}],"inLanguage":"es"}]}},"_links":{"self":[{"href":"https:\/\/usa-b2.com\/es\/wp-json\/wp\/v2\/pages\/7829","targetHints":{"allow":["GET"]}}],"collection":[{"href":"https:\/\/usa-b2.com\/es\/wp-json\/wp\/v2\/pages"}],"about":[{"href":"https:\/\/usa-b2.com\/es\/wp-json\/wp\/v2\/types\/page"}],"author":[{"embeddable":true,"href":"https:\/\/usa-b2.com\/es\/wp-json\/wp\/v2\/users\/1"}],"replies":[{"embeddable":true,"href":"https:\/\/usa-b2.com\/es\/wp-json\/wp\/v2\/comments?post=7829"}],"version-history":[{"count":0,"href":"https:\/\/usa-b2.com\/es\/wp-json\/wp\/v2\/pages\/7829\/revisions"}],"wp:attachment":[{"href":"https:\/\/usa-b2.com\/es\/wp-json\/wp\/v2\/media?parent=7829"}],"curies":[{"name":"wp","href":"https:\/\/api.w.org\/{rel}","templated":true}]}}