{"id":6267,"date":"2025-01-15T12:08:05","date_gmt":"2025-01-15T12:08:05","guid":{"rendered":"https:\/\/usa-b2.com\/viaje-boston-a-washington\/"},"modified":"2025-01-16T15:38:33","modified_gmt":"2025-01-16T15:38:33","slug":"viaje-boston-a-washington","status":"publish","type":"page","link":"https:\/\/usa-b2.com\/es\/viaje-boston-a-washington\/","title":{"rendered":"Un viaje por carretera de Boston a Washington"},"content":{"rendered":"\n<h1 class=\"wp-block-heading\">\u00bfC\u00f3mo se organiza un viaje por carretera de Boston a Washington?<\/h1>\n\n<p>Un viaje por carretera de Boston a Washington es una forma ideal de descubrir los tesoros hist\u00f3ricos, culturales y naturales de la Costa Este de Estados Unidos. Pasando por ciudades emblem\u00e1ticas como Nueva York y Filadelfia, as\u00ed como por lugares pintorescos y parques nacionales, este itinerario combina la bulliciosa vida urbana con momentos de serenidad. En esta gu\u00eda, descubre las mejores etapas, alojamientos, actividades y consejos para que este viaje sea memorable.  <\/p>\n\n<figure class=\"wp-block-image size-full\"><img fetchpriority=\"high\" decoding=\"async\" width=\"789\" height=\"444\" src=\"https:\/\/usa-b2.com\/wp-content\/uploads\/2025\/01\/Atlantic-City-USA-edited.png\" alt=\"\" class=\"wp-image-6902\" srcset=\"https:\/\/usa-b2.com\/wp-content\/uploads\/2025\/01\/Atlantic-City-USA-edited.png 789w, https:\/\/usa-b2.com\/wp-content\/uploads\/2025\/01\/Atlantic-City-USA-edited-300x169.png 300w, https:\/\/usa-b2.com\/wp-content\/uploads\/2025\/01\/Atlantic-City-USA-edited-768x432.png 768w\" sizes=\"(max-width: 789px) 100vw, 789px\" \/><\/figure>\n\n<h2 class=\"wp-block-heading\">Descubre lo que no te puedes perder: Ciudades y lugares emblem\u00e1ticos<\/h2>\n\n<h3 class=\"wp-block-heading\">Ciudades clave que explorar<\/h3>\n\n<ul class=\"wp-block-list\">\n<li><strong><a href=\"https:\/\/www.boston.gov\/\">Boston<\/a> <\/strong>Boston: Como cuna de la historia estadounidense, Boston cuenta con algunos lugares de visita obligada, como el Sendero de la Libertad, Faneuil Hall y Harvard.<\/li>\n\n\n\n<li><strong><a href=\"https:\/\/www.nyc.gov\/\">Nueva York<\/a><\/strong> La ciudad que nunca duerme est\u00e1 repleta de monumentos famosos, como la Estatua de la Libertad, Times Square y Central Park.<\/li>\n\n\n\n<li><strong><a href=\"https:\/\/www.phila.gov\/fr\/\">Filadelfia<\/a><\/strong> No te pierdas el Independence Hall y la Campana de la Libertad, s\u00edmbolos de la independencia estadounidense.<\/li>\n\n\n\n<li><strong><a href=\"https:\/\/washington.org\/fr\/\">Washington<\/a>, D.C<\/strong>. La capital est\u00e1 repleta de museos gratuitos y monumentos emblem\u00e1ticos como el Monumento a Lincoln y la Casa Blanca.<\/li>\n<\/ul>\n\n<h3 class=\"wp-block-heading\">Escenarios naturales y pintorescos<\/h3>\n\n<p>El viaje no se limita a las grandes ciudades. Haz un alto en el camino para explorar una gran variedad de paisajes: <\/p>\n\n<ul class=\"wp-block-list\">\n<li><strong><a href=\"https:\/\/www.capecodchamber.org\/\">Cape Cod<\/a> (Massachusetts)<\/strong>: Conocido por sus playas y encantadores pueblos costeros.<\/li>\n\n\n\n<li><strong><a href=\"https:\/\/dwgpa.gov\/\">Delaware Water Gap<\/a> (Pensilvania y Nueva Jersey<\/strong>): Un valle espectacular para practicar senderismo y disfrutar de vistas panor\u00e1micas.<\/li>\n\n\n\n<li><strong><a href=\"https:\/\/en.wikipedia.org\/wiki\/Chesapeake_Bay\">Bah\u00eda de Chesapeake<\/a> (Maryland)<\/strong>: Perfecto para una escapada a la naturaleza entre Filadelfia y Washington.<\/li>\n<\/ul>\n\n<h2 class=\"wp-block-heading\">D\u00f3nde alojarse: Alojamientos y ciudades estrat\u00e9gicas<\/h2>\n\n<h3 class=\"wp-block-heading\">Los mejores lugares para alojarse<\/h3>\n\n<ul class=\"wp-block-list\">\n<li><strong>Boston<\/strong>: Al\u00f3jate cerca de Back Bay o Beacon Hill para estar en el coraz\u00f3n de las principales atracciones.<\/li>\n\n\n\n<li><strong>Nueva York<\/strong>: Elige Manhattan por su accesibilidad, o Brooklyn para un ambiente m\u00e1s relajado.<\/li>\n\n\n\n<li><strong>Filadelfia<\/strong>: El distrito de Center City es ideal para explorar lugares hist\u00f3ricos.<\/li>\n\n\n\n<li><strong>Washington, D.C<\/strong>. Logan Circle y Dupont Circle ofrecen hoteles c\u00f3modos y f\u00e1cil acceso a los monumentos.<\/li>\n<\/ul>\n\n<h3 class=\"wp-block-heading\">Tipos de alojamiento<\/h3>\n\n<ul class=\"wp-block-list\">\n<li><strong>Hoteles con encanto<\/strong>: Posadas hist\u00f3ricas como la <a href=\"https:\/\/www.omnihotels.com\/hotels\/boston-parker-house?utm_source=gmblisting&amp;utm_medium=organic\">Omni Parker House<\/a> de Boston te sumergen en la historia local.<\/li>\n\n\n\n<li><strong>Pisos y Airbnb <\/strong>: Perfectos para estancias prolongadas en Nueva York o Washington.<\/li>\n\n\n\n<li><strong>Campings<\/strong>: Si buscas una experiencia natural, los campings como los que rodean la bah\u00eda de Chesapeake son ideales.<\/li>\n<\/ul>\n\n<h2 class=\"wp-block-heading\">Itinerario recomendado : De Boston a Washington en 7 d\u00edas<\/h2>\n\n<figure class=\"wp-block-table\"><table class=\"has-fixed-layout\"><tbody><tr><td class=\"has-text-align-center\" data-align=\"center\"><strong>D\u00eda<\/strong><\/td><td class=\"has-text-align-center\" data-align=\"center\"><strong>Paso<\/strong><\/td><td class=\"has-text-align-center\" data-align=\"center\"><strong>Actividades principales<\/strong><\/td><td class=\"has-text-align-center\" data-align=\"center\"><strong>Alojamiento sugerido<\/strong><\/td><\/tr><tr><td class=\"has-text-align-center\" data-align=\"center\">1<\/td><td class=\"has-text-align-center\" data-align=\"center\">Boston<\/td><td class=\"has-text-align-center\" data-align=\"center\">Camino de la Libertad, Mercado de Quincy<\/td><td class=\"has-text-align-center\" data-align=\"center\">Boston<\/td><\/tr><tr><td class=\"has-text-align-center\" data-align=\"center\">2<\/td><td class=\"has-text-align-center\" data-align=\"center\">Cabo Cod<\/td><td class=\"has-text-align-center\" data-align=\"center\">Playas, paseos en barco<\/td><td class=\"has-text-align-center\" data-align=\"center\">Cabo Cod<\/td><\/tr><tr><td class=\"has-text-align-center\" data-align=\"center\">3<\/td><td class=\"has-text-align-center\" data-align=\"center\">Nueva York<\/td><td class=\"has-text-align-center\" data-align=\"center\">Times Square, Central Park, Estatua de la Libertad<\/td><td class=\"has-text-align-center\" data-align=\"center\">Nueva York<\/td><\/tr><tr><td class=\"has-text-align-center\" data-align=\"center\">4<\/td><td class=\"has-text-align-center\" data-align=\"center\">De Nueva York a Filadelfia<\/td><td class=\"has-text-align-center\" data-align=\"center\">Museo de Arte, Campana de la Libertad<\/td><td class=\"has-text-align-center\" data-align=\"center\">Filadelfia<\/td><\/tr><tr><td class=\"has-text-align-center\" data-align=\"center\">5<\/td><td class=\"has-text-align-center\" data-align=\"center\">Brecha de agua del Delaware<\/td><td class=\"has-text-align-center\" data-align=\"center\">Senderismo y relax<\/td><td class=\"has-text-align-center\" data-align=\"center\">Filadelfia<\/td><\/tr><tr><td class=\"has-text-align-center\" data-align=\"center\">6<\/td><td class=\"has-text-align-center\" data-align=\"center\">Annapolis y la Bah\u00eda de Chesapeake<\/td><td class=\"has-text-align-center\" data-align=\"center\">Degustaci\u00f3n de marisco, paseo por el paseo mar\u00edtimo<\/td><td class=\"has-text-align-center\" data-align=\"center\">Washington<\/td><\/tr><tr><td class=\"has-text-align-center\" data-align=\"center\">7<\/td><td class=\"has-text-align-center\" data-align=\"center\">Washington, D.C.<\/td><td class=\"has-text-align-center\" data-align=\"center\">National Mall, Museos Smithsonian<\/td><td class=\"has-text-align-center\" data-align=\"center\">Washington<\/td><\/tr><\/tbody><\/table><\/figure>\n\n<p>Este itinerario ofrece un equilibrio entre visitas urbanas y escapadas a la naturaleza para aprovechar al m\u00e1ximo las maravillas de la Costa Este.<\/p>\n\n<h2 class=\"wp-block-heading\">Lugares para hacer fotos en Instagram<\/h2>\n\n<h3 class=\"wp-block-heading\">Los lugares perfectos para tus fotos<\/h3>\n\n<ul class=\"wp-block-list\">\n<li><strong><a href=\"https:\/\/fr.tripadvisor.be\/Attraction_Review-g60745-d481783-Reviews-Acorn_Street-Boston_Massachusetts.html\">Calle de la Bellota<\/a> (Boston)<\/strong>: Una hist\u00f3rica calle adoquinada, perfecta para captar la esencia de la arquitectura colonial.<\/li>\n\n\n\n<li><strong><a href=\"https:\/\/www.rockefellercenter.com\/fr-fr\/attractions\/plateforme-observation-top-of-the-rock\/\">Top of the Rock<\/a> (Nueva York)<\/strong>: Una vista impresionante de Manhattan, incluido el Empire State Building y Central Park.<\/li>\n\n\n\n<li><strong><a href=\"https:\/\/www.phillymagicgardens.org\/?gad_source=1&amp;gclid=Cj0KCQiA-aK8BhCDARIsAL_-H9nv8NAvzyI3HmO-V8arQsCZdAMMgPhCI4cgA5vykHh3x5QcLa8DZcYaAmjkEALw_wcB\">Jardines M\u00e1gicos de Filadelfia<\/a><\/strong> Un lugar art\u00edstico \u00fanico para la fotograf\u00eda colorista y creativa.<\/li>\n\n\n\n<li><strong>Cuenca de las Mareas (Washington, D.C.) <\/strong>: El reflejo de los monumentos en el agua, especialmente hermoso al amanecer.<\/li>\n<\/ul>\n\n<h3 class=\"wp-block-heading\">Consejos para inmortalizar tu viaje por carretera<\/h3>\n\n<p>Para conseguir las mejores fotos, elige las horas doradas de la ma\u00f1ana y del atardecer. No dudes en explorar miradores poco frecuentados, como parques urbanos o muelles, para conseguir fotos originales. <\/p>\n\n<h2 class=\"wp-block-heading\">Actividades seg\u00fan tu tipo de viaje<\/h2>\n\n<h3 class=\"wp-block-heading\">Para parejas: momentos rom\u00e1nticos<\/h3>\n\n<ul class=\"wp-block-list\">\n<li><strong>Paseo en barco por el r\u00edo Charles (Boston)<\/strong>: Disfruta de una rom\u00e1ntica vista de los tejados de la ciudad.<\/li>\n\n\n\n<li><strong>Picnic en <a href=\"https:\/\/www.centralparknyc.org\/\">Central Park<\/a> (Nueva York)<\/strong>: Rel\u00e1jate en un entorno frondoso con vistas a los rascacielos.<\/li>\n\n\n\n<li><strong>Restaurantes gourmet en <a href=\"https:\/\/www.georgetowndc.com\/\">Georgetown<\/a> (Washington)<\/strong>: Este barrio ofrece restaurantes \u00edntimos y un ambiente acogedor.<\/li>\n<\/ul>\n\n<h3 class=\"wp-block-heading\">En familia: aventuras para ni\u00f1os<\/h3>\n\n<ul class=\"wp-block-list\">\n<li><strong>Visita interactiva al <a href=\"https:\/\/www.mos.org\/\">Museo de la Ciencia<\/a> (Boston)<\/strong>: Ideal para aprender divirti\u00e9ndote.<\/li>\n\n\n\n<li><strong>Paseo por el <a href=\"https:\/\/www.thehighline.org\/\">High Line<\/a> (Nueva York)<\/strong>: Una antigua v\u00eda f\u00e9rrea transformada en parque suspendido, con vistas \u00fanicas sobre la ciudad.<\/li>\n\n\n\n<li><strong>Exploraci\u00f3n en el <a href=\"https:\/\/airandspace.si.edu\/\">Museo Nacional Smithsonian del Aire y del Espacio<\/a> (Washington, D.C.)<\/strong>: Una visita obligada para los peque\u00f1os aficionados a la aviaci\u00f3n.<\/li>\n<\/ul>\n\n<p>De Boston a Washington, este viaje por carretera es una aut\u00e9ntica inmersi\u00f3n en la historia, la cultura y los variados paisajes de la Costa Este. Tanto si viajas en pareja como en familia, esta ruta ofrece una riqueza inigualable de experiencias y descubrimientos. \u00a1Planifica tu itinerario, reserva tu alojamiento y ponte en marcha para descubrir los tesoros del Este americano!  <\/p>\n","protected":false},"excerpt":{"rendered":"<p>\u00bfC\u00f3mo se organiza un viaje por carretera de Boston a Washington? Un viaje por carretera de Boston a Washington es una forma ideal de descubrir los tesoros hist\u00f3ricos, culturales y naturales de la Costa Este de Estados Unidos. Pasando por ciudades emblem\u00e1ticas como Nueva York y Filadelfia, as\u00ed como por lugares pintorescos y parques nacionales, [&hellip;]<\/p>\n","protected":false},"author":1,"featured_media":0,"parent":0,"menu_order":0,"comment_status":"closed","ping_status":"closed","template":"","meta":{"footnotes":""},"class_list":["post-6267","page","type-page","status-publish","hentry"],"yoast_head":"<!-- This site is optimized with the Yoast SEO plugin v27.4 - https:\/\/yoast.com\/product\/yoast-seo-wordpress\/ -->\n<title>Un viaje por carretera de Boston a Washington - USA B2<\/title>\n<meta name=\"description\" content=\"Descubre las etapas esenciales de un viaje por carretera de Boston a Washington: itinerarios, alojamientos, actividades y fotos.\" \/>\n<meta name=\"robots\" content=\"index, follow, max-snippet:-1, max-image-preview:large, max-video-preview:-1\" \/>\n<link rel=\"canonical\" href=\"https:\/\/usa-b2.com\/es\/viaje-boston-a-washington\/\" \/>\n<meta property=\"og:locale\" content=\"es_ES\" \/>\n<meta property=\"og:type\" content=\"article\" \/>\n<meta property=\"og:title\" content=\"Un viaje por carretera de Boston a Washington - USA B2\" \/>\n<meta property=\"og:description\" content=\"Descubre las etapas esenciales de un viaje por carretera de Boston a Washington: itinerarios, alojamientos, actividades y fotos.\" \/>\n<meta property=\"og:url\" content=\"https:\/\/usa-b2.com\/es\/viaje-boston-a-washington\/\" \/>\n<meta property=\"og:site_name\" content=\"USA B2\" \/>\n<meta property=\"article:modified_time\" content=\"2025-01-16T15:38:33+00:00\" \/>\n<meta property=\"og:image\" content=\"https:\/\/usa-b2.com\/wp-content\/uploads\/2025\/01\/Atlantic-City-USA-edited.png\" \/>\n\t<meta property=\"og:image:width\" content=\"789\" \/>\n\t<meta property=\"og:image:height\" content=\"444\" \/>\n\t<meta property=\"og:image:type\" content=\"image\/png\" \/>\n<meta name=\"twitter:card\" content=\"summary_large_image\" \/>\n<meta name=\"twitter:label1\" content=\"Tiempo de lectura\" \/>\n\t<meta name=\"twitter:data1\" content=\"4 minutos\" \/>\n<script type=\"application\/ld+json\" class=\"yoast-schema-graph\">{\"@context\":\"https:\\\/\\\/schema.org\",\"@graph\":[{\"@type\":\"WebPage\",\"@id\":\"https:\\\/\\\/usa-b2.com\\\/es\\\/viaje-boston-a-washington\\\/\",\"url\":\"https:\\\/\\\/usa-b2.com\\\/es\\\/viaje-boston-a-washington\\\/\",\"name\":\"Un viaje por carretera de Boston a Washington - USA B2\",\"isPartOf\":{\"@id\":\"https:\\\/\\\/usa-b2.com\\\/es\\\/#website\"},\"primaryImageOfPage\":{\"@id\":\"https:\\\/\\\/usa-b2.com\\\/es\\\/viaje-boston-a-washington\\\/#primaryimage\"},\"image\":{\"@id\":\"https:\\\/\\\/usa-b2.com\\\/es\\\/viaje-boston-a-washington\\\/#primaryimage\"},\"thumbnailUrl\":\"https:\\\/\\\/usa-b2.com\\\/wp-content\\\/uploads\\\/2025\\\/01\\\/Atlantic-City-USA-edited.png\",\"datePublished\":\"2025-01-15T12:08:05+00:00\",\"dateModified\":\"2025-01-16T15:38:33+00:00\",\"description\":\"Descubre las etapas esenciales de un viaje por carretera de Boston a Washington: itinerarios, alojamientos, actividades y fotos.\",\"breadcrumb\":{\"@id\":\"https:\\\/\\\/usa-b2.com\\\/es\\\/viaje-boston-a-washington\\\/#breadcrumb\"},\"inLanguage\":\"es\",\"potentialAction\":[{\"@type\":\"ReadAction\",\"target\":[\"https:\\\/\\\/usa-b2.com\\\/es\\\/viaje-boston-a-washington\\\/\"]}]},{\"@type\":\"ImageObject\",\"inLanguage\":\"es\",\"@id\":\"https:\\\/\\\/usa-b2.com\\\/es\\\/viaje-boston-a-washington\\\/#primaryimage\",\"url\":\"https:\\\/\\\/usa-b2.com\\\/wp-content\\\/uploads\\\/2025\\\/01\\\/Atlantic-City-USA-edited.png\",\"contentUrl\":\"https:\\\/\\\/usa-b2.com\\\/wp-content\\\/uploads\\\/2025\\\/01\\\/Atlantic-City-USA-edited.png\"},{\"@type\":\"BreadcrumbList\",\"@id\":\"https:\\\/\\\/usa-b2.com\\\/es\\\/viaje-boston-a-washington\\\/#breadcrumb\",\"itemListElement\":[{\"@type\":\"ListItem\",\"position\":1,\"name\":\"Accueil\",\"item\":\"https:\\\/\\\/usa-b2.com\\\/es\\\/ee-uu\\\/\"},{\"@type\":\"ListItem\",\"position\":2,\"name\":\"Un viaje por carretera de Boston a Washington\"}]},{\"@type\":\"WebSite\",\"@id\":\"https:\\\/\\\/usa-b2.com\\\/es\\\/#website\",\"url\":\"https:\\\/\\\/usa-b2.com\\\/es\\\/\",\"name\":\"USA B2 VISA\",\"description\":\"\",\"potentialAction\":[{\"@type\":\"SearchAction\",\"target\":{\"@type\":\"EntryPoint\",\"urlTemplate\":\"https:\\\/\\\/usa-b2.com\\\/es\\\/?s={search_term_string}\"},\"query-input\":{\"@type\":\"PropertyValueSpecification\",\"valueRequired\":true,\"valueName\":\"search_term_string\"}}],\"inLanguage\":\"es\"}]}<\/script>\n<!-- \/ Yoast SEO plugin. -->","yoast_head_json":{"title":"Un viaje por carretera de Boston a Washington - USA B2","description":"Descubre las etapas esenciales de un viaje por carretera de Boston a Washington: itinerarios, alojamientos, actividades y fotos.","robots":{"index":"index","follow":"follow","max-snippet":"max-snippet:-1","max-image-preview":"max-image-preview:large","max-video-preview":"max-video-preview:-1"},"canonical":"https:\/\/usa-b2.com\/es\/viaje-boston-a-washington\/","og_locale":"es_ES","og_type":"article","og_title":"Un viaje por carretera de Boston a Washington - USA B2","og_description":"Descubre las etapas esenciales de un viaje por carretera de Boston a Washington: itinerarios, alojamientos, actividades y fotos.","og_url":"https:\/\/usa-b2.com\/es\/viaje-boston-a-washington\/","og_site_name":"USA B2","article_modified_time":"2025-01-16T15:38:33+00:00","og_image":[{"width":789,"height":444,"url":"https:\/\/usa-b2.com\/wp-content\/uploads\/2025\/01\/Atlantic-City-USA-edited.png","type":"image\/png"}],"twitter_card":"summary_large_image","twitter_misc":{"Tiempo de lectura":"4 minutos"},"schema":{"@context":"https:\/\/schema.org","@graph":[{"@type":"WebPage","@id":"https:\/\/usa-b2.com\/es\/viaje-boston-a-washington\/","url":"https:\/\/usa-b2.com\/es\/viaje-boston-a-washington\/","name":"Un viaje por carretera de Boston a Washington - USA B2","isPartOf":{"@id":"https:\/\/usa-b2.com\/es\/#website"},"primaryImageOfPage":{"@id":"https:\/\/usa-b2.com\/es\/viaje-boston-a-washington\/#primaryimage"},"image":{"@id":"https:\/\/usa-b2.com\/es\/viaje-boston-a-washington\/#primaryimage"},"thumbnailUrl":"https:\/\/usa-b2.com\/wp-content\/uploads\/2025\/01\/Atlantic-City-USA-edited.png","datePublished":"2025-01-15T12:08:05+00:00","dateModified":"2025-01-16T15:38:33+00:00","description":"Descubre las etapas esenciales de un viaje por carretera de Boston a Washington: itinerarios, alojamientos, actividades y fotos.","breadcrumb":{"@id":"https:\/\/usa-b2.com\/es\/viaje-boston-a-washington\/#breadcrumb"},"inLanguage":"es","potentialAction":[{"@type":"ReadAction","target":["https:\/\/usa-b2.com\/es\/viaje-boston-a-washington\/"]}]},{"@type":"ImageObject","inLanguage":"es","@id":"https:\/\/usa-b2.com\/es\/viaje-boston-a-washington\/#primaryimage","url":"https:\/\/usa-b2.com\/wp-content\/uploads\/2025\/01\/Atlantic-City-USA-edited.png","contentUrl":"https:\/\/usa-b2.com\/wp-content\/uploads\/2025\/01\/Atlantic-City-USA-edited.png"},{"@type":"BreadcrumbList","@id":"https:\/\/usa-b2.com\/es\/viaje-boston-a-washington\/#breadcrumb","itemListElement":[{"@type":"ListItem","position":1,"name":"Accueil","item":"https:\/\/usa-b2.com\/es\/ee-uu\/"},{"@type":"ListItem","position":2,"name":"Un viaje por carretera de Boston a Washington"}]},{"@type":"WebSite","@id":"https:\/\/usa-b2.com\/es\/#website","url":"https:\/\/usa-b2.com\/es\/","name":"USA B2 VISA","description":"","potentialAction":[{"@type":"SearchAction","target":{"@type":"EntryPoint","urlTemplate":"https:\/\/usa-b2.com\/es\/?s={search_term_string}"},"query-input":{"@type":"PropertyValueSpecification","valueRequired":true,"valueName":"search_term_string"}}],"inLanguage":"es"}]}},"_links":{"self":[{"href":"https:\/\/usa-b2.com\/es\/wp-json\/wp\/v2\/pages\/6267","targetHints":{"allow":["GET"]}}],"collection":[{"href":"https:\/\/usa-b2.com\/es\/wp-json\/wp\/v2\/pages"}],"about":[{"href":"https:\/\/usa-b2.com\/es\/wp-json\/wp\/v2\/types\/page"}],"author":[{"embeddable":true,"href":"https:\/\/usa-b2.com\/es\/wp-json\/wp\/v2\/users\/1"}],"replies":[{"embeddable":true,"href":"https:\/\/usa-b2.com\/es\/wp-json\/wp\/v2\/comments?post=6267"}],"version-history":[{"count":0,"href":"https:\/\/usa-b2.com\/es\/wp-json\/wp\/v2\/pages\/6267\/revisions"}],"wp:attachment":[{"href":"https:\/\/usa-b2.com\/es\/wp-json\/wp\/v2\/media?parent=6267"}],"curies":[{"name":"wp","href":"https:\/\/api.w.org\/{rel}","templated":true}]}}