{"id":6228,"date":"2025-01-15T10:13:22","date_gmt":"2025-01-15T10:13:22","guid":{"rendered":"https:\/\/usa-b2.com\/blue-ridge-parkway-estados-unidos\/"},"modified":"2025-01-21T10:35:16","modified_gmt":"2025-01-21T10:35:16","slug":"blue-ridge-parkway-estados-unidos","status":"publish","type":"page","link":"https:\/\/usa-b2.com\/es\/blue-ridge-parkway-estados-unidos\/","title":{"rendered":"Descubre la autopista Blue Ridge Parkway en Estados Unidos"},"content":{"rendered":"\n<h1 class=\"wp-block-heading\">\u00bfC\u00f3mo se planifica un viaje por carretera por la Blue Ridge Parkway?<\/h1>\n\n<p><a href=\"https:\/\/www.blueridgeparkway.org\/\">La Blue Ridge Parkway<\/a>, apodada \u00abLa Carretera Favorita de Am\u00e9rica\u00bb, es uno de los recorridos panor\u00e1micos m\u00e1s bellos de Estados Unidos. Esta legendaria ruta, que se extiende a lo largo de casi 755 kil\u00f3metros entre <a href=\"https:\/\/www.virginia.org\/\">Virginia<\/a> y Carolina del Norte, atraviesa paisajes impresionantes, desde verdes monta\u00f1as hasta apacibles valles. Tanto si eres un aficionado al senderismo, un fot\u00f3grafo entusiasta o simplemente buscas un poco de paz y tranquilidad, esta completa gu\u00eda te dir\u00e1 todo lo que necesitas saber para aprovechar al m\u00e1ximo este legendario viaje por carretera.  <\/p>\n\n<figure class=\"wp-block-image size-full\"><img fetchpriority=\"high\" decoding=\"async\" width=\"597\" height=\"336\" src=\"https:\/\/usa-b2.com\/wp-content\/uploads\/2025\/01\/Blue-Ridge-Parkway-Virginie-Caroline-Nord-USA-edited.png\" alt=\"\" class=\"wp-image-6796\" srcset=\"https:\/\/usa-b2.com\/wp-content\/uploads\/2025\/01\/Blue-Ridge-Parkway-Virginie-Caroline-Nord-USA-edited.png 597w, https:\/\/usa-b2.com\/wp-content\/uploads\/2025\/01\/Blue-Ridge-Parkway-Virginie-Caroline-Nord-USA-edited-300x169.png 300w\" sizes=\"(max-width: 597px) 100vw, 597px\" \/><\/figure>\n\n<h2 class=\"wp-block-heading\">Descubre la autopista Blue Ridge Parkway<\/h2>\n\n<h3 class=\"wp-block-heading\">No te lo pierdas<\/h3>\n\n<ul class=\"wp-block-list\">\n<li><strong>Punto kilom\u00e9trico 0<\/strong>: Mirador de Afton (Virginia): Una primera visi\u00f3n espectacular de las monta\u00f1as circundantes.<\/li>\n\n\n\n<li><strong>Punto kilom\u00e9trico 85<\/strong>: Picos de Nutria: Rutas de senderismo accesibles y un pintoresco lago perfecto para un picnic.<\/li>\n\n\n\n<li><strong>Punto kilom\u00e9trico 316<\/strong>: Linville Falls, Carolina del Norte: Una impresionante cascada, ideal para los aficionados a la fotograf\u00eda.<\/li>\n\n\n\n<li><strong>Punto kilom\u00e9trico 469<\/strong>: Cherokee: El final de la Parkway, cerca del Parque Nacional de las Grandes Monta\u00f1as Humeantes.<\/li>\n<\/ul>\n\n<h3 class=\"wp-block-heading\">Los variados paisajes a lo largo de la ruta<\/h3>\n\n<p>La Blue Ridge Parkway ofrece una diversidad de vistas, desde los densos bosques de Virginia hasta las escarpadas cumbres de Carolina del Norte. En oto\u00f1o, el resplandeciente follaje atrae a visitantes de todo el mundo, mientras que en primavera, las flores silvestres tapizan los arcenes. Los t\u00faneles excavados en las monta\u00f1as a\u00f1aden un toque pintoresco a la experiencia.  <\/p>\n\n<h2 class=\"wp-block-heading\">D\u00f3nde alojarse: Alojamientos y ciudades estrat\u00e9gicas<\/h2>\n\n<h3 class=\"wp-block-heading\">Ciudades de paso preferidas<\/h3>\n\n<ul class=\"wp-block-list\">\n<li><strong><a href=\"https:\/\/www.roanokeva.gov\/148\/Visitors-Tourism\">Roanoke<\/a> (Virginia)<\/strong>: Ideal para explorar la parte norte de la Parkway, esta ciudad ofrece c\u00f3modos hoteles y una animada escena de restaurantes.<\/li>\n\n\n\n<li><strong><a href=\"https:\/\/www.exploreasheville.com\/\">Asheville<\/a> (Carolina del Norte) <\/strong>: Una parada obligada para los amantes del arte, la m\u00fasica y la cocina local.<\/li>\n\n\n\n<li><strong><a href=\"https:\/\/blowingrock.com\/\">Blowing Rock<\/a> (Carolina del Norte)<\/strong>: Una peque\u00f1a y encantadora ciudad conocida por sus tiendas, restaurantes y ambiente de monta\u00f1a.<\/li>\n<\/ul>\n\n<h3 class=\"wp-block-heading\">Alojamiento en el Parkway y sus alrededores<\/h3>\n\n<ul class=\"wp-block-list\">\n<li><strong>Posadas hist\u00f3ricas<\/strong>: <a href=\"https:\/\/www.peaksofotter.com\/\">Peaks of Otter Lodge<\/a> y Pisgah Inn ofrecen un entorno aut\u00e9ntico y unas vistas impresionantes.<\/li>\n\n\n\n<li><strong>Acampar<\/strong>: Los campings bien equipados, como el de Doughton Park, ofrecen una inmersi\u00f3n total en la naturaleza.<\/li>\n<\/ul>\n\n<h2 class=\"wp-block-heading\">Itinerario recomendado de 5 d\u00edas<\/h2>\n\n<figure class=\"wp-block-table\"><table class=\"has-fixed-layout\"><tbody><tr><td class=\"has-text-align-center\" data-align=\"center\"><strong>D\u00eda<\/strong><\/td><td class=\"has-text-align-center\" data-align=\"center\"><strong>Secci\u00f3n<\/strong><\/td><td class=\"has-text-align-center\" data-align=\"center\"><strong>Actividades principales<\/strong><\/td><td class=\"has-text-align-center\" data-align=\"center\"><strong>Alojamiento sugerido<\/strong><\/td><\/tr><tr><td class=\"has-text-align-center\" data-align=\"center\">1<\/td><td class=\"has-text-align-center\" data-align=\"center\">De Afton a Roanoke<\/td><td class=\"has-text-align-center\" data-align=\"center\">Mirador de Afton, Roca Jorobada<\/td><td class=\"has-text-align-center\" data-align=\"center\">Roanoke<\/td><\/tr><tr><td class=\"has-text-align-center\" data-align=\"center\">2<\/td><td class=\"has-text-align-center\" data-align=\"center\">De Roanoke a Blowing Rock<\/td><td class=\"has-text-align-center\" data-align=\"center\">Picos de Roca de Nutria, Molino Mabry<\/td><td class=\"has-text-align-center\" data-align=\"center\">Blowing Rock<\/td><\/tr><tr><td class=\"has-text-align-center\" data-align=\"center\">3<\/td><td class=\"has-text-align-center\" data-align=\"center\">Blowing Rock en Asheville<\/td><td class=\"has-text-align-center\" data-align=\"center\">Cascadas de Linville, Monta\u00f1a del Abuelo<\/td><td class=\"has-text-align-center\" data-align=\"center\">Asheville<\/td><\/tr><tr><td class=\"has-text-align-center\" data-align=\"center\">4<\/td><td class=\"has-text-align-center\" data-align=\"center\">De Asheville al Monte Pisgah<\/td><td class=\"has-text-align-center\" data-align=\"center\">Pisgah Inn, Jardines Craggy<\/td><td class=\"has-text-align-center\" data-align=\"center\">Posada Pisgah<\/td><\/tr><tr><td class=\"has-text-align-center\" data-align=\"center\">5<\/td><td class=\"has-text-align-center\" data-align=\"center\">Monte Pisgah en <a href=\"https:\/\/visitcherokeenc.com\/\">Cherokee<\/a><\/td><td class=\"has-text-align-center\" data-align=\"center\">Perilla de Waterrock, Cherokee<\/td><td class=\"has-text-align-center\" data-align=\"center\">Cherokee<\/td><\/tr><\/tbody><\/table><\/figure>\n\n<p><br\/>Este itinerario te permite descubrir los lugares m\u00e1s destacados de la Ruta Parkway a la vez que equilibras la exploraci\u00f3n y la relajaci\u00f3n.<\/p>\n\n<h2 class=\"wp-block-heading\">Lugares para hacer fotos en Instagram<\/h2>\n\n<h3 class=\"wp-block-heading\">Los paisajes perfectos para tus fotos<\/h3>\n\n<p>La Blue Ridge Parkway est\u00e1 repleta de lugares fotog\u00e9nicos. Entre ellos est\u00e1n: <\/p>\n\n<ul class=\"wp-block-list\">\n<li><strong>Craggy Gardens (Milepost 364)<\/strong>: Vistas coloridas, sobre todo en primavera.<\/li>\n\n\n\n<li><strong>Molino Mabry (Milepost 176)<\/strong>: Un viejo molino rodeado de buc\u00f3lica campi\u00f1a, perfecto para fotos r\u00fasticas.<\/li>\n\n\n\n<li><strong>Waterrock Knob (punto kilom\u00e9trico 451)<\/strong>: Una vista espectacular al atardecer.<\/li>\n<\/ul>\n\n<h3 class=\"wp-block-heading\">Consejos para inmortalizar el Parkway<\/h3>\n\n<p>Para obtener las mejores fotos, c\u00e9ntrate en los amaneceres y atardeceres, cuando la luz es suave y los colores vibrantes. No olvides captar los emblem\u00e1ticos t\u00faneles y las sinuosas curvas de la carretera. <\/p>\n\n<h2 class=\"wp-block-heading\">Actividades seg\u00fan tu tipo de viaje<\/h2>\n\n<h3 class=\"wp-block-heading\">Para parejas: momentos rom\u00e1nticos<\/h3>\n\n<ul class=\"wp-block-list\">\n<li><strong>Paseos tranquilos y miradores<\/strong>: Senderos como el de Flat Top en los Picos de la Nutria ofrecen momentos de paz y tranquilidad para dos.<\/li>\n\n\n\n<li><strong>Degustaciones locales <\/strong>: En Asheville, saborea platos y vinos regionales en un ambiente acogedor.<\/li>\n\n\n\n<li><strong>Observaci\u00f3n de estrellas<\/strong>: La baja contaminaci\u00f3n lum\u00ednica de la Parkway la convierte en un lugar ideal para contemplar la V\u00eda L\u00e1ctea.<\/li>\n<\/ul>\n\n<h3 class=\"wp-block-heading\">En familia: aventuras para ni\u00f1os<\/h3>\n\n<ul class=\"wp-block-list\">\n<li><strong>Actividades educativas<\/strong>: Los centros de visitantes como Humpback Rocks ofrecen programas interactivos para ni\u00f1os.<\/li>\n\n\n\n<li><strong>Paseos accesibles <\/strong>: El sendero de las cataratas Linville es corto y f\u00e1cil, perfecto para familias con ni\u00f1os peque\u00f1os.<\/li>\n\n\n\n<li><strong>Picnics al aire libre<\/strong>: Varias zonas a lo largo de la V\u00eda Verde, como el Parque Doughton, son ideales para comer al aire libre.<\/li>\n<\/ul>\n\n<p>La Blue Ridge Parkway es mucho m\u00e1s que una carretera: es una experiencia envolvente en el coraz\u00f3n de la belleza natural de Estados Unidos. Tanto si buscas aventura, relajaci\u00f3n o recuerdos familiares, este viaje te dejar\u00e1 im\u00e1genes y sensaciones inolvidables. Planifica tu itinerario, sal a la carretera y d\u00e9jate hechizar por las maravillas de las Monta\u00f1as Blue Ridge.  <\/p>\n","protected":false},"excerpt":{"rendered":"<p>\u00bfC\u00f3mo se planifica un viaje por carretera por la Blue Ridge Parkway? La Blue Ridge Parkway, apodada \u00abLa Carretera Favorita de Am\u00e9rica\u00bb, es uno de los recorridos panor\u00e1micos m\u00e1s bellos de Estados Unidos. Esta legendaria ruta, que se extiende a lo largo de casi 755 kil\u00f3metros entre Virginia y Carolina del Norte, atraviesa paisajes impresionantes, [&hellip;]<\/p>\n","protected":false},"author":1,"featured_media":0,"parent":0,"menu_order":0,"comment_status":"closed","ping_status":"closed","template":"","meta":{"footnotes":""},"class_list":["post-6228","page","type-page","status-publish","hentry"],"yoast_head":"<!-- This site is optimized with the Yoast SEO plugin v27.4 - https:\/\/yoast.com\/product\/yoast-seo-wordpress\/ -->\n<title>Descubre la autopista Blue Ridge Parkway en Estados Unidos - USA B2<\/title>\n<meta name=\"description\" content=\"Descubre la Blue Ridge Parkway: itinerarios, los mejores alojamientos, lugares para hacer fotos y actividades para parejas y familias.\" \/>\n<meta name=\"robots\" content=\"index, follow, max-snippet:-1, max-image-preview:large, max-video-preview:-1\" \/>\n<link rel=\"canonical\" href=\"https:\/\/usa-b2.com\/es\/blue-ridge-parkway-estados-unidos\/\" \/>\n<meta property=\"og:locale\" content=\"es_ES\" \/>\n<meta property=\"og:type\" content=\"article\" \/>\n<meta property=\"og:title\" content=\"Descubre la autopista Blue Ridge Parkway en Estados Unidos - USA B2\" \/>\n<meta property=\"og:description\" content=\"Descubre la Blue Ridge Parkway: itinerarios, los mejores alojamientos, lugares para hacer fotos y actividades para parejas y familias.\" \/>\n<meta property=\"og:url\" content=\"https:\/\/usa-b2.com\/es\/blue-ridge-parkway-estados-unidos\/\" \/>\n<meta property=\"og:site_name\" content=\"USA B2\" \/>\n<meta property=\"article:modified_time\" content=\"2025-01-21T10:35:16+00:00\" \/>\n<meta property=\"og:image\" content=\"https:\/\/usa-b2.com\/wp-content\/uploads\/2025\/01\/Blue-Ridge-Parkway-Virginie-Caroline-Nord-USA-edited.png\" \/>\n\t<meta property=\"og:image:width\" content=\"597\" \/>\n\t<meta property=\"og:image:height\" content=\"336\" \/>\n\t<meta property=\"og:image:type\" content=\"image\/png\" \/>\n<meta name=\"twitter:card\" content=\"summary_large_image\" \/>\n<meta name=\"twitter:label1\" content=\"Tiempo de lectura\" \/>\n\t<meta name=\"twitter:data1\" content=\"4 minutos\" \/>\n<script type=\"application\/ld+json\" class=\"yoast-schema-graph\">{\"@context\":\"https:\\\/\\\/schema.org\",\"@graph\":[{\"@type\":\"WebPage\",\"@id\":\"https:\\\/\\\/usa-b2.com\\\/es\\\/blue-ridge-parkway-estados-unidos\\\/\",\"url\":\"https:\\\/\\\/usa-b2.com\\\/es\\\/blue-ridge-parkway-estados-unidos\\\/\",\"name\":\"Descubre la autopista Blue Ridge Parkway en Estados Unidos - USA B2\",\"isPartOf\":{\"@id\":\"https:\\\/\\\/usa-b2.com\\\/es\\\/#website\"},\"primaryImageOfPage\":{\"@id\":\"https:\\\/\\\/usa-b2.com\\\/es\\\/blue-ridge-parkway-estados-unidos\\\/#primaryimage\"},\"image\":{\"@id\":\"https:\\\/\\\/usa-b2.com\\\/es\\\/blue-ridge-parkway-estados-unidos\\\/#primaryimage\"},\"thumbnailUrl\":\"https:\\\/\\\/usa-b2.com\\\/wp-content\\\/uploads\\\/2025\\\/01\\\/Blue-Ridge-Parkway-Virginie-Caroline-Nord-USA-edited.png\",\"datePublished\":\"2025-01-15T10:13:22+00:00\",\"dateModified\":\"2025-01-21T10:35:16+00:00\",\"description\":\"Descubre la Blue Ridge Parkway: itinerarios, los mejores alojamientos, lugares para hacer fotos y actividades para parejas y familias.\",\"breadcrumb\":{\"@id\":\"https:\\\/\\\/usa-b2.com\\\/es\\\/blue-ridge-parkway-estados-unidos\\\/#breadcrumb\"},\"inLanguage\":\"es\",\"potentialAction\":[{\"@type\":\"ReadAction\",\"target\":[\"https:\\\/\\\/usa-b2.com\\\/es\\\/blue-ridge-parkway-estados-unidos\\\/\"]}]},{\"@type\":\"ImageObject\",\"inLanguage\":\"es\",\"@id\":\"https:\\\/\\\/usa-b2.com\\\/es\\\/blue-ridge-parkway-estados-unidos\\\/#primaryimage\",\"url\":\"https:\\\/\\\/usa-b2.com\\\/wp-content\\\/uploads\\\/2025\\\/01\\\/Blue-Ridge-Parkway-Virginie-Caroline-Nord-USA-edited.png\",\"contentUrl\":\"https:\\\/\\\/usa-b2.com\\\/wp-content\\\/uploads\\\/2025\\\/01\\\/Blue-Ridge-Parkway-Virginie-Caroline-Nord-USA-edited.png\"},{\"@type\":\"BreadcrumbList\",\"@id\":\"https:\\\/\\\/usa-b2.com\\\/es\\\/blue-ridge-parkway-estados-unidos\\\/#breadcrumb\",\"itemListElement\":[{\"@type\":\"ListItem\",\"position\":1,\"name\":\"Accueil\",\"item\":\"https:\\\/\\\/usa-b2.com\\\/es\\\/ee-uu\\\/\"},{\"@type\":\"ListItem\",\"position\":2,\"name\":\"Descubre la autopista Blue Ridge Parkway en Estados Unidos\"}]},{\"@type\":\"WebSite\",\"@id\":\"https:\\\/\\\/usa-b2.com\\\/es\\\/#website\",\"url\":\"https:\\\/\\\/usa-b2.com\\\/es\\\/\",\"name\":\"USA B2 VISA\",\"description\":\"\",\"potentialAction\":[{\"@type\":\"SearchAction\",\"target\":{\"@type\":\"EntryPoint\",\"urlTemplate\":\"https:\\\/\\\/usa-b2.com\\\/es\\\/?s={search_term_string}\"},\"query-input\":{\"@type\":\"PropertyValueSpecification\",\"valueRequired\":true,\"valueName\":\"search_term_string\"}}],\"inLanguage\":\"es\"}]}<\/script>\n<!-- \/ Yoast SEO plugin. -->","yoast_head_json":{"title":"Descubre la autopista Blue Ridge Parkway en Estados Unidos - USA B2","description":"Descubre la Blue Ridge Parkway: itinerarios, los mejores alojamientos, lugares para hacer fotos y actividades para parejas y familias.","robots":{"index":"index","follow":"follow","max-snippet":"max-snippet:-1","max-image-preview":"max-image-preview:large","max-video-preview":"max-video-preview:-1"},"canonical":"https:\/\/usa-b2.com\/es\/blue-ridge-parkway-estados-unidos\/","og_locale":"es_ES","og_type":"article","og_title":"Descubre la autopista Blue Ridge Parkway en Estados Unidos - USA B2","og_description":"Descubre la Blue Ridge Parkway: itinerarios, los mejores alojamientos, lugares para hacer fotos y actividades para parejas y familias.","og_url":"https:\/\/usa-b2.com\/es\/blue-ridge-parkway-estados-unidos\/","og_site_name":"USA B2","article_modified_time":"2025-01-21T10:35:16+00:00","og_image":[{"width":597,"height":336,"url":"https:\/\/usa-b2.com\/wp-content\/uploads\/2025\/01\/Blue-Ridge-Parkway-Virginie-Caroline-Nord-USA-edited.png","type":"image\/png"}],"twitter_card":"summary_large_image","twitter_misc":{"Tiempo de lectura":"4 minutos"},"schema":{"@context":"https:\/\/schema.org","@graph":[{"@type":"WebPage","@id":"https:\/\/usa-b2.com\/es\/blue-ridge-parkway-estados-unidos\/","url":"https:\/\/usa-b2.com\/es\/blue-ridge-parkway-estados-unidos\/","name":"Descubre la autopista Blue Ridge Parkway en Estados Unidos - USA B2","isPartOf":{"@id":"https:\/\/usa-b2.com\/es\/#website"},"primaryImageOfPage":{"@id":"https:\/\/usa-b2.com\/es\/blue-ridge-parkway-estados-unidos\/#primaryimage"},"image":{"@id":"https:\/\/usa-b2.com\/es\/blue-ridge-parkway-estados-unidos\/#primaryimage"},"thumbnailUrl":"https:\/\/usa-b2.com\/wp-content\/uploads\/2025\/01\/Blue-Ridge-Parkway-Virginie-Caroline-Nord-USA-edited.png","datePublished":"2025-01-15T10:13:22+00:00","dateModified":"2025-01-21T10:35:16+00:00","description":"Descubre la Blue Ridge Parkway: itinerarios, los mejores alojamientos, lugares para hacer fotos y actividades para parejas y familias.","breadcrumb":{"@id":"https:\/\/usa-b2.com\/es\/blue-ridge-parkway-estados-unidos\/#breadcrumb"},"inLanguage":"es","potentialAction":[{"@type":"ReadAction","target":["https:\/\/usa-b2.com\/es\/blue-ridge-parkway-estados-unidos\/"]}]},{"@type":"ImageObject","inLanguage":"es","@id":"https:\/\/usa-b2.com\/es\/blue-ridge-parkway-estados-unidos\/#primaryimage","url":"https:\/\/usa-b2.com\/wp-content\/uploads\/2025\/01\/Blue-Ridge-Parkway-Virginie-Caroline-Nord-USA-edited.png","contentUrl":"https:\/\/usa-b2.com\/wp-content\/uploads\/2025\/01\/Blue-Ridge-Parkway-Virginie-Caroline-Nord-USA-edited.png"},{"@type":"BreadcrumbList","@id":"https:\/\/usa-b2.com\/es\/blue-ridge-parkway-estados-unidos\/#breadcrumb","itemListElement":[{"@type":"ListItem","position":1,"name":"Accueil","item":"https:\/\/usa-b2.com\/es\/ee-uu\/"},{"@type":"ListItem","position":2,"name":"Descubre la autopista Blue Ridge Parkway en Estados Unidos"}]},{"@type":"WebSite","@id":"https:\/\/usa-b2.com\/es\/#website","url":"https:\/\/usa-b2.com\/es\/","name":"USA B2 VISA","description":"","potentialAction":[{"@type":"SearchAction","target":{"@type":"EntryPoint","urlTemplate":"https:\/\/usa-b2.com\/es\/?s={search_term_string}"},"query-input":{"@type":"PropertyValueSpecification","valueRequired":true,"valueName":"search_term_string"}}],"inLanguage":"es"}]}},"_links":{"self":[{"href":"https:\/\/usa-b2.com\/es\/wp-json\/wp\/v2\/pages\/6228","targetHints":{"allow":["GET"]}}],"collection":[{"href":"https:\/\/usa-b2.com\/es\/wp-json\/wp\/v2\/pages"}],"about":[{"href":"https:\/\/usa-b2.com\/es\/wp-json\/wp\/v2\/types\/page"}],"author":[{"embeddable":true,"href":"https:\/\/usa-b2.com\/es\/wp-json\/wp\/v2\/users\/1"}],"replies":[{"embeddable":true,"href":"https:\/\/usa-b2.com\/es\/wp-json\/wp\/v2\/comments?post=6228"}],"version-history":[{"count":0,"href":"https:\/\/usa-b2.com\/es\/wp-json\/wp\/v2\/pages\/6228\/revisions"}],"wp:attachment":[{"href":"https:\/\/usa-b2.com\/es\/wp-json\/wp\/v2\/media?parent=6228"}],"curies":[{"name":"wp","href":"https:\/\/api.w.org\/{rel}","templated":true}]}}