{"id":456,"date":"2024-02-10T17:10:38","date_gmt":"2024-02-10T17:10:38","guid":{"rendered":"https:\/\/usa-b2.com\/visado-visitante-ee-uu\/"},"modified":"2025-10-14T10:17:58","modified_gmt":"2025-10-14T10:17:58","slug":"visado-visitante-ee-uu","status":"publish","type":"page","link":"https:\/\/usa-b2.com\/es\/visado-visitante-ee-uu\/","title":{"rendered":"Visados de visitante para viajar a Estados Unidos"},"content":{"rendered":"\n<h1 class=\"wp-block-heading\">Visado de visitante para EE.UU.<\/h1>\n\n<h2 class=\"wp-block-heading\">\u00bfQu\u00e9 es un visado de visitante para Estados Unidos?<\/h2>\n\n<p>Un visado de visitante estadounidense permite a los extranjeros permanecer en Estados Unidos durante un periodo limitado: el periodo inicial de estancia se limita a 6 meses. Los visados de visitante pueden renovarse varias veces.   <\/p>\n\n<p>Existen dos tipos de visado de visitante, en funci\u00f3n del motivo de la visita:<\/p>\n\n<ul class=\"wp-block-list\">\n<li>El <a href=\"https:\/\/usa-b2.com\/es\/visado-b1-ee-uu\/\">visado B1<\/a> es un visado para hacer negocios en Estados Unidos.<\/li>\n\n\n\n<li>El <a href=\"https:\/\/usa-b2.com\/es\/visado-b2\/\">visado B2<\/a> es un visado de turista que le permite visitar Estados Unidos y visitar all\u00ed a amigos o familiares.<\/li>\n<\/ul>\n\n<div style=\"height:10px\" aria-hidden=\"true\" class=\"wp-block-spacer\"><\/div>\n\n<h2 class=\"wp-block-heading\">\u00bfQu\u00e9 diferencias hay entre los visados B1 y B2?<\/h2>\n\n<p>La principal diferencia entre ambos visados es la finalidad de la estancia: El visado B1 se expide por motivos profesionales, mientras que el visado B2 es para estancias tur\u00edsticas y familiares en Estados Unidos.  <\/p>\n\n<p>Por lo dem\u00e1s, los dos visados de categor\u00eda B son bastante similares. Se expiden por un periodo de seis meses, con posibilidad de pr\u00f3rroga de hasta un a\u00f1o. No hay l\u00edmite en el n\u00famero de renovaciones de visado.  <\/p>\n\n<h2 class=\"wp-block-heading\">\u00bfQu\u00e9 actividades est\u00e1n prohibidas con un visado B1\/B2?<\/h2>\n\n<p>Los titulares de un visado B1\/B2 pueden viajar a Estados Unidos, pero determinadas actividades est\u00e1n prohibidas. A continuaci\u00f3n se enumeran las principales actividades prohibidas a los titulares de un visado B1\/B2: <\/p>\n\n<ul class=\"wp-block-list\">\n<li>No puede trabajar en Estados Unidos;<\/li>\n\n\n\n<li>No puede convertirse en estudiante;<\/li>\n\n\n\n<li>No puede embarcar como miembro de la tripulaci\u00f3n de un avi\u00f3n o un barco;<\/li>\n\n\n\n<li>No puede intentar convertirse en residente permanente en Estados Unidos.<\/li>\n<\/ul>\n\n<div style=\"height:10px\" aria-hidden=\"true\" class=\"wp-block-spacer\"><\/div>\n\n<h2 class=\"wp-block-heading\">\u00bfC\u00f3mo se solicita un visado B1\/B2?<\/h2>\n\n<p>El <a href=\"https:\/\/usa-b2.com\/es\/procedimiento-solicitud-visado-b2\/\">procedimiento de solicitud de visado<\/a> se realiza principalmente en l\u00ednea. El proceso comprende las cinco etapas en el siguiente orden:<\/p>\n\n<ol class=\"wp-block-list\">\n<li>Rellene el <a href=\"https:\/\/usa-b2.com\/es\/ds-160\/\">formulario DS-160<\/a> en l\u00ednea para iniciar el procedimiento<\/li>\n\n\n\n<li>Pagar la <a href=\"https:\/\/usa-b2.com\/es\/tasas-visado-b2\/\">tasa de visado<\/a> para validar la solicitud de visado<\/li>\n\n\n\n<li>Concierte una cita para una <a href=\"https:\/\/usa-b2.com\/es\/cita-visa-embajada-ee-uu\/\">entrevista de visado en la embajada<\/a><\/li>\n\n\n\n<li>Reunir todos los documentos justificativos de la solicitud de visado<\/li>\n\n\n\n<li>Participa en la entrevista para obtener el visado en el <a href=\"https:\/\/usa-b2.com\/es\/pasaporte-viajar-estados-unidos\/\">pasaporte para viajar a EEUU<\/a>.<\/li>\n<\/ol>\n\n<div style=\"height:10px\" aria-hidden=\"true\" class=\"wp-block-spacer\"><\/div>\n\n<h2 class=\"wp-block-heading\">Duraci\u00f3n y validez del visado B1\/B2<\/h2>\n\n<p>El visado B1\/B2 puede ser v\u00e1lido hasta <strong>10 a\u00f1os<\/strong>, con estancias individuales limitadas generalmente a un m\u00e1ximo de <strong>6 meses<\/strong> por entrada. La duraci\u00f3n exacta la determina el funcionario de inmigraci\u00f3n cuando llegas a Estados Unidos. <\/p>\n\n<h2 class=\"wp-block-heading\">Preguntas frecuentes sobre el visado B1\/B2<\/h2>\n\n<h3 class=\"wp-block-heading\">\u00bfCu\u00e1nto tiempo se tarda en obtener un visado B1\/B2?<\/h3>\n\n<p>La duraci\u00f3n del tratamiento var\u00eda, pero suele durar entre 2 y 8 semanas despu\u00e9s de la entrevista.<\/p>\n\n<h3 class=\"wp-block-heading\">\u00bfPuedo trabajar en Estados Unidos con un visado B1\/B2?<\/h3>\n\n<p>No. El visado B1\/B2 no te permite trabajar en Estados Unidos. Debes solicitar un visado de trabajo si deseas ejercer un empleo remunerado.  <\/p>\n\n<h3 class=\"wp-block-heading\">\u00bfQu\u00e9 hacer si te rechazan?<\/h3>\n\n<p>Si tu solicitud es rechazada, recibir\u00e1s una carta explic\u00e1ndote los motivos. Puedes corregir los puntos d\u00e9biles de tu solicitud y presentar una nueva. <\/p>\n\n<h3 class=\"wp-block-heading\">\u00bfPuedo prorrogar mi estancia con un visado B1\/B2?<\/h3>\n\n<p>S\u00ed, puedes solicitar una pr\u00f3rroga de estancia si ya est\u00e1s en Estados Unidos. La solicitud debe presentarse <g id=\"gid_0\">al USCIS (Servicio de Ciudadan\u00eda e Inmigraci\u00f3n de Estados Unidos)<\/g> antes de que expire tu periodo autorizado. Tendr\u00e1s que aportar una justificaci\u00f3n s\u00f3lida, como razones v\u00e1lidas para quedarte m\u00e1s tiempo y pruebas de tus recursos econ\u00f3micos.  <\/p>\n\n<h3 class=\"wp-block-heading\">\u00bfEl visado B1\/B2 garantiza mi entrada en Estados Unidos?<\/h3>\n\n<p>No. Un visado B1\/B2 te permite <strong>viajar a Estados Unidos<\/strong>, pero la entrada la determina el funcionario de inmigraci\u00f3n del puesto fronterizo. Este funcionario puede denegarte la entrada si tiene dudas sobre tus intenciones o si tus documentos no est\u00e1n en regla. <\/p>\n\n<h3 class=\"wp-block-heading\">\u00bfPuedo llevar a mi familia conmigo con un visado B1\/B2?<\/h3>\n\n<p>S\u00ed, pero cada miembro de tu familia, incluidos los ni\u00f1os, debe solicitar y obtener su propio visado B1\/B2.<\/p>\n","protected":false},"excerpt":{"rendered":"<p>Visado de visitante para EE.UU. \u00bfQu\u00e9 es un visado de visitante para Estados Unidos? Un visado de visitante estadounidense permite a los extranjeros permanecer en Estados Unidos durante un periodo limitado: el periodo inicial de estancia se limita a 6 meses. Los visados de visitante pueden renovarse varias veces. Existen dos tipos de visado de [&hellip;]<\/p>\n","protected":false},"author":1,"featured_media":0,"parent":0,"menu_order":0,"comment_status":"closed","ping_status":"closed","template":"","meta":{"footnotes":""},"class_list":["post-456","page","type-page","status-publish","hentry"],"yoast_head":"<!-- This site is optimized with the Yoast SEO plugin v27.4 - https:\/\/yoast.com\/product\/yoast-seo-wordpress\/ -->\n<title>Visados de visitante para viajar a Estados Unidos - USA B2<\/title>\n<meta name=\"description\" content=\"C\u00f3mo obtener un visado de visitante americano por Internet para permanecer en Estados Unidos varios meses in situ\" \/>\n<meta name=\"robots\" content=\"index, follow, max-snippet:-1, max-image-preview:large, max-video-preview:-1\" \/>\n<link rel=\"canonical\" href=\"https:\/\/usa-b2.com\/es\/visado-visitante-ee-uu\/\" \/>\n<meta property=\"og:locale\" content=\"es_ES\" \/>\n<meta property=\"og:type\" content=\"article\" \/>\n<meta property=\"og:title\" content=\"Visados de visitante para viajar a Estados Unidos - USA B2\" \/>\n<meta property=\"og:description\" content=\"C\u00f3mo obtener un visado de visitante americano por Internet para permanecer en Estados Unidos varios meses in situ\" \/>\n<meta property=\"og:url\" content=\"https:\/\/usa-b2.com\/es\/visado-visitante-ee-uu\/\" \/>\n<meta property=\"og:site_name\" content=\"USA B2\" \/>\n<meta property=\"article:modified_time\" content=\"2025-10-14T10:17:58+00:00\" \/>\n<meta name=\"twitter:card\" content=\"summary_large_image\" \/>\n<meta name=\"twitter:label1\" content=\"Tiempo de lectura\" \/>\n\t<meta name=\"twitter:data1\" content=\"3 minutos\" \/>\n<script type=\"application\/ld+json\" class=\"yoast-schema-graph\">{\"@context\":\"https:\\\/\\\/schema.org\",\"@graph\":[{\"@type\":\"WebPage\",\"@id\":\"https:\\\/\\\/usa-b2.com\\\/es\\\/visado-visitante-ee-uu\\\/\",\"url\":\"https:\\\/\\\/usa-b2.com\\\/es\\\/visado-visitante-ee-uu\\\/\",\"name\":\"Visados de visitante para viajar a Estados Unidos - USA B2\",\"isPartOf\":{\"@id\":\"https:\\\/\\\/usa-b2.com\\\/es\\\/#website\"},\"datePublished\":\"2024-02-10T17:10:38+00:00\",\"dateModified\":\"2025-10-14T10:17:58+00:00\",\"description\":\"C\u00f3mo obtener un visado de visitante americano por Internet para permanecer en Estados Unidos varios meses in situ\",\"breadcrumb\":{\"@id\":\"https:\\\/\\\/usa-b2.com\\\/es\\\/visado-visitante-ee-uu\\\/#breadcrumb\"},\"inLanguage\":\"es\",\"potentialAction\":[{\"@type\":\"ReadAction\",\"target\":[\"https:\\\/\\\/usa-b2.com\\\/es\\\/visado-visitante-ee-uu\\\/\"]}]},{\"@type\":\"BreadcrumbList\",\"@id\":\"https:\\\/\\\/usa-b2.com\\\/es\\\/visado-visitante-ee-uu\\\/#breadcrumb\",\"itemListElement\":[{\"@type\":\"ListItem\",\"position\":1,\"name\":\"Accueil\",\"item\":\"https:\\\/\\\/usa-b2.com\\\/es\\\/ee-uu\\\/\"},{\"@type\":\"ListItem\",\"position\":2,\"name\":\"Visados de visitante para viajar a Estados Unidos\"}]},{\"@type\":\"WebSite\",\"@id\":\"https:\\\/\\\/usa-b2.com\\\/es\\\/#website\",\"url\":\"https:\\\/\\\/usa-b2.com\\\/es\\\/\",\"name\":\"USA B2 VISA\",\"description\":\"\",\"potentialAction\":[{\"@type\":\"SearchAction\",\"target\":{\"@type\":\"EntryPoint\",\"urlTemplate\":\"https:\\\/\\\/usa-b2.com\\\/es\\\/?s={search_term_string}\"},\"query-input\":{\"@type\":\"PropertyValueSpecification\",\"valueRequired\":true,\"valueName\":\"search_term_string\"}}],\"inLanguage\":\"es\"}]}<\/script>\n<!-- \/ Yoast SEO plugin. -->","yoast_head_json":{"title":"Visados de visitante para viajar a Estados Unidos - USA B2","description":"C\u00f3mo obtener un visado de visitante americano por Internet para permanecer en Estados Unidos varios meses in situ","robots":{"index":"index","follow":"follow","max-snippet":"max-snippet:-1","max-image-preview":"max-image-preview:large","max-video-preview":"max-video-preview:-1"},"canonical":"https:\/\/usa-b2.com\/es\/visado-visitante-ee-uu\/","og_locale":"es_ES","og_type":"article","og_title":"Visados de visitante para viajar a Estados Unidos - USA B2","og_description":"C\u00f3mo obtener un visado de visitante americano por Internet para permanecer en Estados Unidos varios meses in situ","og_url":"https:\/\/usa-b2.com\/es\/visado-visitante-ee-uu\/","og_site_name":"USA B2","article_modified_time":"2025-10-14T10:17:58+00:00","twitter_card":"summary_large_image","twitter_misc":{"Tiempo de lectura":"3 minutos"},"schema":{"@context":"https:\/\/schema.org","@graph":[{"@type":"WebPage","@id":"https:\/\/usa-b2.com\/es\/visado-visitante-ee-uu\/","url":"https:\/\/usa-b2.com\/es\/visado-visitante-ee-uu\/","name":"Visados de visitante para viajar a Estados Unidos - USA B2","isPartOf":{"@id":"https:\/\/usa-b2.com\/es\/#website"},"datePublished":"2024-02-10T17:10:38+00:00","dateModified":"2025-10-14T10:17:58+00:00","description":"C\u00f3mo obtener un visado de visitante americano por Internet para permanecer en Estados Unidos varios meses in situ","breadcrumb":{"@id":"https:\/\/usa-b2.com\/es\/visado-visitante-ee-uu\/#breadcrumb"},"inLanguage":"es","potentialAction":[{"@type":"ReadAction","target":["https:\/\/usa-b2.com\/es\/visado-visitante-ee-uu\/"]}]},{"@type":"BreadcrumbList","@id":"https:\/\/usa-b2.com\/es\/visado-visitante-ee-uu\/#breadcrumb","itemListElement":[{"@type":"ListItem","position":1,"name":"Accueil","item":"https:\/\/usa-b2.com\/es\/ee-uu\/"},{"@type":"ListItem","position":2,"name":"Visados de visitante para viajar a Estados Unidos"}]},{"@type":"WebSite","@id":"https:\/\/usa-b2.com\/es\/#website","url":"https:\/\/usa-b2.com\/es\/","name":"USA B2 VISA","description":"","potentialAction":[{"@type":"SearchAction","target":{"@type":"EntryPoint","urlTemplate":"https:\/\/usa-b2.com\/es\/?s={search_term_string}"},"query-input":{"@type":"PropertyValueSpecification","valueRequired":true,"valueName":"search_term_string"}}],"inLanguage":"es"}]}},"_links":{"self":[{"href":"https:\/\/usa-b2.com\/es\/wp-json\/wp\/v2\/pages\/456","targetHints":{"allow":["GET"]}}],"collection":[{"href":"https:\/\/usa-b2.com\/es\/wp-json\/wp\/v2\/pages"}],"about":[{"href":"https:\/\/usa-b2.com\/es\/wp-json\/wp\/v2\/types\/page"}],"author":[{"embeddable":true,"href":"https:\/\/usa-b2.com\/es\/wp-json\/wp\/v2\/users\/1"}],"replies":[{"embeddable":true,"href":"https:\/\/usa-b2.com\/es\/wp-json\/wp\/v2\/comments?post=456"}],"version-history":[{"count":2,"href":"https:\/\/usa-b2.com\/es\/wp-json\/wp\/v2\/pages\/456\/revisions"}],"predecessor-version":[{"id":10221,"href":"https:\/\/usa-b2.com\/es\/wp-json\/wp\/v2\/pages\/456\/revisions\/10221"}],"wp:attachment":[{"href":"https:\/\/usa-b2.com\/es\/wp-json\/wp\/v2\/media?parent=456"}],"curies":[{"name":"wp","href":"https:\/\/api.w.org\/{rel}","templated":true}]}}